{"id":3254,"date":"2020-06-20T13:01:27","date_gmt":"2021-04-14T08:47:51","guid":{"rendered":"http:\/\/tandoorvietnam.com\/product\/uncategorized\/ga-nau-nghe-den-voi-gia-vi-cay-va-sot-ca-ri-dac\/"},"modified":"2023-05-19T17:02:02","modified_gmt":"2023-05-19T17:02:02","slug":"ga-nau-nghe-den-voi-gia-vi-cay-va-sot-ca-ri-dac","status":"publish","type":"product","link":"https:\/\/tandoorvietnam.com\/vi\/sanpham\/cac-mon-ga\/ga-nau-nghe-den-voi-gia-vi-cay-va-sot-ca-ri-dac\/","title":{"rendered":"Bhoona Chicken (G\u00c0 N\u1ea4U NGH\u1ec6 \u0110EN V\u1edaI GIA V\u1eca CAY V\u00c0 S\u1ed0T C\u00c0 RI \u0110\u1eb6C)"},"content":{"rendered":"<p>G\u00e0 N\u1ea5u Ngh\u1ec7 \u0110en (Bhoona Chicken) l\u00e0 m\u1ed9t m\u00f3n \u0103n \u0111\u1eadm \u0111\u00e0 v\u00e0 \u0111\u1eb7c bi\u1ec7t c\u00f3 ngu\u1ed3n g\u1ed1c t\u1eeb \u1ea4n \u0110\u1ed9. T\u1ea1i Tandoor Vietnam, ch\u00fang t\u00f4i s\u1eed d\u1ee5ng gia v\u1ecb ngh\u1ec7 \u0111en t\u1ef1 nhi\u00ean v\u00e0 h\u1ed7n h\u1ee3p gia v\u1ecb cay \u0111\u1ec3 n\u1ea5u g\u00e0, t\u1ea1o ra m\u1ed9t h\u01b0\u01a1ng v\u1ecb \u0111\u1ed9c \u0111\u00e1o v\u00e0 n\u1ed3ng n\u00e0n.<\/p>\n<p>G\u00e0 \u0111\u01b0\u1ee3c ch\u1ebf bi\u1ebfn \u0111\u1ebfn khi th\u1ecbt m\u1ec1m m\u1ecdng, th\u1ea5m \u0111\u1ec1u gia v\u1ecb. S\u1ed1t c\u00e0 ri \u0111\u1eb7c v\u1edbi m\u00e0u s\u1eafc v\u00e0 h\u01b0\u01a1ng v\u1ecb \u0111\u1eadm \u0111\u00e0 l\u00e0 m\u1ed9t ph\u1ea7n kh\u00f4ng th\u1ec3 thi\u1ebfu c\u1ee7a m\u00f3n \u0103n n\u00e0y. S\u1ef1 k\u1ebft h\u1ee3p gi\u1eefa ngh\u1ec7 \u0111en, gia v\u1ecb cay v\u00e0 s\u1ed1t c\u00e0 ri mang \u0111\u1ebfn m\u1ed9t tr\u1ea3i nghi\u1ec7m \u1ea9m th\u1ef1c \u0111a s\u1eafc m\u00e0u v\u00e0 \u0111\u1ea7y s\u1ef1 ph\u1ea5n kh\u00edch.<\/p>\n<p>Bhoona Chicken l\u00e0 m\u1ed9t m\u00f3n \u0103n ph\u1ed5 bi\u1ebfn v\u00e0 \u0111\u01b0\u1ee3c \u01b0a chu\u1ed9ng trong \u1ea9m th\u1ef1c \u1ea4n \u0110\u1ed9. T\u1ea1i Tandoor Vietnam, ch\u00fang t\u00f4i cam k\u1ebft s\u1eed d\u1ee5ng nguy\u00ean li\u1ec7u t\u01b0\u01a1i ngon v\u00e0 ch\u1ea5t l\u01b0\u1ee3ng cao \u0111\u1ec3 \u0111\u1ea3m b\u1ea3o h\u01b0\u01a1ng v\u1ecb tuy\u1ec7t v\u1eddi c\u1ee7a m\u00f3n \u0103n n\u00e0y.<\/p>\n<p>B\u1ea1n c\u00f3 th\u1ec3 th\u01b0\u1edfng th\u1ee9c G\u00e0 N\u1ea5u Ngh\u1ec7 \u0110en c\u00f9ng v\u1edbi c\u01a1m tr\u1eafng, b\u00e1nh m\u00ec ho\u1eb7c b\u1ea5t k\u1ef3 m\u00f3n \u0103n ph\u1ee5 n\u00e0o m\u00e0 b\u1ea1n \u01b0a th\u00edch. M\u00f3n \u0103n n\u00e0y mang \u0111\u1ebfn s\u1ef1 h\u00e0i h\u00f2a gi\u1eefa h\u01b0\u01a1ng v\u1ecb cay, \u0111\u1eadm \u0111\u00e0 v\u00e0 m\u1ed9t ch\u00fat \u0111\u1eafng t\u1eeb ngh\u1ec7 \u0111en.<\/p>\n<p>H\u00e3y \u0111\u1ebfn <a href=\"https:\/\/tandoorvietnam.com\/\">Tandoor Vietnam<\/a> \u0111\u1ec3 tr\u1ea3i nghi\u1ec7m h\u01b0\u01a1ng v\u1ecb \u0111\u1eb7c bi\u1ec7t c\u1ee7a Bhoona Chicken. Ch\u00fang t\u00f4i cam k\u1ebft mang \u0111\u1ebfn cho b\u1ea1n nh\u1eefng m\u00f3n \u0103n ch\u1ea5t l\u01b0\u1ee3ng v\u00e0 \u0111\u1ed9c \u0111\u00e1o t\u1eeb \u1ea4n \u0110\u1ed9, \u0111em \u0111\u1ebfn cho b\u1ea1n m\u1ed9t tr\u1ea3i nghi\u1ec7m \u1ea9m th\u1ef1c tuy\u1ec7t v\u1eddi v\u00e0 \u0111\u00e1ng nh\u1edb.<\/p>\n","protected":false},"excerpt":{"rendered":"<p>&nbsp;<\/p>\n<table width=\"723\">\n<tbody>\n<tr>\n<td width=\"412\">Special prepared spicy chicken in dry onion gravy<\/td>\n<\/tr>\n<tr>\n<td width=\"412\"><em> G\u00e0 n\u1ea5u ngh\u1ec7 \u0111en v\u1edbi gia v\u1ecb cay v\u00e0 s\u1ed1t cari \u0111\u1eb7c<\/em><\/td>\n<\/tr>\n<\/tbody>\n<\/table>\n","protected":false},"featured_media":3255,"template":"","meta":[],"product_brand":[],"product_cat":[227],"product_tag":[],"class_list":{"0":"post-3254","1":"product","2":"type-product","3":"status-publish","4":"has-post-thumbnail","6":"product_cat-cac-mon-ga","8":"first","9":"instock","10":"taxable","11":"shipping-taxable","12":"purchasable","13":"product-type-simple"},"yoast_head":"<!-- This site is optimized with the Yoast SEO Premium plugin v22.3 (Yoast SEO v27.4) - https:\/\/yoast.com\/product\/yoast-seo-premium-wordpress\/ -->\n<title>G\u00c0 N\u1ea4U NGH\u1ec6 \u0110EN V\u1edaI GIA V\u1eca CAY V\u00c0 S\u1ed0T C\u00c0 RI \u0110\u1eb6C<\/title>\n<meta name=\"description\" content=\"G\u00e0 n\u1ea5u ngh\u1ec7 \u0111en v\u1edbi gia v\u1ecb cay v\u00e0 s\u1ed1t c\u00e0 ri \u0111\u1eb7c. M\u00f3n \u0103n \u0111\u1eadm ch\u1ea5t \u1ea4n \u0110\u1ed9 t\u1ea1i Tandoor Vietnam, mang \u0111\u1ebfn h\u01b0\u01a1ng v\u1ecb \u0111\u1ed9c \u0111\u00e1o v\u00e0 th\u00fa v\u1ecb.\" \/>\n<meta name=\"robots\" content=\"index, follow, max-snippet:-1, max-image-preview:large, max-video-preview:-1\" \/>\n<link rel=\"canonical\" href=\"https:\/\/tandoorvietnam.com\/vi\/sanpham\/cac-mon-ga\/ga-nau-nghe-den-voi-gia-vi-cay-va-sot-ca-ri-dac\/\" \/>\n<meta property=\"og:locale\" content=\"vi_VN\" \/>\n<meta property=\"og:type\" content=\"article\" \/>\n<meta property=\"og:title\" content=\"Bhoona Chicken (G\u00c0 N\u1ea4U NGH\u1ec6 \u0110EN V\u1edaI GIA V\u1eca CAY V\u00c0 S\u1ed0T C\u00c0 RI \u0110\u1eb6C)\" \/>\n<meta property=\"og:description\" content=\"G\u00e0 n\u1ea5u ngh\u1ec7 \u0111en v\u1edbi gia v\u1ecb cay v\u00e0 s\u1ed1t c\u00e0 ri \u0111\u1eb7c. M\u00f3n \u0103n \u0111\u1eadm ch\u1ea5t \u1ea4n \u0110\u1ed9 t\u1ea1i Tandoor Vietnam, mang \u0111\u1ebfn h\u01b0\u01a1ng v\u1ecb \u0111\u1ed9c \u0111\u00e1o v\u00e0 th\u00fa v\u1ecb.\" \/>\n<meta property=\"og:url\" content=\"https:\/\/tandoorvietnam.com\/vi\/sanpham\/cac-mon-ga\/ga-nau-nghe-den-voi-gia-vi-cay-va-sot-ca-ri-dac\/\" \/>\n<meta property=\"og:site_name\" content=\"Tandoor Vi\u1ec7t Nam\" \/>\n<meta property=\"article:publisher\" content=\"https:\/\/www.facebook.com\/tandoor.hcmc\/\" \/>\n<meta property=\"article:modified_time\" content=\"2023-05-19T17:02:02+00:00\" \/>\n<meta property=\"og:image\" content=\"https:\/\/tandoorvietnam.com\/wp-content\/uploads\/2020\/06\/Bhoona-chicken1.jpg\" \/>\n\t<meta property=\"og:image:width\" content=\"1400\" \/>\n\t<meta property=\"og:image:height\" content=\"1400\" \/>\n\t<meta property=\"og:image:type\" content=\"image\/jpeg\" \/>\n<meta name=\"twitter:card\" content=\"summary_large_image\" \/>\n<meta name=\"twitter:label1\" content=\"Est. reading time\" \/>\n\t<meta name=\"twitter:data1\" content=\"2 minutes\" \/>\n<script type=\"application\/ld+json\" class=\"yoast-schema-graph\">{\"@context\":\"https:\\\/\\\/schema.org\",\"@graph\":[{\"@type\":\"WebPage\",\"@id\":\"https:\\\/\\\/tandoorvietnam.com\\\/vi\\\/sanpham\\\/cac-mon-ga\\\/ga-nau-nghe-den-voi-gia-vi-cay-va-sot-ca-ri-dac\\\/\",\"url\":\"https:\\\/\\\/tandoorvietnam.com\\\/vi\\\/sanpham\\\/cac-mon-ga\\\/ga-nau-nghe-den-voi-gia-vi-cay-va-sot-ca-ri-dac\\\/\",\"name\":\"G\u00c0 N\u1ea4U NGH\u1ec6 \u0110EN V\u1edaI GIA V\u1eca CAY V\u00c0 S\u1ed0T C\u00c0 RI \u0110\u1eb6C\",\"isPartOf\":{\"@id\":\"https:\\\/\\\/tandoorvietnam.com\\\/vi\\\/#website\"},\"primaryImageOfPage\":{\"@id\":\"https:\\\/\\\/tandoorvietnam.com\\\/vi\\\/sanpham\\\/cac-mon-ga\\\/ga-nau-nghe-den-voi-gia-vi-cay-va-sot-ca-ri-dac\\\/#primaryimage\"},\"image\":{\"@id\":\"https:\\\/\\\/tandoorvietnam.com\\\/vi\\\/sanpham\\\/cac-mon-ga\\\/ga-nau-nghe-den-voi-gia-vi-cay-va-sot-ca-ri-dac\\\/#primaryimage\"},\"thumbnailUrl\":\"https:\\\/\\\/tandoorvietnam.com\\\/wp-content\\\/uploads\\\/2020\\\/06\\\/Bhoona-chicken1.jpg\",\"datePublished\":\"2021-04-14T08:47:51+00:00\",\"dateModified\":\"2023-05-19T17:02:02+00:00\",\"description\":\"G\u00e0 n\u1ea5u ngh\u1ec7 \u0111en v\u1edbi gia v\u1ecb cay v\u00e0 s\u1ed1t c\u00e0 ri \u0111\u1eb7c. M\u00f3n \u0103n \u0111\u1eadm ch\u1ea5t \u1ea4n \u0110\u1ed9 t\u1ea1i Tandoor Vietnam, mang \u0111\u1ebfn h\u01b0\u01a1ng v\u1ecb \u0111\u1ed9c \u0111\u00e1o v\u00e0 th\u00fa v\u1ecb.\",\"breadcrumb\":{\"@id\":\"https:\\\/\\\/tandoorvietnam.com\\\/vi\\\/sanpham\\\/cac-mon-ga\\\/ga-nau-nghe-den-voi-gia-vi-cay-va-sot-ca-ri-dac\\\/#breadcrumb\"},\"inLanguage\":\"vi-VN\",\"potentialAction\":[{\"@type\":\"ReadAction\",\"target\":[\"https:\\\/\\\/tandoorvietnam.com\\\/vi\\\/sanpham\\\/cac-mon-ga\\\/ga-nau-nghe-den-voi-gia-vi-cay-va-sot-ca-ri-dac\\\/\"]}]},{\"@type\":\"ImageObject\",\"inLanguage\":\"vi-VN\",\"@id\":\"https:\\\/\\\/tandoorvietnam.com\\\/vi\\\/sanpham\\\/cac-mon-ga\\\/ga-nau-nghe-den-voi-gia-vi-cay-va-sot-ca-ri-dac\\\/#primaryimage\",\"url\":\"https:\\\/\\\/tandoorvietnam.com\\\/wp-content\\\/uploads\\\/2020\\\/06\\\/Bhoona-chicken1.jpg\",\"contentUrl\":\"https:\\\/\\\/tandoorvietnam.com\\\/wp-content\\\/uploads\\\/2020\\\/06\\\/Bhoona-chicken1.jpg\",\"width\":1400,\"height\":1400,\"caption\":\"G\u00c0 N\u1ea4U NGH\u1ec6 \u0110EN V\u1edaI GIA V\u1eca CAY V\u00c0 S\u1ed0T C\u00c0 RI \u0110\u1eb6C\"},{\"@type\":\"BreadcrumbList\",\"@id\":\"https:\\\/\\\/tandoorvietnam.com\\\/vi\\\/sanpham\\\/cac-mon-ga\\\/ga-nau-nghe-den-voi-gia-vi-cay-va-sot-ca-ri-dac\\\/#breadcrumb\",\"itemListElement\":[{\"@type\":\"ListItem\",\"position\":1,\"name\":\"Trang Ch\u1ee7\",\"item\":\"https:\\\/\\\/tandoorvietnam.com\\\/vi\\\/\"},{\"@type\":\"ListItem\",\"position\":2,\"name\":\"Shop\",\"item\":\"https:\\\/\\\/tandoorvietnam.com\\\/shop\\\/\"},{\"@type\":\"ListItem\",\"position\":3,\"name\":\"Bhoona Chicken (G\u00c0 N\u1ea4U NGH\u1ec6 \u0110EN V\u1edaI GIA V\u1eca CAY V\u00c0 S\u1ed0T C\u00c0 RI \u0110\u1eb6C)\"}]},{\"@type\":\"WebSite\",\"@id\":\"https:\\\/\\\/tandoorvietnam.com\\\/vi\\\/#website\",\"url\":\"https:\\\/\\\/tandoorvietnam.com\\\/vi\\\/\",\"name\":\"Tandoor Vietnam\",\"description\":\"Nh\u00e0 h\u00e0ng ngon h\u1ed3 ch\u00ed minh\",\"publisher\":{\"@id\":\"https:\\\/\\\/tandoorvietnam.com\\\/vi\\\/#organization\"},\"potentialAction\":[{\"@type\":\"SearchAction\",\"target\":{\"@type\":\"EntryPoint\",\"urlTemplate\":\"https:\\\/\\\/tandoorvietnam.com\\\/vi\\\/?s={search_term_string}\"},\"query-input\":{\"@type\":\"PropertyValueSpecification\",\"valueRequired\":true,\"valueName\":\"search_term_string\"}}],\"inLanguage\":\"vi-VN\"},{\"@type\":\"Organization\",\"@id\":\"https:\\\/\\\/tandoorvietnam.com\\\/vi\\\/#organization\",\"name\":\"Tandoor Vietnam\",\"url\":\"https:\\\/\\\/tandoorvietnam.com\\\/vi\\\/\",\"logo\":{\"@type\":\"ImageObject\",\"inLanguage\":\"vi-VN\",\"@id\":\"https:\\\/\\\/tandoorvietnam.com\\\/vi\\\/#\\\/schema\\\/logo\\\/image\\\/\",\"url\":\"https:\\\/\\\/tandoorvietnam.com\\\/wp-content\\\/uploads\\\/2020\\\/07\\\/logo.png\",\"contentUrl\":\"https:\\\/\\\/tandoorvietnam.com\\\/wp-content\\\/uploads\\\/2020\\\/07\\\/logo.png\",\"width\":133,\"height\":75,\"caption\":\"Tandoor Vietnam\"},\"image\":{\"@id\":\"https:\\\/\\\/tandoorvietnam.com\\\/vi\\\/#\\\/schema\\\/logo\\\/image\\\/\"},\"sameAs\":[\"https:\\\/\\\/www.facebook.com\\\/tandoor.hcmc\\\/\"]}]}<\/script>\n<!-- \/ Yoast SEO Premium plugin. -->","yoast_head_json":{"title":"G\u00c0 N\u1ea4U NGH\u1ec6 \u0110EN V\u1edaI GIA V\u1eca CAY V\u00c0 S\u1ed0T C\u00c0 RI \u0110\u1eb6C","description":"G\u00e0 n\u1ea5u ngh\u1ec7 \u0111en v\u1edbi gia v\u1ecb cay v\u00e0 s\u1ed1t c\u00e0 ri \u0111\u1eb7c. M\u00f3n \u0103n \u0111\u1eadm ch\u1ea5t \u1ea4n \u0110\u1ed9 t\u1ea1i Tandoor Vietnam, mang \u0111\u1ebfn h\u01b0\u01a1ng v\u1ecb \u0111\u1ed9c \u0111\u00e1o v\u00e0 th\u00fa v\u1ecb.","robots":{"index":"index","follow":"follow","max-snippet":"max-snippet:-1","max-image-preview":"max-image-preview:large","max-video-preview":"max-video-preview:-1"},"canonical":"https:\/\/tandoorvietnam.com\/vi\/sanpham\/cac-mon-ga\/ga-nau-nghe-den-voi-gia-vi-cay-va-sot-ca-ri-dac\/","og_locale":"vi_VN","og_type":"article","og_title":"Bhoona Chicken (G\u00c0 N\u1ea4U NGH\u1ec6 \u0110EN V\u1edaI GIA V\u1eca CAY V\u00c0 S\u1ed0T C\u00c0 RI \u0110\u1eb6C)","og_description":"G\u00e0 n\u1ea5u ngh\u1ec7 \u0111en v\u1edbi gia v\u1ecb cay v\u00e0 s\u1ed1t c\u00e0 ri \u0111\u1eb7c. M\u00f3n \u0103n \u0111\u1eadm ch\u1ea5t \u1ea4n \u0110\u1ed9 t\u1ea1i Tandoor Vietnam, mang \u0111\u1ebfn h\u01b0\u01a1ng v\u1ecb \u0111\u1ed9c \u0111\u00e1o v\u00e0 th\u00fa v\u1ecb.","og_url":"https:\/\/tandoorvietnam.com\/vi\/sanpham\/cac-mon-ga\/ga-nau-nghe-den-voi-gia-vi-cay-va-sot-ca-ri-dac\/","og_site_name":"Tandoor Vi\u1ec7t Nam","article_publisher":"https:\/\/www.facebook.com\/tandoor.hcmc\/","article_modified_time":"2023-05-19T17:02:02+00:00","og_image":[{"width":1400,"height":1400,"url":"https:\/\/tandoorvietnam.com\/wp-content\/uploads\/2020\/06\/Bhoona-chicken1.jpg","type":"image\/jpeg"}],"twitter_card":"summary_large_image","twitter_misc":{"Est. reading time":"2 minutes"},"schema":{"@context":"https:\/\/schema.org","@graph":[{"@type":"WebPage","@id":"https:\/\/tandoorvietnam.com\/vi\/sanpham\/cac-mon-ga\/ga-nau-nghe-den-voi-gia-vi-cay-va-sot-ca-ri-dac\/","url":"https:\/\/tandoorvietnam.com\/vi\/sanpham\/cac-mon-ga\/ga-nau-nghe-den-voi-gia-vi-cay-va-sot-ca-ri-dac\/","name":"G\u00c0 N\u1ea4U NGH\u1ec6 \u0110EN V\u1edaI GIA V\u1eca CAY V\u00c0 S\u1ed0T C\u00c0 RI \u0110\u1eb6C","isPartOf":{"@id":"https:\/\/tandoorvietnam.com\/vi\/#website"},"primaryImageOfPage":{"@id":"https:\/\/tandoorvietnam.com\/vi\/sanpham\/cac-mon-ga\/ga-nau-nghe-den-voi-gia-vi-cay-va-sot-ca-ri-dac\/#primaryimage"},"image":{"@id":"https:\/\/tandoorvietnam.com\/vi\/sanpham\/cac-mon-ga\/ga-nau-nghe-den-voi-gia-vi-cay-va-sot-ca-ri-dac\/#primaryimage"},"thumbnailUrl":"https:\/\/tandoorvietnam.com\/wp-content\/uploads\/2020\/06\/Bhoona-chicken1.jpg","datePublished":"2021-04-14T08:47:51+00:00","dateModified":"2023-05-19T17:02:02+00:00","description":"G\u00e0 n\u1ea5u ngh\u1ec7 \u0111en v\u1edbi gia v\u1ecb cay v\u00e0 s\u1ed1t c\u00e0 ri \u0111\u1eb7c. M\u00f3n \u0103n \u0111\u1eadm ch\u1ea5t \u1ea4n \u0110\u1ed9 t\u1ea1i Tandoor Vietnam, mang \u0111\u1ebfn h\u01b0\u01a1ng v\u1ecb \u0111\u1ed9c \u0111\u00e1o v\u00e0 th\u00fa v\u1ecb.","breadcrumb":{"@id":"https:\/\/tandoorvietnam.com\/vi\/sanpham\/cac-mon-ga\/ga-nau-nghe-den-voi-gia-vi-cay-va-sot-ca-ri-dac\/#breadcrumb"},"inLanguage":"vi-VN","potentialAction":[{"@type":"ReadAction","target":["https:\/\/tandoorvietnam.com\/vi\/sanpham\/cac-mon-ga\/ga-nau-nghe-den-voi-gia-vi-cay-va-sot-ca-ri-dac\/"]}]},{"@type":"ImageObject","inLanguage":"vi-VN","@id":"https:\/\/tandoorvietnam.com\/vi\/sanpham\/cac-mon-ga\/ga-nau-nghe-den-voi-gia-vi-cay-va-sot-ca-ri-dac\/#primaryimage","url":"https:\/\/tandoorvietnam.com\/wp-content\/uploads\/2020\/06\/Bhoona-chicken1.jpg","contentUrl":"https:\/\/tandoorvietnam.com\/wp-content\/uploads\/2020\/06\/Bhoona-chicken1.jpg","width":1400,"height":1400,"caption":"G\u00c0 N\u1ea4U NGH\u1ec6 \u0110EN V\u1edaI GIA V\u1eca CAY V\u00c0 S\u1ed0T C\u00c0 RI \u0110\u1eb6C"},{"@type":"BreadcrumbList","@id":"https:\/\/tandoorvietnam.com\/vi\/sanpham\/cac-mon-ga\/ga-nau-nghe-den-voi-gia-vi-cay-va-sot-ca-ri-dac\/#breadcrumb","itemListElement":[{"@type":"ListItem","position":1,"name":"Trang Ch\u1ee7","item":"https:\/\/tandoorvietnam.com\/vi\/"},{"@type":"ListItem","position":2,"name":"Shop","item":"https:\/\/tandoorvietnam.com\/shop\/"},{"@type":"ListItem","position":3,"name":"Bhoona Chicken (G\u00c0 N\u1ea4U NGH\u1ec6 \u0110EN V\u1edaI GIA V\u1eca CAY V\u00c0 S\u1ed0T C\u00c0 RI \u0110\u1eb6C)"}]},{"@type":"WebSite","@id":"https:\/\/tandoorvietnam.com\/vi\/#website","url":"https:\/\/tandoorvietnam.com\/vi\/","name":"Tandoor Vietnam","description":"Nh\u00e0 h\u00e0ng ngon h\u1ed3 ch\u00ed minh","publisher":{"@id":"https:\/\/tandoorvietnam.com\/vi\/#organization"},"potentialAction":[{"@type":"SearchAction","target":{"@type":"EntryPoint","urlTemplate":"https:\/\/tandoorvietnam.com\/vi\/?s={search_term_string}"},"query-input":{"@type":"PropertyValueSpecification","valueRequired":true,"valueName":"search_term_string"}}],"inLanguage":"vi-VN"},{"@type":"Organization","@id":"https:\/\/tandoorvietnam.com\/vi\/#organization","name":"Tandoor Vietnam","url":"https:\/\/tandoorvietnam.com\/vi\/","logo":{"@type":"ImageObject","inLanguage":"vi-VN","@id":"https:\/\/tandoorvietnam.com\/vi\/#\/schema\/logo\/image\/","url":"https:\/\/tandoorvietnam.com\/wp-content\/uploads\/2020\/07\/logo.png","contentUrl":"https:\/\/tandoorvietnam.com\/wp-content\/uploads\/2020\/07\/logo.png","width":133,"height":75,"caption":"Tandoor Vietnam"},"image":{"@id":"https:\/\/tandoorvietnam.com\/vi\/#\/schema\/logo\/image\/"},"sameAs":["https:\/\/www.facebook.com\/tandoor.hcmc\/"]}]}},"_links":{"self":[{"href":"https:\/\/tandoorvietnam.com\/vi\/wp-json\/wp\/v2\/product\/3254","targetHints":{"allow":["GET"]}}],"collection":[{"href":"https:\/\/tandoorvietnam.com\/vi\/wp-json\/wp\/v2\/product"}],"about":[{"href":"https:\/\/tandoorvietnam.com\/vi\/wp-json\/wp\/v2\/types\/product"}],"wp:featuredmedia":[{"embeddable":true,"href":"https:\/\/tandoorvietnam.com\/vi\/wp-json\/wp\/v2\/media\/3255"}],"wp:attachment":[{"href":"https:\/\/tandoorvietnam.com\/vi\/wp-json\/wp\/v2\/media?parent=3254"}],"wp:term":[{"taxonomy":"product_brand","embeddable":true,"href":"https:\/\/tandoorvietnam.com\/vi\/wp-json\/wp\/v2\/product_brand?post=3254"},{"taxonomy":"product_cat","embeddable":true,"href":"https:\/\/tandoorvietnam.com\/vi\/wp-json\/wp\/v2\/product_cat?post=3254"},{"taxonomy":"product_tag","embeddable":true,"href":"https:\/\/tandoorvietnam.com\/vi\/wp-json\/wp\/v2\/product_tag?post=3254"}],"curies":[{"name":"wp","href":"https:\/\/api.w.org\/{rel}","templated":true}]}}