{"id":3256,"date":"2020-06-20T12:42:06","date_gmt":"2021-04-14T08:49:21","guid":{"rendered":"http:\/\/tandoorvietnam.com\/product\/uncategorized\/filet-ga-nuong-sot-gia-vi-cay-bo-va-vang-sua\/"},"modified":"2023-05-20T08:40:24","modified_gmt":"2023-05-20T08:40:24","slug":"filet-ga-nuong-sot-gia-vi-cay-bo-va-vang-sua","status":"publish","type":"product","link":"https:\/\/tandoorvietnam.com\/vi\/sanpham\/cac-mon-ga\/filet-ga-nuong-sot-gia-vi-cay-bo-va-vang-sua\/","title":{"rendered":"Chicken Butter Masala (FILET G\u00c0 N\u01af\u1edaNG S\u1ed0T GIA V\u1eca CAY, B\u01a0 V\u00c0 V\u00c1NG S\u1eeeA)"},"content":{"rendered":"<p>Filet g\u00e0 n\u01b0\u1edbng s\u1ed1t gia v\u1ecb cay, b\u01a1 v\u00e0 v\u00e1ng s\u1eefa (Chicken Butter Masala) l\u00e0 m\u1ed9t m\u00f3n \u0103n h\u1ea5p d\u1eabn v\u00e0 \u0111\u1eadm \u0111\u00e0 t\u1ea1i Tandoor Vietnam. Ch\u00fang t\u00f4i ch\u1ecdn l\u1ef1a nh\u1eefng mi\u1ebfng filet g\u00e0 t\u01b0\u01a1i ngon v\u00e0 \u01b0\u1edbp gia v\u1ecb cay n\u1ed3ng \u0111\u1ec3 t\u1ea1o n\u00ean m\u1ed9t h\u01b0\u01a1ng v\u1ecb \u0111\u1eb7c bi\u1ec7t. Sau \u0111\u00f3, ch\u00fang t\u00f4i n\u01b0\u1edbng g\u00e0 tr\u00ean l\u1eeda than n\u00f3ng b\u1ee9c, t\u1ea1o ra m\u1ed9t v\u1ecb gi\u00f2n tan b\u00ean ngo\u00e0i v\u00e0 m\u1ec1m m\u1ea1i b\u00ean trong.<\/p>\n<p>Sau khi g\u00e0 \u0111\u01b0\u1ee3c n\u01b0\u1edbng ho\u00e0n th\u00e0nh, ch\u00fang t\u00f4i ch\u1ebf bi\u1ebfn s\u1ed1t gia v\u1ecb \u0111\u1eb7c bi\u1ec7t. Ch\u00fang t\u00f4i k\u1ebft h\u1ee3p c\u00e1c lo\u1ea1i gia v\u1ecb t\u1ef1 nhi\u00ean v\u00e0 b\u01a1 th\u01a1m ngon \u0111\u1ec3 t\u1ea1o n\u00ean m\u1ed9t h\u1ed7n h\u1ee3p \u0111\u1ed9c \u0111\u00e1o. S\u1ef1 k\u1ebft h\u1ee3p gi\u1eefa gia v\u1ecb cay n\u1ed3ng, b\u01a1 b\u00e9o v\u00e0 v\u00e1ng s\u1eefa m\u1ec1m m\u1ecbn t\u1ea1o n\u00ean m\u1ed9t l\u1edbp ph\u1ee7 th\u01a1m ngon v\u00e0 h\u01b0\u01a1ng v\u1ecb \u0111\u1eadm \u0111\u00e0 cho filet g\u00e0 n\u01b0\u1edbng.<\/p>\n<p>Chicken Butter Masala l\u00e0 m\u1ed9t m\u00f3n \u0103n ph\u1ed5 bi\u1ebfn trong \u1ea9m th\u1ef1c \u1ea4n \u0110\u1ed9. V\u1edbi h\u01b0\u01a1ng v\u1ecb \u0111\u1eadm \u0111\u00e0, gia v\u1ecb cay n\u1ed3ng v\u00e0 s\u1ef1 k\u1ebft h\u1ee3p tuy\u1ec7t v\u1eddi c\u1ee7a b\u01a1 v\u00e0 v\u00e1ng s\u1eefa, m\u00f3n \u0103n n\u00e0y mang \u0111\u1ebfn m\u1ed9t tr\u1ea3i nghi\u1ec7m \u1ea9m th\u1ef1c \u0111\u1eb7c bi\u1ec7t v\u00e0 th\u00fa v\u1ecb.<\/p>\n<p>B\u1ea1n c\u00f3 th\u1ec3 th\u01b0\u1edfng th\u1ee9c Filet g\u00e0 n\u01b0\u1edbng s\u1ed1t gia v\u1ecb cay, b\u01a1 v\u00e0 v\u00e1ng s\u1eefa t\u1ea1i <a href=\"https:\/\/tandoorvietnam.com\/\">Tandoor Vietnam<\/a> trong m\u1ed9t kh\u00f4ng gian \u1ea5m c\u00fang v\u00e0 sang tr\u1ecdng. M\u00f3n \u0103n n\u00e0y th\u00edch h\u1ee3p \u0111\u1ec3 th\u01b0\u1edfng th\u1ee9c trong b\u1eefa tr\u01b0a ho\u1eb7c t\u1ed1i c\u00f9ng gia \u0111\u00ecnh v\u00e0 b\u1ea1n b\u00e8. H\u00e3y \u0111\u1ec3 h\u01b0\u01a1ng v\u1ecb \u0111\u1eb7c bi\u1ec7t c\u1ee7a filet g\u00e0 n\u01b0\u1edbng n\u00e0y th\u1ecfa m\u00e3n v\u1ecb gi\u00e1c c\u1ee7a b\u1ea1n v\u00e0 mang \u0111\u1ebfn m\u1ed9t tr\u1ea3i nghi\u1ec7m \u1ea9m th\u1ef1c \u0111\u00e1ng nh\u1edb.<\/p>\n","protected":false},"excerpt":{"rendered":"<p>&nbsp;<\/p>\n<table width=\"723\">\n<tbody>\n<tr>\n<td width=\"412\">Grilled chicken pieces finished in butter and tomato gravy<\/td>\n<\/tr>\n<tr>\n<td width=\"412\">File g\u00e0 n\u01b0\u1edbng s\u1ed1t gia v\u1ecb cay, b\u01a1 v\u00e0 v\u00e1ng s\u1eefa<\/td>\n<\/tr>\n<\/tbody>\n<\/table>\n","protected":false},"featured_media":3257,"template":"","meta":[],"product_brand":[],"product_cat":[227],"product_tag":[],"class_list":{"0":"post-3256","1":"product","2":"type-product","3":"status-publish","4":"has-post-thumbnail","6":"product_cat-cac-mon-ga","8":"first","9":"instock","10":"taxable","11":"shipping-taxable","12":"purchasable","13":"product-type-simple"},"yoast_head":"<!-- This site is optimized with the Yoast SEO Premium plugin v22.3 (Yoast SEO v27.4) - https:\/\/yoast.com\/product\/yoast-seo-premium-wordpress\/ -->\n<title>FILET G\u00c0 N\u01af\u1edaNG S\u1ed0T GIA V\u1eca CAY, B\u01a0 V\u00c0 V\u00c1NG S\u1eeeA<\/title>\n<meta name=\"description\" content=\"Filet g\u00e0 n\u01b0\u1edbng s\u1ed1t gia v\u1ecb cay, b\u01a1 v\u00e0 v\u00e1ng s\u1eefa t\u1ea1i Tandoor Vietnam. H\u01b0\u01a1ng v\u1ecb \u0111\u1eadm \u0111\u00e0, gia v\u1ecb cay n\u1ed3ng, v\u00e0 k\u1ebft h\u1ee3p tuy\u1ec7t v\u1eddi v\u1edbi b\u01a1 v\u00e0 v\u00e1ng s\u1eefa.\" \/>\n<meta name=\"robots\" content=\"index, follow, max-snippet:-1, max-image-preview:large, max-video-preview:-1\" \/>\n<link rel=\"canonical\" href=\"https:\/\/tandoorvietnam.com\/vi\/sanpham\/cac-mon-ga\/filet-ga-nuong-sot-gia-vi-cay-bo-va-vang-sua\/\" \/>\n<meta property=\"og:locale\" content=\"vi_VN\" \/>\n<meta property=\"og:type\" content=\"article\" \/>\n<meta property=\"og:title\" content=\"Chicken Butter Masala (FILET G\u00c0 N\u01af\u1edaNG S\u1ed0T GIA V\u1eca CAY, B\u01a0 V\u00c0 V\u00c1NG S\u1eeeA)\" \/>\n<meta property=\"og:description\" content=\"Filet g\u00e0 n\u01b0\u1edbng s\u1ed1t gia v\u1ecb cay, b\u01a1 v\u00e0 v\u00e1ng s\u1eefa t\u1ea1i Tandoor Vietnam. H\u01b0\u01a1ng v\u1ecb \u0111\u1eadm \u0111\u00e0, gia v\u1ecb cay n\u1ed3ng, v\u00e0 k\u1ebft h\u1ee3p tuy\u1ec7t v\u1eddi v\u1edbi b\u01a1 v\u00e0 v\u00e1ng s\u1eefa.\" \/>\n<meta property=\"og:url\" content=\"https:\/\/tandoorvietnam.com\/vi\/sanpham\/cac-mon-ga\/filet-ga-nuong-sot-gia-vi-cay-bo-va-vang-sua\/\" \/>\n<meta property=\"og:site_name\" content=\"Tandoor Vi\u1ec7t Nam\" \/>\n<meta property=\"article:publisher\" content=\"https:\/\/www.facebook.com\/tandoor.hcmc\/\" \/>\n<meta property=\"article:modified_time\" content=\"2023-05-20T08:40:24+00:00\" \/>\n<meta property=\"og:image\" content=\"https:\/\/tandoorvietnam.com\/wp-content\/uploads\/2020\/06\/Chicken-butter-masala.jpg\" \/>\n\t<meta property=\"og:image:width\" content=\"1400\" \/>\n\t<meta property=\"og:image:height\" content=\"1400\" \/>\n\t<meta property=\"og:image:type\" content=\"image\/jpeg\" \/>\n<meta name=\"twitter:card\" content=\"summary_large_image\" \/>\n<meta name=\"twitter:label1\" content=\"Est. reading time\" \/>\n\t<meta name=\"twitter:data1\" content=\"2 minutes\" \/>\n<script type=\"application\/ld+json\" class=\"yoast-schema-graph\">{\"@context\":\"https:\\\/\\\/schema.org\",\"@graph\":[{\"@type\":\"WebPage\",\"@id\":\"https:\\\/\\\/tandoorvietnam.com\\\/vi\\\/sanpham\\\/cac-mon-ga\\\/filet-ga-nuong-sot-gia-vi-cay-bo-va-vang-sua\\\/\",\"url\":\"https:\\\/\\\/tandoorvietnam.com\\\/vi\\\/sanpham\\\/cac-mon-ga\\\/filet-ga-nuong-sot-gia-vi-cay-bo-va-vang-sua\\\/\",\"name\":\"FILET G\u00c0 N\u01af\u1edaNG S\u1ed0T GIA V\u1eca CAY, B\u01a0 V\u00c0 V\u00c1NG S\u1eeeA\",\"isPartOf\":{\"@id\":\"https:\\\/\\\/tandoorvietnam.com\\\/vi\\\/#website\"},\"primaryImageOfPage\":{\"@id\":\"https:\\\/\\\/tandoorvietnam.com\\\/vi\\\/sanpham\\\/cac-mon-ga\\\/filet-ga-nuong-sot-gia-vi-cay-bo-va-vang-sua\\\/#primaryimage\"},\"image\":{\"@id\":\"https:\\\/\\\/tandoorvietnam.com\\\/vi\\\/sanpham\\\/cac-mon-ga\\\/filet-ga-nuong-sot-gia-vi-cay-bo-va-vang-sua\\\/#primaryimage\"},\"thumbnailUrl\":\"https:\\\/\\\/tandoorvietnam.com\\\/wp-content\\\/uploads\\\/2020\\\/06\\\/Chicken-butter-masala.jpg\",\"datePublished\":\"2021-04-14T08:49:21+00:00\",\"dateModified\":\"2023-05-20T08:40:24+00:00\",\"description\":\"Filet g\u00e0 n\u01b0\u1edbng s\u1ed1t gia v\u1ecb cay, b\u01a1 v\u00e0 v\u00e1ng s\u1eefa t\u1ea1i Tandoor Vietnam. H\u01b0\u01a1ng v\u1ecb \u0111\u1eadm \u0111\u00e0, gia v\u1ecb cay n\u1ed3ng, v\u00e0 k\u1ebft h\u1ee3p tuy\u1ec7t v\u1eddi v\u1edbi b\u01a1 v\u00e0 v\u00e1ng s\u1eefa.\",\"breadcrumb\":{\"@id\":\"https:\\\/\\\/tandoorvietnam.com\\\/vi\\\/sanpham\\\/cac-mon-ga\\\/filet-ga-nuong-sot-gia-vi-cay-bo-va-vang-sua\\\/#breadcrumb\"},\"inLanguage\":\"vi-VN\",\"potentialAction\":[{\"@type\":\"ReadAction\",\"target\":[\"https:\\\/\\\/tandoorvietnam.com\\\/vi\\\/sanpham\\\/cac-mon-ga\\\/filet-ga-nuong-sot-gia-vi-cay-bo-va-vang-sua\\\/\"]}]},{\"@type\":\"ImageObject\",\"inLanguage\":\"vi-VN\",\"@id\":\"https:\\\/\\\/tandoorvietnam.com\\\/vi\\\/sanpham\\\/cac-mon-ga\\\/filet-ga-nuong-sot-gia-vi-cay-bo-va-vang-sua\\\/#primaryimage\",\"url\":\"https:\\\/\\\/tandoorvietnam.com\\\/wp-content\\\/uploads\\\/2020\\\/06\\\/Chicken-butter-masala.jpg\",\"contentUrl\":\"https:\\\/\\\/tandoorvietnam.com\\\/wp-content\\\/uploads\\\/2020\\\/06\\\/Chicken-butter-masala.jpg\",\"width\":1400,\"height\":1400,\"caption\":\"FILET G\u00c0 N\u01af\u1edaNG S\u1ed0T GIA V\u1eca CAY, B\u01a0 V\u00c0 V\u00c1NG S\u1eeeA\"},{\"@type\":\"BreadcrumbList\",\"@id\":\"https:\\\/\\\/tandoorvietnam.com\\\/vi\\\/sanpham\\\/cac-mon-ga\\\/filet-ga-nuong-sot-gia-vi-cay-bo-va-vang-sua\\\/#breadcrumb\",\"itemListElement\":[{\"@type\":\"ListItem\",\"position\":1,\"name\":\"Trang Ch\u1ee7\",\"item\":\"https:\\\/\\\/tandoorvietnam.com\\\/vi\\\/\"},{\"@type\":\"ListItem\",\"position\":2,\"name\":\"Shop\",\"item\":\"https:\\\/\\\/tandoorvietnam.com\\\/shop\\\/\"},{\"@type\":\"ListItem\",\"position\":3,\"name\":\"Chicken Butter Masala (FILET G\u00c0 N\u01af\u1edaNG S\u1ed0T GIA V\u1eca CAY, B\u01a0 V\u00c0 V\u00c1NG S\u1eeeA)\"}]},{\"@type\":\"WebSite\",\"@id\":\"https:\\\/\\\/tandoorvietnam.com\\\/vi\\\/#website\",\"url\":\"https:\\\/\\\/tandoorvietnam.com\\\/vi\\\/\",\"name\":\"Tandoor Vietnam\",\"description\":\"Nh\u00e0 h\u00e0ng ngon h\u1ed3 ch\u00ed minh\",\"publisher\":{\"@id\":\"https:\\\/\\\/tandoorvietnam.com\\\/vi\\\/#organization\"},\"potentialAction\":[{\"@type\":\"SearchAction\",\"target\":{\"@type\":\"EntryPoint\",\"urlTemplate\":\"https:\\\/\\\/tandoorvietnam.com\\\/vi\\\/?s={search_term_string}\"},\"query-input\":{\"@type\":\"PropertyValueSpecification\",\"valueRequired\":true,\"valueName\":\"search_term_string\"}}],\"inLanguage\":\"vi-VN\"},{\"@type\":\"Organization\",\"@id\":\"https:\\\/\\\/tandoorvietnam.com\\\/vi\\\/#organization\",\"name\":\"Tandoor Vietnam\",\"url\":\"https:\\\/\\\/tandoorvietnam.com\\\/vi\\\/\",\"logo\":{\"@type\":\"ImageObject\",\"inLanguage\":\"vi-VN\",\"@id\":\"https:\\\/\\\/tandoorvietnam.com\\\/vi\\\/#\\\/schema\\\/logo\\\/image\\\/\",\"url\":\"https:\\\/\\\/tandoorvietnam.com\\\/wp-content\\\/uploads\\\/2020\\\/07\\\/logo.png\",\"contentUrl\":\"https:\\\/\\\/tandoorvietnam.com\\\/wp-content\\\/uploads\\\/2020\\\/07\\\/logo.png\",\"width\":133,\"height\":75,\"caption\":\"Tandoor Vietnam\"},\"image\":{\"@id\":\"https:\\\/\\\/tandoorvietnam.com\\\/vi\\\/#\\\/schema\\\/logo\\\/image\\\/\"},\"sameAs\":[\"https:\\\/\\\/www.facebook.com\\\/tandoor.hcmc\\\/\"]}]}<\/script>\n<!-- \/ Yoast SEO Premium plugin. -->","yoast_head_json":{"title":"FILET G\u00c0 N\u01af\u1edaNG S\u1ed0T GIA V\u1eca CAY, B\u01a0 V\u00c0 V\u00c1NG S\u1eeeA","description":"Filet g\u00e0 n\u01b0\u1edbng s\u1ed1t gia v\u1ecb cay, b\u01a1 v\u00e0 v\u00e1ng s\u1eefa t\u1ea1i Tandoor Vietnam. H\u01b0\u01a1ng v\u1ecb \u0111\u1eadm \u0111\u00e0, gia v\u1ecb cay n\u1ed3ng, v\u00e0 k\u1ebft h\u1ee3p tuy\u1ec7t v\u1eddi v\u1edbi b\u01a1 v\u00e0 v\u00e1ng s\u1eefa.","robots":{"index":"index","follow":"follow","max-snippet":"max-snippet:-1","max-image-preview":"max-image-preview:large","max-video-preview":"max-video-preview:-1"},"canonical":"https:\/\/tandoorvietnam.com\/vi\/sanpham\/cac-mon-ga\/filet-ga-nuong-sot-gia-vi-cay-bo-va-vang-sua\/","og_locale":"vi_VN","og_type":"article","og_title":"Chicken Butter Masala (FILET G\u00c0 N\u01af\u1edaNG S\u1ed0T GIA V\u1eca CAY, B\u01a0 V\u00c0 V\u00c1NG S\u1eeeA)","og_description":"Filet g\u00e0 n\u01b0\u1edbng s\u1ed1t gia v\u1ecb cay, b\u01a1 v\u00e0 v\u00e1ng s\u1eefa t\u1ea1i Tandoor Vietnam. H\u01b0\u01a1ng v\u1ecb \u0111\u1eadm \u0111\u00e0, gia v\u1ecb cay n\u1ed3ng, v\u00e0 k\u1ebft h\u1ee3p tuy\u1ec7t v\u1eddi v\u1edbi b\u01a1 v\u00e0 v\u00e1ng s\u1eefa.","og_url":"https:\/\/tandoorvietnam.com\/vi\/sanpham\/cac-mon-ga\/filet-ga-nuong-sot-gia-vi-cay-bo-va-vang-sua\/","og_site_name":"Tandoor Vi\u1ec7t Nam","article_publisher":"https:\/\/www.facebook.com\/tandoor.hcmc\/","article_modified_time":"2023-05-20T08:40:24+00:00","og_image":[{"width":1400,"height":1400,"url":"https:\/\/tandoorvietnam.com\/wp-content\/uploads\/2020\/06\/Chicken-butter-masala.jpg","type":"image\/jpeg"}],"twitter_card":"summary_large_image","twitter_misc":{"Est. reading time":"2 minutes"},"schema":{"@context":"https:\/\/schema.org","@graph":[{"@type":"WebPage","@id":"https:\/\/tandoorvietnam.com\/vi\/sanpham\/cac-mon-ga\/filet-ga-nuong-sot-gia-vi-cay-bo-va-vang-sua\/","url":"https:\/\/tandoorvietnam.com\/vi\/sanpham\/cac-mon-ga\/filet-ga-nuong-sot-gia-vi-cay-bo-va-vang-sua\/","name":"FILET G\u00c0 N\u01af\u1edaNG S\u1ed0T GIA V\u1eca CAY, B\u01a0 V\u00c0 V\u00c1NG S\u1eeeA","isPartOf":{"@id":"https:\/\/tandoorvietnam.com\/vi\/#website"},"primaryImageOfPage":{"@id":"https:\/\/tandoorvietnam.com\/vi\/sanpham\/cac-mon-ga\/filet-ga-nuong-sot-gia-vi-cay-bo-va-vang-sua\/#primaryimage"},"image":{"@id":"https:\/\/tandoorvietnam.com\/vi\/sanpham\/cac-mon-ga\/filet-ga-nuong-sot-gia-vi-cay-bo-va-vang-sua\/#primaryimage"},"thumbnailUrl":"https:\/\/tandoorvietnam.com\/wp-content\/uploads\/2020\/06\/Chicken-butter-masala.jpg","datePublished":"2021-04-14T08:49:21+00:00","dateModified":"2023-05-20T08:40:24+00:00","description":"Filet g\u00e0 n\u01b0\u1edbng s\u1ed1t gia v\u1ecb cay, b\u01a1 v\u00e0 v\u00e1ng s\u1eefa t\u1ea1i Tandoor Vietnam. H\u01b0\u01a1ng v\u1ecb \u0111\u1eadm \u0111\u00e0, gia v\u1ecb cay n\u1ed3ng, v\u00e0 k\u1ebft h\u1ee3p tuy\u1ec7t v\u1eddi v\u1edbi b\u01a1 v\u00e0 v\u00e1ng s\u1eefa.","breadcrumb":{"@id":"https:\/\/tandoorvietnam.com\/vi\/sanpham\/cac-mon-ga\/filet-ga-nuong-sot-gia-vi-cay-bo-va-vang-sua\/#breadcrumb"},"inLanguage":"vi-VN","potentialAction":[{"@type":"ReadAction","target":["https:\/\/tandoorvietnam.com\/vi\/sanpham\/cac-mon-ga\/filet-ga-nuong-sot-gia-vi-cay-bo-va-vang-sua\/"]}]},{"@type":"ImageObject","inLanguage":"vi-VN","@id":"https:\/\/tandoorvietnam.com\/vi\/sanpham\/cac-mon-ga\/filet-ga-nuong-sot-gia-vi-cay-bo-va-vang-sua\/#primaryimage","url":"https:\/\/tandoorvietnam.com\/wp-content\/uploads\/2020\/06\/Chicken-butter-masala.jpg","contentUrl":"https:\/\/tandoorvietnam.com\/wp-content\/uploads\/2020\/06\/Chicken-butter-masala.jpg","width":1400,"height":1400,"caption":"FILET G\u00c0 N\u01af\u1edaNG S\u1ed0T GIA V\u1eca CAY, B\u01a0 V\u00c0 V\u00c1NG S\u1eeeA"},{"@type":"BreadcrumbList","@id":"https:\/\/tandoorvietnam.com\/vi\/sanpham\/cac-mon-ga\/filet-ga-nuong-sot-gia-vi-cay-bo-va-vang-sua\/#breadcrumb","itemListElement":[{"@type":"ListItem","position":1,"name":"Trang Ch\u1ee7","item":"https:\/\/tandoorvietnam.com\/vi\/"},{"@type":"ListItem","position":2,"name":"Shop","item":"https:\/\/tandoorvietnam.com\/shop\/"},{"@type":"ListItem","position":3,"name":"Chicken Butter Masala (FILET G\u00c0 N\u01af\u1edaNG S\u1ed0T GIA V\u1eca CAY, B\u01a0 V\u00c0 V\u00c1NG S\u1eeeA)"}]},{"@type":"WebSite","@id":"https:\/\/tandoorvietnam.com\/vi\/#website","url":"https:\/\/tandoorvietnam.com\/vi\/","name":"Tandoor Vietnam","description":"Nh\u00e0 h\u00e0ng ngon h\u1ed3 ch\u00ed minh","publisher":{"@id":"https:\/\/tandoorvietnam.com\/vi\/#organization"},"potentialAction":[{"@type":"SearchAction","target":{"@type":"EntryPoint","urlTemplate":"https:\/\/tandoorvietnam.com\/vi\/?s={search_term_string}"},"query-input":{"@type":"PropertyValueSpecification","valueRequired":true,"valueName":"search_term_string"}}],"inLanguage":"vi-VN"},{"@type":"Organization","@id":"https:\/\/tandoorvietnam.com\/vi\/#organization","name":"Tandoor Vietnam","url":"https:\/\/tandoorvietnam.com\/vi\/","logo":{"@type":"ImageObject","inLanguage":"vi-VN","@id":"https:\/\/tandoorvietnam.com\/vi\/#\/schema\/logo\/image\/","url":"https:\/\/tandoorvietnam.com\/wp-content\/uploads\/2020\/07\/logo.png","contentUrl":"https:\/\/tandoorvietnam.com\/wp-content\/uploads\/2020\/07\/logo.png","width":133,"height":75,"caption":"Tandoor Vietnam"},"image":{"@id":"https:\/\/tandoorvietnam.com\/vi\/#\/schema\/logo\/image\/"},"sameAs":["https:\/\/www.facebook.com\/tandoor.hcmc\/"]}]}},"_links":{"self":[{"href":"https:\/\/tandoorvietnam.com\/vi\/wp-json\/wp\/v2\/product\/3256","targetHints":{"allow":["GET"]}}],"collection":[{"href":"https:\/\/tandoorvietnam.com\/vi\/wp-json\/wp\/v2\/product"}],"about":[{"href":"https:\/\/tandoorvietnam.com\/vi\/wp-json\/wp\/v2\/types\/product"}],"wp:featuredmedia":[{"embeddable":true,"href":"https:\/\/tandoorvietnam.com\/vi\/wp-json\/wp\/v2\/media\/3257"}],"wp:attachment":[{"href":"https:\/\/tandoorvietnam.com\/vi\/wp-json\/wp\/v2\/media?parent=3256"}],"wp:term":[{"taxonomy":"product_brand","embeddable":true,"href":"https:\/\/tandoorvietnam.com\/vi\/wp-json\/wp\/v2\/product_brand?post=3256"},{"taxonomy":"product_cat","embeddable":true,"href":"https:\/\/tandoorvietnam.com\/vi\/wp-json\/wp\/v2\/product_cat?post=3256"},{"taxonomy":"product_tag","embeddable":true,"href":"https:\/\/tandoorvietnam.com\/vi\/wp-json\/wp\/v2\/product_tag?post=3256"}],"curies":[{"name":"wp","href":"https:\/\/api.w.org\/{rel}","templated":true}]}}