{"id":3258,"date":"2020-06-20T12:46:01","date_gmt":"2021-04-14T08:50:20","guid":{"rendered":"http:\/\/tandoorvietnam.com\/product\/uncategorized\/ga-rut-xuong-nau-sot-ca-ri-voi-nghe-va-que-cay\/"},"modified":"2023-05-15T10:18:12","modified_gmt":"2023-05-15T10:18:12","slug":"ga-rut-xuong-nau-sot-ca-ri-voi-nghe-va-que-cay","status":"publish","type":"product","link":"https:\/\/tandoorvietnam.com\/vi\/sanpham\/cac-mon-ga\/ga-rut-xuong-nau-sot-ca-ri-voi-nghe-va-que-cay\/","title":{"rendered":"Chicken Chettined (G\u00c0 R\u00daT X\u01af\u01a0NG N\u1ea4U S\u1ed0T C\u00c0 RI V\u1edaI NGH\u1ec6 V\u00c0 QU\u1ebe CAY)"},"content":{"rendered":"<p>G\u00e0 r\u00fat x\u01b0\u01a1ng n\u1ea5u s\u1ed1t c\u00e0 ri v\u1edbi ngh\u1ec7 v\u00e0 qu\u1ebf l\u00e0 m\u1ed9t m\u00f3n \u0103n \u0111\u1eadm \u0111\u00e0 v\u00e0 h\u1ea5p d\u1eabn trong th\u1ef1c \u0111\u01a1n c\u1ee7a Tandoor Vietnam. Ch\u00fang t\u00f4i ch\u1ecdn nh\u1eefng mi\u1ebfng g\u00e0 kh\u00f4ng x\u01b0\u01a1ng t\u01b0\u01a1i ngon, sau \u0111\u00f3 \u01b0\u1edbp v\u1edbi ngh\u1ec7 v\u00e0 gia v\u1ecb cari \u0111\u1ec3 t\u1ea1o n\u00ean h\u01b0\u01a1ng v\u1ecb \u0111\u1eb7c tr\u01b0ng.<\/p>\n<p>M\u00f3n \u0103n \u0111\u01b0\u1ee3c n\u1ea5u trong s\u1ed1t cari \u0111\u1eadm \u0111\u00e0, ch\u1ee9a \u0111\u1ef1ng h\u01b0\u01a1ng v\u1ecb cay n\u1ed3ng v\u00e0 nh\u1eb9 nh\u00e0ng c\u1ee7a qu\u1ebf. S\u1ef1 k\u1ebft h\u1ee3p n\u00e0y t\u1ea1o ra m\u1ed9t h\u01b0\u01a1ng v\u1ecb \u0111\u1ed9c \u0111\u00e1o, v\u1eeba cay v\u1eeba th\u01a1m ngon. G\u00e0 m\u1ec1m m\u1ecbn v\u00e0 th\u1ea5m \u0111\u1ec1u v\u1ecb c\u1ee7a s\u1ed1t, t\u1ea1o n\u00ean m\u1ed9t m\u00f3n \u0103n tuy\u1ec7t v\u1eddi cho nh\u1eefng ai y\u00eau th\u00edch m\u00f3n \u0103n cay.<\/p>\n<p>Ch\u00fang t\u00f4i ch\u00fa tr\u1ecdng \u0111\u1ebfn ch\u1ea5t l\u01b0\u1ee3ng nguy\u00ean li\u1ec7u v\u00e0 c\u00e1ch ch\u1ebf bi\u1ebfn \u0111\u1ec3 \u0111\u1ea3m b\u1ea3o m\u00f3n g\u00e0 kh\u00f4ng x\u01b0\u01a1ng n\u1ea5u s\u1ed1t cari c\u1ee7a ch\u00fang t\u00f4i lu\u00f4n t\u01b0\u01a1i ngon v\u00e0 \u0111\u00e1p \u1ee9ng y\u00eau c\u1ea7u cao nh\u1ea5t v\u1ec1 h\u01b0\u01a1ng v\u1ecb. C\u00e1c lo\u1ea1i gia v\u1ecb \u0111\u01b0\u1ee3c s\u1eed d\u1ee5ng \u0111\u01b0\u1ee3c l\u1ef1a ch\u1ecdn k\u1ef9 l\u01b0\u1ee1ng v\u00e0 tinh t\u1ebf, mang \u0111\u1ebfn m\u1ed9t h\u01b0\u01a1ng v\u1ecb \u0111\u1ed9c \u0111\u00e1o v\u00e0 h\u1ea5p d\u1eabn.<\/p>\n<p>M\u00f3n g\u00e0 kh\u00f4ng x\u01b0\u01a1ng n\u1ea5u s\u1ed1t c\u00e0 ri th\u01b0\u1eddng \u0111\u01b0\u1ee3c k\u1ebft h\u1ee3p v\u1edbi c\u01a1m, b\u00e1nh m\u00ec ho\u1eb7c b\u00e1nh naan \u0111\u1ec3 t\u0103ng th\u00eam h\u01b0\u01a1ng v\u1ecb. B\u1ea1n c\u0169ng c\u00f3 th\u1ec3 th\u01b0\u1edfng th\u1ee9c m\u00f3n \u0103n n\u00e0y v\u1edbi c\u01a1m tr\u1eafng ho\u1eb7c c\u01a1m nasi biryani.<\/p>\n<p>G\u00e0 r\u00fat x\u01b0\u01a1ng n\u1ea5u s\u1ed1t c\u00e0 ri v\u1edbi ngh\u1ec7 v\u00e0 qu\u1ebf l\u00e0 m\u1ed9t m\u00f3n \u0103n kh\u00f4ng th\u1ec3 b\u1ecf qua \u0111\u1ed1i v\u1edbi nh\u1eefng t\u00edn \u0111\u1ed3 \u1ea9m th\u1ef1c y\u00eau th\u00edch h\u01b0\u01a1ng v\u1ecb cay. H\u00e3y \u0111\u1ebfn <a href=\"https:\/\/tandoorvietnam.com\/\">nh\u00e0 h\u00e0ng Tandoor Vietnam<\/a> v\u00e0 kh\u00e1m ph\u00e1 h\u01b0\u01a1ng v\u1ecb \u0111\u1ed9c \u0111\u00e1o c\u1ee7a m\u00f3n g\u00e0 n\u00e0y, mang \u0111\u1ebfn cho b\u1ea1n m\u1ed9t tr\u1ea3i nghi\u1ec7m \u1ea9m th\u1ef1c tuy\u1ec7t v\u1eddi.<\/p>\n","protected":false},"excerpt":{"rendered":"<p>&nbsp;<\/p>\n<table width=\"723\">\n<tbody>\n<tr>\n<td width=\"412\">Spicy tender chicken with ground spices, Southern style<\/td>\n<\/tr>\n<tr>\n<td width=\"412\"><em> G\u00e0 kh\u00f4ng x\u01b0\u01a1ng n\u1ea5u s\u1ed1t cari v\u1edbi ngh\u1ec7 v\u00e0 qu\u1ebf - cay<\/em><\/td>\n<\/tr>\n<\/tbody>\n<\/table>\n","protected":false},"featured_media":3259,"template":"","meta":[],"product_brand":[],"product_cat":[227],"product_tag":[],"class_list":{"0":"post-3258","1":"product","2":"type-product","3":"status-publish","4":"has-post-thumbnail","6":"product_cat-cac-mon-ga","8":"first","9":"instock","10":"taxable","11":"shipping-taxable","12":"purchasable","13":"product-type-simple"},"yoast_head":"<!-- This site is optimized with the Yoast SEO Premium plugin v22.3 (Yoast SEO v27.4) - https:\/\/yoast.com\/product\/yoast-seo-premium-wordpress\/ -->\n<title>G\u00c0 R\u00daT X\u01af\u01a0NG N\u1ea4U S\u1ed0T C\u00c0 RI V\u1edaI NGH\u1ec6 V\u00c0 QU\u1ebe CAY<\/title>\n<meta name=\"description\" content=\"G\u00e0 kh\u00f4ng x\u01b0\u01a1ng n\u1ea5u s\u1ed1t c\u00e0 ri v\u1edbi ngh\u1ec7 v\u00e0 qu\u1ebf - m\u1ed9t m\u00f3n \u0103n cay h\u1ea5p d\u1eabn t\u1ea1i Tandoor Vietnam. Th\u01b0\u1edfng th\u1ee9c h\u01b0\u01a1ng v\u1ecb tuy\u1ec7t v\u1eddi c\u1ee7a g\u00e0 c\u00f9ng v\u1ecb cay \u0111\u1eb7c tr\u01b0ng.\" \/>\n<meta name=\"robots\" content=\"index, follow, max-snippet:-1, max-image-preview:large, max-video-preview:-1\" \/>\n<link rel=\"canonical\" href=\"https:\/\/tandoorvietnam.com\/vi\/sanpham\/cac-mon-ga\/ga-rut-xuong-nau-sot-ca-ri-voi-nghe-va-que-cay\/\" \/>\n<meta property=\"og:locale\" content=\"vi_VN\" \/>\n<meta property=\"og:type\" content=\"article\" \/>\n<meta property=\"og:title\" content=\"Chicken Chettined (G\u00c0 R\u00daT X\u01af\u01a0NG N\u1ea4U S\u1ed0T C\u00c0 RI V\u1edaI NGH\u1ec6 V\u00c0 QU\u1ebe CAY)\" \/>\n<meta property=\"og:description\" content=\"G\u00e0 kh\u00f4ng x\u01b0\u01a1ng n\u1ea5u s\u1ed1t c\u00e0 ri v\u1edbi ngh\u1ec7 v\u00e0 qu\u1ebf - m\u1ed9t m\u00f3n \u0103n cay h\u1ea5p d\u1eabn t\u1ea1i Tandoor Vietnam. Th\u01b0\u1edfng th\u1ee9c h\u01b0\u01a1ng v\u1ecb tuy\u1ec7t v\u1eddi c\u1ee7a g\u00e0 c\u00f9ng v\u1ecb cay \u0111\u1eb7c tr\u01b0ng.\" \/>\n<meta property=\"og:url\" content=\"https:\/\/tandoorvietnam.com\/vi\/sanpham\/cac-mon-ga\/ga-rut-xuong-nau-sot-ca-ri-voi-nghe-va-que-cay\/\" \/>\n<meta property=\"og:site_name\" content=\"Tandoor Vi\u1ec7t Nam\" \/>\n<meta property=\"article:publisher\" content=\"https:\/\/www.facebook.com\/tandoor.hcmc\/\" \/>\n<meta property=\"article:modified_time\" content=\"2023-05-15T10:18:12+00:00\" \/>\n<meta property=\"og:image\" content=\"https:\/\/tandoorvietnam.com\/wp-content\/uploads\/2020\/06\/Chicken-chettined.jpg\" \/>\n\t<meta property=\"og:image:width\" content=\"800\" \/>\n\t<meta property=\"og:image:height\" content=\"800\" \/>\n\t<meta property=\"og:image:type\" content=\"image\/jpeg\" \/>\n<meta name=\"twitter:card\" content=\"summary_large_image\" \/>\n<meta name=\"twitter:label1\" content=\"Est. reading time\" \/>\n\t<meta name=\"twitter:data1\" content=\"2 minutes\" \/>\n<script type=\"application\/ld+json\" class=\"yoast-schema-graph\">{\"@context\":\"https:\\\/\\\/schema.org\",\"@graph\":[{\"@type\":\"WebPage\",\"@id\":\"https:\\\/\\\/tandoorvietnam.com\\\/vi\\\/sanpham\\\/cac-mon-ga\\\/ga-rut-xuong-nau-sot-ca-ri-voi-nghe-va-que-cay\\\/\",\"url\":\"https:\\\/\\\/tandoorvietnam.com\\\/vi\\\/sanpham\\\/cac-mon-ga\\\/ga-rut-xuong-nau-sot-ca-ri-voi-nghe-va-que-cay\\\/\",\"name\":\"G\u00c0 R\u00daT X\u01af\u01a0NG N\u1ea4U S\u1ed0T C\u00c0 RI V\u1edaI NGH\u1ec6 V\u00c0 QU\u1ebe CAY\",\"isPartOf\":{\"@id\":\"https:\\\/\\\/tandoorvietnam.com\\\/vi\\\/#website\"},\"primaryImageOfPage\":{\"@id\":\"https:\\\/\\\/tandoorvietnam.com\\\/vi\\\/sanpham\\\/cac-mon-ga\\\/ga-rut-xuong-nau-sot-ca-ri-voi-nghe-va-que-cay\\\/#primaryimage\"},\"image\":{\"@id\":\"https:\\\/\\\/tandoorvietnam.com\\\/vi\\\/sanpham\\\/cac-mon-ga\\\/ga-rut-xuong-nau-sot-ca-ri-voi-nghe-va-que-cay\\\/#primaryimage\"},\"thumbnailUrl\":\"https:\\\/\\\/tandoorvietnam.com\\\/wp-content\\\/uploads\\\/2020\\\/06\\\/Chicken-chettined.jpg\",\"datePublished\":\"2021-04-14T08:50:20+00:00\",\"dateModified\":\"2023-05-15T10:18:12+00:00\",\"description\":\"G\u00e0 kh\u00f4ng x\u01b0\u01a1ng n\u1ea5u s\u1ed1t c\u00e0 ri v\u1edbi ngh\u1ec7 v\u00e0 qu\u1ebf - m\u1ed9t m\u00f3n \u0103n cay h\u1ea5p d\u1eabn t\u1ea1i Tandoor Vietnam. Th\u01b0\u1edfng th\u1ee9c h\u01b0\u01a1ng v\u1ecb tuy\u1ec7t v\u1eddi c\u1ee7a g\u00e0 c\u00f9ng v\u1ecb cay \u0111\u1eb7c tr\u01b0ng.\",\"breadcrumb\":{\"@id\":\"https:\\\/\\\/tandoorvietnam.com\\\/vi\\\/sanpham\\\/cac-mon-ga\\\/ga-rut-xuong-nau-sot-ca-ri-voi-nghe-va-que-cay\\\/#breadcrumb\"},\"inLanguage\":\"vi-VN\",\"potentialAction\":[{\"@type\":\"ReadAction\",\"target\":[\"https:\\\/\\\/tandoorvietnam.com\\\/vi\\\/sanpham\\\/cac-mon-ga\\\/ga-rut-xuong-nau-sot-ca-ri-voi-nghe-va-que-cay\\\/\"]}]},{\"@type\":\"ImageObject\",\"inLanguage\":\"vi-VN\",\"@id\":\"https:\\\/\\\/tandoorvietnam.com\\\/vi\\\/sanpham\\\/cac-mon-ga\\\/ga-rut-xuong-nau-sot-ca-ri-voi-nghe-va-que-cay\\\/#primaryimage\",\"url\":\"https:\\\/\\\/tandoorvietnam.com\\\/wp-content\\\/uploads\\\/2020\\\/06\\\/Chicken-chettined.jpg\",\"contentUrl\":\"https:\\\/\\\/tandoorvietnam.com\\\/wp-content\\\/uploads\\\/2020\\\/06\\\/Chicken-chettined.jpg\",\"width\":800,\"height\":800,\"caption\":\"G\u00c0 R\u00daT X\u01af\u01a0NG N\u1ea4U S\u1ed0T C\u00c0 RI V\u1edaI NGH\u1ec6 V\u00c0 QU\u1ebe CAY\"},{\"@type\":\"BreadcrumbList\",\"@id\":\"https:\\\/\\\/tandoorvietnam.com\\\/vi\\\/sanpham\\\/cac-mon-ga\\\/ga-rut-xuong-nau-sot-ca-ri-voi-nghe-va-que-cay\\\/#breadcrumb\",\"itemListElement\":[{\"@type\":\"ListItem\",\"position\":1,\"name\":\"Trang Ch\u1ee7\",\"item\":\"https:\\\/\\\/tandoorvietnam.com\\\/vi\\\/\"},{\"@type\":\"ListItem\",\"position\":2,\"name\":\"Shop\",\"item\":\"https:\\\/\\\/tandoorvietnam.com\\\/shop\\\/\"},{\"@type\":\"ListItem\",\"position\":3,\"name\":\"Chicken Chettined (G\u00c0 R\u00daT X\u01af\u01a0NG N\u1ea4U S\u1ed0T C\u00c0 RI V\u1edaI NGH\u1ec6 V\u00c0 QU\u1ebe CAY)\"}]},{\"@type\":\"WebSite\",\"@id\":\"https:\\\/\\\/tandoorvietnam.com\\\/vi\\\/#website\",\"url\":\"https:\\\/\\\/tandoorvietnam.com\\\/vi\\\/\",\"name\":\"Tandoor Vietnam\",\"description\":\"Nh\u00e0 h\u00e0ng ngon h\u1ed3 ch\u00ed minh\",\"publisher\":{\"@id\":\"https:\\\/\\\/tandoorvietnam.com\\\/vi\\\/#organization\"},\"potentialAction\":[{\"@type\":\"SearchAction\",\"target\":{\"@type\":\"EntryPoint\",\"urlTemplate\":\"https:\\\/\\\/tandoorvietnam.com\\\/vi\\\/?s={search_term_string}\"},\"query-input\":{\"@type\":\"PropertyValueSpecification\",\"valueRequired\":true,\"valueName\":\"search_term_string\"}}],\"inLanguage\":\"vi-VN\"},{\"@type\":\"Organization\",\"@id\":\"https:\\\/\\\/tandoorvietnam.com\\\/vi\\\/#organization\",\"name\":\"Tandoor Vietnam\",\"url\":\"https:\\\/\\\/tandoorvietnam.com\\\/vi\\\/\",\"logo\":{\"@type\":\"ImageObject\",\"inLanguage\":\"vi-VN\",\"@id\":\"https:\\\/\\\/tandoorvietnam.com\\\/vi\\\/#\\\/schema\\\/logo\\\/image\\\/\",\"url\":\"https:\\\/\\\/tandoorvietnam.com\\\/wp-content\\\/uploads\\\/2020\\\/07\\\/logo.png\",\"contentUrl\":\"https:\\\/\\\/tandoorvietnam.com\\\/wp-content\\\/uploads\\\/2020\\\/07\\\/logo.png\",\"width\":133,\"height\":75,\"caption\":\"Tandoor Vietnam\"},\"image\":{\"@id\":\"https:\\\/\\\/tandoorvietnam.com\\\/vi\\\/#\\\/schema\\\/logo\\\/image\\\/\"},\"sameAs\":[\"https:\\\/\\\/www.facebook.com\\\/tandoor.hcmc\\\/\"]}]}<\/script>\n<!-- \/ Yoast SEO Premium plugin. -->","yoast_head_json":{"title":"G\u00c0 R\u00daT X\u01af\u01a0NG N\u1ea4U S\u1ed0T C\u00c0 RI V\u1edaI NGH\u1ec6 V\u00c0 QU\u1ebe CAY","description":"G\u00e0 kh\u00f4ng x\u01b0\u01a1ng n\u1ea5u s\u1ed1t c\u00e0 ri v\u1edbi ngh\u1ec7 v\u00e0 qu\u1ebf - m\u1ed9t m\u00f3n \u0103n cay h\u1ea5p d\u1eabn t\u1ea1i Tandoor Vietnam. Th\u01b0\u1edfng th\u1ee9c h\u01b0\u01a1ng v\u1ecb tuy\u1ec7t v\u1eddi c\u1ee7a g\u00e0 c\u00f9ng v\u1ecb cay \u0111\u1eb7c tr\u01b0ng.","robots":{"index":"index","follow":"follow","max-snippet":"max-snippet:-1","max-image-preview":"max-image-preview:large","max-video-preview":"max-video-preview:-1"},"canonical":"https:\/\/tandoorvietnam.com\/vi\/sanpham\/cac-mon-ga\/ga-rut-xuong-nau-sot-ca-ri-voi-nghe-va-que-cay\/","og_locale":"vi_VN","og_type":"article","og_title":"Chicken Chettined (G\u00c0 R\u00daT X\u01af\u01a0NG N\u1ea4U S\u1ed0T C\u00c0 RI V\u1edaI NGH\u1ec6 V\u00c0 QU\u1ebe CAY)","og_description":"G\u00e0 kh\u00f4ng x\u01b0\u01a1ng n\u1ea5u s\u1ed1t c\u00e0 ri v\u1edbi ngh\u1ec7 v\u00e0 qu\u1ebf - m\u1ed9t m\u00f3n \u0103n cay h\u1ea5p d\u1eabn t\u1ea1i Tandoor Vietnam. Th\u01b0\u1edfng th\u1ee9c h\u01b0\u01a1ng v\u1ecb tuy\u1ec7t v\u1eddi c\u1ee7a g\u00e0 c\u00f9ng v\u1ecb cay \u0111\u1eb7c tr\u01b0ng.","og_url":"https:\/\/tandoorvietnam.com\/vi\/sanpham\/cac-mon-ga\/ga-rut-xuong-nau-sot-ca-ri-voi-nghe-va-que-cay\/","og_site_name":"Tandoor Vi\u1ec7t Nam","article_publisher":"https:\/\/www.facebook.com\/tandoor.hcmc\/","article_modified_time":"2023-05-15T10:18:12+00:00","og_image":[{"width":800,"height":800,"url":"https:\/\/tandoorvietnam.com\/wp-content\/uploads\/2020\/06\/Chicken-chettined.jpg","type":"image\/jpeg"}],"twitter_card":"summary_large_image","twitter_misc":{"Est. reading time":"2 minutes"},"schema":{"@context":"https:\/\/schema.org","@graph":[{"@type":"WebPage","@id":"https:\/\/tandoorvietnam.com\/vi\/sanpham\/cac-mon-ga\/ga-rut-xuong-nau-sot-ca-ri-voi-nghe-va-que-cay\/","url":"https:\/\/tandoorvietnam.com\/vi\/sanpham\/cac-mon-ga\/ga-rut-xuong-nau-sot-ca-ri-voi-nghe-va-que-cay\/","name":"G\u00c0 R\u00daT X\u01af\u01a0NG N\u1ea4U S\u1ed0T C\u00c0 RI V\u1edaI NGH\u1ec6 V\u00c0 QU\u1ebe CAY","isPartOf":{"@id":"https:\/\/tandoorvietnam.com\/vi\/#website"},"primaryImageOfPage":{"@id":"https:\/\/tandoorvietnam.com\/vi\/sanpham\/cac-mon-ga\/ga-rut-xuong-nau-sot-ca-ri-voi-nghe-va-que-cay\/#primaryimage"},"image":{"@id":"https:\/\/tandoorvietnam.com\/vi\/sanpham\/cac-mon-ga\/ga-rut-xuong-nau-sot-ca-ri-voi-nghe-va-que-cay\/#primaryimage"},"thumbnailUrl":"https:\/\/tandoorvietnam.com\/wp-content\/uploads\/2020\/06\/Chicken-chettined.jpg","datePublished":"2021-04-14T08:50:20+00:00","dateModified":"2023-05-15T10:18:12+00:00","description":"G\u00e0 kh\u00f4ng x\u01b0\u01a1ng n\u1ea5u s\u1ed1t c\u00e0 ri v\u1edbi ngh\u1ec7 v\u00e0 qu\u1ebf - m\u1ed9t m\u00f3n \u0103n cay h\u1ea5p d\u1eabn t\u1ea1i Tandoor Vietnam. Th\u01b0\u1edfng th\u1ee9c h\u01b0\u01a1ng v\u1ecb tuy\u1ec7t v\u1eddi c\u1ee7a g\u00e0 c\u00f9ng v\u1ecb cay \u0111\u1eb7c tr\u01b0ng.","breadcrumb":{"@id":"https:\/\/tandoorvietnam.com\/vi\/sanpham\/cac-mon-ga\/ga-rut-xuong-nau-sot-ca-ri-voi-nghe-va-que-cay\/#breadcrumb"},"inLanguage":"vi-VN","potentialAction":[{"@type":"ReadAction","target":["https:\/\/tandoorvietnam.com\/vi\/sanpham\/cac-mon-ga\/ga-rut-xuong-nau-sot-ca-ri-voi-nghe-va-que-cay\/"]}]},{"@type":"ImageObject","inLanguage":"vi-VN","@id":"https:\/\/tandoorvietnam.com\/vi\/sanpham\/cac-mon-ga\/ga-rut-xuong-nau-sot-ca-ri-voi-nghe-va-que-cay\/#primaryimage","url":"https:\/\/tandoorvietnam.com\/wp-content\/uploads\/2020\/06\/Chicken-chettined.jpg","contentUrl":"https:\/\/tandoorvietnam.com\/wp-content\/uploads\/2020\/06\/Chicken-chettined.jpg","width":800,"height":800,"caption":"G\u00c0 R\u00daT X\u01af\u01a0NG N\u1ea4U S\u1ed0T C\u00c0 RI V\u1edaI NGH\u1ec6 V\u00c0 QU\u1ebe CAY"},{"@type":"BreadcrumbList","@id":"https:\/\/tandoorvietnam.com\/vi\/sanpham\/cac-mon-ga\/ga-rut-xuong-nau-sot-ca-ri-voi-nghe-va-que-cay\/#breadcrumb","itemListElement":[{"@type":"ListItem","position":1,"name":"Trang Ch\u1ee7","item":"https:\/\/tandoorvietnam.com\/vi\/"},{"@type":"ListItem","position":2,"name":"Shop","item":"https:\/\/tandoorvietnam.com\/shop\/"},{"@type":"ListItem","position":3,"name":"Chicken Chettined (G\u00c0 R\u00daT X\u01af\u01a0NG N\u1ea4U S\u1ed0T C\u00c0 RI V\u1edaI NGH\u1ec6 V\u00c0 QU\u1ebe CAY)"}]},{"@type":"WebSite","@id":"https:\/\/tandoorvietnam.com\/vi\/#website","url":"https:\/\/tandoorvietnam.com\/vi\/","name":"Tandoor Vietnam","description":"Nh\u00e0 h\u00e0ng ngon h\u1ed3 ch\u00ed minh","publisher":{"@id":"https:\/\/tandoorvietnam.com\/vi\/#organization"},"potentialAction":[{"@type":"SearchAction","target":{"@type":"EntryPoint","urlTemplate":"https:\/\/tandoorvietnam.com\/vi\/?s={search_term_string}"},"query-input":{"@type":"PropertyValueSpecification","valueRequired":true,"valueName":"search_term_string"}}],"inLanguage":"vi-VN"},{"@type":"Organization","@id":"https:\/\/tandoorvietnam.com\/vi\/#organization","name":"Tandoor Vietnam","url":"https:\/\/tandoorvietnam.com\/vi\/","logo":{"@type":"ImageObject","inLanguage":"vi-VN","@id":"https:\/\/tandoorvietnam.com\/vi\/#\/schema\/logo\/image\/","url":"https:\/\/tandoorvietnam.com\/wp-content\/uploads\/2020\/07\/logo.png","contentUrl":"https:\/\/tandoorvietnam.com\/wp-content\/uploads\/2020\/07\/logo.png","width":133,"height":75,"caption":"Tandoor Vietnam"},"image":{"@id":"https:\/\/tandoorvietnam.com\/vi\/#\/schema\/logo\/image\/"},"sameAs":["https:\/\/www.facebook.com\/tandoor.hcmc\/"]}]}},"_links":{"self":[{"href":"https:\/\/tandoorvietnam.com\/vi\/wp-json\/wp\/v2\/product\/3258","targetHints":{"allow":["GET"]}}],"collection":[{"href":"https:\/\/tandoorvietnam.com\/vi\/wp-json\/wp\/v2\/product"}],"about":[{"href":"https:\/\/tandoorvietnam.com\/vi\/wp-json\/wp\/v2\/types\/product"}],"wp:featuredmedia":[{"embeddable":true,"href":"https:\/\/tandoorvietnam.com\/vi\/wp-json\/wp\/v2\/media\/3259"}],"wp:attachment":[{"href":"https:\/\/tandoorvietnam.com\/vi\/wp-json\/wp\/v2\/media?parent=3258"}],"wp:term":[{"taxonomy":"product_brand","embeddable":true,"href":"https:\/\/tandoorvietnam.com\/vi\/wp-json\/wp\/v2\/product_brand?post=3258"},{"taxonomy":"product_cat","embeddable":true,"href":"https:\/\/tandoorvietnam.com\/vi\/wp-json\/wp\/v2\/product_cat?post=3258"},{"taxonomy":"product_tag","embeddable":true,"href":"https:\/\/tandoorvietnam.com\/vi\/wp-json\/wp\/v2\/product_tag?post=3258"}],"curies":[{"name":"wp","href":"https:\/\/api.w.org\/{rel}","templated":true}]}}