{"id":3262,"date":"2020-06-20T12:42:06","date_gmt":"2021-04-14T08:52:30","guid":{"rendered":"http:\/\/tandoorvietnam.com\/product\/uncategorized\/ga-rut-xuong-nau-hanh-tay-va-sot-gia-vi-cay\/"},"modified":"2023-05-17T08:47:29","modified_gmt":"2023-05-17T08:47:29","slug":"ga-rut-xuong-nau-hanh-tay-va-sot-gia-vi-cay","status":"publish","type":"product","link":"https:\/\/tandoorvietnam.com\/vi\/sanpham\/cac-mon-ga\/ga-rut-xuong-nau-hanh-tay-va-sot-gia-vi-cay\/","title":{"rendered":"Chicken Do Piaza (G\u00c0 R\u00daT X\u01af\u01a0NG N\u1ea4U H\u00c0NH T\u00c2Y V\u00c0 S\u1ed0T GIA V\u1eca CAY)"},"content":{"rendered":"<p>G\u00e0 R\u00fat X\u01b0\u01a1ng n\u1ea5u h\u00e0nh t\u00e2y v\u00e0 s\u1ed1t gia v\u1ecb cay l\u00e0 m\u1ed9t m\u00f3n \u0103n tuy\u1ec7t ngon v\u00e0 \u0111\u1eadm \u0111\u00e0 t\u1ea1i Tandoor Vietnam. Ch\u00fang t\u00f4i s\u1eed d\u1ee5ng g\u00e0 t\u01b0\u01a1i ngon, c\u1eaft th\u00e0nh t\u1eebng mi\u1ebfng nh\u1ecf v\u00e0 t\u1ea9m \u01b0\u1edbp v\u1edbi c\u00e1c gia v\u1ecb \u0111\u1eb7c tr\u01b0ng. Sau \u0111\u00f3, ch\u00fang t\u00f4i n\u1ea5u g\u00e0 c\u00f9ng h\u00e0nh t\u00e2y v\u00e0 s\u1ed1t gia v\u1ecb cay \u0111\u1ec3 t\u1ea1o ra m\u1ed9t m\u00f3n \u0103n th\u01a1m ngon v\u00e0 h\u1ea5p d\u1eabn.<\/p>\n<p>G\u00e0 R\u00fat X\u01b0\u01a1ng n\u1ea5u h\u00e0nh t\u00e2y v\u00e0 s\u1ed1t gia v\u1ecb cay c\u00f3 h\u01b0\u01a1ng v\u1ecb \u0111\u1eadm \u0111\u00e0, th\u1ecbt g\u00e0 m\u1ec1m v\u00e0 m\u1ecdng n\u01b0\u1edbc. Gia v\u1ecb cay n\u00f3ng t\u1eeb s\u1ed1t v\u00e0 h\u00e0nh t\u00e2y th\u00eam v\u00e0o m\u00f3n \u0103n mang \u0111\u1ebfn s\u1ef1 h\u1ea5p d\u1eabn v\u00e0 th\u00fa v\u1ecb cho kh\u1ea9u v\u1ecb. M\u00f3n \u0103n n\u00e0y th\u00edch h\u1ee3p cho nh\u1eefng ai y\u00eau th\u00edch m\u00f3n g\u00e0 cay n\u00f3ng v\u00e0 mu\u1ed1n tr\u1ea3i nghi\u1ec7m h\u01b0\u01a1ng v\u1ecb \u0111\u1eb7c tr\u01b0ng c\u1ee7a \u1ea4n \u0110\u1ed9.<\/p>\n<p>T\u1ea1i Tandoor Vietnam, ch\u00fang t\u00f4i lu\u00f4n ch\u00fa tr\u1ecdng \u0111\u1ebfn ch\u1ea5t l\u01b0\u1ee3ng v\u00e0 s\u1ef1 t\u01b0\u01a1i ngon c\u1ee7a c\u00e1c nguy\u00ean li\u1ec7u s\u1eed d\u1ee5ng trong m\u00f3n \u0103n. G\u00e0 t\u01b0\u01a1i \u0111\u01b0\u1ee3c ch\u1ecdn k\u1ef9 c\u00e0ng v\u00e0 ch\u1ebf bi\u1ebfn m\u1ed9t c\u00e1ch c\u1ea9n th\u1eadn \u0111\u1ec3 \u0111\u1ea3m b\u1ea3o m\u00f3n \u0103n \u0111\u1ea1t \u0111\u1ebfn s\u1ef1 ho\u00e0n h\u1ea3o.<\/p>\n<p>B\u1ea1n c\u00f3 th\u1ec3 th\u01b0\u1edfng th\u1ee9c Chicken Do Piaza c\u00f9ng v\u1edbi c\u00e1c m\u00f3n \u0103n kh\u00e1c trong th\u1ef1c \u0111\u01a1n \u0111a d\u1ea1ng c\u1ee7a ch\u00fang t\u00f4i. M\u00f3n \u0103n n\u00e0y th\u01b0\u1eddng \u0111\u01b0\u1ee3c k\u1ebft h\u1ee3p v\u1edbi c\u01a1m, b\u00e1nh m\u00ec ho\u1eb7c salad \u0111\u1ec3 t\u1ea1o th\u00e0nh b\u1eefa \u0103n tr\u1ecdn v\u1eb9n. \u0110\u1ebfn v\u1edbi Tandoor Vietnam, b\u1ea1n s\u1ebd \u0111\u01b0\u1ee3c tr\u1ea3i nghi\u1ec7m nh\u1eefng m\u00f3n \u0103n \u1ea4n \u0110\u1ed9 \u0111\u1ed9c \u0111\u00e1o v\u00e0 th\u01b0\u1edfng th\u1ee9c h\u01b0\u01a1ng v\u1ecb \u0111\u1eadm \u0111\u00e0, \u0111\u00e1p \u1ee9ng m\u1ecdi s\u1edf th\u00edch \u1ea9m th\u1ef1c c\u1ee7a b\u1ea1n.<\/p>\n","protected":false},"excerpt":{"rendered":"<p>&nbsp;<\/p>\n<table width=\"723\">\n<tbody>\n<tr>\n<td width=\"412\">A mild chicken curry cooked with onions<\/td>\n<\/tr>\n<tr>\n<td width=\"412\"><em>G\u00e0 kh\u00f4ng x\u01b0\u01a1ng x\u1eaft kh\u00fac n\u1ea5u s\u1ed1t gia v\u1ecb cay v\u00e0 h\u00e0nh t\u00e2y<\/em><\/td>\n<\/tr>\n<\/tbody>\n<\/table>\n","protected":false},"featured_media":3263,"template":"","meta":[],"product_brand":[],"product_cat":[227],"product_tag":[],"class_list":{"0":"post-3262","1":"product","2":"type-product","3":"status-publish","4":"has-post-thumbnail","6":"product_cat-cac-mon-ga","8":"first","9":"instock","10":"taxable","11":"shipping-taxable","12":"purchasable","13":"product-type-simple"},"yoast_head":"<!-- This site is optimized with the Yoast SEO Premium plugin v22.3 (Yoast SEO v27.4) - https:\/\/yoast.com\/product\/yoast-seo-premium-wordpress\/ -->\n<title>G\u00c0 R\u00daT X\u01af\u01a0NG N\u1ea4U H\u00c0NH T\u00c2Y V\u00c0 S\u1ed0T GIA V\u1eca CAY<\/title>\n<meta name=\"description\" content=\"G\u00e0 R\u00fat X\u01b0\u01a1ng n\u1ea5u h\u00e0nh t\u00e2y v\u00e0 s\u1ed1t gia v\u1ecb cay - m\u00f3n \u0103n tuy\u1ec7t ngon t\u1ea1i Tandoor Vietnam. H\u01b0\u01a1ng v\u1ecb \u0111\u1eadm \u0111\u00e0, gia v\u1ecb cay n\u00f3ng, h\u00e0nh t\u00e2y th\u01a1m ph\u1ee9c.\" \/>\n<meta name=\"robots\" content=\"index, follow, max-snippet:-1, max-image-preview:large, max-video-preview:-1\" \/>\n<link rel=\"canonical\" href=\"https:\/\/tandoorvietnam.com\/vi\/sanpham\/cac-mon-ga\/ga-rut-xuong-nau-hanh-tay-va-sot-gia-vi-cay\/\" \/>\n<meta property=\"og:locale\" content=\"vi_VN\" \/>\n<meta property=\"og:type\" content=\"article\" \/>\n<meta property=\"og:title\" content=\"Chicken Do Piaza (G\u00c0 R\u00daT X\u01af\u01a0NG N\u1ea4U H\u00c0NH T\u00c2Y V\u00c0 S\u1ed0T GIA V\u1eca CAY)\" \/>\n<meta property=\"og:description\" content=\"G\u00e0 R\u00fat X\u01b0\u01a1ng n\u1ea5u h\u00e0nh t\u00e2y v\u00e0 s\u1ed1t gia v\u1ecb cay - m\u00f3n \u0103n tuy\u1ec7t ngon t\u1ea1i Tandoor Vietnam. H\u01b0\u01a1ng v\u1ecb \u0111\u1eadm \u0111\u00e0, gia v\u1ecb cay n\u00f3ng, h\u00e0nh t\u00e2y th\u01a1m ph\u1ee9c.\" \/>\n<meta property=\"og:url\" content=\"https:\/\/tandoorvietnam.com\/vi\/sanpham\/cac-mon-ga\/ga-rut-xuong-nau-hanh-tay-va-sot-gia-vi-cay\/\" \/>\n<meta property=\"og:site_name\" content=\"Tandoor Vi\u1ec7t Nam\" \/>\n<meta property=\"article:publisher\" content=\"https:\/\/www.facebook.com\/tandoor.hcmc\/\" \/>\n<meta property=\"article:modified_time\" content=\"2023-05-17T08:47:29+00:00\" \/>\n<meta property=\"og:image\" content=\"https:\/\/tandoorvietnam.com\/wp-content\/uploads\/2020\/06\/Chicken-do-piaza.jpg\" \/>\n\t<meta property=\"og:image:width\" content=\"1400\" \/>\n\t<meta property=\"og:image:height\" content=\"1400\" \/>\n\t<meta property=\"og:image:type\" content=\"image\/jpeg\" \/>\n<meta name=\"twitter:card\" content=\"summary_large_image\" \/>\n<meta name=\"twitter:label1\" content=\"Est. reading time\" \/>\n\t<meta name=\"twitter:data1\" content=\"2 minutes\" \/>\n<script type=\"application\/ld+json\" class=\"yoast-schema-graph\">{\"@context\":\"https:\\\/\\\/schema.org\",\"@graph\":[{\"@type\":\"WebPage\",\"@id\":\"https:\\\/\\\/tandoorvietnam.com\\\/vi\\\/sanpham\\\/cac-mon-ga\\\/ga-rut-xuong-nau-hanh-tay-va-sot-gia-vi-cay\\\/\",\"url\":\"https:\\\/\\\/tandoorvietnam.com\\\/vi\\\/sanpham\\\/cac-mon-ga\\\/ga-rut-xuong-nau-hanh-tay-va-sot-gia-vi-cay\\\/\",\"name\":\"G\u00c0 R\u00daT X\u01af\u01a0NG N\u1ea4U H\u00c0NH T\u00c2Y V\u00c0 S\u1ed0T GIA V\u1eca CAY\",\"isPartOf\":{\"@id\":\"https:\\\/\\\/tandoorvietnam.com\\\/vi\\\/#website\"},\"primaryImageOfPage\":{\"@id\":\"https:\\\/\\\/tandoorvietnam.com\\\/vi\\\/sanpham\\\/cac-mon-ga\\\/ga-rut-xuong-nau-hanh-tay-va-sot-gia-vi-cay\\\/#primaryimage\"},\"image\":{\"@id\":\"https:\\\/\\\/tandoorvietnam.com\\\/vi\\\/sanpham\\\/cac-mon-ga\\\/ga-rut-xuong-nau-hanh-tay-va-sot-gia-vi-cay\\\/#primaryimage\"},\"thumbnailUrl\":\"https:\\\/\\\/tandoorvietnam.com\\\/wp-content\\\/uploads\\\/2020\\\/06\\\/Chicken-do-piaza.jpg\",\"datePublished\":\"2021-04-14T08:52:30+00:00\",\"dateModified\":\"2023-05-17T08:47:29+00:00\",\"description\":\"G\u00e0 R\u00fat X\u01b0\u01a1ng n\u1ea5u h\u00e0nh t\u00e2y v\u00e0 s\u1ed1t gia v\u1ecb cay - m\u00f3n \u0103n tuy\u1ec7t ngon t\u1ea1i Tandoor Vietnam. H\u01b0\u01a1ng v\u1ecb \u0111\u1eadm \u0111\u00e0, gia v\u1ecb cay n\u00f3ng, h\u00e0nh t\u00e2y th\u01a1m ph\u1ee9c.\",\"breadcrumb\":{\"@id\":\"https:\\\/\\\/tandoorvietnam.com\\\/vi\\\/sanpham\\\/cac-mon-ga\\\/ga-rut-xuong-nau-hanh-tay-va-sot-gia-vi-cay\\\/#breadcrumb\"},\"inLanguage\":\"vi-VN\",\"potentialAction\":[{\"@type\":\"ReadAction\",\"target\":[\"https:\\\/\\\/tandoorvietnam.com\\\/vi\\\/sanpham\\\/cac-mon-ga\\\/ga-rut-xuong-nau-hanh-tay-va-sot-gia-vi-cay\\\/\"]}]},{\"@type\":\"ImageObject\",\"inLanguage\":\"vi-VN\",\"@id\":\"https:\\\/\\\/tandoorvietnam.com\\\/vi\\\/sanpham\\\/cac-mon-ga\\\/ga-rut-xuong-nau-hanh-tay-va-sot-gia-vi-cay\\\/#primaryimage\",\"url\":\"https:\\\/\\\/tandoorvietnam.com\\\/wp-content\\\/uploads\\\/2020\\\/06\\\/Chicken-do-piaza.jpg\",\"contentUrl\":\"https:\\\/\\\/tandoorvietnam.com\\\/wp-content\\\/uploads\\\/2020\\\/06\\\/Chicken-do-piaza.jpg\",\"width\":1400,\"height\":1400,\"caption\":\"G\u00c0 R\u00daT X\u01af\u01a0NG N\u1ea4U H\u00c0NH T\u00c2Y V\u00c0 S\u1ed0T GIA V\u1eca CAY\"},{\"@type\":\"BreadcrumbList\",\"@id\":\"https:\\\/\\\/tandoorvietnam.com\\\/vi\\\/sanpham\\\/cac-mon-ga\\\/ga-rut-xuong-nau-hanh-tay-va-sot-gia-vi-cay\\\/#breadcrumb\",\"itemListElement\":[{\"@type\":\"ListItem\",\"position\":1,\"name\":\"Trang Ch\u1ee7\",\"item\":\"https:\\\/\\\/tandoorvietnam.com\\\/vi\\\/\"},{\"@type\":\"ListItem\",\"position\":2,\"name\":\"Shop\",\"item\":\"https:\\\/\\\/tandoorvietnam.com\\\/shop\\\/\"},{\"@type\":\"ListItem\",\"position\":3,\"name\":\"Chicken Do Piaza (G\u00c0 R\u00daT X\u01af\u01a0NG N\u1ea4U H\u00c0NH T\u00c2Y V\u00c0 S\u1ed0T GIA V\u1eca CAY)\"}]},{\"@type\":\"WebSite\",\"@id\":\"https:\\\/\\\/tandoorvietnam.com\\\/vi\\\/#website\",\"url\":\"https:\\\/\\\/tandoorvietnam.com\\\/vi\\\/\",\"name\":\"Tandoor Vietnam\",\"description\":\"Nh\u00e0 h\u00e0ng ngon h\u1ed3 ch\u00ed minh\",\"publisher\":{\"@id\":\"https:\\\/\\\/tandoorvietnam.com\\\/vi\\\/#organization\"},\"potentialAction\":[{\"@type\":\"SearchAction\",\"target\":{\"@type\":\"EntryPoint\",\"urlTemplate\":\"https:\\\/\\\/tandoorvietnam.com\\\/vi\\\/?s={search_term_string}\"},\"query-input\":{\"@type\":\"PropertyValueSpecification\",\"valueRequired\":true,\"valueName\":\"search_term_string\"}}],\"inLanguage\":\"vi-VN\"},{\"@type\":\"Organization\",\"@id\":\"https:\\\/\\\/tandoorvietnam.com\\\/vi\\\/#organization\",\"name\":\"Tandoor Vietnam\",\"url\":\"https:\\\/\\\/tandoorvietnam.com\\\/vi\\\/\",\"logo\":{\"@type\":\"ImageObject\",\"inLanguage\":\"vi-VN\",\"@id\":\"https:\\\/\\\/tandoorvietnam.com\\\/vi\\\/#\\\/schema\\\/logo\\\/image\\\/\",\"url\":\"https:\\\/\\\/tandoorvietnam.com\\\/wp-content\\\/uploads\\\/2020\\\/07\\\/logo.png\",\"contentUrl\":\"https:\\\/\\\/tandoorvietnam.com\\\/wp-content\\\/uploads\\\/2020\\\/07\\\/logo.png\",\"width\":133,\"height\":75,\"caption\":\"Tandoor Vietnam\"},\"image\":{\"@id\":\"https:\\\/\\\/tandoorvietnam.com\\\/vi\\\/#\\\/schema\\\/logo\\\/image\\\/\"},\"sameAs\":[\"https:\\\/\\\/www.facebook.com\\\/tandoor.hcmc\\\/\"]}]}<\/script>\n<!-- \/ Yoast SEO Premium plugin. -->","yoast_head_json":{"title":"G\u00c0 R\u00daT X\u01af\u01a0NG N\u1ea4U H\u00c0NH T\u00c2Y V\u00c0 S\u1ed0T GIA V\u1eca CAY","description":"G\u00e0 R\u00fat X\u01b0\u01a1ng n\u1ea5u h\u00e0nh t\u00e2y v\u00e0 s\u1ed1t gia v\u1ecb cay - m\u00f3n \u0103n tuy\u1ec7t ngon t\u1ea1i Tandoor Vietnam. H\u01b0\u01a1ng v\u1ecb \u0111\u1eadm \u0111\u00e0, gia v\u1ecb cay n\u00f3ng, h\u00e0nh t\u00e2y th\u01a1m ph\u1ee9c.","robots":{"index":"index","follow":"follow","max-snippet":"max-snippet:-1","max-image-preview":"max-image-preview:large","max-video-preview":"max-video-preview:-1"},"canonical":"https:\/\/tandoorvietnam.com\/vi\/sanpham\/cac-mon-ga\/ga-rut-xuong-nau-hanh-tay-va-sot-gia-vi-cay\/","og_locale":"vi_VN","og_type":"article","og_title":"Chicken Do Piaza (G\u00c0 R\u00daT X\u01af\u01a0NG N\u1ea4U H\u00c0NH T\u00c2Y V\u00c0 S\u1ed0T GIA V\u1eca CAY)","og_description":"G\u00e0 R\u00fat X\u01b0\u01a1ng n\u1ea5u h\u00e0nh t\u00e2y v\u00e0 s\u1ed1t gia v\u1ecb cay - m\u00f3n \u0103n tuy\u1ec7t ngon t\u1ea1i Tandoor Vietnam. H\u01b0\u01a1ng v\u1ecb \u0111\u1eadm \u0111\u00e0, gia v\u1ecb cay n\u00f3ng, h\u00e0nh t\u00e2y th\u01a1m ph\u1ee9c.","og_url":"https:\/\/tandoorvietnam.com\/vi\/sanpham\/cac-mon-ga\/ga-rut-xuong-nau-hanh-tay-va-sot-gia-vi-cay\/","og_site_name":"Tandoor Vi\u1ec7t Nam","article_publisher":"https:\/\/www.facebook.com\/tandoor.hcmc\/","article_modified_time":"2023-05-17T08:47:29+00:00","og_image":[{"width":1400,"height":1400,"url":"https:\/\/tandoorvietnam.com\/wp-content\/uploads\/2020\/06\/Chicken-do-piaza.jpg","type":"image\/jpeg"}],"twitter_card":"summary_large_image","twitter_misc":{"Est. reading time":"2 minutes"},"schema":{"@context":"https:\/\/schema.org","@graph":[{"@type":"WebPage","@id":"https:\/\/tandoorvietnam.com\/vi\/sanpham\/cac-mon-ga\/ga-rut-xuong-nau-hanh-tay-va-sot-gia-vi-cay\/","url":"https:\/\/tandoorvietnam.com\/vi\/sanpham\/cac-mon-ga\/ga-rut-xuong-nau-hanh-tay-va-sot-gia-vi-cay\/","name":"G\u00c0 R\u00daT X\u01af\u01a0NG N\u1ea4U H\u00c0NH T\u00c2Y V\u00c0 S\u1ed0T GIA V\u1eca CAY","isPartOf":{"@id":"https:\/\/tandoorvietnam.com\/vi\/#website"},"primaryImageOfPage":{"@id":"https:\/\/tandoorvietnam.com\/vi\/sanpham\/cac-mon-ga\/ga-rut-xuong-nau-hanh-tay-va-sot-gia-vi-cay\/#primaryimage"},"image":{"@id":"https:\/\/tandoorvietnam.com\/vi\/sanpham\/cac-mon-ga\/ga-rut-xuong-nau-hanh-tay-va-sot-gia-vi-cay\/#primaryimage"},"thumbnailUrl":"https:\/\/tandoorvietnam.com\/wp-content\/uploads\/2020\/06\/Chicken-do-piaza.jpg","datePublished":"2021-04-14T08:52:30+00:00","dateModified":"2023-05-17T08:47:29+00:00","description":"G\u00e0 R\u00fat X\u01b0\u01a1ng n\u1ea5u h\u00e0nh t\u00e2y v\u00e0 s\u1ed1t gia v\u1ecb cay - m\u00f3n \u0103n tuy\u1ec7t ngon t\u1ea1i Tandoor Vietnam. H\u01b0\u01a1ng v\u1ecb \u0111\u1eadm \u0111\u00e0, gia v\u1ecb cay n\u00f3ng, h\u00e0nh t\u00e2y th\u01a1m ph\u1ee9c.","breadcrumb":{"@id":"https:\/\/tandoorvietnam.com\/vi\/sanpham\/cac-mon-ga\/ga-rut-xuong-nau-hanh-tay-va-sot-gia-vi-cay\/#breadcrumb"},"inLanguage":"vi-VN","potentialAction":[{"@type":"ReadAction","target":["https:\/\/tandoorvietnam.com\/vi\/sanpham\/cac-mon-ga\/ga-rut-xuong-nau-hanh-tay-va-sot-gia-vi-cay\/"]}]},{"@type":"ImageObject","inLanguage":"vi-VN","@id":"https:\/\/tandoorvietnam.com\/vi\/sanpham\/cac-mon-ga\/ga-rut-xuong-nau-hanh-tay-va-sot-gia-vi-cay\/#primaryimage","url":"https:\/\/tandoorvietnam.com\/wp-content\/uploads\/2020\/06\/Chicken-do-piaza.jpg","contentUrl":"https:\/\/tandoorvietnam.com\/wp-content\/uploads\/2020\/06\/Chicken-do-piaza.jpg","width":1400,"height":1400,"caption":"G\u00c0 R\u00daT X\u01af\u01a0NG N\u1ea4U H\u00c0NH T\u00c2Y V\u00c0 S\u1ed0T GIA V\u1eca CAY"},{"@type":"BreadcrumbList","@id":"https:\/\/tandoorvietnam.com\/vi\/sanpham\/cac-mon-ga\/ga-rut-xuong-nau-hanh-tay-va-sot-gia-vi-cay\/#breadcrumb","itemListElement":[{"@type":"ListItem","position":1,"name":"Trang Ch\u1ee7","item":"https:\/\/tandoorvietnam.com\/vi\/"},{"@type":"ListItem","position":2,"name":"Shop","item":"https:\/\/tandoorvietnam.com\/shop\/"},{"@type":"ListItem","position":3,"name":"Chicken Do Piaza (G\u00c0 R\u00daT X\u01af\u01a0NG N\u1ea4U H\u00c0NH T\u00c2Y V\u00c0 S\u1ed0T GIA V\u1eca CAY)"}]},{"@type":"WebSite","@id":"https:\/\/tandoorvietnam.com\/vi\/#website","url":"https:\/\/tandoorvietnam.com\/vi\/","name":"Tandoor Vietnam","description":"Nh\u00e0 h\u00e0ng ngon h\u1ed3 ch\u00ed minh","publisher":{"@id":"https:\/\/tandoorvietnam.com\/vi\/#organization"},"potentialAction":[{"@type":"SearchAction","target":{"@type":"EntryPoint","urlTemplate":"https:\/\/tandoorvietnam.com\/vi\/?s={search_term_string}"},"query-input":{"@type":"PropertyValueSpecification","valueRequired":true,"valueName":"search_term_string"}}],"inLanguage":"vi-VN"},{"@type":"Organization","@id":"https:\/\/tandoorvietnam.com\/vi\/#organization","name":"Tandoor Vietnam","url":"https:\/\/tandoorvietnam.com\/vi\/","logo":{"@type":"ImageObject","inLanguage":"vi-VN","@id":"https:\/\/tandoorvietnam.com\/vi\/#\/schema\/logo\/image\/","url":"https:\/\/tandoorvietnam.com\/wp-content\/uploads\/2020\/07\/logo.png","contentUrl":"https:\/\/tandoorvietnam.com\/wp-content\/uploads\/2020\/07\/logo.png","width":133,"height":75,"caption":"Tandoor Vietnam"},"image":{"@id":"https:\/\/tandoorvietnam.com\/vi\/#\/schema\/logo\/image\/"},"sameAs":["https:\/\/www.facebook.com\/tandoor.hcmc\/"]}]}},"_links":{"self":[{"href":"https:\/\/tandoorvietnam.com\/vi\/wp-json\/wp\/v2\/product\/3262","targetHints":{"allow":["GET"]}}],"collection":[{"href":"https:\/\/tandoorvietnam.com\/vi\/wp-json\/wp\/v2\/product"}],"about":[{"href":"https:\/\/tandoorvietnam.com\/vi\/wp-json\/wp\/v2\/types\/product"}],"wp:featuredmedia":[{"embeddable":true,"href":"https:\/\/tandoorvietnam.com\/vi\/wp-json\/wp\/v2\/media\/3263"}],"wp:attachment":[{"href":"https:\/\/tandoorvietnam.com\/vi\/wp-json\/wp\/v2\/media?parent=3262"}],"wp:term":[{"taxonomy":"product_brand","embeddable":true,"href":"https:\/\/tandoorvietnam.com\/vi\/wp-json\/wp\/v2\/product_brand?post=3262"},{"taxonomy":"product_cat","embeddable":true,"href":"https:\/\/tandoorvietnam.com\/vi\/wp-json\/wp\/v2\/product_cat?post=3262"},{"taxonomy":"product_tag","embeddable":true,"href":"https:\/\/tandoorvietnam.com\/vi\/wp-json\/wp\/v2\/product_tag?post=3262"}],"curies":[{"name":"wp","href":"https:\/\/api.w.org\/{rel}","templated":true}]}}