{"id":3264,"date":"2020-06-20T12:47:09","date_gmt":"2021-04-14T08:54:18","guid":{"rendered":"http:\/\/tandoorvietnam.com\/product\/uncategorized\/filet-ga-nuong-tam-gia-vi-cay-sot-ca-chua-hanh-tay-ot-xanh\/"},"modified":"2023-05-10T09:29:10","modified_gmt":"2023-05-10T09:29:10","slug":"filet-ga-nuong-tam-gia-vi-cay-sot-ca-chua-hanh-tay-ot-xanh","status":"publish","type":"product","link":"https:\/\/tandoorvietnam.com\/vi\/sanpham\/cac-mon-ga\/filet-ga-nuong-tam-gia-vi-cay-sot-ca-chua-hanh-tay-ot-xanh\/","title":{"rendered":"Chicken Jalfraizi (FILET G\u00c0 N\u01af\u1edaNG T\u1ea8M GIA V\u1eca CAY S\u1ed0T C\u00c0 CHUA, H\u00c0NH T\u00c2Y, \u1edaT XANH)"},"content":{"rendered":"<p>Filet g\u00e0 n\u01b0\u1edbng t\u1ea9m gia v\u1ecb cay s\u1ed1t c\u00e0 chua, h\u00e0nh t\u00e2y v\u00e0 \u1edbt xanh l\u00e0 m\u00f3n \u0103n \u0111\u01b0\u1ee3c y\u00eau th\u00edch t\u1ea1i Tandoor Vietnam. V\u1edbi h\u01b0\u01a1ng v\u1ecb \u0111\u1eadm \u0111\u00e0, th\u01a1m ngon v\u00e0 cay cay, m\u00f3n \u0103n n\u00e0y s\u1ebd \u0111em l\u1ea1i cho b\u1ea1n m\u1ed9t tr\u1ea3i nghi\u1ec7m \u1ea9m th\u1ef1c tuy\u1ec7t v\u1eddi.<\/p>\n<p>Nguy\u00ean li\u1ec7u ch\u00ednh c\u1ee7a m\u00f3n \u0103n n\u00e0y l\u00e0 filet g\u00e0, \u0111\u01b0\u1ee3c t\u1ea9m gia v\u1ecb cay v\u00e0 n\u01b0\u1edbng tr\u00ean than hoa \u0111\u1ec3 gi\u1eef \u0111\u01b0\u1ee3c v\u1ecb gi\u00f2n v\u00e0 th\u01a1m ngon. Sau \u0111\u00f3, filet g\u00e0 \u0111\u01b0\u1ee3c trang tr\u00ed b\u1eb1ng s\u1ed1t c\u00e0 chua, h\u00e0nh t\u00e2y v\u00e0 \u1edbt xanh \u0111\u1ec3 t\u1ea1o ra m\u1ed9t h\u01b0\u01a1ng v\u1ecb c\u00e2n b\u1eb1ng v\u00e0 h\u1ea5p d\u1eabn.<\/p>\n<p>\u0110i\u1ec3m \u0111\u1eb7c bi\u1ec7t c\u1ee7a m\u00f3n \u0103n n\u00e0y l\u00e0 c\u00e1ch k\u1ebft h\u1ee3p gi\u1eefa v\u1ecb cay c\u1ee7a gia v\u1ecb v\u00e0 s\u1ed1t c\u00e0 chua, v\u1edbi h\u01b0\u01a1ng v\u1ecb ng\u1ecdt c\u1ee7a g\u00e0 n\u01b0\u1edbng. H\u00e0nh t\u00e2y v\u00e0 \u1edbt xanh c\u0169ng gi\u00fap t\u0103ng c\u01b0\u1eddng h\u01b0\u01a1ng v\u1ecb c\u1ee7a m\u00f3n \u0103n, \u0111\u1ed3ng th\u1eddi l\u00e0m cho n\u00f3 tr\u1edf n\u00ean t\u01b0\u01a1i m\u00e1t v\u00e0 th\u01a1m ngon h\u01a1n.<\/p>\n<p>Filet g\u00e0 n\u01b0\u1edbng t\u1ea9m gia v\u1ecb cay s\u1ed1t c\u00e0 chua, h\u00e0nh t\u00e2y v\u00e0 \u1edbt xanh th\u01b0\u1eddng \u0111\u01b0\u1ee3c ph\u1ee5c v\u1ee5 c\u00f9ng v\u1edbi b\u00e1nh m\u00ec n\u01b0\u1edbng gi\u00f2n v\u00e0 rau s\u1ed1ng \u0111\u1ec3 t\u0103ng th\u00eam h\u01b0\u01a1ng v\u1ecb v\u00e0 dinh d\u01b0\u1ee1ng cho b\u1eefa \u0103n c\u1ee7a b\u1ea1n. \u0110\u00e2y l\u00e0 m\u00f3n \u0103n ph\u00f9 h\u1ee3p \u0111\u1ec3 th\u01b0\u1edfng th\u1ee9c c\u1ea3 v\u00e0o bu\u1ed5i tr\u01b0a v\u00e0 t\u1ed1i, v\u00e0 r\u1ea5t th\u00edch h\u1ee3p \u0111\u1ec3 chia s\u1ebb c\u00f9ng gia \u0111\u00ecnh v\u00e0 b\u1ea1n b\u00e8.<\/p>\n<p>H\u00e3y \u0111\u1ebfn v\u1edbi <a href=\"https:\/\/tandoorvietnam.com\/\">Tandoor Vietnam<\/a> \u0111\u1ec3 th\u01b0\u1edfng th\u1ee9c m\u00f3n filet g\u00e0 n\u01b0\u1edbng t\u1ea9m gia v\u1ecb cay s\u1ed1t c\u00e0 chua, h\u00e0nh t\u00e2y v\u00e0 \u1edbt xanh th\u01a1m ngon, \u0111\u1eadm \u0111\u00e0 v\u00e0 h\u1ea5p d\u1eabn n\u00e0y. Ch\u00fang t\u00f4i cam k\u1ebft s\u1ebd \u0111em \u0111\u1ebfn cho b\u1ea1n nh\u1eefng tr\u1ea3i nghi\u1ec7m \u1ea9m th\u1ef1c tuy\u1ec7t v\u1eddi nh\u1ea5t.<\/p>\n","protected":false},"excerpt":{"rendered":"<p>&nbsp;<\/p>\n<table width=\"723\">\n<tbody>\n<tr>\n<td width=\"412\">Grilled chicken pieces cooked with tomato, onion, capsicum and spices<\/td>\n<\/tr>\n<tr>\n<td width=\"412\"><em> File g\u00e0 n\u01b0\u1edbng t\u1ea9m gia v\u1ecb th\u1eadt cay n\u1ea5u v\u1edbi s\u1ed1t c\u00e0 chua, h\u00e0nh t\u00e2y v\u00e0 \u1edbt xanh<\/em><\/td>\n<\/tr>\n<\/tbody>\n<\/table>\n","protected":false},"featured_media":3265,"template":"","meta":[],"product_brand":[],"product_cat":[227],"product_tag":[],"class_list":{"0":"post-3264","1":"product","2":"type-product","3":"status-publish","4":"has-post-thumbnail","6":"product_cat-cac-mon-ga","8":"first","9":"instock","10":"taxable","11":"shipping-taxable","12":"purchasable","13":"product-type-simple"},"yoast_head":"<!-- This site is optimized with the Yoast SEO Premium plugin v22.3 (Yoast SEO v27.4) - https:\/\/yoast.com\/product\/yoast-seo-premium-wordpress\/ -->\n<title>FILET G\u00c0 N\u01af\u1edaNG T\u1ea8M GIA V\u1eca CAY S\u1ed0T C\u00c0 CHUA, H\u00c0NH T\u00c2Y<\/title>\n<meta name=\"description\" content=\"Th\u01b0\u1edfng th\u1ee9c filet g\u00e0 n\u01b0\u1edbng t\u1ea9m gia v\u1ecb cay s\u1ed1t c\u00e0 chua, h\u00e0nh t\u00e2y v\u00e0 \u1edbt xanh t\u1ea1i Tandoor Vietnam. M\u00f3n \u0103n \u0111\u1eadm \u0111\u00e0, th\u01a1m ngon, h\u1ea5p d\u1eabn cho b\u1eefa \u0103n c\u1ee7a b\u1ea1n.\" \/>\n<meta name=\"robots\" content=\"index, follow, max-snippet:-1, max-image-preview:large, max-video-preview:-1\" \/>\n<link rel=\"canonical\" href=\"https:\/\/tandoorvietnam.com\/vi\/sanpham\/cac-mon-ga\/filet-ga-nuong-tam-gia-vi-cay-sot-ca-chua-hanh-tay-ot-xanh\/\" \/>\n<meta property=\"og:locale\" content=\"vi_VN\" \/>\n<meta property=\"og:type\" content=\"article\" \/>\n<meta property=\"og:title\" content=\"Chicken Jalfraizi (FILET G\u00c0 N\u01af\u1edaNG T\u1ea8M GIA V\u1eca CAY S\u1ed0T C\u00c0 CHUA, H\u00c0NH T\u00c2Y, \u1edaT XANH)\" \/>\n<meta property=\"og:description\" content=\"Th\u01b0\u1edfng th\u1ee9c filet g\u00e0 n\u01b0\u1edbng t\u1ea9m gia v\u1ecb cay s\u1ed1t c\u00e0 chua, h\u00e0nh t\u00e2y v\u00e0 \u1edbt xanh t\u1ea1i Tandoor Vietnam. M\u00f3n \u0103n \u0111\u1eadm \u0111\u00e0, th\u01a1m ngon, h\u1ea5p d\u1eabn cho b\u1eefa \u0103n c\u1ee7a b\u1ea1n.\" \/>\n<meta property=\"og:url\" content=\"https:\/\/tandoorvietnam.com\/vi\/sanpham\/cac-mon-ga\/filet-ga-nuong-tam-gia-vi-cay-sot-ca-chua-hanh-tay-ot-xanh\/\" \/>\n<meta property=\"og:site_name\" content=\"Tandoor Vi\u1ec7t Nam\" \/>\n<meta property=\"article:publisher\" content=\"https:\/\/www.facebook.com\/tandoor.hcmc\/\" \/>\n<meta property=\"article:modified_time\" content=\"2023-05-10T09:29:10+00:00\" \/>\n<meta property=\"og:image\" content=\"https:\/\/tandoorvietnam.com\/wp-content\/uploads\/2020\/06\/Chicken-Jalfraizi.jpg\" \/>\n\t<meta property=\"og:image:width\" content=\"1400\" \/>\n\t<meta property=\"og:image:height\" content=\"1400\" \/>\n\t<meta property=\"og:image:type\" content=\"image\/jpeg\" \/>\n<meta name=\"twitter:card\" content=\"summary_large_image\" \/>\n<meta name=\"twitter:label1\" content=\"Est. reading time\" \/>\n\t<meta name=\"twitter:data1\" content=\"2 minutes\" \/>\n<script type=\"application\/ld+json\" class=\"yoast-schema-graph\">{\"@context\":\"https:\\\/\\\/schema.org\",\"@graph\":[{\"@type\":\"WebPage\",\"@id\":\"https:\\\/\\\/tandoorvietnam.com\\\/vi\\\/sanpham\\\/cac-mon-ga\\\/filet-ga-nuong-tam-gia-vi-cay-sot-ca-chua-hanh-tay-ot-xanh\\\/\",\"url\":\"https:\\\/\\\/tandoorvietnam.com\\\/vi\\\/sanpham\\\/cac-mon-ga\\\/filet-ga-nuong-tam-gia-vi-cay-sot-ca-chua-hanh-tay-ot-xanh\\\/\",\"name\":\"FILET G\u00c0 N\u01af\u1edaNG T\u1ea8M GIA V\u1eca CAY S\u1ed0T C\u00c0 CHUA, H\u00c0NH T\u00c2Y\",\"isPartOf\":{\"@id\":\"https:\\\/\\\/tandoorvietnam.com\\\/vi\\\/#website\"},\"primaryImageOfPage\":{\"@id\":\"https:\\\/\\\/tandoorvietnam.com\\\/vi\\\/sanpham\\\/cac-mon-ga\\\/filet-ga-nuong-tam-gia-vi-cay-sot-ca-chua-hanh-tay-ot-xanh\\\/#primaryimage\"},\"image\":{\"@id\":\"https:\\\/\\\/tandoorvietnam.com\\\/vi\\\/sanpham\\\/cac-mon-ga\\\/filet-ga-nuong-tam-gia-vi-cay-sot-ca-chua-hanh-tay-ot-xanh\\\/#primaryimage\"},\"thumbnailUrl\":\"https:\\\/\\\/tandoorvietnam.com\\\/wp-content\\\/uploads\\\/2020\\\/06\\\/Chicken-Jalfraizi.jpg\",\"datePublished\":\"2021-04-14T08:54:18+00:00\",\"dateModified\":\"2023-05-10T09:29:10+00:00\",\"description\":\"Th\u01b0\u1edfng th\u1ee9c filet g\u00e0 n\u01b0\u1edbng t\u1ea9m gia v\u1ecb cay s\u1ed1t c\u00e0 chua, h\u00e0nh t\u00e2y v\u00e0 \u1edbt xanh t\u1ea1i Tandoor Vietnam. M\u00f3n \u0103n \u0111\u1eadm \u0111\u00e0, th\u01a1m ngon, h\u1ea5p d\u1eabn cho b\u1eefa \u0103n c\u1ee7a b\u1ea1n.\",\"breadcrumb\":{\"@id\":\"https:\\\/\\\/tandoorvietnam.com\\\/vi\\\/sanpham\\\/cac-mon-ga\\\/filet-ga-nuong-tam-gia-vi-cay-sot-ca-chua-hanh-tay-ot-xanh\\\/#breadcrumb\"},\"inLanguage\":\"vi-VN\",\"potentialAction\":[{\"@type\":\"ReadAction\",\"target\":[\"https:\\\/\\\/tandoorvietnam.com\\\/vi\\\/sanpham\\\/cac-mon-ga\\\/filet-ga-nuong-tam-gia-vi-cay-sot-ca-chua-hanh-tay-ot-xanh\\\/\"]}]},{\"@type\":\"ImageObject\",\"inLanguage\":\"vi-VN\",\"@id\":\"https:\\\/\\\/tandoorvietnam.com\\\/vi\\\/sanpham\\\/cac-mon-ga\\\/filet-ga-nuong-tam-gia-vi-cay-sot-ca-chua-hanh-tay-ot-xanh\\\/#primaryimage\",\"url\":\"https:\\\/\\\/tandoorvietnam.com\\\/wp-content\\\/uploads\\\/2020\\\/06\\\/Chicken-Jalfraizi.jpg\",\"contentUrl\":\"https:\\\/\\\/tandoorvietnam.com\\\/wp-content\\\/uploads\\\/2020\\\/06\\\/Chicken-Jalfraizi.jpg\",\"width\":1400,\"height\":1400,\"caption\":\"FILET G\u00c0 N\u01af\u1edaNG T\u1ea8M GIA V\u1eca CAY S\u1ed0T C\u00c0 CHUA, H\u00c0NH T\u00c2Y, \u1edaT XANH\"},{\"@type\":\"BreadcrumbList\",\"@id\":\"https:\\\/\\\/tandoorvietnam.com\\\/vi\\\/sanpham\\\/cac-mon-ga\\\/filet-ga-nuong-tam-gia-vi-cay-sot-ca-chua-hanh-tay-ot-xanh\\\/#breadcrumb\",\"itemListElement\":[{\"@type\":\"ListItem\",\"position\":1,\"name\":\"Trang Ch\u1ee7\",\"item\":\"https:\\\/\\\/tandoorvietnam.com\\\/vi\\\/\"},{\"@type\":\"ListItem\",\"position\":2,\"name\":\"Shop\",\"item\":\"https:\\\/\\\/tandoorvietnam.com\\\/shop\\\/\"},{\"@type\":\"ListItem\",\"position\":3,\"name\":\"Chicken Jalfraizi (FILET G\u00c0 N\u01af\u1edaNG T\u1ea8M GIA V\u1eca CAY S\u1ed0T C\u00c0 CHUA, H\u00c0NH T\u00c2Y, \u1edaT XANH)\"}]},{\"@type\":\"WebSite\",\"@id\":\"https:\\\/\\\/tandoorvietnam.com\\\/vi\\\/#website\",\"url\":\"https:\\\/\\\/tandoorvietnam.com\\\/vi\\\/\",\"name\":\"Tandoor Vietnam\",\"description\":\"Nh\u00e0 h\u00e0ng ngon h\u1ed3 ch\u00ed minh\",\"publisher\":{\"@id\":\"https:\\\/\\\/tandoorvietnam.com\\\/vi\\\/#organization\"},\"potentialAction\":[{\"@type\":\"SearchAction\",\"target\":{\"@type\":\"EntryPoint\",\"urlTemplate\":\"https:\\\/\\\/tandoorvietnam.com\\\/vi\\\/?s={search_term_string}\"},\"query-input\":{\"@type\":\"PropertyValueSpecification\",\"valueRequired\":true,\"valueName\":\"search_term_string\"}}],\"inLanguage\":\"vi-VN\"},{\"@type\":\"Organization\",\"@id\":\"https:\\\/\\\/tandoorvietnam.com\\\/vi\\\/#organization\",\"name\":\"Tandoor Vietnam\",\"url\":\"https:\\\/\\\/tandoorvietnam.com\\\/vi\\\/\",\"logo\":{\"@type\":\"ImageObject\",\"inLanguage\":\"vi-VN\",\"@id\":\"https:\\\/\\\/tandoorvietnam.com\\\/vi\\\/#\\\/schema\\\/logo\\\/image\\\/\",\"url\":\"https:\\\/\\\/tandoorvietnam.com\\\/wp-content\\\/uploads\\\/2020\\\/07\\\/logo.png\",\"contentUrl\":\"https:\\\/\\\/tandoorvietnam.com\\\/wp-content\\\/uploads\\\/2020\\\/07\\\/logo.png\",\"width\":133,\"height\":75,\"caption\":\"Tandoor Vietnam\"},\"image\":{\"@id\":\"https:\\\/\\\/tandoorvietnam.com\\\/vi\\\/#\\\/schema\\\/logo\\\/image\\\/\"},\"sameAs\":[\"https:\\\/\\\/www.facebook.com\\\/tandoor.hcmc\\\/\"]}]}<\/script>\n<!-- \/ Yoast SEO Premium plugin. -->","yoast_head_json":{"title":"FILET G\u00c0 N\u01af\u1edaNG T\u1ea8M GIA V\u1eca CAY S\u1ed0T C\u00c0 CHUA, H\u00c0NH T\u00c2Y","description":"Th\u01b0\u1edfng th\u1ee9c filet g\u00e0 n\u01b0\u1edbng t\u1ea9m gia v\u1ecb cay s\u1ed1t c\u00e0 chua, h\u00e0nh t\u00e2y v\u00e0 \u1edbt xanh t\u1ea1i Tandoor Vietnam. M\u00f3n \u0103n \u0111\u1eadm \u0111\u00e0, th\u01a1m ngon, h\u1ea5p d\u1eabn cho b\u1eefa \u0103n c\u1ee7a b\u1ea1n.","robots":{"index":"index","follow":"follow","max-snippet":"max-snippet:-1","max-image-preview":"max-image-preview:large","max-video-preview":"max-video-preview:-1"},"canonical":"https:\/\/tandoorvietnam.com\/vi\/sanpham\/cac-mon-ga\/filet-ga-nuong-tam-gia-vi-cay-sot-ca-chua-hanh-tay-ot-xanh\/","og_locale":"vi_VN","og_type":"article","og_title":"Chicken Jalfraizi (FILET G\u00c0 N\u01af\u1edaNG T\u1ea8M GIA V\u1eca CAY S\u1ed0T C\u00c0 CHUA, H\u00c0NH T\u00c2Y, \u1edaT XANH)","og_description":"Th\u01b0\u1edfng th\u1ee9c filet g\u00e0 n\u01b0\u1edbng t\u1ea9m gia v\u1ecb cay s\u1ed1t c\u00e0 chua, h\u00e0nh t\u00e2y v\u00e0 \u1edbt xanh t\u1ea1i Tandoor Vietnam. M\u00f3n \u0103n \u0111\u1eadm \u0111\u00e0, th\u01a1m ngon, h\u1ea5p d\u1eabn cho b\u1eefa \u0103n c\u1ee7a b\u1ea1n.","og_url":"https:\/\/tandoorvietnam.com\/vi\/sanpham\/cac-mon-ga\/filet-ga-nuong-tam-gia-vi-cay-sot-ca-chua-hanh-tay-ot-xanh\/","og_site_name":"Tandoor Vi\u1ec7t Nam","article_publisher":"https:\/\/www.facebook.com\/tandoor.hcmc\/","article_modified_time":"2023-05-10T09:29:10+00:00","og_image":[{"width":1400,"height":1400,"url":"https:\/\/tandoorvietnam.com\/wp-content\/uploads\/2020\/06\/Chicken-Jalfraizi.jpg","type":"image\/jpeg"}],"twitter_card":"summary_large_image","twitter_misc":{"Est. reading time":"2 minutes"},"schema":{"@context":"https:\/\/schema.org","@graph":[{"@type":"WebPage","@id":"https:\/\/tandoorvietnam.com\/vi\/sanpham\/cac-mon-ga\/filet-ga-nuong-tam-gia-vi-cay-sot-ca-chua-hanh-tay-ot-xanh\/","url":"https:\/\/tandoorvietnam.com\/vi\/sanpham\/cac-mon-ga\/filet-ga-nuong-tam-gia-vi-cay-sot-ca-chua-hanh-tay-ot-xanh\/","name":"FILET G\u00c0 N\u01af\u1edaNG T\u1ea8M GIA V\u1eca CAY S\u1ed0T C\u00c0 CHUA, H\u00c0NH T\u00c2Y","isPartOf":{"@id":"https:\/\/tandoorvietnam.com\/vi\/#website"},"primaryImageOfPage":{"@id":"https:\/\/tandoorvietnam.com\/vi\/sanpham\/cac-mon-ga\/filet-ga-nuong-tam-gia-vi-cay-sot-ca-chua-hanh-tay-ot-xanh\/#primaryimage"},"image":{"@id":"https:\/\/tandoorvietnam.com\/vi\/sanpham\/cac-mon-ga\/filet-ga-nuong-tam-gia-vi-cay-sot-ca-chua-hanh-tay-ot-xanh\/#primaryimage"},"thumbnailUrl":"https:\/\/tandoorvietnam.com\/wp-content\/uploads\/2020\/06\/Chicken-Jalfraizi.jpg","datePublished":"2021-04-14T08:54:18+00:00","dateModified":"2023-05-10T09:29:10+00:00","description":"Th\u01b0\u1edfng th\u1ee9c filet g\u00e0 n\u01b0\u1edbng t\u1ea9m gia v\u1ecb cay s\u1ed1t c\u00e0 chua, h\u00e0nh t\u00e2y v\u00e0 \u1edbt xanh t\u1ea1i Tandoor Vietnam. M\u00f3n \u0103n \u0111\u1eadm \u0111\u00e0, th\u01a1m ngon, h\u1ea5p d\u1eabn cho b\u1eefa \u0103n c\u1ee7a b\u1ea1n.","breadcrumb":{"@id":"https:\/\/tandoorvietnam.com\/vi\/sanpham\/cac-mon-ga\/filet-ga-nuong-tam-gia-vi-cay-sot-ca-chua-hanh-tay-ot-xanh\/#breadcrumb"},"inLanguage":"vi-VN","potentialAction":[{"@type":"ReadAction","target":["https:\/\/tandoorvietnam.com\/vi\/sanpham\/cac-mon-ga\/filet-ga-nuong-tam-gia-vi-cay-sot-ca-chua-hanh-tay-ot-xanh\/"]}]},{"@type":"ImageObject","inLanguage":"vi-VN","@id":"https:\/\/tandoorvietnam.com\/vi\/sanpham\/cac-mon-ga\/filet-ga-nuong-tam-gia-vi-cay-sot-ca-chua-hanh-tay-ot-xanh\/#primaryimage","url":"https:\/\/tandoorvietnam.com\/wp-content\/uploads\/2020\/06\/Chicken-Jalfraizi.jpg","contentUrl":"https:\/\/tandoorvietnam.com\/wp-content\/uploads\/2020\/06\/Chicken-Jalfraizi.jpg","width":1400,"height":1400,"caption":"FILET G\u00c0 N\u01af\u1edaNG T\u1ea8M GIA V\u1eca CAY S\u1ed0T C\u00c0 CHUA, H\u00c0NH T\u00c2Y, \u1edaT XANH"},{"@type":"BreadcrumbList","@id":"https:\/\/tandoorvietnam.com\/vi\/sanpham\/cac-mon-ga\/filet-ga-nuong-tam-gia-vi-cay-sot-ca-chua-hanh-tay-ot-xanh\/#breadcrumb","itemListElement":[{"@type":"ListItem","position":1,"name":"Trang Ch\u1ee7","item":"https:\/\/tandoorvietnam.com\/vi\/"},{"@type":"ListItem","position":2,"name":"Shop","item":"https:\/\/tandoorvietnam.com\/shop\/"},{"@type":"ListItem","position":3,"name":"Chicken Jalfraizi (FILET G\u00c0 N\u01af\u1edaNG T\u1ea8M GIA V\u1eca CAY S\u1ed0T C\u00c0 CHUA, H\u00c0NH T\u00c2Y, \u1edaT XANH)"}]},{"@type":"WebSite","@id":"https:\/\/tandoorvietnam.com\/vi\/#website","url":"https:\/\/tandoorvietnam.com\/vi\/","name":"Tandoor Vietnam","description":"Nh\u00e0 h\u00e0ng ngon h\u1ed3 ch\u00ed minh","publisher":{"@id":"https:\/\/tandoorvietnam.com\/vi\/#organization"},"potentialAction":[{"@type":"SearchAction","target":{"@type":"EntryPoint","urlTemplate":"https:\/\/tandoorvietnam.com\/vi\/?s={search_term_string}"},"query-input":{"@type":"PropertyValueSpecification","valueRequired":true,"valueName":"search_term_string"}}],"inLanguage":"vi-VN"},{"@type":"Organization","@id":"https:\/\/tandoorvietnam.com\/vi\/#organization","name":"Tandoor Vietnam","url":"https:\/\/tandoorvietnam.com\/vi\/","logo":{"@type":"ImageObject","inLanguage":"vi-VN","@id":"https:\/\/tandoorvietnam.com\/vi\/#\/schema\/logo\/image\/","url":"https:\/\/tandoorvietnam.com\/wp-content\/uploads\/2020\/07\/logo.png","contentUrl":"https:\/\/tandoorvietnam.com\/wp-content\/uploads\/2020\/07\/logo.png","width":133,"height":75,"caption":"Tandoor Vietnam"},"image":{"@id":"https:\/\/tandoorvietnam.com\/vi\/#\/schema\/logo\/image\/"},"sameAs":["https:\/\/www.facebook.com\/tandoor.hcmc\/"]}]}},"_links":{"self":[{"href":"https:\/\/tandoorvietnam.com\/vi\/wp-json\/wp\/v2\/product\/3264","targetHints":{"allow":["GET"]}}],"collection":[{"href":"https:\/\/tandoorvietnam.com\/vi\/wp-json\/wp\/v2\/product"}],"about":[{"href":"https:\/\/tandoorvietnam.com\/vi\/wp-json\/wp\/v2\/types\/product"}],"wp:featuredmedia":[{"embeddable":true,"href":"https:\/\/tandoorvietnam.com\/vi\/wp-json\/wp\/v2\/media\/3265"}],"wp:attachment":[{"href":"https:\/\/tandoorvietnam.com\/vi\/wp-json\/wp\/v2\/media?parent=3264"}],"wp:term":[{"taxonomy":"product_brand","embeddable":true,"href":"https:\/\/tandoorvietnam.com\/vi\/wp-json\/wp\/v2\/product_brand?post=3264"},{"taxonomy":"product_cat","embeddable":true,"href":"https:\/\/tandoorvietnam.com\/vi\/wp-json\/wp\/v2\/product_cat?post=3264"},{"taxonomy":"product_tag","embeddable":true,"href":"https:\/\/tandoorvietnam.com\/vi\/wp-json\/wp\/v2\/product_tag?post=3264"}],"curies":[{"name":"wp","href":"https:\/\/api.w.org\/{rel}","templated":true}]}}