{"id":3266,"date":"2020-06-20T12:36:47","date_gmt":"2021-04-14T09:27:25","guid":{"rendered":"http:\/\/tandoorvietnam.com\/product\/uncategorized\/ga-rut-xuong-nau-sot-hat-dieu-va-vang-sua\/"},"modified":"2023-05-19T15:56:21","modified_gmt":"2023-05-19T15:56:21","slug":"ga-rut-xuong-nau-sot-hat-dieu-va-vang-sua","status":"publish","type":"product","link":"https:\/\/tandoorvietnam.com\/vi\/sanpham\/cac-mon-ga\/ga-rut-xuong-nau-sot-hat-dieu-va-vang-sua\/","title":{"rendered":"Chicken Korma (G\u00c0 R\u00daT X\u01af\u01a0NG N\u1ea4U S\u1ed0T H\u1ea0T \u0110I\u1ec0U V\u00c0 V\u00c1NG S\u1eeeA)"},"content":{"rendered":"<p>G\u00e0 R\u00fat X\u01b0\u01a1ng n\u1ea5u s\u1ed1t h\u1ea1t \u0111i\u1ec1u v\u00e0 v\u00e1ng s\u1eefa (Chicken Korma) l\u00e0 m\u1ed9t m\u00f3n \u0103n tuy\u1ec7t v\u1eddi t\u1ea1i Tandoor Vietnam. Ch\u00fang t\u00f4i s\u1eed d\u1ee5ng g\u00e0 t\u01b0\u01a1i ngon v\u00e0 ch\u1ebf bi\u1ebfn theo ph\u01b0\u01a1ng ph\u00e1p \u0111\u1ed9c \u0111\u00e1o \u0111\u1ec3 \u0111\u1ea3m b\u1ea3o h\u01b0\u01a1ng v\u1ecb t\u1ed1t nh\u1ea5t cho m\u00f3n \u0103n n\u00e0y.<\/p>\n<p>G\u00e0 \u0111\u01b0\u1ee3c r\u00fat x\u01b0\u01a1ng, gi\u00fap th\u1ecbt g\u00e0 tr\u1edf n\u00ean m\u1ec1m m\u1ecbn v\u00e0 d\u1ec5 \u0103n. N\u00f3 \u0111\u01b0\u1ee3c n\u1ea5u ch\u00edn k\u1ef9 c\u00f9ng v\u1edbi s\u1ed1t h\u1ea1t \u0111i\u1ec1u v\u00e0 v\u1ea3ng s\u1eefa, t\u1ea1o n\u00ean m\u1ed9t h\u01b0\u01a1ng v\u1ecb \u0111\u1ed9c \u0111\u00e1o v\u00e0 \u0111\u1eadm \u0111\u00e0. S\u1ef1 h\u00f2a quy\u1ec7n gi\u1eefa h\u1ea1t \u0111i\u1ec1u th\u01a1m ngon v\u00e0 v\u1ea3ng s\u1eefa b\u00e9o ng\u1eady t\u1ea1o n\u00ean m\u1ed9t s\u1ef1 k\u1ebft h\u1ee3p tuy\u1ec7t v\u1eddi v\u1edbi th\u1ecbt g\u00e0.<\/p>\n<p>M\u00f3n Chicken Korma\u00a0th\u01b0\u1eddng \u0111\u01b0\u1ee3c \u0103n k\u00e8m v\u1edbi c\u01a1m ho\u1eb7c b\u00e1nh m\u00ec \u0111\u1ec3 t\u1eadn h\u01b0\u1edfng h\u01b0\u01a1ng v\u1ecb tuy\u1ec7t v\u1eddi c\u1ee7a n\u00f3. M\u00f3n \u0103n n\u00e0y c\u00f3 \u0111\u1ed9 ng\u1ecdt v\u1eeba ph\u1ea3i, \u0111\u1eadm \u0111\u00e0 v\u00e0 h\u1ea5p d\u1eabn. \u0110\u00e2y l\u00e0 m\u1ed9t l\u1ef1a ch\u1ecdn th\u00fa v\u1ecb cho nh\u1eefng ai y\u00eau th\u00edch h\u01b0\u01a1ng v\u1ecb \u1ea9m th\u1ef1c \u1ea4n \u0110\u1ed9.<\/p>\n<p>T\u1ea1i<a href=\"https:\/\/tandoorvietnam.com\/\"> Tandoor Vietnam<\/a>, ch\u00fang t\u00f4i cam k\u1ebft s\u1eed d\u1ee5ng nguy\u00ean li\u1ec7u t\u01b0\u01a1i ngon v\u00e0 ch\u1ea5t l\u01b0\u1ee3ng \u0111\u1ec3 mang \u0111\u1ebfn cho b\u1ea1n nh\u1eefng m\u00f3n \u0103n ngon nh\u1ea5t. G\u00e0 R\u00fat X\u01b0\u01a1ng n\u1ea5u s\u1ed1t h\u1ea1t \u0111i\u1ec1u v\u00e0 v\u00e1ng s\u1eefa l\u00e0 m\u1ed9t trong nh\u1eefng m\u00f3n \u0103n \u0111\u1eb7c s\u1eafc c\u1ee7a ch\u00fang t\u00f4i, h\u1ee9a h\u1eb9n \u0111em \u0111\u1ebfn cho b\u1ea1n tr\u1ea3i nghi\u1ec7m \u1ea9m th\u1ef1c tuy\u1ec7t v\u1eddi v\u00e0 th\u1ecfa m\u00e3n v\u1ecb gi\u00e1c c\u1ee7a b\u1ea1n.<\/p>\n","protected":false},"excerpt":{"rendered":"<p>&nbsp;<\/p>\n<table width=\"723\">\n<tbody>\n<tr>\n<td width=\"412\">A cashew nuts based mild, chicken curry flavoured with nutmeg<\/td>\n<\/tr>\n<tr>\n<td width=\"412\"><em> G\u00e0 kh\u00f4ng x\u01b0\u01a1ng n\u1ea5u s\u1ed1t h\u1ea1t \u0111i\u1ec1u v\u00e0 v\u00e1ng s\u1eefa<\/em><\/td>\n<\/tr>\n<\/tbody>\n<\/table>\n","protected":false},"featured_media":3267,"template":"","meta":[],"product_brand":[],"product_cat":[227],"product_tag":[],"class_list":{"0":"post-3266","1":"product","2":"type-product","3":"status-publish","4":"has-post-thumbnail","6":"product_cat-cac-mon-ga","8":"first","9":"instock","10":"taxable","11":"shipping-taxable","12":"purchasable","13":"product-type-simple"},"yoast_head":"<!-- This site is optimized with the Yoast SEO Premium plugin v22.3 (Yoast SEO v27.4) - https:\/\/yoast.com\/product\/yoast-seo-premium-wordpress\/ -->\n<title>G\u00c0 R\u00daT X\u01af\u01a0NG N\u1ea4U S\u1ed0T H\u1ea0T \u0110I\u1ec0U V\u00c0 V\u00c1NG S\u1eeeA<\/title>\n<meta name=\"description\" content=\"M\u00f3n G\u00e0 R\u00fat X\u01b0\u01a1ng n\u1ea5u s\u1ed1t h\u1ea1t \u0111i\u1ec1u v\u00e0 v\u00e1ng s\u1eefa t\u1ea1i Tandoor Vietnam. H\u01b0\u01a1ng v\u1ecb \u0111\u1eadm \u0111\u00e0 c\u1ee7a g\u00e0 k\u1ebft h\u1ee3p v\u1edbi s\u1ef1 ngon l\u00e0nh c\u1ee7a h\u1ea1t \u0111i\u1ec1u v\u00e0 v\u1ea3ng s\u1eefa.\" \/>\n<meta name=\"robots\" content=\"index, follow, max-snippet:-1, max-image-preview:large, max-video-preview:-1\" \/>\n<link rel=\"canonical\" href=\"https:\/\/tandoorvietnam.com\/vi\/sanpham\/cac-mon-ga\/ga-rut-xuong-nau-sot-hat-dieu-va-vang-sua\/\" \/>\n<meta property=\"og:locale\" content=\"vi_VN\" \/>\n<meta property=\"og:type\" content=\"article\" \/>\n<meta property=\"og:title\" content=\"Chicken Korma (G\u00c0 R\u00daT X\u01af\u01a0NG N\u1ea4U S\u1ed0T H\u1ea0T \u0110I\u1ec0U V\u00c0 V\u00c1NG S\u1eeeA)\" \/>\n<meta property=\"og:description\" content=\"M\u00f3n G\u00e0 R\u00fat X\u01b0\u01a1ng n\u1ea5u s\u1ed1t h\u1ea1t \u0111i\u1ec1u v\u00e0 v\u00e1ng s\u1eefa t\u1ea1i Tandoor Vietnam. H\u01b0\u01a1ng v\u1ecb \u0111\u1eadm \u0111\u00e0 c\u1ee7a g\u00e0 k\u1ebft h\u1ee3p v\u1edbi s\u1ef1 ngon l\u00e0nh c\u1ee7a h\u1ea1t \u0111i\u1ec1u v\u00e0 v\u1ea3ng s\u1eefa.\" \/>\n<meta property=\"og:url\" content=\"https:\/\/tandoorvietnam.com\/vi\/sanpham\/cac-mon-ga\/ga-rut-xuong-nau-sot-hat-dieu-va-vang-sua\/\" \/>\n<meta property=\"og:site_name\" content=\"Tandoor Vi\u1ec7t Nam\" \/>\n<meta property=\"article:publisher\" content=\"https:\/\/www.facebook.com\/tandoor.hcmc\/\" \/>\n<meta property=\"article:modified_time\" content=\"2023-05-19T15:56:21+00:00\" \/>\n<meta property=\"og:image\" content=\"https:\/\/tandoorvietnam.com\/wp-content\/uploads\/2020\/06\/Chicken-korma.jpg\" \/>\n\t<meta property=\"og:image:width\" content=\"1400\" \/>\n\t<meta property=\"og:image:height\" content=\"1400\" \/>\n\t<meta property=\"og:image:type\" content=\"image\/jpeg\" \/>\n<meta name=\"twitter:card\" content=\"summary_large_image\" \/>\n<meta name=\"twitter:label1\" content=\"Est. reading time\" \/>\n\t<meta name=\"twitter:data1\" content=\"1 minute\" \/>\n<script type=\"application\/ld+json\" class=\"yoast-schema-graph\">{\"@context\":\"https:\\\/\\\/schema.org\",\"@graph\":[{\"@type\":\"WebPage\",\"@id\":\"https:\\\/\\\/tandoorvietnam.com\\\/vi\\\/sanpham\\\/cac-mon-ga\\\/ga-rut-xuong-nau-sot-hat-dieu-va-vang-sua\\\/\",\"url\":\"https:\\\/\\\/tandoorvietnam.com\\\/vi\\\/sanpham\\\/cac-mon-ga\\\/ga-rut-xuong-nau-sot-hat-dieu-va-vang-sua\\\/\",\"name\":\"G\u00c0 R\u00daT X\u01af\u01a0NG N\u1ea4U S\u1ed0T H\u1ea0T \u0110I\u1ec0U V\u00c0 V\u00c1NG S\u1eeeA\",\"isPartOf\":{\"@id\":\"https:\\\/\\\/tandoorvietnam.com\\\/vi\\\/#website\"},\"primaryImageOfPage\":{\"@id\":\"https:\\\/\\\/tandoorvietnam.com\\\/vi\\\/sanpham\\\/cac-mon-ga\\\/ga-rut-xuong-nau-sot-hat-dieu-va-vang-sua\\\/#primaryimage\"},\"image\":{\"@id\":\"https:\\\/\\\/tandoorvietnam.com\\\/vi\\\/sanpham\\\/cac-mon-ga\\\/ga-rut-xuong-nau-sot-hat-dieu-va-vang-sua\\\/#primaryimage\"},\"thumbnailUrl\":\"https:\\\/\\\/tandoorvietnam.com\\\/wp-content\\\/uploads\\\/2020\\\/06\\\/Chicken-korma.jpg\",\"datePublished\":\"2021-04-14T09:27:25+00:00\",\"dateModified\":\"2023-05-19T15:56:21+00:00\",\"description\":\"M\u00f3n G\u00e0 R\u00fat X\u01b0\u01a1ng n\u1ea5u s\u1ed1t h\u1ea1t \u0111i\u1ec1u v\u00e0 v\u00e1ng s\u1eefa t\u1ea1i Tandoor Vietnam. H\u01b0\u01a1ng v\u1ecb \u0111\u1eadm \u0111\u00e0 c\u1ee7a g\u00e0 k\u1ebft h\u1ee3p v\u1edbi s\u1ef1 ngon l\u00e0nh c\u1ee7a h\u1ea1t \u0111i\u1ec1u v\u00e0 v\u1ea3ng s\u1eefa.\",\"breadcrumb\":{\"@id\":\"https:\\\/\\\/tandoorvietnam.com\\\/vi\\\/sanpham\\\/cac-mon-ga\\\/ga-rut-xuong-nau-sot-hat-dieu-va-vang-sua\\\/#breadcrumb\"},\"inLanguage\":\"vi-VN\",\"potentialAction\":[{\"@type\":\"ReadAction\",\"target\":[\"https:\\\/\\\/tandoorvietnam.com\\\/vi\\\/sanpham\\\/cac-mon-ga\\\/ga-rut-xuong-nau-sot-hat-dieu-va-vang-sua\\\/\"]}]},{\"@type\":\"ImageObject\",\"inLanguage\":\"vi-VN\",\"@id\":\"https:\\\/\\\/tandoorvietnam.com\\\/vi\\\/sanpham\\\/cac-mon-ga\\\/ga-rut-xuong-nau-sot-hat-dieu-va-vang-sua\\\/#primaryimage\",\"url\":\"https:\\\/\\\/tandoorvietnam.com\\\/wp-content\\\/uploads\\\/2020\\\/06\\\/Chicken-korma.jpg\",\"contentUrl\":\"https:\\\/\\\/tandoorvietnam.com\\\/wp-content\\\/uploads\\\/2020\\\/06\\\/Chicken-korma.jpg\",\"width\":1400,\"height\":1400,\"caption\":\"G\u00c0 R\u00daT X\u01af\u01a0NG N\u1ea4U S\u1ed0T H\u1ea0T \u0110I\u1ec0U V\u00c0 V\u00c1NG S\u1eeeA\"},{\"@type\":\"BreadcrumbList\",\"@id\":\"https:\\\/\\\/tandoorvietnam.com\\\/vi\\\/sanpham\\\/cac-mon-ga\\\/ga-rut-xuong-nau-sot-hat-dieu-va-vang-sua\\\/#breadcrumb\",\"itemListElement\":[{\"@type\":\"ListItem\",\"position\":1,\"name\":\"Trang Ch\u1ee7\",\"item\":\"https:\\\/\\\/tandoorvietnam.com\\\/vi\\\/\"},{\"@type\":\"ListItem\",\"position\":2,\"name\":\"Shop\",\"item\":\"https:\\\/\\\/tandoorvietnam.com\\\/shop\\\/\"},{\"@type\":\"ListItem\",\"position\":3,\"name\":\"Chicken Korma (G\u00c0 R\u00daT X\u01af\u01a0NG N\u1ea4U S\u1ed0T H\u1ea0T \u0110I\u1ec0U V\u00c0 V\u00c1NG S\u1eeeA)\"}]},{\"@type\":\"WebSite\",\"@id\":\"https:\\\/\\\/tandoorvietnam.com\\\/vi\\\/#website\",\"url\":\"https:\\\/\\\/tandoorvietnam.com\\\/vi\\\/\",\"name\":\"Tandoor Vietnam\",\"description\":\"Nh\u00e0 h\u00e0ng ngon h\u1ed3 ch\u00ed minh\",\"publisher\":{\"@id\":\"https:\\\/\\\/tandoorvietnam.com\\\/vi\\\/#organization\"},\"potentialAction\":[{\"@type\":\"SearchAction\",\"target\":{\"@type\":\"EntryPoint\",\"urlTemplate\":\"https:\\\/\\\/tandoorvietnam.com\\\/vi\\\/?s={search_term_string}\"},\"query-input\":{\"@type\":\"PropertyValueSpecification\",\"valueRequired\":true,\"valueName\":\"search_term_string\"}}],\"inLanguage\":\"vi-VN\"},{\"@type\":\"Organization\",\"@id\":\"https:\\\/\\\/tandoorvietnam.com\\\/vi\\\/#organization\",\"name\":\"Tandoor Vietnam\",\"url\":\"https:\\\/\\\/tandoorvietnam.com\\\/vi\\\/\",\"logo\":{\"@type\":\"ImageObject\",\"inLanguage\":\"vi-VN\",\"@id\":\"https:\\\/\\\/tandoorvietnam.com\\\/vi\\\/#\\\/schema\\\/logo\\\/image\\\/\",\"url\":\"https:\\\/\\\/tandoorvietnam.com\\\/wp-content\\\/uploads\\\/2020\\\/07\\\/logo.png\",\"contentUrl\":\"https:\\\/\\\/tandoorvietnam.com\\\/wp-content\\\/uploads\\\/2020\\\/07\\\/logo.png\",\"width\":133,\"height\":75,\"caption\":\"Tandoor Vietnam\"},\"image\":{\"@id\":\"https:\\\/\\\/tandoorvietnam.com\\\/vi\\\/#\\\/schema\\\/logo\\\/image\\\/\"},\"sameAs\":[\"https:\\\/\\\/www.facebook.com\\\/tandoor.hcmc\\\/\"]}]}<\/script>\n<!-- \/ Yoast SEO Premium plugin. -->","yoast_head_json":{"title":"G\u00c0 R\u00daT X\u01af\u01a0NG N\u1ea4U S\u1ed0T H\u1ea0T \u0110I\u1ec0U V\u00c0 V\u00c1NG S\u1eeeA","description":"M\u00f3n G\u00e0 R\u00fat X\u01b0\u01a1ng n\u1ea5u s\u1ed1t h\u1ea1t \u0111i\u1ec1u v\u00e0 v\u00e1ng s\u1eefa t\u1ea1i Tandoor Vietnam. H\u01b0\u01a1ng v\u1ecb \u0111\u1eadm \u0111\u00e0 c\u1ee7a g\u00e0 k\u1ebft h\u1ee3p v\u1edbi s\u1ef1 ngon l\u00e0nh c\u1ee7a h\u1ea1t \u0111i\u1ec1u v\u00e0 v\u1ea3ng s\u1eefa.","robots":{"index":"index","follow":"follow","max-snippet":"max-snippet:-1","max-image-preview":"max-image-preview:large","max-video-preview":"max-video-preview:-1"},"canonical":"https:\/\/tandoorvietnam.com\/vi\/sanpham\/cac-mon-ga\/ga-rut-xuong-nau-sot-hat-dieu-va-vang-sua\/","og_locale":"vi_VN","og_type":"article","og_title":"Chicken Korma (G\u00c0 R\u00daT X\u01af\u01a0NG N\u1ea4U S\u1ed0T H\u1ea0T \u0110I\u1ec0U V\u00c0 V\u00c1NG S\u1eeeA)","og_description":"M\u00f3n G\u00e0 R\u00fat X\u01b0\u01a1ng n\u1ea5u s\u1ed1t h\u1ea1t \u0111i\u1ec1u v\u00e0 v\u00e1ng s\u1eefa t\u1ea1i Tandoor Vietnam. H\u01b0\u01a1ng v\u1ecb \u0111\u1eadm \u0111\u00e0 c\u1ee7a g\u00e0 k\u1ebft h\u1ee3p v\u1edbi s\u1ef1 ngon l\u00e0nh c\u1ee7a h\u1ea1t \u0111i\u1ec1u v\u00e0 v\u1ea3ng s\u1eefa.","og_url":"https:\/\/tandoorvietnam.com\/vi\/sanpham\/cac-mon-ga\/ga-rut-xuong-nau-sot-hat-dieu-va-vang-sua\/","og_site_name":"Tandoor Vi\u1ec7t Nam","article_publisher":"https:\/\/www.facebook.com\/tandoor.hcmc\/","article_modified_time":"2023-05-19T15:56:21+00:00","og_image":[{"width":1400,"height":1400,"url":"https:\/\/tandoorvietnam.com\/wp-content\/uploads\/2020\/06\/Chicken-korma.jpg","type":"image\/jpeg"}],"twitter_card":"summary_large_image","twitter_misc":{"Est. reading time":"1 minute"},"schema":{"@context":"https:\/\/schema.org","@graph":[{"@type":"WebPage","@id":"https:\/\/tandoorvietnam.com\/vi\/sanpham\/cac-mon-ga\/ga-rut-xuong-nau-sot-hat-dieu-va-vang-sua\/","url":"https:\/\/tandoorvietnam.com\/vi\/sanpham\/cac-mon-ga\/ga-rut-xuong-nau-sot-hat-dieu-va-vang-sua\/","name":"G\u00c0 R\u00daT X\u01af\u01a0NG N\u1ea4U S\u1ed0T H\u1ea0T \u0110I\u1ec0U V\u00c0 V\u00c1NG S\u1eeeA","isPartOf":{"@id":"https:\/\/tandoorvietnam.com\/vi\/#website"},"primaryImageOfPage":{"@id":"https:\/\/tandoorvietnam.com\/vi\/sanpham\/cac-mon-ga\/ga-rut-xuong-nau-sot-hat-dieu-va-vang-sua\/#primaryimage"},"image":{"@id":"https:\/\/tandoorvietnam.com\/vi\/sanpham\/cac-mon-ga\/ga-rut-xuong-nau-sot-hat-dieu-va-vang-sua\/#primaryimage"},"thumbnailUrl":"https:\/\/tandoorvietnam.com\/wp-content\/uploads\/2020\/06\/Chicken-korma.jpg","datePublished":"2021-04-14T09:27:25+00:00","dateModified":"2023-05-19T15:56:21+00:00","description":"M\u00f3n G\u00e0 R\u00fat X\u01b0\u01a1ng n\u1ea5u s\u1ed1t h\u1ea1t \u0111i\u1ec1u v\u00e0 v\u00e1ng s\u1eefa t\u1ea1i Tandoor Vietnam. H\u01b0\u01a1ng v\u1ecb \u0111\u1eadm \u0111\u00e0 c\u1ee7a g\u00e0 k\u1ebft h\u1ee3p v\u1edbi s\u1ef1 ngon l\u00e0nh c\u1ee7a h\u1ea1t \u0111i\u1ec1u v\u00e0 v\u1ea3ng s\u1eefa.","breadcrumb":{"@id":"https:\/\/tandoorvietnam.com\/vi\/sanpham\/cac-mon-ga\/ga-rut-xuong-nau-sot-hat-dieu-va-vang-sua\/#breadcrumb"},"inLanguage":"vi-VN","potentialAction":[{"@type":"ReadAction","target":["https:\/\/tandoorvietnam.com\/vi\/sanpham\/cac-mon-ga\/ga-rut-xuong-nau-sot-hat-dieu-va-vang-sua\/"]}]},{"@type":"ImageObject","inLanguage":"vi-VN","@id":"https:\/\/tandoorvietnam.com\/vi\/sanpham\/cac-mon-ga\/ga-rut-xuong-nau-sot-hat-dieu-va-vang-sua\/#primaryimage","url":"https:\/\/tandoorvietnam.com\/wp-content\/uploads\/2020\/06\/Chicken-korma.jpg","contentUrl":"https:\/\/tandoorvietnam.com\/wp-content\/uploads\/2020\/06\/Chicken-korma.jpg","width":1400,"height":1400,"caption":"G\u00c0 R\u00daT X\u01af\u01a0NG N\u1ea4U S\u1ed0T H\u1ea0T \u0110I\u1ec0U V\u00c0 V\u00c1NG S\u1eeeA"},{"@type":"BreadcrumbList","@id":"https:\/\/tandoorvietnam.com\/vi\/sanpham\/cac-mon-ga\/ga-rut-xuong-nau-sot-hat-dieu-va-vang-sua\/#breadcrumb","itemListElement":[{"@type":"ListItem","position":1,"name":"Trang Ch\u1ee7","item":"https:\/\/tandoorvietnam.com\/vi\/"},{"@type":"ListItem","position":2,"name":"Shop","item":"https:\/\/tandoorvietnam.com\/shop\/"},{"@type":"ListItem","position":3,"name":"Chicken Korma (G\u00c0 R\u00daT X\u01af\u01a0NG N\u1ea4U S\u1ed0T H\u1ea0T \u0110I\u1ec0U V\u00c0 V\u00c1NG S\u1eeeA)"}]},{"@type":"WebSite","@id":"https:\/\/tandoorvietnam.com\/vi\/#website","url":"https:\/\/tandoorvietnam.com\/vi\/","name":"Tandoor Vietnam","description":"Nh\u00e0 h\u00e0ng ngon h\u1ed3 ch\u00ed minh","publisher":{"@id":"https:\/\/tandoorvietnam.com\/vi\/#organization"},"potentialAction":[{"@type":"SearchAction","target":{"@type":"EntryPoint","urlTemplate":"https:\/\/tandoorvietnam.com\/vi\/?s={search_term_string}"},"query-input":{"@type":"PropertyValueSpecification","valueRequired":true,"valueName":"search_term_string"}}],"inLanguage":"vi-VN"},{"@type":"Organization","@id":"https:\/\/tandoorvietnam.com\/vi\/#organization","name":"Tandoor Vietnam","url":"https:\/\/tandoorvietnam.com\/vi\/","logo":{"@type":"ImageObject","inLanguage":"vi-VN","@id":"https:\/\/tandoorvietnam.com\/vi\/#\/schema\/logo\/image\/","url":"https:\/\/tandoorvietnam.com\/wp-content\/uploads\/2020\/07\/logo.png","contentUrl":"https:\/\/tandoorvietnam.com\/wp-content\/uploads\/2020\/07\/logo.png","width":133,"height":75,"caption":"Tandoor Vietnam"},"image":{"@id":"https:\/\/tandoorvietnam.com\/vi\/#\/schema\/logo\/image\/"},"sameAs":["https:\/\/www.facebook.com\/tandoor.hcmc\/"]}]}},"_links":{"self":[{"href":"https:\/\/tandoorvietnam.com\/vi\/wp-json\/wp\/v2\/product\/3266","targetHints":{"allow":["GET"]}}],"collection":[{"href":"https:\/\/tandoorvietnam.com\/vi\/wp-json\/wp\/v2\/product"}],"about":[{"href":"https:\/\/tandoorvietnam.com\/vi\/wp-json\/wp\/v2\/types\/product"}],"wp:featuredmedia":[{"embeddable":true,"href":"https:\/\/tandoorvietnam.com\/vi\/wp-json\/wp\/v2\/media\/3267"}],"wp:attachment":[{"href":"https:\/\/tandoorvietnam.com\/vi\/wp-json\/wp\/v2\/media?parent=3266"}],"wp:term":[{"taxonomy":"product_brand","embeddable":true,"href":"https:\/\/tandoorvietnam.com\/vi\/wp-json\/wp\/v2\/product_brand?post=3266"},{"taxonomy":"product_cat","embeddable":true,"href":"https:\/\/tandoorvietnam.com\/vi\/wp-json\/wp\/v2\/product_cat?post=3266"},{"taxonomy":"product_tag","embeddable":true,"href":"https:\/\/tandoorvietnam.com\/vi\/wp-json\/wp\/v2\/product_tag?post=3266"}],"curies":[{"name":"wp","href":"https:\/\/api.w.org\/{rel}","templated":true}]}}