{"id":3268,"date":"2020-06-20T12:28:41","date_gmt":"2021-04-14T09:28:58","guid":{"rendered":"http:\/\/tandoorvietnam.com\/product\/uncategorized\/ga-rut-xuong-nau-sot-rau-bo-xoi-va-bo\/"},"modified":"2023-05-17T06:03:27","modified_gmt":"2023-05-17T06:03:27","slug":"ga-rut-xuong-nau-sot-rau-bo-xoi-va-bo","status":"publish","type":"product","link":"https:\/\/tandoorvietnam.com\/vi\/sanpham\/cac-mon-ga\/ga-rut-xuong-nau-sot-rau-bo-xoi-va-bo\/","title":{"rendered":"Chicken Makhan Palak (G\u00c0 R\u00daT X\u01af\u01a0NG N\u1ea4U S\u1ed0T RAU B\u00d3 X\u00d4I V\u00c0 B\u01a0)"},"content":{"rendered":"<p>G\u00e0 R\u00fat X\u01b0\u01a1ng n\u1ea5u s\u1ed1t rau b\u00f3 x\u00f4i v\u00e0 b\u01a1 l\u00e0 m\u1ed9t m\u00f3n \u0103n \u0111\u1ed9c \u0111\u00e1o v\u00e0 h\u1ea5p d\u1eabn t\u1ea1i Tandoor Vietnam. Ch\u00fang t\u00f4i s\u1eed d\u1ee5ng g\u00e0 t\u01b0\u01a1i ngon v\u00e0 ch\u1ebf bi\u1ebfn th\u00e0nh c\u00e1c mi\u1ebfng th\u1ecbt g\u00e0 m\u1ec1m m\u1ecbn. S\u1ef1 k\u1ebft h\u1ee3p gi\u1eefa th\u1ecbt g\u00e0, rau b\u00f3 x\u00f4i t\u01b0\u01a1i ngon v\u00e0 b\u01a1 th\u01a1m ng\u1eady t\u1ea1o ra m\u1ed9t h\u01b0\u01a1ng v\u1ecb \u0111\u1ed9c \u0111\u00e1o v\u00e0 h\u1ea5p d\u1eabn.<\/p>\n<p>Chicken Makhan Palak \u0111\u01b0\u1ee3c ch\u1ebf bi\u1ebfn c\u1ea9n th\u1eadn \u0111\u1ec3 \u0111\u1ea3m b\u1ea3o th\u1ecbt g\u00e0 th\u1eadt m\u1ec1m v\u00e0 th\u1ea5m \u0111\u1ec1u h\u01b0\u01a1ng v\u1ecb t\u1eeb s\u1ed1t v\u00e0 gia v\u1ecb. Rau b\u00f3 x\u00f4i t\u01b0\u01a1i ngon v\u00e0 b\u01a1 th\u01a1m ng\u1eady t\u1ea1o n\u00ean m\u1ed9t l\u1edbp ph\u1ee7 h\u1ea5p d\u1eabn cho mi\u1ebfng g\u00e0.<\/p>\n<p>H\u01b0\u01a1ng v\u1ecb c\u1ee7a m\u00f3n \u0103n n\u00e0y l\u00e0 s\u1ef1 k\u1ebft h\u1ee3p tinh t\u1ebf c\u1ee7a v\u1ecb ng\u1ecdt, chua, m\u1eb7n v\u00e0 th\u01a1m. S\u1ef1 b\u1ed5 sung c\u1ee7a rau b\u00f3 x\u00f4i v\u00e0 b\u01a1 t\u1ea1o n\u00ean s\u1ef1 t\u01b0\u01a1i ngon v\u00e0 \u0111\u1eadm \u0111\u00e0 cho m\u00f3n \u0103n. Th\u1ecbt g\u00e0 m\u1ec1m m\u1ecbn, rau b\u00f3 x\u00f4i t\u01b0\u01a1i ngon v\u00e0 h\u01b0\u01a1ng v\u1ecb th\u01a1m ng\u1eady c\u1ee7a b\u01a1 t\u1ea1o th\u00e0nh m\u1ed9t s\u1ef1 k\u1ebft h\u1ee3p ho\u00e0n h\u1ea3o.<\/p>\n<p>B\u1ea1n c\u00f3 th\u1ec3 th\u01b0\u1edfng th\u1ee9c m\u00f3n G\u00e0 R\u00fat X\u01b0\u01a1ng n\u1ea5u s\u1ed1t rau b\u00f3 x\u00f4i v\u00e0 b\u01a1 t\u1ea1i Tandoor Vietnam trong m\u1ed9t kh\u00f4ng gian \u1ea5m c\u00fang v\u00e0 tho\u1ea3i m\u00e1i. M\u00f3n \u0103n n\u00e0y th\u00edch h\u1ee3p cho b\u1eefa tr\u01b0a ho\u1eb7c b\u1eefa t\u1ed1i, v\u00e0 c\u00f3 th\u1ec3 \u0111\u01b0\u1ee3c \u0103n k\u00e8m v\u1edbi c\u01a1m tr\u1eafng, b\u00e1nh m\u00ec ho\u1eb7c m\u00ec x\u00e0o.<\/p>\n<p>T\u1ea1i <a href=\"https:\/\/tandoorvietnam.com\/\">nh\u00e0 h\u00e0ng Tandoor Vietnam<\/a>, ch\u00fang t\u00f4i cam k\u1ebft mang \u0111\u1ebfn cho b\u1ea1n nh\u1eefng m\u00f3n \u0103n tuy\u1ec7t v\u1eddi v\u1edbi ch\u1ea5t l\u01b0\u1ee3ng t\u1ed1t nh\u1ea5t v\u00e0 h\u01b0\u01a1ng v\u1ecb \u0111\u1ed9c \u0111\u00e1o. H\u00e3y \u0111\u1ebfn v\u00e0 th\u01b0\u1edfng th\u1ee9c m\u00f3n Chicken Makhan Palak c\u1ee7a ch\u00fang t\u00f4i \u0111\u1ec3 tr\u1ea3i nghi\u1ec7m h\u01b0\u01a1ng v\u1ecb \u1ea4n \u0110\u1ed9 \u0111\u1ed9c \u0111\u00e1o v\u00e0 \u0111\u1eadm ch\u1ea5t.<\/p>\n","protected":false},"excerpt":{"rendered":"<p>&nbsp;<\/p>\n<table width=\"723\">\n<tbody>\n<tr>\n<td width=\"412\">Chicken cooked in a spinach gravy<\/td>\n<\/tr>\n<tr>\n<td width=\"412\"><em> G\u00e0 kh\u00f4ng x\u01b0\u01a1ng c\u1eaft kh\u00fac n\u1ea5u s\u1ed1t rau b\u00f3 x\u00f4i v\u00e0 b\u01a1<\/em><\/td>\n<\/tr>\n<\/tbody>\n<\/table>\n","protected":false},"featured_media":3269,"template":"","meta":[],"product_brand":[],"product_cat":[227],"product_tag":[],"class_list":{"0":"post-3268","1":"product","2":"type-product","3":"status-publish","4":"has-post-thumbnail","6":"product_cat-cac-mon-ga","8":"first","9":"instock","10":"taxable","11":"shipping-taxable","12":"purchasable","13":"product-type-simple"},"yoast_head":"<!-- This site is optimized with the Yoast SEO Premium plugin v22.3 (Yoast SEO v27.4) - https:\/\/yoast.com\/product\/yoast-seo-premium-wordpress\/ -->\n<title>G\u00c0 R\u00daT X\u01af\u01a0NG N\u1ea4U S\u1ed0T RAU B\u00d3 X\u00d4I V\u00c0 B\u01a0<\/title>\n<meta name=\"description\" content=\"M\u00f3n G\u00e0 R\u00fat X\u01b0\u01a1ng n\u1ea5u s\u1ed1t rau b\u00f3 x\u00f4i v\u00e0 b\u01a1 t\u1ea1i Tandoor Vietnam. H\u01b0\u01a1ng v\u1ecb \u0111\u1ed9c \u0111\u00e1o t\u1eeb s\u1ef1 k\u1ebft h\u1ee3p ho\u00e0n h\u1ea3o c\u1ee7a g\u00e0 t\u01b0\u01a1i, rau b\u00f3 x\u00f4i t\u01b0\u01a1i ngon v\u00e0 b\u01a1 th\u01a1m ng\u1eady.\" \/>\n<meta name=\"robots\" content=\"index, follow, max-snippet:-1, max-image-preview:large, max-video-preview:-1\" \/>\n<link rel=\"canonical\" href=\"https:\/\/tandoorvietnam.com\/vi\/sanpham\/cac-mon-ga\/ga-rut-xuong-nau-sot-rau-bo-xoi-va-bo\/\" \/>\n<meta property=\"og:locale\" content=\"vi_VN\" \/>\n<meta property=\"og:type\" content=\"article\" \/>\n<meta property=\"og:title\" content=\"Chicken Makhan Palak (G\u00c0 R\u00daT X\u01af\u01a0NG N\u1ea4U S\u1ed0T RAU B\u00d3 X\u00d4I V\u00c0 B\u01a0)\" \/>\n<meta property=\"og:description\" content=\"M\u00f3n G\u00e0 R\u00fat X\u01b0\u01a1ng n\u1ea5u s\u1ed1t rau b\u00f3 x\u00f4i v\u00e0 b\u01a1 t\u1ea1i Tandoor Vietnam. H\u01b0\u01a1ng v\u1ecb \u0111\u1ed9c \u0111\u00e1o t\u1eeb s\u1ef1 k\u1ebft h\u1ee3p ho\u00e0n h\u1ea3o c\u1ee7a g\u00e0 t\u01b0\u01a1i, rau b\u00f3 x\u00f4i t\u01b0\u01a1i ngon v\u00e0 b\u01a1 th\u01a1m ng\u1eady.\" \/>\n<meta property=\"og:url\" content=\"https:\/\/tandoorvietnam.com\/vi\/sanpham\/cac-mon-ga\/ga-rut-xuong-nau-sot-rau-bo-xoi-va-bo\/\" \/>\n<meta property=\"og:site_name\" content=\"Tandoor Vi\u1ec7t Nam\" \/>\n<meta property=\"article:publisher\" content=\"https:\/\/www.facebook.com\/tandoor.hcmc\/\" \/>\n<meta property=\"article:modified_time\" content=\"2023-05-17T06:03:27+00:00\" \/>\n<meta property=\"og:image\" content=\"https:\/\/tandoorvietnam.com\/wp-content\/uploads\/2020\/06\/Chicken-makhan-palak.jpg\" \/>\n\t<meta property=\"og:image:width\" content=\"1400\" \/>\n\t<meta property=\"og:image:height\" content=\"1400\" \/>\n\t<meta property=\"og:image:type\" content=\"image\/jpeg\" \/>\n<meta name=\"twitter:card\" content=\"summary_large_image\" \/>\n<meta name=\"twitter:label1\" content=\"Est. reading time\" \/>\n\t<meta name=\"twitter:data1\" content=\"2 minutes\" \/>\n<script type=\"application\/ld+json\" class=\"yoast-schema-graph\">{\"@context\":\"https:\\\/\\\/schema.org\",\"@graph\":[{\"@type\":\"WebPage\",\"@id\":\"https:\\\/\\\/tandoorvietnam.com\\\/vi\\\/sanpham\\\/cac-mon-ga\\\/ga-rut-xuong-nau-sot-rau-bo-xoi-va-bo\\\/\",\"url\":\"https:\\\/\\\/tandoorvietnam.com\\\/vi\\\/sanpham\\\/cac-mon-ga\\\/ga-rut-xuong-nau-sot-rau-bo-xoi-va-bo\\\/\",\"name\":\"G\u00c0 R\u00daT X\u01af\u01a0NG N\u1ea4U S\u1ed0T RAU B\u00d3 X\u00d4I V\u00c0 B\u01a0\",\"isPartOf\":{\"@id\":\"https:\\\/\\\/tandoorvietnam.com\\\/vi\\\/#website\"},\"primaryImageOfPage\":{\"@id\":\"https:\\\/\\\/tandoorvietnam.com\\\/vi\\\/sanpham\\\/cac-mon-ga\\\/ga-rut-xuong-nau-sot-rau-bo-xoi-va-bo\\\/#primaryimage\"},\"image\":{\"@id\":\"https:\\\/\\\/tandoorvietnam.com\\\/vi\\\/sanpham\\\/cac-mon-ga\\\/ga-rut-xuong-nau-sot-rau-bo-xoi-va-bo\\\/#primaryimage\"},\"thumbnailUrl\":\"https:\\\/\\\/tandoorvietnam.com\\\/wp-content\\\/uploads\\\/2020\\\/06\\\/Chicken-makhan-palak.jpg\",\"datePublished\":\"2021-04-14T09:28:58+00:00\",\"dateModified\":\"2023-05-17T06:03:27+00:00\",\"description\":\"M\u00f3n G\u00e0 R\u00fat X\u01b0\u01a1ng n\u1ea5u s\u1ed1t rau b\u00f3 x\u00f4i v\u00e0 b\u01a1 t\u1ea1i Tandoor Vietnam. H\u01b0\u01a1ng v\u1ecb \u0111\u1ed9c \u0111\u00e1o t\u1eeb s\u1ef1 k\u1ebft h\u1ee3p ho\u00e0n h\u1ea3o c\u1ee7a g\u00e0 t\u01b0\u01a1i, rau b\u00f3 x\u00f4i t\u01b0\u01a1i ngon v\u00e0 b\u01a1 th\u01a1m ng\u1eady.\",\"breadcrumb\":{\"@id\":\"https:\\\/\\\/tandoorvietnam.com\\\/vi\\\/sanpham\\\/cac-mon-ga\\\/ga-rut-xuong-nau-sot-rau-bo-xoi-va-bo\\\/#breadcrumb\"},\"inLanguage\":\"vi-VN\",\"potentialAction\":[{\"@type\":\"ReadAction\",\"target\":[\"https:\\\/\\\/tandoorvietnam.com\\\/vi\\\/sanpham\\\/cac-mon-ga\\\/ga-rut-xuong-nau-sot-rau-bo-xoi-va-bo\\\/\"]}]},{\"@type\":\"ImageObject\",\"inLanguage\":\"vi-VN\",\"@id\":\"https:\\\/\\\/tandoorvietnam.com\\\/vi\\\/sanpham\\\/cac-mon-ga\\\/ga-rut-xuong-nau-sot-rau-bo-xoi-va-bo\\\/#primaryimage\",\"url\":\"https:\\\/\\\/tandoorvietnam.com\\\/wp-content\\\/uploads\\\/2020\\\/06\\\/Chicken-makhan-palak.jpg\",\"contentUrl\":\"https:\\\/\\\/tandoorvietnam.com\\\/wp-content\\\/uploads\\\/2020\\\/06\\\/Chicken-makhan-palak.jpg\",\"width\":1400,\"height\":1400,\"caption\":\"G\u00c0 R\u00daT X\u01af\u01a0NG N\u1ea4U S\u1ed0T RAU B\u00d3 X\u00d4I V\u00c0 B\u01a0\"},{\"@type\":\"BreadcrumbList\",\"@id\":\"https:\\\/\\\/tandoorvietnam.com\\\/vi\\\/sanpham\\\/cac-mon-ga\\\/ga-rut-xuong-nau-sot-rau-bo-xoi-va-bo\\\/#breadcrumb\",\"itemListElement\":[{\"@type\":\"ListItem\",\"position\":1,\"name\":\"Trang Ch\u1ee7\",\"item\":\"https:\\\/\\\/tandoorvietnam.com\\\/vi\\\/\"},{\"@type\":\"ListItem\",\"position\":2,\"name\":\"Shop\",\"item\":\"https:\\\/\\\/tandoorvietnam.com\\\/shop\\\/\"},{\"@type\":\"ListItem\",\"position\":3,\"name\":\"Chicken Makhan Palak (G\u00c0 R\u00daT X\u01af\u01a0NG N\u1ea4U S\u1ed0T RAU B\u00d3 X\u00d4I V\u00c0 B\u01a0)\"}]},{\"@type\":\"WebSite\",\"@id\":\"https:\\\/\\\/tandoorvietnam.com\\\/vi\\\/#website\",\"url\":\"https:\\\/\\\/tandoorvietnam.com\\\/vi\\\/\",\"name\":\"Tandoor Vietnam\",\"description\":\"Nh\u00e0 h\u00e0ng ngon h\u1ed3 ch\u00ed minh\",\"publisher\":{\"@id\":\"https:\\\/\\\/tandoorvietnam.com\\\/vi\\\/#organization\"},\"potentialAction\":[{\"@type\":\"SearchAction\",\"target\":{\"@type\":\"EntryPoint\",\"urlTemplate\":\"https:\\\/\\\/tandoorvietnam.com\\\/vi\\\/?s={search_term_string}\"},\"query-input\":{\"@type\":\"PropertyValueSpecification\",\"valueRequired\":true,\"valueName\":\"search_term_string\"}}],\"inLanguage\":\"vi-VN\"},{\"@type\":\"Organization\",\"@id\":\"https:\\\/\\\/tandoorvietnam.com\\\/vi\\\/#organization\",\"name\":\"Tandoor Vietnam\",\"url\":\"https:\\\/\\\/tandoorvietnam.com\\\/vi\\\/\",\"logo\":{\"@type\":\"ImageObject\",\"inLanguage\":\"vi-VN\",\"@id\":\"https:\\\/\\\/tandoorvietnam.com\\\/vi\\\/#\\\/schema\\\/logo\\\/image\\\/\",\"url\":\"https:\\\/\\\/tandoorvietnam.com\\\/wp-content\\\/uploads\\\/2020\\\/07\\\/logo.png\",\"contentUrl\":\"https:\\\/\\\/tandoorvietnam.com\\\/wp-content\\\/uploads\\\/2020\\\/07\\\/logo.png\",\"width\":133,\"height\":75,\"caption\":\"Tandoor Vietnam\"},\"image\":{\"@id\":\"https:\\\/\\\/tandoorvietnam.com\\\/vi\\\/#\\\/schema\\\/logo\\\/image\\\/\"},\"sameAs\":[\"https:\\\/\\\/www.facebook.com\\\/tandoor.hcmc\\\/\"]}]}<\/script>\n<!-- \/ Yoast SEO Premium plugin. -->","yoast_head_json":{"title":"G\u00c0 R\u00daT X\u01af\u01a0NG N\u1ea4U S\u1ed0T RAU B\u00d3 X\u00d4I V\u00c0 B\u01a0","description":"M\u00f3n G\u00e0 R\u00fat X\u01b0\u01a1ng n\u1ea5u s\u1ed1t rau b\u00f3 x\u00f4i v\u00e0 b\u01a1 t\u1ea1i Tandoor Vietnam. H\u01b0\u01a1ng v\u1ecb \u0111\u1ed9c \u0111\u00e1o t\u1eeb s\u1ef1 k\u1ebft h\u1ee3p ho\u00e0n h\u1ea3o c\u1ee7a g\u00e0 t\u01b0\u01a1i, rau b\u00f3 x\u00f4i t\u01b0\u01a1i ngon v\u00e0 b\u01a1 th\u01a1m ng\u1eady.","robots":{"index":"index","follow":"follow","max-snippet":"max-snippet:-1","max-image-preview":"max-image-preview:large","max-video-preview":"max-video-preview:-1"},"canonical":"https:\/\/tandoorvietnam.com\/vi\/sanpham\/cac-mon-ga\/ga-rut-xuong-nau-sot-rau-bo-xoi-va-bo\/","og_locale":"vi_VN","og_type":"article","og_title":"Chicken Makhan Palak (G\u00c0 R\u00daT X\u01af\u01a0NG N\u1ea4U S\u1ed0T RAU B\u00d3 X\u00d4I V\u00c0 B\u01a0)","og_description":"M\u00f3n G\u00e0 R\u00fat X\u01b0\u01a1ng n\u1ea5u s\u1ed1t rau b\u00f3 x\u00f4i v\u00e0 b\u01a1 t\u1ea1i Tandoor Vietnam. H\u01b0\u01a1ng v\u1ecb \u0111\u1ed9c \u0111\u00e1o t\u1eeb s\u1ef1 k\u1ebft h\u1ee3p ho\u00e0n h\u1ea3o c\u1ee7a g\u00e0 t\u01b0\u01a1i, rau b\u00f3 x\u00f4i t\u01b0\u01a1i ngon v\u00e0 b\u01a1 th\u01a1m ng\u1eady.","og_url":"https:\/\/tandoorvietnam.com\/vi\/sanpham\/cac-mon-ga\/ga-rut-xuong-nau-sot-rau-bo-xoi-va-bo\/","og_site_name":"Tandoor Vi\u1ec7t Nam","article_publisher":"https:\/\/www.facebook.com\/tandoor.hcmc\/","article_modified_time":"2023-05-17T06:03:27+00:00","og_image":[{"width":1400,"height":1400,"url":"https:\/\/tandoorvietnam.com\/wp-content\/uploads\/2020\/06\/Chicken-makhan-palak.jpg","type":"image\/jpeg"}],"twitter_card":"summary_large_image","twitter_misc":{"Est. reading time":"2 minutes"},"schema":{"@context":"https:\/\/schema.org","@graph":[{"@type":"WebPage","@id":"https:\/\/tandoorvietnam.com\/vi\/sanpham\/cac-mon-ga\/ga-rut-xuong-nau-sot-rau-bo-xoi-va-bo\/","url":"https:\/\/tandoorvietnam.com\/vi\/sanpham\/cac-mon-ga\/ga-rut-xuong-nau-sot-rau-bo-xoi-va-bo\/","name":"G\u00c0 R\u00daT X\u01af\u01a0NG N\u1ea4U S\u1ed0T RAU B\u00d3 X\u00d4I V\u00c0 B\u01a0","isPartOf":{"@id":"https:\/\/tandoorvietnam.com\/vi\/#website"},"primaryImageOfPage":{"@id":"https:\/\/tandoorvietnam.com\/vi\/sanpham\/cac-mon-ga\/ga-rut-xuong-nau-sot-rau-bo-xoi-va-bo\/#primaryimage"},"image":{"@id":"https:\/\/tandoorvietnam.com\/vi\/sanpham\/cac-mon-ga\/ga-rut-xuong-nau-sot-rau-bo-xoi-va-bo\/#primaryimage"},"thumbnailUrl":"https:\/\/tandoorvietnam.com\/wp-content\/uploads\/2020\/06\/Chicken-makhan-palak.jpg","datePublished":"2021-04-14T09:28:58+00:00","dateModified":"2023-05-17T06:03:27+00:00","description":"M\u00f3n G\u00e0 R\u00fat X\u01b0\u01a1ng n\u1ea5u s\u1ed1t rau b\u00f3 x\u00f4i v\u00e0 b\u01a1 t\u1ea1i Tandoor Vietnam. H\u01b0\u01a1ng v\u1ecb \u0111\u1ed9c \u0111\u00e1o t\u1eeb s\u1ef1 k\u1ebft h\u1ee3p ho\u00e0n h\u1ea3o c\u1ee7a g\u00e0 t\u01b0\u01a1i, rau b\u00f3 x\u00f4i t\u01b0\u01a1i ngon v\u00e0 b\u01a1 th\u01a1m ng\u1eady.","breadcrumb":{"@id":"https:\/\/tandoorvietnam.com\/vi\/sanpham\/cac-mon-ga\/ga-rut-xuong-nau-sot-rau-bo-xoi-va-bo\/#breadcrumb"},"inLanguage":"vi-VN","potentialAction":[{"@type":"ReadAction","target":["https:\/\/tandoorvietnam.com\/vi\/sanpham\/cac-mon-ga\/ga-rut-xuong-nau-sot-rau-bo-xoi-va-bo\/"]}]},{"@type":"ImageObject","inLanguage":"vi-VN","@id":"https:\/\/tandoorvietnam.com\/vi\/sanpham\/cac-mon-ga\/ga-rut-xuong-nau-sot-rau-bo-xoi-va-bo\/#primaryimage","url":"https:\/\/tandoorvietnam.com\/wp-content\/uploads\/2020\/06\/Chicken-makhan-palak.jpg","contentUrl":"https:\/\/tandoorvietnam.com\/wp-content\/uploads\/2020\/06\/Chicken-makhan-palak.jpg","width":1400,"height":1400,"caption":"G\u00c0 R\u00daT X\u01af\u01a0NG N\u1ea4U S\u1ed0T RAU B\u00d3 X\u00d4I V\u00c0 B\u01a0"},{"@type":"BreadcrumbList","@id":"https:\/\/tandoorvietnam.com\/vi\/sanpham\/cac-mon-ga\/ga-rut-xuong-nau-sot-rau-bo-xoi-va-bo\/#breadcrumb","itemListElement":[{"@type":"ListItem","position":1,"name":"Trang Ch\u1ee7","item":"https:\/\/tandoorvietnam.com\/vi\/"},{"@type":"ListItem","position":2,"name":"Shop","item":"https:\/\/tandoorvietnam.com\/shop\/"},{"@type":"ListItem","position":3,"name":"Chicken Makhan Palak (G\u00c0 R\u00daT X\u01af\u01a0NG N\u1ea4U S\u1ed0T RAU B\u00d3 X\u00d4I V\u00c0 B\u01a0)"}]},{"@type":"WebSite","@id":"https:\/\/tandoorvietnam.com\/vi\/#website","url":"https:\/\/tandoorvietnam.com\/vi\/","name":"Tandoor Vietnam","description":"Nh\u00e0 h\u00e0ng ngon h\u1ed3 ch\u00ed minh","publisher":{"@id":"https:\/\/tandoorvietnam.com\/vi\/#organization"},"potentialAction":[{"@type":"SearchAction","target":{"@type":"EntryPoint","urlTemplate":"https:\/\/tandoorvietnam.com\/vi\/?s={search_term_string}"},"query-input":{"@type":"PropertyValueSpecification","valueRequired":true,"valueName":"search_term_string"}}],"inLanguage":"vi-VN"},{"@type":"Organization","@id":"https:\/\/tandoorvietnam.com\/vi\/#organization","name":"Tandoor Vietnam","url":"https:\/\/tandoorvietnam.com\/vi\/","logo":{"@type":"ImageObject","inLanguage":"vi-VN","@id":"https:\/\/tandoorvietnam.com\/vi\/#\/schema\/logo\/image\/","url":"https:\/\/tandoorvietnam.com\/wp-content\/uploads\/2020\/07\/logo.png","contentUrl":"https:\/\/tandoorvietnam.com\/wp-content\/uploads\/2020\/07\/logo.png","width":133,"height":75,"caption":"Tandoor Vietnam"},"image":{"@id":"https:\/\/tandoorvietnam.com\/vi\/#\/schema\/logo\/image\/"},"sameAs":["https:\/\/www.facebook.com\/tandoor.hcmc\/"]}]}},"_links":{"self":[{"href":"https:\/\/tandoorvietnam.com\/vi\/wp-json\/wp\/v2\/product\/3268","targetHints":{"allow":["GET"]}}],"collection":[{"href":"https:\/\/tandoorvietnam.com\/vi\/wp-json\/wp\/v2\/product"}],"about":[{"href":"https:\/\/tandoorvietnam.com\/vi\/wp-json\/wp\/v2\/types\/product"}],"wp:featuredmedia":[{"embeddable":true,"href":"https:\/\/tandoorvietnam.com\/vi\/wp-json\/wp\/v2\/media\/3269"}],"wp:attachment":[{"href":"https:\/\/tandoorvietnam.com\/vi\/wp-json\/wp\/v2\/media?parent=3268"}],"wp:term":[{"taxonomy":"product_brand","embeddable":true,"href":"https:\/\/tandoorvietnam.com\/vi\/wp-json\/wp\/v2\/product_brand?post=3268"},{"taxonomy":"product_cat","embeddable":true,"href":"https:\/\/tandoorvietnam.com\/vi\/wp-json\/wp\/v2\/product_cat?post=3268"},{"taxonomy":"product_tag","embeddable":true,"href":"https:\/\/tandoorvietnam.com\/vi\/wp-json\/wp\/v2\/product_tag?post=3268"}],"curies":[{"name":"wp","href":"https:\/\/api.w.org\/{rel}","templated":true}]}}