{"id":3270,"date":"2020-06-20T12:37:04","date_gmt":"2021-04-14T09:29:45","guid":{"rendered":"http:\/\/tandoorvietnam.com\/product\/uncategorized\/ga-rut-xuong-nau-sot-trung-ca-ri-va-gia-vi-cay\/"},"modified":"2023-05-19T17:15:50","modified_gmt":"2023-05-19T17:15:50","slug":"ga-rut-xuong-nau-sot-trung-ca-ri-va-gia-vi-cay","status":"publish","type":"product","link":"https:\/\/tandoorvietnam.com\/vi\/sanpham\/cac-mon-ga\/ga-rut-xuong-nau-sot-trung-ca-ri-va-gia-vi-cay\/","title":{"rendered":"Chicken Masala (G\u00c0 R\u00daT X\u01af\u01a0NG N\u1ea4U S\u1ed0T TR\u1ee8NG C\u00c0 RI V\u00c0 GIA V\u1eca CAY)"},"content":{"rendered":"<p>G\u00e0 R\u00fat X\u01b0\u01a1ng n\u1ea5u s\u1ed1t tr\u1ee9ng C\u00e0 Ri v\u00e0 gia v\u1ecb cay (Chicken Masala) l\u00e0 m\u1ed9t m\u00f3n \u0103n \u0111\u1ed9c \u0111\u00e1o v\u00e0 h\u1ea5p d\u1eabn t\u1ea1i Tandoor Vietnam. Ch\u00fang t\u00f4i ch\u1ecdn nh\u1eefng mi\u1ebfng g\u00e0 t\u01b0\u01a1i ngon v\u00e0 r\u00fat x\u01b0\u01a1ng c\u1ea9n th\u1eadn \u0111\u1ec3 gi\u1eef nguy\u00ean h\u00ecnh d\u00e1ng v\u00e0 gi\u00f2n tan. S\u1ef1 k\u1ebft h\u1ee3p gi\u1eefa g\u00e0 v\u00e0 tr\u1ee9ng C\u00e0 Ri t\u1ea1o n\u00ean m\u1ed9t h\u01b0\u01a1ng v\u1ecb \u0111\u1ed9c \u0111\u00e1o v\u00e0 \u0111\u1eadm \u0111\u00e0.<\/p>\n<p>M\u00f3n G\u00e0 R\u00fat X\u01b0\u01a1ng n\u1ea5u s\u1ed1t tr\u1ee9ng C\u00e0 Ri v\u00e0 gia v\u1ecb cay \u0111\u01b0\u1ee3c ch\u1ebf bi\u1ebfn v\u1edbi s\u1ef1 t\u1ec9 m\u1ec9 v\u00e0 tinh t\u1ebf. G\u00e0 \u0111\u01b0\u1ee3c n\u1ea5u ch\u00edn m\u1ec1m trong n\u1ed3i s\u1ed1t tr\u1ee9ng C\u00e0 Ri th\u01a1m ngon, t\u1ea1o n\u00ean m\u1ed9t m\u00e0u s\u1eafc v\u00e0 h\u01b0\u01a1ng v\u1ecb h\u1ea5p d\u1eabn. Gia v\u1ecb cay n\u1ed3ng \u0111\u01b0\u1ee3c th\u00eam v\u00e0o \u0111\u1ec3 l\u00e0m t\u0103ng th\u00eam \u0111\u1ed9 n\u00f3ng v\u00e0 h\u1ea5p d\u1eabn c\u1ee7a m\u00f3n \u0103n.<\/p>\n<p>V\u1edbi Chicken Masala, b\u1ea1n s\u1ebd \u0111\u01b0\u1ee3c tr\u1ea3i nghi\u1ec7m m\u1ed9t m\u00f3n \u0103n th\u00fa v\u1ecb v\u1edbi h\u01b0\u01a1ng v\u1ecb \u0111a d\u1ea1ng v\u00e0 \u0111\u1eadm \u0111\u00e0. S\u1ef1 k\u1ebft h\u1ee3p gi\u1eefa tr\u1ee9ng C\u00e0 Ri th\u01a1m ngon v\u00e0 g\u00e0 t\u01b0\u01a1i ngon s\u1ebd mang \u0111\u1ebfn cho b\u1ea1n m\u1ed9t tr\u1ea3i nghi\u1ec7m \u1ea9m th\u1ef1c \u0111\u1eb7c bi\u1ec7t.<\/p>\n<p>M\u00f3n \u0103n n\u00e0y th\u00edch h\u1ee3p \u0111\u1ec3 th\u01b0\u1edfng th\u1ee9c c\u00f9ng v\u1edbi c\u01a1m tr\u1eafng th\u01a1m ngon ho\u1eb7c b\u00e1nh m\u00ec t\u01b0\u01a1i m\u1ec1m. B\u1ea1n c\u00f3 th\u1ec3 t\u1eadn h\u01b0\u1edfng h\u01b0\u01a1ng v\u1ecb cay n\u1ed3ng c\u1ee7a Chicken Masala\u00a0t\u1ea1i <a href=\"https:\/\/tandoorvietnam.com\/\">Tandoor Vietnam<\/a>, n\u01a1i ch\u00fang t\u00f4i cam k\u1ebft \u0111\u1ea3m b\u1ea3o ch\u1ea5t l\u01b0\u1ee3ng v\u00e0 t\u01b0\u01a1i ngon c\u1ee7a m\u00f3n \u0103n.<\/p>\n","protected":false},"excerpt":{"rendered":"<p>&nbsp;<\/p>\n<table width=\"723\">\n<tbody>\n<tr>\n<td width=\"412\">Chicken cooked in blend of ground Indian spices and egg<\/td>\n<\/tr>\n<tr>\n<td width=\"412\"><em> G\u00e0 kh\u00f4ng x\u01b0\u01a1ng x\u1eaft kh\u00fac n\u1ea5u s\u1ed1t tr\u1ee9ng cari v\u00e0 gia v\u1ecb cay \u1ea4n \u0110\u1ed9<\/em><\/td>\n<\/tr>\n<\/tbody>\n<\/table>\n","protected":false},"featured_media":3271,"template":"","meta":[],"product_brand":[],"product_cat":[227],"product_tag":[],"class_list":{"0":"post-3270","1":"product","2":"type-product","3":"status-publish","4":"has-post-thumbnail","6":"product_cat-cac-mon-ga","8":"first","9":"instock","10":"taxable","11":"shipping-taxable","12":"purchasable","13":"product-type-simple"},"yoast_head":"<!-- This site is optimized with the Yoast SEO Premium plugin v22.3 (Yoast SEO v27.4) - https:\/\/yoast.com\/product\/yoast-seo-premium-wordpress\/ -->\n<title>G\u00c0 R\u00daT X\u01af\u01a0NG N\u1ea4U S\u1ed0T TR\u1ee8NG C\u00c0 RI V\u00c0 GIA V\u1eca CAY<\/title>\n<meta name=\"description\" content=\"M\u00f3n G\u00e0 R\u00fat X\u01b0\u01a1ng n\u1ea5u s\u1ed1t tr\u1ee9ng C\u00e0 Ri v\u00e0 gia v\u1ecb cay t\u1ea1i Tandoor Vietnam. H\u01b0\u01a1ng v\u1ecb \u0111\u1eadm \u0111\u00e0, cay n\u1ed3ng k\u1ebft h\u1ee3p v\u1edbi tr\u1ee9ng C\u00e0 Ri th\u01a1m ngon.\" \/>\n<meta name=\"robots\" content=\"index, follow, max-snippet:-1, max-image-preview:large, max-video-preview:-1\" \/>\n<link rel=\"canonical\" href=\"https:\/\/tandoorvietnam.com\/vi\/sanpham\/cac-mon-ga\/ga-rut-xuong-nau-sot-trung-ca-ri-va-gia-vi-cay\/\" \/>\n<meta property=\"og:locale\" content=\"vi_VN\" \/>\n<meta property=\"og:type\" content=\"article\" \/>\n<meta property=\"og:title\" content=\"Chicken Masala (G\u00c0 R\u00daT X\u01af\u01a0NG N\u1ea4U S\u1ed0T TR\u1ee8NG C\u00c0 RI V\u00c0 GIA V\u1eca CAY)\" \/>\n<meta property=\"og:description\" content=\"M\u00f3n G\u00e0 R\u00fat X\u01b0\u01a1ng n\u1ea5u s\u1ed1t tr\u1ee9ng C\u00e0 Ri v\u00e0 gia v\u1ecb cay t\u1ea1i Tandoor Vietnam. H\u01b0\u01a1ng v\u1ecb \u0111\u1eadm \u0111\u00e0, cay n\u1ed3ng k\u1ebft h\u1ee3p v\u1edbi tr\u1ee9ng C\u00e0 Ri th\u01a1m ngon.\" \/>\n<meta property=\"og:url\" content=\"https:\/\/tandoorvietnam.com\/vi\/sanpham\/cac-mon-ga\/ga-rut-xuong-nau-sot-trung-ca-ri-va-gia-vi-cay\/\" \/>\n<meta property=\"og:site_name\" content=\"Tandoor Vi\u1ec7t Nam\" \/>\n<meta property=\"article:publisher\" content=\"https:\/\/www.facebook.com\/tandoor.hcmc\/\" \/>\n<meta property=\"article:modified_time\" content=\"2023-05-19T17:15:50+00:00\" \/>\n<meta property=\"og:image\" content=\"https:\/\/tandoorvietnam.com\/wp-content\/uploads\/2020\/06\/Chicken-masala.jpg\" \/>\n\t<meta property=\"og:image:width\" content=\"1400\" \/>\n\t<meta property=\"og:image:height\" content=\"1400\" \/>\n\t<meta property=\"og:image:type\" content=\"image\/jpeg\" \/>\n<meta name=\"twitter:card\" content=\"summary_large_image\" \/>\n<meta name=\"twitter:label1\" content=\"Est. reading time\" \/>\n\t<meta name=\"twitter:data1\" content=\"2 minutes\" \/>\n<script type=\"application\/ld+json\" class=\"yoast-schema-graph\">{\"@context\":\"https:\\\/\\\/schema.org\",\"@graph\":[{\"@type\":\"WebPage\",\"@id\":\"https:\\\/\\\/tandoorvietnam.com\\\/vi\\\/sanpham\\\/cac-mon-ga\\\/ga-rut-xuong-nau-sot-trung-ca-ri-va-gia-vi-cay\\\/\",\"url\":\"https:\\\/\\\/tandoorvietnam.com\\\/vi\\\/sanpham\\\/cac-mon-ga\\\/ga-rut-xuong-nau-sot-trung-ca-ri-va-gia-vi-cay\\\/\",\"name\":\"G\u00c0 R\u00daT X\u01af\u01a0NG N\u1ea4U S\u1ed0T TR\u1ee8NG C\u00c0 RI V\u00c0 GIA V\u1eca CAY\",\"isPartOf\":{\"@id\":\"https:\\\/\\\/tandoorvietnam.com\\\/vi\\\/#website\"},\"primaryImageOfPage\":{\"@id\":\"https:\\\/\\\/tandoorvietnam.com\\\/vi\\\/sanpham\\\/cac-mon-ga\\\/ga-rut-xuong-nau-sot-trung-ca-ri-va-gia-vi-cay\\\/#primaryimage\"},\"image\":{\"@id\":\"https:\\\/\\\/tandoorvietnam.com\\\/vi\\\/sanpham\\\/cac-mon-ga\\\/ga-rut-xuong-nau-sot-trung-ca-ri-va-gia-vi-cay\\\/#primaryimage\"},\"thumbnailUrl\":\"https:\\\/\\\/tandoorvietnam.com\\\/wp-content\\\/uploads\\\/2020\\\/06\\\/Chicken-masala.jpg\",\"datePublished\":\"2021-04-14T09:29:45+00:00\",\"dateModified\":\"2023-05-19T17:15:50+00:00\",\"description\":\"M\u00f3n G\u00e0 R\u00fat X\u01b0\u01a1ng n\u1ea5u s\u1ed1t tr\u1ee9ng C\u00e0 Ri v\u00e0 gia v\u1ecb cay t\u1ea1i Tandoor Vietnam. H\u01b0\u01a1ng v\u1ecb \u0111\u1eadm \u0111\u00e0, cay n\u1ed3ng k\u1ebft h\u1ee3p v\u1edbi tr\u1ee9ng C\u00e0 Ri th\u01a1m ngon.\",\"breadcrumb\":{\"@id\":\"https:\\\/\\\/tandoorvietnam.com\\\/vi\\\/sanpham\\\/cac-mon-ga\\\/ga-rut-xuong-nau-sot-trung-ca-ri-va-gia-vi-cay\\\/#breadcrumb\"},\"inLanguage\":\"vi-VN\",\"potentialAction\":[{\"@type\":\"ReadAction\",\"target\":[\"https:\\\/\\\/tandoorvietnam.com\\\/vi\\\/sanpham\\\/cac-mon-ga\\\/ga-rut-xuong-nau-sot-trung-ca-ri-va-gia-vi-cay\\\/\"]}]},{\"@type\":\"ImageObject\",\"inLanguage\":\"vi-VN\",\"@id\":\"https:\\\/\\\/tandoorvietnam.com\\\/vi\\\/sanpham\\\/cac-mon-ga\\\/ga-rut-xuong-nau-sot-trung-ca-ri-va-gia-vi-cay\\\/#primaryimage\",\"url\":\"https:\\\/\\\/tandoorvietnam.com\\\/wp-content\\\/uploads\\\/2020\\\/06\\\/Chicken-masala.jpg\",\"contentUrl\":\"https:\\\/\\\/tandoorvietnam.com\\\/wp-content\\\/uploads\\\/2020\\\/06\\\/Chicken-masala.jpg\",\"width\":1400,\"height\":1400,\"caption\":\"G\u00c0 R\u00daT X\u01af\u01a0NG N\u1ea4U S\u1ed0T TR\u1ee8NG C\u00c0 RI V\u00c0 GIA V\u1eca CAY\"},{\"@type\":\"BreadcrumbList\",\"@id\":\"https:\\\/\\\/tandoorvietnam.com\\\/vi\\\/sanpham\\\/cac-mon-ga\\\/ga-rut-xuong-nau-sot-trung-ca-ri-va-gia-vi-cay\\\/#breadcrumb\",\"itemListElement\":[{\"@type\":\"ListItem\",\"position\":1,\"name\":\"Trang Ch\u1ee7\",\"item\":\"https:\\\/\\\/tandoorvietnam.com\\\/vi\\\/\"},{\"@type\":\"ListItem\",\"position\":2,\"name\":\"Shop\",\"item\":\"https:\\\/\\\/tandoorvietnam.com\\\/shop\\\/\"},{\"@type\":\"ListItem\",\"position\":3,\"name\":\"Chicken Masala (G\u00c0 R\u00daT X\u01af\u01a0NG N\u1ea4U S\u1ed0T TR\u1ee8NG C\u00c0 RI V\u00c0 GIA V\u1eca CAY)\"}]},{\"@type\":\"WebSite\",\"@id\":\"https:\\\/\\\/tandoorvietnam.com\\\/vi\\\/#website\",\"url\":\"https:\\\/\\\/tandoorvietnam.com\\\/vi\\\/\",\"name\":\"Tandoor Vietnam\",\"description\":\"Nh\u00e0 h\u00e0ng ngon h\u1ed3 ch\u00ed minh\",\"publisher\":{\"@id\":\"https:\\\/\\\/tandoorvietnam.com\\\/vi\\\/#organization\"},\"potentialAction\":[{\"@type\":\"SearchAction\",\"target\":{\"@type\":\"EntryPoint\",\"urlTemplate\":\"https:\\\/\\\/tandoorvietnam.com\\\/vi\\\/?s={search_term_string}\"},\"query-input\":{\"@type\":\"PropertyValueSpecification\",\"valueRequired\":true,\"valueName\":\"search_term_string\"}}],\"inLanguage\":\"vi-VN\"},{\"@type\":\"Organization\",\"@id\":\"https:\\\/\\\/tandoorvietnam.com\\\/vi\\\/#organization\",\"name\":\"Tandoor Vietnam\",\"url\":\"https:\\\/\\\/tandoorvietnam.com\\\/vi\\\/\",\"logo\":{\"@type\":\"ImageObject\",\"inLanguage\":\"vi-VN\",\"@id\":\"https:\\\/\\\/tandoorvietnam.com\\\/vi\\\/#\\\/schema\\\/logo\\\/image\\\/\",\"url\":\"https:\\\/\\\/tandoorvietnam.com\\\/wp-content\\\/uploads\\\/2020\\\/07\\\/logo.png\",\"contentUrl\":\"https:\\\/\\\/tandoorvietnam.com\\\/wp-content\\\/uploads\\\/2020\\\/07\\\/logo.png\",\"width\":133,\"height\":75,\"caption\":\"Tandoor Vietnam\"},\"image\":{\"@id\":\"https:\\\/\\\/tandoorvietnam.com\\\/vi\\\/#\\\/schema\\\/logo\\\/image\\\/\"},\"sameAs\":[\"https:\\\/\\\/www.facebook.com\\\/tandoor.hcmc\\\/\"]}]}<\/script>\n<!-- \/ Yoast SEO Premium plugin. -->","yoast_head_json":{"title":"G\u00c0 R\u00daT X\u01af\u01a0NG N\u1ea4U S\u1ed0T TR\u1ee8NG C\u00c0 RI V\u00c0 GIA V\u1eca CAY","description":"M\u00f3n G\u00e0 R\u00fat X\u01b0\u01a1ng n\u1ea5u s\u1ed1t tr\u1ee9ng C\u00e0 Ri v\u00e0 gia v\u1ecb cay t\u1ea1i Tandoor Vietnam. H\u01b0\u01a1ng v\u1ecb \u0111\u1eadm \u0111\u00e0, cay n\u1ed3ng k\u1ebft h\u1ee3p v\u1edbi tr\u1ee9ng C\u00e0 Ri th\u01a1m ngon.","robots":{"index":"index","follow":"follow","max-snippet":"max-snippet:-1","max-image-preview":"max-image-preview:large","max-video-preview":"max-video-preview:-1"},"canonical":"https:\/\/tandoorvietnam.com\/vi\/sanpham\/cac-mon-ga\/ga-rut-xuong-nau-sot-trung-ca-ri-va-gia-vi-cay\/","og_locale":"vi_VN","og_type":"article","og_title":"Chicken Masala (G\u00c0 R\u00daT X\u01af\u01a0NG N\u1ea4U S\u1ed0T TR\u1ee8NG C\u00c0 RI V\u00c0 GIA V\u1eca CAY)","og_description":"M\u00f3n G\u00e0 R\u00fat X\u01b0\u01a1ng n\u1ea5u s\u1ed1t tr\u1ee9ng C\u00e0 Ri v\u00e0 gia v\u1ecb cay t\u1ea1i Tandoor Vietnam. H\u01b0\u01a1ng v\u1ecb \u0111\u1eadm \u0111\u00e0, cay n\u1ed3ng k\u1ebft h\u1ee3p v\u1edbi tr\u1ee9ng C\u00e0 Ri th\u01a1m ngon.","og_url":"https:\/\/tandoorvietnam.com\/vi\/sanpham\/cac-mon-ga\/ga-rut-xuong-nau-sot-trung-ca-ri-va-gia-vi-cay\/","og_site_name":"Tandoor Vi\u1ec7t Nam","article_publisher":"https:\/\/www.facebook.com\/tandoor.hcmc\/","article_modified_time":"2023-05-19T17:15:50+00:00","og_image":[{"width":1400,"height":1400,"url":"https:\/\/tandoorvietnam.com\/wp-content\/uploads\/2020\/06\/Chicken-masala.jpg","type":"image\/jpeg"}],"twitter_card":"summary_large_image","twitter_misc":{"Est. reading time":"2 minutes"},"schema":{"@context":"https:\/\/schema.org","@graph":[{"@type":"WebPage","@id":"https:\/\/tandoorvietnam.com\/vi\/sanpham\/cac-mon-ga\/ga-rut-xuong-nau-sot-trung-ca-ri-va-gia-vi-cay\/","url":"https:\/\/tandoorvietnam.com\/vi\/sanpham\/cac-mon-ga\/ga-rut-xuong-nau-sot-trung-ca-ri-va-gia-vi-cay\/","name":"G\u00c0 R\u00daT X\u01af\u01a0NG N\u1ea4U S\u1ed0T TR\u1ee8NG C\u00c0 RI V\u00c0 GIA V\u1eca CAY","isPartOf":{"@id":"https:\/\/tandoorvietnam.com\/vi\/#website"},"primaryImageOfPage":{"@id":"https:\/\/tandoorvietnam.com\/vi\/sanpham\/cac-mon-ga\/ga-rut-xuong-nau-sot-trung-ca-ri-va-gia-vi-cay\/#primaryimage"},"image":{"@id":"https:\/\/tandoorvietnam.com\/vi\/sanpham\/cac-mon-ga\/ga-rut-xuong-nau-sot-trung-ca-ri-va-gia-vi-cay\/#primaryimage"},"thumbnailUrl":"https:\/\/tandoorvietnam.com\/wp-content\/uploads\/2020\/06\/Chicken-masala.jpg","datePublished":"2021-04-14T09:29:45+00:00","dateModified":"2023-05-19T17:15:50+00:00","description":"M\u00f3n G\u00e0 R\u00fat X\u01b0\u01a1ng n\u1ea5u s\u1ed1t tr\u1ee9ng C\u00e0 Ri v\u00e0 gia v\u1ecb cay t\u1ea1i Tandoor Vietnam. H\u01b0\u01a1ng v\u1ecb \u0111\u1eadm \u0111\u00e0, cay n\u1ed3ng k\u1ebft h\u1ee3p v\u1edbi tr\u1ee9ng C\u00e0 Ri th\u01a1m ngon.","breadcrumb":{"@id":"https:\/\/tandoorvietnam.com\/vi\/sanpham\/cac-mon-ga\/ga-rut-xuong-nau-sot-trung-ca-ri-va-gia-vi-cay\/#breadcrumb"},"inLanguage":"vi-VN","potentialAction":[{"@type":"ReadAction","target":["https:\/\/tandoorvietnam.com\/vi\/sanpham\/cac-mon-ga\/ga-rut-xuong-nau-sot-trung-ca-ri-va-gia-vi-cay\/"]}]},{"@type":"ImageObject","inLanguage":"vi-VN","@id":"https:\/\/tandoorvietnam.com\/vi\/sanpham\/cac-mon-ga\/ga-rut-xuong-nau-sot-trung-ca-ri-va-gia-vi-cay\/#primaryimage","url":"https:\/\/tandoorvietnam.com\/wp-content\/uploads\/2020\/06\/Chicken-masala.jpg","contentUrl":"https:\/\/tandoorvietnam.com\/wp-content\/uploads\/2020\/06\/Chicken-masala.jpg","width":1400,"height":1400,"caption":"G\u00c0 R\u00daT X\u01af\u01a0NG N\u1ea4U S\u1ed0T TR\u1ee8NG C\u00c0 RI V\u00c0 GIA V\u1eca CAY"},{"@type":"BreadcrumbList","@id":"https:\/\/tandoorvietnam.com\/vi\/sanpham\/cac-mon-ga\/ga-rut-xuong-nau-sot-trung-ca-ri-va-gia-vi-cay\/#breadcrumb","itemListElement":[{"@type":"ListItem","position":1,"name":"Trang Ch\u1ee7","item":"https:\/\/tandoorvietnam.com\/vi\/"},{"@type":"ListItem","position":2,"name":"Shop","item":"https:\/\/tandoorvietnam.com\/shop\/"},{"@type":"ListItem","position":3,"name":"Chicken Masala (G\u00c0 R\u00daT X\u01af\u01a0NG N\u1ea4U S\u1ed0T TR\u1ee8NG C\u00c0 RI V\u00c0 GIA V\u1eca CAY)"}]},{"@type":"WebSite","@id":"https:\/\/tandoorvietnam.com\/vi\/#website","url":"https:\/\/tandoorvietnam.com\/vi\/","name":"Tandoor Vietnam","description":"Nh\u00e0 h\u00e0ng ngon h\u1ed3 ch\u00ed minh","publisher":{"@id":"https:\/\/tandoorvietnam.com\/vi\/#organization"},"potentialAction":[{"@type":"SearchAction","target":{"@type":"EntryPoint","urlTemplate":"https:\/\/tandoorvietnam.com\/vi\/?s={search_term_string}"},"query-input":{"@type":"PropertyValueSpecification","valueRequired":true,"valueName":"search_term_string"}}],"inLanguage":"vi-VN"},{"@type":"Organization","@id":"https:\/\/tandoorvietnam.com\/vi\/#organization","name":"Tandoor Vietnam","url":"https:\/\/tandoorvietnam.com\/vi\/","logo":{"@type":"ImageObject","inLanguage":"vi-VN","@id":"https:\/\/tandoorvietnam.com\/vi\/#\/schema\/logo\/image\/","url":"https:\/\/tandoorvietnam.com\/wp-content\/uploads\/2020\/07\/logo.png","contentUrl":"https:\/\/tandoorvietnam.com\/wp-content\/uploads\/2020\/07\/logo.png","width":133,"height":75,"caption":"Tandoor Vietnam"},"image":{"@id":"https:\/\/tandoorvietnam.com\/vi\/#\/schema\/logo\/image\/"},"sameAs":["https:\/\/www.facebook.com\/tandoor.hcmc\/"]}]}},"_links":{"self":[{"href":"https:\/\/tandoorvietnam.com\/vi\/wp-json\/wp\/v2\/product\/3270","targetHints":{"allow":["GET"]}}],"collection":[{"href":"https:\/\/tandoorvietnam.com\/vi\/wp-json\/wp\/v2\/product"}],"about":[{"href":"https:\/\/tandoorvietnam.com\/vi\/wp-json\/wp\/v2\/types\/product"}],"wp:featuredmedia":[{"embeddable":true,"href":"https:\/\/tandoorvietnam.com\/vi\/wp-json\/wp\/v2\/media\/3271"}],"wp:attachment":[{"href":"https:\/\/tandoorvietnam.com\/vi\/wp-json\/wp\/v2\/media?parent=3270"}],"wp:term":[{"taxonomy":"product_brand","embeddable":true,"href":"https:\/\/tandoorvietnam.com\/vi\/wp-json\/wp\/v2\/product_brand?post=3270"},{"taxonomy":"product_cat","embeddable":true,"href":"https:\/\/tandoorvietnam.com\/vi\/wp-json\/wp\/v2\/product_cat?post=3270"},{"taxonomy":"product_tag","embeddable":true,"href":"https:\/\/tandoorvietnam.com\/vi\/wp-json\/wp\/v2\/product_tag?post=3270"}],"curies":[{"name":"wp","href":"https:\/\/api.w.org\/{rel}","templated":true}]}}