{"id":3272,"date":"2020-06-20T12:47:08","date_gmt":"2020-06-20T12:47:08","guid":{"rendered":"http:\/\/tandoorvietnam.com\/product\/uncategorized\/ga-rut-xuong-nau-khoai-tay-va-sot-ca-ri-cay\/"},"modified":"2025-10-16T17:19:57","modified_gmt":"2025-10-16T10:19:57","slug":"ga-rut-xuong-nau-khoai-tay-va-sot-ca-ri-cay","status":"publish","type":"product","link":"https:\/\/tandoorvietnam.com\/vi\/sanpham\/cac-mon-ga\/ga-rut-xuong-nau-khoai-tay-va-sot-ca-ri-cay\/","title":{"rendered":"Chicken Vindaloo (G\u00c0 R\u00daT X\u01af\u01a0NG N\u1ea4U KHOAI T\u00c2Y V\u00c0 S\u1ed0T C\u00c0 RI CAY)"},"content":{"rendered":"<p>G\u00e0 r\u00fat x\u01b0\u01a1ng n\u1ea5u khoai t\u00e2y v\u00e0 s\u1ed1t c\u00e0 ri cay (Chicken Vindaloo) l\u00e0 m\u1ed9t m\u00f3n \u0103n \u0111\u1eb7c bi\u1ec7t t\u1ea1i Tandoor Vietnam. Ch\u00fang t\u00f4i s\u1eed d\u1ee5ng g\u00e0 t\u01b0\u01a1i ngon v\u00e0 ch\u1ea5t l\u01b0\u1ee3ng, k\u1ebft h\u1ee3p v\u1edbi khoai t\u00e2y th\u00e1i s\u1ee3i m\u1ec1m m\u1ecbn, t\u1ea1o n\u00ean m\u1ed9t s\u1ef1 k\u1ebft h\u1ee3p h\u1ea5p d\u1eabn gi\u1eefa th\u1ecbt g\u00e0 th\u01a1m ngon v\u00e0 v\u1ecb ng\u1ecdt c\u1ee7a khoai t\u00e2y.<\/p>\n<p>S\u1ef1 \u0111\u1eb7c bi\u1ec7t c\u1ee7a m\u00f3n \u0103n n\u00e0y n\u1eb1m \u1edf s\u1ed1t c\u00e0 ri cay n\u1ed3ng n\u00e0n. S\u1ed1t c\u00e0 ri \u0111\u01b0\u1ee3c ch\u1ebf bi\u1ebfn t\u1eeb c\u00e1c gia v\u1ecb \u0111\u1eadm \u0111\u00e0 nh\u01b0 h\u1ea1t ti\u00eau, \u1edbt cay, h\u00e0nh, t\u1ecfi v\u00e0 nhi\u1ec1u lo\u1ea1i gia v\u1ecb kh\u00e1c. H\u01b0\u01a1ng v\u1ecb cay n\u1ed3ng c\u1ee7a s\u1ed1t c\u00e0 ri t\u1ea1o n\u00ean m\u1ed9t tr\u1ea3i nghi\u1ec7m \u1ea9m th\u1ef1c \u0111\u1ed9c \u0111\u00e1o v\u00e0 h\u1ea5p d\u1eabn.<\/p>\n<p>Chicken Vindaloo l\u00e0 m\u1ed9t m\u00f3n \u0103n \u0111a d\u1ee5ng, ph\u00f9 h\u1ee3p cho b\u1eefa tr\u01b0a ho\u1eb7c b\u1eefa t\u1ed1i. B\u1ea1n c\u00f3 th\u1ec3 th\u01b0\u1edfng th\u1ee9c m\u00f3n \u0103n n\u00e0y k\u00e8m v\u1edbi c\u01a1m tr\u1eafng, b\u00e1nh m\u00ec ho\u1eb7c m\u00ec x\u00e0o. M\u00f3n \u0103n n\u00e0y c\u0169ng th\u00edch h\u1ee3p \u0111\u1ec3 chia s\u1ebb trong c\u00e1c b\u1eefa ti\u1ec7c gia \u0111\u00ecnh ho\u1eb7c b\u1ea1n b\u00e8.<\/p>\n<p>T\u1ea1i <a href=\"https:\/\/tandoorvietnam.com\/vi\/\">nh\u00e0 h\u00e0ng Tandoor Vietnam<\/a>, ch\u00fang t\u00f4i cam k\u1ebft s\u1eed d\u1ee5ng nguy\u00ean li\u1ec7u t\u01b0\u01a1i ngon v\u00e0 ch\u1ea5t l\u01b0\u1ee3ng cao \u0111\u1ec3 t\u1ea1o ra nh\u1eefng m\u00f3n \u0103n \u0111\u1eb7c bi\u1ec7t nh\u01b0 g\u00e0 r\u00fat x\u01b0\u01a1ng n\u1ea5u khoai t\u00e2y v\u00e0 s\u1ed1t c\u00e0 ri cay. Ch\u00fang t\u00f4i lu\u00f4n \u0111\u1ea3m b\u1ea3o s\u1ef1 ngon mi\u1ec7ng v\u00e0 \u0111\u1ed9 t\u01b0\u01a1i ngon c\u1ee7a m\u00f3n \u0103n, mang \u0111\u1ebfn cho kh\u00e1ch h\u00e0ng tr\u1ea3i nghi\u1ec7m \u1ea9m th\u1ef1c tuy\u1ec7t v\u1eddi.<\/p>\n","protected":false},"excerpt":{"rendered":"<table width=\"723\">\n<tbody>\n<tr>\n<td width=\"412\">Chicken and potatoes in a special blend of fried ground spices <strong><br \/>\n  <u>(spicy)<\/u><br \/>\n<\/strong><\/td>\n<\/tr>\n<tr>\n<td width=\"412\"><em> G\u00e0 kh\u00f4ng x\u01b0\u01a1ng x\u1eaft kh\u00fac n\u1ea5u s\u1ed1t cari v\u00e0 khoai t\u00e2y - <strong><br \/>\n  <u>r\u1ea5t cay!<\/u><br \/>\n<\/strong> <\/em><\/td>\n<\/tr>\n<\/tbody>\n<\/table>\n","protected":false},"featured_media":3273,"template":"","meta":[],"product_brand":[],"product_cat":[227],"product_tag":[],"class_list":{"0":"post-3272","1":"product","2":"type-product","3":"status-publish","4":"has-post-thumbnail","6":"product_cat-cac-mon-ga","8":"first","9":"instock","10":"taxable","11":"shipping-taxable","12":"purchasable","13":"product-type-simple"},"yoast_head":"<!-- This site is optimized with the Yoast SEO Premium plugin v22.3 (Yoast SEO v27.4) - https:\/\/yoast.com\/product\/yoast-seo-premium-wordpress\/ -->\n<title>G\u00c0 R\u00daT X\u01af\u01a0NG N\u1ea4U KHOAI T\u00c2Y V\u00c0 S\u1ed0T C\u00c0 RI CAY<\/title>\n<meta name=\"description\" content=\"G\u00e0 r\u00fat x\u01b0\u01a1ng n\u1ea5u khoai t\u00e2y v\u00e0 s\u1ed1t c\u00e0 ri cay. M\u1ed9t m\u00f3n \u0103n \u0111\u1ed9c \u0111\u00e1o t\u1ea1i Tandoor Vietnam, k\u1ebft h\u1ee3p gi\u1eefa g\u00e0 th\u01a1m ngon, khoai t\u00e2y v\u00e0 h\u01b0\u01a1ng v\u1ecb cay c\u1ee7a s\u1ed1t c\u00e0 ri.\" \/>\n<meta name=\"robots\" content=\"index, follow, max-snippet:-1, max-image-preview:large, max-video-preview:-1\" \/>\n<link rel=\"canonical\" href=\"https:\/\/tandoorvietnam.com\/vi\/sanpham\/cac-mon-ga\/ga-rut-xuong-nau-khoai-tay-va-sot-ca-ri-cay\/\" \/>\n<meta property=\"og:locale\" content=\"vi_VN\" \/>\n<meta property=\"og:type\" content=\"article\" \/>\n<meta property=\"og:title\" content=\"Chicken Vindaloo (G\u00c0 R\u00daT X\u01af\u01a0NG N\u1ea4U KHOAI T\u00c2Y V\u00c0 S\u1ed0T C\u00c0 RI CAY)\" \/>\n<meta property=\"og:description\" content=\"G\u00e0 r\u00fat x\u01b0\u01a1ng n\u1ea5u khoai t\u00e2y v\u00e0 s\u1ed1t c\u00e0 ri cay. M\u1ed9t m\u00f3n \u0103n \u0111\u1ed9c \u0111\u00e1o t\u1ea1i Tandoor Vietnam, k\u1ebft h\u1ee3p gi\u1eefa g\u00e0 th\u01a1m ngon, khoai t\u00e2y v\u00e0 h\u01b0\u01a1ng v\u1ecb cay c\u1ee7a s\u1ed1t c\u00e0 ri.\" \/>\n<meta property=\"og:url\" content=\"https:\/\/tandoorvietnam.com\/vi\/sanpham\/cac-mon-ga\/ga-rut-xuong-nau-khoai-tay-va-sot-ca-ri-cay\/\" \/>\n<meta property=\"og:site_name\" content=\"Tandoor Vi\u1ec7t Nam\" \/>\n<meta property=\"article:publisher\" content=\"https:\/\/www.facebook.com\/tandoor.hcmc\/\" \/>\n<meta property=\"article:modified_time\" content=\"2025-10-16T10:19:57+00:00\" \/>\n<meta property=\"og:image\" content=\"https:\/\/tandoorvietnam.com\/wp-content\/uploads\/2020\/06\/Chicken-vindaloo.jpg\" \/>\n\t<meta property=\"og:image:width\" content=\"1400\" \/>\n\t<meta property=\"og:image:height\" content=\"1400\" \/>\n\t<meta property=\"og:image:type\" content=\"image\/jpeg\" \/>\n<meta name=\"twitter:card\" content=\"summary_large_image\" \/>\n<meta name=\"twitter:label1\" content=\"Est. reading time\" \/>\n\t<meta name=\"twitter:data1\" content=\"2 minutes\" \/>\n<script type=\"application\/ld+json\" class=\"yoast-schema-graph\">{\"@context\":\"https:\\\/\\\/schema.org\",\"@graph\":[{\"@type\":\"WebPage\",\"@id\":\"https:\\\/\\\/tandoorvietnam.com\\\/vi\\\/sanpham\\\/cac-mon-ga\\\/ga-rut-xuong-nau-khoai-tay-va-sot-ca-ri-cay\\\/\",\"url\":\"https:\\\/\\\/tandoorvietnam.com\\\/vi\\\/sanpham\\\/cac-mon-ga\\\/ga-rut-xuong-nau-khoai-tay-va-sot-ca-ri-cay\\\/\",\"name\":\"G\u00c0 R\u00daT X\u01af\u01a0NG N\u1ea4U KHOAI T\u00c2Y V\u00c0 S\u1ed0T C\u00c0 RI CAY\",\"isPartOf\":{\"@id\":\"https:\\\/\\\/tandoorvietnam.com\\\/vi\\\/#website\"},\"primaryImageOfPage\":{\"@id\":\"https:\\\/\\\/tandoorvietnam.com\\\/vi\\\/sanpham\\\/cac-mon-ga\\\/ga-rut-xuong-nau-khoai-tay-va-sot-ca-ri-cay\\\/#primaryimage\"},\"image\":{\"@id\":\"https:\\\/\\\/tandoorvietnam.com\\\/vi\\\/sanpham\\\/cac-mon-ga\\\/ga-rut-xuong-nau-khoai-tay-va-sot-ca-ri-cay\\\/#primaryimage\"},\"thumbnailUrl\":\"https:\\\/\\\/tandoorvietnam.com\\\/wp-content\\\/uploads\\\/2020\\\/06\\\/Chicken-vindaloo.jpg\",\"datePublished\":\"2020-06-20T12:47:08+00:00\",\"dateModified\":\"2025-10-16T10:19:57+00:00\",\"description\":\"G\u00e0 r\u00fat x\u01b0\u01a1ng n\u1ea5u khoai t\u00e2y v\u00e0 s\u1ed1t c\u00e0 ri cay. M\u1ed9t m\u00f3n \u0103n \u0111\u1ed9c \u0111\u00e1o t\u1ea1i Tandoor Vietnam, k\u1ebft h\u1ee3p gi\u1eefa g\u00e0 th\u01a1m ngon, khoai t\u00e2y v\u00e0 h\u01b0\u01a1ng v\u1ecb cay c\u1ee7a s\u1ed1t c\u00e0 ri.\",\"breadcrumb\":{\"@id\":\"https:\\\/\\\/tandoorvietnam.com\\\/vi\\\/sanpham\\\/cac-mon-ga\\\/ga-rut-xuong-nau-khoai-tay-va-sot-ca-ri-cay\\\/#breadcrumb\"},\"inLanguage\":\"vi-VN\",\"potentialAction\":[{\"@type\":\"ReadAction\",\"target\":[\"https:\\\/\\\/tandoorvietnam.com\\\/vi\\\/sanpham\\\/cac-mon-ga\\\/ga-rut-xuong-nau-khoai-tay-va-sot-ca-ri-cay\\\/\"]}]},{\"@type\":\"ImageObject\",\"inLanguage\":\"vi-VN\",\"@id\":\"https:\\\/\\\/tandoorvietnam.com\\\/vi\\\/sanpham\\\/cac-mon-ga\\\/ga-rut-xuong-nau-khoai-tay-va-sot-ca-ri-cay\\\/#primaryimage\",\"url\":\"https:\\\/\\\/tandoorvietnam.com\\\/wp-content\\\/uploads\\\/2020\\\/06\\\/Chicken-vindaloo.jpg\",\"contentUrl\":\"https:\\\/\\\/tandoorvietnam.com\\\/wp-content\\\/uploads\\\/2020\\\/06\\\/Chicken-vindaloo.jpg\",\"width\":1400,\"height\":1400,\"caption\":\"G\u00c0 R\u00daT X\u01af\u01a0NG N\u1ea4U KHOAI T\u00c2Y V\u00c0 S\u1ed0T C\u00c0 RI CAY\"},{\"@type\":\"BreadcrumbList\",\"@id\":\"https:\\\/\\\/tandoorvietnam.com\\\/vi\\\/sanpham\\\/cac-mon-ga\\\/ga-rut-xuong-nau-khoai-tay-va-sot-ca-ri-cay\\\/#breadcrumb\",\"itemListElement\":[{\"@type\":\"ListItem\",\"position\":1,\"name\":\"Trang Ch\u1ee7\",\"item\":\"https:\\\/\\\/tandoorvietnam.com\\\/vi\\\/\"},{\"@type\":\"ListItem\",\"position\":2,\"name\":\"Shop\",\"item\":\"https:\\\/\\\/tandoorvietnam.com\\\/shop\\\/\"},{\"@type\":\"ListItem\",\"position\":3,\"name\":\"Chicken Vindaloo (G\u00c0 R\u00daT X\u01af\u01a0NG N\u1ea4U KHOAI T\u00c2Y V\u00c0 S\u1ed0T C\u00c0 RI CAY)\"}]},{\"@type\":\"WebSite\",\"@id\":\"https:\\\/\\\/tandoorvietnam.com\\\/vi\\\/#website\",\"url\":\"https:\\\/\\\/tandoorvietnam.com\\\/vi\\\/\",\"name\":\"Tandoor Vietnam\",\"description\":\"Nh\u00e0 h\u00e0ng ngon h\u1ed3 ch\u00ed minh\",\"publisher\":{\"@id\":\"https:\\\/\\\/tandoorvietnam.com\\\/vi\\\/#organization\"},\"potentialAction\":[{\"@type\":\"SearchAction\",\"target\":{\"@type\":\"EntryPoint\",\"urlTemplate\":\"https:\\\/\\\/tandoorvietnam.com\\\/vi\\\/?s={search_term_string}\"},\"query-input\":{\"@type\":\"PropertyValueSpecification\",\"valueRequired\":true,\"valueName\":\"search_term_string\"}}],\"inLanguage\":\"vi-VN\"},{\"@type\":\"Organization\",\"@id\":\"https:\\\/\\\/tandoorvietnam.com\\\/vi\\\/#organization\",\"name\":\"Tandoor Vietnam\",\"url\":\"https:\\\/\\\/tandoorvietnam.com\\\/vi\\\/\",\"logo\":{\"@type\":\"ImageObject\",\"inLanguage\":\"vi-VN\",\"@id\":\"https:\\\/\\\/tandoorvietnam.com\\\/vi\\\/#\\\/schema\\\/logo\\\/image\\\/\",\"url\":\"https:\\\/\\\/tandoorvietnam.com\\\/wp-content\\\/uploads\\\/2020\\\/07\\\/logo.png\",\"contentUrl\":\"https:\\\/\\\/tandoorvietnam.com\\\/wp-content\\\/uploads\\\/2020\\\/07\\\/logo.png\",\"width\":133,\"height\":75,\"caption\":\"Tandoor Vietnam\"},\"image\":{\"@id\":\"https:\\\/\\\/tandoorvietnam.com\\\/vi\\\/#\\\/schema\\\/logo\\\/image\\\/\"},\"sameAs\":[\"https:\\\/\\\/www.facebook.com\\\/tandoor.hcmc\\\/\"]}]}<\/script>\n<!-- \/ Yoast SEO Premium plugin. -->","yoast_head_json":{"title":"G\u00c0 R\u00daT X\u01af\u01a0NG N\u1ea4U KHOAI T\u00c2Y V\u00c0 S\u1ed0T C\u00c0 RI CAY","description":"G\u00e0 r\u00fat x\u01b0\u01a1ng n\u1ea5u khoai t\u00e2y v\u00e0 s\u1ed1t c\u00e0 ri cay. M\u1ed9t m\u00f3n \u0103n \u0111\u1ed9c \u0111\u00e1o t\u1ea1i Tandoor Vietnam, k\u1ebft h\u1ee3p gi\u1eefa g\u00e0 th\u01a1m ngon, khoai t\u00e2y v\u00e0 h\u01b0\u01a1ng v\u1ecb cay c\u1ee7a s\u1ed1t c\u00e0 ri.","robots":{"index":"index","follow":"follow","max-snippet":"max-snippet:-1","max-image-preview":"max-image-preview:large","max-video-preview":"max-video-preview:-1"},"canonical":"https:\/\/tandoorvietnam.com\/vi\/sanpham\/cac-mon-ga\/ga-rut-xuong-nau-khoai-tay-va-sot-ca-ri-cay\/","og_locale":"vi_VN","og_type":"article","og_title":"Chicken Vindaloo (G\u00c0 R\u00daT X\u01af\u01a0NG N\u1ea4U KHOAI T\u00c2Y V\u00c0 S\u1ed0T C\u00c0 RI CAY)","og_description":"G\u00e0 r\u00fat x\u01b0\u01a1ng n\u1ea5u khoai t\u00e2y v\u00e0 s\u1ed1t c\u00e0 ri cay. M\u1ed9t m\u00f3n \u0103n \u0111\u1ed9c \u0111\u00e1o t\u1ea1i Tandoor Vietnam, k\u1ebft h\u1ee3p gi\u1eefa g\u00e0 th\u01a1m ngon, khoai t\u00e2y v\u00e0 h\u01b0\u01a1ng v\u1ecb cay c\u1ee7a s\u1ed1t c\u00e0 ri.","og_url":"https:\/\/tandoorvietnam.com\/vi\/sanpham\/cac-mon-ga\/ga-rut-xuong-nau-khoai-tay-va-sot-ca-ri-cay\/","og_site_name":"Tandoor Vi\u1ec7t Nam","article_publisher":"https:\/\/www.facebook.com\/tandoor.hcmc\/","article_modified_time":"2025-10-16T10:19:57+00:00","og_image":[{"width":1400,"height":1400,"url":"https:\/\/tandoorvietnam.com\/wp-content\/uploads\/2020\/06\/Chicken-vindaloo.jpg","type":"image\/jpeg"}],"twitter_card":"summary_large_image","twitter_misc":{"Est. reading time":"2 minutes"},"schema":{"@context":"https:\/\/schema.org","@graph":[{"@type":"WebPage","@id":"https:\/\/tandoorvietnam.com\/vi\/sanpham\/cac-mon-ga\/ga-rut-xuong-nau-khoai-tay-va-sot-ca-ri-cay\/","url":"https:\/\/tandoorvietnam.com\/vi\/sanpham\/cac-mon-ga\/ga-rut-xuong-nau-khoai-tay-va-sot-ca-ri-cay\/","name":"G\u00c0 R\u00daT X\u01af\u01a0NG N\u1ea4U KHOAI T\u00c2Y V\u00c0 S\u1ed0T C\u00c0 RI CAY","isPartOf":{"@id":"https:\/\/tandoorvietnam.com\/vi\/#website"},"primaryImageOfPage":{"@id":"https:\/\/tandoorvietnam.com\/vi\/sanpham\/cac-mon-ga\/ga-rut-xuong-nau-khoai-tay-va-sot-ca-ri-cay\/#primaryimage"},"image":{"@id":"https:\/\/tandoorvietnam.com\/vi\/sanpham\/cac-mon-ga\/ga-rut-xuong-nau-khoai-tay-va-sot-ca-ri-cay\/#primaryimage"},"thumbnailUrl":"https:\/\/tandoorvietnam.com\/wp-content\/uploads\/2020\/06\/Chicken-vindaloo.jpg","datePublished":"2020-06-20T12:47:08+00:00","dateModified":"2025-10-16T10:19:57+00:00","description":"G\u00e0 r\u00fat x\u01b0\u01a1ng n\u1ea5u khoai t\u00e2y v\u00e0 s\u1ed1t c\u00e0 ri cay. M\u1ed9t m\u00f3n \u0103n \u0111\u1ed9c \u0111\u00e1o t\u1ea1i Tandoor Vietnam, k\u1ebft h\u1ee3p gi\u1eefa g\u00e0 th\u01a1m ngon, khoai t\u00e2y v\u00e0 h\u01b0\u01a1ng v\u1ecb cay c\u1ee7a s\u1ed1t c\u00e0 ri.","breadcrumb":{"@id":"https:\/\/tandoorvietnam.com\/vi\/sanpham\/cac-mon-ga\/ga-rut-xuong-nau-khoai-tay-va-sot-ca-ri-cay\/#breadcrumb"},"inLanguage":"vi-VN","potentialAction":[{"@type":"ReadAction","target":["https:\/\/tandoorvietnam.com\/vi\/sanpham\/cac-mon-ga\/ga-rut-xuong-nau-khoai-tay-va-sot-ca-ri-cay\/"]}]},{"@type":"ImageObject","inLanguage":"vi-VN","@id":"https:\/\/tandoorvietnam.com\/vi\/sanpham\/cac-mon-ga\/ga-rut-xuong-nau-khoai-tay-va-sot-ca-ri-cay\/#primaryimage","url":"https:\/\/tandoorvietnam.com\/wp-content\/uploads\/2020\/06\/Chicken-vindaloo.jpg","contentUrl":"https:\/\/tandoorvietnam.com\/wp-content\/uploads\/2020\/06\/Chicken-vindaloo.jpg","width":1400,"height":1400,"caption":"G\u00c0 R\u00daT X\u01af\u01a0NG N\u1ea4U KHOAI T\u00c2Y V\u00c0 S\u1ed0T C\u00c0 RI CAY"},{"@type":"BreadcrumbList","@id":"https:\/\/tandoorvietnam.com\/vi\/sanpham\/cac-mon-ga\/ga-rut-xuong-nau-khoai-tay-va-sot-ca-ri-cay\/#breadcrumb","itemListElement":[{"@type":"ListItem","position":1,"name":"Trang Ch\u1ee7","item":"https:\/\/tandoorvietnam.com\/vi\/"},{"@type":"ListItem","position":2,"name":"Shop","item":"https:\/\/tandoorvietnam.com\/shop\/"},{"@type":"ListItem","position":3,"name":"Chicken Vindaloo (G\u00c0 R\u00daT X\u01af\u01a0NG N\u1ea4U KHOAI T\u00c2Y V\u00c0 S\u1ed0T C\u00c0 RI CAY)"}]},{"@type":"WebSite","@id":"https:\/\/tandoorvietnam.com\/vi\/#website","url":"https:\/\/tandoorvietnam.com\/vi\/","name":"Tandoor Vietnam","description":"Nh\u00e0 h\u00e0ng ngon h\u1ed3 ch\u00ed minh","publisher":{"@id":"https:\/\/tandoorvietnam.com\/vi\/#organization"},"potentialAction":[{"@type":"SearchAction","target":{"@type":"EntryPoint","urlTemplate":"https:\/\/tandoorvietnam.com\/vi\/?s={search_term_string}"},"query-input":{"@type":"PropertyValueSpecification","valueRequired":true,"valueName":"search_term_string"}}],"inLanguage":"vi-VN"},{"@type":"Organization","@id":"https:\/\/tandoorvietnam.com\/vi\/#organization","name":"Tandoor Vietnam","url":"https:\/\/tandoorvietnam.com\/vi\/","logo":{"@type":"ImageObject","inLanguage":"vi-VN","@id":"https:\/\/tandoorvietnam.com\/vi\/#\/schema\/logo\/image\/","url":"https:\/\/tandoorvietnam.com\/wp-content\/uploads\/2020\/07\/logo.png","contentUrl":"https:\/\/tandoorvietnam.com\/wp-content\/uploads\/2020\/07\/logo.png","width":133,"height":75,"caption":"Tandoor Vietnam"},"image":{"@id":"https:\/\/tandoorvietnam.com\/vi\/#\/schema\/logo\/image\/"},"sameAs":["https:\/\/www.facebook.com\/tandoor.hcmc\/"]}]}},"_links":{"self":[{"href":"https:\/\/tandoorvietnam.com\/vi\/wp-json\/wp\/v2\/product\/3272","targetHints":{"allow":["GET"]}}],"collection":[{"href":"https:\/\/tandoorvietnam.com\/vi\/wp-json\/wp\/v2\/product"}],"about":[{"href":"https:\/\/tandoorvietnam.com\/vi\/wp-json\/wp\/v2\/types\/product"}],"wp:featuredmedia":[{"embeddable":true,"href":"https:\/\/tandoorvietnam.com\/vi\/wp-json\/wp\/v2\/media\/3273"}],"wp:attachment":[{"href":"https:\/\/tandoorvietnam.com\/vi\/wp-json\/wp\/v2\/media?parent=3272"}],"wp:term":[{"taxonomy":"product_brand","embeddable":true,"href":"https:\/\/tandoorvietnam.com\/vi\/wp-json\/wp\/v2\/product_brand?post=3272"},{"taxonomy":"product_cat","embeddable":true,"href":"https:\/\/tandoorvietnam.com\/vi\/wp-json\/wp\/v2\/product_cat?post=3272"},{"taxonomy":"product_tag","embeddable":true,"href":"https:\/\/tandoorvietnam.com\/vi\/wp-json\/wp\/v2\/product_tag?post=3272"}],"curies":[{"name":"wp","href":"https:\/\/api.w.org\/{rel}","templated":true}]}}