{"id":3274,"date":"2020-06-20T12:42:21","date_gmt":"2021-04-14T09:46:31","guid":{"rendered":"http:\/\/tandoorvietnam.com\/product\/uncategorized\/filet-ga-nuong-nau-sot-bo-va-ca-chua-cay\/"},"modified":"2023-05-10T09:55:04","modified_gmt":"2023-05-10T09:55:04","slug":"filet-ga-nuong-nau-sot-bo-va-ca-chua-cay","status":"publish","type":"product","link":"https:\/\/tandoorvietnam.com\/vi\/sanpham\/cac-mon-ga\/filet-ga-nuong-nau-sot-bo-va-ca-chua-cay\/","title":{"rendered":"Chicken Tikka Masala (FILET G\u00c0 N\u01af\u1edaNG N\u1ea4U S\u1ed0T B\u01a0 V\u00c0 C\u00c0 CHUA CAY)"},"content":{"rendered":"<p>Filet g\u00e0 n\u01b0\u1edbng s\u1ed1t b\u01a1 v\u00e0 c\u00e0 chua cay l\u00e0 m\u00f3n \u0103n \u0111\u1eb7c s\u1eafc \u0111\u01b0\u1ee3c nhi\u1ec1u ng\u01b0\u1eddi y\u00eau th\u00edch t\u1ea1i Tandoor Vietnam. V\u1edbi chi\u1ebft xu\u1ea5t t\u1eeb nh\u1eefng nguy\u00ean li\u1ec7u t\u01b0\u01a1i ngon, m\u00f3n \u0103n n\u00e0y c\u00f3 h\u01b0\u01a1ng v\u1ecb \u0111\u1eadm \u0111\u00e0, thanh tao v\u00e0 \u0111\u1ea7y \u0111\u1ee7 dinh d\u01b0\u1ee1ng.<\/p>\n<p>Filet g\u00e0 \u0111\u01b0\u1ee3c l\u1ef1a ch\u1ecdn k\u1ef9 c\u00e0ng, th\u00e1i th\u00e0nh t\u1eebng mi\u1ebfng v\u1eeba \u0103n v\u00e0 n\u01b0\u1edbng ch\u00edn \u0111\u1ec1u tr\u00ean l\u00f2 than h\u1ed3ng. Sau \u0111\u00f3, \u0111\u01b0\u1ee3c ch\u1ebf bi\u1ebfn v\u1edbi s\u1ed1t b\u01a1 v\u00e0 c\u00e0 chua cay th\u01a1m ngon, \u0111\u1eadm \u0111\u00e0, t\u1ea1o n\u00ean h\u01b0\u01a1ng v\u1ecb ri\u00eang bi\u1ec7t v\u00e0 h\u1ea5p d\u1eabn.<\/p>\n<p>V\u1edbi m\u1ed9t mi\u1ebfng filet g\u00e0 n\u01b0\u1edbng s\u1ed1t b\u01a1 v\u00e0 c\u00e0 chua cay, b\u1ea1n s\u1ebd c\u1ea3m nh\u1eadn \u0111\u01b0\u1ee3c v\u1ecb gi\u00f2n tan c\u1ee7a th\u1ecbt g\u00e0 b\u00ean ngo\u00e0i v\u00e0 m\u1ec1m m\u1ea1i, \u0111\u1eadm \u0111\u00e0 b\u00ean trong. S\u1ed1t b\u01a1 v\u00e0 c\u00e0 chua cay l\u00e0m t\u0103ng th\u00eam h\u01b0\u01a1ng v\u1ecb th\u01a1m ngon v\u00e0 \u0111\u1eadm \u0111\u00e0 cho m\u00f3n \u0103n n\u00e0y.<\/p>\n<p>Chicken Tikka Masala kh\u00f4ng ch\u1ec9 l\u00e0 m\u1ed9t m\u00f3n \u0103n ngon m\u00e0 c\u00f2n l\u00e0 m\u1ed9t m\u00f3n \u0103n b\u1ed5 d\u01b0\u1ee1ng. G\u00e0 l\u00e0 ngu\u1ed3n cung c\u1ea5p ch\u00ednh c\u1ee7a protein, gi\u00fap cung c\u1ea5p n\u0103ng l\u01b0\u1ee3ng v\u00e0 t\u1ea1o c\u1ea3m gi\u00e1c no l\u00e2u h\u01a1n. B\u00ean c\u1ea1nh \u0111\u00f3, c\u00e1c th\u00e0nh ph\u1ea7n trong s\u1ed1t nh\u01b0 b\u01a1 v\u00e0 c\u00e0 chua c\u0169ng c\u00f3 l\u1ee3i cho s\u1ee9c kh\u1ecfe, b\u1ea3o v\u1ec7 tim m\u1ea1ch v\u00e0 h\u1ec7 ti\u00eau h\u00f3a.<\/p>\n<p>H\u00e3y \u0111\u1ebfn <a href=\"https:\/\/tandoorvietnam.com\/\">nh\u00e0 h\u00e0ng Tandoor Vietnam<\/a> v\u00e0 th\u01b0\u1edfng th\u1ee9c filet g\u00e0 n\u01b0\u1edbng s\u1ed1t b\u01a1 v\u00e0 c\u00e0 chua cay \u0111\u1eadm \u0111\u00e0, gi\u00f2n tan \u0111\u1ec3 tr\u1ea3i nghi\u1ec7m m\u1ed9t m\u00f3n \u0103n \u1ea5n t\u01b0\u1ee3ng v\u00e0 b\u1ed5 d\u01b0\u1ee1ng.<\/p>\n","protected":false},"excerpt":{"rendered":"<p>&nbsp;<\/p>\n<table width=\"723\">\n<tbody>\n<tr>\n<td width=\"412\">Chicken Tikka in thick and spicy butter and tomato gravy<\/td>\n<\/tr>\n<tr>\n<td width=\"412\"><em> File g\u00e0 n\u01b0\u1edbng nguy\u00ean mi\u1ebfng n\u1ea5u s\u1ed1t b\u01a1 v\u00e0 c\u00e0 chua cay<\/em><\/td>\n<\/tr>\n<\/tbody>\n<\/table>\n","protected":false},"featured_media":3275,"template":"","meta":[],"product_brand":[],"product_cat":[227],"product_tag":[],"class_list":{"0":"post-3274","1":"product","2":"type-product","3":"status-publish","4":"has-post-thumbnail","6":"product_cat-cac-mon-ga","8":"first","9":"instock","10":"taxable","11":"shipping-taxable","12":"purchasable","13":"product-type-simple"},"yoast_head":"<!-- This site is optimized with the Yoast SEO Premium plugin v22.3 (Yoast SEO v27.4) - https:\/\/yoast.com\/product\/yoast-seo-premium-wordpress\/ -->\n<title>FILET G\u00c0 N\u01af\u1edaNG N\u1ea4U S\u1ed0T B\u01a0 V\u00c0 C\u00c0 CHUA CAY<\/title>\n<meta name=\"description\" content=\"Th\u01b0\u1edfng th\u1ee9c filet g\u00e0 n\u01b0\u1edbng s\u1ed1t b\u01a1 v\u00e0 c\u00e0 chua cay t\u1ea1i nh\u00e0 h\u00e0ng Tandoor Vietnam, m\u00f3n \u0103n \u0111\u1ea7y \u0111\u1ee7 h\u01b0\u01a1ng v\u1ecb v\u00e0 dinh d\u01b0\u1ee1ng t\u1eeb \u1ea9m th\u1ef1c \u1ea4n \u0110\u1ed9.\" \/>\n<meta name=\"robots\" content=\"index, follow, max-snippet:-1, max-image-preview:large, max-video-preview:-1\" \/>\n<link rel=\"canonical\" href=\"https:\/\/tandoorvietnam.com\/vi\/sanpham\/cac-mon-ga\/filet-ga-nuong-nau-sot-bo-va-ca-chua-cay\/\" \/>\n<meta property=\"og:locale\" content=\"vi_VN\" \/>\n<meta property=\"og:type\" content=\"article\" \/>\n<meta property=\"og:title\" content=\"Chicken Tikka Masala (FILET G\u00c0 N\u01af\u1edaNG N\u1ea4U S\u1ed0T B\u01a0 V\u00c0 C\u00c0 CHUA CAY)\" \/>\n<meta property=\"og:description\" content=\"Th\u01b0\u1edfng th\u1ee9c filet g\u00e0 n\u01b0\u1edbng s\u1ed1t b\u01a1 v\u00e0 c\u00e0 chua cay t\u1ea1i nh\u00e0 h\u00e0ng Tandoor Vietnam, m\u00f3n \u0103n \u0111\u1ea7y \u0111\u1ee7 h\u01b0\u01a1ng v\u1ecb v\u00e0 dinh d\u01b0\u1ee1ng t\u1eeb \u1ea9m th\u1ef1c \u1ea4n \u0110\u1ed9.\" \/>\n<meta property=\"og:url\" content=\"https:\/\/tandoorvietnam.com\/vi\/sanpham\/cac-mon-ga\/filet-ga-nuong-nau-sot-bo-va-ca-chua-cay\/\" \/>\n<meta property=\"og:site_name\" content=\"Tandoor Vi\u1ec7t Nam\" \/>\n<meta property=\"article:publisher\" content=\"https:\/\/www.facebook.com\/tandoor.hcmc\/\" \/>\n<meta property=\"article:modified_time\" content=\"2023-05-10T09:55:04+00:00\" \/>\n<meta property=\"og:image\" content=\"https:\/\/tandoorvietnam.com\/wp-content\/uploads\/2020\/06\/Chicken-tikka-masala2.jpg\" \/>\n\t<meta property=\"og:image:width\" content=\"1400\" \/>\n\t<meta property=\"og:image:height\" content=\"1400\" \/>\n\t<meta property=\"og:image:type\" content=\"image\/jpeg\" \/>\n<meta name=\"twitter:card\" content=\"summary_large_image\" \/>\n<meta name=\"twitter:label1\" content=\"Est. reading time\" \/>\n\t<meta name=\"twitter:data1\" content=\"2 minutes\" \/>\n<script type=\"application\/ld+json\" class=\"yoast-schema-graph\">{\"@context\":\"https:\\\/\\\/schema.org\",\"@graph\":[{\"@type\":\"WebPage\",\"@id\":\"https:\\\/\\\/tandoorvietnam.com\\\/vi\\\/sanpham\\\/cac-mon-ga\\\/filet-ga-nuong-nau-sot-bo-va-ca-chua-cay\\\/\",\"url\":\"https:\\\/\\\/tandoorvietnam.com\\\/vi\\\/sanpham\\\/cac-mon-ga\\\/filet-ga-nuong-nau-sot-bo-va-ca-chua-cay\\\/\",\"name\":\"FILET G\u00c0 N\u01af\u1edaNG N\u1ea4U S\u1ed0T B\u01a0 V\u00c0 C\u00c0 CHUA CAY\",\"isPartOf\":{\"@id\":\"https:\\\/\\\/tandoorvietnam.com\\\/vi\\\/#website\"},\"primaryImageOfPage\":{\"@id\":\"https:\\\/\\\/tandoorvietnam.com\\\/vi\\\/sanpham\\\/cac-mon-ga\\\/filet-ga-nuong-nau-sot-bo-va-ca-chua-cay\\\/#primaryimage\"},\"image\":{\"@id\":\"https:\\\/\\\/tandoorvietnam.com\\\/vi\\\/sanpham\\\/cac-mon-ga\\\/filet-ga-nuong-nau-sot-bo-va-ca-chua-cay\\\/#primaryimage\"},\"thumbnailUrl\":\"https:\\\/\\\/tandoorvietnam.com\\\/wp-content\\\/uploads\\\/2020\\\/06\\\/Chicken-tikka-masala2.jpg\",\"datePublished\":\"2021-04-14T09:46:31+00:00\",\"dateModified\":\"2023-05-10T09:55:04+00:00\",\"description\":\"Th\u01b0\u1edfng th\u1ee9c filet g\u00e0 n\u01b0\u1edbng s\u1ed1t b\u01a1 v\u00e0 c\u00e0 chua cay t\u1ea1i nh\u00e0 h\u00e0ng Tandoor Vietnam, m\u00f3n \u0103n \u0111\u1ea7y \u0111\u1ee7 h\u01b0\u01a1ng v\u1ecb v\u00e0 dinh d\u01b0\u1ee1ng t\u1eeb \u1ea9m th\u1ef1c \u1ea4n \u0110\u1ed9.\",\"breadcrumb\":{\"@id\":\"https:\\\/\\\/tandoorvietnam.com\\\/vi\\\/sanpham\\\/cac-mon-ga\\\/filet-ga-nuong-nau-sot-bo-va-ca-chua-cay\\\/#breadcrumb\"},\"inLanguage\":\"vi-VN\",\"potentialAction\":[{\"@type\":\"ReadAction\",\"target\":[\"https:\\\/\\\/tandoorvietnam.com\\\/vi\\\/sanpham\\\/cac-mon-ga\\\/filet-ga-nuong-nau-sot-bo-va-ca-chua-cay\\\/\"]}]},{\"@type\":\"ImageObject\",\"inLanguage\":\"vi-VN\",\"@id\":\"https:\\\/\\\/tandoorvietnam.com\\\/vi\\\/sanpham\\\/cac-mon-ga\\\/filet-ga-nuong-nau-sot-bo-va-ca-chua-cay\\\/#primaryimage\",\"url\":\"https:\\\/\\\/tandoorvietnam.com\\\/wp-content\\\/uploads\\\/2020\\\/06\\\/Chicken-tikka-masala2.jpg\",\"contentUrl\":\"https:\\\/\\\/tandoorvietnam.com\\\/wp-content\\\/uploads\\\/2020\\\/06\\\/Chicken-tikka-masala2.jpg\",\"width\":1400,\"height\":1400,\"caption\":\"FILET G\u00c0 N\u01af\u1edaNG N\u1ea4U S\u1ed0T B\u01a0 V\u00c0 C\u00c0 CHUA CAY\"},{\"@type\":\"BreadcrumbList\",\"@id\":\"https:\\\/\\\/tandoorvietnam.com\\\/vi\\\/sanpham\\\/cac-mon-ga\\\/filet-ga-nuong-nau-sot-bo-va-ca-chua-cay\\\/#breadcrumb\",\"itemListElement\":[{\"@type\":\"ListItem\",\"position\":1,\"name\":\"Trang Ch\u1ee7\",\"item\":\"https:\\\/\\\/tandoorvietnam.com\\\/vi\\\/\"},{\"@type\":\"ListItem\",\"position\":2,\"name\":\"Shop\",\"item\":\"https:\\\/\\\/tandoorvietnam.com\\\/shop\\\/\"},{\"@type\":\"ListItem\",\"position\":3,\"name\":\"Chicken Tikka Masala (FILET G\u00c0 N\u01af\u1edaNG N\u1ea4U S\u1ed0T B\u01a0 V\u00c0 C\u00c0 CHUA CAY)\"}]},{\"@type\":\"WebSite\",\"@id\":\"https:\\\/\\\/tandoorvietnam.com\\\/vi\\\/#website\",\"url\":\"https:\\\/\\\/tandoorvietnam.com\\\/vi\\\/\",\"name\":\"Tandoor Vietnam\",\"description\":\"Nh\u00e0 h\u00e0ng ngon h\u1ed3 ch\u00ed minh\",\"publisher\":{\"@id\":\"https:\\\/\\\/tandoorvietnam.com\\\/vi\\\/#organization\"},\"potentialAction\":[{\"@type\":\"SearchAction\",\"target\":{\"@type\":\"EntryPoint\",\"urlTemplate\":\"https:\\\/\\\/tandoorvietnam.com\\\/vi\\\/?s={search_term_string}\"},\"query-input\":{\"@type\":\"PropertyValueSpecification\",\"valueRequired\":true,\"valueName\":\"search_term_string\"}}],\"inLanguage\":\"vi-VN\"},{\"@type\":\"Organization\",\"@id\":\"https:\\\/\\\/tandoorvietnam.com\\\/vi\\\/#organization\",\"name\":\"Tandoor Vietnam\",\"url\":\"https:\\\/\\\/tandoorvietnam.com\\\/vi\\\/\",\"logo\":{\"@type\":\"ImageObject\",\"inLanguage\":\"vi-VN\",\"@id\":\"https:\\\/\\\/tandoorvietnam.com\\\/vi\\\/#\\\/schema\\\/logo\\\/image\\\/\",\"url\":\"https:\\\/\\\/tandoorvietnam.com\\\/wp-content\\\/uploads\\\/2020\\\/07\\\/logo.png\",\"contentUrl\":\"https:\\\/\\\/tandoorvietnam.com\\\/wp-content\\\/uploads\\\/2020\\\/07\\\/logo.png\",\"width\":133,\"height\":75,\"caption\":\"Tandoor Vietnam\"},\"image\":{\"@id\":\"https:\\\/\\\/tandoorvietnam.com\\\/vi\\\/#\\\/schema\\\/logo\\\/image\\\/\"},\"sameAs\":[\"https:\\\/\\\/www.facebook.com\\\/tandoor.hcmc\\\/\"]}]}<\/script>\n<!-- \/ Yoast SEO Premium plugin. -->","yoast_head_json":{"title":"FILET G\u00c0 N\u01af\u1edaNG N\u1ea4U S\u1ed0T B\u01a0 V\u00c0 C\u00c0 CHUA CAY","description":"Th\u01b0\u1edfng th\u1ee9c filet g\u00e0 n\u01b0\u1edbng s\u1ed1t b\u01a1 v\u00e0 c\u00e0 chua cay t\u1ea1i nh\u00e0 h\u00e0ng Tandoor Vietnam, m\u00f3n \u0103n \u0111\u1ea7y \u0111\u1ee7 h\u01b0\u01a1ng v\u1ecb v\u00e0 dinh d\u01b0\u1ee1ng t\u1eeb \u1ea9m th\u1ef1c \u1ea4n \u0110\u1ed9.","robots":{"index":"index","follow":"follow","max-snippet":"max-snippet:-1","max-image-preview":"max-image-preview:large","max-video-preview":"max-video-preview:-1"},"canonical":"https:\/\/tandoorvietnam.com\/vi\/sanpham\/cac-mon-ga\/filet-ga-nuong-nau-sot-bo-va-ca-chua-cay\/","og_locale":"vi_VN","og_type":"article","og_title":"Chicken Tikka Masala (FILET G\u00c0 N\u01af\u1edaNG N\u1ea4U S\u1ed0T B\u01a0 V\u00c0 C\u00c0 CHUA CAY)","og_description":"Th\u01b0\u1edfng th\u1ee9c filet g\u00e0 n\u01b0\u1edbng s\u1ed1t b\u01a1 v\u00e0 c\u00e0 chua cay t\u1ea1i nh\u00e0 h\u00e0ng Tandoor Vietnam, m\u00f3n \u0103n \u0111\u1ea7y \u0111\u1ee7 h\u01b0\u01a1ng v\u1ecb v\u00e0 dinh d\u01b0\u1ee1ng t\u1eeb \u1ea9m th\u1ef1c \u1ea4n \u0110\u1ed9.","og_url":"https:\/\/tandoorvietnam.com\/vi\/sanpham\/cac-mon-ga\/filet-ga-nuong-nau-sot-bo-va-ca-chua-cay\/","og_site_name":"Tandoor Vi\u1ec7t Nam","article_publisher":"https:\/\/www.facebook.com\/tandoor.hcmc\/","article_modified_time":"2023-05-10T09:55:04+00:00","og_image":[{"width":1400,"height":1400,"url":"https:\/\/tandoorvietnam.com\/wp-content\/uploads\/2020\/06\/Chicken-tikka-masala2.jpg","type":"image\/jpeg"}],"twitter_card":"summary_large_image","twitter_misc":{"Est. reading time":"2 minutes"},"schema":{"@context":"https:\/\/schema.org","@graph":[{"@type":"WebPage","@id":"https:\/\/tandoorvietnam.com\/vi\/sanpham\/cac-mon-ga\/filet-ga-nuong-nau-sot-bo-va-ca-chua-cay\/","url":"https:\/\/tandoorvietnam.com\/vi\/sanpham\/cac-mon-ga\/filet-ga-nuong-nau-sot-bo-va-ca-chua-cay\/","name":"FILET G\u00c0 N\u01af\u1edaNG N\u1ea4U S\u1ed0T B\u01a0 V\u00c0 C\u00c0 CHUA CAY","isPartOf":{"@id":"https:\/\/tandoorvietnam.com\/vi\/#website"},"primaryImageOfPage":{"@id":"https:\/\/tandoorvietnam.com\/vi\/sanpham\/cac-mon-ga\/filet-ga-nuong-nau-sot-bo-va-ca-chua-cay\/#primaryimage"},"image":{"@id":"https:\/\/tandoorvietnam.com\/vi\/sanpham\/cac-mon-ga\/filet-ga-nuong-nau-sot-bo-va-ca-chua-cay\/#primaryimage"},"thumbnailUrl":"https:\/\/tandoorvietnam.com\/wp-content\/uploads\/2020\/06\/Chicken-tikka-masala2.jpg","datePublished":"2021-04-14T09:46:31+00:00","dateModified":"2023-05-10T09:55:04+00:00","description":"Th\u01b0\u1edfng th\u1ee9c filet g\u00e0 n\u01b0\u1edbng s\u1ed1t b\u01a1 v\u00e0 c\u00e0 chua cay t\u1ea1i nh\u00e0 h\u00e0ng Tandoor Vietnam, m\u00f3n \u0103n \u0111\u1ea7y \u0111\u1ee7 h\u01b0\u01a1ng v\u1ecb v\u00e0 dinh d\u01b0\u1ee1ng t\u1eeb \u1ea9m th\u1ef1c \u1ea4n \u0110\u1ed9.","breadcrumb":{"@id":"https:\/\/tandoorvietnam.com\/vi\/sanpham\/cac-mon-ga\/filet-ga-nuong-nau-sot-bo-va-ca-chua-cay\/#breadcrumb"},"inLanguage":"vi-VN","potentialAction":[{"@type":"ReadAction","target":["https:\/\/tandoorvietnam.com\/vi\/sanpham\/cac-mon-ga\/filet-ga-nuong-nau-sot-bo-va-ca-chua-cay\/"]}]},{"@type":"ImageObject","inLanguage":"vi-VN","@id":"https:\/\/tandoorvietnam.com\/vi\/sanpham\/cac-mon-ga\/filet-ga-nuong-nau-sot-bo-va-ca-chua-cay\/#primaryimage","url":"https:\/\/tandoorvietnam.com\/wp-content\/uploads\/2020\/06\/Chicken-tikka-masala2.jpg","contentUrl":"https:\/\/tandoorvietnam.com\/wp-content\/uploads\/2020\/06\/Chicken-tikka-masala2.jpg","width":1400,"height":1400,"caption":"FILET G\u00c0 N\u01af\u1edaNG N\u1ea4U S\u1ed0T B\u01a0 V\u00c0 C\u00c0 CHUA CAY"},{"@type":"BreadcrumbList","@id":"https:\/\/tandoorvietnam.com\/vi\/sanpham\/cac-mon-ga\/filet-ga-nuong-nau-sot-bo-va-ca-chua-cay\/#breadcrumb","itemListElement":[{"@type":"ListItem","position":1,"name":"Trang Ch\u1ee7","item":"https:\/\/tandoorvietnam.com\/vi\/"},{"@type":"ListItem","position":2,"name":"Shop","item":"https:\/\/tandoorvietnam.com\/shop\/"},{"@type":"ListItem","position":3,"name":"Chicken Tikka Masala (FILET G\u00c0 N\u01af\u1edaNG N\u1ea4U S\u1ed0T B\u01a0 V\u00c0 C\u00c0 CHUA CAY)"}]},{"@type":"WebSite","@id":"https:\/\/tandoorvietnam.com\/vi\/#website","url":"https:\/\/tandoorvietnam.com\/vi\/","name":"Tandoor Vietnam","description":"Nh\u00e0 h\u00e0ng ngon h\u1ed3 ch\u00ed minh","publisher":{"@id":"https:\/\/tandoorvietnam.com\/vi\/#organization"},"potentialAction":[{"@type":"SearchAction","target":{"@type":"EntryPoint","urlTemplate":"https:\/\/tandoorvietnam.com\/vi\/?s={search_term_string}"},"query-input":{"@type":"PropertyValueSpecification","valueRequired":true,"valueName":"search_term_string"}}],"inLanguage":"vi-VN"},{"@type":"Organization","@id":"https:\/\/tandoorvietnam.com\/vi\/#organization","name":"Tandoor Vietnam","url":"https:\/\/tandoorvietnam.com\/vi\/","logo":{"@type":"ImageObject","inLanguage":"vi-VN","@id":"https:\/\/tandoorvietnam.com\/vi\/#\/schema\/logo\/image\/","url":"https:\/\/tandoorvietnam.com\/wp-content\/uploads\/2020\/07\/logo.png","contentUrl":"https:\/\/tandoorvietnam.com\/wp-content\/uploads\/2020\/07\/logo.png","width":133,"height":75,"caption":"Tandoor Vietnam"},"image":{"@id":"https:\/\/tandoorvietnam.com\/vi\/#\/schema\/logo\/image\/"},"sameAs":["https:\/\/www.facebook.com\/tandoor.hcmc\/"]}]}},"_links":{"self":[{"href":"https:\/\/tandoorvietnam.com\/vi\/wp-json\/wp\/v2\/product\/3274","targetHints":{"allow":["GET"]}}],"collection":[{"href":"https:\/\/tandoorvietnam.com\/vi\/wp-json\/wp\/v2\/product"}],"about":[{"href":"https:\/\/tandoorvietnam.com\/vi\/wp-json\/wp\/v2\/types\/product"}],"wp:featuredmedia":[{"embeddable":true,"href":"https:\/\/tandoorvietnam.com\/vi\/wp-json\/wp\/v2\/media\/3275"}],"wp:attachment":[{"href":"https:\/\/tandoorvietnam.com\/vi\/wp-json\/wp\/v2\/media?parent=3274"}],"wp:term":[{"taxonomy":"product_brand","embeddable":true,"href":"https:\/\/tandoorvietnam.com\/vi\/wp-json\/wp\/v2\/product_brand?post=3274"},{"taxonomy":"product_cat","embeddable":true,"href":"https:\/\/tandoorvietnam.com\/vi\/wp-json\/wp\/v2\/product_cat?post=3274"},{"taxonomy":"product_tag","embeddable":true,"href":"https:\/\/tandoorvietnam.com\/vi\/wp-json\/wp\/v2\/product_tag?post=3274"}],"curies":[{"name":"wp","href":"https:\/\/api.w.org\/{rel}","templated":true}]}}