{"id":3276,"date":"2020-06-20T12:47:53","date_gmt":"2021-04-14T09:47:39","guid":{"rendered":"http:\/\/tandoorvietnam.com\/product\/uncategorized\/ga-rut-xuong-nau-sot-ca-ri-dac-cay\/"},"modified":"2023-05-20T08:23:50","modified_gmt":"2023-05-20T08:23:50","slug":"ga-rut-xuong-nau-sot-ca-ri-dac-cay","status":"publish","type":"product","link":"https:\/\/tandoorvietnam.com\/vi\/sanpham\/cac-mon-ga\/ga-rut-xuong-nau-sot-ca-ri-dac-cay\/","title":{"rendered":"Dhaba Chicken (G\u00c0 R\u00daT X\u01af\u01a0NG N\u1ea4U S\u1ed0T C\u00c0 RI \u0110\u1eb6C CAY)"},"content":{"rendered":"<p>G\u00e0 r\u00fat x\u01b0\u01a1ng n\u1ea5u s\u1ed1t c\u00e0 ri \u0111\u1eb7c cay (Dhaba Chicken) l\u00e0 m\u1ed9t trong nh\u1eefng m\u00f3n \u0103n \u0111\u1eb7c tr\u01b0ng c\u1ee7a \u1ea4n \u0110\u1ed9 m\u00e0 b\u1ea1n kh\u00f4ng th\u1ec3 b\u1ecf qua khi \u0111\u1ebfn Tandoor Vietnam.<\/p>\n<p>Ch\u00fang t\u00f4i s\u1eed d\u1ee5ng g\u00e0 t\u01b0\u01a1i ngon, sau \u0111\u00f3 th\u00e1i th\u00e0nh t\u1eebng mi\u1ebfng nh\u1ecf v\u00e0 r\u00fat x\u01b0\u01a1ng \u0111\u1ec3 t\u1ea1o ra m\u1ed9t m\u00f3n \u0103n d\u1ec5 \u0103n v\u00e0 h\u1ea5p d\u1eabn. S\u1ed1t c\u00e0 ri \u0111\u1eb7c cay \u0111\u01b0\u1ee3c ch\u1ebf bi\u1ebfn t\u1eeb m\u1ed9t h\u1ed7n h\u1ee3p c\u00e1c gia v\u1ecb v\u00e0 gia v\u1ecb \u0111\u1eb7c tr\u01b0ng c\u1ee7a \u1ea4n \u0110\u1ed9, t\u1ea1o n\u00ean m\u1ed9t h\u01b0\u01a1ng v\u1ecb cay, th\u01a1m v\u00e0 \u0111\u1ed9 ngon \u0111\u1ed9c \u0111\u00e1o.<\/p>\n<p>S\u1ef1 k\u1ebft h\u1ee3p gi\u1eefa g\u00e0 th\u1ecbt m\u1ec1m m\u1ecbn, s\u1ed1t c\u00e0 ri \u0111\u1eadm \u0111\u00e0 v\u00e0 c\u00e1c lo\u1ea1i gia v\u1ecb tinh t\u1ebf l\u00e0m n\u1ed5i b\u1eadt m\u00f3n \u0103n n\u00e0y. V\u1ecb cay c\u00f9ng v\u1edbi h\u01b0\u01a1ng th\u01a1m c\u1ee7a c\u00e1c gia v\u1ecb l\u00e0m cho Dhaba Chicken tr\u1edf th\u00e0nh m\u1ed9t m\u00f3n \u0103n h\u1ea5p d\u1eabn v\u00e0 \u0111\u1eb7c s\u1eafc.<\/p>\n<p>M\u00f3n \u0103n n\u00e0y th\u01b0\u1eddng \u0111\u01b0\u1ee3c \u0103n k\u00e8m v\u1edbi c\u01a1m tr\u1eafng, b\u00e1nh m\u00ec ho\u1eb7c b\u00e1nh roti. Ngo\u00e0i ra, b\u1ea1n c\u0169ng c\u00f3 th\u1ec3 th\u01b0\u1edfng th\u1ee9c n\u00f3 c\u00f9ng v\u1edbi c\u00e1c lo\u1ea1i rau s\u1ed1ng \u0111\u1ec3 t\u1ea1o ra m\u1ed9t tr\u1ea3i nghi\u1ec7m \u1ea9m th\u1ef1c \u0111\u1ed9c \u0111\u00e1o.<\/p>\n<p>G\u00e0 r\u00fat x\u01b0\u01a1ng n\u1ea5u s\u1ed1t c\u00e0 ri \u0111\u1eb7c cay t\u1ea1i <a href=\"https:\/\/tandoorvietnam.com\/\">Tandoor Vietnam<\/a> \u0111\u01b0\u1ee3c ch\u1ebf bi\u1ebfn t\u1eeb nh\u1eefng nguy\u00ean li\u1ec7u t\u01b0\u01a1i ngon v\u00e0 \u0111\u01b0\u1ee3c n\u1ea5u theo phong c\u00e1ch truy\u1ec1n th\u1ed1ng c\u1ee7a \u1ea4n \u0110\u1ed9. Ch\u00fang t\u00f4i cam k\u1ebft mang \u0111\u1ebfn cho b\u1ea1n m\u1ed9t m\u00f3n \u0103n ngon, \u0111\u1eadm ch\u1ea5t v\u00e0 \u0111\u00e1p \u1ee9ng \u0111\u00fang s\u1ef1 mong \u0111\u1ee3i c\u1ee7a b\u1ea1n v\u1ec1 h\u01b0\u01a1ng v\u1ecb \u1ea4n \u0110\u1ed9 tuy\u1ec7t h\u1ea3o.<\/p>\n","protected":false},"excerpt":{"rendered":"<p>&nbsp;<\/p>\n<table width=\"723\">\n<tbody>\n<tr>\n<td width=\"412\">Succulent chicken in thick special blend of spices<\/td>\n<\/tr>\n<tr>\n<td width=\"412\"><em>G\u00e0 kh\u00f4ng x\u01b0\u01a1ng x\u1eaft kh\u00fac n\u1ea5u v\u1edbi gia v\u1ecb cay v\u00e0 s\u1ed1t cari \u0111\u1eb7c<\/em><\/td>\n<\/tr>\n<\/tbody>\n<\/table>\n","protected":false},"featured_media":3277,"template":"","meta":[],"product_brand":[],"product_cat":[227],"product_tag":[],"class_list":{"0":"post-3276","1":"product","2":"type-product","3":"status-publish","4":"has-post-thumbnail","6":"product_cat-cac-mon-ga","8":"first","9":"instock","10":"taxable","11":"shipping-taxable","12":"purchasable","13":"product-type-simple"},"yoast_head":"<!-- This site is optimized with the Yoast SEO Premium plugin v22.3 (Yoast SEO v27.4) - https:\/\/yoast.com\/product\/yoast-seo-premium-wordpress\/ -->\n<title>Dhaba Chicken (G\u00c0 R\u00daT X\u01af\u01a0NG N\u1ea4U S\u1ed0T C\u00c0 RI \u0110\u1eb6C CAY)<\/title>\n<meta name=\"description\" content=\"G\u00e0 r\u00fat x\u01b0\u01a1ng n\u1ea5u s\u1ed1t c\u00e0 ri \u0111\u1eb7c cay t\u1ea1i Tandoor Vietnam - M\u1ed9t m\u00f3n \u0103n ngon \u0111\u1eadm ch\u1ea5t \u1ea4n \u0110\u1ed9, h\u00f2a quy\u1ec7n gi\u1eefa v\u1ecb cay, th\u01a1m v\u00e0 \u0111\u1ed9 ngon \u0111\u1ed9c \u0111\u00e1o.\" \/>\n<meta name=\"robots\" content=\"index, follow, max-snippet:-1, max-image-preview:large, max-video-preview:-1\" \/>\n<link rel=\"canonical\" href=\"https:\/\/tandoorvietnam.com\/vi\/sanpham\/cac-mon-ga\/ga-rut-xuong-nau-sot-ca-ri-dac-cay\/\" \/>\n<meta property=\"og:locale\" content=\"vi_VN\" \/>\n<meta property=\"og:type\" content=\"article\" \/>\n<meta property=\"og:title\" content=\"Dhaba Chicken (G\u00c0 R\u00daT X\u01af\u01a0NG N\u1ea4U S\u1ed0T C\u00c0 RI \u0110\u1eb6C CAY)\" \/>\n<meta property=\"og:description\" content=\"G\u00e0 r\u00fat x\u01b0\u01a1ng n\u1ea5u s\u1ed1t c\u00e0 ri \u0111\u1eb7c cay t\u1ea1i Tandoor Vietnam - M\u1ed9t m\u00f3n \u0103n ngon \u0111\u1eadm ch\u1ea5t \u1ea4n \u0110\u1ed9, h\u00f2a quy\u1ec7n gi\u1eefa v\u1ecb cay, th\u01a1m v\u00e0 \u0111\u1ed9 ngon \u0111\u1ed9c \u0111\u00e1o.\" \/>\n<meta property=\"og:url\" content=\"https:\/\/tandoorvietnam.com\/vi\/sanpham\/cac-mon-ga\/ga-rut-xuong-nau-sot-ca-ri-dac-cay\/\" \/>\n<meta property=\"og:site_name\" content=\"Tandoor Vi\u1ec7t Nam\" \/>\n<meta property=\"article:publisher\" content=\"https:\/\/www.facebook.com\/tandoor.hcmc\/\" \/>\n<meta property=\"article:modified_time\" content=\"2023-05-20T08:23:50+00:00\" \/>\n<meta property=\"og:image\" content=\"https:\/\/tandoorvietnam.com\/wp-content\/uploads\/2020\/06\/Dhaba-chicken1.jpg\" \/>\n\t<meta property=\"og:image:width\" content=\"1400\" \/>\n\t<meta property=\"og:image:height\" content=\"933\" \/>\n\t<meta property=\"og:image:type\" content=\"image\/jpeg\" \/>\n<meta name=\"twitter:card\" content=\"summary_large_image\" \/>\n<meta name=\"twitter:label1\" content=\"Est. reading time\" \/>\n\t<meta name=\"twitter:data1\" content=\"2 minutes\" \/>\n<script type=\"application\/ld+json\" class=\"yoast-schema-graph\">{\"@context\":\"https:\\\/\\\/schema.org\",\"@graph\":[{\"@type\":\"WebPage\",\"@id\":\"https:\\\/\\\/tandoorvietnam.com\\\/vi\\\/sanpham\\\/cac-mon-ga\\\/ga-rut-xuong-nau-sot-ca-ri-dac-cay\\\/\",\"url\":\"https:\\\/\\\/tandoorvietnam.com\\\/vi\\\/sanpham\\\/cac-mon-ga\\\/ga-rut-xuong-nau-sot-ca-ri-dac-cay\\\/\",\"name\":\"Dhaba Chicken (G\u00c0 R\u00daT X\u01af\u01a0NG N\u1ea4U S\u1ed0T C\u00c0 RI \u0110\u1eb6C CAY)\",\"isPartOf\":{\"@id\":\"https:\\\/\\\/tandoorvietnam.com\\\/vi\\\/#website\"},\"primaryImageOfPage\":{\"@id\":\"https:\\\/\\\/tandoorvietnam.com\\\/vi\\\/sanpham\\\/cac-mon-ga\\\/ga-rut-xuong-nau-sot-ca-ri-dac-cay\\\/#primaryimage\"},\"image\":{\"@id\":\"https:\\\/\\\/tandoorvietnam.com\\\/vi\\\/sanpham\\\/cac-mon-ga\\\/ga-rut-xuong-nau-sot-ca-ri-dac-cay\\\/#primaryimage\"},\"thumbnailUrl\":\"https:\\\/\\\/tandoorvietnam.com\\\/wp-content\\\/uploads\\\/2020\\\/06\\\/Dhaba-chicken1.jpg\",\"datePublished\":\"2021-04-14T09:47:39+00:00\",\"dateModified\":\"2023-05-20T08:23:50+00:00\",\"description\":\"G\u00e0 r\u00fat x\u01b0\u01a1ng n\u1ea5u s\u1ed1t c\u00e0 ri \u0111\u1eb7c cay t\u1ea1i Tandoor Vietnam - M\u1ed9t m\u00f3n \u0103n ngon \u0111\u1eadm ch\u1ea5t \u1ea4n \u0110\u1ed9, h\u00f2a quy\u1ec7n gi\u1eefa v\u1ecb cay, th\u01a1m v\u00e0 \u0111\u1ed9 ngon \u0111\u1ed9c \u0111\u00e1o.\",\"breadcrumb\":{\"@id\":\"https:\\\/\\\/tandoorvietnam.com\\\/vi\\\/sanpham\\\/cac-mon-ga\\\/ga-rut-xuong-nau-sot-ca-ri-dac-cay\\\/#breadcrumb\"},\"inLanguage\":\"vi-VN\",\"potentialAction\":[{\"@type\":\"ReadAction\",\"target\":[\"https:\\\/\\\/tandoorvietnam.com\\\/vi\\\/sanpham\\\/cac-mon-ga\\\/ga-rut-xuong-nau-sot-ca-ri-dac-cay\\\/\"]}]},{\"@type\":\"ImageObject\",\"inLanguage\":\"vi-VN\",\"@id\":\"https:\\\/\\\/tandoorvietnam.com\\\/vi\\\/sanpham\\\/cac-mon-ga\\\/ga-rut-xuong-nau-sot-ca-ri-dac-cay\\\/#primaryimage\",\"url\":\"https:\\\/\\\/tandoorvietnam.com\\\/wp-content\\\/uploads\\\/2020\\\/06\\\/Dhaba-chicken1.jpg\",\"contentUrl\":\"https:\\\/\\\/tandoorvietnam.com\\\/wp-content\\\/uploads\\\/2020\\\/06\\\/Dhaba-chicken1.jpg\",\"width\":1400,\"height\":933,\"caption\":\"G\u00c0 R\u00daT X\u01af\u01a0NG N\u1ea4U S\u1ed0T C\u00c0 RI \u0110\u1eb6C CAY\"},{\"@type\":\"BreadcrumbList\",\"@id\":\"https:\\\/\\\/tandoorvietnam.com\\\/vi\\\/sanpham\\\/cac-mon-ga\\\/ga-rut-xuong-nau-sot-ca-ri-dac-cay\\\/#breadcrumb\",\"itemListElement\":[{\"@type\":\"ListItem\",\"position\":1,\"name\":\"Trang Ch\u1ee7\",\"item\":\"https:\\\/\\\/tandoorvietnam.com\\\/vi\\\/\"},{\"@type\":\"ListItem\",\"position\":2,\"name\":\"Shop\",\"item\":\"https:\\\/\\\/tandoorvietnam.com\\\/shop\\\/\"},{\"@type\":\"ListItem\",\"position\":3,\"name\":\"Dhaba Chicken (G\u00c0 R\u00daT X\u01af\u01a0NG N\u1ea4U S\u1ed0T C\u00c0 RI \u0110\u1eb6C CAY)\"}]},{\"@type\":\"WebSite\",\"@id\":\"https:\\\/\\\/tandoorvietnam.com\\\/vi\\\/#website\",\"url\":\"https:\\\/\\\/tandoorvietnam.com\\\/vi\\\/\",\"name\":\"Tandoor Vietnam\",\"description\":\"Nh\u00e0 h\u00e0ng ngon h\u1ed3 ch\u00ed minh\",\"publisher\":{\"@id\":\"https:\\\/\\\/tandoorvietnam.com\\\/vi\\\/#organization\"},\"potentialAction\":[{\"@type\":\"SearchAction\",\"target\":{\"@type\":\"EntryPoint\",\"urlTemplate\":\"https:\\\/\\\/tandoorvietnam.com\\\/vi\\\/?s={search_term_string}\"},\"query-input\":{\"@type\":\"PropertyValueSpecification\",\"valueRequired\":true,\"valueName\":\"search_term_string\"}}],\"inLanguage\":\"vi-VN\"},{\"@type\":\"Organization\",\"@id\":\"https:\\\/\\\/tandoorvietnam.com\\\/vi\\\/#organization\",\"name\":\"Tandoor Vietnam\",\"url\":\"https:\\\/\\\/tandoorvietnam.com\\\/vi\\\/\",\"logo\":{\"@type\":\"ImageObject\",\"inLanguage\":\"vi-VN\",\"@id\":\"https:\\\/\\\/tandoorvietnam.com\\\/vi\\\/#\\\/schema\\\/logo\\\/image\\\/\",\"url\":\"https:\\\/\\\/tandoorvietnam.com\\\/wp-content\\\/uploads\\\/2020\\\/07\\\/logo.png\",\"contentUrl\":\"https:\\\/\\\/tandoorvietnam.com\\\/wp-content\\\/uploads\\\/2020\\\/07\\\/logo.png\",\"width\":133,\"height\":75,\"caption\":\"Tandoor Vietnam\"},\"image\":{\"@id\":\"https:\\\/\\\/tandoorvietnam.com\\\/vi\\\/#\\\/schema\\\/logo\\\/image\\\/\"},\"sameAs\":[\"https:\\\/\\\/www.facebook.com\\\/tandoor.hcmc\\\/\"]}]}<\/script>\n<!-- \/ Yoast SEO Premium plugin. -->","yoast_head_json":{"title":"Dhaba Chicken (G\u00c0 R\u00daT X\u01af\u01a0NG N\u1ea4U S\u1ed0T C\u00c0 RI \u0110\u1eb6C CAY)","description":"G\u00e0 r\u00fat x\u01b0\u01a1ng n\u1ea5u s\u1ed1t c\u00e0 ri \u0111\u1eb7c cay t\u1ea1i Tandoor Vietnam - M\u1ed9t m\u00f3n \u0103n ngon \u0111\u1eadm ch\u1ea5t \u1ea4n \u0110\u1ed9, h\u00f2a quy\u1ec7n gi\u1eefa v\u1ecb cay, th\u01a1m v\u00e0 \u0111\u1ed9 ngon \u0111\u1ed9c \u0111\u00e1o.","robots":{"index":"index","follow":"follow","max-snippet":"max-snippet:-1","max-image-preview":"max-image-preview:large","max-video-preview":"max-video-preview:-1"},"canonical":"https:\/\/tandoorvietnam.com\/vi\/sanpham\/cac-mon-ga\/ga-rut-xuong-nau-sot-ca-ri-dac-cay\/","og_locale":"vi_VN","og_type":"article","og_title":"Dhaba Chicken (G\u00c0 R\u00daT X\u01af\u01a0NG N\u1ea4U S\u1ed0T C\u00c0 RI \u0110\u1eb6C CAY)","og_description":"G\u00e0 r\u00fat x\u01b0\u01a1ng n\u1ea5u s\u1ed1t c\u00e0 ri \u0111\u1eb7c cay t\u1ea1i Tandoor Vietnam - M\u1ed9t m\u00f3n \u0103n ngon \u0111\u1eadm ch\u1ea5t \u1ea4n \u0110\u1ed9, h\u00f2a quy\u1ec7n gi\u1eefa v\u1ecb cay, th\u01a1m v\u00e0 \u0111\u1ed9 ngon \u0111\u1ed9c \u0111\u00e1o.","og_url":"https:\/\/tandoorvietnam.com\/vi\/sanpham\/cac-mon-ga\/ga-rut-xuong-nau-sot-ca-ri-dac-cay\/","og_site_name":"Tandoor Vi\u1ec7t Nam","article_publisher":"https:\/\/www.facebook.com\/tandoor.hcmc\/","article_modified_time":"2023-05-20T08:23:50+00:00","og_image":[{"width":1400,"height":933,"url":"https:\/\/tandoorvietnam.com\/wp-content\/uploads\/2020\/06\/Dhaba-chicken1.jpg","type":"image\/jpeg"}],"twitter_card":"summary_large_image","twitter_misc":{"Est. reading time":"2 minutes"},"schema":{"@context":"https:\/\/schema.org","@graph":[{"@type":"WebPage","@id":"https:\/\/tandoorvietnam.com\/vi\/sanpham\/cac-mon-ga\/ga-rut-xuong-nau-sot-ca-ri-dac-cay\/","url":"https:\/\/tandoorvietnam.com\/vi\/sanpham\/cac-mon-ga\/ga-rut-xuong-nau-sot-ca-ri-dac-cay\/","name":"Dhaba Chicken (G\u00c0 R\u00daT X\u01af\u01a0NG N\u1ea4U S\u1ed0T C\u00c0 RI \u0110\u1eb6C CAY)","isPartOf":{"@id":"https:\/\/tandoorvietnam.com\/vi\/#website"},"primaryImageOfPage":{"@id":"https:\/\/tandoorvietnam.com\/vi\/sanpham\/cac-mon-ga\/ga-rut-xuong-nau-sot-ca-ri-dac-cay\/#primaryimage"},"image":{"@id":"https:\/\/tandoorvietnam.com\/vi\/sanpham\/cac-mon-ga\/ga-rut-xuong-nau-sot-ca-ri-dac-cay\/#primaryimage"},"thumbnailUrl":"https:\/\/tandoorvietnam.com\/wp-content\/uploads\/2020\/06\/Dhaba-chicken1.jpg","datePublished":"2021-04-14T09:47:39+00:00","dateModified":"2023-05-20T08:23:50+00:00","description":"G\u00e0 r\u00fat x\u01b0\u01a1ng n\u1ea5u s\u1ed1t c\u00e0 ri \u0111\u1eb7c cay t\u1ea1i Tandoor Vietnam - M\u1ed9t m\u00f3n \u0103n ngon \u0111\u1eadm ch\u1ea5t \u1ea4n \u0110\u1ed9, h\u00f2a quy\u1ec7n gi\u1eefa v\u1ecb cay, th\u01a1m v\u00e0 \u0111\u1ed9 ngon \u0111\u1ed9c \u0111\u00e1o.","breadcrumb":{"@id":"https:\/\/tandoorvietnam.com\/vi\/sanpham\/cac-mon-ga\/ga-rut-xuong-nau-sot-ca-ri-dac-cay\/#breadcrumb"},"inLanguage":"vi-VN","potentialAction":[{"@type":"ReadAction","target":["https:\/\/tandoorvietnam.com\/vi\/sanpham\/cac-mon-ga\/ga-rut-xuong-nau-sot-ca-ri-dac-cay\/"]}]},{"@type":"ImageObject","inLanguage":"vi-VN","@id":"https:\/\/tandoorvietnam.com\/vi\/sanpham\/cac-mon-ga\/ga-rut-xuong-nau-sot-ca-ri-dac-cay\/#primaryimage","url":"https:\/\/tandoorvietnam.com\/wp-content\/uploads\/2020\/06\/Dhaba-chicken1.jpg","contentUrl":"https:\/\/tandoorvietnam.com\/wp-content\/uploads\/2020\/06\/Dhaba-chicken1.jpg","width":1400,"height":933,"caption":"G\u00c0 R\u00daT X\u01af\u01a0NG N\u1ea4U S\u1ed0T C\u00c0 RI \u0110\u1eb6C CAY"},{"@type":"BreadcrumbList","@id":"https:\/\/tandoorvietnam.com\/vi\/sanpham\/cac-mon-ga\/ga-rut-xuong-nau-sot-ca-ri-dac-cay\/#breadcrumb","itemListElement":[{"@type":"ListItem","position":1,"name":"Trang Ch\u1ee7","item":"https:\/\/tandoorvietnam.com\/vi\/"},{"@type":"ListItem","position":2,"name":"Shop","item":"https:\/\/tandoorvietnam.com\/shop\/"},{"@type":"ListItem","position":3,"name":"Dhaba Chicken (G\u00c0 R\u00daT X\u01af\u01a0NG N\u1ea4U S\u1ed0T C\u00c0 RI \u0110\u1eb6C CAY)"}]},{"@type":"WebSite","@id":"https:\/\/tandoorvietnam.com\/vi\/#website","url":"https:\/\/tandoorvietnam.com\/vi\/","name":"Tandoor Vietnam","description":"Nh\u00e0 h\u00e0ng ngon h\u1ed3 ch\u00ed minh","publisher":{"@id":"https:\/\/tandoorvietnam.com\/vi\/#organization"},"potentialAction":[{"@type":"SearchAction","target":{"@type":"EntryPoint","urlTemplate":"https:\/\/tandoorvietnam.com\/vi\/?s={search_term_string}"},"query-input":{"@type":"PropertyValueSpecification","valueRequired":true,"valueName":"search_term_string"}}],"inLanguage":"vi-VN"},{"@type":"Organization","@id":"https:\/\/tandoorvietnam.com\/vi\/#organization","name":"Tandoor Vietnam","url":"https:\/\/tandoorvietnam.com\/vi\/","logo":{"@type":"ImageObject","inLanguage":"vi-VN","@id":"https:\/\/tandoorvietnam.com\/vi\/#\/schema\/logo\/image\/","url":"https:\/\/tandoorvietnam.com\/wp-content\/uploads\/2020\/07\/logo.png","contentUrl":"https:\/\/tandoorvietnam.com\/wp-content\/uploads\/2020\/07\/logo.png","width":133,"height":75,"caption":"Tandoor Vietnam"},"image":{"@id":"https:\/\/tandoorvietnam.com\/vi\/#\/schema\/logo\/image\/"},"sameAs":["https:\/\/www.facebook.com\/tandoor.hcmc\/"]}]}},"_links":{"self":[{"href":"https:\/\/tandoorvietnam.com\/vi\/wp-json\/wp\/v2\/product\/3276","targetHints":{"allow":["GET"]}}],"collection":[{"href":"https:\/\/tandoorvietnam.com\/vi\/wp-json\/wp\/v2\/product"}],"about":[{"href":"https:\/\/tandoorvietnam.com\/vi\/wp-json\/wp\/v2\/types\/product"}],"wp:featuredmedia":[{"embeddable":true,"href":"https:\/\/tandoorvietnam.com\/vi\/wp-json\/wp\/v2\/media\/3277"}],"wp:attachment":[{"href":"https:\/\/tandoorvietnam.com\/vi\/wp-json\/wp\/v2\/media?parent=3276"}],"wp:term":[{"taxonomy":"product_brand","embeddable":true,"href":"https:\/\/tandoorvietnam.com\/vi\/wp-json\/wp\/v2\/product_brand?post=3276"},{"taxonomy":"product_cat","embeddable":true,"href":"https:\/\/tandoorvietnam.com\/vi\/wp-json\/wp\/v2\/product_cat?post=3276"},{"taxonomy":"product_tag","embeddable":true,"href":"https:\/\/tandoorvietnam.com\/vi\/wp-json\/wp\/v2\/product_tag?post=3276"}],"curies":[{"name":"wp","href":"https:\/\/api.w.org\/{rel}","templated":true}]}}