{"id":3278,"date":"2020-06-20T12:47:35","date_gmt":"2021-04-14T09:49:23","guid":{"rendered":"http:\/\/tandoorvietnam.com\/product\/uncategorized\/ga-rut-xuong-nau-sot-ca-chua-hanh-tay-ot-xanh\/"},"modified":"2023-05-20T09:40:05","modified_gmt":"2023-05-20T09:40:05","slug":"ga-rut-xuong-nau-sot-ca-chua-hanh-tay-ot-xanh","status":"publish","type":"product","link":"https:\/\/tandoorvietnam.com\/vi\/sanpham\/cac-mon-ga\/ga-rut-xuong-nau-sot-ca-chua-hanh-tay-ot-xanh\/","title":{"rendered":"Kadhai Chicken (G\u00c0 R\u00daT X\u01af\u01a0NG N\u1ea4U S\u1ed0T C\u00c0 CHUA, H\u00c0NH T\u00c2Y, \u1edaT XANH)"},"content":{"rendered":"<p>G\u00e0 r\u00fat x\u01b0\u01a1ng n\u1ea5u s\u1ed1t c\u00e0 chua, h\u00e0nh t\u00e2y v\u00e0 \u1edbt xanh (Kadhai Chicken) l\u00e0 m\u1ed9t m\u00f3n \u0103n \u0111\u1eb7c tr\u01b0ng c\u1ee7a \u1ea9m th\u1ef1c \u1ea4n \u0110\u1ed9. T\u1ea1i Tandoor Vietnam, ch\u00fang t\u00f4i t\u1ea1o ra m\u1ed9t phi\u00ean b\u1ea3n \u0111\u1eb7c bi\u1ec7t c\u1ee7a m\u00f3n \u0103n n\u00e0y, k\u1ebft h\u1ee3p h\u01b0\u01a1ng v\u1ecb \u0111\u1eadm \u0111\u00e0 v\u00e0 h\u1ea5p d\u1eabn v\u1edbi m\u00e0u s\u1eafc t\u01b0\u01a1i t\u1eafn.<\/p>\n<p>G\u00e0 \u0111\u01b0\u1ee3c r\u00fat x\u01b0\u01a1ng v\u00e0 n\u1ea5u ch\u00edn trong m\u1ed9t s\u1ed1t c\u00e0 chua th\u01a1m ngon, h\u00e0nh t\u00e2y th\u00eam \u0111\u1ed9 ng\u1ecdt v\u00e0 \u1edbt xanh mang \u0111\u1ebfn m\u1ed9t ch\u00fat cay n\u1ed3ng. K\u1ebft qu\u1ea3 l\u00e0 m\u1ed9t m\u00f3n \u0103n h\u1ea5p d\u1eabn, h\u00f2a quy\u1ec7n gi\u1eefa h\u01b0\u01a1ng v\u1ecb chua cay, \u0111\u1ed9 ng\u1ecdt v\u00e0 m\u1ed9t ch\u00fat h\u01b0\u01a1ng th\u1ea3o m\u1ed9c t\u1eeb gia v\u1ecb.<\/p>\n<p>V\u1edbi m\u00e0u s\u1eafc r\u1ef1c r\u1ee1 v\u00e0 h\u01b0\u01a1ng v\u1ecb tuy\u1ec7t v\u1eddi, Kadhai Chicken\u00a0l\u00e0 m\u1ed9t l\u1ef1a ch\u1ecdn tuy\u1ec7t v\u1eddi cho nh\u1eefng th\u1ef1c kh\u00e1ch y\u00eau th\u00edch \u1ea9m th\u1ef1c \u1ea4n \u0110\u1ed9. M\u00f3n \u0103n n\u00e0y th\u01b0\u1eddng \u0111\u01b0\u1ee3c \u0103n k\u00e8m v\u1edbi c\u01a1m ho\u1eb7c b\u00e1nh m\u00ec \u0111\u1ec3 t\u1eadn h\u01b0\u1edfng tr\u1ecdn v\u1eb9n h\u01b0\u01a1ng v\u1ecb th\u01a1m ngon c\u1ee7a g\u00e0 v\u00e0 s\u1ed1t c\u00e0 chua.<\/p>\n<p>Ch\u00fang t\u00f4i cam k\u1ebft s\u1eed d\u1ee5ng nguy\u00ean li\u1ec7u t\u01b0\u01a1i ngon v\u00e0 ch\u1ea5t l\u01b0\u1ee3ng nh\u1ea5t \u0111\u1ec3 \u0111\u1ea3m b\u1ea3o m\u00f3n \u0103n c\u1ee7a b\u1ea1n mang \u0111\u1ebfn tr\u1ea3i nghi\u1ec7m \u1ea9m th\u1ef1c \u0111\u00fang ch\u1ea5t \u1ea4n \u0110\u1ed9. Kadhai Chicken t\u1ea1i <a href=\"https:\/\/tandoorvietnam.com\/\">Tandoor Vietnam<\/a> l\u00e0 m\u1ed9t m\u00f3n \u0103n ngon, h\u1ea5p d\u1eabn v\u00e0 phong ph\u00fa, h\u1ee9a h\u1eb9n s\u1ebd l\u00e0m h\u00e0i l\u00f2ng kh\u1ea9u v\u1ecb c\u1ee7a b\u1ea1n.<\/p>\n","protected":false},"excerpt":{"rendered":"<p>&nbsp;<\/p>\n<table width=\"723\">\n<tbody>\n<tr>\n<td width=\"412\">Spicy chicken dish cooked with onion, capsicum and tomato<\/td>\n<\/tr>\n<tr>\n<td width=\"412\"><em> G\u00e0 kh\u00f4ng x\u01b0\u01a1ng x\u1eaft kh\u00fac n\u1ea5u v\u1edbi s\u1ed1t c\u00e0 chua, h\u00e0nh t\u00e2y v\u00e0 \u1edbt xanh<\/em><\/td>\n<\/tr>\n<\/tbody>\n<\/table>\n","protected":false},"featured_media":3279,"template":"","meta":[],"product_brand":[],"product_cat":[227],"product_tag":[],"class_list":{"0":"post-3278","1":"product","2":"type-product","3":"status-publish","4":"has-post-thumbnail","6":"product_cat-cac-mon-ga","8":"first","9":"instock","10":"taxable","11":"shipping-taxable","12":"purchasable","13":"product-type-simple"},"yoast_head":"<!-- This site is optimized with the Yoast SEO Premium plugin v22.3 (Yoast SEO v27.4) - https:\/\/yoast.com\/product\/yoast-seo-premium-wordpress\/ -->\n<title>G\u00c0 R\u00daT X\u01af\u01a0NG N\u1ea4U S\u1ed0T C\u00c0 CHUA, H\u00c0NH T\u00c2Y, \u1edaT XANH<\/title>\n<meta name=\"description\" content=\"G\u00e0 r\u00fat x\u01b0\u01a1ng n\u1ea5u s\u1ed1t c\u00e0 chua, h\u00e0nh t\u00e2y, \u1edbt xanh t\u1ea1i Tandoor Vietnam. M\u00f3n \u0103n \u0111\u1eadm \u0111\u00e0, h\u1ea5p d\u1eabn v\u00e0 \u0111\u1ea7y m\u00e0u s\u1eafc cho th\u1ef1c kh\u00e1ch y\u00eau th\u00edch h\u01b0\u01a1ng v\u1ecb \u1ea4n \u0110\u1ed9.\" \/>\n<meta name=\"robots\" content=\"index, follow, max-snippet:-1, max-image-preview:large, max-video-preview:-1\" \/>\n<link rel=\"canonical\" href=\"https:\/\/tandoorvietnam.com\/vi\/sanpham\/cac-mon-ga\/ga-rut-xuong-nau-sot-ca-chua-hanh-tay-ot-xanh\/\" \/>\n<meta property=\"og:locale\" content=\"vi_VN\" \/>\n<meta property=\"og:type\" content=\"article\" \/>\n<meta property=\"og:title\" content=\"Kadhai Chicken (G\u00c0 R\u00daT X\u01af\u01a0NG N\u1ea4U S\u1ed0T C\u00c0 CHUA, H\u00c0NH T\u00c2Y, \u1edaT XANH)\" \/>\n<meta property=\"og:description\" content=\"G\u00e0 r\u00fat x\u01b0\u01a1ng n\u1ea5u s\u1ed1t c\u00e0 chua, h\u00e0nh t\u00e2y, \u1edbt xanh t\u1ea1i Tandoor Vietnam. M\u00f3n \u0103n \u0111\u1eadm \u0111\u00e0, h\u1ea5p d\u1eabn v\u00e0 \u0111\u1ea7y m\u00e0u s\u1eafc cho th\u1ef1c kh\u00e1ch y\u00eau th\u00edch h\u01b0\u01a1ng v\u1ecb \u1ea4n \u0110\u1ed9.\" \/>\n<meta property=\"og:url\" content=\"https:\/\/tandoorvietnam.com\/vi\/sanpham\/cac-mon-ga\/ga-rut-xuong-nau-sot-ca-chua-hanh-tay-ot-xanh\/\" \/>\n<meta property=\"og:site_name\" content=\"Tandoor Vi\u1ec7t Nam\" \/>\n<meta property=\"article:publisher\" content=\"https:\/\/www.facebook.com\/tandoor.hcmc\/\" \/>\n<meta property=\"article:modified_time\" content=\"2023-05-20T09:40:05+00:00\" \/>\n<meta property=\"og:image\" content=\"https:\/\/tandoorvietnam.com\/wp-content\/uploads\/2020\/06\/Kadhai-Chicken1.jpg\" \/>\n\t<meta property=\"og:image:width\" content=\"1400\" \/>\n\t<meta property=\"og:image:height\" content=\"1400\" \/>\n\t<meta property=\"og:image:type\" content=\"image\/jpeg\" \/>\n<meta name=\"twitter:card\" content=\"summary_large_image\" \/>\n<meta name=\"twitter:label1\" content=\"Est. reading time\" \/>\n\t<meta name=\"twitter:data1\" content=\"1 minute\" \/>\n<script type=\"application\/ld+json\" class=\"yoast-schema-graph\">{\"@context\":\"https:\\\/\\\/schema.org\",\"@graph\":[{\"@type\":\"WebPage\",\"@id\":\"https:\\\/\\\/tandoorvietnam.com\\\/vi\\\/sanpham\\\/cac-mon-ga\\\/ga-rut-xuong-nau-sot-ca-chua-hanh-tay-ot-xanh\\\/\",\"url\":\"https:\\\/\\\/tandoorvietnam.com\\\/vi\\\/sanpham\\\/cac-mon-ga\\\/ga-rut-xuong-nau-sot-ca-chua-hanh-tay-ot-xanh\\\/\",\"name\":\"G\u00c0 R\u00daT X\u01af\u01a0NG N\u1ea4U S\u1ed0T C\u00c0 CHUA, H\u00c0NH T\u00c2Y, \u1edaT XANH\",\"isPartOf\":{\"@id\":\"https:\\\/\\\/tandoorvietnam.com\\\/vi\\\/#website\"},\"primaryImageOfPage\":{\"@id\":\"https:\\\/\\\/tandoorvietnam.com\\\/vi\\\/sanpham\\\/cac-mon-ga\\\/ga-rut-xuong-nau-sot-ca-chua-hanh-tay-ot-xanh\\\/#primaryimage\"},\"image\":{\"@id\":\"https:\\\/\\\/tandoorvietnam.com\\\/vi\\\/sanpham\\\/cac-mon-ga\\\/ga-rut-xuong-nau-sot-ca-chua-hanh-tay-ot-xanh\\\/#primaryimage\"},\"thumbnailUrl\":\"https:\\\/\\\/tandoorvietnam.com\\\/wp-content\\\/uploads\\\/2020\\\/06\\\/Kadhai-Chicken1.jpg\",\"datePublished\":\"2021-04-14T09:49:23+00:00\",\"dateModified\":\"2023-05-20T09:40:05+00:00\",\"description\":\"G\u00e0 r\u00fat x\u01b0\u01a1ng n\u1ea5u s\u1ed1t c\u00e0 chua, h\u00e0nh t\u00e2y, \u1edbt xanh t\u1ea1i Tandoor Vietnam. M\u00f3n \u0103n \u0111\u1eadm \u0111\u00e0, h\u1ea5p d\u1eabn v\u00e0 \u0111\u1ea7y m\u00e0u s\u1eafc cho th\u1ef1c kh\u00e1ch y\u00eau th\u00edch h\u01b0\u01a1ng v\u1ecb \u1ea4n \u0110\u1ed9.\",\"breadcrumb\":{\"@id\":\"https:\\\/\\\/tandoorvietnam.com\\\/vi\\\/sanpham\\\/cac-mon-ga\\\/ga-rut-xuong-nau-sot-ca-chua-hanh-tay-ot-xanh\\\/#breadcrumb\"},\"inLanguage\":\"vi-VN\",\"potentialAction\":[{\"@type\":\"ReadAction\",\"target\":[\"https:\\\/\\\/tandoorvietnam.com\\\/vi\\\/sanpham\\\/cac-mon-ga\\\/ga-rut-xuong-nau-sot-ca-chua-hanh-tay-ot-xanh\\\/\"]}]},{\"@type\":\"ImageObject\",\"inLanguage\":\"vi-VN\",\"@id\":\"https:\\\/\\\/tandoorvietnam.com\\\/vi\\\/sanpham\\\/cac-mon-ga\\\/ga-rut-xuong-nau-sot-ca-chua-hanh-tay-ot-xanh\\\/#primaryimage\",\"url\":\"https:\\\/\\\/tandoorvietnam.com\\\/wp-content\\\/uploads\\\/2020\\\/06\\\/Kadhai-Chicken1.jpg\",\"contentUrl\":\"https:\\\/\\\/tandoorvietnam.com\\\/wp-content\\\/uploads\\\/2020\\\/06\\\/Kadhai-Chicken1.jpg\",\"width\":1400,\"height\":1400,\"caption\":\"G\u00c0 R\u00daT X\u01af\u01a0NG N\u1ea4U S\u1ed0T C\u00c0 CHUA, H\u00c0NH T\u00c2Y, \u1edaT XANH\"},{\"@type\":\"BreadcrumbList\",\"@id\":\"https:\\\/\\\/tandoorvietnam.com\\\/vi\\\/sanpham\\\/cac-mon-ga\\\/ga-rut-xuong-nau-sot-ca-chua-hanh-tay-ot-xanh\\\/#breadcrumb\",\"itemListElement\":[{\"@type\":\"ListItem\",\"position\":1,\"name\":\"Trang Ch\u1ee7\",\"item\":\"https:\\\/\\\/tandoorvietnam.com\\\/vi\\\/\"},{\"@type\":\"ListItem\",\"position\":2,\"name\":\"Shop\",\"item\":\"https:\\\/\\\/tandoorvietnam.com\\\/shop\\\/\"},{\"@type\":\"ListItem\",\"position\":3,\"name\":\"Kadhai Chicken (G\u00c0 R\u00daT X\u01af\u01a0NG N\u1ea4U S\u1ed0T C\u00c0 CHUA, H\u00c0NH T\u00c2Y, \u1edaT XANH)\"}]},{\"@type\":\"WebSite\",\"@id\":\"https:\\\/\\\/tandoorvietnam.com\\\/vi\\\/#website\",\"url\":\"https:\\\/\\\/tandoorvietnam.com\\\/vi\\\/\",\"name\":\"Tandoor Vietnam\",\"description\":\"Nh\u00e0 h\u00e0ng ngon h\u1ed3 ch\u00ed minh\",\"publisher\":{\"@id\":\"https:\\\/\\\/tandoorvietnam.com\\\/vi\\\/#organization\"},\"potentialAction\":[{\"@type\":\"SearchAction\",\"target\":{\"@type\":\"EntryPoint\",\"urlTemplate\":\"https:\\\/\\\/tandoorvietnam.com\\\/vi\\\/?s={search_term_string}\"},\"query-input\":{\"@type\":\"PropertyValueSpecification\",\"valueRequired\":true,\"valueName\":\"search_term_string\"}}],\"inLanguage\":\"vi-VN\"},{\"@type\":\"Organization\",\"@id\":\"https:\\\/\\\/tandoorvietnam.com\\\/vi\\\/#organization\",\"name\":\"Tandoor Vietnam\",\"url\":\"https:\\\/\\\/tandoorvietnam.com\\\/vi\\\/\",\"logo\":{\"@type\":\"ImageObject\",\"inLanguage\":\"vi-VN\",\"@id\":\"https:\\\/\\\/tandoorvietnam.com\\\/vi\\\/#\\\/schema\\\/logo\\\/image\\\/\",\"url\":\"https:\\\/\\\/tandoorvietnam.com\\\/wp-content\\\/uploads\\\/2020\\\/07\\\/logo.png\",\"contentUrl\":\"https:\\\/\\\/tandoorvietnam.com\\\/wp-content\\\/uploads\\\/2020\\\/07\\\/logo.png\",\"width\":133,\"height\":75,\"caption\":\"Tandoor Vietnam\"},\"image\":{\"@id\":\"https:\\\/\\\/tandoorvietnam.com\\\/vi\\\/#\\\/schema\\\/logo\\\/image\\\/\"},\"sameAs\":[\"https:\\\/\\\/www.facebook.com\\\/tandoor.hcmc\\\/\"]}]}<\/script>\n<!-- \/ Yoast SEO Premium plugin. -->","yoast_head_json":{"title":"G\u00c0 R\u00daT X\u01af\u01a0NG N\u1ea4U S\u1ed0T C\u00c0 CHUA, H\u00c0NH T\u00c2Y, \u1edaT XANH","description":"G\u00e0 r\u00fat x\u01b0\u01a1ng n\u1ea5u s\u1ed1t c\u00e0 chua, h\u00e0nh t\u00e2y, \u1edbt xanh t\u1ea1i Tandoor Vietnam. M\u00f3n \u0103n \u0111\u1eadm \u0111\u00e0, h\u1ea5p d\u1eabn v\u00e0 \u0111\u1ea7y m\u00e0u s\u1eafc cho th\u1ef1c kh\u00e1ch y\u00eau th\u00edch h\u01b0\u01a1ng v\u1ecb \u1ea4n \u0110\u1ed9.","robots":{"index":"index","follow":"follow","max-snippet":"max-snippet:-1","max-image-preview":"max-image-preview:large","max-video-preview":"max-video-preview:-1"},"canonical":"https:\/\/tandoorvietnam.com\/vi\/sanpham\/cac-mon-ga\/ga-rut-xuong-nau-sot-ca-chua-hanh-tay-ot-xanh\/","og_locale":"vi_VN","og_type":"article","og_title":"Kadhai Chicken (G\u00c0 R\u00daT X\u01af\u01a0NG N\u1ea4U S\u1ed0T C\u00c0 CHUA, H\u00c0NH T\u00c2Y, \u1edaT XANH)","og_description":"G\u00e0 r\u00fat x\u01b0\u01a1ng n\u1ea5u s\u1ed1t c\u00e0 chua, h\u00e0nh t\u00e2y, \u1edbt xanh t\u1ea1i Tandoor Vietnam. M\u00f3n \u0103n \u0111\u1eadm \u0111\u00e0, h\u1ea5p d\u1eabn v\u00e0 \u0111\u1ea7y m\u00e0u s\u1eafc cho th\u1ef1c kh\u00e1ch y\u00eau th\u00edch h\u01b0\u01a1ng v\u1ecb \u1ea4n \u0110\u1ed9.","og_url":"https:\/\/tandoorvietnam.com\/vi\/sanpham\/cac-mon-ga\/ga-rut-xuong-nau-sot-ca-chua-hanh-tay-ot-xanh\/","og_site_name":"Tandoor Vi\u1ec7t Nam","article_publisher":"https:\/\/www.facebook.com\/tandoor.hcmc\/","article_modified_time":"2023-05-20T09:40:05+00:00","og_image":[{"width":1400,"height":1400,"url":"https:\/\/tandoorvietnam.com\/wp-content\/uploads\/2020\/06\/Kadhai-Chicken1.jpg","type":"image\/jpeg"}],"twitter_card":"summary_large_image","twitter_misc":{"Est. reading time":"1 minute"},"schema":{"@context":"https:\/\/schema.org","@graph":[{"@type":"WebPage","@id":"https:\/\/tandoorvietnam.com\/vi\/sanpham\/cac-mon-ga\/ga-rut-xuong-nau-sot-ca-chua-hanh-tay-ot-xanh\/","url":"https:\/\/tandoorvietnam.com\/vi\/sanpham\/cac-mon-ga\/ga-rut-xuong-nau-sot-ca-chua-hanh-tay-ot-xanh\/","name":"G\u00c0 R\u00daT X\u01af\u01a0NG N\u1ea4U S\u1ed0T C\u00c0 CHUA, H\u00c0NH T\u00c2Y, \u1edaT XANH","isPartOf":{"@id":"https:\/\/tandoorvietnam.com\/vi\/#website"},"primaryImageOfPage":{"@id":"https:\/\/tandoorvietnam.com\/vi\/sanpham\/cac-mon-ga\/ga-rut-xuong-nau-sot-ca-chua-hanh-tay-ot-xanh\/#primaryimage"},"image":{"@id":"https:\/\/tandoorvietnam.com\/vi\/sanpham\/cac-mon-ga\/ga-rut-xuong-nau-sot-ca-chua-hanh-tay-ot-xanh\/#primaryimage"},"thumbnailUrl":"https:\/\/tandoorvietnam.com\/wp-content\/uploads\/2020\/06\/Kadhai-Chicken1.jpg","datePublished":"2021-04-14T09:49:23+00:00","dateModified":"2023-05-20T09:40:05+00:00","description":"G\u00e0 r\u00fat x\u01b0\u01a1ng n\u1ea5u s\u1ed1t c\u00e0 chua, h\u00e0nh t\u00e2y, \u1edbt xanh t\u1ea1i Tandoor Vietnam. M\u00f3n \u0103n \u0111\u1eadm \u0111\u00e0, h\u1ea5p d\u1eabn v\u00e0 \u0111\u1ea7y m\u00e0u s\u1eafc cho th\u1ef1c kh\u00e1ch y\u00eau th\u00edch h\u01b0\u01a1ng v\u1ecb \u1ea4n \u0110\u1ed9.","breadcrumb":{"@id":"https:\/\/tandoorvietnam.com\/vi\/sanpham\/cac-mon-ga\/ga-rut-xuong-nau-sot-ca-chua-hanh-tay-ot-xanh\/#breadcrumb"},"inLanguage":"vi-VN","potentialAction":[{"@type":"ReadAction","target":["https:\/\/tandoorvietnam.com\/vi\/sanpham\/cac-mon-ga\/ga-rut-xuong-nau-sot-ca-chua-hanh-tay-ot-xanh\/"]}]},{"@type":"ImageObject","inLanguage":"vi-VN","@id":"https:\/\/tandoorvietnam.com\/vi\/sanpham\/cac-mon-ga\/ga-rut-xuong-nau-sot-ca-chua-hanh-tay-ot-xanh\/#primaryimage","url":"https:\/\/tandoorvietnam.com\/wp-content\/uploads\/2020\/06\/Kadhai-Chicken1.jpg","contentUrl":"https:\/\/tandoorvietnam.com\/wp-content\/uploads\/2020\/06\/Kadhai-Chicken1.jpg","width":1400,"height":1400,"caption":"G\u00c0 R\u00daT X\u01af\u01a0NG N\u1ea4U S\u1ed0T C\u00c0 CHUA, H\u00c0NH T\u00c2Y, \u1edaT XANH"},{"@type":"BreadcrumbList","@id":"https:\/\/tandoorvietnam.com\/vi\/sanpham\/cac-mon-ga\/ga-rut-xuong-nau-sot-ca-chua-hanh-tay-ot-xanh\/#breadcrumb","itemListElement":[{"@type":"ListItem","position":1,"name":"Trang Ch\u1ee7","item":"https:\/\/tandoorvietnam.com\/vi\/"},{"@type":"ListItem","position":2,"name":"Shop","item":"https:\/\/tandoorvietnam.com\/shop\/"},{"@type":"ListItem","position":3,"name":"Kadhai Chicken (G\u00c0 R\u00daT X\u01af\u01a0NG N\u1ea4U S\u1ed0T C\u00c0 CHUA, H\u00c0NH T\u00c2Y, \u1edaT XANH)"}]},{"@type":"WebSite","@id":"https:\/\/tandoorvietnam.com\/vi\/#website","url":"https:\/\/tandoorvietnam.com\/vi\/","name":"Tandoor Vietnam","description":"Nh\u00e0 h\u00e0ng ngon h\u1ed3 ch\u00ed minh","publisher":{"@id":"https:\/\/tandoorvietnam.com\/vi\/#organization"},"potentialAction":[{"@type":"SearchAction","target":{"@type":"EntryPoint","urlTemplate":"https:\/\/tandoorvietnam.com\/vi\/?s={search_term_string}"},"query-input":{"@type":"PropertyValueSpecification","valueRequired":true,"valueName":"search_term_string"}}],"inLanguage":"vi-VN"},{"@type":"Organization","@id":"https:\/\/tandoorvietnam.com\/vi\/#organization","name":"Tandoor Vietnam","url":"https:\/\/tandoorvietnam.com\/vi\/","logo":{"@type":"ImageObject","inLanguage":"vi-VN","@id":"https:\/\/tandoorvietnam.com\/vi\/#\/schema\/logo\/image\/","url":"https:\/\/tandoorvietnam.com\/wp-content\/uploads\/2020\/07\/logo.png","contentUrl":"https:\/\/tandoorvietnam.com\/wp-content\/uploads\/2020\/07\/logo.png","width":133,"height":75,"caption":"Tandoor Vietnam"},"image":{"@id":"https:\/\/tandoorvietnam.com\/vi\/#\/schema\/logo\/image\/"},"sameAs":["https:\/\/www.facebook.com\/tandoor.hcmc\/"]}]}},"_links":{"self":[{"href":"https:\/\/tandoorvietnam.com\/vi\/wp-json\/wp\/v2\/product\/3278","targetHints":{"allow":["GET"]}}],"collection":[{"href":"https:\/\/tandoorvietnam.com\/vi\/wp-json\/wp\/v2\/product"}],"about":[{"href":"https:\/\/tandoorvietnam.com\/vi\/wp-json\/wp\/v2\/types\/product"}],"wp:featuredmedia":[{"embeddable":true,"href":"https:\/\/tandoorvietnam.com\/vi\/wp-json\/wp\/v2\/media\/3279"}],"wp:attachment":[{"href":"https:\/\/tandoorvietnam.com\/vi\/wp-json\/wp\/v2\/media?parent=3278"}],"wp:term":[{"taxonomy":"product_brand","embeddable":true,"href":"https:\/\/tandoorvietnam.com\/vi\/wp-json\/wp\/v2\/product_brand?post=3278"},{"taxonomy":"product_cat","embeddable":true,"href":"https:\/\/tandoorvietnam.com\/vi\/wp-json\/wp\/v2\/product_cat?post=3278"},{"taxonomy":"product_tag","embeddable":true,"href":"https:\/\/tandoorvietnam.com\/vi\/wp-json\/wp\/v2\/product_tag?post=3278"}],"curies":[{"name":"wp","href":"https:\/\/api.w.org\/{rel}","templated":true}]}}