{"id":3280,"date":"2020-06-20T12:38:42","date_gmt":"2021-04-14T09:50:35","guid":{"rendered":"http:\/\/tandoorvietnam.com\/product\/uncategorized\/ga-rut-xuong-nau-sot-hat-dieu-kem-va-trung-luoc\/"},"modified":"2023-05-14T04:01:22","modified_gmt":"2023-05-14T04:01:22","slug":"ga-rut-xuong-nau-sot-hat-dieu-kem-va-trung-luoc","status":"publish","type":"product","link":"https:\/\/tandoorvietnam.com\/vi\/sanpham\/cac-mon-ga\/ga-rut-xuong-nau-sot-hat-dieu-kem-va-trung-luoc\/","title":{"rendered":"Moghalai Chicken Korma (G\u00c0 R\u00daT X\u01af\u01a0NG N\u1ea4U S\u1ed0T H\u1ea0T \u0110I\u1ec0U, KEM V\u00c0 TR\u1ee8NG LU\u1ed8C)"},"content":{"rendered":"<p>G\u00e0 r\u00fat x\u01b0\u01a1ng n\u1ea5u s\u1ed1t h\u1ea1t \u0111i\u1ec1u, kem v\u00e0 tr\u1ee9ng lu\u1ed9c l\u00e0 m\u00f3n \u0103n \u0111\u1eb7c tr\u01b0ng c\u1ee7a \u1ea4n \u0110\u1ed9, \u0111\u01b0\u1ee3c ch\u1ebf bi\u1ebfn t\u1ea1i Tandoor Vietnam v\u1edbi phong c\u00e1ch ri\u00eang. G\u00e0 \u0111\u01b0\u1ee3c ch\u1ecdn l\u1ecdc k\u1ef9 c\u00e0ng, r\u00fat x\u01b0\u01a1ng v\u00e0 ch\u1ebf bi\u1ebfn v\u1edbi c\u00e1c nguy\u00ean li\u1ec7u t\u01b0\u01a1i ngon nh\u01b0 h\u1ea1t \u0111i\u1ec1u, kem v\u00e0 tr\u1ee9ng lu\u1ed9c t\u1ea1o n\u00ean h\u01b0\u01a1ng v\u1ecb \u0111\u1ed9c \u0111\u00e1o v\u00e0 kh\u00e1c bi\u1ec7t.<\/p>\n<p>M\u00f3n \u0103n \u0111\u01b0\u1ee3c ch\u1ebf bi\u1ebfn ho\u00e0n to\u00e0n th\u1ee7 c\u00f4ng, v\u1edbi s\u1ef1 t\u1eadn t\u00e2m v\u00e0 kinh nghi\u1ec7m c\u1ee7a \u0111\u1ea7u b\u1ebfp. Th\u1ecbt g\u00e0 \u0111\u01b0\u1ee3c r\u00fat x\u01b0\u01a1ng r\u1ea5t tinh t\u1ebf, gi\u1eef l\u1ea1i \u0111\u01b0\u1ee3c \u0111\u1ed9 gi\u00f2n c\u1ee7a th\u1ecbt v\u00e0 t\u1ea1o n\u00ean m\u1ed9t c\u1ea3m gi\u00e1c \u0103n r\u1ea5t th\u00edch th\u00fa. N\u01b0\u1edbc s\u1ed1t h\u1ea1t \u0111i\u1ec1u v\u00e0 kem th\u01a1m ngon, t\u1ea1o n\u00ean h\u01b0\u01a1ng v\u1ecb \u0111\u1eadm \u0111\u00e0, h\u00f2a quy\u1ec7n v\u1edbi v\u1ecb chua nh\u1eb9 c\u1ee7a tr\u1ee9ng lu\u1ed9c.<\/p>\n<p>M\u00f3n g\u00e0 r\u00fat x\u01b0\u01a1ng n\u1ea5u s\u1ed1t h\u1ea1t \u0111i\u1ec1u, kem v\u00e0 tr\u1ee9ng lu\u1ed9c th\u00edch h\u1ee3p \u0111\u1ec3 th\u01b0\u1edfng th\u1ee9c trong b\u1eefa tr\u01b0a ho\u1eb7c t\u1ed1i c\u00f9ng v\u1edbi c\u01a1m ho\u1eb7c b\u00e1nh m\u00ec. \u0110\u00e2y l\u00e0 m\u00f3n \u0103n ph\u1ed5 bi\u1ebfn trong \u1ea9m th\u1ef1c \u1ea4n \u0110\u1ed9 v\u00e0 \u0111\u01b0\u1ee3c nhi\u1ec1u ng\u01b0\u1eddi y\u00eau th\u00edch. \u0110\u1ebfn <a href=\"https:\/\/tandoorvietnam.com\/\">nh\u00e0 h\u00e0ng Tandoor Vietnam<\/a>, b\u1ea1n s\u1ebd \u0111\u01b0\u1ee3c tr\u1ea3i nghi\u1ec7m m\u00f3n \u0103n n\u00e0y v\u1edbi h\u01b0\u01a1ng v\u1ecb \u0111\u1eadm \u0111\u00e0 v\u00e0 \u0111\u1ed9c \u0111\u00e1o, ch\u1eafc ch\u1eafn s\u1ebd kh\u00f4ng l\u00e0m b\u1ea1n th\u1ea5t v\u1ecdng.<\/p>\n","protected":false},"excerpt":{"rendered":"<p>&nbsp;<\/p>\n<table width=\"723\">\n<tbody>\n<tr>\n<td width=\"412\">Grilled chicken pieces in a creamy sauce<\/td>\n<\/tr>\n<tr>\n<td width=\"412\"><em>G\u00e0 n\u01b0\u1edbng t\u01b0\u00f3i s\u1ed1t h\u1ea1t \u0111i\u1ec1u v\u00e0 kem v\u1edbi tr\u1ee9ng lu\u1ed9c<\/em><\/td>\n<\/tr>\n<\/tbody>\n<\/table>\n","protected":false},"featured_media":3281,"template":"","meta":[],"product_brand":[],"product_cat":[227],"product_tag":[],"class_list":{"0":"post-3280","1":"product","2":"type-product","3":"status-publish","4":"has-post-thumbnail","6":"product_cat-cac-mon-ga","8":"first","9":"instock","10":"taxable","11":"shipping-taxable","12":"purchasable","13":"product-type-simple"},"yoast_head":"<!-- This site is optimized with the Yoast SEO Premium plugin v22.3 (Yoast SEO v27.4) - https:\/\/yoast.com\/product\/yoast-seo-premium-wordpress\/ -->\n<title>G\u00c0 R\u00daT X\u01af\u01a0NG N\u1ea4U S\u1ed0T H\u1ea0T \u0110I\u1ec0U, KEM V\u00c0 TR\u1ee8NG LU\u1ed8C<\/title>\n<meta name=\"description\" content=\"Th\u01b0\u1edfng th\u1ee9c m\u00f3n g\u00e0 r\u00fat x\u01b0\u01a1ng n\u1ea5u s\u1ed1t h\u1ea1t \u0111i\u1ec1u, kem v\u00e0 tr\u1ee9ng lu\u1ed9c t\u1ea1i nh\u00e0 h\u00e0ng Tandoor Vietnam - m\u00f3n \u0103n ngon \u0111\u1ebfn t\u1eeb \u1ea4n \u0110\u1ed9.\" \/>\n<meta name=\"robots\" content=\"index, follow, max-snippet:-1, max-image-preview:large, max-video-preview:-1\" \/>\n<link rel=\"canonical\" href=\"https:\/\/tandoorvietnam.com\/vi\/sanpham\/cac-mon-ga\/ga-rut-xuong-nau-sot-hat-dieu-kem-va-trung-luoc\/\" \/>\n<meta property=\"og:locale\" content=\"vi_VN\" \/>\n<meta property=\"og:type\" content=\"article\" \/>\n<meta property=\"og:title\" content=\"Moghalai Chicken Korma (G\u00c0 R\u00daT X\u01af\u01a0NG N\u1ea4U S\u1ed0T H\u1ea0T \u0110I\u1ec0U, KEM V\u00c0 TR\u1ee8NG LU\u1ed8C)\" \/>\n<meta property=\"og:description\" content=\"Th\u01b0\u1edfng th\u1ee9c m\u00f3n g\u00e0 r\u00fat x\u01b0\u01a1ng n\u1ea5u s\u1ed1t h\u1ea1t \u0111i\u1ec1u, kem v\u00e0 tr\u1ee9ng lu\u1ed9c t\u1ea1i nh\u00e0 h\u00e0ng Tandoor Vietnam - m\u00f3n \u0103n ngon \u0111\u1ebfn t\u1eeb \u1ea4n \u0110\u1ed9.\" \/>\n<meta property=\"og:url\" content=\"https:\/\/tandoorvietnam.com\/vi\/sanpham\/cac-mon-ga\/ga-rut-xuong-nau-sot-hat-dieu-kem-va-trung-luoc\/\" \/>\n<meta property=\"og:site_name\" content=\"Tandoor Vi\u1ec7t Nam\" \/>\n<meta property=\"article:publisher\" content=\"https:\/\/www.facebook.com\/tandoor.hcmc\/\" \/>\n<meta property=\"article:modified_time\" content=\"2023-05-14T04:01:22+00:00\" \/>\n<meta property=\"og:image\" content=\"https:\/\/tandoorvietnam.com\/wp-content\/uploads\/2020\/06\/Moghalai-chicken-korma1.jpg\" \/>\n\t<meta property=\"og:image:width\" content=\"1400\" \/>\n\t<meta property=\"og:image:height\" content=\"1400\" \/>\n\t<meta property=\"og:image:type\" content=\"image\/jpeg\" \/>\n<meta name=\"twitter:card\" content=\"summary_large_image\" \/>\n<meta name=\"twitter:label1\" content=\"Est. reading time\" \/>\n\t<meta name=\"twitter:data1\" content=\"1 minute\" \/>\n<script type=\"application\/ld+json\" class=\"yoast-schema-graph\">{\"@context\":\"https:\\\/\\\/schema.org\",\"@graph\":[{\"@type\":\"WebPage\",\"@id\":\"https:\\\/\\\/tandoorvietnam.com\\\/vi\\\/sanpham\\\/cac-mon-ga\\\/ga-rut-xuong-nau-sot-hat-dieu-kem-va-trung-luoc\\\/\",\"url\":\"https:\\\/\\\/tandoorvietnam.com\\\/vi\\\/sanpham\\\/cac-mon-ga\\\/ga-rut-xuong-nau-sot-hat-dieu-kem-va-trung-luoc\\\/\",\"name\":\"G\u00c0 R\u00daT X\u01af\u01a0NG N\u1ea4U S\u1ed0T H\u1ea0T \u0110I\u1ec0U, KEM V\u00c0 TR\u1ee8NG LU\u1ed8C\",\"isPartOf\":{\"@id\":\"https:\\\/\\\/tandoorvietnam.com\\\/vi\\\/#website\"},\"primaryImageOfPage\":{\"@id\":\"https:\\\/\\\/tandoorvietnam.com\\\/vi\\\/sanpham\\\/cac-mon-ga\\\/ga-rut-xuong-nau-sot-hat-dieu-kem-va-trung-luoc\\\/#primaryimage\"},\"image\":{\"@id\":\"https:\\\/\\\/tandoorvietnam.com\\\/vi\\\/sanpham\\\/cac-mon-ga\\\/ga-rut-xuong-nau-sot-hat-dieu-kem-va-trung-luoc\\\/#primaryimage\"},\"thumbnailUrl\":\"https:\\\/\\\/tandoorvietnam.com\\\/wp-content\\\/uploads\\\/2020\\\/06\\\/Moghalai-chicken-korma1.jpg\",\"datePublished\":\"2021-04-14T09:50:35+00:00\",\"dateModified\":\"2023-05-14T04:01:22+00:00\",\"description\":\"Th\u01b0\u1edfng th\u1ee9c m\u00f3n g\u00e0 r\u00fat x\u01b0\u01a1ng n\u1ea5u s\u1ed1t h\u1ea1t \u0111i\u1ec1u, kem v\u00e0 tr\u1ee9ng lu\u1ed9c t\u1ea1i nh\u00e0 h\u00e0ng Tandoor Vietnam - m\u00f3n \u0103n ngon \u0111\u1ebfn t\u1eeb \u1ea4n \u0110\u1ed9.\",\"breadcrumb\":{\"@id\":\"https:\\\/\\\/tandoorvietnam.com\\\/vi\\\/sanpham\\\/cac-mon-ga\\\/ga-rut-xuong-nau-sot-hat-dieu-kem-va-trung-luoc\\\/#breadcrumb\"},\"inLanguage\":\"vi-VN\",\"potentialAction\":[{\"@type\":\"ReadAction\",\"target\":[\"https:\\\/\\\/tandoorvietnam.com\\\/vi\\\/sanpham\\\/cac-mon-ga\\\/ga-rut-xuong-nau-sot-hat-dieu-kem-va-trung-luoc\\\/\"]}]},{\"@type\":\"ImageObject\",\"inLanguage\":\"vi-VN\",\"@id\":\"https:\\\/\\\/tandoorvietnam.com\\\/vi\\\/sanpham\\\/cac-mon-ga\\\/ga-rut-xuong-nau-sot-hat-dieu-kem-va-trung-luoc\\\/#primaryimage\",\"url\":\"https:\\\/\\\/tandoorvietnam.com\\\/wp-content\\\/uploads\\\/2020\\\/06\\\/Moghalai-chicken-korma1.jpg\",\"contentUrl\":\"https:\\\/\\\/tandoorvietnam.com\\\/wp-content\\\/uploads\\\/2020\\\/06\\\/Moghalai-chicken-korma1.jpg\",\"width\":1400,\"height\":1400,\"caption\":\"G\u00c0 R\u00daT X\u01af\u01a0NG N\u1ea4U S\u1ed0T H\u1ea0T \u0110I\u1ec0U, KEM V\u00c0 TR\u1ee8NG LU\u1ed8C\"},{\"@type\":\"BreadcrumbList\",\"@id\":\"https:\\\/\\\/tandoorvietnam.com\\\/vi\\\/sanpham\\\/cac-mon-ga\\\/ga-rut-xuong-nau-sot-hat-dieu-kem-va-trung-luoc\\\/#breadcrumb\",\"itemListElement\":[{\"@type\":\"ListItem\",\"position\":1,\"name\":\"Trang Ch\u1ee7\",\"item\":\"https:\\\/\\\/tandoorvietnam.com\\\/vi\\\/\"},{\"@type\":\"ListItem\",\"position\":2,\"name\":\"Shop\",\"item\":\"https:\\\/\\\/tandoorvietnam.com\\\/shop\\\/\"},{\"@type\":\"ListItem\",\"position\":3,\"name\":\"Moghalai Chicken Korma (G\u00c0 R\u00daT X\u01af\u01a0NG N\u1ea4U S\u1ed0T H\u1ea0T \u0110I\u1ec0U, KEM V\u00c0 TR\u1ee8NG LU\u1ed8C)\"}]},{\"@type\":\"WebSite\",\"@id\":\"https:\\\/\\\/tandoorvietnam.com\\\/vi\\\/#website\",\"url\":\"https:\\\/\\\/tandoorvietnam.com\\\/vi\\\/\",\"name\":\"Tandoor Vietnam\",\"description\":\"Nh\u00e0 h\u00e0ng ngon h\u1ed3 ch\u00ed minh\",\"publisher\":{\"@id\":\"https:\\\/\\\/tandoorvietnam.com\\\/vi\\\/#organization\"},\"potentialAction\":[{\"@type\":\"SearchAction\",\"target\":{\"@type\":\"EntryPoint\",\"urlTemplate\":\"https:\\\/\\\/tandoorvietnam.com\\\/vi\\\/?s={search_term_string}\"},\"query-input\":{\"@type\":\"PropertyValueSpecification\",\"valueRequired\":true,\"valueName\":\"search_term_string\"}}],\"inLanguage\":\"vi-VN\"},{\"@type\":\"Organization\",\"@id\":\"https:\\\/\\\/tandoorvietnam.com\\\/vi\\\/#organization\",\"name\":\"Tandoor Vietnam\",\"url\":\"https:\\\/\\\/tandoorvietnam.com\\\/vi\\\/\",\"logo\":{\"@type\":\"ImageObject\",\"inLanguage\":\"vi-VN\",\"@id\":\"https:\\\/\\\/tandoorvietnam.com\\\/vi\\\/#\\\/schema\\\/logo\\\/image\\\/\",\"url\":\"https:\\\/\\\/tandoorvietnam.com\\\/wp-content\\\/uploads\\\/2020\\\/07\\\/logo.png\",\"contentUrl\":\"https:\\\/\\\/tandoorvietnam.com\\\/wp-content\\\/uploads\\\/2020\\\/07\\\/logo.png\",\"width\":133,\"height\":75,\"caption\":\"Tandoor Vietnam\"},\"image\":{\"@id\":\"https:\\\/\\\/tandoorvietnam.com\\\/vi\\\/#\\\/schema\\\/logo\\\/image\\\/\"},\"sameAs\":[\"https:\\\/\\\/www.facebook.com\\\/tandoor.hcmc\\\/\"]}]}<\/script>\n<!-- \/ Yoast SEO Premium plugin. -->","yoast_head_json":{"title":"G\u00c0 R\u00daT X\u01af\u01a0NG N\u1ea4U S\u1ed0T H\u1ea0T \u0110I\u1ec0U, KEM V\u00c0 TR\u1ee8NG LU\u1ed8C","description":"Th\u01b0\u1edfng th\u1ee9c m\u00f3n g\u00e0 r\u00fat x\u01b0\u01a1ng n\u1ea5u s\u1ed1t h\u1ea1t \u0111i\u1ec1u, kem v\u00e0 tr\u1ee9ng lu\u1ed9c t\u1ea1i nh\u00e0 h\u00e0ng Tandoor Vietnam - m\u00f3n \u0103n ngon \u0111\u1ebfn t\u1eeb \u1ea4n \u0110\u1ed9.","robots":{"index":"index","follow":"follow","max-snippet":"max-snippet:-1","max-image-preview":"max-image-preview:large","max-video-preview":"max-video-preview:-1"},"canonical":"https:\/\/tandoorvietnam.com\/vi\/sanpham\/cac-mon-ga\/ga-rut-xuong-nau-sot-hat-dieu-kem-va-trung-luoc\/","og_locale":"vi_VN","og_type":"article","og_title":"Moghalai Chicken Korma (G\u00c0 R\u00daT X\u01af\u01a0NG N\u1ea4U S\u1ed0T H\u1ea0T \u0110I\u1ec0U, KEM V\u00c0 TR\u1ee8NG LU\u1ed8C)","og_description":"Th\u01b0\u1edfng th\u1ee9c m\u00f3n g\u00e0 r\u00fat x\u01b0\u01a1ng n\u1ea5u s\u1ed1t h\u1ea1t \u0111i\u1ec1u, kem v\u00e0 tr\u1ee9ng lu\u1ed9c t\u1ea1i nh\u00e0 h\u00e0ng Tandoor Vietnam - m\u00f3n \u0103n ngon \u0111\u1ebfn t\u1eeb \u1ea4n \u0110\u1ed9.","og_url":"https:\/\/tandoorvietnam.com\/vi\/sanpham\/cac-mon-ga\/ga-rut-xuong-nau-sot-hat-dieu-kem-va-trung-luoc\/","og_site_name":"Tandoor Vi\u1ec7t Nam","article_publisher":"https:\/\/www.facebook.com\/tandoor.hcmc\/","article_modified_time":"2023-05-14T04:01:22+00:00","og_image":[{"width":1400,"height":1400,"url":"https:\/\/tandoorvietnam.com\/wp-content\/uploads\/2020\/06\/Moghalai-chicken-korma1.jpg","type":"image\/jpeg"}],"twitter_card":"summary_large_image","twitter_misc":{"Est. reading time":"1 minute"},"schema":{"@context":"https:\/\/schema.org","@graph":[{"@type":"WebPage","@id":"https:\/\/tandoorvietnam.com\/vi\/sanpham\/cac-mon-ga\/ga-rut-xuong-nau-sot-hat-dieu-kem-va-trung-luoc\/","url":"https:\/\/tandoorvietnam.com\/vi\/sanpham\/cac-mon-ga\/ga-rut-xuong-nau-sot-hat-dieu-kem-va-trung-luoc\/","name":"G\u00c0 R\u00daT X\u01af\u01a0NG N\u1ea4U S\u1ed0T H\u1ea0T \u0110I\u1ec0U, KEM V\u00c0 TR\u1ee8NG LU\u1ed8C","isPartOf":{"@id":"https:\/\/tandoorvietnam.com\/vi\/#website"},"primaryImageOfPage":{"@id":"https:\/\/tandoorvietnam.com\/vi\/sanpham\/cac-mon-ga\/ga-rut-xuong-nau-sot-hat-dieu-kem-va-trung-luoc\/#primaryimage"},"image":{"@id":"https:\/\/tandoorvietnam.com\/vi\/sanpham\/cac-mon-ga\/ga-rut-xuong-nau-sot-hat-dieu-kem-va-trung-luoc\/#primaryimage"},"thumbnailUrl":"https:\/\/tandoorvietnam.com\/wp-content\/uploads\/2020\/06\/Moghalai-chicken-korma1.jpg","datePublished":"2021-04-14T09:50:35+00:00","dateModified":"2023-05-14T04:01:22+00:00","description":"Th\u01b0\u1edfng th\u1ee9c m\u00f3n g\u00e0 r\u00fat x\u01b0\u01a1ng n\u1ea5u s\u1ed1t h\u1ea1t \u0111i\u1ec1u, kem v\u00e0 tr\u1ee9ng lu\u1ed9c t\u1ea1i nh\u00e0 h\u00e0ng Tandoor Vietnam - m\u00f3n \u0103n ngon \u0111\u1ebfn t\u1eeb \u1ea4n \u0110\u1ed9.","breadcrumb":{"@id":"https:\/\/tandoorvietnam.com\/vi\/sanpham\/cac-mon-ga\/ga-rut-xuong-nau-sot-hat-dieu-kem-va-trung-luoc\/#breadcrumb"},"inLanguage":"vi-VN","potentialAction":[{"@type":"ReadAction","target":["https:\/\/tandoorvietnam.com\/vi\/sanpham\/cac-mon-ga\/ga-rut-xuong-nau-sot-hat-dieu-kem-va-trung-luoc\/"]}]},{"@type":"ImageObject","inLanguage":"vi-VN","@id":"https:\/\/tandoorvietnam.com\/vi\/sanpham\/cac-mon-ga\/ga-rut-xuong-nau-sot-hat-dieu-kem-va-trung-luoc\/#primaryimage","url":"https:\/\/tandoorvietnam.com\/wp-content\/uploads\/2020\/06\/Moghalai-chicken-korma1.jpg","contentUrl":"https:\/\/tandoorvietnam.com\/wp-content\/uploads\/2020\/06\/Moghalai-chicken-korma1.jpg","width":1400,"height":1400,"caption":"G\u00c0 R\u00daT X\u01af\u01a0NG N\u1ea4U S\u1ed0T H\u1ea0T \u0110I\u1ec0U, KEM V\u00c0 TR\u1ee8NG LU\u1ed8C"},{"@type":"BreadcrumbList","@id":"https:\/\/tandoorvietnam.com\/vi\/sanpham\/cac-mon-ga\/ga-rut-xuong-nau-sot-hat-dieu-kem-va-trung-luoc\/#breadcrumb","itemListElement":[{"@type":"ListItem","position":1,"name":"Trang Ch\u1ee7","item":"https:\/\/tandoorvietnam.com\/vi\/"},{"@type":"ListItem","position":2,"name":"Shop","item":"https:\/\/tandoorvietnam.com\/shop\/"},{"@type":"ListItem","position":3,"name":"Moghalai Chicken Korma (G\u00c0 R\u00daT X\u01af\u01a0NG N\u1ea4U S\u1ed0T H\u1ea0T \u0110I\u1ec0U, KEM V\u00c0 TR\u1ee8NG LU\u1ed8C)"}]},{"@type":"WebSite","@id":"https:\/\/tandoorvietnam.com\/vi\/#website","url":"https:\/\/tandoorvietnam.com\/vi\/","name":"Tandoor Vietnam","description":"Nh\u00e0 h\u00e0ng ngon h\u1ed3 ch\u00ed minh","publisher":{"@id":"https:\/\/tandoorvietnam.com\/vi\/#organization"},"potentialAction":[{"@type":"SearchAction","target":{"@type":"EntryPoint","urlTemplate":"https:\/\/tandoorvietnam.com\/vi\/?s={search_term_string}"},"query-input":{"@type":"PropertyValueSpecification","valueRequired":true,"valueName":"search_term_string"}}],"inLanguage":"vi-VN"},{"@type":"Organization","@id":"https:\/\/tandoorvietnam.com\/vi\/#organization","name":"Tandoor Vietnam","url":"https:\/\/tandoorvietnam.com\/vi\/","logo":{"@type":"ImageObject","inLanguage":"vi-VN","@id":"https:\/\/tandoorvietnam.com\/vi\/#\/schema\/logo\/image\/","url":"https:\/\/tandoorvietnam.com\/wp-content\/uploads\/2020\/07\/logo.png","contentUrl":"https:\/\/tandoorvietnam.com\/wp-content\/uploads\/2020\/07\/logo.png","width":133,"height":75,"caption":"Tandoor Vietnam"},"image":{"@id":"https:\/\/tandoorvietnam.com\/vi\/#\/schema\/logo\/image\/"},"sameAs":["https:\/\/www.facebook.com\/tandoor.hcmc\/"]}]}},"_links":{"self":[{"href":"https:\/\/tandoorvietnam.com\/vi\/wp-json\/wp\/v2\/product\/3280","targetHints":{"allow":["GET"]}}],"collection":[{"href":"https:\/\/tandoorvietnam.com\/vi\/wp-json\/wp\/v2\/product"}],"about":[{"href":"https:\/\/tandoorvietnam.com\/vi\/wp-json\/wp\/v2\/types\/product"}],"wp:featuredmedia":[{"embeddable":true,"href":"https:\/\/tandoorvietnam.com\/vi\/wp-json\/wp\/v2\/media\/3281"}],"wp:attachment":[{"href":"https:\/\/tandoorvietnam.com\/vi\/wp-json\/wp\/v2\/media?parent=3280"}],"wp:term":[{"taxonomy":"product_brand","embeddable":true,"href":"https:\/\/tandoorvietnam.com\/vi\/wp-json\/wp\/v2\/product_brand?post=3280"},{"taxonomy":"product_cat","embeddable":true,"href":"https:\/\/tandoorvietnam.com\/vi\/wp-json\/wp\/v2\/product_cat?post=3280"},{"taxonomy":"product_tag","embeddable":true,"href":"https:\/\/tandoorvietnam.com\/vi\/wp-json\/wp\/v2\/product_tag?post=3280"}],"curies":[{"name":"wp","href":"https:\/\/api.w.org\/{rel}","templated":true}]}}