{"id":3282,"date":"2020-06-20T12:27:27","date_gmt":"2021-04-14T09:52:53","guid":{"rendered":"http:\/\/tandoorvietnam.com\/product\/uncategorized\/ga-rut-xuong-nau-sot-ca-chua-cay\/"},"modified":"2023-05-19T16:33:30","modified_gmt":"2023-05-19T16:33:30","slug":"ga-rut-xuong-nau-sot-ca-chua-cay","status":"publish","type":"product","link":"https:\/\/tandoorvietnam.com\/vi\/sanpham\/cac-mon-ga\/ga-rut-xuong-nau-sot-ca-chua-cay\/","title":{"rendered":"Punjabi Chicken (G\u00c0 R\u00daT X\u01af\u01a0NG N\u1ea4U S\u1ed0T C\u00c0 CHUA CAY)"},"content":{"rendered":"<p>G\u00e0 r\u00fat x\u01b0\u01a1ng n\u1ea5u s\u1ed1t c\u00e0 chua cay (Punjabi Chicken) l\u00e0 m\u1ed9t m\u00f3n \u0103n \u0111\u1eadm \u0111\u00e0 v\u00e0 h\u1ea5p d\u1eabn t\u1ea1i Tandoor Vietnam. Ch\u00fang t\u00f4i s\u1eed d\u1ee5ng g\u00e0 t\u01b0\u01a1i ngon v\u00e0 r\u00fat x\u01b0\u01a1ng k\u1ef9 l\u01b0\u1ee1ng \u0111\u1ec3 t\u1ea1o ra m\u1ed9t m\u00f3n g\u00e0 m\u1ec1m m\u1ecbn v\u00e0 th\u1ecbt th\u01a1m ngon.<\/p>\n<p>Sau khi r\u00fat x\u01b0\u01a1ng, g\u00e0 \u0111\u01b0\u1ee3c n\u1ea5u s\u1ed1t c\u00e0 chua cay, t\u1ea1o n\u00ean m\u1ed9t h\u01b0\u01a1ng v\u1ecb \u0111\u1ed9c \u0111\u00e1o v\u00e0 cay n\u1ed3ng. S\u1ed1t c\u00e0 chua \u0111\u01b0\u1ee3c ch\u1ebf bi\u1ebfn t\u1eeb c\u00e0 chua t\u01b0\u01a1i, gia v\u1ecb v\u00e0 c\u00e1c lo\u1ea1i ti\u00eau, t\u1ea1o ra m\u1ed9t h\u1ed7n h\u1ee3p h\u01b0\u01a1ng v\u1ecb tuy\u1ec7t v\u1eddi. S\u1ef1 k\u1ebft h\u1ee3p gi\u1eefa chua cay c\u1ee7a s\u1ed1t c\u00e0 chua v\u00e0 m\u1ec1m m\u1ecbn c\u1ee7a th\u1ecbt g\u00e0 t\u1ea1o n\u00ean m\u1ed9t tr\u1ea3i nghi\u1ec7m \u1ea9m th\u1ef1c tuy\u1ec7t v\u1eddi cho v\u1ecb gi\u00e1c.<\/p>\n<p>Punjabi Chicken th\u01b0\u1eddng \u0111\u01b0\u1ee3c ph\u1ee5c v\u1ee5 n\u00f3ng h\u1ed5i v\u00e0 \u0103n k\u00e8m v\u1edbi c\u01a1m ho\u1eb7c b\u00e1nh m\u00ec. N\u00f3 l\u00e0 m\u1ed9t m\u00f3n \u0103n ph\u1ed5 bi\u1ebfn v\u00e0 \u01b0a th\u00edch c\u1ee7a nhi\u1ec1u ng\u01b0\u1eddi y\u00eau \u1ea9m th\u1ef1c. H\u01b0\u01a1ng v\u1ecb cay n\u1ed3ng, th\u1ecbt g\u00e0 m\u1ec1m m\u1ecbn v\u00e0 s\u1ed1t c\u00e0 chua th\u01a1m ngon t\u1ea1o th\u00e0nh m\u1ed9t s\u1ef1 k\u1ebft h\u1ee3p ho\u00e0n h\u1ea3o.<\/p>\n<p>T\u1ea1i Tandoor Vietnam, ch\u00fang t\u00f4i cam k\u1ebft s\u1eed d\u1ee5ng c\u00e1c nguy\u00ean li\u1ec7u t\u01b0\u01a1i ngon v\u00e0 ch\u1ea5t l\u01b0\u1ee3ng nh\u1ea5t \u0111\u1ec3 t\u1ea1o ra m\u00f3n Punjabi Chicken \u0111\u1eb7c bi\u1ec7t n\u00e0y. Ch\u00fang t\u00f4i lu\u00f4n \u0111\u1ea3m b\u1ea3o m\u00f3n \u0103n \u0111\u01b0\u1ee3c ch\u1ebf bi\u1ebfn c\u00f4ng phu v\u00e0 \u0111\u1ea3m b\u1ea3o s\u1ef1 th\u01a1m ngon v\u00e0 an to\u00e0n dinh d\u01b0\u1ee1ng.<\/p>\n<p>H\u00e3y th\u01b0\u1edfng th\u1ee9c m\u00f3n Punjabi Chicken t\u1ea1i <a href=\"https:\/\/tandoorvietnam.com\/\">nh\u00e0 h\u00e0ng Tandoor Vietnam<\/a> v\u00e0 kh\u00e1m ph\u00e1 v\u0103n h\u00f3a \u1ea9m th\u1ef1c \u0111\u1ed9c \u0111\u00e1o c\u1ee7a \u1ea4n \u0110\u1ed9. M\u00f3n \u0103n n\u00e0y ch\u1eafc ch\u1eafn s\u1ebd l\u00e0m h\u00e0i l\u00f2ng c\u00e1c t\u00edn \u0111\u1ed3 \u1ea9m th\u1ef1c v\u00e0 mang \u0111\u1ebfn cho b\u1ea1n m\u1ed9t tr\u1ea3i nghi\u1ec7m \u1ea9m th\u1ef1c tuy\u1ec7t v\u1eddi.<\/p>\n","protected":false},"excerpt":{"rendered":"<p>&nbsp;<\/p>\n<table width=\"723\">\n<tbody>\n<tr>\n<td width=\"412\">Tandoori chicken in thick and spicy tomato gravy<\/td>\n<\/tr>\n<tr>\n<td width=\"412\"><em>G\u00e0 n\u01b0\u1edbng c\u00f3 x\u01b0\u01a1ng c\u1eaft mi\u1ebfng n\u1ea5u s\u1ed1t c\u00e0 chua cay<\/em><\/td>\n<\/tr>\n<\/tbody>\n<\/table>\n","protected":false},"featured_media":3283,"template":"","meta":[],"product_brand":[],"product_cat":[227],"product_tag":[],"class_list":{"0":"post-3282","1":"product","2":"type-product","3":"status-publish","4":"has-post-thumbnail","6":"product_cat-cac-mon-ga","8":"first","9":"instock","10":"taxable","11":"shipping-taxable","12":"purchasable","13":"product-type-simple"},"yoast_head":"<!-- This site is optimized with the Yoast SEO Premium plugin v22.3 (Yoast SEO v27.6) - https:\/\/yoast.com\/product\/yoast-seo-premium-wordpress\/ -->\n<title>Punjabi Chicken (G\u00c0 R\u00daT X\u01af\u01a0NG N\u1ea4U S\u1ed0T C\u00c0 CHUA CAY)<\/title>\n<meta name=\"description\" content=\"G\u00e0 r\u00fat x\u01b0\u01a1ng n\u1ea5u s\u1ed1t c\u00e0 chua cay t\u1ea1i Tandoor Vietnam. M\u00f3n \u0103n \u0111\u1eadm \u0111\u00e0 v\u1edbi s\u1ef1 k\u1ebft h\u1ee3p tinh t\u1ebf gi\u1eefa g\u00e0 t\u01b0\u01a1i, s\u1ed1t c\u00e0 chua v\u00e0 h\u01b0\u01a1ng v\u1ecb cay n\u1ed3ng.\" \/>\n<meta name=\"robots\" content=\"index, follow, max-snippet:-1, max-image-preview:large, max-video-preview:-1\" \/>\n<link rel=\"canonical\" href=\"https:\/\/tandoorvietnam.com\/vi\/sanpham\/cac-mon-ga\/ga-rut-xuong-nau-sot-ca-chua-cay\/\" \/>\n<meta property=\"og:locale\" content=\"vi_VN\" \/>\n<meta property=\"og:type\" content=\"article\" \/>\n<meta property=\"og:title\" content=\"Punjabi Chicken (G\u00c0 R\u00daT X\u01af\u01a0NG N\u1ea4U S\u1ed0T C\u00c0 CHUA CAY)\" \/>\n<meta property=\"og:description\" content=\"G\u00e0 r\u00fat x\u01b0\u01a1ng n\u1ea5u s\u1ed1t c\u00e0 chua cay t\u1ea1i Tandoor Vietnam. M\u00f3n \u0103n \u0111\u1eadm \u0111\u00e0 v\u1edbi s\u1ef1 k\u1ebft h\u1ee3p tinh t\u1ebf gi\u1eefa g\u00e0 t\u01b0\u01a1i, s\u1ed1t c\u00e0 chua v\u00e0 h\u01b0\u01a1ng v\u1ecb cay n\u1ed3ng.\" \/>\n<meta property=\"og:url\" content=\"https:\/\/tandoorvietnam.com\/vi\/sanpham\/cac-mon-ga\/ga-rut-xuong-nau-sot-ca-chua-cay\/\" \/>\n<meta property=\"og:site_name\" content=\"Tandoor Vi\u1ec7t Nam\" \/>\n<meta property=\"article:publisher\" content=\"https:\/\/www.facebook.com\/tandoor.hcmc\/\" \/>\n<meta property=\"article:modified_time\" content=\"2023-05-19T16:33:30+00:00\" \/>\n<meta property=\"og:image\" content=\"https:\/\/tandoorvietnam.com\/wp-content\/uploads\/2020\/06\/Punjabi-chicken1.jpg\" \/>\n\t<meta property=\"og:image:width\" content=\"1400\" \/>\n\t<meta property=\"og:image:height\" content=\"1400\" \/>\n\t<meta property=\"og:image:type\" content=\"image\/jpeg\" \/>\n<meta name=\"twitter:card\" content=\"summary_large_image\" \/>\n<meta name=\"twitter:label1\" content=\"Est. reading time\" \/>\n\t<meta name=\"twitter:data1\" content=\"2 minutes\" \/>\n<script type=\"application\/ld+json\" class=\"yoast-schema-graph\">{\"@context\":\"https:\\\/\\\/schema.org\",\"@graph\":[{\"@type\":\"WebPage\",\"@id\":\"https:\\\/\\\/tandoorvietnam.com\\\/vi\\\/sanpham\\\/cac-mon-ga\\\/ga-rut-xuong-nau-sot-ca-chua-cay\\\/\",\"url\":\"https:\\\/\\\/tandoorvietnam.com\\\/vi\\\/sanpham\\\/cac-mon-ga\\\/ga-rut-xuong-nau-sot-ca-chua-cay\\\/\",\"name\":\"Punjabi Chicken (G\u00c0 R\u00daT X\u01af\u01a0NG N\u1ea4U S\u1ed0T C\u00c0 CHUA CAY)\",\"isPartOf\":{\"@id\":\"https:\\\/\\\/tandoorvietnam.com\\\/vi\\\/#website\"},\"primaryImageOfPage\":{\"@id\":\"https:\\\/\\\/tandoorvietnam.com\\\/vi\\\/sanpham\\\/cac-mon-ga\\\/ga-rut-xuong-nau-sot-ca-chua-cay\\\/#primaryimage\"},\"image\":{\"@id\":\"https:\\\/\\\/tandoorvietnam.com\\\/vi\\\/sanpham\\\/cac-mon-ga\\\/ga-rut-xuong-nau-sot-ca-chua-cay\\\/#primaryimage\"},\"thumbnailUrl\":\"https:\\\/\\\/tandoorvietnam.com\\\/wp-content\\\/uploads\\\/2020\\\/06\\\/Punjabi-chicken1.jpg\",\"datePublished\":\"2021-04-14T09:52:53+00:00\",\"dateModified\":\"2023-05-19T16:33:30+00:00\",\"description\":\"G\u00e0 r\u00fat x\u01b0\u01a1ng n\u1ea5u s\u1ed1t c\u00e0 chua cay t\u1ea1i Tandoor Vietnam. M\u00f3n \u0103n \u0111\u1eadm \u0111\u00e0 v\u1edbi s\u1ef1 k\u1ebft h\u1ee3p tinh t\u1ebf gi\u1eefa g\u00e0 t\u01b0\u01a1i, s\u1ed1t c\u00e0 chua v\u00e0 h\u01b0\u01a1ng v\u1ecb cay n\u1ed3ng.\",\"breadcrumb\":{\"@id\":\"https:\\\/\\\/tandoorvietnam.com\\\/vi\\\/sanpham\\\/cac-mon-ga\\\/ga-rut-xuong-nau-sot-ca-chua-cay\\\/#breadcrumb\"},\"inLanguage\":\"vi-VN\",\"potentialAction\":[{\"@type\":\"ReadAction\",\"target\":[\"https:\\\/\\\/tandoorvietnam.com\\\/vi\\\/sanpham\\\/cac-mon-ga\\\/ga-rut-xuong-nau-sot-ca-chua-cay\\\/\"]}]},{\"@type\":\"ImageObject\",\"inLanguage\":\"vi-VN\",\"@id\":\"https:\\\/\\\/tandoorvietnam.com\\\/vi\\\/sanpham\\\/cac-mon-ga\\\/ga-rut-xuong-nau-sot-ca-chua-cay\\\/#primaryimage\",\"url\":\"https:\\\/\\\/tandoorvietnam.com\\\/wp-content\\\/uploads\\\/2020\\\/06\\\/Punjabi-chicken1.jpg\",\"contentUrl\":\"https:\\\/\\\/tandoorvietnam.com\\\/wp-content\\\/uploads\\\/2020\\\/06\\\/Punjabi-chicken1.jpg\",\"width\":1400,\"height\":1400,\"caption\":\"G\u00c0 R\u00daT X\u01af\u01a0NG N\u1ea4U S\u1ed0T C\u00c0 CHUA CAY\"},{\"@type\":\"BreadcrumbList\",\"@id\":\"https:\\\/\\\/tandoorvietnam.com\\\/vi\\\/sanpham\\\/cac-mon-ga\\\/ga-rut-xuong-nau-sot-ca-chua-cay\\\/#breadcrumb\",\"itemListElement\":[{\"@type\":\"ListItem\",\"position\":1,\"name\":\"Trang Ch\u1ee7\",\"item\":\"https:\\\/\\\/tandoorvietnam.com\\\/vi\\\/\"},{\"@type\":\"ListItem\",\"position\":2,\"name\":\"Shop\",\"item\":\"https:\\\/\\\/tandoorvietnam.com\\\/shop\\\/\"},{\"@type\":\"ListItem\",\"position\":3,\"name\":\"Punjabi Chicken (G\u00c0 R\u00daT X\u01af\u01a0NG N\u1ea4U S\u1ed0T C\u00c0 CHUA CAY)\"}]},{\"@type\":\"WebSite\",\"@id\":\"https:\\\/\\\/tandoorvietnam.com\\\/vi\\\/#website\",\"url\":\"https:\\\/\\\/tandoorvietnam.com\\\/vi\\\/\",\"name\":\"Tandoor Vietnam\",\"description\":\"Nh\u00e0 h\u00e0ng ngon h\u1ed3 ch\u00ed minh\",\"publisher\":{\"@id\":\"https:\\\/\\\/tandoorvietnam.com\\\/vi\\\/#organization\"},\"potentialAction\":[{\"@type\":\"SearchAction\",\"target\":{\"@type\":\"EntryPoint\",\"urlTemplate\":\"https:\\\/\\\/tandoorvietnam.com\\\/vi\\\/?s={search_term_string}\"},\"query-input\":{\"@type\":\"PropertyValueSpecification\",\"valueRequired\":true,\"valueName\":\"search_term_string\"}}],\"inLanguage\":\"vi-VN\"},{\"@type\":\"Organization\",\"@id\":\"https:\\\/\\\/tandoorvietnam.com\\\/vi\\\/#organization\",\"name\":\"Tandoor Vietnam\",\"url\":\"https:\\\/\\\/tandoorvietnam.com\\\/vi\\\/\",\"logo\":{\"@type\":\"ImageObject\",\"inLanguage\":\"vi-VN\",\"@id\":\"https:\\\/\\\/tandoorvietnam.com\\\/vi\\\/#\\\/schema\\\/logo\\\/image\\\/\",\"url\":\"https:\\\/\\\/tandoorvietnam.com\\\/wp-content\\\/uploads\\\/2020\\\/07\\\/logo.png\",\"contentUrl\":\"https:\\\/\\\/tandoorvietnam.com\\\/wp-content\\\/uploads\\\/2020\\\/07\\\/logo.png\",\"width\":133,\"height\":75,\"caption\":\"Tandoor Vietnam\"},\"image\":{\"@id\":\"https:\\\/\\\/tandoorvietnam.com\\\/vi\\\/#\\\/schema\\\/logo\\\/image\\\/\"},\"sameAs\":[\"https:\\\/\\\/www.facebook.com\\\/tandoor.hcmc\\\/\"]}]}<\/script>\n<!-- \/ Yoast SEO Premium plugin. -->","yoast_head_json":{"title":"Punjabi Chicken (G\u00c0 R\u00daT X\u01af\u01a0NG N\u1ea4U S\u1ed0T C\u00c0 CHUA CAY)","description":"G\u00e0 r\u00fat x\u01b0\u01a1ng n\u1ea5u s\u1ed1t c\u00e0 chua cay t\u1ea1i Tandoor Vietnam. M\u00f3n \u0103n \u0111\u1eadm \u0111\u00e0 v\u1edbi s\u1ef1 k\u1ebft h\u1ee3p tinh t\u1ebf gi\u1eefa g\u00e0 t\u01b0\u01a1i, s\u1ed1t c\u00e0 chua v\u00e0 h\u01b0\u01a1ng v\u1ecb cay n\u1ed3ng.","robots":{"index":"index","follow":"follow","max-snippet":"max-snippet:-1","max-image-preview":"max-image-preview:large","max-video-preview":"max-video-preview:-1"},"canonical":"https:\/\/tandoorvietnam.com\/vi\/sanpham\/cac-mon-ga\/ga-rut-xuong-nau-sot-ca-chua-cay\/","og_locale":"vi_VN","og_type":"article","og_title":"Punjabi Chicken (G\u00c0 R\u00daT X\u01af\u01a0NG N\u1ea4U S\u1ed0T C\u00c0 CHUA CAY)","og_description":"G\u00e0 r\u00fat x\u01b0\u01a1ng n\u1ea5u s\u1ed1t c\u00e0 chua cay t\u1ea1i Tandoor Vietnam. M\u00f3n \u0103n \u0111\u1eadm \u0111\u00e0 v\u1edbi s\u1ef1 k\u1ebft h\u1ee3p tinh t\u1ebf gi\u1eefa g\u00e0 t\u01b0\u01a1i, s\u1ed1t c\u00e0 chua v\u00e0 h\u01b0\u01a1ng v\u1ecb cay n\u1ed3ng.","og_url":"https:\/\/tandoorvietnam.com\/vi\/sanpham\/cac-mon-ga\/ga-rut-xuong-nau-sot-ca-chua-cay\/","og_site_name":"Tandoor Vi\u1ec7t Nam","article_publisher":"https:\/\/www.facebook.com\/tandoor.hcmc\/","article_modified_time":"2023-05-19T16:33:30+00:00","og_image":[{"width":1400,"height":1400,"url":"https:\/\/tandoorvietnam.com\/wp-content\/uploads\/2020\/06\/Punjabi-chicken1.jpg","type":"image\/jpeg"}],"twitter_card":"summary_large_image","twitter_misc":{"Est. reading time":"2 minutes"},"schema":{"@context":"https:\/\/schema.org","@graph":[{"@type":"WebPage","@id":"https:\/\/tandoorvietnam.com\/vi\/sanpham\/cac-mon-ga\/ga-rut-xuong-nau-sot-ca-chua-cay\/","url":"https:\/\/tandoorvietnam.com\/vi\/sanpham\/cac-mon-ga\/ga-rut-xuong-nau-sot-ca-chua-cay\/","name":"Punjabi Chicken (G\u00c0 R\u00daT X\u01af\u01a0NG N\u1ea4U S\u1ed0T C\u00c0 CHUA CAY)","isPartOf":{"@id":"https:\/\/tandoorvietnam.com\/vi\/#website"},"primaryImageOfPage":{"@id":"https:\/\/tandoorvietnam.com\/vi\/sanpham\/cac-mon-ga\/ga-rut-xuong-nau-sot-ca-chua-cay\/#primaryimage"},"image":{"@id":"https:\/\/tandoorvietnam.com\/vi\/sanpham\/cac-mon-ga\/ga-rut-xuong-nau-sot-ca-chua-cay\/#primaryimage"},"thumbnailUrl":"https:\/\/tandoorvietnam.com\/wp-content\/uploads\/2020\/06\/Punjabi-chicken1.jpg","datePublished":"2021-04-14T09:52:53+00:00","dateModified":"2023-05-19T16:33:30+00:00","description":"G\u00e0 r\u00fat x\u01b0\u01a1ng n\u1ea5u s\u1ed1t c\u00e0 chua cay t\u1ea1i Tandoor Vietnam. M\u00f3n \u0103n \u0111\u1eadm \u0111\u00e0 v\u1edbi s\u1ef1 k\u1ebft h\u1ee3p tinh t\u1ebf gi\u1eefa g\u00e0 t\u01b0\u01a1i, s\u1ed1t c\u00e0 chua v\u00e0 h\u01b0\u01a1ng v\u1ecb cay n\u1ed3ng.","breadcrumb":{"@id":"https:\/\/tandoorvietnam.com\/vi\/sanpham\/cac-mon-ga\/ga-rut-xuong-nau-sot-ca-chua-cay\/#breadcrumb"},"inLanguage":"vi-VN","potentialAction":[{"@type":"ReadAction","target":["https:\/\/tandoorvietnam.com\/vi\/sanpham\/cac-mon-ga\/ga-rut-xuong-nau-sot-ca-chua-cay\/"]}]},{"@type":"ImageObject","inLanguage":"vi-VN","@id":"https:\/\/tandoorvietnam.com\/vi\/sanpham\/cac-mon-ga\/ga-rut-xuong-nau-sot-ca-chua-cay\/#primaryimage","url":"https:\/\/tandoorvietnam.com\/wp-content\/uploads\/2020\/06\/Punjabi-chicken1.jpg","contentUrl":"https:\/\/tandoorvietnam.com\/wp-content\/uploads\/2020\/06\/Punjabi-chicken1.jpg","width":1400,"height":1400,"caption":"G\u00c0 R\u00daT X\u01af\u01a0NG N\u1ea4U S\u1ed0T C\u00c0 CHUA CAY"},{"@type":"BreadcrumbList","@id":"https:\/\/tandoorvietnam.com\/vi\/sanpham\/cac-mon-ga\/ga-rut-xuong-nau-sot-ca-chua-cay\/#breadcrumb","itemListElement":[{"@type":"ListItem","position":1,"name":"Trang Ch\u1ee7","item":"https:\/\/tandoorvietnam.com\/vi\/"},{"@type":"ListItem","position":2,"name":"Shop","item":"https:\/\/tandoorvietnam.com\/shop\/"},{"@type":"ListItem","position":3,"name":"Punjabi Chicken (G\u00c0 R\u00daT X\u01af\u01a0NG N\u1ea4U S\u1ed0T C\u00c0 CHUA CAY)"}]},{"@type":"WebSite","@id":"https:\/\/tandoorvietnam.com\/vi\/#website","url":"https:\/\/tandoorvietnam.com\/vi\/","name":"Tandoor Vietnam","description":"Nh\u00e0 h\u00e0ng ngon h\u1ed3 ch\u00ed minh","publisher":{"@id":"https:\/\/tandoorvietnam.com\/vi\/#organization"},"potentialAction":[{"@type":"SearchAction","target":{"@type":"EntryPoint","urlTemplate":"https:\/\/tandoorvietnam.com\/vi\/?s={search_term_string}"},"query-input":{"@type":"PropertyValueSpecification","valueRequired":true,"valueName":"search_term_string"}}],"inLanguage":"vi-VN"},{"@type":"Organization","@id":"https:\/\/tandoorvietnam.com\/vi\/#organization","name":"Tandoor Vietnam","url":"https:\/\/tandoorvietnam.com\/vi\/","logo":{"@type":"ImageObject","inLanguage":"vi-VN","@id":"https:\/\/tandoorvietnam.com\/vi\/#\/schema\/logo\/image\/","url":"https:\/\/tandoorvietnam.com\/wp-content\/uploads\/2020\/07\/logo.png","contentUrl":"https:\/\/tandoorvietnam.com\/wp-content\/uploads\/2020\/07\/logo.png","width":133,"height":75,"caption":"Tandoor Vietnam"},"image":{"@id":"https:\/\/tandoorvietnam.com\/vi\/#\/schema\/logo\/image\/"},"sameAs":["https:\/\/www.facebook.com\/tandoor.hcmc\/"]}]}},"_links":{"self":[{"href":"https:\/\/tandoorvietnam.com\/vi\/wp-json\/wp\/v2\/product\/3282","targetHints":{"allow":["GET"]}}],"collection":[{"href":"https:\/\/tandoorvietnam.com\/vi\/wp-json\/wp\/v2\/product"}],"about":[{"href":"https:\/\/tandoorvietnam.com\/vi\/wp-json\/wp\/v2\/types\/product"}],"wp:featuredmedia":[{"embeddable":true,"href":"https:\/\/tandoorvietnam.com\/vi\/wp-json\/wp\/v2\/media\/3283"}],"wp:attachment":[{"href":"https:\/\/tandoorvietnam.com\/vi\/wp-json\/wp\/v2\/media?parent=3282"}],"wp:term":[{"taxonomy":"product_brand","embeddable":true,"href":"https:\/\/tandoorvietnam.com\/vi\/wp-json\/wp\/v2\/product_brand?post=3282"},{"taxonomy":"product_cat","embeddable":true,"href":"https:\/\/tandoorvietnam.com\/vi\/wp-json\/wp\/v2\/product_cat?post=3282"},{"taxonomy":"product_tag","embeddable":true,"href":"https:\/\/tandoorvietnam.com\/vi\/wp-json\/wp\/v2\/product_tag?post=3282"}],"curies":[{"name":"wp","href":"https:\/\/api.w.org\/{rel}","templated":true}]}}