{"id":3300,"date":"2020-06-20T11:07:09","date_gmt":"2021-04-19T04:33:52","guid":{"rendered":"http:\/\/tandoorvietnam.com\/product\/uncategorized\/suon-cuu-uop-gia-vi-sot-hat-dieu-tieu-den-nuong-lo-tandoor\/"},"modified":"2023-05-11T04:59:44","modified_gmt":"2023-05-11T04:59:44","slug":"suon-cuu-uop-gia-vi-sot-hat-dieu-tieu-den-nuong-lo-tandoor","status":"publish","type":"product","link":"https:\/\/tandoorvietnam.com\/vi\/sanpham\/cac-mon-nuong-kebab\/suon-cuu-uop-gia-vi-sot-hat-dieu-tieu-den-nuong-lo-tandoor\/","title":{"rendered":"Boti Kebab (bone) (S\u01af\u1edcN C\u1eeaU \u01af\u1edaP GIA V\u1eca S\u1ed0T H\u1ea0T \u0110I\u1ec0U TI\u00caU \u0110EN N\u01af\u1edaNG L\u00d2 TANDOOR)"},"content":{"rendered":"<p>S\u01b0\u1eddn c\u1eebu \u01b0\u1edbp gia v\u1ecb s\u1ed1t h\u1ea1t \u0111i\u1ec1u ti\u00eau \u0111en n\u01b0\u1edbng l\u00f2 Tandoor l\u00e0 m\u1ed9t trong nh\u1eefng lo\u1ea1i th\u1ecbt \u0111\u01b0\u1ee3c \u01b0a chu\u1ed9ng t\u1ea1i \u1ea4n \u0110\u1ed9 v\u00e0 \u0111\u01b0\u1ee3c bi\u1ebft \u0111\u1ebfn v\u1edbi \u0111\u1ed9 gi\u00f2n v\u00e0 \u0111\u1eadm \u0111\u00e0 h\u01b0\u01a1ng v\u1ecb c\u1ee7a n\u00f3. T\u1ea1i <a href=\"https:\/\/tandoorvietnam.com\/\">Tandoor Vietnam<\/a>, ch\u00fang t\u00f4i \u0111\u00e3 k\u1ebft h\u1ee3p s\u01b0\u1eddn c\u1eebu x\u1eaft mi\u1ebfng v\u1edbi m\u1ed9t s\u1ed1 gia v\u1ecb \u0111\u1eb7c bi\u1ec7t \u0111\u1ec3 t\u1ea1o ra m\u00f3n S\u01b0\u1eddn C\u1eebu N\u01b0\u1edbng Tandoor, m\u1ed9t m\u00f3n \u0103n \u0111\u1eb7c tr\u01b0ng c\u1ee7a \u1ea9m th\u1ef1c \u1ea4n \u0110\u1ed9.<\/p>\n<p>M\u00f3n S\u01b0\u1eddn C\u1eebu N\u01b0\u1edbng l\u00f2 Tandoor \u0111\u01b0\u1ee3c \u01b0\u1edbp gia v\u1ecb \u0111\u1eb7c bi\u1ec7t bao g\u1ed3m c\u00e1c gia v\u1ecb nh\u01b0 g\u1eebng, t\u1ecfi, \u1edbt, \u0111inh h\u01b0\u01a1ng v\u00e0 cumin, t\u1ea1o n\u00ean h\u01b0\u01a1ng v\u1ecb \u0111\u1eadm \u0111\u00e0, th\u01a1m ngon v\u00e0 h\u1ea5p d\u1eabn. Sau khi \u01b0\u1edbp gia v\u1ecb, s\u01b0\u1eddn c\u1eebu \u0111\u01b0\u1ee3c n\u01b0\u1edbng trong l\u00f2 Tandoor, cho ra m\u1ed9t m\u00f3n \u0103n gi\u00f2n tan v\u00e0 th\u01a1m ngon.<\/p>\n<p>Nh\u1eefng mi\u1ebfng s\u01b0\u1eddn c\u1eebu n\u01b0\u1edbng s\u1ebd \u0111\u01b0\u1ee3c ch\u1ebf bi\u1ebfn c\u00f9ng v\u1edbi s\u1ed1t h\u1ea1t \u0111i\u1ec1u v\u00e0 ti\u00eau \u0111en, t\u1ea1o ra m\u1ed9t h\u01b0\u01a1ng v\u1ecb \u0111\u1eb7c bi\u1ec7t v\u00e0 c\u00e2n b\u1eb1ng gi\u1eefa h\u01b0\u01a1ng v\u1ecb \u0111\u1eadm \u0111\u00e0 c\u1ee7a th\u1ecbt c\u1eebu v\u00e0 v\u1ecb cay c\u1ee7a s\u1ed1t h\u1ea1t \u0111i\u1ec1u. M\u00f3n \u0103n \u0111\u01b0\u1ee3c th\u01b0\u1edfng th\u1ee9c t\u1ed1t nh\u1ea5t khi c\u00f2n n\u00f3ng, ch\u1ea5m c\u00f9ng v\u1edbi b\u00e1nh roti ho\u1eb7c c\u01a1m.<\/p>\n<p>V\u1edbi h\u01b0\u01a1ng v\u1ecb \u0111\u1eb7c tr\u01b0ng c\u1ee7a \u1ea9m th\u1ef1c \u1ea4n \u0110\u1ed9 v\u00e0 \u0111\u1ed9 gi\u00f2n gi\u00f2n c\u1ee7a s\u01b0\u1eddn c\u1eebu, S\u01b0\u1eddn C\u1eebu N\u01b0\u1edbng l\u00f2 Tandoor s\u1ebd l\u00e0 m\u1ed9t m\u00f3n \u0103n tuy\u1ec7t v\u1eddi cho b\u1eefa ti\u1ec7c c\u1ee7a b\u1ea1n ho\u1eb7c b\u1ea5t k\u1ef3 d\u1ecbp n\u00e0o b\u1ea1n mu\u1ed1n th\u01b0\u1edfng th\u1ee9c \u1ea9m th\u1ef1c \u0111\u1eb7c tr\u01b0ng c\u1ee7a \u1ea4n \u0110\u1ed9.<\/p>\n","protected":false},"excerpt":{"rendered":"<p>&nbsp;<\/p>\n<table width=\"723\">\n<tbody>\n<tr>\n<td width=\"412\">Lamb ribs marinated with spices &amp; cashew paste grilled in Tandoor oven<\/td>\n<\/tr>\n<tr>\n<td width=\"412\"><em>S<\/em><em>\u01b0\u1eddn<\/em><em> c\u1eebu x\u1eaft mi\u1ebfng \u01b0\u1edbp gia v\u1ecb \u0111\u1eb7c bi\u1ec7t v\u1edbi s\u1ed1t h\u1ea1t \u0111i\u1ec1u v\u00e0 ti\u00eau \u0111en n\u01b0\u1edbng trong l\u00f2 Tandoor<\/em><\/td>\n<\/tr>\n<\/tbody>\n<\/table>\n","protected":false},"featured_media":3301,"template":"","meta":[],"product_brand":[],"product_cat":[228],"product_tag":[],"class_list":{"0":"post-3300","1":"product","2":"type-product","3":"status-publish","4":"has-post-thumbnail","6":"product_cat-cac-mon-nuong-kebab","8":"first","9":"instock","10":"taxable","11":"shipping-taxable","12":"purchasable","13":"product-type-simple"},"yoast_head":"<!-- This site is optimized with the Yoast SEO Premium plugin v22.3 (Yoast SEO v27.4) - https:\/\/yoast.com\/product\/yoast-seo-premium-wordpress\/ -->\n<title>S\u01af\u1edcN C\u1eeaU \u01af\u1edaP GIA V\u1eca S\u1ed0T H\u1ea0T \u0110I\u1ec0U TI\u00caU \u0110EN<\/title>\n<meta name=\"description\" content=\"S\u01b0\u1eddn c\u1eebu \u01b0\u1edbp gia v\u1ecb \u0111\u1eb7c bi\u1ec7t v\u1edbi s\u1ed1t h\u1ea1t \u0111i\u1ec1u v\u00e0 ti\u00eau \u0111en n\u01b0\u1edbng trong l\u00f2 Tandoor - Th\u01b0\u1edfng th\u1ee9c m\u00f3n \u0103n n\u1ed5i ti\u1ebfng c\u1ee7a \u1ea4n \u0110\u1ed9 t\u1ea1i Tandoor Vietnam.\" \/>\n<meta name=\"robots\" content=\"index, follow, max-snippet:-1, max-image-preview:large, max-video-preview:-1\" \/>\n<link rel=\"canonical\" href=\"https:\/\/tandoorvietnam.com\/vi\/sanpham\/cac-mon-nuong-kebab\/suon-cuu-uop-gia-vi-sot-hat-dieu-tieu-den-nuong-lo-tandoor\/\" \/>\n<meta property=\"og:locale\" content=\"vi_VN\" \/>\n<meta property=\"og:type\" content=\"article\" \/>\n<meta property=\"og:title\" content=\"Boti Kebab (bone) (S\u01af\u1edcN C\u1eeaU \u01af\u1edaP GIA V\u1eca S\u1ed0T H\u1ea0T \u0110I\u1ec0U TI\u00caU \u0110EN N\u01af\u1edaNG L\u00d2 TANDOOR)\" \/>\n<meta property=\"og:description\" content=\"S\u01b0\u1eddn c\u1eebu \u01b0\u1edbp gia v\u1ecb \u0111\u1eb7c bi\u1ec7t v\u1edbi s\u1ed1t h\u1ea1t \u0111i\u1ec1u v\u00e0 ti\u00eau \u0111en n\u01b0\u1edbng trong l\u00f2 Tandoor - Th\u01b0\u1edfng th\u1ee9c m\u00f3n \u0103n n\u1ed5i ti\u1ebfng c\u1ee7a \u1ea4n \u0110\u1ed9 t\u1ea1i Tandoor Vietnam.\" \/>\n<meta property=\"og:url\" content=\"https:\/\/tandoorvietnam.com\/vi\/sanpham\/cac-mon-nuong-kebab\/suon-cuu-uop-gia-vi-sot-hat-dieu-tieu-den-nuong-lo-tandoor\/\" \/>\n<meta property=\"og:site_name\" content=\"Tandoor Vi\u1ec7t Nam\" \/>\n<meta property=\"article:publisher\" content=\"https:\/\/www.facebook.com\/tandoor.hcmc\/\" \/>\n<meta property=\"article:modified_time\" content=\"2023-05-11T04:59:44+00:00\" \/>\n<meta property=\"og:image\" content=\"https:\/\/tandoorvietnam.com\/wp-content\/uploads\/2020\/06\/Boti-kebab-bone.jpg\" \/>\n\t<meta property=\"og:image:width\" content=\"800\" \/>\n\t<meta property=\"og:image:height\" content=\"532\" \/>\n\t<meta property=\"og:image:type\" content=\"image\/jpeg\" \/>\n<meta name=\"twitter:card\" content=\"summary_large_image\" \/>\n<meta name=\"twitter:label1\" content=\"Est. reading time\" \/>\n\t<meta name=\"twitter:data1\" content=\"2 minutes\" \/>\n<script type=\"application\/ld+json\" class=\"yoast-schema-graph\">{\"@context\":\"https:\\\/\\\/schema.org\",\"@graph\":[{\"@type\":\"WebPage\",\"@id\":\"https:\\\/\\\/tandoorvietnam.com\\\/vi\\\/sanpham\\\/cac-mon-nuong-kebab\\\/suon-cuu-uop-gia-vi-sot-hat-dieu-tieu-den-nuong-lo-tandoor\\\/\",\"url\":\"https:\\\/\\\/tandoorvietnam.com\\\/vi\\\/sanpham\\\/cac-mon-nuong-kebab\\\/suon-cuu-uop-gia-vi-sot-hat-dieu-tieu-den-nuong-lo-tandoor\\\/\",\"name\":\"S\u01af\u1edcN C\u1eeaU \u01af\u1edaP GIA V\u1eca S\u1ed0T H\u1ea0T \u0110I\u1ec0U TI\u00caU \u0110EN\",\"isPartOf\":{\"@id\":\"https:\\\/\\\/tandoorvietnam.com\\\/vi\\\/#website\"},\"primaryImageOfPage\":{\"@id\":\"https:\\\/\\\/tandoorvietnam.com\\\/vi\\\/sanpham\\\/cac-mon-nuong-kebab\\\/suon-cuu-uop-gia-vi-sot-hat-dieu-tieu-den-nuong-lo-tandoor\\\/#primaryimage\"},\"image\":{\"@id\":\"https:\\\/\\\/tandoorvietnam.com\\\/vi\\\/sanpham\\\/cac-mon-nuong-kebab\\\/suon-cuu-uop-gia-vi-sot-hat-dieu-tieu-den-nuong-lo-tandoor\\\/#primaryimage\"},\"thumbnailUrl\":\"https:\\\/\\\/tandoorvietnam.com\\\/wp-content\\\/uploads\\\/2020\\\/06\\\/Boti-kebab-bone.jpg\",\"datePublished\":\"2021-04-19T04:33:52+00:00\",\"dateModified\":\"2023-05-11T04:59:44+00:00\",\"description\":\"S\u01b0\u1eddn c\u1eebu \u01b0\u1edbp gia v\u1ecb \u0111\u1eb7c bi\u1ec7t v\u1edbi s\u1ed1t h\u1ea1t \u0111i\u1ec1u v\u00e0 ti\u00eau \u0111en n\u01b0\u1edbng trong l\u00f2 Tandoor - Th\u01b0\u1edfng th\u1ee9c m\u00f3n \u0103n n\u1ed5i ti\u1ebfng c\u1ee7a \u1ea4n \u0110\u1ed9 t\u1ea1i Tandoor Vietnam.\",\"breadcrumb\":{\"@id\":\"https:\\\/\\\/tandoorvietnam.com\\\/vi\\\/sanpham\\\/cac-mon-nuong-kebab\\\/suon-cuu-uop-gia-vi-sot-hat-dieu-tieu-den-nuong-lo-tandoor\\\/#breadcrumb\"},\"inLanguage\":\"vi-VN\",\"potentialAction\":[{\"@type\":\"ReadAction\",\"target\":[\"https:\\\/\\\/tandoorvietnam.com\\\/vi\\\/sanpham\\\/cac-mon-nuong-kebab\\\/suon-cuu-uop-gia-vi-sot-hat-dieu-tieu-den-nuong-lo-tandoor\\\/\"]}]},{\"@type\":\"ImageObject\",\"inLanguage\":\"vi-VN\",\"@id\":\"https:\\\/\\\/tandoorvietnam.com\\\/vi\\\/sanpham\\\/cac-mon-nuong-kebab\\\/suon-cuu-uop-gia-vi-sot-hat-dieu-tieu-den-nuong-lo-tandoor\\\/#primaryimage\",\"url\":\"https:\\\/\\\/tandoorvietnam.com\\\/wp-content\\\/uploads\\\/2020\\\/06\\\/Boti-kebab-bone.jpg\",\"contentUrl\":\"https:\\\/\\\/tandoorvietnam.com\\\/wp-content\\\/uploads\\\/2020\\\/06\\\/Boti-kebab-bone.jpg\",\"width\":800,\"height\":532,\"caption\":\"S\u01af\u1edcN C\u1eeaU \u01af\u1edaP GIA V\u1eca S\u1ed0T H\u1ea0T \u0110I\u1ec0U TI\u00caU \u0110EN N\u01af\u1edaNG L\u00d2 TANDOOR\"},{\"@type\":\"BreadcrumbList\",\"@id\":\"https:\\\/\\\/tandoorvietnam.com\\\/vi\\\/sanpham\\\/cac-mon-nuong-kebab\\\/suon-cuu-uop-gia-vi-sot-hat-dieu-tieu-den-nuong-lo-tandoor\\\/#breadcrumb\",\"itemListElement\":[{\"@type\":\"ListItem\",\"position\":1,\"name\":\"Trang Ch\u1ee7\",\"item\":\"https:\\\/\\\/tandoorvietnam.com\\\/vi\\\/\"},{\"@type\":\"ListItem\",\"position\":2,\"name\":\"Shop\",\"item\":\"https:\\\/\\\/tandoorvietnam.com\\\/shop\\\/\"},{\"@type\":\"ListItem\",\"position\":3,\"name\":\"Boti Kebab (bone) (S\u01af\u1edcN C\u1eeaU \u01af\u1edaP GIA V\u1eca S\u1ed0T H\u1ea0T \u0110I\u1ec0U TI\u00caU \u0110EN N\u01af\u1edaNG L\u00d2 TANDOOR)\"}]},{\"@type\":\"WebSite\",\"@id\":\"https:\\\/\\\/tandoorvietnam.com\\\/vi\\\/#website\",\"url\":\"https:\\\/\\\/tandoorvietnam.com\\\/vi\\\/\",\"name\":\"Tandoor Vietnam\",\"description\":\"Nh\u00e0 h\u00e0ng ngon h\u1ed3 ch\u00ed minh\",\"publisher\":{\"@id\":\"https:\\\/\\\/tandoorvietnam.com\\\/vi\\\/#organization\"},\"potentialAction\":[{\"@type\":\"SearchAction\",\"target\":{\"@type\":\"EntryPoint\",\"urlTemplate\":\"https:\\\/\\\/tandoorvietnam.com\\\/vi\\\/?s={search_term_string}\"},\"query-input\":{\"@type\":\"PropertyValueSpecification\",\"valueRequired\":true,\"valueName\":\"search_term_string\"}}],\"inLanguage\":\"vi-VN\"},{\"@type\":\"Organization\",\"@id\":\"https:\\\/\\\/tandoorvietnam.com\\\/vi\\\/#organization\",\"name\":\"Tandoor Vietnam\",\"url\":\"https:\\\/\\\/tandoorvietnam.com\\\/vi\\\/\",\"logo\":{\"@type\":\"ImageObject\",\"inLanguage\":\"vi-VN\",\"@id\":\"https:\\\/\\\/tandoorvietnam.com\\\/vi\\\/#\\\/schema\\\/logo\\\/image\\\/\",\"url\":\"https:\\\/\\\/tandoorvietnam.com\\\/wp-content\\\/uploads\\\/2020\\\/07\\\/logo.png\",\"contentUrl\":\"https:\\\/\\\/tandoorvietnam.com\\\/wp-content\\\/uploads\\\/2020\\\/07\\\/logo.png\",\"width\":133,\"height\":75,\"caption\":\"Tandoor Vietnam\"},\"image\":{\"@id\":\"https:\\\/\\\/tandoorvietnam.com\\\/vi\\\/#\\\/schema\\\/logo\\\/image\\\/\"},\"sameAs\":[\"https:\\\/\\\/www.facebook.com\\\/tandoor.hcmc\\\/\"]}]}<\/script>\n<!-- \/ Yoast SEO Premium plugin. -->","yoast_head_json":{"title":"S\u01af\u1edcN C\u1eeaU \u01af\u1edaP GIA V\u1eca S\u1ed0T H\u1ea0T \u0110I\u1ec0U TI\u00caU \u0110EN","description":"S\u01b0\u1eddn c\u1eebu \u01b0\u1edbp gia v\u1ecb \u0111\u1eb7c bi\u1ec7t v\u1edbi s\u1ed1t h\u1ea1t \u0111i\u1ec1u v\u00e0 ti\u00eau \u0111en n\u01b0\u1edbng trong l\u00f2 Tandoor - Th\u01b0\u1edfng th\u1ee9c m\u00f3n \u0103n n\u1ed5i ti\u1ebfng c\u1ee7a \u1ea4n \u0110\u1ed9 t\u1ea1i Tandoor Vietnam.","robots":{"index":"index","follow":"follow","max-snippet":"max-snippet:-1","max-image-preview":"max-image-preview:large","max-video-preview":"max-video-preview:-1"},"canonical":"https:\/\/tandoorvietnam.com\/vi\/sanpham\/cac-mon-nuong-kebab\/suon-cuu-uop-gia-vi-sot-hat-dieu-tieu-den-nuong-lo-tandoor\/","og_locale":"vi_VN","og_type":"article","og_title":"Boti Kebab (bone) (S\u01af\u1edcN C\u1eeaU \u01af\u1edaP GIA V\u1eca S\u1ed0T H\u1ea0T \u0110I\u1ec0U TI\u00caU \u0110EN N\u01af\u1edaNG L\u00d2 TANDOOR)","og_description":"S\u01b0\u1eddn c\u1eebu \u01b0\u1edbp gia v\u1ecb \u0111\u1eb7c bi\u1ec7t v\u1edbi s\u1ed1t h\u1ea1t \u0111i\u1ec1u v\u00e0 ti\u00eau \u0111en n\u01b0\u1edbng trong l\u00f2 Tandoor - Th\u01b0\u1edfng th\u1ee9c m\u00f3n \u0103n n\u1ed5i ti\u1ebfng c\u1ee7a \u1ea4n \u0110\u1ed9 t\u1ea1i Tandoor Vietnam.","og_url":"https:\/\/tandoorvietnam.com\/vi\/sanpham\/cac-mon-nuong-kebab\/suon-cuu-uop-gia-vi-sot-hat-dieu-tieu-den-nuong-lo-tandoor\/","og_site_name":"Tandoor Vi\u1ec7t Nam","article_publisher":"https:\/\/www.facebook.com\/tandoor.hcmc\/","article_modified_time":"2023-05-11T04:59:44+00:00","og_image":[{"width":800,"height":532,"url":"https:\/\/tandoorvietnam.com\/wp-content\/uploads\/2020\/06\/Boti-kebab-bone.jpg","type":"image\/jpeg"}],"twitter_card":"summary_large_image","twitter_misc":{"Est. reading time":"2 minutes"},"schema":{"@context":"https:\/\/schema.org","@graph":[{"@type":"WebPage","@id":"https:\/\/tandoorvietnam.com\/vi\/sanpham\/cac-mon-nuong-kebab\/suon-cuu-uop-gia-vi-sot-hat-dieu-tieu-den-nuong-lo-tandoor\/","url":"https:\/\/tandoorvietnam.com\/vi\/sanpham\/cac-mon-nuong-kebab\/suon-cuu-uop-gia-vi-sot-hat-dieu-tieu-den-nuong-lo-tandoor\/","name":"S\u01af\u1edcN C\u1eeaU \u01af\u1edaP GIA V\u1eca S\u1ed0T H\u1ea0T \u0110I\u1ec0U TI\u00caU \u0110EN","isPartOf":{"@id":"https:\/\/tandoorvietnam.com\/vi\/#website"},"primaryImageOfPage":{"@id":"https:\/\/tandoorvietnam.com\/vi\/sanpham\/cac-mon-nuong-kebab\/suon-cuu-uop-gia-vi-sot-hat-dieu-tieu-den-nuong-lo-tandoor\/#primaryimage"},"image":{"@id":"https:\/\/tandoorvietnam.com\/vi\/sanpham\/cac-mon-nuong-kebab\/suon-cuu-uop-gia-vi-sot-hat-dieu-tieu-den-nuong-lo-tandoor\/#primaryimage"},"thumbnailUrl":"https:\/\/tandoorvietnam.com\/wp-content\/uploads\/2020\/06\/Boti-kebab-bone.jpg","datePublished":"2021-04-19T04:33:52+00:00","dateModified":"2023-05-11T04:59:44+00:00","description":"S\u01b0\u1eddn c\u1eebu \u01b0\u1edbp gia v\u1ecb \u0111\u1eb7c bi\u1ec7t v\u1edbi s\u1ed1t h\u1ea1t \u0111i\u1ec1u v\u00e0 ti\u00eau \u0111en n\u01b0\u1edbng trong l\u00f2 Tandoor - Th\u01b0\u1edfng th\u1ee9c m\u00f3n \u0103n n\u1ed5i ti\u1ebfng c\u1ee7a \u1ea4n \u0110\u1ed9 t\u1ea1i Tandoor Vietnam.","breadcrumb":{"@id":"https:\/\/tandoorvietnam.com\/vi\/sanpham\/cac-mon-nuong-kebab\/suon-cuu-uop-gia-vi-sot-hat-dieu-tieu-den-nuong-lo-tandoor\/#breadcrumb"},"inLanguage":"vi-VN","potentialAction":[{"@type":"ReadAction","target":["https:\/\/tandoorvietnam.com\/vi\/sanpham\/cac-mon-nuong-kebab\/suon-cuu-uop-gia-vi-sot-hat-dieu-tieu-den-nuong-lo-tandoor\/"]}]},{"@type":"ImageObject","inLanguage":"vi-VN","@id":"https:\/\/tandoorvietnam.com\/vi\/sanpham\/cac-mon-nuong-kebab\/suon-cuu-uop-gia-vi-sot-hat-dieu-tieu-den-nuong-lo-tandoor\/#primaryimage","url":"https:\/\/tandoorvietnam.com\/wp-content\/uploads\/2020\/06\/Boti-kebab-bone.jpg","contentUrl":"https:\/\/tandoorvietnam.com\/wp-content\/uploads\/2020\/06\/Boti-kebab-bone.jpg","width":800,"height":532,"caption":"S\u01af\u1edcN C\u1eeaU \u01af\u1edaP GIA V\u1eca S\u1ed0T H\u1ea0T \u0110I\u1ec0U TI\u00caU \u0110EN N\u01af\u1edaNG L\u00d2 TANDOOR"},{"@type":"BreadcrumbList","@id":"https:\/\/tandoorvietnam.com\/vi\/sanpham\/cac-mon-nuong-kebab\/suon-cuu-uop-gia-vi-sot-hat-dieu-tieu-den-nuong-lo-tandoor\/#breadcrumb","itemListElement":[{"@type":"ListItem","position":1,"name":"Trang Ch\u1ee7","item":"https:\/\/tandoorvietnam.com\/vi\/"},{"@type":"ListItem","position":2,"name":"Shop","item":"https:\/\/tandoorvietnam.com\/shop\/"},{"@type":"ListItem","position":3,"name":"Boti Kebab (bone) (S\u01af\u1edcN C\u1eeaU \u01af\u1edaP GIA V\u1eca S\u1ed0T H\u1ea0T \u0110I\u1ec0U TI\u00caU \u0110EN N\u01af\u1edaNG L\u00d2 TANDOOR)"}]},{"@type":"WebSite","@id":"https:\/\/tandoorvietnam.com\/vi\/#website","url":"https:\/\/tandoorvietnam.com\/vi\/","name":"Tandoor Vietnam","description":"Nh\u00e0 h\u00e0ng ngon h\u1ed3 ch\u00ed minh","publisher":{"@id":"https:\/\/tandoorvietnam.com\/vi\/#organization"},"potentialAction":[{"@type":"SearchAction","target":{"@type":"EntryPoint","urlTemplate":"https:\/\/tandoorvietnam.com\/vi\/?s={search_term_string}"},"query-input":{"@type":"PropertyValueSpecification","valueRequired":true,"valueName":"search_term_string"}}],"inLanguage":"vi-VN"},{"@type":"Organization","@id":"https:\/\/tandoorvietnam.com\/vi\/#organization","name":"Tandoor Vietnam","url":"https:\/\/tandoorvietnam.com\/vi\/","logo":{"@type":"ImageObject","inLanguage":"vi-VN","@id":"https:\/\/tandoorvietnam.com\/vi\/#\/schema\/logo\/image\/","url":"https:\/\/tandoorvietnam.com\/wp-content\/uploads\/2020\/07\/logo.png","contentUrl":"https:\/\/tandoorvietnam.com\/wp-content\/uploads\/2020\/07\/logo.png","width":133,"height":75,"caption":"Tandoor Vietnam"},"image":{"@id":"https:\/\/tandoorvietnam.com\/vi\/#\/schema\/logo\/image\/"},"sameAs":["https:\/\/www.facebook.com\/tandoor.hcmc\/"]}]}},"_links":{"self":[{"href":"https:\/\/tandoorvietnam.com\/vi\/wp-json\/wp\/v2\/product\/3300","targetHints":{"allow":["GET"]}}],"collection":[{"href":"https:\/\/tandoorvietnam.com\/vi\/wp-json\/wp\/v2\/product"}],"about":[{"href":"https:\/\/tandoorvietnam.com\/vi\/wp-json\/wp\/v2\/types\/product"}],"wp:featuredmedia":[{"embeddable":true,"href":"https:\/\/tandoorvietnam.com\/vi\/wp-json\/wp\/v2\/media\/3301"}],"wp:attachment":[{"href":"https:\/\/tandoorvietnam.com\/vi\/wp-json\/wp\/v2\/media?parent=3300"}],"wp:term":[{"taxonomy":"product_brand","embeddable":true,"href":"https:\/\/tandoorvietnam.com\/vi\/wp-json\/wp\/v2\/product_brand?post=3300"},{"taxonomy":"product_cat","embeddable":true,"href":"https:\/\/tandoorvietnam.com\/vi\/wp-json\/wp\/v2\/product_cat?post=3300"},{"taxonomy":"product_tag","embeddable":true,"href":"https:\/\/tandoorvietnam.com\/vi\/wp-json\/wp\/v2\/product_tag?post=3300"}],"curies":[{"name":"wp","href":"https:\/\/api.w.org\/{rel}","templated":true}]}}