{"id":3302,"date":"2020-06-20T10:48:33","date_gmt":"2021-04-19T04:35:51","guid":{"rendered":"http:\/\/tandoorvietnam.com\/product\/uncategorized\/ma-dui-ga-tam-sua-chua-ot-xanh-trung-va-hat-dieu-cay-nuong-lo-tandoor\/"},"modified":"2023-05-18T07:56:36","modified_gmt":"2023-05-18T07:56:36","slug":"ma-dui-ga-tam-sua-chua-ot-xanh-trung-va-hat-dieu-cay-nuong-lo-tandoor","status":"publish","type":"product","link":"https:\/\/tandoorvietnam.com\/vi\/sanpham\/cac-mon-nuong-kebab\/ma-dui-ga-tam-sua-chua-ot-xanh-trung-va-hat-dieu-cay-nuong-lo-tandoor\/","title":{"rendered":"Chicken Irani (bone) (M\u00c1 \u0110\u00d9I G\u00c0 T\u1ea8M S\u1eeeA CHUA, \u1edaT XANH, TR\u1ee8NG V\u00c0 H\u1ea0T \u0110I\u1ec0U CAY N\u01af\u1edaNG L\u00d2 TANDOOR)"},"content":{"rendered":"<p>M\u00e1 \u0111\u00f9i g\u00e0 t\u1ea9m s\u1eefa chua, \u1edbt xanh, tr\u1ee9ng v\u00e0 h\u1ea1t \u0111i\u1ec1u cay l\u00e0 m\u1ed9t m\u00f3n \u0103n n\u01b0\u1edbng \u0111\u1ed9c \u0111\u00e1o mang h\u01b0\u01a1ng v\u1ecb \u1ea4n \u0110\u1ed9 \u0111\u1eadm \u0111\u00e0. T\u1ea1i Tandoor Vietnam, ch\u00fang t\u00f4i s\u1eed d\u1ee5ng c\u00e1c mi\u1ebfng g\u00e0 t\u01b0\u01a1i ngon, t\u1ea9m \u01b0\u1edbp trong s\u1eefa chua th\u01a1m ngon v\u00e0 gia v\u1ecb cay \u0111\u1eb7c tr\u01b0ng.<\/p>\n<p>H\u1ea1t \u0111i\u1ec1u \u0111\u01b0\u1ee3c th\u00eam v\u00e0o \u0111\u1ec3 t\u0103ng th\u00eam h\u01b0\u01a1ng v\u1ecb \u0111\u1ed9c \u0111\u00e1o v\u00e0 s\u1ef1 gi\u00f2n tan cho m\u00f3n \u0103n. \u1edat xanh v\u00e0 tr\u1ee9ng l\u00e0 nh\u1eefng th\u00e0nh ph\u1ea7n quan tr\u1ecdng kh\u00e1c, mang l\u1ea1i m\u1ed9t m\u00e0u s\u1eafc v\u00e0 v\u1ecb cay tinh t\u1ebf cho m\u00f3n \u0103n.<\/p>\n<p>M\u00e1 \u0111\u00f9i g\u00e0 t\u1ea9m s\u1eefa chua, \u1edbt xanh, tr\u1ee9ng v\u00e0 h\u1ea1t \u0111i\u1ec1u cay \u0111\u01b0\u1ee3c n\u01b0\u1edbng tr\u00ean l\u00f2 Tandoor, cho ra m\u1ed9t h\u01b0\u01a1ng th\u01a1m quy\u1ebfn r\u0169 v\u00e0 m\u1ed9t b\u1ec1 m\u1eb7t n\u01b0\u1edbng v\u00e0ng \u01b0\u01a1m h\u1ea5p d\u1eabn. Qu\u00e1 tr\u00ecnh n\u01b0\u1edbng tr\u00ean l\u1eeda than h\u1ed3ng \u0111\u1eb7c bi\u1ec7t c\u1ee7a l\u00f2 Tandoor gi\u00fap gi\u1eef cho g\u00e0 m\u1ec1m m\u1ecdng v\u00e0 th\u1ecbt \u0111\u1eadm \u0111\u00e0.<\/p>\n<p>M\u00f3n \u0103n n\u00e0y l\u00e0 m\u1ed9t s\u1ef1 k\u1ebft h\u1ee3p ho\u00e0n h\u1ea3o c\u1ee7a nh\u1eefng gia v\u1ecb cay n\u1ed3ng, chua chua ng\u1ecdt ng\u1ecdt v\u00e0 m\u00f9i th\u01a1m h\u1ea5p d\u1eabn. B\u1ea1n c\u00f3 th\u1ec3 th\u01b0\u1edfng th\u1ee9c m\u00e1 d\u00f9i g\u00e0 t\u1ea9m s\u1eefa chua, \u1edbt xanh, tr\u1ee9ng v\u00e0 h\u1ea1t \u0111i\u1ec1u cay nh\u01b0 m\u1ed9t m\u00f3n khai v\u1ecb ho\u1eb7c m\u1ed9t m\u00f3n ch\u00ednh trong b\u1eefa ti\u1ec7c.<\/p>\n<p>T\u1ea1i <a href=\"https:\/\/tandoorvietnam.com\/\">Tandoor Vietnam<\/a>, ch\u00fang t\u00f4i cam k\u1ebft \u0111\u1ea3m b\u1ea3o ch\u1ea5t l\u01b0\u1ee3ng v\u00e0 s\u1ef1 t\u01b0\u01a1i ngon c\u1ee7a c\u00e1c nguy\u00ean li\u1ec7u s\u1eed d\u1ee5ng trong m\u00f3n \u0103n n\u00e0y. H\u00e3y \u0111\u1ebfn v\u00e0 tr\u1ea3i nghi\u1ec7m h\u01b0\u01a1ng v\u1ecb \u0111\u1eb7c tr\u01b0ng c\u1ee7a m\u00e1 d\u00f9i g\u00e0 t\u1ea9m s\u1eefa chua, \u1edbt xanh, tr\u1ee9ng v\u00e0 h\u1ea1t \u0111i\u1ec1u cay t\u1ea1i nh\u00e0 h\u00e0ng ch\u00fang t\u00f4i.<\/p>\n","protected":false},"excerpt":{"rendered":"<p>Chicken thigh marinated in a rich mixture of yoghurt, cream, lime juice, cashew paste and green chilies, grilled in Tandoor<\/p>\n<p><em>M\u00e1 \u0111\u00f9i g\u00e0 t\u1ea9m yaour n\u01b0\u1edbng v\u1edbi \u1edbt xanh + tr\u1ee9ng v\u00e0 x\u1ed1t h\u1ea1t \u0111i\u1ec1u cay trong l\u00f2 Tandoor<\/em><\/p>\n","protected":false},"featured_media":3303,"template":"","meta":[],"product_brand":[],"product_cat":[228],"product_tag":[],"class_list":{"0":"post-3302","1":"product","2":"type-product","3":"status-publish","4":"has-post-thumbnail","6":"product_cat-cac-mon-nuong-kebab","8":"first","9":"instock","10":"taxable","11":"shipping-taxable","12":"purchasable","13":"product-type-simple"},"yoast_head":"<!-- This site is optimized with the Yoast SEO Premium plugin v22.3 (Yoast SEO v27.4) - https:\/\/yoast.com\/product\/yoast-seo-premium-wordpress\/ -->\n<title>M\u00c1 \u0110\u00d9I G\u00c0 T\u1ea8M S\u1eeeA CHUA, \u1edaT XANH, TR\u1ee8NG, H\u1ea0T \u0110I\u1ec0U CAY<\/title>\n<meta name=\"description\" content=\"M\u00e1 \u0111\u00f9i g\u00e0 t\u1ea9m s\u1eefa chua, \u1edbt xanh, tr\u1ee9ng v\u00e0 h\u1ea1t \u0111i\u1ec1u cay, m\u00f3n \u0103n n\u01b0\u1edbng \u0111\u1ed9c \u0111\u00e1o t\u1ea1i Tandoor Vietnam, k\u1ebft h\u1ee3p h\u01b0\u01a1ng v\u1ecb t\u01b0\u01a1i ngon v\u00e0 \u0111\u1eadm \u0111\u00e0 t\u1eeb \u1ea4n \u0110\u1ed9.\" \/>\n<meta name=\"robots\" content=\"index, follow, max-snippet:-1, max-image-preview:large, max-video-preview:-1\" \/>\n<link rel=\"canonical\" href=\"https:\/\/tandoorvietnam.com\/vi\/sanpham\/cac-mon-nuong-kebab\/ma-dui-ga-tam-sua-chua-ot-xanh-trung-va-hat-dieu-cay-nuong-lo-tandoor\/\" \/>\n<meta property=\"og:locale\" content=\"vi_VN\" \/>\n<meta property=\"og:type\" content=\"article\" \/>\n<meta property=\"og:title\" content=\"Chicken Irani (bone) (M\u00c1 \u0110\u00d9I G\u00c0 T\u1ea8M S\u1eeeA CHUA, \u1edaT XANH, TR\u1ee8NG V\u00c0 H\u1ea0T \u0110I\u1ec0U CAY N\u01af\u1edaNG L\u00d2 TANDOOR)\" \/>\n<meta property=\"og:description\" content=\"M\u00e1 \u0111\u00f9i g\u00e0 t\u1ea9m s\u1eefa chua, \u1edbt xanh, tr\u1ee9ng v\u00e0 h\u1ea1t \u0111i\u1ec1u cay, m\u00f3n \u0103n n\u01b0\u1edbng \u0111\u1ed9c \u0111\u00e1o t\u1ea1i Tandoor Vietnam, k\u1ebft h\u1ee3p h\u01b0\u01a1ng v\u1ecb t\u01b0\u01a1i ngon v\u00e0 \u0111\u1eadm \u0111\u00e0 t\u1eeb \u1ea4n \u0110\u1ed9.\" \/>\n<meta property=\"og:url\" content=\"https:\/\/tandoorvietnam.com\/vi\/sanpham\/cac-mon-nuong-kebab\/ma-dui-ga-tam-sua-chua-ot-xanh-trung-va-hat-dieu-cay-nuong-lo-tandoor\/\" \/>\n<meta property=\"og:site_name\" content=\"Tandoor Vi\u1ec7t Nam\" \/>\n<meta property=\"article:publisher\" content=\"https:\/\/www.facebook.com\/tandoor.hcmc\/\" \/>\n<meta property=\"article:modified_time\" content=\"2023-05-18T07:56:36+00:00\" \/>\n<meta property=\"og:image\" content=\"https:\/\/tandoorvietnam.com\/wp-content\/uploads\/2020\/06\/Chicken-Irani-bone.jpg\" \/>\n\t<meta property=\"og:image:width\" content=\"800\" \/>\n\t<meta property=\"og:image:height\" content=\"533\" \/>\n\t<meta property=\"og:image:type\" content=\"image\/jpeg\" \/>\n<meta name=\"twitter:card\" content=\"summary_large_image\" \/>\n<meta name=\"twitter:label1\" content=\"Est. reading time\" \/>\n\t<meta name=\"twitter:data1\" content=\"2 minutes\" \/>\n<script type=\"application\/ld+json\" class=\"yoast-schema-graph\">{\"@context\":\"https:\\\/\\\/schema.org\",\"@graph\":[{\"@type\":\"WebPage\",\"@id\":\"https:\\\/\\\/tandoorvietnam.com\\\/vi\\\/sanpham\\\/cac-mon-nuong-kebab\\\/ma-dui-ga-tam-sua-chua-ot-xanh-trung-va-hat-dieu-cay-nuong-lo-tandoor\\\/\",\"url\":\"https:\\\/\\\/tandoorvietnam.com\\\/vi\\\/sanpham\\\/cac-mon-nuong-kebab\\\/ma-dui-ga-tam-sua-chua-ot-xanh-trung-va-hat-dieu-cay-nuong-lo-tandoor\\\/\",\"name\":\"M\u00c1 \u0110\u00d9I G\u00c0 T\u1ea8M S\u1eeeA CHUA, \u1edaT XANH, TR\u1ee8NG, H\u1ea0T \u0110I\u1ec0U CAY\",\"isPartOf\":{\"@id\":\"https:\\\/\\\/tandoorvietnam.com\\\/vi\\\/#website\"},\"primaryImageOfPage\":{\"@id\":\"https:\\\/\\\/tandoorvietnam.com\\\/vi\\\/sanpham\\\/cac-mon-nuong-kebab\\\/ma-dui-ga-tam-sua-chua-ot-xanh-trung-va-hat-dieu-cay-nuong-lo-tandoor\\\/#primaryimage\"},\"image\":{\"@id\":\"https:\\\/\\\/tandoorvietnam.com\\\/vi\\\/sanpham\\\/cac-mon-nuong-kebab\\\/ma-dui-ga-tam-sua-chua-ot-xanh-trung-va-hat-dieu-cay-nuong-lo-tandoor\\\/#primaryimage\"},\"thumbnailUrl\":\"https:\\\/\\\/tandoorvietnam.com\\\/wp-content\\\/uploads\\\/2020\\\/06\\\/Chicken-Irani-bone.jpg\",\"datePublished\":\"2021-04-19T04:35:51+00:00\",\"dateModified\":\"2023-05-18T07:56:36+00:00\",\"description\":\"M\u00e1 \u0111\u00f9i g\u00e0 t\u1ea9m s\u1eefa chua, \u1edbt xanh, tr\u1ee9ng v\u00e0 h\u1ea1t \u0111i\u1ec1u cay, m\u00f3n \u0103n n\u01b0\u1edbng \u0111\u1ed9c \u0111\u00e1o t\u1ea1i Tandoor Vietnam, k\u1ebft h\u1ee3p h\u01b0\u01a1ng v\u1ecb t\u01b0\u01a1i ngon v\u00e0 \u0111\u1eadm \u0111\u00e0 t\u1eeb \u1ea4n \u0110\u1ed9.\",\"breadcrumb\":{\"@id\":\"https:\\\/\\\/tandoorvietnam.com\\\/vi\\\/sanpham\\\/cac-mon-nuong-kebab\\\/ma-dui-ga-tam-sua-chua-ot-xanh-trung-va-hat-dieu-cay-nuong-lo-tandoor\\\/#breadcrumb\"},\"inLanguage\":\"vi-VN\",\"potentialAction\":[{\"@type\":\"ReadAction\",\"target\":[\"https:\\\/\\\/tandoorvietnam.com\\\/vi\\\/sanpham\\\/cac-mon-nuong-kebab\\\/ma-dui-ga-tam-sua-chua-ot-xanh-trung-va-hat-dieu-cay-nuong-lo-tandoor\\\/\"]}]},{\"@type\":\"ImageObject\",\"inLanguage\":\"vi-VN\",\"@id\":\"https:\\\/\\\/tandoorvietnam.com\\\/vi\\\/sanpham\\\/cac-mon-nuong-kebab\\\/ma-dui-ga-tam-sua-chua-ot-xanh-trung-va-hat-dieu-cay-nuong-lo-tandoor\\\/#primaryimage\",\"url\":\"https:\\\/\\\/tandoorvietnam.com\\\/wp-content\\\/uploads\\\/2020\\\/06\\\/Chicken-Irani-bone.jpg\",\"contentUrl\":\"https:\\\/\\\/tandoorvietnam.com\\\/wp-content\\\/uploads\\\/2020\\\/06\\\/Chicken-Irani-bone.jpg\",\"width\":800,\"height\":533,\"caption\":\"M\u00c1 \u0110\u00d9I G\u00c0 T\u1ea8M S\u1eeeA CHUA, \u1edaT XANH, TR\u1ee8NG V\u00c0 H\u1ea0T \u0110I\u1ec0U CAY N\u01af\u1edaNG L\u00d2 TANDOOR\"},{\"@type\":\"BreadcrumbList\",\"@id\":\"https:\\\/\\\/tandoorvietnam.com\\\/vi\\\/sanpham\\\/cac-mon-nuong-kebab\\\/ma-dui-ga-tam-sua-chua-ot-xanh-trung-va-hat-dieu-cay-nuong-lo-tandoor\\\/#breadcrumb\",\"itemListElement\":[{\"@type\":\"ListItem\",\"position\":1,\"name\":\"Trang Ch\u1ee7\",\"item\":\"https:\\\/\\\/tandoorvietnam.com\\\/vi\\\/\"},{\"@type\":\"ListItem\",\"position\":2,\"name\":\"Shop\",\"item\":\"https:\\\/\\\/tandoorvietnam.com\\\/shop\\\/\"},{\"@type\":\"ListItem\",\"position\":3,\"name\":\"Chicken Irani (bone) (M\u00c1 \u0110\u00d9I G\u00c0 T\u1ea8M S\u1eeeA CHUA, \u1edaT XANH, TR\u1ee8NG V\u00c0 H\u1ea0T \u0110I\u1ec0U CAY N\u01af\u1edaNG L\u00d2 TANDOOR)\"}]},{\"@type\":\"WebSite\",\"@id\":\"https:\\\/\\\/tandoorvietnam.com\\\/vi\\\/#website\",\"url\":\"https:\\\/\\\/tandoorvietnam.com\\\/vi\\\/\",\"name\":\"Tandoor Vietnam\",\"description\":\"Nh\u00e0 h\u00e0ng ngon h\u1ed3 ch\u00ed minh\",\"publisher\":{\"@id\":\"https:\\\/\\\/tandoorvietnam.com\\\/vi\\\/#organization\"},\"potentialAction\":[{\"@type\":\"SearchAction\",\"target\":{\"@type\":\"EntryPoint\",\"urlTemplate\":\"https:\\\/\\\/tandoorvietnam.com\\\/vi\\\/?s={search_term_string}\"},\"query-input\":{\"@type\":\"PropertyValueSpecification\",\"valueRequired\":true,\"valueName\":\"search_term_string\"}}],\"inLanguage\":\"vi-VN\"},{\"@type\":\"Organization\",\"@id\":\"https:\\\/\\\/tandoorvietnam.com\\\/vi\\\/#organization\",\"name\":\"Tandoor Vietnam\",\"url\":\"https:\\\/\\\/tandoorvietnam.com\\\/vi\\\/\",\"logo\":{\"@type\":\"ImageObject\",\"inLanguage\":\"vi-VN\",\"@id\":\"https:\\\/\\\/tandoorvietnam.com\\\/vi\\\/#\\\/schema\\\/logo\\\/image\\\/\",\"url\":\"https:\\\/\\\/tandoorvietnam.com\\\/wp-content\\\/uploads\\\/2020\\\/07\\\/logo.png\",\"contentUrl\":\"https:\\\/\\\/tandoorvietnam.com\\\/wp-content\\\/uploads\\\/2020\\\/07\\\/logo.png\",\"width\":133,\"height\":75,\"caption\":\"Tandoor Vietnam\"},\"image\":{\"@id\":\"https:\\\/\\\/tandoorvietnam.com\\\/vi\\\/#\\\/schema\\\/logo\\\/image\\\/\"},\"sameAs\":[\"https:\\\/\\\/www.facebook.com\\\/tandoor.hcmc\\\/\"]}]}<\/script>\n<!-- \/ Yoast SEO Premium plugin. -->","yoast_head_json":{"title":"M\u00c1 \u0110\u00d9I G\u00c0 T\u1ea8M S\u1eeeA CHUA, \u1edaT XANH, TR\u1ee8NG, H\u1ea0T \u0110I\u1ec0U CAY","description":"M\u00e1 \u0111\u00f9i g\u00e0 t\u1ea9m s\u1eefa chua, \u1edbt xanh, tr\u1ee9ng v\u00e0 h\u1ea1t \u0111i\u1ec1u cay, m\u00f3n \u0103n n\u01b0\u1edbng \u0111\u1ed9c \u0111\u00e1o t\u1ea1i Tandoor Vietnam, k\u1ebft h\u1ee3p h\u01b0\u01a1ng v\u1ecb t\u01b0\u01a1i ngon v\u00e0 \u0111\u1eadm \u0111\u00e0 t\u1eeb \u1ea4n \u0110\u1ed9.","robots":{"index":"index","follow":"follow","max-snippet":"max-snippet:-1","max-image-preview":"max-image-preview:large","max-video-preview":"max-video-preview:-1"},"canonical":"https:\/\/tandoorvietnam.com\/vi\/sanpham\/cac-mon-nuong-kebab\/ma-dui-ga-tam-sua-chua-ot-xanh-trung-va-hat-dieu-cay-nuong-lo-tandoor\/","og_locale":"vi_VN","og_type":"article","og_title":"Chicken Irani (bone) (M\u00c1 \u0110\u00d9I G\u00c0 T\u1ea8M S\u1eeeA CHUA, \u1edaT XANH, TR\u1ee8NG V\u00c0 H\u1ea0T \u0110I\u1ec0U CAY N\u01af\u1edaNG L\u00d2 TANDOOR)","og_description":"M\u00e1 \u0111\u00f9i g\u00e0 t\u1ea9m s\u1eefa chua, \u1edbt xanh, tr\u1ee9ng v\u00e0 h\u1ea1t \u0111i\u1ec1u cay, m\u00f3n \u0103n n\u01b0\u1edbng \u0111\u1ed9c \u0111\u00e1o t\u1ea1i Tandoor Vietnam, k\u1ebft h\u1ee3p h\u01b0\u01a1ng v\u1ecb t\u01b0\u01a1i ngon v\u00e0 \u0111\u1eadm \u0111\u00e0 t\u1eeb \u1ea4n \u0110\u1ed9.","og_url":"https:\/\/tandoorvietnam.com\/vi\/sanpham\/cac-mon-nuong-kebab\/ma-dui-ga-tam-sua-chua-ot-xanh-trung-va-hat-dieu-cay-nuong-lo-tandoor\/","og_site_name":"Tandoor Vi\u1ec7t Nam","article_publisher":"https:\/\/www.facebook.com\/tandoor.hcmc\/","article_modified_time":"2023-05-18T07:56:36+00:00","og_image":[{"width":800,"height":533,"url":"https:\/\/tandoorvietnam.com\/wp-content\/uploads\/2020\/06\/Chicken-Irani-bone.jpg","type":"image\/jpeg"}],"twitter_card":"summary_large_image","twitter_misc":{"Est. reading time":"2 minutes"},"schema":{"@context":"https:\/\/schema.org","@graph":[{"@type":"WebPage","@id":"https:\/\/tandoorvietnam.com\/vi\/sanpham\/cac-mon-nuong-kebab\/ma-dui-ga-tam-sua-chua-ot-xanh-trung-va-hat-dieu-cay-nuong-lo-tandoor\/","url":"https:\/\/tandoorvietnam.com\/vi\/sanpham\/cac-mon-nuong-kebab\/ma-dui-ga-tam-sua-chua-ot-xanh-trung-va-hat-dieu-cay-nuong-lo-tandoor\/","name":"M\u00c1 \u0110\u00d9I G\u00c0 T\u1ea8M S\u1eeeA CHUA, \u1edaT XANH, TR\u1ee8NG, H\u1ea0T \u0110I\u1ec0U CAY","isPartOf":{"@id":"https:\/\/tandoorvietnam.com\/vi\/#website"},"primaryImageOfPage":{"@id":"https:\/\/tandoorvietnam.com\/vi\/sanpham\/cac-mon-nuong-kebab\/ma-dui-ga-tam-sua-chua-ot-xanh-trung-va-hat-dieu-cay-nuong-lo-tandoor\/#primaryimage"},"image":{"@id":"https:\/\/tandoorvietnam.com\/vi\/sanpham\/cac-mon-nuong-kebab\/ma-dui-ga-tam-sua-chua-ot-xanh-trung-va-hat-dieu-cay-nuong-lo-tandoor\/#primaryimage"},"thumbnailUrl":"https:\/\/tandoorvietnam.com\/wp-content\/uploads\/2020\/06\/Chicken-Irani-bone.jpg","datePublished":"2021-04-19T04:35:51+00:00","dateModified":"2023-05-18T07:56:36+00:00","description":"M\u00e1 \u0111\u00f9i g\u00e0 t\u1ea9m s\u1eefa chua, \u1edbt xanh, tr\u1ee9ng v\u00e0 h\u1ea1t \u0111i\u1ec1u cay, m\u00f3n \u0103n n\u01b0\u1edbng \u0111\u1ed9c \u0111\u00e1o t\u1ea1i Tandoor Vietnam, k\u1ebft h\u1ee3p h\u01b0\u01a1ng v\u1ecb t\u01b0\u01a1i ngon v\u00e0 \u0111\u1eadm \u0111\u00e0 t\u1eeb \u1ea4n \u0110\u1ed9.","breadcrumb":{"@id":"https:\/\/tandoorvietnam.com\/vi\/sanpham\/cac-mon-nuong-kebab\/ma-dui-ga-tam-sua-chua-ot-xanh-trung-va-hat-dieu-cay-nuong-lo-tandoor\/#breadcrumb"},"inLanguage":"vi-VN","potentialAction":[{"@type":"ReadAction","target":["https:\/\/tandoorvietnam.com\/vi\/sanpham\/cac-mon-nuong-kebab\/ma-dui-ga-tam-sua-chua-ot-xanh-trung-va-hat-dieu-cay-nuong-lo-tandoor\/"]}]},{"@type":"ImageObject","inLanguage":"vi-VN","@id":"https:\/\/tandoorvietnam.com\/vi\/sanpham\/cac-mon-nuong-kebab\/ma-dui-ga-tam-sua-chua-ot-xanh-trung-va-hat-dieu-cay-nuong-lo-tandoor\/#primaryimage","url":"https:\/\/tandoorvietnam.com\/wp-content\/uploads\/2020\/06\/Chicken-Irani-bone.jpg","contentUrl":"https:\/\/tandoorvietnam.com\/wp-content\/uploads\/2020\/06\/Chicken-Irani-bone.jpg","width":800,"height":533,"caption":"M\u00c1 \u0110\u00d9I G\u00c0 T\u1ea8M S\u1eeeA CHUA, \u1edaT XANH, TR\u1ee8NG V\u00c0 H\u1ea0T \u0110I\u1ec0U CAY N\u01af\u1edaNG L\u00d2 TANDOOR"},{"@type":"BreadcrumbList","@id":"https:\/\/tandoorvietnam.com\/vi\/sanpham\/cac-mon-nuong-kebab\/ma-dui-ga-tam-sua-chua-ot-xanh-trung-va-hat-dieu-cay-nuong-lo-tandoor\/#breadcrumb","itemListElement":[{"@type":"ListItem","position":1,"name":"Trang Ch\u1ee7","item":"https:\/\/tandoorvietnam.com\/vi\/"},{"@type":"ListItem","position":2,"name":"Shop","item":"https:\/\/tandoorvietnam.com\/shop\/"},{"@type":"ListItem","position":3,"name":"Chicken Irani (bone) (M\u00c1 \u0110\u00d9I G\u00c0 T\u1ea8M S\u1eeeA CHUA, \u1edaT XANH, TR\u1ee8NG V\u00c0 H\u1ea0T \u0110I\u1ec0U CAY N\u01af\u1edaNG L\u00d2 TANDOOR)"}]},{"@type":"WebSite","@id":"https:\/\/tandoorvietnam.com\/vi\/#website","url":"https:\/\/tandoorvietnam.com\/vi\/","name":"Tandoor Vietnam","description":"Nh\u00e0 h\u00e0ng ngon h\u1ed3 ch\u00ed minh","publisher":{"@id":"https:\/\/tandoorvietnam.com\/vi\/#organization"},"potentialAction":[{"@type":"SearchAction","target":{"@type":"EntryPoint","urlTemplate":"https:\/\/tandoorvietnam.com\/vi\/?s={search_term_string}"},"query-input":{"@type":"PropertyValueSpecification","valueRequired":true,"valueName":"search_term_string"}}],"inLanguage":"vi-VN"},{"@type":"Organization","@id":"https:\/\/tandoorvietnam.com\/vi\/#organization","name":"Tandoor Vietnam","url":"https:\/\/tandoorvietnam.com\/vi\/","logo":{"@type":"ImageObject","inLanguage":"vi-VN","@id":"https:\/\/tandoorvietnam.com\/vi\/#\/schema\/logo\/image\/","url":"https:\/\/tandoorvietnam.com\/wp-content\/uploads\/2020\/07\/logo.png","contentUrl":"https:\/\/tandoorvietnam.com\/wp-content\/uploads\/2020\/07\/logo.png","width":133,"height":75,"caption":"Tandoor Vietnam"},"image":{"@id":"https:\/\/tandoorvietnam.com\/vi\/#\/schema\/logo\/image\/"},"sameAs":["https:\/\/www.facebook.com\/tandoor.hcmc\/"]}]}},"_links":{"self":[{"href":"https:\/\/tandoorvietnam.com\/vi\/wp-json\/wp\/v2\/product\/3302","targetHints":{"allow":["GET"]}}],"collection":[{"href":"https:\/\/tandoorvietnam.com\/vi\/wp-json\/wp\/v2\/product"}],"about":[{"href":"https:\/\/tandoorvietnam.com\/vi\/wp-json\/wp\/v2\/types\/product"}],"wp:featuredmedia":[{"embeddable":true,"href":"https:\/\/tandoorvietnam.com\/vi\/wp-json\/wp\/v2\/media\/3303"}],"wp:attachment":[{"href":"https:\/\/tandoorvietnam.com\/vi\/wp-json\/wp\/v2\/media?parent=3302"}],"wp:term":[{"taxonomy":"product_brand","embeddable":true,"href":"https:\/\/tandoorvietnam.com\/vi\/wp-json\/wp\/v2\/product_brand?post=3302"},{"taxonomy":"product_cat","embeddable":true,"href":"https:\/\/tandoorvietnam.com\/vi\/wp-json\/wp\/v2\/product_cat?post=3302"},{"taxonomy":"product_tag","embeddable":true,"href":"https:\/\/tandoorvietnam.com\/vi\/wp-json\/wp\/v2\/product_tag?post=3302"}],"curies":[{"name":"wp","href":"https:\/\/api.w.org\/{rel}","templated":true}]}}