{"id":3304,"date":"2020-06-20T10:58:25","date_gmt":"2021-04-19T04:36:59","guid":{"rendered":"http:\/\/tandoorvietnam.com\/product\/uncategorized\/thit-ga-bam-tieu-den-gia-vi-cay-nuong-lo-tandoor\/"},"modified":"2023-05-20T09:32:07","modified_gmt":"2023-05-20T09:32:07","slug":"thit-ga-bam-tieu-den-gia-vi-cay-nuong-lo-tandoor","status":"publish","type":"product","link":"https:\/\/tandoorvietnam.com\/vi\/sanpham\/cac-mon-nuong-kebab\/thit-ga-bam-tieu-den-gia-vi-cay-nuong-lo-tandoor\/","title":{"rendered":"Chicken Seekh Kebab (TH\u1ecaT G\u00c0 B\u0102M T\u1ea8M TI\u00caU \u0110EN, GIA V\u1eca CAY N\u01af\u1edaNG L\u00d2 TANDOOR)"},"content":{"rendered":"<p>Th\u1ecbt G\u00e0 b\u0103m t\u1ea9m ti\u00eau \u0111en l\u00e0 m\u1ed9t m\u00f3n \u0103n \u0111\u1ed9c \u0111\u00e1o v\u00e0 th\u00fa v\u1ecb trong th\u1ef1c \u0111\u01a1n c\u1ee7a Tandoor Vietnam. Ch\u00fang t\u00f4i s\u1eed d\u1ee5ng th\u1ecbt g\u00e0 t\u01b0\u01a1i ngon v\u00e0 b\u0103m nhuy\u1ec5n, sau \u0111\u00f3 \u01b0\u1edbp v\u1edbi gia v\u1ecb ti\u00eau \u0111en v\u00e0 c\u00e1c lo\u1ea1i gia v\u1ecb cay, t\u1ea1o ra m\u1ed9t h\u01b0\u01a1ng v\u1ecb \u0111\u1eadm \u0111\u00e0 v\u00e0 \u0111\u1ed9c \u0111\u00e1o.<\/p>\n<p>Khi n\u01b0\u1edbng trong l\u00f2 Tandoor, th\u1ecbt g\u00e0 \u0111\u01b0\u1ee3c \u0111\u1ea3o \u0111\u1ec1u v\u00e0 n\u01b0\u1edbng \u0111\u1ebfn khi ngo\u00e0i th\u00ec gi\u00f2n tan, b\u00ean trong v\u1eabn m\u1ec1m m\u1ecbn v\u00e0 \u0111\u1ea7y h\u01b0\u01a1ng v\u1ecb. Qu\u00e1 tr\u00ecnh n\u01b0\u1edbng trong l\u00f2 Tandoor gi\u00fap gi\u1eef \u0111\u01b0\u1ee3c \u0111\u1ed9 t\u01b0\u01a1i ngon v\u00e0 th\u0103ng hoa h\u01b0\u01a1ng v\u1ecb c\u1ee7a th\u1ecbt g\u00e0, t\u1ea1o ra m\u1ed9t m\u00f3n \u0103n th\u1eadt s\u1ef1 \u0111\u1eb7c bi\u1ec7t.<\/p>\n<p>Th\u1ecbt G\u00e0 b\u0103m t\u1ea9m ti\u00eau \u0111en n\u01b0\u1edbng l\u00f2 Tandoor c\u00f3 v\u1ecb cay n\u1ed3ng, h\u1ea5p d\u1eabn v\u00e0 k\u00edch th\u00edch v\u1ecb gi\u00e1c. M\u00f3n \u0103n n\u00e0y th\u01b0\u1eddng \u0111\u01b0\u1ee3c ph\u1ee5c v\u1ee5 v\u1edbi c\u00e1c lo\u1ea1i x\u00e0 l\u00e1ch, rau s\u1ed1ng v\u00e0 n\u01b0\u1edbc s\u1ed1t chua ng\u1ecdt tuy\u1ec7t v\u1eddi.<\/p>\n<p>T\u1ea1i Tandoor Vietnam, ch\u00fang t\u00f4i cam k\u1ebft s\u1eed d\u1ee5ng nh\u1eefng nguy\u00ean li\u1ec7u t\u01b0\u01a1i ngon v\u00e0 ch\u1ea5t l\u01b0\u1ee3ng nh\u1ea5t \u0111\u1ec3 mang \u0111\u1ebfn cho kh\u00e1ch h\u00e0ng tr\u1ea3i nghi\u1ec7m \u1ea9m th\u1ef1c \u1ea4n \u0110\u1ed9 tuy\u1ec7t v\u1eddi. Th\u1ecbt G\u00e0 b\u0103m ti\u00eau \u0111en n\u01b0\u1edbng l\u00f2 Tandoor l\u00e0 m\u1ed9t l\u1ef1a ch\u1ecdn tuy\u1ec7t h\u1ea3o cho nh\u1eefng ai y\u00eau th\u00edch m\u00f3n \u0103n \u0111\u1eadm \u0111\u00e0, th\u01a1m ngon v\u00e0 \u0111\u1ed9c \u0111\u00e1o.<\/p>\n<p>H\u00e3y \u0111\u1ebfn <a href=\"https:\/\/tandoorvietnam.com\/\">Tandoor Vietnam<\/a> v\u00e0 kh\u00e1m ph\u00e1 h\u01b0\u01a1ng v\u1ecb \u0111\u1eb7c bi\u1ec7t c\u1ee7a Th\u1ecbt G\u00e0 b\u0103m ti\u00eau \u0111en n\u01b0\u1edbng l\u00f2 Tandoor. Ch\u00fang t\u00f4i cam k\u1ebft mang \u0111\u1ebfn cho b\u1ea1n m\u1ed9t tr\u1ea3i nghi\u1ec7m \u1ea9m th\u1ef1c tuy\u1ec7t v\u1eddi v\u00e0 kh\u00f4ng gian \u1ea5m c\u00fang, ho\u00e0n h\u1ea3o \u0111\u1ec3 th\u01b0\u1edfng th\u1ee9c nh\u1eefng m\u00f3n \u0103n \u0111\u1ed9c \u0111\u00e1o t\u1eeb \u1ea4n \u0110\u1ed9.<\/p>\n","protected":false},"excerpt":{"rendered":"<p>&nbsp;<\/p>\n<table width=\"723\">\n<tbody>\n<tr>\n<td width=\"412\">Tender minced chicken blended with chef\u2019s spiced combination, grilled in Tandoor oven<\/td>\n<\/tr>\n<tr>\n<td width=\"412\"><em>Th\u1ecbt g\u00e0 b\u1eb1m nhuy\u1ec5n t\u1ea9m gia v\u1ecb cay v\u00e0 ti\u00eau \u0111en n\u01b0\u1edbng l\u00f2 Tandoor<\/em><\/td>\n<\/tr>\n<\/tbody>\n<\/table>\n","protected":false},"featured_media":3305,"template":"","meta":[],"product_brand":[],"product_cat":[228],"product_tag":[],"class_list":{"0":"post-3304","1":"product","2":"type-product","3":"status-publish","4":"has-post-thumbnail","6":"product_cat-cac-mon-nuong-kebab","8":"first","9":"instock","10":"taxable","11":"shipping-taxable","12":"purchasable","13":"product-type-simple"},"yoast_head":"<!-- This site is optimized with the Yoast SEO Premium plugin v22.3 (Yoast SEO v27.4) - https:\/\/yoast.com\/product\/yoast-seo-premium-wordpress\/ -->\n<title>TH\u1ecaT G\u00c0 B\u0102M T\u1ea8M TI\u00caU \u0110EN, GIA V\u1eca CAY N\u01af\u1edaNG L\u00d2<\/title>\n<meta name=\"description\" content=\"V\u1ecb \u0111\u1eadm \u0111\u00e0 c\u1ee7a Th\u1ecbt G\u00e0 b\u0103m ti\u00eau \u0111en, gia v\u1ecb cay n\u01b0\u1edbng l\u00f2 Tandoor t\u1ea1i Tandoor Vietnam. M\u00f3n \u0103n \u0111\u1ed9c \u0111\u00e1o v\u00e0 ngon mi\u1ec7ng t\u1eeb \u1ea4n \u0110\u1ed9.\" \/>\n<meta name=\"robots\" content=\"index, follow, max-snippet:-1, max-image-preview:large, max-video-preview:-1\" \/>\n<link rel=\"canonical\" href=\"https:\/\/tandoorvietnam.com\/vi\/sanpham\/cac-mon-nuong-kebab\/thit-ga-bam-tieu-den-gia-vi-cay-nuong-lo-tandoor\/\" \/>\n<meta property=\"og:locale\" content=\"vi_VN\" \/>\n<meta property=\"og:type\" content=\"article\" \/>\n<meta property=\"og:title\" content=\"Chicken Seekh Kebab (TH\u1ecaT G\u00c0 B\u0102M T\u1ea8M TI\u00caU \u0110EN, GIA V\u1eca CAY N\u01af\u1edaNG L\u00d2 TANDOOR)\" \/>\n<meta property=\"og:description\" content=\"V\u1ecb \u0111\u1eadm \u0111\u00e0 c\u1ee7a Th\u1ecbt G\u00e0 b\u0103m ti\u00eau \u0111en, gia v\u1ecb cay n\u01b0\u1edbng l\u00f2 Tandoor t\u1ea1i Tandoor Vietnam. M\u00f3n \u0103n \u0111\u1ed9c \u0111\u00e1o v\u00e0 ngon mi\u1ec7ng t\u1eeb \u1ea4n \u0110\u1ed9.\" \/>\n<meta property=\"og:url\" content=\"https:\/\/tandoorvietnam.com\/vi\/sanpham\/cac-mon-nuong-kebab\/thit-ga-bam-tieu-den-gia-vi-cay-nuong-lo-tandoor\/\" \/>\n<meta property=\"og:site_name\" content=\"Tandoor Vi\u1ec7t Nam\" \/>\n<meta property=\"article:publisher\" content=\"https:\/\/www.facebook.com\/tandoor.hcmc\/\" \/>\n<meta property=\"article:modified_time\" content=\"2023-05-20T09:32:07+00:00\" \/>\n<meta property=\"og:image\" content=\"https:\/\/tandoorvietnam.com\/wp-content\/uploads\/2020\/06\/Chicken-seekh-kebab.jpg\" \/>\n\t<meta property=\"og:image:width\" content=\"800\" \/>\n\t<meta property=\"og:image:height\" content=\"533\" \/>\n\t<meta property=\"og:image:type\" content=\"image\/jpeg\" \/>\n<meta name=\"twitter:card\" content=\"summary_large_image\" \/>\n<meta name=\"twitter:label1\" content=\"Est. reading time\" \/>\n\t<meta name=\"twitter:data1\" content=\"2 minutes\" \/>\n<script type=\"application\/ld+json\" class=\"yoast-schema-graph\">{\"@context\":\"https:\\\/\\\/schema.org\",\"@graph\":[{\"@type\":\"WebPage\",\"@id\":\"https:\\\/\\\/tandoorvietnam.com\\\/vi\\\/sanpham\\\/cac-mon-nuong-kebab\\\/thit-ga-bam-tieu-den-gia-vi-cay-nuong-lo-tandoor\\\/\",\"url\":\"https:\\\/\\\/tandoorvietnam.com\\\/vi\\\/sanpham\\\/cac-mon-nuong-kebab\\\/thit-ga-bam-tieu-den-gia-vi-cay-nuong-lo-tandoor\\\/\",\"name\":\"TH\u1ecaT G\u00c0 B\u0102M T\u1ea8M TI\u00caU \u0110EN, GIA V\u1eca CAY N\u01af\u1edaNG L\u00d2\",\"isPartOf\":{\"@id\":\"https:\\\/\\\/tandoorvietnam.com\\\/vi\\\/#website\"},\"primaryImageOfPage\":{\"@id\":\"https:\\\/\\\/tandoorvietnam.com\\\/vi\\\/sanpham\\\/cac-mon-nuong-kebab\\\/thit-ga-bam-tieu-den-gia-vi-cay-nuong-lo-tandoor\\\/#primaryimage\"},\"image\":{\"@id\":\"https:\\\/\\\/tandoorvietnam.com\\\/vi\\\/sanpham\\\/cac-mon-nuong-kebab\\\/thit-ga-bam-tieu-den-gia-vi-cay-nuong-lo-tandoor\\\/#primaryimage\"},\"thumbnailUrl\":\"https:\\\/\\\/tandoorvietnam.com\\\/wp-content\\\/uploads\\\/2020\\\/06\\\/Chicken-seekh-kebab.jpg\",\"datePublished\":\"2021-04-19T04:36:59+00:00\",\"dateModified\":\"2023-05-20T09:32:07+00:00\",\"description\":\"V\u1ecb \u0111\u1eadm \u0111\u00e0 c\u1ee7a Th\u1ecbt G\u00e0 b\u0103m ti\u00eau \u0111en, gia v\u1ecb cay n\u01b0\u1edbng l\u00f2 Tandoor t\u1ea1i Tandoor Vietnam. M\u00f3n \u0103n \u0111\u1ed9c \u0111\u00e1o v\u00e0 ngon mi\u1ec7ng t\u1eeb \u1ea4n \u0110\u1ed9.\",\"breadcrumb\":{\"@id\":\"https:\\\/\\\/tandoorvietnam.com\\\/vi\\\/sanpham\\\/cac-mon-nuong-kebab\\\/thit-ga-bam-tieu-den-gia-vi-cay-nuong-lo-tandoor\\\/#breadcrumb\"},\"inLanguage\":\"vi-VN\",\"potentialAction\":[{\"@type\":\"ReadAction\",\"target\":[\"https:\\\/\\\/tandoorvietnam.com\\\/vi\\\/sanpham\\\/cac-mon-nuong-kebab\\\/thit-ga-bam-tieu-den-gia-vi-cay-nuong-lo-tandoor\\\/\"]}]},{\"@type\":\"ImageObject\",\"inLanguage\":\"vi-VN\",\"@id\":\"https:\\\/\\\/tandoorvietnam.com\\\/vi\\\/sanpham\\\/cac-mon-nuong-kebab\\\/thit-ga-bam-tieu-den-gia-vi-cay-nuong-lo-tandoor\\\/#primaryimage\",\"url\":\"https:\\\/\\\/tandoorvietnam.com\\\/wp-content\\\/uploads\\\/2020\\\/06\\\/Chicken-seekh-kebab.jpg\",\"contentUrl\":\"https:\\\/\\\/tandoorvietnam.com\\\/wp-content\\\/uploads\\\/2020\\\/06\\\/Chicken-seekh-kebab.jpg\",\"width\":800,\"height\":533,\"caption\":\"TH\u1ecaT G\u00c0 B\u0102M T\u1ea8M TI\u00caU \u0110EN, GIA V\u1eca CAY N\u01af\u1edaNG L\u00d2 TANDOOR\"},{\"@type\":\"BreadcrumbList\",\"@id\":\"https:\\\/\\\/tandoorvietnam.com\\\/vi\\\/sanpham\\\/cac-mon-nuong-kebab\\\/thit-ga-bam-tieu-den-gia-vi-cay-nuong-lo-tandoor\\\/#breadcrumb\",\"itemListElement\":[{\"@type\":\"ListItem\",\"position\":1,\"name\":\"Trang Ch\u1ee7\",\"item\":\"https:\\\/\\\/tandoorvietnam.com\\\/vi\\\/\"},{\"@type\":\"ListItem\",\"position\":2,\"name\":\"Shop\",\"item\":\"https:\\\/\\\/tandoorvietnam.com\\\/shop\\\/\"},{\"@type\":\"ListItem\",\"position\":3,\"name\":\"Chicken Seekh Kebab (TH\u1ecaT G\u00c0 B\u0102M T\u1ea8M TI\u00caU \u0110EN, GIA V\u1eca CAY N\u01af\u1edaNG L\u00d2 TANDOOR)\"}]},{\"@type\":\"WebSite\",\"@id\":\"https:\\\/\\\/tandoorvietnam.com\\\/vi\\\/#website\",\"url\":\"https:\\\/\\\/tandoorvietnam.com\\\/vi\\\/\",\"name\":\"Tandoor Vietnam\",\"description\":\"Nh\u00e0 h\u00e0ng ngon h\u1ed3 ch\u00ed minh\",\"publisher\":{\"@id\":\"https:\\\/\\\/tandoorvietnam.com\\\/vi\\\/#organization\"},\"potentialAction\":[{\"@type\":\"SearchAction\",\"target\":{\"@type\":\"EntryPoint\",\"urlTemplate\":\"https:\\\/\\\/tandoorvietnam.com\\\/vi\\\/?s={search_term_string}\"},\"query-input\":{\"@type\":\"PropertyValueSpecification\",\"valueRequired\":true,\"valueName\":\"search_term_string\"}}],\"inLanguage\":\"vi-VN\"},{\"@type\":\"Organization\",\"@id\":\"https:\\\/\\\/tandoorvietnam.com\\\/vi\\\/#organization\",\"name\":\"Tandoor Vietnam\",\"url\":\"https:\\\/\\\/tandoorvietnam.com\\\/vi\\\/\",\"logo\":{\"@type\":\"ImageObject\",\"inLanguage\":\"vi-VN\",\"@id\":\"https:\\\/\\\/tandoorvietnam.com\\\/vi\\\/#\\\/schema\\\/logo\\\/image\\\/\",\"url\":\"https:\\\/\\\/tandoorvietnam.com\\\/wp-content\\\/uploads\\\/2020\\\/07\\\/logo.png\",\"contentUrl\":\"https:\\\/\\\/tandoorvietnam.com\\\/wp-content\\\/uploads\\\/2020\\\/07\\\/logo.png\",\"width\":133,\"height\":75,\"caption\":\"Tandoor Vietnam\"},\"image\":{\"@id\":\"https:\\\/\\\/tandoorvietnam.com\\\/vi\\\/#\\\/schema\\\/logo\\\/image\\\/\"},\"sameAs\":[\"https:\\\/\\\/www.facebook.com\\\/tandoor.hcmc\\\/\"]}]}<\/script>\n<!-- \/ Yoast SEO Premium plugin. -->","yoast_head_json":{"title":"TH\u1ecaT G\u00c0 B\u0102M T\u1ea8M TI\u00caU \u0110EN, GIA V\u1eca CAY N\u01af\u1edaNG L\u00d2","description":"V\u1ecb \u0111\u1eadm \u0111\u00e0 c\u1ee7a Th\u1ecbt G\u00e0 b\u0103m ti\u00eau \u0111en, gia v\u1ecb cay n\u01b0\u1edbng l\u00f2 Tandoor t\u1ea1i Tandoor Vietnam. M\u00f3n \u0103n \u0111\u1ed9c \u0111\u00e1o v\u00e0 ngon mi\u1ec7ng t\u1eeb \u1ea4n \u0110\u1ed9.","robots":{"index":"index","follow":"follow","max-snippet":"max-snippet:-1","max-image-preview":"max-image-preview:large","max-video-preview":"max-video-preview:-1"},"canonical":"https:\/\/tandoorvietnam.com\/vi\/sanpham\/cac-mon-nuong-kebab\/thit-ga-bam-tieu-den-gia-vi-cay-nuong-lo-tandoor\/","og_locale":"vi_VN","og_type":"article","og_title":"Chicken Seekh Kebab (TH\u1ecaT G\u00c0 B\u0102M T\u1ea8M TI\u00caU \u0110EN, GIA V\u1eca CAY N\u01af\u1edaNG L\u00d2 TANDOOR)","og_description":"V\u1ecb \u0111\u1eadm \u0111\u00e0 c\u1ee7a Th\u1ecbt G\u00e0 b\u0103m ti\u00eau \u0111en, gia v\u1ecb cay n\u01b0\u1edbng l\u00f2 Tandoor t\u1ea1i Tandoor Vietnam. M\u00f3n \u0103n \u0111\u1ed9c \u0111\u00e1o v\u00e0 ngon mi\u1ec7ng t\u1eeb \u1ea4n \u0110\u1ed9.","og_url":"https:\/\/tandoorvietnam.com\/vi\/sanpham\/cac-mon-nuong-kebab\/thit-ga-bam-tieu-den-gia-vi-cay-nuong-lo-tandoor\/","og_site_name":"Tandoor Vi\u1ec7t Nam","article_publisher":"https:\/\/www.facebook.com\/tandoor.hcmc\/","article_modified_time":"2023-05-20T09:32:07+00:00","og_image":[{"width":800,"height":533,"url":"https:\/\/tandoorvietnam.com\/wp-content\/uploads\/2020\/06\/Chicken-seekh-kebab.jpg","type":"image\/jpeg"}],"twitter_card":"summary_large_image","twitter_misc":{"Est. reading time":"2 minutes"},"schema":{"@context":"https:\/\/schema.org","@graph":[{"@type":"WebPage","@id":"https:\/\/tandoorvietnam.com\/vi\/sanpham\/cac-mon-nuong-kebab\/thit-ga-bam-tieu-den-gia-vi-cay-nuong-lo-tandoor\/","url":"https:\/\/tandoorvietnam.com\/vi\/sanpham\/cac-mon-nuong-kebab\/thit-ga-bam-tieu-den-gia-vi-cay-nuong-lo-tandoor\/","name":"TH\u1ecaT G\u00c0 B\u0102M T\u1ea8M TI\u00caU \u0110EN, GIA V\u1eca CAY N\u01af\u1edaNG L\u00d2","isPartOf":{"@id":"https:\/\/tandoorvietnam.com\/vi\/#website"},"primaryImageOfPage":{"@id":"https:\/\/tandoorvietnam.com\/vi\/sanpham\/cac-mon-nuong-kebab\/thit-ga-bam-tieu-den-gia-vi-cay-nuong-lo-tandoor\/#primaryimage"},"image":{"@id":"https:\/\/tandoorvietnam.com\/vi\/sanpham\/cac-mon-nuong-kebab\/thit-ga-bam-tieu-den-gia-vi-cay-nuong-lo-tandoor\/#primaryimage"},"thumbnailUrl":"https:\/\/tandoorvietnam.com\/wp-content\/uploads\/2020\/06\/Chicken-seekh-kebab.jpg","datePublished":"2021-04-19T04:36:59+00:00","dateModified":"2023-05-20T09:32:07+00:00","description":"V\u1ecb \u0111\u1eadm \u0111\u00e0 c\u1ee7a Th\u1ecbt G\u00e0 b\u0103m ti\u00eau \u0111en, gia v\u1ecb cay n\u01b0\u1edbng l\u00f2 Tandoor t\u1ea1i Tandoor Vietnam. M\u00f3n \u0103n \u0111\u1ed9c \u0111\u00e1o v\u00e0 ngon mi\u1ec7ng t\u1eeb \u1ea4n \u0110\u1ed9.","breadcrumb":{"@id":"https:\/\/tandoorvietnam.com\/vi\/sanpham\/cac-mon-nuong-kebab\/thit-ga-bam-tieu-den-gia-vi-cay-nuong-lo-tandoor\/#breadcrumb"},"inLanguage":"vi-VN","potentialAction":[{"@type":"ReadAction","target":["https:\/\/tandoorvietnam.com\/vi\/sanpham\/cac-mon-nuong-kebab\/thit-ga-bam-tieu-den-gia-vi-cay-nuong-lo-tandoor\/"]}]},{"@type":"ImageObject","inLanguage":"vi-VN","@id":"https:\/\/tandoorvietnam.com\/vi\/sanpham\/cac-mon-nuong-kebab\/thit-ga-bam-tieu-den-gia-vi-cay-nuong-lo-tandoor\/#primaryimage","url":"https:\/\/tandoorvietnam.com\/wp-content\/uploads\/2020\/06\/Chicken-seekh-kebab.jpg","contentUrl":"https:\/\/tandoorvietnam.com\/wp-content\/uploads\/2020\/06\/Chicken-seekh-kebab.jpg","width":800,"height":533,"caption":"TH\u1ecaT G\u00c0 B\u0102M T\u1ea8M TI\u00caU \u0110EN, GIA V\u1eca CAY N\u01af\u1edaNG L\u00d2 TANDOOR"},{"@type":"BreadcrumbList","@id":"https:\/\/tandoorvietnam.com\/vi\/sanpham\/cac-mon-nuong-kebab\/thit-ga-bam-tieu-den-gia-vi-cay-nuong-lo-tandoor\/#breadcrumb","itemListElement":[{"@type":"ListItem","position":1,"name":"Trang Ch\u1ee7","item":"https:\/\/tandoorvietnam.com\/vi\/"},{"@type":"ListItem","position":2,"name":"Shop","item":"https:\/\/tandoorvietnam.com\/shop\/"},{"@type":"ListItem","position":3,"name":"Chicken Seekh Kebab (TH\u1ecaT G\u00c0 B\u0102M T\u1ea8M TI\u00caU \u0110EN, GIA V\u1eca CAY N\u01af\u1edaNG L\u00d2 TANDOOR)"}]},{"@type":"WebSite","@id":"https:\/\/tandoorvietnam.com\/vi\/#website","url":"https:\/\/tandoorvietnam.com\/vi\/","name":"Tandoor Vietnam","description":"Nh\u00e0 h\u00e0ng ngon h\u1ed3 ch\u00ed minh","publisher":{"@id":"https:\/\/tandoorvietnam.com\/vi\/#organization"},"potentialAction":[{"@type":"SearchAction","target":{"@type":"EntryPoint","urlTemplate":"https:\/\/tandoorvietnam.com\/vi\/?s={search_term_string}"},"query-input":{"@type":"PropertyValueSpecification","valueRequired":true,"valueName":"search_term_string"}}],"inLanguage":"vi-VN"},{"@type":"Organization","@id":"https:\/\/tandoorvietnam.com\/vi\/#organization","name":"Tandoor Vietnam","url":"https:\/\/tandoorvietnam.com\/vi\/","logo":{"@type":"ImageObject","inLanguage":"vi-VN","@id":"https:\/\/tandoorvietnam.com\/vi\/#\/schema\/logo\/image\/","url":"https:\/\/tandoorvietnam.com\/wp-content\/uploads\/2020\/07\/logo.png","contentUrl":"https:\/\/tandoorvietnam.com\/wp-content\/uploads\/2020\/07\/logo.png","width":133,"height":75,"caption":"Tandoor Vietnam"},"image":{"@id":"https:\/\/tandoorvietnam.com\/vi\/#\/schema\/logo\/image\/"},"sameAs":["https:\/\/www.facebook.com\/tandoor.hcmc\/"]}]}},"_links":{"self":[{"href":"https:\/\/tandoorvietnam.com\/vi\/wp-json\/wp\/v2\/product\/3304","targetHints":{"allow":["GET"]}}],"collection":[{"href":"https:\/\/tandoorvietnam.com\/vi\/wp-json\/wp\/v2\/product"}],"about":[{"href":"https:\/\/tandoorvietnam.com\/vi\/wp-json\/wp\/v2\/types\/product"}],"wp:featuredmedia":[{"embeddable":true,"href":"https:\/\/tandoorvietnam.com\/vi\/wp-json\/wp\/v2\/media\/3305"}],"wp:attachment":[{"href":"https:\/\/tandoorvietnam.com\/vi\/wp-json\/wp\/v2\/media?parent=3304"}],"wp:term":[{"taxonomy":"product_brand","embeddable":true,"href":"https:\/\/tandoorvietnam.com\/vi\/wp-json\/wp\/v2\/product_brand?post=3304"},{"taxonomy":"product_cat","embeddable":true,"href":"https:\/\/tandoorvietnam.com\/vi\/wp-json\/wp\/v2\/product_cat?post=3304"},{"taxonomy":"product_tag","embeddable":true,"href":"https:\/\/tandoorvietnam.com\/vi\/wp-json\/wp\/v2\/product_tag?post=3304"}],"curies":[{"name":"wp","href":"https:\/\/api.w.org\/{rel}","templated":true}]}}