{"id":3306,"date":"2020-06-20T10:46:38","date_gmt":"2021-04-19T04:42:20","guid":{"rendered":"http:\/\/tandoorvietnam.com\/product\/uncategorized\/thit-ga-ot-chuong-xanh-uop-tieu-den-va-gia-vi-cay-nuong-lo-tandoor\/"},"modified":"2023-05-15T10:54:02","modified_gmt":"2023-05-15T10:54:02","slug":"thit-ga-ot-chuong-xanh-uop-tieu-den-va-gia-vi-cay-nuong-lo-tandoor","status":"publish","type":"product","link":"https:\/\/tandoorvietnam.com\/vi\/sanpham\/cac-mon-nuong-kebab\/thit-ga-ot-chuong-xanh-uop-tieu-den-va-gia-vi-cay-nuong-lo-tandoor\/","title":{"rendered":"Chicken Tikka (TH\u1ecaT G\u00c0, \u1edaT CHU\u00d4NG XANH \u01af\u1edaP TI\u00caU \u0110EN V\u00c0 GIA V\u1eca CAY N\u01af\u1edaNG L\u00d2 TANDOOR)"},"content":{"rendered":"<p>M\u00f3n th\u1ecbt g\u00e0, \u1edbt chu\u00f4ng xanh \u01b0\u1edbp ti\u00eau \u0111en v\u00e0 gia v\u1ecb cay l\u00e0 m\u1ed9t trong nh\u1eefng m\u00f3n n\u01b0\u1edbng \u0111\u1eb7c tr\u01b0ng c\u1ee7a \u1ea4n \u0110\u1ed9. T\u1ea1i Tandoor Vietnam, ch\u00fang t\u00f4i s\u1eed d\u1ee5ng g\u00e0 t\u01b0\u01a1i ngon, \u01b0\u1edbp gia v\u1ecb cay v\u00e0 ti\u00eau \u0111en \u0111\u1ec3 t\u1ea1o ra h\u01b0\u01a1ng v\u1ecb \u0111\u1eadm \u0111\u00e0 cho m\u00f3n \u0103n.<\/p>\n<p>Th\u1ecbt g\u00e0 \u0111\u01b0\u1ee3c c\u1eaft th\u00e0nh t\u1eebng mi\u1ebfng nh\u1ecf v\u00e0 \u01b0\u1edbp \u0111\u1ec1u gia v\u1ecb tr\u01b0\u1edbc khi \u0111\u01b0\u1ee3c n\u01b0\u1edbng tr\u00ean l\u00f2 Tandoor. L\u00f2 Tandoor l\u00e0 m\u1ed9t lo\u1ea1i l\u00f2 nung truy\u1ec1n th\u1ed1ng c\u1ee7a \u1ea4n \u0110\u1ed9, t\u1ea1o ra nhi\u1ec7t \u0111\u1ed9 cao v\u00e0 l\u1eeda kh\u00f3i \u0111\u1eb7c bi\u1ec7t, gi\u00fap th\u1ecbt g\u00e0 c\u00f3 m\u1ed9t l\u1edbp v\u1ecf ngo\u00e0i gi\u00f2n v\u00e0 h\u01b0\u01a1ng v\u1ecb \u0111\u1eb7c tr\u01b0ng.<\/p>\n<p>H\u01b0\u01a1ng v\u1ecb c\u1ee7a th\u1ecbt g\u00e0 \u0111\u01b0\u1ee3c b\u1ed5 sung b\u1edfi \u1edbt chu\u00f4ng xanh t\u01b0\u01a1i m\u00e1t, t\u1ea1o ra s\u1ef1 c\u00e2n b\u1eb1ng gi\u1eefa h\u01a1i cay v\u00e0 t\u01b0\u01a1i m\u00e1t. Gia v\u1ecb cay th\u00eam m\u1ed9t l\u1edbp h\u01b0\u01a1ng v\u1ecb \u0111\u1eadm \u0111\u00e0 v\u00e0 \u0111\u1eb7c tr\u01b0ng cho m\u00f3n \u0103n n\u00e0y.<\/p>\n<p>Chicken Tikka l\u00e0 m\u1ed9t m\u00f3n \u0103n n\u1ed5i ti\u1ebfng v\u00e0 ph\u1ed5 bi\u1ebfn trong \u1ea9m th\u1ef1c \u1ea4n \u0110\u1ed9. T\u1ea1i Tandoor Vietnam, ch\u00fang t\u00f4i cam k\u1ebft s\u1eed d\u1ee5ng c\u00e1c nguy\u00ean li\u1ec7u t\u01b0\u01a1i ngon v\u00e0 ch\u1ea5t l\u01b0\u1ee3ng \u0111\u1ec3 mang \u0111\u1ebfn cho kh\u00e1ch h\u00e0ng h\u01b0\u01a1ng v\u1ecb tuy\u1ec7t v\u1eddi v\u00e0 tr\u1ea3i nghi\u1ec7m \u1ea9m th\u1ef1c \u0111\u00edch th\u1ef1c t\u1eeb \u1ea4n \u0110\u1ed9.<\/p>\n<p>B\u1ea1n c\u00f3 th\u1ec3 th\u01b0\u1edfng th\u1ee9c m\u00f3n th\u1ecbt g\u00e0 n\u00e0y nh\u01b0 m\u1ed9t m\u00f3n khai v\u1ecb trong b\u1eefa ti\u1ec7c ho\u1eb7c k\u1ebft h\u1ee3p v\u1edbi c\u00e1c m\u00f3n \u0103n kh\u00e1c \u0111\u1ec3 t\u1ea1o th\u00e0nh m\u1ed9t b\u1eefa \u0103n tr\u1ecdn v\u1eb9n. H\u00e3y \u0111\u1ebfn <a href=\"https:\/\/tandoorvietnam.com\/\">Tandoor Vietnam<\/a> v\u00e0 tr\u1ea3i nghi\u1ec7m h\u01b0\u01a1ng v\u1ecb \u0111\u1eb7c tr\u01b0ng v\u00e0 th\u00fa v\u1ecb c\u1ee7a m\u00f3n th\u1ecbt g\u00e0 \u01b0\u1edbp ti\u00eau \u0111en v\u00e0 gia v\u1ecb cay n\u01b0\u1edbng tr\u00ean l\u00f2 Tandoor.<\/p>\n","protected":false},"excerpt":{"rendered":"<p>&nbsp;<\/p>\n<table width=\"723\">\n<tbody>\n<tr>\n<td width=\"412\">Succulent boneless chicken kebab<\/td>\n<\/tr>\n<tr>\n<td width=\"412\"><em> File g\u00e0 x\u1eaft vu\u00f4ng t\u1ea9m yaour v\u00e0 masala n\u01b0\u1edbng l\u00f2 Tandoor<\/em><\/td>\n<\/tr>\n<\/tbody>\n<\/table>\n","protected":false},"featured_media":3307,"template":"","meta":[],"product_brand":[],"product_cat":[228],"product_tag":[],"class_list":{"0":"post-3306","1":"product","2":"type-product","3":"status-publish","4":"has-post-thumbnail","6":"product_cat-cac-mon-nuong-kebab","8":"first","9":"instock","10":"taxable","11":"shipping-taxable","12":"purchasable","13":"product-type-simple"},"yoast_head":"<!-- This site is optimized with the Yoast SEO Premium plugin v22.3 (Yoast SEO v27.4) - https:\/\/yoast.com\/product\/yoast-seo-premium-wordpress\/ -->\n<title>TH\u1ecaT G\u00c0, \u1edaT CHU\u00d4NG XANH \u01af\u1edaP TI\u00caU \u0110EN V\u00c0 GIA V\u1eca CAY<\/title>\n<meta name=\"description\" content=\"Th\u1ecbt g\u00e0 t\u01b0\u01a1i ngon \u0111\u01b0\u1ee3c \u01b0\u1edbp \u1edbt chu\u00f4ng xanh, ti\u00eau \u0111en v\u00e0 gia v\u1ecb cay, n\u01b0\u1edbng tr\u00ean l\u00f2 Tandoor \u0111\u1ed9c \u0111\u00e1o. M\u00f3n \u0103n \u0111\u1eb7c bi\u1ec7t t\u1ea1i Tandoor Vietnam.\" \/>\n<meta name=\"robots\" content=\"index, follow, max-snippet:-1, max-image-preview:large, max-video-preview:-1\" \/>\n<link rel=\"canonical\" href=\"https:\/\/tandoorvietnam.com\/vi\/sanpham\/cac-mon-nuong-kebab\/thit-ga-ot-chuong-xanh-uop-tieu-den-va-gia-vi-cay-nuong-lo-tandoor\/\" \/>\n<meta property=\"og:locale\" content=\"vi_VN\" \/>\n<meta property=\"og:type\" content=\"article\" \/>\n<meta property=\"og:title\" content=\"Chicken Tikka (TH\u1ecaT G\u00c0, \u1edaT CHU\u00d4NG XANH \u01af\u1edaP TI\u00caU \u0110EN V\u00c0 GIA V\u1eca CAY N\u01af\u1edaNG L\u00d2 TANDOOR)\" \/>\n<meta property=\"og:description\" content=\"Th\u1ecbt g\u00e0 t\u01b0\u01a1i ngon \u0111\u01b0\u1ee3c \u01b0\u1edbp \u1edbt chu\u00f4ng xanh, ti\u00eau \u0111en v\u00e0 gia v\u1ecb cay, n\u01b0\u1edbng tr\u00ean l\u00f2 Tandoor \u0111\u1ed9c \u0111\u00e1o. M\u00f3n \u0103n \u0111\u1eb7c bi\u1ec7t t\u1ea1i Tandoor Vietnam.\" \/>\n<meta property=\"og:url\" content=\"https:\/\/tandoorvietnam.com\/vi\/sanpham\/cac-mon-nuong-kebab\/thit-ga-ot-chuong-xanh-uop-tieu-den-va-gia-vi-cay-nuong-lo-tandoor\/\" \/>\n<meta property=\"og:site_name\" content=\"Tandoor Vi\u1ec7t Nam\" \/>\n<meta property=\"article:publisher\" content=\"https:\/\/www.facebook.com\/tandoor.hcmc\/\" \/>\n<meta property=\"article:modified_time\" content=\"2023-05-15T10:54:02+00:00\" \/>\n<meta property=\"og:image\" content=\"https:\/\/tandoorvietnam.com\/wp-content\/uploads\/2020\/06\/Chicken-tikka.jpg\" \/>\n\t<meta property=\"og:image:width\" content=\"800\" \/>\n\t<meta property=\"og:image:height\" content=\"532\" \/>\n\t<meta property=\"og:image:type\" content=\"image\/jpeg\" \/>\n<meta name=\"twitter:card\" content=\"summary_large_image\" \/>\n<meta name=\"twitter:label1\" content=\"Est. reading time\" \/>\n\t<meta name=\"twitter:data1\" content=\"2 minutes\" \/>\n<script type=\"application\/ld+json\" class=\"yoast-schema-graph\">{\"@context\":\"https:\\\/\\\/schema.org\",\"@graph\":[{\"@type\":\"WebPage\",\"@id\":\"https:\\\/\\\/tandoorvietnam.com\\\/vi\\\/sanpham\\\/cac-mon-nuong-kebab\\\/thit-ga-ot-chuong-xanh-uop-tieu-den-va-gia-vi-cay-nuong-lo-tandoor\\\/\",\"url\":\"https:\\\/\\\/tandoorvietnam.com\\\/vi\\\/sanpham\\\/cac-mon-nuong-kebab\\\/thit-ga-ot-chuong-xanh-uop-tieu-den-va-gia-vi-cay-nuong-lo-tandoor\\\/\",\"name\":\"TH\u1ecaT G\u00c0, \u1edaT CHU\u00d4NG XANH \u01af\u1edaP TI\u00caU \u0110EN V\u00c0 GIA V\u1eca CAY\",\"isPartOf\":{\"@id\":\"https:\\\/\\\/tandoorvietnam.com\\\/vi\\\/#website\"},\"primaryImageOfPage\":{\"@id\":\"https:\\\/\\\/tandoorvietnam.com\\\/vi\\\/sanpham\\\/cac-mon-nuong-kebab\\\/thit-ga-ot-chuong-xanh-uop-tieu-den-va-gia-vi-cay-nuong-lo-tandoor\\\/#primaryimage\"},\"image\":{\"@id\":\"https:\\\/\\\/tandoorvietnam.com\\\/vi\\\/sanpham\\\/cac-mon-nuong-kebab\\\/thit-ga-ot-chuong-xanh-uop-tieu-den-va-gia-vi-cay-nuong-lo-tandoor\\\/#primaryimage\"},\"thumbnailUrl\":\"https:\\\/\\\/tandoorvietnam.com\\\/wp-content\\\/uploads\\\/2020\\\/06\\\/Chicken-tikka.jpg\",\"datePublished\":\"2021-04-19T04:42:20+00:00\",\"dateModified\":\"2023-05-15T10:54:02+00:00\",\"description\":\"Th\u1ecbt g\u00e0 t\u01b0\u01a1i ngon \u0111\u01b0\u1ee3c \u01b0\u1edbp \u1edbt chu\u00f4ng xanh, ti\u00eau \u0111en v\u00e0 gia v\u1ecb cay, n\u01b0\u1edbng tr\u00ean l\u00f2 Tandoor \u0111\u1ed9c \u0111\u00e1o. M\u00f3n \u0103n \u0111\u1eb7c bi\u1ec7t t\u1ea1i Tandoor Vietnam.\",\"breadcrumb\":{\"@id\":\"https:\\\/\\\/tandoorvietnam.com\\\/vi\\\/sanpham\\\/cac-mon-nuong-kebab\\\/thit-ga-ot-chuong-xanh-uop-tieu-den-va-gia-vi-cay-nuong-lo-tandoor\\\/#breadcrumb\"},\"inLanguage\":\"vi-VN\",\"potentialAction\":[{\"@type\":\"ReadAction\",\"target\":[\"https:\\\/\\\/tandoorvietnam.com\\\/vi\\\/sanpham\\\/cac-mon-nuong-kebab\\\/thit-ga-ot-chuong-xanh-uop-tieu-den-va-gia-vi-cay-nuong-lo-tandoor\\\/\"]}]},{\"@type\":\"ImageObject\",\"inLanguage\":\"vi-VN\",\"@id\":\"https:\\\/\\\/tandoorvietnam.com\\\/vi\\\/sanpham\\\/cac-mon-nuong-kebab\\\/thit-ga-ot-chuong-xanh-uop-tieu-den-va-gia-vi-cay-nuong-lo-tandoor\\\/#primaryimage\",\"url\":\"https:\\\/\\\/tandoorvietnam.com\\\/wp-content\\\/uploads\\\/2020\\\/06\\\/Chicken-tikka.jpg\",\"contentUrl\":\"https:\\\/\\\/tandoorvietnam.com\\\/wp-content\\\/uploads\\\/2020\\\/06\\\/Chicken-tikka.jpg\",\"width\":800,\"height\":532,\"caption\":\"TH\u1ecaT G\u00c0, \u1edaT CHU\u00d4NG XANH \u01af\u1edaP TI\u00caU \u0110EN V\u00c0 GIA V\u1eca CAY N\u01af\u1edaNG L\u00d2 TANDOOR\"},{\"@type\":\"BreadcrumbList\",\"@id\":\"https:\\\/\\\/tandoorvietnam.com\\\/vi\\\/sanpham\\\/cac-mon-nuong-kebab\\\/thit-ga-ot-chuong-xanh-uop-tieu-den-va-gia-vi-cay-nuong-lo-tandoor\\\/#breadcrumb\",\"itemListElement\":[{\"@type\":\"ListItem\",\"position\":1,\"name\":\"Trang Ch\u1ee7\",\"item\":\"https:\\\/\\\/tandoorvietnam.com\\\/vi\\\/\"},{\"@type\":\"ListItem\",\"position\":2,\"name\":\"Shop\",\"item\":\"https:\\\/\\\/tandoorvietnam.com\\\/shop\\\/\"},{\"@type\":\"ListItem\",\"position\":3,\"name\":\"Chicken Tikka (TH\u1ecaT G\u00c0, \u1edaT CHU\u00d4NG XANH \u01af\u1edaP TI\u00caU \u0110EN V\u00c0 GIA V\u1eca CAY N\u01af\u1edaNG L\u00d2 TANDOOR)\"}]},{\"@type\":\"WebSite\",\"@id\":\"https:\\\/\\\/tandoorvietnam.com\\\/vi\\\/#website\",\"url\":\"https:\\\/\\\/tandoorvietnam.com\\\/vi\\\/\",\"name\":\"Tandoor Vietnam\",\"description\":\"Nh\u00e0 h\u00e0ng ngon h\u1ed3 ch\u00ed minh\",\"publisher\":{\"@id\":\"https:\\\/\\\/tandoorvietnam.com\\\/vi\\\/#organization\"},\"potentialAction\":[{\"@type\":\"SearchAction\",\"target\":{\"@type\":\"EntryPoint\",\"urlTemplate\":\"https:\\\/\\\/tandoorvietnam.com\\\/vi\\\/?s={search_term_string}\"},\"query-input\":{\"@type\":\"PropertyValueSpecification\",\"valueRequired\":true,\"valueName\":\"search_term_string\"}}],\"inLanguage\":\"vi-VN\"},{\"@type\":\"Organization\",\"@id\":\"https:\\\/\\\/tandoorvietnam.com\\\/vi\\\/#organization\",\"name\":\"Tandoor Vietnam\",\"url\":\"https:\\\/\\\/tandoorvietnam.com\\\/vi\\\/\",\"logo\":{\"@type\":\"ImageObject\",\"inLanguage\":\"vi-VN\",\"@id\":\"https:\\\/\\\/tandoorvietnam.com\\\/vi\\\/#\\\/schema\\\/logo\\\/image\\\/\",\"url\":\"https:\\\/\\\/tandoorvietnam.com\\\/wp-content\\\/uploads\\\/2020\\\/07\\\/logo.png\",\"contentUrl\":\"https:\\\/\\\/tandoorvietnam.com\\\/wp-content\\\/uploads\\\/2020\\\/07\\\/logo.png\",\"width\":133,\"height\":75,\"caption\":\"Tandoor Vietnam\"},\"image\":{\"@id\":\"https:\\\/\\\/tandoorvietnam.com\\\/vi\\\/#\\\/schema\\\/logo\\\/image\\\/\"},\"sameAs\":[\"https:\\\/\\\/www.facebook.com\\\/tandoor.hcmc\\\/\"]}]}<\/script>\n<!-- \/ Yoast SEO Premium plugin. -->","yoast_head_json":{"title":"TH\u1ecaT G\u00c0, \u1edaT CHU\u00d4NG XANH \u01af\u1edaP TI\u00caU \u0110EN V\u00c0 GIA V\u1eca CAY","description":"Th\u1ecbt g\u00e0 t\u01b0\u01a1i ngon \u0111\u01b0\u1ee3c \u01b0\u1edbp \u1edbt chu\u00f4ng xanh, ti\u00eau \u0111en v\u00e0 gia v\u1ecb cay, n\u01b0\u1edbng tr\u00ean l\u00f2 Tandoor \u0111\u1ed9c \u0111\u00e1o. M\u00f3n \u0103n \u0111\u1eb7c bi\u1ec7t t\u1ea1i Tandoor Vietnam.","robots":{"index":"index","follow":"follow","max-snippet":"max-snippet:-1","max-image-preview":"max-image-preview:large","max-video-preview":"max-video-preview:-1"},"canonical":"https:\/\/tandoorvietnam.com\/vi\/sanpham\/cac-mon-nuong-kebab\/thit-ga-ot-chuong-xanh-uop-tieu-den-va-gia-vi-cay-nuong-lo-tandoor\/","og_locale":"vi_VN","og_type":"article","og_title":"Chicken Tikka (TH\u1ecaT G\u00c0, \u1edaT CHU\u00d4NG XANH \u01af\u1edaP TI\u00caU \u0110EN V\u00c0 GIA V\u1eca CAY N\u01af\u1edaNG L\u00d2 TANDOOR)","og_description":"Th\u1ecbt g\u00e0 t\u01b0\u01a1i ngon \u0111\u01b0\u1ee3c \u01b0\u1edbp \u1edbt chu\u00f4ng xanh, ti\u00eau \u0111en v\u00e0 gia v\u1ecb cay, n\u01b0\u1edbng tr\u00ean l\u00f2 Tandoor \u0111\u1ed9c \u0111\u00e1o. M\u00f3n \u0103n \u0111\u1eb7c bi\u1ec7t t\u1ea1i Tandoor Vietnam.","og_url":"https:\/\/tandoorvietnam.com\/vi\/sanpham\/cac-mon-nuong-kebab\/thit-ga-ot-chuong-xanh-uop-tieu-den-va-gia-vi-cay-nuong-lo-tandoor\/","og_site_name":"Tandoor Vi\u1ec7t Nam","article_publisher":"https:\/\/www.facebook.com\/tandoor.hcmc\/","article_modified_time":"2023-05-15T10:54:02+00:00","og_image":[{"width":800,"height":532,"url":"https:\/\/tandoorvietnam.com\/wp-content\/uploads\/2020\/06\/Chicken-tikka.jpg","type":"image\/jpeg"}],"twitter_card":"summary_large_image","twitter_misc":{"Est. reading time":"2 minutes"},"schema":{"@context":"https:\/\/schema.org","@graph":[{"@type":"WebPage","@id":"https:\/\/tandoorvietnam.com\/vi\/sanpham\/cac-mon-nuong-kebab\/thit-ga-ot-chuong-xanh-uop-tieu-den-va-gia-vi-cay-nuong-lo-tandoor\/","url":"https:\/\/tandoorvietnam.com\/vi\/sanpham\/cac-mon-nuong-kebab\/thit-ga-ot-chuong-xanh-uop-tieu-den-va-gia-vi-cay-nuong-lo-tandoor\/","name":"TH\u1ecaT G\u00c0, \u1edaT CHU\u00d4NG XANH \u01af\u1edaP TI\u00caU \u0110EN V\u00c0 GIA V\u1eca CAY","isPartOf":{"@id":"https:\/\/tandoorvietnam.com\/vi\/#website"},"primaryImageOfPage":{"@id":"https:\/\/tandoorvietnam.com\/vi\/sanpham\/cac-mon-nuong-kebab\/thit-ga-ot-chuong-xanh-uop-tieu-den-va-gia-vi-cay-nuong-lo-tandoor\/#primaryimage"},"image":{"@id":"https:\/\/tandoorvietnam.com\/vi\/sanpham\/cac-mon-nuong-kebab\/thit-ga-ot-chuong-xanh-uop-tieu-den-va-gia-vi-cay-nuong-lo-tandoor\/#primaryimage"},"thumbnailUrl":"https:\/\/tandoorvietnam.com\/wp-content\/uploads\/2020\/06\/Chicken-tikka.jpg","datePublished":"2021-04-19T04:42:20+00:00","dateModified":"2023-05-15T10:54:02+00:00","description":"Th\u1ecbt g\u00e0 t\u01b0\u01a1i ngon \u0111\u01b0\u1ee3c \u01b0\u1edbp \u1edbt chu\u00f4ng xanh, ti\u00eau \u0111en v\u00e0 gia v\u1ecb cay, n\u01b0\u1edbng tr\u00ean l\u00f2 Tandoor \u0111\u1ed9c \u0111\u00e1o. M\u00f3n \u0103n \u0111\u1eb7c bi\u1ec7t t\u1ea1i Tandoor Vietnam.","breadcrumb":{"@id":"https:\/\/tandoorvietnam.com\/vi\/sanpham\/cac-mon-nuong-kebab\/thit-ga-ot-chuong-xanh-uop-tieu-den-va-gia-vi-cay-nuong-lo-tandoor\/#breadcrumb"},"inLanguage":"vi-VN","potentialAction":[{"@type":"ReadAction","target":["https:\/\/tandoorvietnam.com\/vi\/sanpham\/cac-mon-nuong-kebab\/thit-ga-ot-chuong-xanh-uop-tieu-den-va-gia-vi-cay-nuong-lo-tandoor\/"]}]},{"@type":"ImageObject","inLanguage":"vi-VN","@id":"https:\/\/tandoorvietnam.com\/vi\/sanpham\/cac-mon-nuong-kebab\/thit-ga-ot-chuong-xanh-uop-tieu-den-va-gia-vi-cay-nuong-lo-tandoor\/#primaryimage","url":"https:\/\/tandoorvietnam.com\/wp-content\/uploads\/2020\/06\/Chicken-tikka.jpg","contentUrl":"https:\/\/tandoorvietnam.com\/wp-content\/uploads\/2020\/06\/Chicken-tikka.jpg","width":800,"height":532,"caption":"TH\u1ecaT G\u00c0, \u1edaT CHU\u00d4NG XANH \u01af\u1edaP TI\u00caU \u0110EN V\u00c0 GIA V\u1eca CAY N\u01af\u1edaNG L\u00d2 TANDOOR"},{"@type":"BreadcrumbList","@id":"https:\/\/tandoorvietnam.com\/vi\/sanpham\/cac-mon-nuong-kebab\/thit-ga-ot-chuong-xanh-uop-tieu-den-va-gia-vi-cay-nuong-lo-tandoor\/#breadcrumb","itemListElement":[{"@type":"ListItem","position":1,"name":"Trang Ch\u1ee7","item":"https:\/\/tandoorvietnam.com\/vi\/"},{"@type":"ListItem","position":2,"name":"Shop","item":"https:\/\/tandoorvietnam.com\/shop\/"},{"@type":"ListItem","position":3,"name":"Chicken Tikka (TH\u1ecaT G\u00c0, \u1edaT CHU\u00d4NG XANH \u01af\u1edaP TI\u00caU \u0110EN V\u00c0 GIA V\u1eca CAY N\u01af\u1edaNG L\u00d2 TANDOOR)"}]},{"@type":"WebSite","@id":"https:\/\/tandoorvietnam.com\/vi\/#website","url":"https:\/\/tandoorvietnam.com\/vi\/","name":"Tandoor Vietnam","description":"Nh\u00e0 h\u00e0ng ngon h\u1ed3 ch\u00ed minh","publisher":{"@id":"https:\/\/tandoorvietnam.com\/vi\/#organization"},"potentialAction":[{"@type":"SearchAction","target":{"@type":"EntryPoint","urlTemplate":"https:\/\/tandoorvietnam.com\/vi\/?s={search_term_string}"},"query-input":{"@type":"PropertyValueSpecification","valueRequired":true,"valueName":"search_term_string"}}],"inLanguage":"vi-VN"},{"@type":"Organization","@id":"https:\/\/tandoorvietnam.com\/vi\/#organization","name":"Tandoor Vietnam","url":"https:\/\/tandoorvietnam.com\/vi\/","logo":{"@type":"ImageObject","inLanguage":"vi-VN","@id":"https:\/\/tandoorvietnam.com\/vi\/#\/schema\/logo\/image\/","url":"https:\/\/tandoorvietnam.com\/wp-content\/uploads\/2020\/07\/logo.png","contentUrl":"https:\/\/tandoorvietnam.com\/wp-content\/uploads\/2020\/07\/logo.png","width":133,"height":75,"caption":"Tandoor Vietnam"},"image":{"@id":"https:\/\/tandoorvietnam.com\/vi\/#\/schema\/logo\/image\/"},"sameAs":["https:\/\/www.facebook.com\/tandoor.hcmc\/"]}]}},"_links":{"self":[{"href":"https:\/\/tandoorvietnam.com\/vi\/wp-json\/wp\/v2\/product\/3306","targetHints":{"allow":["GET"]}}],"collection":[{"href":"https:\/\/tandoorvietnam.com\/vi\/wp-json\/wp\/v2\/product"}],"about":[{"href":"https:\/\/tandoorvietnam.com\/vi\/wp-json\/wp\/v2\/types\/product"}],"wp:featuredmedia":[{"embeddable":true,"href":"https:\/\/tandoorvietnam.com\/vi\/wp-json\/wp\/v2\/media\/3307"}],"wp:attachment":[{"href":"https:\/\/tandoorvietnam.com\/vi\/wp-json\/wp\/v2\/media?parent=3306"}],"wp:term":[{"taxonomy":"product_brand","embeddable":true,"href":"https:\/\/tandoorvietnam.com\/vi\/wp-json\/wp\/v2\/product_brand?post=3306"},{"taxonomy":"product_cat","embeddable":true,"href":"https:\/\/tandoorvietnam.com\/vi\/wp-json\/wp\/v2\/product_cat?post=3306"},{"taxonomy":"product_tag","embeddable":true,"href":"https:\/\/tandoorvietnam.com\/vi\/wp-json\/wp\/v2\/product_tag?post=3306"}],"curies":[{"name":"wp","href":"https:\/\/api.w.org\/{rel}","templated":true}]}}