{"id":3309,"date":"2020-06-20T11:00:56","date_gmt":"2021-04-19T04:43:40","guid":{"rendered":"http:\/\/tandoorvietnam.com\/product\/uncategorized\/ca-chem-tam-gia-vi-cay-va-toi-nuong-lo-tandoor\/"},"modified":"2023-05-08T10:49:35","modified_gmt":"2023-05-08T10:49:35","slug":"ca-chem-tam-gia-vi-cay-va-toi-nuong-lo-tandoor","status":"publish","type":"product","link":"https:\/\/tandoorvietnam.com\/vi\/sanpham\/cac-mon-nuong-kebab\/ca-chem-tam-gia-vi-cay-va-toi-nuong-lo-tandoor\/","title":{"rendered":"Fish Kebab (C\u00c1 CH\u1ebcM T\u1ea8M GIA V\u1eca CAY V\u00c0 T\u1eceI N\u01af\u1edaNG L\u00d2 TANDOOR)"},"content":{"rendered":"<p>C\u00e1 ch\u1ebdm t\u1ea9m gia v\u1ecb cay v\u00e0 t\u1ecfi n\u01b0\u1edbng l\u00f2 Tandoor l\u00e0 m\u1ed9t m\u00f3n \u0103n \u0111\u1eb7c s\u1eafc c\u1ee7a nh\u00e0 h\u00e0ng Tandoor Vietnam, mang \u0111\u1ebfn cho b\u1ea1n tr\u1ea3i nghi\u1ec7m \u1ea9m th\u1ef1c \u1ea4n \u0110\u1ed9 \u0111\u00edch th\u1ef1c. \u0110\u00e2y l\u00e0 m\u00f3n \u0103n ph\u1ed5 bi\u1ebfn trong \u1ea9m th\u1ef1c \u1ea4n \u0110\u1ed9, \u0111\u01b0\u1ee3c chu\u1ea9n b\u1ecb b\u1eb1ng c\u00e1ch t\u1ea9m \u01b0\u1edbp c\u00e1 ch\u1ebdm v\u1edbi gia v\u1ecb cay n\u1ed3ng v\u00e0 t\u1ecfi, sau \u0111\u00f3 n\u01b0\u1edbng tr\u00ean l\u00f2 Tandoor cho \u0111\u1ebfn khi c\u00e1 ch\u00edn v\u00e0 gi\u00f2n.<\/p>\n<p>H\u01b0\u01a1ng v\u1ecb cay n\u1ed3ng v\u00e0 th\u01a1m l\u1eebng t\u1ecfi khi\u1ebfn m\u00f3n c\u00e1 ch\u1ebdm n\u01b0\u1edbng l\u00f2 Tandoor tr\u1edf n\u00ean h\u1ea5p d\u1eabn v\u00e0 \u0111\u1eb7c bi\u1ec7t h\u01a1n. \u0110\u1ec3 t\u0103ng th\u00eam h\u01b0\u01a1ng v\u1ecb v\u00e0 \u0111\u1ed9 gi\u00f2n cho m\u00f3n \u0103n, ch\u00fang t\u00f4i th\u00eam m\u1ed9t ch\u00fat tinh d\u1ea7u d\u1eeba v\u00e0o trong qu\u00e1 tr\u00ecnh n\u01b0\u1edbng.<\/p>\n<p>Fish Kebab v\u00e0 t\u1ecfi n\u01b0\u1edbng l\u00f2 Tandoor \u0111\u01b0\u1ee3c ph\u1ee5c v\u1ee5 n\u00f3ng h\u1ed5i, ch\u1ee7 y\u1ebfu l\u00e0 nh\u01b0 m\u00f3n khai v\u1ecb hay m\u00f3n ch\u00ednh trong b\u1eefa ti\u1ec7c. N\u00f3 c\u00f3 th\u1ec3 \u0111\u01b0\u1ee3c \u0103n k\u00e8m v\u1edbi c\u00e1c lo\u1ea1i s\u1ed1t t\u01b0\u01a1ng \u1edbt ho\u1eb7c s\u1ed1t m\u00f9 t\u1ea1t \u0111\u1ec3 t\u0103ng th\u00eam h\u01b0\u01a1ng v\u1ecb. B\u00ean c\u1ea1nh \u0111\u00f3, b\u1ea1n c\u0169ng c\u00f3 th\u1ec3 th\u01b0\u1edfng th\u1ee9c m\u00f3n \u0103n n\u00e0y c\u00f9ng v\u1edbi c\u01a1m, b\u00e1nh m\u00ec ho\u1eb7c c\u00e1c m\u00f3n \u0103n nh\u1eb9 kh\u00e1c t\u1ea1i nh\u00e0 h\u00e0ng c\u1ee7a ch\u00fang t\u00f4i.<\/p>\n<p>N\u1ebfu b\u1ea1n \u0111ang t\u00ecm ki\u1ebfm m\u1ed9t m\u00f3n \u0103n \u0111\u1eadm \u0111\u00e0, h\u1ea5p d\u1eabn v\u00e0 \u0111\u1ea7y \u0111\u1ee7 h\u01b0\u01a1ng v\u1ecb \u1ea4n \u0110\u1ed9, h\u00e3y th\u1eed m\u00f3n Fish Kebab\u00a0v\u00e0 t\u1ecfi n\u01b0\u1edbng l\u00f2 Tandoor c\u1ee7a ch\u00fang t\u00f4i. Ch\u1eafc ch\u1eafn b\u1ea1n s\u1ebd c\u00f3 m\u1ed9t tr\u1ea3i nghi\u1ec7m \u1ea9m th\u1ef1c \u0111\u00e1ng nh\u1edb t\u1ea1i <a href=\"https:\/\/tandoorvietnam.com\/\">nh\u00e0 h\u00e0ng Tandoor Vietnam<\/a>.<\/p>\n","protected":false},"excerpt":{"rendered":"<p>&nbsp;<\/p>\n<table width=\"723\">\n<tbody>\n<tr>\n<td width=\"412\">Seabass fillet marinated in yoghurt with garlic and chargrilled<\/td>\n<\/tr>\n<tr>\n<td width=\"412\"><em>C\u00e1 ch\u1ebdm x\u1eaft vu\u00f4ng t\u1ea9m gia v\u1ecb cay v\u1edbi t\u1ecfi n\u01b0\u1edbng l\u00f2 Tandoor<\/em><\/td>\n<\/tr>\n<\/tbody>\n<\/table>\n","protected":false},"featured_media":3310,"template":"","meta":[],"product_brand":[],"product_cat":[228],"product_tag":[],"class_list":{"0":"post-3309","1":"product","2":"type-product","3":"status-publish","4":"has-post-thumbnail","6":"product_cat-cac-mon-nuong-kebab","8":"first","9":"instock","10":"taxable","11":"shipping-taxable","12":"purchasable","13":"product-type-simple"},"yoast_head":"<!-- This site is optimized with the Yoast SEO Premium plugin v22.3 (Yoast SEO v27.4) - https:\/\/yoast.com\/product\/yoast-seo-premium-wordpress\/ -->\n<title>C\u00c1 CH\u1ebcM T\u1ea8M GIA V\u1eca CAY V\u00c0 T\u1eceI N\u01af\u1edaNG L\u00d2 TANDOOR<\/title>\n<meta name=\"description\" content=\"M\u00f3n \u0103n \u0111\u1eb7c tr\u01b0ng t\u1eeb \u1ea4n \u0110\u1ed9 t\u1ea1i nh\u00e0 h\u00e0ng Tandoor Vietnam - C\u00e1 ch\u1ebdm t\u1ea9m gia v\u1ecb cay v\u00e0 t\u1ecfi n\u01b0\u1edbng l\u00f2 Tandoor, t\u1ea1o n\u00ean h\u01b0\u01a1ng v\u1ecb \u0111\u1eadm \u0111\u00e0 v\u00e0 h\u1ea5p d\u1eabn.\" \/>\n<meta name=\"robots\" content=\"index, follow, max-snippet:-1, max-image-preview:large, max-video-preview:-1\" \/>\n<link rel=\"canonical\" href=\"https:\/\/tandoorvietnam.com\/vi\/sanpham\/cac-mon-nuong-kebab\/ca-chem-tam-gia-vi-cay-va-toi-nuong-lo-tandoor\/\" \/>\n<meta property=\"og:locale\" content=\"vi_VN\" \/>\n<meta property=\"og:type\" content=\"article\" \/>\n<meta property=\"og:title\" content=\"Fish Kebab (C\u00c1 CH\u1ebcM T\u1ea8M GIA V\u1eca CAY V\u00c0 T\u1eceI N\u01af\u1edaNG L\u00d2 TANDOOR)\" \/>\n<meta property=\"og:description\" content=\"M\u00f3n \u0103n \u0111\u1eb7c tr\u01b0ng t\u1eeb \u1ea4n \u0110\u1ed9 t\u1ea1i nh\u00e0 h\u00e0ng Tandoor Vietnam - C\u00e1 ch\u1ebdm t\u1ea9m gia v\u1ecb cay v\u00e0 t\u1ecfi n\u01b0\u1edbng l\u00f2 Tandoor, t\u1ea1o n\u00ean h\u01b0\u01a1ng v\u1ecb \u0111\u1eadm \u0111\u00e0 v\u00e0 h\u1ea5p d\u1eabn.\" \/>\n<meta property=\"og:url\" content=\"https:\/\/tandoorvietnam.com\/vi\/sanpham\/cac-mon-nuong-kebab\/ca-chem-tam-gia-vi-cay-va-toi-nuong-lo-tandoor\/\" \/>\n<meta property=\"og:site_name\" content=\"Tandoor Vi\u1ec7t Nam\" \/>\n<meta property=\"article:publisher\" content=\"https:\/\/www.facebook.com\/tandoor.hcmc\/\" \/>\n<meta property=\"article:modified_time\" content=\"2023-05-08T10:49:35+00:00\" \/>\n<meta property=\"og:image\" content=\"https:\/\/tandoorvietnam.com\/wp-content\/uploads\/2020\/06\/Fish-kebab.jpg\" \/>\n\t<meta property=\"og:image:width\" content=\"800\" \/>\n\t<meta property=\"og:image:height\" content=\"532\" \/>\n\t<meta property=\"og:image:type\" content=\"image\/jpeg\" \/>\n<meta name=\"twitter:card\" content=\"summary_large_image\" \/>\n<meta name=\"twitter:label1\" content=\"Est. reading time\" \/>\n\t<meta name=\"twitter:data1\" content=\"2 minutes\" \/>\n<script type=\"application\/ld+json\" class=\"yoast-schema-graph\">{\"@context\":\"https:\\\/\\\/schema.org\",\"@graph\":[{\"@type\":\"WebPage\",\"@id\":\"https:\\\/\\\/tandoorvietnam.com\\\/vi\\\/sanpham\\\/cac-mon-nuong-kebab\\\/ca-chem-tam-gia-vi-cay-va-toi-nuong-lo-tandoor\\\/\",\"url\":\"https:\\\/\\\/tandoorvietnam.com\\\/vi\\\/sanpham\\\/cac-mon-nuong-kebab\\\/ca-chem-tam-gia-vi-cay-va-toi-nuong-lo-tandoor\\\/\",\"name\":\"C\u00c1 CH\u1ebcM T\u1ea8M GIA V\u1eca CAY V\u00c0 T\u1eceI N\u01af\u1edaNG L\u00d2 TANDOOR\",\"isPartOf\":{\"@id\":\"https:\\\/\\\/tandoorvietnam.com\\\/vi\\\/#website\"},\"primaryImageOfPage\":{\"@id\":\"https:\\\/\\\/tandoorvietnam.com\\\/vi\\\/sanpham\\\/cac-mon-nuong-kebab\\\/ca-chem-tam-gia-vi-cay-va-toi-nuong-lo-tandoor\\\/#primaryimage\"},\"image\":{\"@id\":\"https:\\\/\\\/tandoorvietnam.com\\\/vi\\\/sanpham\\\/cac-mon-nuong-kebab\\\/ca-chem-tam-gia-vi-cay-va-toi-nuong-lo-tandoor\\\/#primaryimage\"},\"thumbnailUrl\":\"https:\\\/\\\/tandoorvietnam.com\\\/wp-content\\\/uploads\\\/2020\\\/06\\\/Fish-kebab.jpg\",\"datePublished\":\"2021-04-19T04:43:40+00:00\",\"dateModified\":\"2023-05-08T10:49:35+00:00\",\"description\":\"M\u00f3n \u0103n \u0111\u1eb7c tr\u01b0ng t\u1eeb \u1ea4n \u0110\u1ed9 t\u1ea1i nh\u00e0 h\u00e0ng Tandoor Vietnam - C\u00e1 ch\u1ebdm t\u1ea9m gia v\u1ecb cay v\u00e0 t\u1ecfi n\u01b0\u1edbng l\u00f2 Tandoor, t\u1ea1o n\u00ean h\u01b0\u01a1ng v\u1ecb \u0111\u1eadm \u0111\u00e0 v\u00e0 h\u1ea5p d\u1eabn.\",\"breadcrumb\":{\"@id\":\"https:\\\/\\\/tandoorvietnam.com\\\/vi\\\/sanpham\\\/cac-mon-nuong-kebab\\\/ca-chem-tam-gia-vi-cay-va-toi-nuong-lo-tandoor\\\/#breadcrumb\"},\"inLanguage\":\"vi-VN\",\"potentialAction\":[{\"@type\":\"ReadAction\",\"target\":[\"https:\\\/\\\/tandoorvietnam.com\\\/vi\\\/sanpham\\\/cac-mon-nuong-kebab\\\/ca-chem-tam-gia-vi-cay-va-toi-nuong-lo-tandoor\\\/\"]}]},{\"@type\":\"ImageObject\",\"inLanguage\":\"vi-VN\",\"@id\":\"https:\\\/\\\/tandoorvietnam.com\\\/vi\\\/sanpham\\\/cac-mon-nuong-kebab\\\/ca-chem-tam-gia-vi-cay-va-toi-nuong-lo-tandoor\\\/#primaryimage\",\"url\":\"https:\\\/\\\/tandoorvietnam.com\\\/wp-content\\\/uploads\\\/2020\\\/06\\\/Fish-kebab.jpg\",\"contentUrl\":\"https:\\\/\\\/tandoorvietnam.com\\\/wp-content\\\/uploads\\\/2020\\\/06\\\/Fish-kebab.jpg\",\"width\":800,\"height\":532,\"caption\":\"C\u00c1 CH\u1ebcM T\u1ea8M GIA V\u1eca CAY V\u00c0 T\u1eceI N\u01af\u1edaNG L\u00d2 TANDOOR\"},{\"@type\":\"BreadcrumbList\",\"@id\":\"https:\\\/\\\/tandoorvietnam.com\\\/vi\\\/sanpham\\\/cac-mon-nuong-kebab\\\/ca-chem-tam-gia-vi-cay-va-toi-nuong-lo-tandoor\\\/#breadcrumb\",\"itemListElement\":[{\"@type\":\"ListItem\",\"position\":1,\"name\":\"Trang Ch\u1ee7\",\"item\":\"https:\\\/\\\/tandoorvietnam.com\\\/vi\\\/\"},{\"@type\":\"ListItem\",\"position\":2,\"name\":\"Shop\",\"item\":\"https:\\\/\\\/tandoorvietnam.com\\\/shop\\\/\"},{\"@type\":\"ListItem\",\"position\":3,\"name\":\"Fish Kebab (C\u00c1 CH\u1ebcM T\u1ea8M GIA V\u1eca CAY V\u00c0 T\u1eceI N\u01af\u1edaNG L\u00d2 TANDOOR)\"}]},{\"@type\":\"WebSite\",\"@id\":\"https:\\\/\\\/tandoorvietnam.com\\\/vi\\\/#website\",\"url\":\"https:\\\/\\\/tandoorvietnam.com\\\/vi\\\/\",\"name\":\"Tandoor Vietnam\",\"description\":\"Nh\u00e0 h\u00e0ng ngon h\u1ed3 ch\u00ed minh\",\"publisher\":{\"@id\":\"https:\\\/\\\/tandoorvietnam.com\\\/vi\\\/#organization\"},\"potentialAction\":[{\"@type\":\"SearchAction\",\"target\":{\"@type\":\"EntryPoint\",\"urlTemplate\":\"https:\\\/\\\/tandoorvietnam.com\\\/vi\\\/?s={search_term_string}\"},\"query-input\":{\"@type\":\"PropertyValueSpecification\",\"valueRequired\":true,\"valueName\":\"search_term_string\"}}],\"inLanguage\":\"vi-VN\"},{\"@type\":\"Organization\",\"@id\":\"https:\\\/\\\/tandoorvietnam.com\\\/vi\\\/#organization\",\"name\":\"Tandoor Vietnam\",\"url\":\"https:\\\/\\\/tandoorvietnam.com\\\/vi\\\/\",\"logo\":{\"@type\":\"ImageObject\",\"inLanguage\":\"vi-VN\",\"@id\":\"https:\\\/\\\/tandoorvietnam.com\\\/vi\\\/#\\\/schema\\\/logo\\\/image\\\/\",\"url\":\"https:\\\/\\\/tandoorvietnam.com\\\/wp-content\\\/uploads\\\/2020\\\/07\\\/logo.png\",\"contentUrl\":\"https:\\\/\\\/tandoorvietnam.com\\\/wp-content\\\/uploads\\\/2020\\\/07\\\/logo.png\",\"width\":133,\"height\":75,\"caption\":\"Tandoor Vietnam\"},\"image\":{\"@id\":\"https:\\\/\\\/tandoorvietnam.com\\\/vi\\\/#\\\/schema\\\/logo\\\/image\\\/\"},\"sameAs\":[\"https:\\\/\\\/www.facebook.com\\\/tandoor.hcmc\\\/\"]}]}<\/script>\n<!-- \/ Yoast SEO Premium plugin. -->","yoast_head_json":{"title":"C\u00c1 CH\u1ebcM T\u1ea8M GIA V\u1eca CAY V\u00c0 T\u1eceI N\u01af\u1edaNG L\u00d2 TANDOOR","description":"M\u00f3n \u0103n \u0111\u1eb7c tr\u01b0ng t\u1eeb \u1ea4n \u0110\u1ed9 t\u1ea1i nh\u00e0 h\u00e0ng Tandoor Vietnam - C\u00e1 ch\u1ebdm t\u1ea9m gia v\u1ecb cay v\u00e0 t\u1ecfi n\u01b0\u1edbng l\u00f2 Tandoor, t\u1ea1o n\u00ean h\u01b0\u01a1ng v\u1ecb \u0111\u1eadm \u0111\u00e0 v\u00e0 h\u1ea5p d\u1eabn.","robots":{"index":"index","follow":"follow","max-snippet":"max-snippet:-1","max-image-preview":"max-image-preview:large","max-video-preview":"max-video-preview:-1"},"canonical":"https:\/\/tandoorvietnam.com\/vi\/sanpham\/cac-mon-nuong-kebab\/ca-chem-tam-gia-vi-cay-va-toi-nuong-lo-tandoor\/","og_locale":"vi_VN","og_type":"article","og_title":"Fish Kebab (C\u00c1 CH\u1ebcM T\u1ea8M GIA V\u1eca CAY V\u00c0 T\u1eceI N\u01af\u1edaNG L\u00d2 TANDOOR)","og_description":"M\u00f3n \u0103n \u0111\u1eb7c tr\u01b0ng t\u1eeb \u1ea4n \u0110\u1ed9 t\u1ea1i nh\u00e0 h\u00e0ng Tandoor Vietnam - C\u00e1 ch\u1ebdm t\u1ea9m gia v\u1ecb cay v\u00e0 t\u1ecfi n\u01b0\u1edbng l\u00f2 Tandoor, t\u1ea1o n\u00ean h\u01b0\u01a1ng v\u1ecb \u0111\u1eadm \u0111\u00e0 v\u00e0 h\u1ea5p d\u1eabn.","og_url":"https:\/\/tandoorvietnam.com\/vi\/sanpham\/cac-mon-nuong-kebab\/ca-chem-tam-gia-vi-cay-va-toi-nuong-lo-tandoor\/","og_site_name":"Tandoor Vi\u1ec7t Nam","article_publisher":"https:\/\/www.facebook.com\/tandoor.hcmc\/","article_modified_time":"2023-05-08T10:49:35+00:00","og_image":[{"width":800,"height":532,"url":"https:\/\/tandoorvietnam.com\/wp-content\/uploads\/2020\/06\/Fish-kebab.jpg","type":"image\/jpeg"}],"twitter_card":"summary_large_image","twitter_misc":{"Est. reading time":"2 minutes"},"schema":{"@context":"https:\/\/schema.org","@graph":[{"@type":"WebPage","@id":"https:\/\/tandoorvietnam.com\/vi\/sanpham\/cac-mon-nuong-kebab\/ca-chem-tam-gia-vi-cay-va-toi-nuong-lo-tandoor\/","url":"https:\/\/tandoorvietnam.com\/vi\/sanpham\/cac-mon-nuong-kebab\/ca-chem-tam-gia-vi-cay-va-toi-nuong-lo-tandoor\/","name":"C\u00c1 CH\u1ebcM T\u1ea8M GIA V\u1eca CAY V\u00c0 T\u1eceI N\u01af\u1edaNG L\u00d2 TANDOOR","isPartOf":{"@id":"https:\/\/tandoorvietnam.com\/vi\/#website"},"primaryImageOfPage":{"@id":"https:\/\/tandoorvietnam.com\/vi\/sanpham\/cac-mon-nuong-kebab\/ca-chem-tam-gia-vi-cay-va-toi-nuong-lo-tandoor\/#primaryimage"},"image":{"@id":"https:\/\/tandoorvietnam.com\/vi\/sanpham\/cac-mon-nuong-kebab\/ca-chem-tam-gia-vi-cay-va-toi-nuong-lo-tandoor\/#primaryimage"},"thumbnailUrl":"https:\/\/tandoorvietnam.com\/wp-content\/uploads\/2020\/06\/Fish-kebab.jpg","datePublished":"2021-04-19T04:43:40+00:00","dateModified":"2023-05-08T10:49:35+00:00","description":"M\u00f3n \u0103n \u0111\u1eb7c tr\u01b0ng t\u1eeb \u1ea4n \u0110\u1ed9 t\u1ea1i nh\u00e0 h\u00e0ng Tandoor Vietnam - C\u00e1 ch\u1ebdm t\u1ea9m gia v\u1ecb cay v\u00e0 t\u1ecfi n\u01b0\u1edbng l\u00f2 Tandoor, t\u1ea1o n\u00ean h\u01b0\u01a1ng v\u1ecb \u0111\u1eadm \u0111\u00e0 v\u00e0 h\u1ea5p d\u1eabn.","breadcrumb":{"@id":"https:\/\/tandoorvietnam.com\/vi\/sanpham\/cac-mon-nuong-kebab\/ca-chem-tam-gia-vi-cay-va-toi-nuong-lo-tandoor\/#breadcrumb"},"inLanguage":"vi-VN","potentialAction":[{"@type":"ReadAction","target":["https:\/\/tandoorvietnam.com\/vi\/sanpham\/cac-mon-nuong-kebab\/ca-chem-tam-gia-vi-cay-va-toi-nuong-lo-tandoor\/"]}]},{"@type":"ImageObject","inLanguage":"vi-VN","@id":"https:\/\/tandoorvietnam.com\/vi\/sanpham\/cac-mon-nuong-kebab\/ca-chem-tam-gia-vi-cay-va-toi-nuong-lo-tandoor\/#primaryimage","url":"https:\/\/tandoorvietnam.com\/wp-content\/uploads\/2020\/06\/Fish-kebab.jpg","contentUrl":"https:\/\/tandoorvietnam.com\/wp-content\/uploads\/2020\/06\/Fish-kebab.jpg","width":800,"height":532,"caption":"C\u00c1 CH\u1ebcM T\u1ea8M GIA V\u1eca CAY V\u00c0 T\u1eceI N\u01af\u1edaNG L\u00d2 TANDOOR"},{"@type":"BreadcrumbList","@id":"https:\/\/tandoorvietnam.com\/vi\/sanpham\/cac-mon-nuong-kebab\/ca-chem-tam-gia-vi-cay-va-toi-nuong-lo-tandoor\/#breadcrumb","itemListElement":[{"@type":"ListItem","position":1,"name":"Trang Ch\u1ee7","item":"https:\/\/tandoorvietnam.com\/vi\/"},{"@type":"ListItem","position":2,"name":"Shop","item":"https:\/\/tandoorvietnam.com\/shop\/"},{"@type":"ListItem","position":3,"name":"Fish Kebab (C\u00c1 CH\u1ebcM T\u1ea8M GIA V\u1eca CAY V\u00c0 T\u1eceI N\u01af\u1edaNG L\u00d2 TANDOOR)"}]},{"@type":"WebSite","@id":"https:\/\/tandoorvietnam.com\/vi\/#website","url":"https:\/\/tandoorvietnam.com\/vi\/","name":"Tandoor Vietnam","description":"Nh\u00e0 h\u00e0ng ngon h\u1ed3 ch\u00ed minh","publisher":{"@id":"https:\/\/tandoorvietnam.com\/vi\/#organization"},"potentialAction":[{"@type":"SearchAction","target":{"@type":"EntryPoint","urlTemplate":"https:\/\/tandoorvietnam.com\/vi\/?s={search_term_string}"},"query-input":{"@type":"PropertyValueSpecification","valueRequired":true,"valueName":"search_term_string"}}],"inLanguage":"vi-VN"},{"@type":"Organization","@id":"https:\/\/tandoorvietnam.com\/vi\/#organization","name":"Tandoor Vietnam","url":"https:\/\/tandoorvietnam.com\/vi\/","logo":{"@type":"ImageObject","inLanguage":"vi-VN","@id":"https:\/\/tandoorvietnam.com\/vi\/#\/schema\/logo\/image\/","url":"https:\/\/tandoorvietnam.com\/wp-content\/uploads\/2020\/07\/logo.png","contentUrl":"https:\/\/tandoorvietnam.com\/wp-content\/uploads\/2020\/07\/logo.png","width":133,"height":75,"caption":"Tandoor Vietnam"},"image":{"@id":"https:\/\/tandoorvietnam.com\/vi\/#\/schema\/logo\/image\/"},"sameAs":["https:\/\/www.facebook.com\/tandoor.hcmc\/"]}]}},"_links":{"self":[{"href":"https:\/\/tandoorvietnam.com\/vi\/wp-json\/wp\/v2\/product\/3309","targetHints":{"allow":["GET"]}}],"collection":[{"href":"https:\/\/tandoorvietnam.com\/vi\/wp-json\/wp\/v2\/product"}],"about":[{"href":"https:\/\/tandoorvietnam.com\/vi\/wp-json\/wp\/v2\/types\/product"}],"wp:featuredmedia":[{"embeddable":true,"href":"https:\/\/tandoorvietnam.com\/vi\/wp-json\/wp\/v2\/media\/3310"}],"wp:attachment":[{"href":"https:\/\/tandoorvietnam.com\/vi\/wp-json\/wp\/v2\/media?parent=3309"}],"wp:term":[{"taxonomy":"product_brand","embeddable":true,"href":"https:\/\/tandoorvietnam.com\/vi\/wp-json\/wp\/v2\/product_brand?post=3309"},{"taxonomy":"product_cat","embeddable":true,"href":"https:\/\/tandoorvietnam.com\/vi\/wp-json\/wp\/v2\/product_cat?post=3309"},{"taxonomy":"product_tag","embeddable":true,"href":"https:\/\/tandoorvietnam.com\/vi\/wp-json\/wp\/v2\/product_tag?post=3309"}],"curies":[{"name":"wp","href":"https:\/\/api.w.org\/{rel}","templated":true}]}}