{"id":3313,"date":"2020-06-20T10:37:54","date_gmt":"2021-04-19T04:49:49","guid":{"rendered":"http:\/\/tandoorvietnam.com\/product\/uncategorized\/pho-mai-trang-khoai-tay-bo-xoi-nhuyen-tam-gia-vi-cay-nuong-lo-tandoor\/"},"modified":"2023-05-09T09:09:00","modified_gmt":"2023-05-09T09:09:00","slug":"pho-mai-trang-khoai-tay-bo-xoi-nhuyen-tam-gia-vi-cay-nuong-lo-tandoor","status":"publish","type":"product","link":"https:\/\/tandoorvietnam.com\/vi\/sanpham\/cac-mon-nuong-kebab\/pho-mai-trang-khoai-tay-bo-xoi-nhuyen-tam-gia-vi-cay-nuong-lo-tandoor\/","title":{"rendered":"Hara Seekh Kebab (PH\u00d4 MAI TR\u1eaeNG, KHOAI T\u00c2Y, B\u00d3 X\u00d4I NHUY\u1ec4N T\u1ea8M GIA V\u1eca CAY N\u01af\u1edaNG L\u00d2 TANDOOR)"},"content":{"rendered":"<p>M\u00f3n \u0103n v\u00f4 c\u00f9ng th\u01a1m ngon v\u00e0 \u0111\u1eb7c bi\u1ec7t n\u00e0y t\u1ea1i Tandoor Vietnam s\u1ebd khi\u1ebfn b\u1ea1n kh\u00f4ng th\u1ec3 b\u1ecf l\u1ee1. \u0110\u01b0\u1ee3c ch\u1ebf bi\u1ebfn t\u1eeb nh\u1eefng nguy\u00ean li\u1ec7u t\u01b0\u01a1i ngon nh\u1ea5t, ph\u00f4 mai tr\u1eafng b\u00e9o ng\u1eady c\u00f9ng v\u1edbi khoai t\u00e2y v\u00e0 b\u00f3 x\u00f4i nhuy\u1ec5n \u0111\u01b0\u1ee3c t\u1ea9m gia v\u1ecb cay, \u0111\u01b0\u1ee3c \u01b0\u1edbp v\u00e0 n\u01b0\u1edbng ch\u00edn s\u00e2u trong l\u00f2 Tandoor \u0111\u1ebfn khi m\u1ec1m v\u00e0 th\u01a1m ngon. H\u01b0\u01a1ng v\u1ecb cay n\u1ed3ng \u0111\u1eb7c tr\u01b0ng c\u1ee7a gia v\u1ecb \u1ea4n \u0110\u1ed9 s\u1ebd \u0111\u01b0a b\u1ea1n \u0111\u1ebfn v\u1edbi m\u1ed9t tr\u1ea3i nghi\u1ec7m \u1ea9m th\u1ef1c \u0111\u1ea7y th\u00fa v\u1ecb.<\/p>\n<p>Ph\u00f4 mai tr\u1eafng \u0111\u01b0\u1ee3c s\u1eed d\u1ee5ng trong m\u00f3n \u0103n n\u00e0y t\u1ea1o ra m\u1ed9t h\u01b0\u01a1ng v\u1ecb b\u00e9o ng\u1eady \u0111\u1eb7c tr\u01b0ng. B\u00ean c\u1ea1nh \u0111\u00f3, khoai t\u00e2y v\u00e0 b\u00f3 x\u00f4i nhuy\u1ec5n t\u1ea9m gia v\u1ecb cay n\u01b0\u1edbng c\u0169ng l\u00e0 m\u1ed9t s\u1ef1 k\u1ebft h\u1ee3p ho\u00e0n h\u1ea3o gi\u1eefa c\u00e1c nguy\u00ean li\u1ec7u. C\u00e1c gia v\u1ecb \u0111\u01b0\u1ee3c t\u1ea9m \u01b0\u1edbp k\u1ef9 l\u01b0\u1ee1ng, bao g\u1ed3m c\u00e0 ri, \u1edbt, h\u1ea1t ti\u00eau \u0111en v\u00e0 h\u00e0nh t\u00e2y, mang \u0111\u1ebfn h\u01b0\u01a1ng v\u1ecb cay n\u1ed3ng \u0111\u1eb7c tr\u01b0ng c\u1ee7a \u1ea4n \u0110\u1ed9.<\/p>\n<p>M\u00f3n \u0103n n\u00e0y \u0111\u01b0\u1ee3c ch\u1ebf bi\u1ebfn t\u1ea1i Tandoor Vietnam v\u1edbi s\u1ef1 k\u1ebft h\u1ee3p c\u1ee7a c\u00e1c nguy\u00ean li\u1ec7u ch\u1ea5t l\u01b0\u1ee3ng cao v\u00e0 k\u1ef9 thu\u1eadt n\u01b0\u1edbng trong l\u00f2 Tandoor \u0111\u1eb7c bi\u1ec7t.<\/p>\n<p>V\u1edbi v\u1ecb ngon \u0111\u1eb7c tr\u01b0ng c\u1ee7a ph\u00f4 mai tr\u1eafng, khoai t\u00e2y v\u00e0 b\u00f3 x\u00f4i nhuy\u1ec5n t\u1ea9m gia v\u1ecb cay n\u01b0\u1edbng, m\u00f3n \u0103n n\u00e0y s\u1ebd khi\u1ebfn b\u1ea1n th\u1ef1c s\u1ef1 th\u00edch th\u00fa v\u00e0 mu\u1ed1n th\u1eed l\u1ea1i l\u1ea7n sau. H\u00e3y \u0111\u1ebfn <a href=\"https:\/\/tandoorvietnam.com\/\">Tandoor Vietnam<\/a> \u0111\u1ec3 th\u01b0\u1edfng th\u1ee9c m\u00f3n \u0103n \u0111\u1eb7c s\u1eafc n\u00e0y v\u00e0 tr\u1ea3i nghi\u1ec7m \u1ea9m th\u1ef1c \u1ea4n \u0110\u1ed9 t\u1ea1i \u0111\u00e2y.<\/p>\n","protected":false},"excerpt":{"rendered":"<p>&nbsp;<\/p>\n<table width=\"723\">\n<tbody>\n<tr>\n<td width=\"412\">Minced vegetables with spinach and cottage cheese grilled in Tandoor oven<\/td>\n<\/tr>\n<tr>\n<td width=\"412\"><em>Phomat tr\u1eafng + khoai t\u00e2y + b\u00f3 x\u00f4i nhuy\u1ec5n t\u1ea9m gia v\u1ecb cay n\u01b0\u1edbng s\u00e2u trong l\u00f2 Tandoor<\/em><\/td>\n<\/tr>\n<\/tbody>\n<\/table>\n","protected":false},"featured_media":3314,"template":"","meta":[],"product_brand":[],"product_cat":[228],"product_tag":[],"class_list":{"0":"post-3313","1":"product","2":"type-product","3":"status-publish","4":"has-post-thumbnail","6":"product_cat-cac-mon-nuong-kebab","8":"first","9":"instock","10":"taxable","11":"shipping-taxable","12":"purchasable","13":"product-type-simple"},"yoast_head":"<!-- This site is optimized with the Yoast SEO Premium plugin v22.3 (Yoast SEO v27.4) - https:\/\/yoast.com\/product\/yoast-seo-premium-wordpress\/ -->\n<title>PH\u00d4 MAI TR\u1eaeNG, KHOAI T\u00c2Y, B\u00d3 X\u00d4I T\u1ea8M GIA V\u1eca CAY<\/title>\n<meta name=\"description\" content=\"Th\u01b0\u1edfng th\u1ee9c m\u00f3n ph\u00f4 mai tr\u1eafng, khoai t\u00e2y v\u00e0 b\u00f3 x\u00f4i nhuy\u1ec5n t\u1ea9m gia v\u1ecb cay n\u01b0\u1edbng s\u00e2u trong l\u00f2 Tandoor t\u1ea1i Tandoor Vietnam. H\u00e3y \u0111\u1ebfn v\u00e0 tr\u1ea3i nghi\u1ec7m ngay!\" \/>\n<meta name=\"robots\" content=\"index, follow, max-snippet:-1, max-image-preview:large, max-video-preview:-1\" \/>\n<link rel=\"canonical\" href=\"https:\/\/tandoorvietnam.com\/vi\/sanpham\/cac-mon-nuong-kebab\/pho-mai-trang-khoai-tay-bo-xoi-nhuyen-tam-gia-vi-cay-nuong-lo-tandoor\/\" \/>\n<meta property=\"og:locale\" content=\"vi_VN\" \/>\n<meta property=\"og:type\" content=\"article\" \/>\n<meta property=\"og:title\" content=\"Hara Seekh Kebab (PH\u00d4 MAI TR\u1eaeNG, KHOAI T\u00c2Y, B\u00d3 X\u00d4I NHUY\u1ec4N T\u1ea8M GIA V\u1eca CAY N\u01af\u1edaNG L\u00d2 TANDOOR)\" \/>\n<meta property=\"og:description\" content=\"Th\u01b0\u1edfng th\u1ee9c m\u00f3n ph\u00f4 mai tr\u1eafng, khoai t\u00e2y v\u00e0 b\u00f3 x\u00f4i nhuy\u1ec5n t\u1ea9m gia v\u1ecb cay n\u01b0\u1edbng s\u00e2u trong l\u00f2 Tandoor t\u1ea1i Tandoor Vietnam. H\u00e3y \u0111\u1ebfn v\u00e0 tr\u1ea3i nghi\u1ec7m ngay!\" \/>\n<meta property=\"og:url\" content=\"https:\/\/tandoorvietnam.com\/vi\/sanpham\/cac-mon-nuong-kebab\/pho-mai-trang-khoai-tay-bo-xoi-nhuyen-tam-gia-vi-cay-nuong-lo-tandoor\/\" \/>\n<meta property=\"og:site_name\" content=\"Tandoor Vi\u1ec7t Nam\" \/>\n<meta property=\"article:publisher\" content=\"https:\/\/www.facebook.com\/tandoor.hcmc\/\" \/>\n<meta property=\"article:modified_time\" content=\"2023-05-09T09:09:00+00:00\" \/>\n<meta property=\"og:image\" content=\"https:\/\/tandoorvietnam.com\/wp-content\/uploads\/2020\/06\/Hara-Seekh-Kebab.jpg\" \/>\n\t<meta property=\"og:image:width\" content=\"800\" \/>\n\t<meta property=\"og:image:height\" content=\"533\" \/>\n\t<meta property=\"og:image:type\" content=\"image\/jpeg\" \/>\n<meta name=\"twitter:card\" content=\"summary_large_image\" \/>\n<meta name=\"twitter:label1\" content=\"Est. reading time\" \/>\n\t<meta name=\"twitter:data1\" content=\"2 minutes\" \/>\n<script type=\"application\/ld+json\" class=\"yoast-schema-graph\">{\"@context\":\"https:\\\/\\\/schema.org\",\"@graph\":[{\"@type\":\"WebPage\",\"@id\":\"https:\\\/\\\/tandoorvietnam.com\\\/vi\\\/sanpham\\\/cac-mon-nuong-kebab\\\/pho-mai-trang-khoai-tay-bo-xoi-nhuyen-tam-gia-vi-cay-nuong-lo-tandoor\\\/\",\"url\":\"https:\\\/\\\/tandoorvietnam.com\\\/vi\\\/sanpham\\\/cac-mon-nuong-kebab\\\/pho-mai-trang-khoai-tay-bo-xoi-nhuyen-tam-gia-vi-cay-nuong-lo-tandoor\\\/\",\"name\":\"PH\u00d4 MAI TR\u1eaeNG, KHOAI T\u00c2Y, B\u00d3 X\u00d4I T\u1ea8M GIA V\u1eca CAY\",\"isPartOf\":{\"@id\":\"https:\\\/\\\/tandoorvietnam.com\\\/vi\\\/#website\"},\"primaryImageOfPage\":{\"@id\":\"https:\\\/\\\/tandoorvietnam.com\\\/vi\\\/sanpham\\\/cac-mon-nuong-kebab\\\/pho-mai-trang-khoai-tay-bo-xoi-nhuyen-tam-gia-vi-cay-nuong-lo-tandoor\\\/#primaryimage\"},\"image\":{\"@id\":\"https:\\\/\\\/tandoorvietnam.com\\\/vi\\\/sanpham\\\/cac-mon-nuong-kebab\\\/pho-mai-trang-khoai-tay-bo-xoi-nhuyen-tam-gia-vi-cay-nuong-lo-tandoor\\\/#primaryimage\"},\"thumbnailUrl\":\"https:\\\/\\\/tandoorvietnam.com\\\/wp-content\\\/uploads\\\/2020\\\/06\\\/Hara-Seekh-Kebab.jpg\",\"datePublished\":\"2021-04-19T04:49:49+00:00\",\"dateModified\":\"2023-05-09T09:09:00+00:00\",\"description\":\"Th\u01b0\u1edfng th\u1ee9c m\u00f3n ph\u00f4 mai tr\u1eafng, khoai t\u00e2y v\u00e0 b\u00f3 x\u00f4i nhuy\u1ec5n t\u1ea9m gia v\u1ecb cay n\u01b0\u1edbng s\u00e2u trong l\u00f2 Tandoor t\u1ea1i Tandoor Vietnam. H\u00e3y \u0111\u1ebfn v\u00e0 tr\u1ea3i nghi\u1ec7m ngay!\",\"breadcrumb\":{\"@id\":\"https:\\\/\\\/tandoorvietnam.com\\\/vi\\\/sanpham\\\/cac-mon-nuong-kebab\\\/pho-mai-trang-khoai-tay-bo-xoi-nhuyen-tam-gia-vi-cay-nuong-lo-tandoor\\\/#breadcrumb\"},\"inLanguage\":\"vi-VN\",\"potentialAction\":[{\"@type\":\"ReadAction\",\"target\":[\"https:\\\/\\\/tandoorvietnam.com\\\/vi\\\/sanpham\\\/cac-mon-nuong-kebab\\\/pho-mai-trang-khoai-tay-bo-xoi-nhuyen-tam-gia-vi-cay-nuong-lo-tandoor\\\/\"]}]},{\"@type\":\"ImageObject\",\"inLanguage\":\"vi-VN\",\"@id\":\"https:\\\/\\\/tandoorvietnam.com\\\/vi\\\/sanpham\\\/cac-mon-nuong-kebab\\\/pho-mai-trang-khoai-tay-bo-xoi-nhuyen-tam-gia-vi-cay-nuong-lo-tandoor\\\/#primaryimage\",\"url\":\"https:\\\/\\\/tandoorvietnam.com\\\/wp-content\\\/uploads\\\/2020\\\/06\\\/Hara-Seekh-Kebab.jpg\",\"contentUrl\":\"https:\\\/\\\/tandoorvietnam.com\\\/wp-content\\\/uploads\\\/2020\\\/06\\\/Hara-Seekh-Kebab.jpg\",\"width\":800,\"height\":533,\"caption\":\"PH\u00d4 MAI TR\u1eaeNG, KHOAI T\u00c2Y, B\u00d3 X\u00d4I NHUY\u1ec4N T\u1ea8M GIA V\u1eca CAY N\u01af\u1edaNG L\u00d2 TANDOOR\"},{\"@type\":\"BreadcrumbList\",\"@id\":\"https:\\\/\\\/tandoorvietnam.com\\\/vi\\\/sanpham\\\/cac-mon-nuong-kebab\\\/pho-mai-trang-khoai-tay-bo-xoi-nhuyen-tam-gia-vi-cay-nuong-lo-tandoor\\\/#breadcrumb\",\"itemListElement\":[{\"@type\":\"ListItem\",\"position\":1,\"name\":\"Trang Ch\u1ee7\",\"item\":\"https:\\\/\\\/tandoorvietnam.com\\\/vi\\\/\"},{\"@type\":\"ListItem\",\"position\":2,\"name\":\"Shop\",\"item\":\"https:\\\/\\\/tandoorvietnam.com\\\/shop\\\/\"},{\"@type\":\"ListItem\",\"position\":3,\"name\":\"Hara Seekh Kebab (PH\u00d4 MAI TR\u1eaeNG, KHOAI T\u00c2Y, B\u00d3 X\u00d4I NHUY\u1ec4N T\u1ea8M GIA V\u1eca CAY N\u01af\u1edaNG L\u00d2 TANDOOR)\"}]},{\"@type\":\"WebSite\",\"@id\":\"https:\\\/\\\/tandoorvietnam.com\\\/vi\\\/#website\",\"url\":\"https:\\\/\\\/tandoorvietnam.com\\\/vi\\\/\",\"name\":\"Tandoor Vietnam\",\"description\":\"Nh\u00e0 h\u00e0ng ngon h\u1ed3 ch\u00ed minh\",\"publisher\":{\"@id\":\"https:\\\/\\\/tandoorvietnam.com\\\/vi\\\/#organization\"},\"potentialAction\":[{\"@type\":\"SearchAction\",\"target\":{\"@type\":\"EntryPoint\",\"urlTemplate\":\"https:\\\/\\\/tandoorvietnam.com\\\/vi\\\/?s={search_term_string}\"},\"query-input\":{\"@type\":\"PropertyValueSpecification\",\"valueRequired\":true,\"valueName\":\"search_term_string\"}}],\"inLanguage\":\"vi-VN\"},{\"@type\":\"Organization\",\"@id\":\"https:\\\/\\\/tandoorvietnam.com\\\/vi\\\/#organization\",\"name\":\"Tandoor Vietnam\",\"url\":\"https:\\\/\\\/tandoorvietnam.com\\\/vi\\\/\",\"logo\":{\"@type\":\"ImageObject\",\"inLanguage\":\"vi-VN\",\"@id\":\"https:\\\/\\\/tandoorvietnam.com\\\/vi\\\/#\\\/schema\\\/logo\\\/image\\\/\",\"url\":\"https:\\\/\\\/tandoorvietnam.com\\\/wp-content\\\/uploads\\\/2020\\\/07\\\/logo.png\",\"contentUrl\":\"https:\\\/\\\/tandoorvietnam.com\\\/wp-content\\\/uploads\\\/2020\\\/07\\\/logo.png\",\"width\":133,\"height\":75,\"caption\":\"Tandoor Vietnam\"},\"image\":{\"@id\":\"https:\\\/\\\/tandoorvietnam.com\\\/vi\\\/#\\\/schema\\\/logo\\\/image\\\/\"},\"sameAs\":[\"https:\\\/\\\/www.facebook.com\\\/tandoor.hcmc\\\/\"]}]}<\/script>\n<!-- \/ Yoast SEO Premium plugin. -->","yoast_head_json":{"title":"PH\u00d4 MAI TR\u1eaeNG, KHOAI T\u00c2Y, B\u00d3 X\u00d4I T\u1ea8M GIA V\u1eca CAY","description":"Th\u01b0\u1edfng th\u1ee9c m\u00f3n ph\u00f4 mai tr\u1eafng, khoai t\u00e2y v\u00e0 b\u00f3 x\u00f4i nhuy\u1ec5n t\u1ea9m gia v\u1ecb cay n\u01b0\u1edbng s\u00e2u trong l\u00f2 Tandoor t\u1ea1i Tandoor Vietnam. H\u00e3y \u0111\u1ebfn v\u00e0 tr\u1ea3i nghi\u1ec7m ngay!","robots":{"index":"index","follow":"follow","max-snippet":"max-snippet:-1","max-image-preview":"max-image-preview:large","max-video-preview":"max-video-preview:-1"},"canonical":"https:\/\/tandoorvietnam.com\/vi\/sanpham\/cac-mon-nuong-kebab\/pho-mai-trang-khoai-tay-bo-xoi-nhuyen-tam-gia-vi-cay-nuong-lo-tandoor\/","og_locale":"vi_VN","og_type":"article","og_title":"Hara Seekh Kebab (PH\u00d4 MAI TR\u1eaeNG, KHOAI T\u00c2Y, B\u00d3 X\u00d4I NHUY\u1ec4N T\u1ea8M GIA V\u1eca CAY N\u01af\u1edaNG L\u00d2 TANDOOR)","og_description":"Th\u01b0\u1edfng th\u1ee9c m\u00f3n ph\u00f4 mai tr\u1eafng, khoai t\u00e2y v\u00e0 b\u00f3 x\u00f4i nhuy\u1ec5n t\u1ea9m gia v\u1ecb cay n\u01b0\u1edbng s\u00e2u trong l\u00f2 Tandoor t\u1ea1i Tandoor Vietnam. H\u00e3y \u0111\u1ebfn v\u00e0 tr\u1ea3i nghi\u1ec7m ngay!","og_url":"https:\/\/tandoorvietnam.com\/vi\/sanpham\/cac-mon-nuong-kebab\/pho-mai-trang-khoai-tay-bo-xoi-nhuyen-tam-gia-vi-cay-nuong-lo-tandoor\/","og_site_name":"Tandoor Vi\u1ec7t Nam","article_publisher":"https:\/\/www.facebook.com\/tandoor.hcmc\/","article_modified_time":"2023-05-09T09:09:00+00:00","og_image":[{"width":800,"height":533,"url":"https:\/\/tandoorvietnam.com\/wp-content\/uploads\/2020\/06\/Hara-Seekh-Kebab.jpg","type":"image\/jpeg"}],"twitter_card":"summary_large_image","twitter_misc":{"Est. reading time":"2 minutes"},"schema":{"@context":"https:\/\/schema.org","@graph":[{"@type":"WebPage","@id":"https:\/\/tandoorvietnam.com\/vi\/sanpham\/cac-mon-nuong-kebab\/pho-mai-trang-khoai-tay-bo-xoi-nhuyen-tam-gia-vi-cay-nuong-lo-tandoor\/","url":"https:\/\/tandoorvietnam.com\/vi\/sanpham\/cac-mon-nuong-kebab\/pho-mai-trang-khoai-tay-bo-xoi-nhuyen-tam-gia-vi-cay-nuong-lo-tandoor\/","name":"PH\u00d4 MAI TR\u1eaeNG, KHOAI T\u00c2Y, B\u00d3 X\u00d4I T\u1ea8M GIA V\u1eca CAY","isPartOf":{"@id":"https:\/\/tandoorvietnam.com\/vi\/#website"},"primaryImageOfPage":{"@id":"https:\/\/tandoorvietnam.com\/vi\/sanpham\/cac-mon-nuong-kebab\/pho-mai-trang-khoai-tay-bo-xoi-nhuyen-tam-gia-vi-cay-nuong-lo-tandoor\/#primaryimage"},"image":{"@id":"https:\/\/tandoorvietnam.com\/vi\/sanpham\/cac-mon-nuong-kebab\/pho-mai-trang-khoai-tay-bo-xoi-nhuyen-tam-gia-vi-cay-nuong-lo-tandoor\/#primaryimage"},"thumbnailUrl":"https:\/\/tandoorvietnam.com\/wp-content\/uploads\/2020\/06\/Hara-Seekh-Kebab.jpg","datePublished":"2021-04-19T04:49:49+00:00","dateModified":"2023-05-09T09:09:00+00:00","description":"Th\u01b0\u1edfng th\u1ee9c m\u00f3n ph\u00f4 mai tr\u1eafng, khoai t\u00e2y v\u00e0 b\u00f3 x\u00f4i nhuy\u1ec5n t\u1ea9m gia v\u1ecb cay n\u01b0\u1edbng s\u00e2u trong l\u00f2 Tandoor t\u1ea1i Tandoor Vietnam. H\u00e3y \u0111\u1ebfn v\u00e0 tr\u1ea3i nghi\u1ec7m ngay!","breadcrumb":{"@id":"https:\/\/tandoorvietnam.com\/vi\/sanpham\/cac-mon-nuong-kebab\/pho-mai-trang-khoai-tay-bo-xoi-nhuyen-tam-gia-vi-cay-nuong-lo-tandoor\/#breadcrumb"},"inLanguage":"vi-VN","potentialAction":[{"@type":"ReadAction","target":["https:\/\/tandoorvietnam.com\/vi\/sanpham\/cac-mon-nuong-kebab\/pho-mai-trang-khoai-tay-bo-xoi-nhuyen-tam-gia-vi-cay-nuong-lo-tandoor\/"]}]},{"@type":"ImageObject","inLanguage":"vi-VN","@id":"https:\/\/tandoorvietnam.com\/vi\/sanpham\/cac-mon-nuong-kebab\/pho-mai-trang-khoai-tay-bo-xoi-nhuyen-tam-gia-vi-cay-nuong-lo-tandoor\/#primaryimage","url":"https:\/\/tandoorvietnam.com\/wp-content\/uploads\/2020\/06\/Hara-Seekh-Kebab.jpg","contentUrl":"https:\/\/tandoorvietnam.com\/wp-content\/uploads\/2020\/06\/Hara-Seekh-Kebab.jpg","width":800,"height":533,"caption":"PH\u00d4 MAI TR\u1eaeNG, KHOAI T\u00c2Y, B\u00d3 X\u00d4I NHUY\u1ec4N T\u1ea8M GIA V\u1eca CAY N\u01af\u1edaNG L\u00d2 TANDOOR"},{"@type":"BreadcrumbList","@id":"https:\/\/tandoorvietnam.com\/vi\/sanpham\/cac-mon-nuong-kebab\/pho-mai-trang-khoai-tay-bo-xoi-nhuyen-tam-gia-vi-cay-nuong-lo-tandoor\/#breadcrumb","itemListElement":[{"@type":"ListItem","position":1,"name":"Trang Ch\u1ee7","item":"https:\/\/tandoorvietnam.com\/vi\/"},{"@type":"ListItem","position":2,"name":"Shop","item":"https:\/\/tandoorvietnam.com\/shop\/"},{"@type":"ListItem","position":3,"name":"Hara Seekh Kebab (PH\u00d4 MAI TR\u1eaeNG, KHOAI T\u00c2Y, B\u00d3 X\u00d4I NHUY\u1ec4N T\u1ea8M GIA V\u1eca CAY N\u01af\u1edaNG L\u00d2 TANDOOR)"}]},{"@type":"WebSite","@id":"https:\/\/tandoorvietnam.com\/vi\/#website","url":"https:\/\/tandoorvietnam.com\/vi\/","name":"Tandoor Vietnam","description":"Nh\u00e0 h\u00e0ng ngon h\u1ed3 ch\u00ed minh","publisher":{"@id":"https:\/\/tandoorvietnam.com\/vi\/#organization"},"potentialAction":[{"@type":"SearchAction","target":{"@type":"EntryPoint","urlTemplate":"https:\/\/tandoorvietnam.com\/vi\/?s={search_term_string}"},"query-input":{"@type":"PropertyValueSpecification","valueRequired":true,"valueName":"search_term_string"}}],"inLanguage":"vi-VN"},{"@type":"Organization","@id":"https:\/\/tandoorvietnam.com\/vi\/#organization","name":"Tandoor Vietnam","url":"https:\/\/tandoorvietnam.com\/vi\/","logo":{"@type":"ImageObject","inLanguage":"vi-VN","@id":"https:\/\/tandoorvietnam.com\/vi\/#\/schema\/logo\/image\/","url":"https:\/\/tandoorvietnam.com\/wp-content\/uploads\/2020\/07\/logo.png","contentUrl":"https:\/\/tandoorvietnam.com\/wp-content\/uploads\/2020\/07\/logo.png","width":133,"height":75,"caption":"Tandoor Vietnam"},"image":{"@id":"https:\/\/tandoorvietnam.com\/vi\/#\/schema\/logo\/image\/"},"sameAs":["https:\/\/www.facebook.com\/tandoor.hcmc\/"]}]}},"_links":{"self":[{"href":"https:\/\/tandoorvietnam.com\/vi\/wp-json\/wp\/v2\/product\/3313","targetHints":{"allow":["GET"]}}],"collection":[{"href":"https:\/\/tandoorvietnam.com\/vi\/wp-json\/wp\/v2\/product"}],"about":[{"href":"https:\/\/tandoorvietnam.com\/vi\/wp-json\/wp\/v2\/types\/product"}],"wp:featuredmedia":[{"embeddable":true,"href":"https:\/\/tandoorvietnam.com\/vi\/wp-json\/wp\/v2\/media\/3314"}],"wp:attachment":[{"href":"https:\/\/tandoorvietnam.com\/vi\/wp-json\/wp\/v2\/media?parent=3313"}],"wp:term":[{"taxonomy":"product_brand","embeddable":true,"href":"https:\/\/tandoorvietnam.com\/vi\/wp-json\/wp\/v2\/product_brand?post=3313"},{"taxonomy":"product_cat","embeddable":true,"href":"https:\/\/tandoorvietnam.com\/vi\/wp-json\/wp\/v2\/product_cat?post=3313"},{"taxonomy":"product_tag","embeddable":true,"href":"https:\/\/tandoorvietnam.com\/vi\/wp-json\/wp\/v2\/product_tag?post=3313"}],"curies":[{"name":"wp","href":"https:\/\/api.w.org\/{rel}","templated":true}]}}