{"id":3316,"date":"2020-06-20T10:59:21","date_gmt":"2021-04-19T04:53:26","guid":{"rendered":"http:\/\/tandoorvietnam.com\/product\/uncategorized\/filet-ga-uop-bo-xoi-va-gia-vi-cay-nuong-lo-tandoor\/"},"modified":"2023-05-11T04:40:29","modified_gmt":"2023-05-11T04:40:29","slug":"filet-ga-uop-bo-xoi-va-gia-vi-cay-nuong-lo-tandoor","status":"publish","type":"product","link":"https:\/\/tandoorvietnam.com\/vi\/sanpham\/cac-mon-nuong-kebab\/filet-ga-uop-bo-xoi-va-gia-vi-cay-nuong-lo-tandoor\/","title":{"rendered":"Hariyali Kebab (FILET G\u00c0 \u01af\u1edaP B\u00d3 X\u00d4I V\u00c0 GIA V\u1eca CAY N\u01af\u1edaNG L\u00d2 TANDOOR)"},"content":{"rendered":"<p>Filet g\u00e0 \u01b0\u1edbp b\u00f3 x\u00f4i v\u00e0 gia v\u1ecb cay n\u01b0\u1edbng l\u00f2 Tandoor l\u00e0 m\u00f3n \u0103n \u0111\u1eb7c s\u1eafc \u0111\u1ebfn t\u1eeb <a href=\"https:\/\/tandoorvietnam.com\/\">nh\u00e0 h\u00e0ng \u1ea4n \u0110\u1ed9 Tandoor Vietnam<\/a>. V\u1edbi s\u1ef1 k\u1ebft h\u1ee3p h\u00e0i h\u00f2a gi\u1eefa v\u1ecb cay, ng\u1ecdt v\u00e0 \u0111\u1eadm \u0111\u00e0 c\u1ee7a gia v\u1ecb c\u00f9ng v\u1edbi s\u1ef1 gi\u00f2n tan c\u1ee7a b\u00f3 x\u00f4i v\u00e0 th\u1ecbt g\u00e0, m\u00f3n \u0103n n\u00e0y s\u1ebd chinh ph\u1ee5c \u0111\u01b0\u1ee3c s\u1ef1 y\u00eau th\u00edch c\u1ee7a nh\u1eefng th\u1ef1c kh\u00e1ch kh\u00f3 t\u00ednh nh\u1ea5t.<\/p>\n<p>Ch\u1ebf bi\u1ebfn m\u00f3n \u0103n n\u00e0y c\u0169ng \u0111\u1eb7c bi\u1ec7t v\u00e0 tinh t\u1ebf. G\u00e0 \u0111\u01b0\u1ee3c \u01b0\u1edbp v\u1edbi c\u00e1c gia v\u1ecb cay nh\u01b0 \u1edbt, h\u1ea1t ti\u00eau \u0111en, h\u00e0nh t\u00e2y v\u00e0 t\u1ecfi. Sau \u0111\u00f3, th\u1ecbt g\u00e0 \u0111\u01b0\u1ee3c b\u1ecdc trong l\u1edbp b\u00f3 x\u00f4i, t\u1ea1o ra m\u1ed9t m\u00f3n \u0103n v\u1eeba ngon v\u1eeba l\u1ea1 m\u1eaft.<\/p>\n<p>Sau khi \u0111\u01b0\u1ee3c \u01b0\u1edbp gia v\u1ecb, b\u00f3 x\u00f4i v\u00e0 g\u00e0 \u0111\u01b0\u1ee3c \u0111\u01b0a v\u00e0o l\u00f2 n\u01b0\u1edbng Tandoor, n\u01a1i c\u00f3 nhi\u1ec7t \u0111\u1ed9 cao v\u00e0 s\u1ef1 truy\u1ec1n nhi\u1ec7t \u0111\u1ec1u. \u0110i\u1ec1u n\u00e0y gi\u00fap th\u1ecbt g\u00e0 ch\u00edn \u0111\u1ec1u, gi\u1eef \u0111\u01b0\u1ee3c \u0111\u1ed9 gi\u00f2n c\u1ee7a b\u00f3 x\u00f4i v\u00e0 t\u1ea1o ra m\u1ed9t h\u01b0\u01a1ng v\u1ecb \u0111\u1eb7c tr\u01b0ng c\u1ee7a c\u00e1c m\u00f3n \u0103n n\u01b0\u1edbng Tandoor.<\/p>\n<p>Filet g\u00e0 \u01b0\u1edbp b\u00f3 x\u00f4i v\u00e0 gia v\u1ecb cay n\u01b0\u1edbng l\u00f2 Tandoor th\u01b0\u1eddng \u0111\u01b0\u1ee3c ph\u1ee5c v\u1ee5 v\u1edbi s\u1ed1t chua ng\u1ecdt v\u00e0 rau s\u1ed1ng. Th\u1ecbt g\u00e0 th\u01a1m ngon, b\u00f3 x\u00f4i gi\u00f2n tan c\u00f9ng v\u1edbi h\u01b0\u01a1ng v\u1ecb cay n\u1ed3ng, ch\u1eafc ch\u1eafn s\u1ebd \u0111em l\u1ea1i tr\u1ea3i nghi\u1ec7m tuy\u1ec7t v\u1eddi cho th\u1ef1c kh\u00e1ch. N\u1ebfu b\u1ea1n mu\u1ed1n kh\u00e1m ph\u00e1 h\u01b0\u01a1ng v\u1ecb \u0111\u1ed9c \u0111\u00e1o c\u1ee7a \u1ea9m th\u1ef1c \u1ea4n \u0110\u1ed9, m\u00f3n \u0103n n\u00e0y l\u00e0 m\u1ed9t l\u1ef1a ch\u1ecdn ho\u00e0n h\u1ea3o.<\/p>\n","protected":false},"excerpt":{"rendered":"<p>&nbsp;<\/p>\n<table width=\"723\">\n<tbody>\n<tr>\n<td width=\"412\">Succulent chicken chunks marinated in spinach, mint and spices, grilled in Tandoor oven<\/td>\n<\/tr>\n<tr>\n<td width=\"412\"><em>File g\u00e0 \u01b0\u1edbp b\u00f3 x\u00f4i xay nhuy\u1ec5n + gia v\u1ecb cay n\u01b0\u1edbng l\u00f2 Tandoor<\/em><\/td>\n<\/tr>\n<\/tbody>\n<\/table>\n","protected":false},"featured_media":3317,"template":"","meta":[],"product_brand":[],"product_cat":[228],"product_tag":[],"class_list":{"0":"post-3316","1":"product","2":"type-product","3":"status-publish","4":"has-post-thumbnail","6":"product_cat-cac-mon-nuong-kebab","8":"first","9":"instock","10":"taxable","11":"shipping-taxable","12":"purchasable","13":"product-type-simple"},"yoast_head":"<!-- This site is optimized with the Yoast SEO Premium plugin v22.3 (Yoast SEO v27.4) - https:\/\/yoast.com\/product\/yoast-seo-premium-wordpress\/ -->\n<title>FILET G\u00c0 \u01af\u1edaP B\u00d3 X\u00d4I V\u00c0 GIA V\u1eca CAY N\u01af\u1edaNG L\u00d2 TANDOOR<\/title>\n<meta name=\"description\" content=\"Filet g\u00e0 \u01b0\u1edbp b\u00f3 x\u00f4i c\u00f9ng v\u1edbi gia v\u1ecb cay n\u1ed3ng, \u0111\u01b0\u1ee3c n\u01b0\u1edbng tr\u00ean l\u00f2 Tandoor mang l\u1ea1i h\u01b0\u01a1ng v\u1ecb th\u01a1m ngon \u0111\u1eb7c tr\u01b0ng c\u1ee7a \u1ea4n \u0110\u1ed9.\" \/>\n<meta name=\"robots\" content=\"index, follow, max-snippet:-1, max-image-preview:large, max-video-preview:-1\" \/>\n<link rel=\"canonical\" href=\"https:\/\/tandoorvietnam.com\/vi\/sanpham\/cac-mon-nuong-kebab\/filet-ga-uop-bo-xoi-va-gia-vi-cay-nuong-lo-tandoor\/\" \/>\n<meta property=\"og:locale\" content=\"vi_VN\" \/>\n<meta property=\"og:type\" content=\"article\" \/>\n<meta property=\"og:title\" content=\"Hariyali Kebab (FILET G\u00c0 \u01af\u1edaP B\u00d3 X\u00d4I V\u00c0 GIA V\u1eca CAY N\u01af\u1edaNG L\u00d2 TANDOOR)\" \/>\n<meta property=\"og:description\" content=\"Filet g\u00e0 \u01b0\u1edbp b\u00f3 x\u00f4i c\u00f9ng v\u1edbi gia v\u1ecb cay n\u1ed3ng, \u0111\u01b0\u1ee3c n\u01b0\u1edbng tr\u00ean l\u00f2 Tandoor mang l\u1ea1i h\u01b0\u01a1ng v\u1ecb th\u01a1m ngon \u0111\u1eb7c tr\u01b0ng c\u1ee7a \u1ea4n \u0110\u1ed9.\" \/>\n<meta property=\"og:url\" content=\"https:\/\/tandoorvietnam.com\/vi\/sanpham\/cac-mon-nuong-kebab\/filet-ga-uop-bo-xoi-va-gia-vi-cay-nuong-lo-tandoor\/\" \/>\n<meta property=\"og:site_name\" content=\"Tandoor Vi\u1ec7t Nam\" \/>\n<meta property=\"article:publisher\" content=\"https:\/\/www.facebook.com\/tandoor.hcmc\/\" \/>\n<meta property=\"article:modified_time\" content=\"2023-05-11T04:40:29+00:00\" \/>\n<meta property=\"og:image\" content=\"https:\/\/tandoorvietnam.com\/wp-content\/uploads\/2020\/06\/Haryali-Kebab.jpg\" \/>\n\t<meta property=\"og:image:width\" content=\"800\" \/>\n\t<meta property=\"og:image:height\" content=\"533\" \/>\n\t<meta property=\"og:image:type\" content=\"image\/jpeg\" \/>\n<meta name=\"twitter:card\" content=\"summary_large_image\" \/>\n<meta name=\"twitter:label1\" content=\"Est. reading time\" \/>\n\t<meta name=\"twitter:data1\" content=\"2 minutes\" \/>\n<script type=\"application\/ld+json\" class=\"yoast-schema-graph\">{\"@context\":\"https:\\\/\\\/schema.org\",\"@graph\":[{\"@type\":\"WebPage\",\"@id\":\"https:\\\/\\\/tandoorvietnam.com\\\/vi\\\/sanpham\\\/cac-mon-nuong-kebab\\\/filet-ga-uop-bo-xoi-va-gia-vi-cay-nuong-lo-tandoor\\\/\",\"url\":\"https:\\\/\\\/tandoorvietnam.com\\\/vi\\\/sanpham\\\/cac-mon-nuong-kebab\\\/filet-ga-uop-bo-xoi-va-gia-vi-cay-nuong-lo-tandoor\\\/\",\"name\":\"FILET G\u00c0 \u01af\u1edaP B\u00d3 X\u00d4I V\u00c0 GIA V\u1eca CAY N\u01af\u1edaNG L\u00d2 TANDOOR\",\"isPartOf\":{\"@id\":\"https:\\\/\\\/tandoorvietnam.com\\\/vi\\\/#website\"},\"primaryImageOfPage\":{\"@id\":\"https:\\\/\\\/tandoorvietnam.com\\\/vi\\\/sanpham\\\/cac-mon-nuong-kebab\\\/filet-ga-uop-bo-xoi-va-gia-vi-cay-nuong-lo-tandoor\\\/#primaryimage\"},\"image\":{\"@id\":\"https:\\\/\\\/tandoorvietnam.com\\\/vi\\\/sanpham\\\/cac-mon-nuong-kebab\\\/filet-ga-uop-bo-xoi-va-gia-vi-cay-nuong-lo-tandoor\\\/#primaryimage\"},\"thumbnailUrl\":\"https:\\\/\\\/tandoorvietnam.com\\\/wp-content\\\/uploads\\\/2020\\\/06\\\/Haryali-Kebab.jpg\",\"datePublished\":\"2021-04-19T04:53:26+00:00\",\"dateModified\":\"2023-05-11T04:40:29+00:00\",\"description\":\"Filet g\u00e0 \u01b0\u1edbp b\u00f3 x\u00f4i c\u00f9ng v\u1edbi gia v\u1ecb cay n\u1ed3ng, \u0111\u01b0\u1ee3c n\u01b0\u1edbng tr\u00ean l\u00f2 Tandoor mang l\u1ea1i h\u01b0\u01a1ng v\u1ecb th\u01a1m ngon \u0111\u1eb7c tr\u01b0ng c\u1ee7a \u1ea4n \u0110\u1ed9.\",\"breadcrumb\":{\"@id\":\"https:\\\/\\\/tandoorvietnam.com\\\/vi\\\/sanpham\\\/cac-mon-nuong-kebab\\\/filet-ga-uop-bo-xoi-va-gia-vi-cay-nuong-lo-tandoor\\\/#breadcrumb\"},\"inLanguage\":\"vi-VN\",\"potentialAction\":[{\"@type\":\"ReadAction\",\"target\":[\"https:\\\/\\\/tandoorvietnam.com\\\/vi\\\/sanpham\\\/cac-mon-nuong-kebab\\\/filet-ga-uop-bo-xoi-va-gia-vi-cay-nuong-lo-tandoor\\\/\"]}]},{\"@type\":\"ImageObject\",\"inLanguage\":\"vi-VN\",\"@id\":\"https:\\\/\\\/tandoorvietnam.com\\\/vi\\\/sanpham\\\/cac-mon-nuong-kebab\\\/filet-ga-uop-bo-xoi-va-gia-vi-cay-nuong-lo-tandoor\\\/#primaryimage\",\"url\":\"https:\\\/\\\/tandoorvietnam.com\\\/wp-content\\\/uploads\\\/2020\\\/06\\\/Haryali-Kebab.jpg\",\"contentUrl\":\"https:\\\/\\\/tandoorvietnam.com\\\/wp-content\\\/uploads\\\/2020\\\/06\\\/Haryali-Kebab.jpg\",\"width\":800,\"height\":533,\"caption\":\"tandoor VN\"},{\"@type\":\"BreadcrumbList\",\"@id\":\"https:\\\/\\\/tandoorvietnam.com\\\/vi\\\/sanpham\\\/cac-mon-nuong-kebab\\\/filet-ga-uop-bo-xoi-va-gia-vi-cay-nuong-lo-tandoor\\\/#breadcrumb\",\"itemListElement\":[{\"@type\":\"ListItem\",\"position\":1,\"name\":\"Trang Ch\u1ee7\",\"item\":\"https:\\\/\\\/tandoorvietnam.com\\\/vi\\\/\"},{\"@type\":\"ListItem\",\"position\":2,\"name\":\"Shop\",\"item\":\"https:\\\/\\\/tandoorvietnam.com\\\/shop\\\/\"},{\"@type\":\"ListItem\",\"position\":3,\"name\":\"Hariyali Kebab (FILET G\u00c0 \u01af\u1edaP B\u00d3 X\u00d4I V\u00c0 GIA V\u1eca CAY N\u01af\u1edaNG L\u00d2 TANDOOR)\"}]},{\"@type\":\"WebSite\",\"@id\":\"https:\\\/\\\/tandoorvietnam.com\\\/vi\\\/#website\",\"url\":\"https:\\\/\\\/tandoorvietnam.com\\\/vi\\\/\",\"name\":\"Tandoor Vietnam\",\"description\":\"Nh\u00e0 h\u00e0ng ngon h\u1ed3 ch\u00ed minh\",\"publisher\":{\"@id\":\"https:\\\/\\\/tandoorvietnam.com\\\/vi\\\/#organization\"},\"potentialAction\":[{\"@type\":\"SearchAction\",\"target\":{\"@type\":\"EntryPoint\",\"urlTemplate\":\"https:\\\/\\\/tandoorvietnam.com\\\/vi\\\/?s={search_term_string}\"},\"query-input\":{\"@type\":\"PropertyValueSpecification\",\"valueRequired\":true,\"valueName\":\"search_term_string\"}}],\"inLanguage\":\"vi-VN\"},{\"@type\":\"Organization\",\"@id\":\"https:\\\/\\\/tandoorvietnam.com\\\/vi\\\/#organization\",\"name\":\"Tandoor Vietnam\",\"url\":\"https:\\\/\\\/tandoorvietnam.com\\\/vi\\\/\",\"logo\":{\"@type\":\"ImageObject\",\"inLanguage\":\"vi-VN\",\"@id\":\"https:\\\/\\\/tandoorvietnam.com\\\/vi\\\/#\\\/schema\\\/logo\\\/image\\\/\",\"url\":\"https:\\\/\\\/tandoorvietnam.com\\\/wp-content\\\/uploads\\\/2020\\\/07\\\/logo.png\",\"contentUrl\":\"https:\\\/\\\/tandoorvietnam.com\\\/wp-content\\\/uploads\\\/2020\\\/07\\\/logo.png\",\"width\":133,\"height\":75,\"caption\":\"Tandoor Vietnam\"},\"image\":{\"@id\":\"https:\\\/\\\/tandoorvietnam.com\\\/vi\\\/#\\\/schema\\\/logo\\\/image\\\/\"},\"sameAs\":[\"https:\\\/\\\/www.facebook.com\\\/tandoor.hcmc\\\/\"]}]}<\/script>\n<!-- \/ Yoast SEO Premium plugin. -->","yoast_head_json":{"title":"FILET G\u00c0 \u01af\u1edaP B\u00d3 X\u00d4I V\u00c0 GIA V\u1eca CAY N\u01af\u1edaNG L\u00d2 TANDOOR","description":"Filet g\u00e0 \u01b0\u1edbp b\u00f3 x\u00f4i c\u00f9ng v\u1edbi gia v\u1ecb cay n\u1ed3ng, \u0111\u01b0\u1ee3c n\u01b0\u1edbng tr\u00ean l\u00f2 Tandoor mang l\u1ea1i h\u01b0\u01a1ng v\u1ecb th\u01a1m ngon \u0111\u1eb7c tr\u01b0ng c\u1ee7a \u1ea4n \u0110\u1ed9.","robots":{"index":"index","follow":"follow","max-snippet":"max-snippet:-1","max-image-preview":"max-image-preview:large","max-video-preview":"max-video-preview:-1"},"canonical":"https:\/\/tandoorvietnam.com\/vi\/sanpham\/cac-mon-nuong-kebab\/filet-ga-uop-bo-xoi-va-gia-vi-cay-nuong-lo-tandoor\/","og_locale":"vi_VN","og_type":"article","og_title":"Hariyali Kebab (FILET G\u00c0 \u01af\u1edaP B\u00d3 X\u00d4I V\u00c0 GIA V\u1eca CAY N\u01af\u1edaNG L\u00d2 TANDOOR)","og_description":"Filet g\u00e0 \u01b0\u1edbp b\u00f3 x\u00f4i c\u00f9ng v\u1edbi gia v\u1ecb cay n\u1ed3ng, \u0111\u01b0\u1ee3c n\u01b0\u1edbng tr\u00ean l\u00f2 Tandoor mang l\u1ea1i h\u01b0\u01a1ng v\u1ecb th\u01a1m ngon \u0111\u1eb7c tr\u01b0ng c\u1ee7a \u1ea4n \u0110\u1ed9.","og_url":"https:\/\/tandoorvietnam.com\/vi\/sanpham\/cac-mon-nuong-kebab\/filet-ga-uop-bo-xoi-va-gia-vi-cay-nuong-lo-tandoor\/","og_site_name":"Tandoor Vi\u1ec7t Nam","article_publisher":"https:\/\/www.facebook.com\/tandoor.hcmc\/","article_modified_time":"2023-05-11T04:40:29+00:00","og_image":[{"width":800,"height":533,"url":"https:\/\/tandoorvietnam.com\/wp-content\/uploads\/2020\/06\/Haryali-Kebab.jpg","type":"image\/jpeg"}],"twitter_card":"summary_large_image","twitter_misc":{"Est. reading time":"2 minutes"},"schema":{"@context":"https:\/\/schema.org","@graph":[{"@type":"WebPage","@id":"https:\/\/tandoorvietnam.com\/vi\/sanpham\/cac-mon-nuong-kebab\/filet-ga-uop-bo-xoi-va-gia-vi-cay-nuong-lo-tandoor\/","url":"https:\/\/tandoorvietnam.com\/vi\/sanpham\/cac-mon-nuong-kebab\/filet-ga-uop-bo-xoi-va-gia-vi-cay-nuong-lo-tandoor\/","name":"FILET G\u00c0 \u01af\u1edaP B\u00d3 X\u00d4I V\u00c0 GIA V\u1eca CAY N\u01af\u1edaNG L\u00d2 TANDOOR","isPartOf":{"@id":"https:\/\/tandoorvietnam.com\/vi\/#website"},"primaryImageOfPage":{"@id":"https:\/\/tandoorvietnam.com\/vi\/sanpham\/cac-mon-nuong-kebab\/filet-ga-uop-bo-xoi-va-gia-vi-cay-nuong-lo-tandoor\/#primaryimage"},"image":{"@id":"https:\/\/tandoorvietnam.com\/vi\/sanpham\/cac-mon-nuong-kebab\/filet-ga-uop-bo-xoi-va-gia-vi-cay-nuong-lo-tandoor\/#primaryimage"},"thumbnailUrl":"https:\/\/tandoorvietnam.com\/wp-content\/uploads\/2020\/06\/Haryali-Kebab.jpg","datePublished":"2021-04-19T04:53:26+00:00","dateModified":"2023-05-11T04:40:29+00:00","description":"Filet g\u00e0 \u01b0\u1edbp b\u00f3 x\u00f4i c\u00f9ng v\u1edbi gia v\u1ecb cay n\u1ed3ng, \u0111\u01b0\u1ee3c n\u01b0\u1edbng tr\u00ean l\u00f2 Tandoor mang l\u1ea1i h\u01b0\u01a1ng v\u1ecb th\u01a1m ngon \u0111\u1eb7c tr\u01b0ng c\u1ee7a \u1ea4n \u0110\u1ed9.","breadcrumb":{"@id":"https:\/\/tandoorvietnam.com\/vi\/sanpham\/cac-mon-nuong-kebab\/filet-ga-uop-bo-xoi-va-gia-vi-cay-nuong-lo-tandoor\/#breadcrumb"},"inLanguage":"vi-VN","potentialAction":[{"@type":"ReadAction","target":["https:\/\/tandoorvietnam.com\/vi\/sanpham\/cac-mon-nuong-kebab\/filet-ga-uop-bo-xoi-va-gia-vi-cay-nuong-lo-tandoor\/"]}]},{"@type":"ImageObject","inLanguage":"vi-VN","@id":"https:\/\/tandoorvietnam.com\/vi\/sanpham\/cac-mon-nuong-kebab\/filet-ga-uop-bo-xoi-va-gia-vi-cay-nuong-lo-tandoor\/#primaryimage","url":"https:\/\/tandoorvietnam.com\/wp-content\/uploads\/2020\/06\/Haryali-Kebab.jpg","contentUrl":"https:\/\/tandoorvietnam.com\/wp-content\/uploads\/2020\/06\/Haryali-Kebab.jpg","width":800,"height":533,"caption":"tandoor VN"},{"@type":"BreadcrumbList","@id":"https:\/\/tandoorvietnam.com\/vi\/sanpham\/cac-mon-nuong-kebab\/filet-ga-uop-bo-xoi-va-gia-vi-cay-nuong-lo-tandoor\/#breadcrumb","itemListElement":[{"@type":"ListItem","position":1,"name":"Trang Ch\u1ee7","item":"https:\/\/tandoorvietnam.com\/vi\/"},{"@type":"ListItem","position":2,"name":"Shop","item":"https:\/\/tandoorvietnam.com\/shop\/"},{"@type":"ListItem","position":3,"name":"Hariyali Kebab (FILET G\u00c0 \u01af\u1edaP B\u00d3 X\u00d4I V\u00c0 GIA V\u1eca CAY N\u01af\u1edaNG L\u00d2 TANDOOR)"}]},{"@type":"WebSite","@id":"https:\/\/tandoorvietnam.com\/vi\/#website","url":"https:\/\/tandoorvietnam.com\/vi\/","name":"Tandoor Vietnam","description":"Nh\u00e0 h\u00e0ng ngon h\u1ed3 ch\u00ed minh","publisher":{"@id":"https:\/\/tandoorvietnam.com\/vi\/#organization"},"potentialAction":[{"@type":"SearchAction","target":{"@type":"EntryPoint","urlTemplate":"https:\/\/tandoorvietnam.com\/vi\/?s={search_term_string}"},"query-input":{"@type":"PropertyValueSpecification","valueRequired":true,"valueName":"search_term_string"}}],"inLanguage":"vi-VN"},{"@type":"Organization","@id":"https:\/\/tandoorvietnam.com\/vi\/#organization","name":"Tandoor Vietnam","url":"https:\/\/tandoorvietnam.com\/vi\/","logo":{"@type":"ImageObject","inLanguage":"vi-VN","@id":"https:\/\/tandoorvietnam.com\/vi\/#\/schema\/logo\/image\/","url":"https:\/\/tandoorvietnam.com\/wp-content\/uploads\/2020\/07\/logo.png","contentUrl":"https:\/\/tandoorvietnam.com\/wp-content\/uploads\/2020\/07\/logo.png","width":133,"height":75,"caption":"Tandoor Vietnam"},"image":{"@id":"https:\/\/tandoorvietnam.com\/vi\/#\/schema\/logo\/image\/"},"sameAs":["https:\/\/www.facebook.com\/tandoor.hcmc\/"]}]}},"_links":{"self":[{"href":"https:\/\/tandoorvietnam.com\/vi\/wp-json\/wp\/v2\/product\/3316","targetHints":{"allow":["GET"]}}],"collection":[{"href":"https:\/\/tandoorvietnam.com\/vi\/wp-json\/wp\/v2\/product"}],"about":[{"href":"https:\/\/tandoorvietnam.com\/vi\/wp-json\/wp\/v2\/types\/product"}],"wp:featuredmedia":[{"embeddable":true,"href":"https:\/\/tandoorvietnam.com\/vi\/wp-json\/wp\/v2\/media\/3317"}],"wp:attachment":[{"href":"https:\/\/tandoorvietnam.com\/vi\/wp-json\/wp\/v2\/media?parent=3316"}],"wp:term":[{"taxonomy":"product_brand","embeddable":true,"href":"https:\/\/tandoorvietnam.com\/vi\/wp-json\/wp\/v2\/product_brand?post=3316"},{"taxonomy":"product_cat","embeddable":true,"href":"https:\/\/tandoorvietnam.com\/vi\/wp-json\/wp\/v2\/product_cat?post=3316"},{"taxonomy":"product_tag","embeddable":true,"href":"https:\/\/tandoorvietnam.com\/vi\/wp-json\/wp\/v2\/product_tag?post=3316"}],"curies":[{"name":"wp","href":"https:\/\/api.w.org\/{rel}","templated":true}]}}