{"id":3318,"date":"2020-06-20T10:49:54","date_gmt":"2021-04-19T04:56:44","guid":{"rendered":"http:\/\/tandoorvietnam.com\/product\/uncategorized\/dui-ga-uop-sua-chua-vang-sua-ngo-trung-va-gia-vi-nuong\/"},"modified":"2023-05-07T09:56:58","modified_gmt":"2023-05-07T09:56:58","slug":"dui-ga-uop-sua-chua-vang-sua-ngo-trung-va-gia-vi-nuong","status":"publish","type":"product","link":"https:\/\/tandoorvietnam.com\/vi\/sanpham\/cac-mon-nuong-kebab\/dui-ga-uop-sua-chua-vang-sua-ngo-trung-va-gia-vi-nuong\/","title":{"rendered":"\u0110\u00d9I G\u00c0 \u01af\u1edaP S\u1eeeA CHUA, V\u00c1NG S\u1eeeA, NG\u00d2, TR\u1ee8NG V\u00c0 GIA V\u1eca N\u01af\u1edaNG"},"content":{"rendered":"<p>M\u00f3n \u0111\u00f9i g\u00e0 \u01b0\u1edbp s\u1eefa chua vang l\u00e0 m\u1ed9t m\u00f3n \u0103n \u0111\u1eb7c tr\u01b0ng c\u1ee7a \u1ea4n \u0110\u1ed9 v\u00e0 \u0111\u01b0\u1ee3c ph\u1ee5c v\u1ee5 t\u1ea1i Tandoor Vietnam v\u1edbi h\u01b0\u01a1ng v\u1ecb tuy\u1ec7t v\u1eddi. G\u00e0 \u0111\u01b0\u1ee3c \u01b0\u1edbp v\u1edbi s\u1eefa chua vang v\u00e0 m\u1ed9t s\u1ed1 gia v\u1ecb truy\u1ec1n th\u1ed1ng \u1ea4n \u0110\u1ed9 kh\u00e1c nh\u01b0 cumin, h\u00e0nh t\u00edm, t\u1ecfi v\u00e0 ti\u00eau \u0111en. Vi\u1ec7c \u01b0\u1edbp g\u00e0 v\u1edbi s\u1eefa chua vang s\u1ebd gi\u00fap l\u00e0m m\u1ec1m v\u00e0 t\u1ea9m \u01b0\u1edbp th\u1ecbt g\u00e0, c\u00f9ng v\u1edbi gia v\u1ecb n\u01b0\u1edbng truy\u1ec1n th\u1ed1ng s\u1ebd gi\u00fap cho m\u00f3n \u0103n th\u00eam \u0111\u1eadm \u0111\u00e0 v\u00e0 h\u1ea5p d\u1eabn.<\/p>\n<p>Sau khi \u0111\u01b0\u1ee3c \u01b0\u1edbp th\u1ecbt, \u0111\u00f9i g\u00e0 s\u1ebd \u0111\u01b0\u1ee3c n\u01b0\u1edbng tr\u00ean l\u00f2 than h\u1ed3ng, t\u1ea1o ra l\u1edbp v\u1ecf gi\u00f2n tan, m\u00e0u n\u00e2u \u0111\u1eb9p m\u1eaft. Th\u1ecbt g\u00e0 b\u00ean trong \u0111\u01b0\u1ee3c n\u01b0\u1edbng \u0111\u1ec1u v\u00e0 gi\u1eef \u0111\u01b0\u1ee3c \u0111\u1ed9 \u1ea9m, m\u1ec1m m\u1ea1i, c\u00f9ng v\u1edbi m\u1ed9t s\u1ed1 gia v\u1ecb truy\u1ec1n th\u1ed1ng kh\u00e1c s\u1ebd t\u1ea1o ra h\u01b0\u01a1ng v\u1ecb \u0111\u1eb7c tr\u01b0ng c\u1ee7a m\u00f3n \u0103n n\u00e0y.<\/p>\n<p>\u0110\u00f9i g\u00e0 \u01b0\u1edbp s\u1eefa chua vang l\u00e0 m\u00f3n \u0103n truy\u1ec1n th\u1ed1ng c\u1ee7a \u1ea4n \u0110\u1ed9, v\u1edbi h\u01b0\u01a1ng v\u1ecb \u0111\u1eb7c tr\u01b0ng, c\u00f9ng v\u1edbi s\u1ef1 k\u1ebft h\u1ee3p tinh t\u1ebf gi\u1eefa s\u1eefa chua, gia v\u1ecb v\u00e0 t\u01b0\u01a1i ngon c\u1ee7a g\u00e0, m\u00f3n \u0103n n\u00e0y th\u1eadt s\u1ef1 \u0111\u00e1ng \u0111\u1ec3 th\u1eed. T\u1ea1i <a href=\"https:\/\/tandoorvietnam.com\/\">Tandoor Vietnam<\/a>, ch\u00fang t\u00f4i lu\u00f4n cam k\u1ebft mang \u0111\u1ebfn cho kh\u00e1ch h\u00e0ng nh\u1eefng s\u1ea3n ph\u1ea9m t\u01b0\u01a1i ngon v\u00e0 ch\u1ea5t l\u01b0\u1ee3ng nh\u1ea5t, c\u00f9ng v\u1edbi d\u1ecbch v\u1ee5 chuy\u00ean nghi\u1ec7p v\u00e0 nhi\u1ec7t t\u00ecnh nh\u1ea5t.<\/p>\n","protected":false},"excerpt":{"rendered":"<p>&nbsp;<\/p>\n<table width=\"723\">\n<tbody>\n<tr>\n<td width=\"412\">Chicken drumstick marinated in rich yoghurt, cream and spices grilled in Tandoor oven<\/td>\n<\/tr>\n<tr>\n<td width=\"412\"><em>\u0110\u00f9i t\u1ecfi g\u00e0 \u01b0\u1edbt yaour + v\u00e1ng s\u1eefa + ng\u00f2 + tr\u1ee9ng v\u00e0 c\u00e1c gia v\u1ecb \u0111\u1eb7c bi\u1ec7t r\u1ed3i n\u01b0\u1edbng trong l\u00f2 Tandoor<\/em><\/td>\n<\/tr>\n<\/tbody>\n<\/table>\n","protected":false},"featured_media":3319,"template":"","meta":[],"product_brand":[],"product_cat":[228],"product_tag":[],"class_list":{"0":"post-3318","1":"product","2":"type-product","3":"status-publish","4":"has-post-thumbnail","6":"product_cat-cac-mon-nuong-kebab","8":"first","9":"instock","10":"taxable","11":"shipping-taxable","12":"purchasable","13":"product-type-simple"},"yoast_head":"<!-- This site is optimized with the Yoast SEO Premium plugin v22.3 (Yoast SEO v27.4) - https:\/\/yoast.com\/product\/yoast-seo-premium-wordpress\/ -->\n<title>\u0110\u00d9I G\u00c0 \u01af\u1edaP S\u1eeeA CHUA, V\u00c1NG S\u1eeeA, NG\u00d2, TR\u1ee8NG<\/title>\n<meta name=\"description\" content=\"Th\u01b0\u1edfng th\u1ee9c \u0110\u00f9i g\u00e0 \u01b0\u1edbp s\u1eefa chua v\u00e0ng, s\u1eefa n\u01b0\u1edbc tr\u1ee9ng v\u1edbi k\u1ef9 thu\u1eadt n\u01b0\u1edbng tinh t\u1ebf v\u00e0 gia v\u1ecb \u0111\u1eb7c tr\u01b0ng c\u1ee7a \u1ea4n \u0110\u1ed9 t\u1ea1i Tandoor Vietnam.\" \/>\n<meta name=\"robots\" content=\"index, follow, max-snippet:-1, max-image-preview:large, max-video-preview:-1\" \/>\n<link rel=\"canonical\" href=\"https:\/\/tandoorvietnam.com\/vi\/sanpham\/cac-mon-nuong-kebab\/dui-ga-uop-sua-chua-vang-sua-ngo-trung-va-gia-vi-nuong\/\" \/>\n<meta property=\"og:locale\" content=\"vi_VN\" \/>\n<meta property=\"og:type\" content=\"article\" \/>\n<meta property=\"og:title\" content=\"\u0110\u00d9I G\u00c0 \u01af\u1edaP S\u1eeeA CHUA, V\u00c1NG S\u1eeeA, NG\u00d2, TR\u1ee8NG V\u00c0 GIA V\u1eca N\u01af\u1edaNG\" \/>\n<meta property=\"og:description\" content=\"Th\u01b0\u1edfng th\u1ee9c \u0110\u00f9i g\u00e0 \u01b0\u1edbp s\u1eefa chua v\u00e0ng, s\u1eefa n\u01b0\u1edbc tr\u1ee9ng v\u1edbi k\u1ef9 thu\u1eadt n\u01b0\u1edbng tinh t\u1ebf v\u00e0 gia v\u1ecb \u0111\u1eb7c tr\u01b0ng c\u1ee7a \u1ea4n \u0110\u1ed9 t\u1ea1i Tandoor Vietnam.\" \/>\n<meta property=\"og:url\" content=\"https:\/\/tandoorvietnam.com\/vi\/sanpham\/cac-mon-nuong-kebab\/dui-ga-uop-sua-chua-vang-sua-ngo-trung-va-gia-vi-nuong\/\" \/>\n<meta property=\"og:site_name\" content=\"Tandoor Vi\u1ec7t Nam\" \/>\n<meta property=\"article:publisher\" content=\"https:\/\/www.facebook.com\/tandoor.hcmc\/\" \/>\n<meta property=\"article:modified_time\" content=\"2023-05-07T09:56:58+00:00\" \/>\n<meta property=\"og:image\" content=\"https:\/\/tandoorvietnam.com\/wp-content\/uploads\/2020\/06\/Kalmi-kebab-bone.jpg\" \/>\n\t<meta property=\"og:image:width\" content=\"800\" \/>\n\t<meta property=\"og:image:height\" content=\"532\" \/>\n\t<meta property=\"og:image:type\" content=\"image\/jpeg\" \/>\n<meta name=\"twitter:card\" content=\"summary_large_image\" \/>\n<meta name=\"twitter:label1\" content=\"Est. reading time\" \/>\n\t<meta name=\"twitter:data1\" content=\"1 minute\" \/>\n<script type=\"application\/ld+json\" class=\"yoast-schema-graph\">{\"@context\":\"https:\\\/\\\/schema.org\",\"@graph\":[{\"@type\":\"WebPage\",\"@id\":\"https:\\\/\\\/tandoorvietnam.com\\\/vi\\\/sanpham\\\/cac-mon-nuong-kebab\\\/dui-ga-uop-sua-chua-vang-sua-ngo-trung-va-gia-vi-nuong\\\/\",\"url\":\"https:\\\/\\\/tandoorvietnam.com\\\/vi\\\/sanpham\\\/cac-mon-nuong-kebab\\\/dui-ga-uop-sua-chua-vang-sua-ngo-trung-va-gia-vi-nuong\\\/\",\"name\":\"\u0110\u00d9I G\u00c0 \u01af\u1edaP S\u1eeeA CHUA, V\u00c1NG S\u1eeeA, NG\u00d2, TR\u1ee8NG\",\"isPartOf\":{\"@id\":\"https:\\\/\\\/tandoorvietnam.com\\\/vi\\\/#website\"},\"primaryImageOfPage\":{\"@id\":\"https:\\\/\\\/tandoorvietnam.com\\\/vi\\\/sanpham\\\/cac-mon-nuong-kebab\\\/dui-ga-uop-sua-chua-vang-sua-ngo-trung-va-gia-vi-nuong\\\/#primaryimage\"},\"image\":{\"@id\":\"https:\\\/\\\/tandoorvietnam.com\\\/vi\\\/sanpham\\\/cac-mon-nuong-kebab\\\/dui-ga-uop-sua-chua-vang-sua-ngo-trung-va-gia-vi-nuong\\\/#primaryimage\"},\"thumbnailUrl\":\"https:\\\/\\\/tandoorvietnam.com\\\/wp-content\\\/uploads\\\/2020\\\/06\\\/Kalmi-kebab-bone.jpg\",\"datePublished\":\"2021-04-19T04:56:44+00:00\",\"dateModified\":\"2023-05-07T09:56:58+00:00\",\"description\":\"Th\u01b0\u1edfng th\u1ee9c \u0110\u00f9i g\u00e0 \u01b0\u1edbp s\u1eefa chua v\u00e0ng, s\u1eefa n\u01b0\u1edbc tr\u1ee9ng v\u1edbi k\u1ef9 thu\u1eadt n\u01b0\u1edbng tinh t\u1ebf v\u00e0 gia v\u1ecb \u0111\u1eb7c tr\u01b0ng c\u1ee7a \u1ea4n \u0110\u1ed9 t\u1ea1i Tandoor Vietnam.\",\"breadcrumb\":{\"@id\":\"https:\\\/\\\/tandoorvietnam.com\\\/vi\\\/sanpham\\\/cac-mon-nuong-kebab\\\/dui-ga-uop-sua-chua-vang-sua-ngo-trung-va-gia-vi-nuong\\\/#breadcrumb\"},\"inLanguage\":\"vi-VN\",\"potentialAction\":[{\"@type\":\"ReadAction\",\"target\":[\"https:\\\/\\\/tandoorvietnam.com\\\/vi\\\/sanpham\\\/cac-mon-nuong-kebab\\\/dui-ga-uop-sua-chua-vang-sua-ngo-trung-va-gia-vi-nuong\\\/\"]}]},{\"@type\":\"ImageObject\",\"inLanguage\":\"vi-VN\",\"@id\":\"https:\\\/\\\/tandoorvietnam.com\\\/vi\\\/sanpham\\\/cac-mon-nuong-kebab\\\/dui-ga-uop-sua-chua-vang-sua-ngo-trung-va-gia-vi-nuong\\\/#primaryimage\",\"url\":\"https:\\\/\\\/tandoorvietnam.com\\\/wp-content\\\/uploads\\\/2020\\\/06\\\/Kalmi-kebab-bone.jpg\",\"contentUrl\":\"https:\\\/\\\/tandoorvietnam.com\\\/wp-content\\\/uploads\\\/2020\\\/06\\\/Kalmi-kebab-bone.jpg\",\"width\":800,\"height\":532,\"caption\":\"tandoor VN\"},{\"@type\":\"BreadcrumbList\",\"@id\":\"https:\\\/\\\/tandoorvietnam.com\\\/vi\\\/sanpham\\\/cac-mon-nuong-kebab\\\/dui-ga-uop-sua-chua-vang-sua-ngo-trung-va-gia-vi-nuong\\\/#breadcrumb\",\"itemListElement\":[{\"@type\":\"ListItem\",\"position\":1,\"name\":\"Trang Ch\u1ee7\",\"item\":\"https:\\\/\\\/tandoorvietnam.com\\\/vi\\\/\"},{\"@type\":\"ListItem\",\"position\":2,\"name\":\"Shop\",\"item\":\"https:\\\/\\\/tandoorvietnam.com\\\/shop\\\/\"},{\"@type\":\"ListItem\",\"position\":3,\"name\":\"\u0110\u00d9I G\u00c0 \u01af\u1edaP S\u1eeeA CHUA, V\u00c1NG S\u1eeeA, NG\u00d2, TR\u1ee8NG V\u00c0 GIA V\u1eca N\u01af\u1edaNG\"}]},{\"@type\":\"WebSite\",\"@id\":\"https:\\\/\\\/tandoorvietnam.com\\\/vi\\\/#website\",\"url\":\"https:\\\/\\\/tandoorvietnam.com\\\/vi\\\/\",\"name\":\"Tandoor Vietnam\",\"description\":\"Nh\u00e0 h\u00e0ng ngon h\u1ed3 ch\u00ed minh\",\"publisher\":{\"@id\":\"https:\\\/\\\/tandoorvietnam.com\\\/vi\\\/#organization\"},\"potentialAction\":[{\"@type\":\"SearchAction\",\"target\":{\"@type\":\"EntryPoint\",\"urlTemplate\":\"https:\\\/\\\/tandoorvietnam.com\\\/vi\\\/?s={search_term_string}\"},\"query-input\":{\"@type\":\"PropertyValueSpecification\",\"valueRequired\":true,\"valueName\":\"search_term_string\"}}],\"inLanguage\":\"vi-VN\"},{\"@type\":\"Organization\",\"@id\":\"https:\\\/\\\/tandoorvietnam.com\\\/vi\\\/#organization\",\"name\":\"Tandoor Vietnam\",\"url\":\"https:\\\/\\\/tandoorvietnam.com\\\/vi\\\/\",\"logo\":{\"@type\":\"ImageObject\",\"inLanguage\":\"vi-VN\",\"@id\":\"https:\\\/\\\/tandoorvietnam.com\\\/vi\\\/#\\\/schema\\\/logo\\\/image\\\/\",\"url\":\"https:\\\/\\\/tandoorvietnam.com\\\/wp-content\\\/uploads\\\/2020\\\/07\\\/logo.png\",\"contentUrl\":\"https:\\\/\\\/tandoorvietnam.com\\\/wp-content\\\/uploads\\\/2020\\\/07\\\/logo.png\",\"width\":133,\"height\":75,\"caption\":\"Tandoor Vietnam\"},\"image\":{\"@id\":\"https:\\\/\\\/tandoorvietnam.com\\\/vi\\\/#\\\/schema\\\/logo\\\/image\\\/\"},\"sameAs\":[\"https:\\\/\\\/www.facebook.com\\\/tandoor.hcmc\\\/\"]}]}<\/script>\n<!-- \/ Yoast SEO Premium plugin. -->","yoast_head_json":{"title":"\u0110\u00d9I G\u00c0 \u01af\u1edaP S\u1eeeA CHUA, V\u00c1NG S\u1eeeA, NG\u00d2, TR\u1ee8NG","description":"Th\u01b0\u1edfng th\u1ee9c \u0110\u00f9i g\u00e0 \u01b0\u1edbp s\u1eefa chua v\u00e0ng, s\u1eefa n\u01b0\u1edbc tr\u1ee9ng v\u1edbi k\u1ef9 thu\u1eadt n\u01b0\u1edbng tinh t\u1ebf v\u00e0 gia v\u1ecb \u0111\u1eb7c tr\u01b0ng c\u1ee7a \u1ea4n \u0110\u1ed9 t\u1ea1i Tandoor Vietnam.","robots":{"index":"index","follow":"follow","max-snippet":"max-snippet:-1","max-image-preview":"max-image-preview:large","max-video-preview":"max-video-preview:-1"},"canonical":"https:\/\/tandoorvietnam.com\/vi\/sanpham\/cac-mon-nuong-kebab\/dui-ga-uop-sua-chua-vang-sua-ngo-trung-va-gia-vi-nuong\/","og_locale":"vi_VN","og_type":"article","og_title":"\u0110\u00d9I G\u00c0 \u01af\u1edaP S\u1eeeA CHUA, V\u00c1NG S\u1eeeA, NG\u00d2, TR\u1ee8NG V\u00c0 GIA V\u1eca N\u01af\u1edaNG","og_description":"Th\u01b0\u1edfng th\u1ee9c \u0110\u00f9i g\u00e0 \u01b0\u1edbp s\u1eefa chua v\u00e0ng, s\u1eefa n\u01b0\u1edbc tr\u1ee9ng v\u1edbi k\u1ef9 thu\u1eadt n\u01b0\u1edbng tinh t\u1ebf v\u00e0 gia v\u1ecb \u0111\u1eb7c tr\u01b0ng c\u1ee7a \u1ea4n \u0110\u1ed9 t\u1ea1i Tandoor Vietnam.","og_url":"https:\/\/tandoorvietnam.com\/vi\/sanpham\/cac-mon-nuong-kebab\/dui-ga-uop-sua-chua-vang-sua-ngo-trung-va-gia-vi-nuong\/","og_site_name":"Tandoor Vi\u1ec7t Nam","article_publisher":"https:\/\/www.facebook.com\/tandoor.hcmc\/","article_modified_time":"2023-05-07T09:56:58+00:00","og_image":[{"width":800,"height":532,"url":"https:\/\/tandoorvietnam.com\/wp-content\/uploads\/2020\/06\/Kalmi-kebab-bone.jpg","type":"image\/jpeg"}],"twitter_card":"summary_large_image","twitter_misc":{"Est. reading time":"1 minute"},"schema":{"@context":"https:\/\/schema.org","@graph":[{"@type":"WebPage","@id":"https:\/\/tandoorvietnam.com\/vi\/sanpham\/cac-mon-nuong-kebab\/dui-ga-uop-sua-chua-vang-sua-ngo-trung-va-gia-vi-nuong\/","url":"https:\/\/tandoorvietnam.com\/vi\/sanpham\/cac-mon-nuong-kebab\/dui-ga-uop-sua-chua-vang-sua-ngo-trung-va-gia-vi-nuong\/","name":"\u0110\u00d9I G\u00c0 \u01af\u1edaP S\u1eeeA CHUA, V\u00c1NG S\u1eeeA, NG\u00d2, TR\u1ee8NG","isPartOf":{"@id":"https:\/\/tandoorvietnam.com\/vi\/#website"},"primaryImageOfPage":{"@id":"https:\/\/tandoorvietnam.com\/vi\/sanpham\/cac-mon-nuong-kebab\/dui-ga-uop-sua-chua-vang-sua-ngo-trung-va-gia-vi-nuong\/#primaryimage"},"image":{"@id":"https:\/\/tandoorvietnam.com\/vi\/sanpham\/cac-mon-nuong-kebab\/dui-ga-uop-sua-chua-vang-sua-ngo-trung-va-gia-vi-nuong\/#primaryimage"},"thumbnailUrl":"https:\/\/tandoorvietnam.com\/wp-content\/uploads\/2020\/06\/Kalmi-kebab-bone.jpg","datePublished":"2021-04-19T04:56:44+00:00","dateModified":"2023-05-07T09:56:58+00:00","description":"Th\u01b0\u1edfng th\u1ee9c \u0110\u00f9i g\u00e0 \u01b0\u1edbp s\u1eefa chua v\u00e0ng, s\u1eefa n\u01b0\u1edbc tr\u1ee9ng v\u1edbi k\u1ef9 thu\u1eadt n\u01b0\u1edbng tinh t\u1ebf v\u00e0 gia v\u1ecb \u0111\u1eb7c tr\u01b0ng c\u1ee7a \u1ea4n \u0110\u1ed9 t\u1ea1i Tandoor Vietnam.","breadcrumb":{"@id":"https:\/\/tandoorvietnam.com\/vi\/sanpham\/cac-mon-nuong-kebab\/dui-ga-uop-sua-chua-vang-sua-ngo-trung-va-gia-vi-nuong\/#breadcrumb"},"inLanguage":"vi-VN","potentialAction":[{"@type":"ReadAction","target":["https:\/\/tandoorvietnam.com\/vi\/sanpham\/cac-mon-nuong-kebab\/dui-ga-uop-sua-chua-vang-sua-ngo-trung-va-gia-vi-nuong\/"]}]},{"@type":"ImageObject","inLanguage":"vi-VN","@id":"https:\/\/tandoorvietnam.com\/vi\/sanpham\/cac-mon-nuong-kebab\/dui-ga-uop-sua-chua-vang-sua-ngo-trung-va-gia-vi-nuong\/#primaryimage","url":"https:\/\/tandoorvietnam.com\/wp-content\/uploads\/2020\/06\/Kalmi-kebab-bone.jpg","contentUrl":"https:\/\/tandoorvietnam.com\/wp-content\/uploads\/2020\/06\/Kalmi-kebab-bone.jpg","width":800,"height":532,"caption":"tandoor VN"},{"@type":"BreadcrumbList","@id":"https:\/\/tandoorvietnam.com\/vi\/sanpham\/cac-mon-nuong-kebab\/dui-ga-uop-sua-chua-vang-sua-ngo-trung-va-gia-vi-nuong\/#breadcrumb","itemListElement":[{"@type":"ListItem","position":1,"name":"Trang Ch\u1ee7","item":"https:\/\/tandoorvietnam.com\/vi\/"},{"@type":"ListItem","position":2,"name":"Shop","item":"https:\/\/tandoorvietnam.com\/shop\/"},{"@type":"ListItem","position":3,"name":"\u0110\u00d9I G\u00c0 \u01af\u1edaP S\u1eeeA CHUA, V\u00c1NG S\u1eeeA, NG\u00d2, TR\u1ee8NG V\u00c0 GIA V\u1eca N\u01af\u1edaNG"}]},{"@type":"WebSite","@id":"https:\/\/tandoorvietnam.com\/vi\/#website","url":"https:\/\/tandoorvietnam.com\/vi\/","name":"Tandoor Vietnam","description":"Nh\u00e0 h\u00e0ng ngon h\u1ed3 ch\u00ed minh","publisher":{"@id":"https:\/\/tandoorvietnam.com\/vi\/#organization"},"potentialAction":[{"@type":"SearchAction","target":{"@type":"EntryPoint","urlTemplate":"https:\/\/tandoorvietnam.com\/vi\/?s={search_term_string}"},"query-input":{"@type":"PropertyValueSpecification","valueRequired":true,"valueName":"search_term_string"}}],"inLanguage":"vi-VN"},{"@type":"Organization","@id":"https:\/\/tandoorvietnam.com\/vi\/#organization","name":"Tandoor Vietnam","url":"https:\/\/tandoorvietnam.com\/vi\/","logo":{"@type":"ImageObject","inLanguage":"vi-VN","@id":"https:\/\/tandoorvietnam.com\/vi\/#\/schema\/logo\/image\/","url":"https:\/\/tandoorvietnam.com\/wp-content\/uploads\/2020\/07\/logo.png","contentUrl":"https:\/\/tandoorvietnam.com\/wp-content\/uploads\/2020\/07\/logo.png","width":133,"height":75,"caption":"Tandoor Vietnam"},"image":{"@id":"https:\/\/tandoorvietnam.com\/vi\/#\/schema\/logo\/image\/"},"sameAs":["https:\/\/www.facebook.com\/tandoor.hcmc\/"]}]}},"_links":{"self":[{"href":"https:\/\/tandoorvietnam.com\/vi\/wp-json\/wp\/v2\/product\/3318","targetHints":{"allow":["GET"]}}],"collection":[{"href":"https:\/\/tandoorvietnam.com\/vi\/wp-json\/wp\/v2\/product"}],"about":[{"href":"https:\/\/tandoorvietnam.com\/vi\/wp-json\/wp\/v2\/types\/product"}],"wp:featuredmedia":[{"embeddable":true,"href":"https:\/\/tandoorvietnam.com\/vi\/wp-json\/wp\/v2\/media\/3319"}],"wp:attachment":[{"href":"https:\/\/tandoorvietnam.com\/vi\/wp-json\/wp\/v2\/media?parent=3318"}],"wp:term":[{"taxonomy":"product_brand","embeddable":true,"href":"https:\/\/tandoorvietnam.com\/vi\/wp-json\/wp\/v2\/product_brand?post=3318"},{"taxonomy":"product_cat","embeddable":true,"href":"https:\/\/tandoorvietnam.com\/vi\/wp-json\/wp\/v2\/product_cat?post=3318"},{"taxonomy":"product_tag","embeddable":true,"href":"https:\/\/tandoorvietnam.com\/vi\/wp-json\/wp\/v2\/product_tag?post=3318"}],"curies":[{"name":"wp","href":"https:\/\/api.w.org\/{rel}","templated":true}]}}