{"id":3320,"date":"2020-06-20T11:04:56","date_gmt":"2021-04-19T04:58:23","guid":{"rendered":"http:\/\/tandoorvietnam.com\/product\/uncategorized\/thit-cuu-bam-tron-gia-vi-cay-va-rau-thom-nuong-lo-tandoor\/"},"modified":"2023-05-11T04:49:45","modified_gmt":"2023-05-11T04:49:45","slug":"thit-cuu-bam-tron-gia-vi-cay-va-rau-thom-nuong-lo-tandoor","status":"publish","type":"product","link":"https:\/\/tandoorvietnam.com\/vi\/sanpham\/cac-mon-nuong-kebab\/thit-cuu-bam-tron-gia-vi-cay-va-rau-thom-nuong-lo-tandoor\/","title":{"rendered":"Lamb Seekh Kebab (Kebab th\u1ecbt c\u1eebu xi\u00ean n\u01b0\u1edbng)"},"content":{"rendered":"<p>Th\u1ecbt c\u1eebu xi\u00ean n\u01b0\u1edbng t\u1ea9m gia v\u1ecb cay v\u1edbi rau th\u01a1m n\u01b0\u1edbng l\u00f2 Tandoor l\u00e0 m\u1ed9t trong nh\u1eefng m\u00f3n \u0103n \u0111\u1eb7c tr\u01b0ng v\u00e0 ph\u1ed5 bi\u1ebfn t\u1ea1i \u1ea4n \u0110\u1ed9, v\u00e0 c\u0169ng l\u00e0 m\u00f3n \u0103n \u0111\u01b0\u1ee3c y\u00eau th\u00edch t\u1ea1i Tandoor Vietnam. Th\u1ecbt c\u1eebu \u0111\u01b0\u1ee3c ch\u1ecdn l\u1ef1a k\u1ef9 c\u00e0ng t\u1eeb nh\u1eefng con c\u1eebu t\u01b0\u01a1i ngon, sau \u0111\u00f3 \u0111\u01b0\u1ee3c c\u1eaft th\u00e0nh t\u1eebng mi\u1ebfng th\u1ecbt m\u1ec1m m\u1ea1i, xi\u00ean l\u00ean que tre r\u1ed3i \u01b0\u1edbp gia v\u1ecb cay v\u00e0 th\u01a1m ngon. Nh\u1eefng que th\u1ecbt xi\u00ean s\u1ebd \u0111\u01b0\u1ee3c n\u01b0\u1edbng tr\u00ean l\u00f2 Tandoor, cho \u0111\u1ebfn khi th\u1ecbt ch\u00edn m\u1ec1m v\u00e0 m\u00f9i th\u01a1m c\u1ee7a gia v\u1ecb lan t\u1ecfa kh\u1eafp kh\u00f4ng gian.<\/p>\n<p>\u0110\u1ec3 t\u1ea1o s\u1ef1 t\u01b0\u01a1i ngon v\u00e0 h\u1ea5p d\u1eabn cho m\u00f3n \u0103n, rau th\u01a1m c\u00f9ng v\u1edbi nh\u1eefng lo\u1ea1i gia v\u1ecb \u0111\u01b0\u1ee3c r\u1eafc l\u00ean tr\u00ean que th\u1ecbt xi\u00ean. Rau th\u01a1m v\u00e0 gia v\u1ecb s\u1ebd mang l\u1ea1i h\u01b0\u01a1ng v\u1ecb \u0111\u1eb7c tr\u01b0ng c\u1ee7a \u1ea4n \u0110\u1ed9, khi\u1ebfn cho th\u1ef1c kh\u00e1ch kh\u00f4ng th\u1ec3 ng\u1eebng th\u01b0\u1edfng th\u1ee9c.<\/p>\n<p>Th\u1ecbt c\u1eebu xi\u00ean n\u01b0\u1edbng t\u1ea9m gia v\u1ecb cay v\u1edbi rau th\u01a1m n\u01b0\u1edbng l\u00f2 Tandoor l\u00e0 m\u1ed9t m\u00f3n \u0103n v\u1eeba ngon mi\u1ec7ng, v\u1eeba b\u1ed5 d\u01b0\u1ee1ng v\u00e0 gi\u00e0u dinh d\u01b0\u1ee1ng. C\u1eebu l\u00e0 ngu\u1ed3n cung c\u1ea5p protein v\u00e0 ch\u1ea5t b\u00e9o t\u1ed1t cho c\u01a1 th\u1ec3. Nh\u1eefng lo\u1ea1i rau th\u01a1m nh\u01b0 ng\u00f2 r\u00ed, b\u1ea1c h\u00e0, rau th\u01a1m v\u00e0 c\u00e1c lo\u1ea1i gia v\u1ecb nh\u01b0 cay, ti\u00eau, h\u1ea1t \u0111i\u1ec1u c\u0169ng \u0111\u1ec1u mang l\u1ea1i l\u1ee3i \u00edch cho s\u1ee9c kh\u1ecfe c\u1ee7a b\u1ea1n.<\/p>\n<p>\u0110\u1ebfn v\u1edbi <a href=\"https:\/\/tandoorvietnam.com\/\">nh\u00e0 h\u00e0ng \u1ea4n \u0110\u1ed9 Tandoor Vietnam<\/a>, b\u1ea1n s\u1ebd \u0111\u01b0\u1ee3c th\u01b0\u1edfng th\u1ee9c th\u1ef1c \u0111\u01a1n \u0111a d\u1ea1ng v\u00e0 phong ph\u00fa v\u1edbi nh\u1eefng m\u00f3n \u0103n \u0111\u1eadm ch\u1ea5t \u1ea4n \u0110\u1ed9. Ch\u00fang t\u00f4i cam k\u1ebft s\u1eed d\u1ee5ng nguy\u00ean li\u1ec7u t\u01b0\u01a1i ngon, an to\u00e0n v\u00e0 \u0111\u1ea3m b\u1ea3o v\u1ec7 sinh, \u0111\u1ec3 \u0111\u01b0a \u0111\u1ebfn cho kh\u00e1ch h\u00e0ng nh\u1eefng m\u00f3n \u0103n ch\u1ea5t l\u01b0\u1ee3ng v\u00e0 h\u1ea5p d\u1eabn nh\u1ea5t.<\/p>\n","protected":false},"excerpt":{"rendered":"<p>&nbsp;<\/p>\n<table width=\"723\">\n<tbody>\n<tr>\n<td width=\"412\">Tender minced lamb blended with chef\u2019s of spiced combination,grilled in Tandoor oven<\/td>\n<\/tr>\n<tr>\n<td width=\"412\"><em>Th\u1ecbt c\u1eebu b\u0103m nhuy\u1ec5n t\u1ea9m gia v\u1ecb cay v\u1edbi rau th\u01a1m n\u01b0\u1edbng l\u00f2 Tandoor<\/em><\/td>\n<\/tr>\n<\/tbody>\n<\/table>\n","protected":false},"featured_media":3321,"template":"","meta":[],"product_brand":[],"product_cat":[228],"product_tag":[],"class_list":{"0":"post-3320","1":"product","2":"type-product","3":"status-publish","4":"has-post-thumbnail","6":"product_cat-cac-mon-nuong-kebab","8":"first","9":"instock","10":"taxable","11":"shipping-taxable","12":"purchasable","13":"product-type-simple"},"yoast_head":"<!-- This site is optimized with the Yoast SEO Premium plugin v22.3 (Yoast SEO v27.4) - https:\/\/yoast.com\/product\/yoast-seo-premium-wordpress\/ -->\n<title>Lamb Seekh Kebab (Kebab th\u1ecbt c\u1eebu xi\u00ean n\u01b0\u1edbng)<\/title>\n<meta name=\"description\" content=\"Th\u1ecbt c\u1eebu xi\u00ean n\u01b0\u1edbng t\u1ea9m gia v\u1ecb cay v\u1edbi rau th\u01a1m n\u01b0\u1edbng l\u00f2 Tandoor, m\u00f3n \u0103n \u0111\u1eadm ch\u1ea5t \u1ea9m th\u1ef1c \u1ea4n \u0110\u1ed9 t\u1ea1i nh\u00e0 h\u00e0ng Tandoor Vietnam.\" \/>\n<meta name=\"robots\" content=\"index, follow, max-snippet:-1, max-image-preview:large, max-video-preview:-1\" \/>\n<link rel=\"canonical\" href=\"https:\/\/tandoorvietnam.com\/vi\/sanpham\/cac-mon-nuong-kebab\/thit-cuu-bam-tron-gia-vi-cay-va-rau-thom-nuong-lo-tandoor\/\" \/>\n<meta property=\"og:locale\" content=\"vi_VN\" \/>\n<meta property=\"og:type\" content=\"article\" \/>\n<meta property=\"og:title\" content=\"Lamb Seekh Kebab (Kebab th\u1ecbt c\u1eebu xi\u00ean n\u01b0\u1edbng)\" \/>\n<meta property=\"og:description\" content=\"Th\u1ecbt c\u1eebu xi\u00ean n\u01b0\u1edbng t\u1ea9m gia v\u1ecb cay v\u1edbi rau th\u01a1m n\u01b0\u1edbng l\u00f2 Tandoor, m\u00f3n \u0103n \u0111\u1eadm ch\u1ea5t \u1ea9m th\u1ef1c \u1ea4n \u0110\u1ed9 t\u1ea1i nh\u00e0 h\u00e0ng Tandoor Vietnam.\" \/>\n<meta property=\"og:url\" content=\"https:\/\/tandoorvietnam.com\/vi\/sanpham\/cac-mon-nuong-kebab\/thit-cuu-bam-tron-gia-vi-cay-va-rau-thom-nuong-lo-tandoor\/\" \/>\n<meta property=\"og:site_name\" content=\"Tandoor Vi\u1ec7t Nam\" \/>\n<meta property=\"article:publisher\" content=\"https:\/\/www.facebook.com\/tandoor.hcmc\/\" \/>\n<meta property=\"article:modified_time\" content=\"2023-05-11T04:49:45+00:00\" \/>\n<meta property=\"og:image\" content=\"https:\/\/tandoorvietnam.com\/wp-content\/uploads\/2020\/06\/Kalmi-kebab-bone-1.jpg\" \/>\n\t<meta property=\"og:image:width\" content=\"800\" \/>\n\t<meta property=\"og:image:height\" content=\"532\" \/>\n\t<meta property=\"og:image:type\" content=\"image\/jpeg\" \/>\n<meta name=\"twitter:card\" content=\"summary_large_image\" \/>\n<meta name=\"twitter:label1\" content=\"Est. reading time\" \/>\n\t<meta name=\"twitter:data1\" content=\"2 minutes\" \/>\n<script type=\"application\/ld+json\" class=\"yoast-schema-graph\">{\"@context\":\"https:\\\/\\\/schema.org\",\"@graph\":[{\"@type\":\"WebPage\",\"@id\":\"https:\\\/\\\/tandoorvietnam.com\\\/vi\\\/sanpham\\\/cac-mon-nuong-kebab\\\/thit-cuu-bam-tron-gia-vi-cay-va-rau-thom-nuong-lo-tandoor\\\/\",\"url\":\"https:\\\/\\\/tandoorvietnam.com\\\/vi\\\/sanpham\\\/cac-mon-nuong-kebab\\\/thit-cuu-bam-tron-gia-vi-cay-va-rau-thom-nuong-lo-tandoor\\\/\",\"name\":\"Lamb Seekh Kebab (Kebab th\u1ecbt c\u1eebu xi\u00ean n\u01b0\u1edbng)\",\"isPartOf\":{\"@id\":\"https:\\\/\\\/tandoorvietnam.com\\\/vi\\\/#website\"},\"primaryImageOfPage\":{\"@id\":\"https:\\\/\\\/tandoorvietnam.com\\\/vi\\\/sanpham\\\/cac-mon-nuong-kebab\\\/thit-cuu-bam-tron-gia-vi-cay-va-rau-thom-nuong-lo-tandoor\\\/#primaryimage\"},\"image\":{\"@id\":\"https:\\\/\\\/tandoorvietnam.com\\\/vi\\\/sanpham\\\/cac-mon-nuong-kebab\\\/thit-cuu-bam-tron-gia-vi-cay-va-rau-thom-nuong-lo-tandoor\\\/#primaryimage\"},\"thumbnailUrl\":\"https:\\\/\\\/tandoorvietnam.com\\\/wp-content\\\/uploads\\\/2020\\\/06\\\/Kalmi-kebab-bone-1.jpg\",\"datePublished\":\"2021-04-19T04:58:23+00:00\",\"dateModified\":\"2023-05-11T04:49:45+00:00\",\"description\":\"Th\u1ecbt c\u1eebu xi\u00ean n\u01b0\u1edbng t\u1ea9m gia v\u1ecb cay v\u1edbi rau th\u01a1m n\u01b0\u1edbng l\u00f2 Tandoor, m\u00f3n \u0103n \u0111\u1eadm ch\u1ea5t \u1ea9m th\u1ef1c \u1ea4n \u0110\u1ed9 t\u1ea1i nh\u00e0 h\u00e0ng Tandoor Vietnam.\",\"breadcrumb\":{\"@id\":\"https:\\\/\\\/tandoorvietnam.com\\\/vi\\\/sanpham\\\/cac-mon-nuong-kebab\\\/thit-cuu-bam-tron-gia-vi-cay-va-rau-thom-nuong-lo-tandoor\\\/#breadcrumb\"},\"inLanguage\":\"vi-VN\",\"potentialAction\":[{\"@type\":\"ReadAction\",\"target\":[\"https:\\\/\\\/tandoorvietnam.com\\\/vi\\\/sanpham\\\/cac-mon-nuong-kebab\\\/thit-cuu-bam-tron-gia-vi-cay-va-rau-thom-nuong-lo-tandoor\\\/\"]}]},{\"@type\":\"ImageObject\",\"inLanguage\":\"vi-VN\",\"@id\":\"https:\\\/\\\/tandoorvietnam.com\\\/vi\\\/sanpham\\\/cac-mon-nuong-kebab\\\/thit-cuu-bam-tron-gia-vi-cay-va-rau-thom-nuong-lo-tandoor\\\/#primaryimage\",\"url\":\"https:\\\/\\\/tandoorvietnam.com\\\/wp-content\\\/uploads\\\/2020\\\/06\\\/Kalmi-kebab-bone-1.jpg\",\"contentUrl\":\"https:\\\/\\\/tandoorvietnam.com\\\/wp-content\\\/uploads\\\/2020\\\/06\\\/Kalmi-kebab-bone-1.jpg\",\"width\":800,\"height\":532,\"caption\":\"Kebab th\u1ecbt c\u1eebu xi\u00ean n\u01b0\u1edbng\"},{\"@type\":\"BreadcrumbList\",\"@id\":\"https:\\\/\\\/tandoorvietnam.com\\\/vi\\\/sanpham\\\/cac-mon-nuong-kebab\\\/thit-cuu-bam-tron-gia-vi-cay-va-rau-thom-nuong-lo-tandoor\\\/#breadcrumb\",\"itemListElement\":[{\"@type\":\"ListItem\",\"position\":1,\"name\":\"Trang Ch\u1ee7\",\"item\":\"https:\\\/\\\/tandoorvietnam.com\\\/vi\\\/\"},{\"@type\":\"ListItem\",\"position\":2,\"name\":\"Shop\",\"item\":\"https:\\\/\\\/tandoorvietnam.com\\\/shop\\\/\"},{\"@type\":\"ListItem\",\"position\":3,\"name\":\"Lamb Seekh Kebab (Kebab th\u1ecbt c\u1eebu xi\u00ean n\u01b0\u1edbng)\"}]},{\"@type\":\"WebSite\",\"@id\":\"https:\\\/\\\/tandoorvietnam.com\\\/vi\\\/#website\",\"url\":\"https:\\\/\\\/tandoorvietnam.com\\\/vi\\\/\",\"name\":\"Tandoor Vietnam\",\"description\":\"Nh\u00e0 h\u00e0ng ngon h\u1ed3 ch\u00ed minh\",\"publisher\":{\"@id\":\"https:\\\/\\\/tandoorvietnam.com\\\/vi\\\/#organization\"},\"potentialAction\":[{\"@type\":\"SearchAction\",\"target\":{\"@type\":\"EntryPoint\",\"urlTemplate\":\"https:\\\/\\\/tandoorvietnam.com\\\/vi\\\/?s={search_term_string}\"},\"query-input\":{\"@type\":\"PropertyValueSpecification\",\"valueRequired\":true,\"valueName\":\"search_term_string\"}}],\"inLanguage\":\"vi-VN\"},{\"@type\":\"Organization\",\"@id\":\"https:\\\/\\\/tandoorvietnam.com\\\/vi\\\/#organization\",\"name\":\"Tandoor Vietnam\",\"url\":\"https:\\\/\\\/tandoorvietnam.com\\\/vi\\\/\",\"logo\":{\"@type\":\"ImageObject\",\"inLanguage\":\"vi-VN\",\"@id\":\"https:\\\/\\\/tandoorvietnam.com\\\/vi\\\/#\\\/schema\\\/logo\\\/image\\\/\",\"url\":\"https:\\\/\\\/tandoorvietnam.com\\\/wp-content\\\/uploads\\\/2020\\\/07\\\/logo.png\",\"contentUrl\":\"https:\\\/\\\/tandoorvietnam.com\\\/wp-content\\\/uploads\\\/2020\\\/07\\\/logo.png\",\"width\":133,\"height\":75,\"caption\":\"Tandoor Vietnam\"},\"image\":{\"@id\":\"https:\\\/\\\/tandoorvietnam.com\\\/vi\\\/#\\\/schema\\\/logo\\\/image\\\/\"},\"sameAs\":[\"https:\\\/\\\/www.facebook.com\\\/tandoor.hcmc\\\/\"]}]}<\/script>\n<!-- \/ Yoast SEO Premium plugin. -->","yoast_head_json":{"title":"Lamb Seekh Kebab (Kebab th\u1ecbt c\u1eebu xi\u00ean n\u01b0\u1edbng)","description":"Th\u1ecbt c\u1eebu xi\u00ean n\u01b0\u1edbng t\u1ea9m gia v\u1ecb cay v\u1edbi rau th\u01a1m n\u01b0\u1edbng l\u00f2 Tandoor, m\u00f3n \u0103n \u0111\u1eadm ch\u1ea5t \u1ea9m th\u1ef1c \u1ea4n \u0110\u1ed9 t\u1ea1i nh\u00e0 h\u00e0ng Tandoor Vietnam.","robots":{"index":"index","follow":"follow","max-snippet":"max-snippet:-1","max-image-preview":"max-image-preview:large","max-video-preview":"max-video-preview:-1"},"canonical":"https:\/\/tandoorvietnam.com\/vi\/sanpham\/cac-mon-nuong-kebab\/thit-cuu-bam-tron-gia-vi-cay-va-rau-thom-nuong-lo-tandoor\/","og_locale":"vi_VN","og_type":"article","og_title":"Lamb Seekh Kebab (Kebab th\u1ecbt c\u1eebu xi\u00ean n\u01b0\u1edbng)","og_description":"Th\u1ecbt c\u1eebu xi\u00ean n\u01b0\u1edbng t\u1ea9m gia v\u1ecb cay v\u1edbi rau th\u01a1m n\u01b0\u1edbng l\u00f2 Tandoor, m\u00f3n \u0103n \u0111\u1eadm ch\u1ea5t \u1ea9m th\u1ef1c \u1ea4n \u0110\u1ed9 t\u1ea1i nh\u00e0 h\u00e0ng Tandoor Vietnam.","og_url":"https:\/\/tandoorvietnam.com\/vi\/sanpham\/cac-mon-nuong-kebab\/thit-cuu-bam-tron-gia-vi-cay-va-rau-thom-nuong-lo-tandoor\/","og_site_name":"Tandoor Vi\u1ec7t Nam","article_publisher":"https:\/\/www.facebook.com\/tandoor.hcmc\/","article_modified_time":"2023-05-11T04:49:45+00:00","og_image":[{"width":800,"height":532,"url":"https:\/\/tandoorvietnam.com\/wp-content\/uploads\/2020\/06\/Kalmi-kebab-bone-1.jpg","type":"image\/jpeg"}],"twitter_card":"summary_large_image","twitter_misc":{"Est. reading time":"2 minutes"},"schema":{"@context":"https:\/\/schema.org","@graph":[{"@type":"WebPage","@id":"https:\/\/tandoorvietnam.com\/vi\/sanpham\/cac-mon-nuong-kebab\/thit-cuu-bam-tron-gia-vi-cay-va-rau-thom-nuong-lo-tandoor\/","url":"https:\/\/tandoorvietnam.com\/vi\/sanpham\/cac-mon-nuong-kebab\/thit-cuu-bam-tron-gia-vi-cay-va-rau-thom-nuong-lo-tandoor\/","name":"Lamb Seekh Kebab (Kebab th\u1ecbt c\u1eebu xi\u00ean n\u01b0\u1edbng)","isPartOf":{"@id":"https:\/\/tandoorvietnam.com\/vi\/#website"},"primaryImageOfPage":{"@id":"https:\/\/tandoorvietnam.com\/vi\/sanpham\/cac-mon-nuong-kebab\/thit-cuu-bam-tron-gia-vi-cay-va-rau-thom-nuong-lo-tandoor\/#primaryimage"},"image":{"@id":"https:\/\/tandoorvietnam.com\/vi\/sanpham\/cac-mon-nuong-kebab\/thit-cuu-bam-tron-gia-vi-cay-va-rau-thom-nuong-lo-tandoor\/#primaryimage"},"thumbnailUrl":"https:\/\/tandoorvietnam.com\/wp-content\/uploads\/2020\/06\/Kalmi-kebab-bone-1.jpg","datePublished":"2021-04-19T04:58:23+00:00","dateModified":"2023-05-11T04:49:45+00:00","description":"Th\u1ecbt c\u1eebu xi\u00ean n\u01b0\u1edbng t\u1ea9m gia v\u1ecb cay v\u1edbi rau th\u01a1m n\u01b0\u1edbng l\u00f2 Tandoor, m\u00f3n \u0103n \u0111\u1eadm ch\u1ea5t \u1ea9m th\u1ef1c \u1ea4n \u0110\u1ed9 t\u1ea1i nh\u00e0 h\u00e0ng Tandoor Vietnam.","breadcrumb":{"@id":"https:\/\/tandoorvietnam.com\/vi\/sanpham\/cac-mon-nuong-kebab\/thit-cuu-bam-tron-gia-vi-cay-va-rau-thom-nuong-lo-tandoor\/#breadcrumb"},"inLanguage":"vi-VN","potentialAction":[{"@type":"ReadAction","target":["https:\/\/tandoorvietnam.com\/vi\/sanpham\/cac-mon-nuong-kebab\/thit-cuu-bam-tron-gia-vi-cay-va-rau-thom-nuong-lo-tandoor\/"]}]},{"@type":"ImageObject","inLanguage":"vi-VN","@id":"https:\/\/tandoorvietnam.com\/vi\/sanpham\/cac-mon-nuong-kebab\/thit-cuu-bam-tron-gia-vi-cay-va-rau-thom-nuong-lo-tandoor\/#primaryimage","url":"https:\/\/tandoorvietnam.com\/wp-content\/uploads\/2020\/06\/Kalmi-kebab-bone-1.jpg","contentUrl":"https:\/\/tandoorvietnam.com\/wp-content\/uploads\/2020\/06\/Kalmi-kebab-bone-1.jpg","width":800,"height":532,"caption":"Kebab th\u1ecbt c\u1eebu xi\u00ean n\u01b0\u1edbng"},{"@type":"BreadcrumbList","@id":"https:\/\/tandoorvietnam.com\/vi\/sanpham\/cac-mon-nuong-kebab\/thit-cuu-bam-tron-gia-vi-cay-va-rau-thom-nuong-lo-tandoor\/#breadcrumb","itemListElement":[{"@type":"ListItem","position":1,"name":"Trang Ch\u1ee7","item":"https:\/\/tandoorvietnam.com\/vi\/"},{"@type":"ListItem","position":2,"name":"Shop","item":"https:\/\/tandoorvietnam.com\/shop\/"},{"@type":"ListItem","position":3,"name":"Lamb Seekh Kebab (Kebab th\u1ecbt c\u1eebu xi\u00ean n\u01b0\u1edbng)"}]},{"@type":"WebSite","@id":"https:\/\/tandoorvietnam.com\/vi\/#website","url":"https:\/\/tandoorvietnam.com\/vi\/","name":"Tandoor Vietnam","description":"Nh\u00e0 h\u00e0ng ngon h\u1ed3 ch\u00ed minh","publisher":{"@id":"https:\/\/tandoorvietnam.com\/vi\/#organization"},"potentialAction":[{"@type":"SearchAction","target":{"@type":"EntryPoint","urlTemplate":"https:\/\/tandoorvietnam.com\/vi\/?s={search_term_string}"},"query-input":{"@type":"PropertyValueSpecification","valueRequired":true,"valueName":"search_term_string"}}],"inLanguage":"vi-VN"},{"@type":"Organization","@id":"https:\/\/tandoorvietnam.com\/vi\/#organization","name":"Tandoor Vietnam","url":"https:\/\/tandoorvietnam.com\/vi\/","logo":{"@type":"ImageObject","inLanguage":"vi-VN","@id":"https:\/\/tandoorvietnam.com\/vi\/#\/schema\/logo\/image\/","url":"https:\/\/tandoorvietnam.com\/wp-content\/uploads\/2020\/07\/logo.png","contentUrl":"https:\/\/tandoorvietnam.com\/wp-content\/uploads\/2020\/07\/logo.png","width":133,"height":75,"caption":"Tandoor Vietnam"},"image":{"@id":"https:\/\/tandoorvietnam.com\/vi\/#\/schema\/logo\/image\/"},"sameAs":["https:\/\/www.facebook.com\/tandoor.hcmc\/"]}]}},"_links":{"self":[{"href":"https:\/\/tandoorvietnam.com\/vi\/wp-json\/wp\/v2\/product\/3320","targetHints":{"allow":["GET"]}}],"collection":[{"href":"https:\/\/tandoorvietnam.com\/vi\/wp-json\/wp\/v2\/product"}],"about":[{"href":"https:\/\/tandoorvietnam.com\/vi\/wp-json\/wp\/v2\/types\/product"}],"wp:featuredmedia":[{"embeddable":true,"href":"https:\/\/tandoorvietnam.com\/vi\/wp-json\/wp\/v2\/media\/3321"}],"wp:attachment":[{"href":"https:\/\/tandoorvietnam.com\/vi\/wp-json\/wp\/v2\/media?parent=3320"}],"wp:term":[{"taxonomy":"product_brand","embeddable":true,"href":"https:\/\/tandoorvietnam.com\/vi\/wp-json\/wp\/v2\/product_brand?post=3320"},{"taxonomy":"product_cat","embeddable":true,"href":"https:\/\/tandoorvietnam.com\/vi\/wp-json\/wp\/v2\/product_cat?post=3320"},{"taxonomy":"product_tag","embeddable":true,"href":"https:\/\/tandoorvietnam.com\/vi\/wp-json\/wp\/v2\/product_tag?post=3320"}],"curies":[{"name":"wp","href":"https:\/\/api.w.org\/{rel}","templated":true}]}}