{"id":3323,"date":"2020-06-20T10:43:29","date_gmt":"2021-04-19T05:02:22","guid":{"rendered":"http:\/\/tandoorvietnam.com\/product\/uncategorized\/pho-mai-paneer-ca-chua-ot-xanh-hanh-tay-tam-gia-vi-cay-nuong-lo-tandoor\/"},"modified":"2023-05-20T08:14:08","modified_gmt":"2023-05-20T08:14:08","slug":"pho-mai-paneer-ca-chua-ot-xanh-hanh-tay-tam-gia-vi-cay-nuong-lo-tandoor","status":"publish","type":"product","link":"https:\/\/tandoorvietnam.com\/vi\/sanpham\/cac-mon-nuong-kebab\/pho-mai-paneer-ca-chua-ot-xanh-hanh-tay-tam-gia-vi-cay-nuong-lo-tandoor\/","title":{"rendered":"Paneer Tikka (PH\u00d4 MAI PANEER, C\u00c0 CHUA, \u1edaT XANH, H\u00c0NH T\u00c2Y T\u1ea8M GIA V\u1eca CAY N\u01af\u1edaNG L\u00d2 TANDOOR)"},"content":{"rendered":"<p>Ph\u00f4 mai Paneer c\u00e0 chua, \u1edbt xanh, h\u00e0nh t\u00e2y t\u1ea9m gia v\u1ecb cay n\u01b0\u1edbng l\u00f2 Tandoor l\u00e0 m\u1ed9t m\u00f3n \u0103n \u0111\u1ed9c \u0111\u00e1o v\u00e0 ngon mi\u1ec7ng. Ch\u00fang t\u00f4i s\u1eed d\u1ee5ng ph\u00f4 mai Paneer, m\u1ed9t lo\u1ea1i ph\u00f4 mai truy\u1ec1n th\u1ed1ng t\u1eeb \u1ea4n \u0110\u1ed9, c\u00f3 c\u1ea5u tr\u00fac m\u1ec1m m\u1ecbn v\u00e0 h\u01b0\u01a1ng v\u1ecb \u0111\u1eb7c tr\u01b0ng.<\/p>\n<p>Ph\u00f4 mai Paneer \u0111\u01b0\u1ee3c t\u1ea9m gia v\u1ecb cay v\u00e0 n\u01b0\u1edbng tr\u00ean l\u00f2 Tandoor, t\u1ea1o ra l\u1edbp v\u1ecf ngo\u00e0i gi\u00f2n tan v\u00e0 h\u01b0\u01a1ng v\u1ecb th\u01a1m ngon. Ch\u00fang t\u00f4i k\u1ebft h\u1ee3p ph\u00f4 mai Paneer n\u01b0\u1edbng v\u1edbi c\u00e0 chua t\u01b0\u01a1i, \u1edbt xanh v\u00e0 h\u00e0nh t\u00e2y, t\u1ea1o n\u00ean s\u1ef1 k\u1ebft h\u1ee3p h\u00e0i h\u00f2a c\u1ee7a h\u01b0\u01a1ng v\u1ecb v\u00e0 m\u00e0u s\u1eafc.<\/p>\n<p>M\u00f3n \u0103n n\u00e0y c\u00f3 h\u01b0\u01a1ng v\u1ecb \u0111\u1eadm \u0111\u00e0 v\u00e0 th\u01a1m ngon nh\u1edd s\u1ef1 k\u1ebft h\u1ee3p c\u1ee7a c\u00e1c gia v\u1ecb v\u00e0 nguy\u00ean li\u1ec7u t\u01b0\u01a1i ngon. H\u00e0nh t\u00e2y t\u1ea9m gia v\u1ecb cay v\u00e0 \u1edbt xanh mang \u0111\u1ebfn m\u1ed9t c\u1ea3m gi\u00e1c h\u1ea5p d\u1eabn v\u00e0 cay n\u1ed3ng.<\/p>\n<p>Ph\u00f4 mai Paneer n\u01b0\u1edbng l\u00f2 Tandoor l\u00e0 m\u1ed9t l\u1ef1a ch\u1ecdn tuy\u1ec7t v\u1eddi cho nh\u1eefng ai y\u00eau th\u00edch \u1ea9m th\u1ef1c \u1ea4n \u0110\u1ed9 v\u00e0 mu\u1ed1n kh\u00e1m ph\u00e1 nh\u1eefng h\u01b0\u01a1ng v\u1ecb \u0111\u1eb7c tr\u01b0ng c\u1ee7a n\u1ec1n v\u0103n h\u00f3a \u1ea9m th\u1ef1c n\u00e0y.<\/p>\n<p>T\u1ea1i Tandoor Vietnam, ch\u00fang t\u00f4i cam k\u1ebft s\u1eed d\u1ee5ng c\u00e1c nguy\u00ean li\u1ec7u t\u01b0\u01a1i ngon v\u00e0 ch\u1ea5t l\u01b0\u1ee3ng cao \u0111\u1ec3 t\u1ea1o ra m\u00f3n \u0103n n\u00e0y. M\u1ed7i mi\u1ebfng Ph\u00f4 mai Paneer n\u01b0\u1edbng \u0111\u01b0\u1ee3c chu\u1ea9n b\u1ecb v\u00e0 n\u01b0\u1edbng ch\u00edn t\u1ec9 m\u1ec9 \u0111\u1ec3 \u0111\u1ea3m b\u1ea3o h\u01b0\u01a1ng v\u1ecb v\u00e0 ch\u1ea5t l\u01b0\u1ee3ng t\u1ed1t nh\u1ea5t.<\/p>\n<p>H\u00e3y tr\u1ea3i nghi\u1ec7m h\u01b0\u01a1ng v\u1ecb \u0111\u1ed9c \u0111\u00e1o c\u1ee7a Ph\u00f4 mai Paneer, c\u00e0 chua, \u1edbt xanh v\u00e0 h\u00e0nh t\u00e2y t\u1ea9m gia v\u1ecb cay n\u01b0\u1edbng l\u00f2 Tandoor t\u1ea1i <a href=\"https:\/\/tandoorvietnam.com\/\">Tandoor Vietnam<\/a>. S\u1ef1 k\u1ebft h\u1ee3p ho\u00e0n h\u1ea3o gi\u1eefa nguy\u00ean li\u1ec7u t\u01b0\u01a1i ngon v\u00e0 k\u1ef9 thu\u1eadt n\u01b0\u1edbng tinh t\u1ebf s\u1ebd chinh ph\u1ee5c c\u1ea3 nh\u1eefng th\u1ef1c kh\u00e1ch kh\u00f3 t\u00ednh nh\u1ea5t.<\/p>\n","protected":false},"excerpt":{"rendered":"<p>&nbsp;<\/p>\n<table width=\"723\">\n<tbody>\n<tr>\n<td width=\"412\">Cubes of char grilled minty cheese served with barbequed vegetables<\/td>\n<\/tr>\n<tr>\n<td width=\"412\"><em>Phomat tr\u1eafng + c\u00e0 chua + \u1edbt xanh + h\u00e0nh t\u00e2y t\u1ea9m gia v\u1ecb cay n\u01b0\u1edbng s\u00e2u trong l\u00f2 Tandoor<\/em><\/td>\n<\/tr>\n<\/tbody>\n<\/table>\n","protected":false},"featured_media":3324,"template":"","meta":[],"product_brand":[],"product_cat":[228],"product_tag":[],"class_list":{"0":"post-3323","1":"product","2":"type-product","3":"status-publish","4":"has-post-thumbnail","6":"product_cat-cac-mon-nuong-kebab","8":"first","9":"instock","10":"taxable","11":"shipping-taxable","12":"purchasable","13":"product-type-simple"},"yoast_head":"<!-- This site is optimized with the Yoast SEO Premium plugin v22.3 (Yoast SEO v27.4) - https:\/\/yoast.com\/product\/yoast-seo-premium-wordpress\/ -->\n<title>PH\u00d4 MAI PANEER, C\u00c0 CHUA, \u1edaT XANH, H\u00c0NH T\u00c2Y GIA V\u1eca CAY<\/title>\n<meta name=\"description\" content=\"Ph\u00f4 mai Paneer, c\u00e0 chua, \u1edbt xanh, h\u00e0nh t\u00e2y t\u1ea9m gia v\u1ecb cay n\u01b0\u1edbng l\u00f2 Tandoor. H\u01b0\u01a1ng v\u1ecb \u0111\u1eadm \u0111\u00e0 v\u00e0 th\u01a1m ngon t\u1ea1i Tandoor Vietnam.\" \/>\n<meta name=\"robots\" content=\"index, follow, max-snippet:-1, max-image-preview:large, max-video-preview:-1\" \/>\n<link rel=\"canonical\" href=\"https:\/\/tandoorvietnam.com\/vi\/sanpham\/cac-mon-nuong-kebab\/pho-mai-paneer-ca-chua-ot-xanh-hanh-tay-tam-gia-vi-cay-nuong-lo-tandoor\/\" \/>\n<meta property=\"og:locale\" content=\"vi_VN\" \/>\n<meta property=\"og:type\" content=\"article\" \/>\n<meta property=\"og:title\" content=\"Paneer Tikka (PH\u00d4 MAI PANEER, C\u00c0 CHUA, \u1edaT XANH, H\u00c0NH T\u00c2Y T\u1ea8M GIA V\u1eca CAY N\u01af\u1edaNG L\u00d2 TANDOOR)\" \/>\n<meta property=\"og:description\" content=\"Ph\u00f4 mai Paneer, c\u00e0 chua, \u1edbt xanh, h\u00e0nh t\u00e2y t\u1ea9m gia v\u1ecb cay n\u01b0\u1edbng l\u00f2 Tandoor. H\u01b0\u01a1ng v\u1ecb \u0111\u1eadm \u0111\u00e0 v\u00e0 th\u01a1m ngon t\u1ea1i Tandoor Vietnam.\" \/>\n<meta property=\"og:url\" content=\"https:\/\/tandoorvietnam.com\/vi\/sanpham\/cac-mon-nuong-kebab\/pho-mai-paneer-ca-chua-ot-xanh-hanh-tay-tam-gia-vi-cay-nuong-lo-tandoor\/\" \/>\n<meta property=\"og:site_name\" content=\"Tandoor Vi\u1ec7t Nam\" \/>\n<meta property=\"article:publisher\" content=\"https:\/\/www.facebook.com\/tandoor.hcmc\/\" \/>\n<meta property=\"article:modified_time\" content=\"2023-05-20T08:14:08+00:00\" \/>\n<meta property=\"og:image\" content=\"https:\/\/tandoorvietnam.com\/wp-content\/uploads\/2020\/06\/paneer-tikka-1.jpg\" \/>\n\t<meta property=\"og:image:width\" content=\"800\" \/>\n\t<meta property=\"og:image:height\" content=\"532\" \/>\n\t<meta property=\"og:image:type\" content=\"image\/jpeg\" \/>\n<meta name=\"twitter:card\" content=\"summary_large_image\" \/>\n<meta name=\"twitter:label1\" content=\"Est. reading time\" \/>\n\t<meta name=\"twitter:data1\" content=\"2 minutes\" \/>\n<script type=\"application\/ld+json\" class=\"yoast-schema-graph\">{\"@context\":\"https:\\\/\\\/schema.org\",\"@graph\":[{\"@type\":\"WebPage\",\"@id\":\"https:\\\/\\\/tandoorvietnam.com\\\/vi\\\/sanpham\\\/cac-mon-nuong-kebab\\\/pho-mai-paneer-ca-chua-ot-xanh-hanh-tay-tam-gia-vi-cay-nuong-lo-tandoor\\\/\",\"url\":\"https:\\\/\\\/tandoorvietnam.com\\\/vi\\\/sanpham\\\/cac-mon-nuong-kebab\\\/pho-mai-paneer-ca-chua-ot-xanh-hanh-tay-tam-gia-vi-cay-nuong-lo-tandoor\\\/\",\"name\":\"PH\u00d4 MAI PANEER, C\u00c0 CHUA, \u1edaT XANH, H\u00c0NH T\u00c2Y GIA V\u1eca CAY\",\"isPartOf\":{\"@id\":\"https:\\\/\\\/tandoorvietnam.com\\\/vi\\\/#website\"},\"primaryImageOfPage\":{\"@id\":\"https:\\\/\\\/tandoorvietnam.com\\\/vi\\\/sanpham\\\/cac-mon-nuong-kebab\\\/pho-mai-paneer-ca-chua-ot-xanh-hanh-tay-tam-gia-vi-cay-nuong-lo-tandoor\\\/#primaryimage\"},\"image\":{\"@id\":\"https:\\\/\\\/tandoorvietnam.com\\\/vi\\\/sanpham\\\/cac-mon-nuong-kebab\\\/pho-mai-paneer-ca-chua-ot-xanh-hanh-tay-tam-gia-vi-cay-nuong-lo-tandoor\\\/#primaryimage\"},\"thumbnailUrl\":\"https:\\\/\\\/tandoorvietnam.com\\\/wp-content\\\/uploads\\\/2020\\\/06\\\/paneer-tikka-1.jpg\",\"datePublished\":\"2021-04-19T05:02:22+00:00\",\"dateModified\":\"2023-05-20T08:14:08+00:00\",\"description\":\"Ph\u00f4 mai Paneer, c\u00e0 chua, \u1edbt xanh, h\u00e0nh t\u00e2y t\u1ea9m gia v\u1ecb cay n\u01b0\u1edbng l\u00f2 Tandoor. H\u01b0\u01a1ng v\u1ecb \u0111\u1eadm \u0111\u00e0 v\u00e0 th\u01a1m ngon t\u1ea1i Tandoor Vietnam.\",\"breadcrumb\":{\"@id\":\"https:\\\/\\\/tandoorvietnam.com\\\/vi\\\/sanpham\\\/cac-mon-nuong-kebab\\\/pho-mai-paneer-ca-chua-ot-xanh-hanh-tay-tam-gia-vi-cay-nuong-lo-tandoor\\\/#breadcrumb\"},\"inLanguage\":\"vi-VN\",\"potentialAction\":[{\"@type\":\"ReadAction\",\"target\":[\"https:\\\/\\\/tandoorvietnam.com\\\/vi\\\/sanpham\\\/cac-mon-nuong-kebab\\\/pho-mai-paneer-ca-chua-ot-xanh-hanh-tay-tam-gia-vi-cay-nuong-lo-tandoor\\\/\"]}]},{\"@type\":\"ImageObject\",\"inLanguage\":\"vi-VN\",\"@id\":\"https:\\\/\\\/tandoorvietnam.com\\\/vi\\\/sanpham\\\/cac-mon-nuong-kebab\\\/pho-mai-paneer-ca-chua-ot-xanh-hanh-tay-tam-gia-vi-cay-nuong-lo-tandoor\\\/#primaryimage\",\"url\":\"https:\\\/\\\/tandoorvietnam.com\\\/wp-content\\\/uploads\\\/2020\\\/06\\\/paneer-tikka-1.jpg\",\"contentUrl\":\"https:\\\/\\\/tandoorvietnam.com\\\/wp-content\\\/uploads\\\/2020\\\/06\\\/paneer-tikka-1.jpg\",\"width\":800,\"height\":532,\"caption\":\"PH\u00d4 MAI PANEER, C\u00c0 CHUA, \u1edaT XANH, H\u00c0NH T\u00c2Y T\u1ea8M GIA V\u1eca CAY N\u01af\u1edaNG L\u00d2 TANDOOR\"},{\"@type\":\"BreadcrumbList\",\"@id\":\"https:\\\/\\\/tandoorvietnam.com\\\/vi\\\/sanpham\\\/cac-mon-nuong-kebab\\\/pho-mai-paneer-ca-chua-ot-xanh-hanh-tay-tam-gia-vi-cay-nuong-lo-tandoor\\\/#breadcrumb\",\"itemListElement\":[{\"@type\":\"ListItem\",\"position\":1,\"name\":\"Trang Ch\u1ee7\",\"item\":\"https:\\\/\\\/tandoorvietnam.com\\\/vi\\\/\"},{\"@type\":\"ListItem\",\"position\":2,\"name\":\"Shop\",\"item\":\"https:\\\/\\\/tandoorvietnam.com\\\/shop\\\/\"},{\"@type\":\"ListItem\",\"position\":3,\"name\":\"Paneer Tikka (PH\u00d4 MAI PANEER, C\u00c0 CHUA, \u1edaT XANH, H\u00c0NH T\u00c2Y T\u1ea8M GIA V\u1eca CAY N\u01af\u1edaNG L\u00d2 TANDOOR)\"}]},{\"@type\":\"WebSite\",\"@id\":\"https:\\\/\\\/tandoorvietnam.com\\\/vi\\\/#website\",\"url\":\"https:\\\/\\\/tandoorvietnam.com\\\/vi\\\/\",\"name\":\"Tandoor Vietnam\",\"description\":\"Nh\u00e0 h\u00e0ng ngon h\u1ed3 ch\u00ed minh\",\"publisher\":{\"@id\":\"https:\\\/\\\/tandoorvietnam.com\\\/vi\\\/#organization\"},\"potentialAction\":[{\"@type\":\"SearchAction\",\"target\":{\"@type\":\"EntryPoint\",\"urlTemplate\":\"https:\\\/\\\/tandoorvietnam.com\\\/vi\\\/?s={search_term_string}\"},\"query-input\":{\"@type\":\"PropertyValueSpecification\",\"valueRequired\":true,\"valueName\":\"search_term_string\"}}],\"inLanguage\":\"vi-VN\"},{\"@type\":\"Organization\",\"@id\":\"https:\\\/\\\/tandoorvietnam.com\\\/vi\\\/#organization\",\"name\":\"Tandoor Vietnam\",\"url\":\"https:\\\/\\\/tandoorvietnam.com\\\/vi\\\/\",\"logo\":{\"@type\":\"ImageObject\",\"inLanguage\":\"vi-VN\",\"@id\":\"https:\\\/\\\/tandoorvietnam.com\\\/vi\\\/#\\\/schema\\\/logo\\\/image\\\/\",\"url\":\"https:\\\/\\\/tandoorvietnam.com\\\/wp-content\\\/uploads\\\/2020\\\/07\\\/logo.png\",\"contentUrl\":\"https:\\\/\\\/tandoorvietnam.com\\\/wp-content\\\/uploads\\\/2020\\\/07\\\/logo.png\",\"width\":133,\"height\":75,\"caption\":\"Tandoor Vietnam\"},\"image\":{\"@id\":\"https:\\\/\\\/tandoorvietnam.com\\\/vi\\\/#\\\/schema\\\/logo\\\/image\\\/\"},\"sameAs\":[\"https:\\\/\\\/www.facebook.com\\\/tandoor.hcmc\\\/\"]}]}<\/script>\n<!-- \/ Yoast SEO Premium plugin. -->","yoast_head_json":{"title":"PH\u00d4 MAI PANEER, C\u00c0 CHUA, \u1edaT XANH, H\u00c0NH T\u00c2Y GIA V\u1eca CAY","description":"Ph\u00f4 mai Paneer, c\u00e0 chua, \u1edbt xanh, h\u00e0nh t\u00e2y t\u1ea9m gia v\u1ecb cay n\u01b0\u1edbng l\u00f2 Tandoor. H\u01b0\u01a1ng v\u1ecb \u0111\u1eadm \u0111\u00e0 v\u00e0 th\u01a1m ngon t\u1ea1i Tandoor Vietnam.","robots":{"index":"index","follow":"follow","max-snippet":"max-snippet:-1","max-image-preview":"max-image-preview:large","max-video-preview":"max-video-preview:-1"},"canonical":"https:\/\/tandoorvietnam.com\/vi\/sanpham\/cac-mon-nuong-kebab\/pho-mai-paneer-ca-chua-ot-xanh-hanh-tay-tam-gia-vi-cay-nuong-lo-tandoor\/","og_locale":"vi_VN","og_type":"article","og_title":"Paneer Tikka (PH\u00d4 MAI PANEER, C\u00c0 CHUA, \u1edaT XANH, H\u00c0NH T\u00c2Y T\u1ea8M GIA V\u1eca CAY N\u01af\u1edaNG L\u00d2 TANDOOR)","og_description":"Ph\u00f4 mai Paneer, c\u00e0 chua, \u1edbt xanh, h\u00e0nh t\u00e2y t\u1ea9m gia v\u1ecb cay n\u01b0\u1edbng l\u00f2 Tandoor. H\u01b0\u01a1ng v\u1ecb \u0111\u1eadm \u0111\u00e0 v\u00e0 th\u01a1m ngon t\u1ea1i Tandoor Vietnam.","og_url":"https:\/\/tandoorvietnam.com\/vi\/sanpham\/cac-mon-nuong-kebab\/pho-mai-paneer-ca-chua-ot-xanh-hanh-tay-tam-gia-vi-cay-nuong-lo-tandoor\/","og_site_name":"Tandoor Vi\u1ec7t Nam","article_publisher":"https:\/\/www.facebook.com\/tandoor.hcmc\/","article_modified_time":"2023-05-20T08:14:08+00:00","og_image":[{"width":800,"height":532,"url":"https:\/\/tandoorvietnam.com\/wp-content\/uploads\/2020\/06\/paneer-tikka-1.jpg","type":"image\/jpeg"}],"twitter_card":"summary_large_image","twitter_misc":{"Est. reading time":"2 minutes"},"schema":{"@context":"https:\/\/schema.org","@graph":[{"@type":"WebPage","@id":"https:\/\/tandoorvietnam.com\/vi\/sanpham\/cac-mon-nuong-kebab\/pho-mai-paneer-ca-chua-ot-xanh-hanh-tay-tam-gia-vi-cay-nuong-lo-tandoor\/","url":"https:\/\/tandoorvietnam.com\/vi\/sanpham\/cac-mon-nuong-kebab\/pho-mai-paneer-ca-chua-ot-xanh-hanh-tay-tam-gia-vi-cay-nuong-lo-tandoor\/","name":"PH\u00d4 MAI PANEER, C\u00c0 CHUA, \u1edaT XANH, H\u00c0NH T\u00c2Y GIA V\u1eca CAY","isPartOf":{"@id":"https:\/\/tandoorvietnam.com\/vi\/#website"},"primaryImageOfPage":{"@id":"https:\/\/tandoorvietnam.com\/vi\/sanpham\/cac-mon-nuong-kebab\/pho-mai-paneer-ca-chua-ot-xanh-hanh-tay-tam-gia-vi-cay-nuong-lo-tandoor\/#primaryimage"},"image":{"@id":"https:\/\/tandoorvietnam.com\/vi\/sanpham\/cac-mon-nuong-kebab\/pho-mai-paneer-ca-chua-ot-xanh-hanh-tay-tam-gia-vi-cay-nuong-lo-tandoor\/#primaryimage"},"thumbnailUrl":"https:\/\/tandoorvietnam.com\/wp-content\/uploads\/2020\/06\/paneer-tikka-1.jpg","datePublished":"2021-04-19T05:02:22+00:00","dateModified":"2023-05-20T08:14:08+00:00","description":"Ph\u00f4 mai Paneer, c\u00e0 chua, \u1edbt xanh, h\u00e0nh t\u00e2y t\u1ea9m gia v\u1ecb cay n\u01b0\u1edbng l\u00f2 Tandoor. H\u01b0\u01a1ng v\u1ecb \u0111\u1eadm \u0111\u00e0 v\u00e0 th\u01a1m ngon t\u1ea1i Tandoor Vietnam.","breadcrumb":{"@id":"https:\/\/tandoorvietnam.com\/vi\/sanpham\/cac-mon-nuong-kebab\/pho-mai-paneer-ca-chua-ot-xanh-hanh-tay-tam-gia-vi-cay-nuong-lo-tandoor\/#breadcrumb"},"inLanguage":"vi-VN","potentialAction":[{"@type":"ReadAction","target":["https:\/\/tandoorvietnam.com\/vi\/sanpham\/cac-mon-nuong-kebab\/pho-mai-paneer-ca-chua-ot-xanh-hanh-tay-tam-gia-vi-cay-nuong-lo-tandoor\/"]}]},{"@type":"ImageObject","inLanguage":"vi-VN","@id":"https:\/\/tandoorvietnam.com\/vi\/sanpham\/cac-mon-nuong-kebab\/pho-mai-paneer-ca-chua-ot-xanh-hanh-tay-tam-gia-vi-cay-nuong-lo-tandoor\/#primaryimage","url":"https:\/\/tandoorvietnam.com\/wp-content\/uploads\/2020\/06\/paneer-tikka-1.jpg","contentUrl":"https:\/\/tandoorvietnam.com\/wp-content\/uploads\/2020\/06\/paneer-tikka-1.jpg","width":800,"height":532,"caption":"PH\u00d4 MAI PANEER, C\u00c0 CHUA, \u1edaT XANH, H\u00c0NH T\u00c2Y T\u1ea8M GIA V\u1eca CAY N\u01af\u1edaNG L\u00d2 TANDOOR"},{"@type":"BreadcrumbList","@id":"https:\/\/tandoorvietnam.com\/vi\/sanpham\/cac-mon-nuong-kebab\/pho-mai-paneer-ca-chua-ot-xanh-hanh-tay-tam-gia-vi-cay-nuong-lo-tandoor\/#breadcrumb","itemListElement":[{"@type":"ListItem","position":1,"name":"Trang Ch\u1ee7","item":"https:\/\/tandoorvietnam.com\/vi\/"},{"@type":"ListItem","position":2,"name":"Shop","item":"https:\/\/tandoorvietnam.com\/shop\/"},{"@type":"ListItem","position":3,"name":"Paneer Tikka (PH\u00d4 MAI PANEER, C\u00c0 CHUA, \u1edaT XANH, H\u00c0NH T\u00c2Y T\u1ea8M GIA V\u1eca CAY N\u01af\u1edaNG L\u00d2 TANDOOR)"}]},{"@type":"WebSite","@id":"https:\/\/tandoorvietnam.com\/vi\/#website","url":"https:\/\/tandoorvietnam.com\/vi\/","name":"Tandoor Vietnam","description":"Nh\u00e0 h\u00e0ng ngon h\u1ed3 ch\u00ed minh","publisher":{"@id":"https:\/\/tandoorvietnam.com\/vi\/#organization"},"potentialAction":[{"@type":"SearchAction","target":{"@type":"EntryPoint","urlTemplate":"https:\/\/tandoorvietnam.com\/vi\/?s={search_term_string}"},"query-input":{"@type":"PropertyValueSpecification","valueRequired":true,"valueName":"search_term_string"}}],"inLanguage":"vi-VN"},{"@type":"Organization","@id":"https:\/\/tandoorvietnam.com\/vi\/#organization","name":"Tandoor Vietnam","url":"https:\/\/tandoorvietnam.com\/vi\/","logo":{"@type":"ImageObject","inLanguage":"vi-VN","@id":"https:\/\/tandoorvietnam.com\/vi\/#\/schema\/logo\/image\/","url":"https:\/\/tandoorvietnam.com\/wp-content\/uploads\/2020\/07\/logo.png","contentUrl":"https:\/\/tandoorvietnam.com\/wp-content\/uploads\/2020\/07\/logo.png","width":133,"height":75,"caption":"Tandoor Vietnam"},"image":{"@id":"https:\/\/tandoorvietnam.com\/vi\/#\/schema\/logo\/image\/"},"sameAs":["https:\/\/www.facebook.com\/tandoor.hcmc\/"]}]}},"_links":{"self":[{"href":"https:\/\/tandoorvietnam.com\/vi\/wp-json\/wp\/v2\/product\/3323","targetHints":{"allow":["GET"]}}],"collection":[{"href":"https:\/\/tandoorvietnam.com\/vi\/wp-json\/wp\/v2\/product"}],"about":[{"href":"https:\/\/tandoorvietnam.com\/vi\/wp-json\/wp\/v2\/types\/product"}],"wp:featuredmedia":[{"embeddable":true,"href":"https:\/\/tandoorvietnam.com\/vi\/wp-json\/wp\/v2\/media\/3324"}],"wp:attachment":[{"href":"https:\/\/tandoorvietnam.com\/vi\/wp-json\/wp\/v2\/media?parent=3323"}],"wp:term":[{"taxonomy":"product_brand","embeddable":true,"href":"https:\/\/tandoorvietnam.com\/vi\/wp-json\/wp\/v2\/product_brand?post=3323"},{"taxonomy":"product_cat","embeddable":true,"href":"https:\/\/tandoorvietnam.com\/vi\/wp-json\/wp\/v2\/product_cat?post=3323"},{"taxonomy":"product_tag","embeddable":true,"href":"https:\/\/tandoorvietnam.com\/vi\/wp-json\/wp\/v2\/product_tag?post=3323"}],"curies":[{"name":"wp","href":"https:\/\/api.w.org\/{rel}","templated":true}]}}