{"id":3326,"date":"2020-06-20T11:04:01","date_gmt":"2021-04-19T05:08:27","guid":{"rendered":"http:\/\/tandoorvietnam.com\/product\/uncategorized\/tom-su-uop-tieu-den-va-gia-vi-cay-ot-chuong-xanh-nuong-lo-tandoor\/"},"modified":"2023-05-20T08:30:15","modified_gmt":"2023-05-20T08:30:15","slug":"tom-su-uop-tieu-den-va-gia-vi-cay-ot-chuong-xanh-nuong-lo-tandoor","status":"publish","type":"product","link":"https:\/\/tandoorvietnam.com\/vi\/sanpham\/cac-mon-nuong-kebab\/tom-su-uop-tieu-den-va-gia-vi-cay-ot-chuong-xanh-nuong-lo-tandoor\/","title":{"rendered":"Prawn Tikka (T\u00d4M S\u00da \u01af\u1edaP TI\u00caU \u0110EN V\u00c0 GIA V\u1eca CAY, \u1edaT CHU\u00d4NG XANH N\u01af\u1edaNG L\u00d2 TANDOOR)"},"content":{"rendered":"<p>T\u00f4m s\u00fa \u01b0\u1edbp ti\u00eau \u0111en v\u00e0 gia v\u1ecb cay, \u1edbt chu\u00f4ng xanh n\u01b0\u1edbng l\u00f2 Tandoor (Prawn Tikka) l\u00e0 m\u1ed9t m\u00f3n \u0103n \u0111\u1ed9c \u0111\u00e1o v\u00e0 h\u1ea5p d\u1eabn t\u1ea1i nh\u00e0 h\u00e0ng ch\u00fang t\u00f4i. Ch\u00fang t\u00f4i ch\u1ecdn l\u1ef1a nh\u1eefng con t\u00f4m s\u00fa t\u01b0\u01a1i ngon, sau \u0111\u00f3 \u01b0\u1edbp v\u1edbi ti\u00eau \u0111en v\u00e0 c\u00e1c gia v\u1ecb cay \u0111\u1ec3 t\u0103ng th\u00eam h\u01b0\u01a1ng v\u1ecb v\u00e0 m\u1ee9c \u0111\u1ed9 cay c\u1ee7a m\u00f3n \u0103n.<\/p>\n<p>Sau khi \u01b0\u1edbp gia v\u1ecb, t\u00f4m s\u00fa \u0111\u01b0\u1ee3c n\u01b0\u1edbng tr\u00ean l\u00f2 Tandoor, m\u1ed9t ph\u01b0\u01a1ng ph\u00e1p n\u01b0\u1edbng truy\u1ec1n th\u1ed1ng \u1ea4n \u0110\u1ed9 v\u1edbi ng\u1ecdn l\u1eeda ch\u00e1y m\u1ea1nh v\u00e0 nhi\u1ec7t \u0111\u1ed9 cao. Qua qu\u00e1 tr\u00ecnh n\u01b0\u1edbng, t\u00f4m s\u00fa tr\u1edf n\u00ean th\u01a1m ngon, gi\u1eef \u0111\u01b0\u1ee3c \u0111\u1ed9 t\u01b0\u01a1i ngon v\u00e0 \u0111\u1ea1t \u0111\u01b0\u1ee3c v\u1ecb gi\u00f2n \u0111\u1eb7c tr\u01b0ng. \u1edat chu\u00f4ng xanh \u0111\u01b0\u1ee3c th\u00eam v\u00e0o \u0111\u1ec3 t\u1ea1o th\u00eam l\u1edbp h\u01b0\u01a1ng v\u1ecb v\u00e0 m\u00e0u s\u1eafc t\u01b0\u01a1i s\u00e1ng cho m\u00f3n \u0103n.<\/p>\n<p>Prawn Tikka mang \u0111\u1ebfn m\u1ed9t tr\u1ea3i nghi\u1ec7m \u1ea9m th\u1ef1c \u0111\u1eadm \u0111\u00e0 v\u00e0 \u0111\u1ea7y m\u00ea ho\u1eb7c. H\u01b0\u01a1ng v\u1ecb cay n\u1ed3ng, ch\u00fat h\u01a1i chua c\u1ee7a ti\u00eau \u0111en v\u00e0 h\u01b0\u01a1ng th\u01a1m t\u1ef1 nhi\u00ean t\u1eeb t\u00f4m s\u00fa h\u00f2a quy\u1ec7n th\u00e0nh m\u1ed9t m\u00f3n \u0103n tuy\u1ec7t v\u1eddi.<\/p>\n<p>M\u00f3n \u0103n n\u00e0y th\u01b0\u1eddng \u0111\u01b0\u1ee3c \u0103n k\u00e8m v\u1edbi c\u00e1c lo\u1ea1i n\u01b0\u1edbc s\u1ed1t t\u01b0\u01a1i ngon nh\u01b0 n\u01b0\u1edbc m\u1eafm chanh, n\u01b0\u1edbc t\u01b0\u01a1ng ho\u1eb7c n\u01b0\u1edbc s\u1ed1t d\u01b0a chu\u1ed9t \u0111\u1ec3 l\u00e0m t\u00f4n l\u00ean h\u01b0\u01a1ng v\u1ecb c\u1ee7a t\u00f4m s\u00fa. B\u00ean c\u1ea1nh \u0111\u00f3, m\u00f3n \u0103n th\u01b0\u1eddng \u0111\u01b0\u1ee3c ph\u1ee5c v\u1ee5 c\u00f9ng v\u1edbi rau s\u1ed1ng v\u00e0 b\u00e1nh m\u00ec t\u01b0\u01a1i, t\u1ea1o th\u00e0nh m\u1ed9t b\u1eefa \u0103n \u0111\u1ea7y \u0111\u1ee7 v\u00e0 ngon mi\u1ec7ng.<\/p>\n<p>V\u1edbi t\u00f4m s\u00fa \u01b0\u1edbp ti\u00eau \u0111en v\u00e0 gia v\u1ecb cay, \u1edbt chu\u00f4ng xanh n\u01b0\u1edbng l\u00f2 Tandoor, ch\u00fang t\u00f4i mang \u0111\u1ebfn cho b\u1ea1n m\u1ed9t tr\u1ea3i nghi\u1ec7m \u1ea9m th\u1ef1c \u0111\u1ed9c \u0111\u00e1o v\u00e0 \u0111\u1eadm \u0111\u00e0 t\u1eeb \u1ea4n \u0110\u1ed9, t\u1ea1o n\u00ean nh\u1eefng k\u1ef7 ni\u1ec7m \u1ea9m th\u1ef1c \u0111\u00e1ng nh\u1edb.<\/p>\n","protected":false},"excerpt":{"rendered":"<p>Shrimp marinated in lime juice, black pepper and grounded masala Char grilled served with grilled capsicum<\/p>\n<p><em>T\u00f4m s\u00fa \u01b0\u1edbp ti\u00eau \u0111en v\u00e0 gia v\u1ecb cay + \u1edbt chu\u00f4ng xanh n\u01b0\u1edbng l\u00f2 Tandoor<\/em><\/p>\n","protected":false},"featured_media":3327,"template":"","meta":[],"product_brand":[],"product_cat":[228],"product_tag":[],"class_list":{"0":"post-3326","1":"product","2":"type-product","3":"status-publish","4":"has-post-thumbnail","6":"product_cat-cac-mon-nuong-kebab","8":"first","9":"instock","10":"taxable","11":"shipping-taxable","12":"purchasable","13":"product-type-simple"},"yoast_head":"<!-- This site is optimized with the Yoast SEO Premium plugin v22.3 (Yoast SEO v27.4) - https:\/\/yoast.com\/product\/yoast-seo-premium-wordpress\/ -->\n<title>T\u00d4M S\u00da \u01af\u1edaP TI\u00caU \u0110EN V\u00c0 GIA V\u1eca CAY, \u1edaT CHU\u00d4NG XANH<\/title>\n<meta name=\"description\" content=\"T\u00f4m s\u00fa \u01b0\u1edbp ti\u00eau \u0111en v\u00e0 gia v\u1ecb cay, \u1edbt chu\u00f4ng xanh n\u01b0\u1edbng l\u00f2 Tandoor. M\u00f3n \u0103n \u0111\u1eadm \u0111\u00e0, h\u1ea5p d\u1eabn v\u1edbi h\u01b0\u01a1ng v\u1ecb \u0111\u1eb7c tr\u01b0ng t\u1eeb l\u00f2 n\u01b0\u1edbng Tandoor.\" \/>\n<meta name=\"robots\" content=\"index, follow, max-snippet:-1, max-image-preview:large, max-video-preview:-1\" \/>\n<link rel=\"canonical\" href=\"https:\/\/tandoorvietnam.com\/vi\/sanpham\/cac-mon-nuong-kebab\/tom-su-uop-tieu-den-va-gia-vi-cay-ot-chuong-xanh-nuong-lo-tandoor\/\" \/>\n<meta property=\"og:locale\" content=\"vi_VN\" \/>\n<meta property=\"og:type\" content=\"article\" \/>\n<meta property=\"og:title\" content=\"Prawn Tikka (T\u00d4M S\u00da \u01af\u1edaP TI\u00caU \u0110EN V\u00c0 GIA V\u1eca CAY, \u1edaT CHU\u00d4NG XANH N\u01af\u1edaNG L\u00d2 TANDOOR)\" \/>\n<meta property=\"og:description\" content=\"T\u00f4m s\u00fa \u01b0\u1edbp ti\u00eau \u0111en v\u00e0 gia v\u1ecb cay, \u1edbt chu\u00f4ng xanh n\u01b0\u1edbng l\u00f2 Tandoor. M\u00f3n \u0103n \u0111\u1eadm \u0111\u00e0, h\u1ea5p d\u1eabn v\u1edbi h\u01b0\u01a1ng v\u1ecb \u0111\u1eb7c tr\u01b0ng t\u1eeb l\u00f2 n\u01b0\u1edbng Tandoor.\" \/>\n<meta property=\"og:url\" content=\"https:\/\/tandoorvietnam.com\/vi\/sanpham\/cac-mon-nuong-kebab\/tom-su-uop-tieu-den-va-gia-vi-cay-ot-chuong-xanh-nuong-lo-tandoor\/\" \/>\n<meta property=\"og:site_name\" content=\"Tandoor Vi\u1ec7t Nam\" \/>\n<meta property=\"article:publisher\" content=\"https:\/\/www.facebook.com\/tandoor.hcmc\/\" \/>\n<meta property=\"article:modified_time\" content=\"2023-05-20T08:30:15+00:00\" \/>\n<meta property=\"og:image\" content=\"https:\/\/tandoorvietnam.com\/wp-content\/uploads\/2020\/06\/Prawn-tikka.jpg\" \/>\n\t<meta property=\"og:image:width\" content=\"800\" \/>\n\t<meta property=\"og:image:height\" content=\"532\" \/>\n\t<meta property=\"og:image:type\" content=\"image\/jpeg\" \/>\n<meta name=\"twitter:card\" content=\"summary_large_image\" \/>\n<meta name=\"twitter:label1\" content=\"Est. reading time\" \/>\n\t<meta name=\"twitter:data1\" content=\"2 minutes\" \/>\n<script type=\"application\/ld+json\" class=\"yoast-schema-graph\">{\"@context\":\"https:\\\/\\\/schema.org\",\"@graph\":[{\"@type\":\"WebPage\",\"@id\":\"https:\\\/\\\/tandoorvietnam.com\\\/vi\\\/sanpham\\\/cac-mon-nuong-kebab\\\/tom-su-uop-tieu-den-va-gia-vi-cay-ot-chuong-xanh-nuong-lo-tandoor\\\/\",\"url\":\"https:\\\/\\\/tandoorvietnam.com\\\/vi\\\/sanpham\\\/cac-mon-nuong-kebab\\\/tom-su-uop-tieu-den-va-gia-vi-cay-ot-chuong-xanh-nuong-lo-tandoor\\\/\",\"name\":\"T\u00d4M S\u00da \u01af\u1edaP TI\u00caU \u0110EN V\u00c0 GIA V\u1eca CAY, \u1edaT CHU\u00d4NG XANH\",\"isPartOf\":{\"@id\":\"https:\\\/\\\/tandoorvietnam.com\\\/vi\\\/#website\"},\"primaryImageOfPage\":{\"@id\":\"https:\\\/\\\/tandoorvietnam.com\\\/vi\\\/sanpham\\\/cac-mon-nuong-kebab\\\/tom-su-uop-tieu-den-va-gia-vi-cay-ot-chuong-xanh-nuong-lo-tandoor\\\/#primaryimage\"},\"image\":{\"@id\":\"https:\\\/\\\/tandoorvietnam.com\\\/vi\\\/sanpham\\\/cac-mon-nuong-kebab\\\/tom-su-uop-tieu-den-va-gia-vi-cay-ot-chuong-xanh-nuong-lo-tandoor\\\/#primaryimage\"},\"thumbnailUrl\":\"https:\\\/\\\/tandoorvietnam.com\\\/wp-content\\\/uploads\\\/2020\\\/06\\\/Prawn-tikka.jpg\",\"datePublished\":\"2021-04-19T05:08:27+00:00\",\"dateModified\":\"2023-05-20T08:30:15+00:00\",\"description\":\"T\u00f4m s\u00fa \u01b0\u1edbp ti\u00eau \u0111en v\u00e0 gia v\u1ecb cay, \u1edbt chu\u00f4ng xanh n\u01b0\u1edbng l\u00f2 Tandoor. M\u00f3n \u0103n \u0111\u1eadm \u0111\u00e0, h\u1ea5p d\u1eabn v\u1edbi h\u01b0\u01a1ng v\u1ecb \u0111\u1eb7c tr\u01b0ng t\u1eeb l\u00f2 n\u01b0\u1edbng Tandoor.\",\"breadcrumb\":{\"@id\":\"https:\\\/\\\/tandoorvietnam.com\\\/vi\\\/sanpham\\\/cac-mon-nuong-kebab\\\/tom-su-uop-tieu-den-va-gia-vi-cay-ot-chuong-xanh-nuong-lo-tandoor\\\/#breadcrumb\"},\"inLanguage\":\"vi-VN\",\"potentialAction\":[{\"@type\":\"ReadAction\",\"target\":[\"https:\\\/\\\/tandoorvietnam.com\\\/vi\\\/sanpham\\\/cac-mon-nuong-kebab\\\/tom-su-uop-tieu-den-va-gia-vi-cay-ot-chuong-xanh-nuong-lo-tandoor\\\/\"]}]},{\"@type\":\"ImageObject\",\"inLanguage\":\"vi-VN\",\"@id\":\"https:\\\/\\\/tandoorvietnam.com\\\/vi\\\/sanpham\\\/cac-mon-nuong-kebab\\\/tom-su-uop-tieu-den-va-gia-vi-cay-ot-chuong-xanh-nuong-lo-tandoor\\\/#primaryimage\",\"url\":\"https:\\\/\\\/tandoorvietnam.com\\\/wp-content\\\/uploads\\\/2020\\\/06\\\/Prawn-tikka.jpg\",\"contentUrl\":\"https:\\\/\\\/tandoorvietnam.com\\\/wp-content\\\/uploads\\\/2020\\\/06\\\/Prawn-tikka.jpg\",\"width\":800,\"height\":532,\"caption\":\"T\u00d4M S\u00da \u01af\u1edaP TI\u00caU \u0110EN V\u00c0 GIA V\u1eca CAY, \u1edaT CHU\u00d4NG XANH N\u01af\u1edaNG L\u00d2 TANDOOR\"},{\"@type\":\"BreadcrumbList\",\"@id\":\"https:\\\/\\\/tandoorvietnam.com\\\/vi\\\/sanpham\\\/cac-mon-nuong-kebab\\\/tom-su-uop-tieu-den-va-gia-vi-cay-ot-chuong-xanh-nuong-lo-tandoor\\\/#breadcrumb\",\"itemListElement\":[{\"@type\":\"ListItem\",\"position\":1,\"name\":\"Trang Ch\u1ee7\",\"item\":\"https:\\\/\\\/tandoorvietnam.com\\\/vi\\\/\"},{\"@type\":\"ListItem\",\"position\":2,\"name\":\"Shop\",\"item\":\"https:\\\/\\\/tandoorvietnam.com\\\/shop\\\/\"},{\"@type\":\"ListItem\",\"position\":3,\"name\":\"Prawn Tikka (T\u00d4M S\u00da \u01af\u1edaP TI\u00caU \u0110EN V\u00c0 GIA V\u1eca CAY, \u1edaT CHU\u00d4NG XANH N\u01af\u1edaNG L\u00d2 TANDOOR)\"}]},{\"@type\":\"WebSite\",\"@id\":\"https:\\\/\\\/tandoorvietnam.com\\\/vi\\\/#website\",\"url\":\"https:\\\/\\\/tandoorvietnam.com\\\/vi\\\/\",\"name\":\"Tandoor Vietnam\",\"description\":\"Nh\u00e0 h\u00e0ng ngon h\u1ed3 ch\u00ed minh\",\"publisher\":{\"@id\":\"https:\\\/\\\/tandoorvietnam.com\\\/vi\\\/#organization\"},\"potentialAction\":[{\"@type\":\"SearchAction\",\"target\":{\"@type\":\"EntryPoint\",\"urlTemplate\":\"https:\\\/\\\/tandoorvietnam.com\\\/vi\\\/?s={search_term_string}\"},\"query-input\":{\"@type\":\"PropertyValueSpecification\",\"valueRequired\":true,\"valueName\":\"search_term_string\"}}],\"inLanguage\":\"vi-VN\"},{\"@type\":\"Organization\",\"@id\":\"https:\\\/\\\/tandoorvietnam.com\\\/vi\\\/#organization\",\"name\":\"Tandoor Vietnam\",\"url\":\"https:\\\/\\\/tandoorvietnam.com\\\/vi\\\/\",\"logo\":{\"@type\":\"ImageObject\",\"inLanguage\":\"vi-VN\",\"@id\":\"https:\\\/\\\/tandoorvietnam.com\\\/vi\\\/#\\\/schema\\\/logo\\\/image\\\/\",\"url\":\"https:\\\/\\\/tandoorvietnam.com\\\/wp-content\\\/uploads\\\/2020\\\/07\\\/logo.png\",\"contentUrl\":\"https:\\\/\\\/tandoorvietnam.com\\\/wp-content\\\/uploads\\\/2020\\\/07\\\/logo.png\",\"width\":133,\"height\":75,\"caption\":\"Tandoor Vietnam\"},\"image\":{\"@id\":\"https:\\\/\\\/tandoorvietnam.com\\\/vi\\\/#\\\/schema\\\/logo\\\/image\\\/\"},\"sameAs\":[\"https:\\\/\\\/www.facebook.com\\\/tandoor.hcmc\\\/\"]}]}<\/script>\n<!-- \/ Yoast SEO Premium plugin. -->","yoast_head_json":{"title":"T\u00d4M S\u00da \u01af\u1edaP TI\u00caU \u0110EN V\u00c0 GIA V\u1eca CAY, \u1edaT CHU\u00d4NG XANH","description":"T\u00f4m s\u00fa \u01b0\u1edbp ti\u00eau \u0111en v\u00e0 gia v\u1ecb cay, \u1edbt chu\u00f4ng xanh n\u01b0\u1edbng l\u00f2 Tandoor. M\u00f3n \u0103n \u0111\u1eadm \u0111\u00e0, h\u1ea5p d\u1eabn v\u1edbi h\u01b0\u01a1ng v\u1ecb \u0111\u1eb7c tr\u01b0ng t\u1eeb l\u00f2 n\u01b0\u1edbng Tandoor.","robots":{"index":"index","follow":"follow","max-snippet":"max-snippet:-1","max-image-preview":"max-image-preview:large","max-video-preview":"max-video-preview:-1"},"canonical":"https:\/\/tandoorvietnam.com\/vi\/sanpham\/cac-mon-nuong-kebab\/tom-su-uop-tieu-den-va-gia-vi-cay-ot-chuong-xanh-nuong-lo-tandoor\/","og_locale":"vi_VN","og_type":"article","og_title":"Prawn Tikka (T\u00d4M S\u00da \u01af\u1edaP TI\u00caU \u0110EN V\u00c0 GIA V\u1eca CAY, \u1edaT CHU\u00d4NG XANH N\u01af\u1edaNG L\u00d2 TANDOOR)","og_description":"T\u00f4m s\u00fa \u01b0\u1edbp ti\u00eau \u0111en v\u00e0 gia v\u1ecb cay, \u1edbt chu\u00f4ng xanh n\u01b0\u1edbng l\u00f2 Tandoor. M\u00f3n \u0103n \u0111\u1eadm \u0111\u00e0, h\u1ea5p d\u1eabn v\u1edbi h\u01b0\u01a1ng v\u1ecb \u0111\u1eb7c tr\u01b0ng t\u1eeb l\u00f2 n\u01b0\u1edbng Tandoor.","og_url":"https:\/\/tandoorvietnam.com\/vi\/sanpham\/cac-mon-nuong-kebab\/tom-su-uop-tieu-den-va-gia-vi-cay-ot-chuong-xanh-nuong-lo-tandoor\/","og_site_name":"Tandoor Vi\u1ec7t Nam","article_publisher":"https:\/\/www.facebook.com\/tandoor.hcmc\/","article_modified_time":"2023-05-20T08:30:15+00:00","og_image":[{"width":800,"height":532,"url":"https:\/\/tandoorvietnam.com\/wp-content\/uploads\/2020\/06\/Prawn-tikka.jpg","type":"image\/jpeg"}],"twitter_card":"summary_large_image","twitter_misc":{"Est. reading time":"2 minutes"},"schema":{"@context":"https:\/\/schema.org","@graph":[{"@type":"WebPage","@id":"https:\/\/tandoorvietnam.com\/vi\/sanpham\/cac-mon-nuong-kebab\/tom-su-uop-tieu-den-va-gia-vi-cay-ot-chuong-xanh-nuong-lo-tandoor\/","url":"https:\/\/tandoorvietnam.com\/vi\/sanpham\/cac-mon-nuong-kebab\/tom-su-uop-tieu-den-va-gia-vi-cay-ot-chuong-xanh-nuong-lo-tandoor\/","name":"T\u00d4M S\u00da \u01af\u1edaP TI\u00caU \u0110EN V\u00c0 GIA V\u1eca CAY, \u1edaT CHU\u00d4NG XANH","isPartOf":{"@id":"https:\/\/tandoorvietnam.com\/vi\/#website"},"primaryImageOfPage":{"@id":"https:\/\/tandoorvietnam.com\/vi\/sanpham\/cac-mon-nuong-kebab\/tom-su-uop-tieu-den-va-gia-vi-cay-ot-chuong-xanh-nuong-lo-tandoor\/#primaryimage"},"image":{"@id":"https:\/\/tandoorvietnam.com\/vi\/sanpham\/cac-mon-nuong-kebab\/tom-su-uop-tieu-den-va-gia-vi-cay-ot-chuong-xanh-nuong-lo-tandoor\/#primaryimage"},"thumbnailUrl":"https:\/\/tandoorvietnam.com\/wp-content\/uploads\/2020\/06\/Prawn-tikka.jpg","datePublished":"2021-04-19T05:08:27+00:00","dateModified":"2023-05-20T08:30:15+00:00","description":"T\u00f4m s\u00fa \u01b0\u1edbp ti\u00eau \u0111en v\u00e0 gia v\u1ecb cay, \u1edbt chu\u00f4ng xanh n\u01b0\u1edbng l\u00f2 Tandoor. M\u00f3n \u0103n \u0111\u1eadm \u0111\u00e0, h\u1ea5p d\u1eabn v\u1edbi h\u01b0\u01a1ng v\u1ecb \u0111\u1eb7c tr\u01b0ng t\u1eeb l\u00f2 n\u01b0\u1edbng Tandoor.","breadcrumb":{"@id":"https:\/\/tandoorvietnam.com\/vi\/sanpham\/cac-mon-nuong-kebab\/tom-su-uop-tieu-den-va-gia-vi-cay-ot-chuong-xanh-nuong-lo-tandoor\/#breadcrumb"},"inLanguage":"vi-VN","potentialAction":[{"@type":"ReadAction","target":["https:\/\/tandoorvietnam.com\/vi\/sanpham\/cac-mon-nuong-kebab\/tom-su-uop-tieu-den-va-gia-vi-cay-ot-chuong-xanh-nuong-lo-tandoor\/"]}]},{"@type":"ImageObject","inLanguage":"vi-VN","@id":"https:\/\/tandoorvietnam.com\/vi\/sanpham\/cac-mon-nuong-kebab\/tom-su-uop-tieu-den-va-gia-vi-cay-ot-chuong-xanh-nuong-lo-tandoor\/#primaryimage","url":"https:\/\/tandoorvietnam.com\/wp-content\/uploads\/2020\/06\/Prawn-tikka.jpg","contentUrl":"https:\/\/tandoorvietnam.com\/wp-content\/uploads\/2020\/06\/Prawn-tikka.jpg","width":800,"height":532,"caption":"T\u00d4M S\u00da \u01af\u1edaP TI\u00caU \u0110EN V\u00c0 GIA V\u1eca CAY, \u1edaT CHU\u00d4NG XANH N\u01af\u1edaNG L\u00d2 TANDOOR"},{"@type":"BreadcrumbList","@id":"https:\/\/tandoorvietnam.com\/vi\/sanpham\/cac-mon-nuong-kebab\/tom-su-uop-tieu-den-va-gia-vi-cay-ot-chuong-xanh-nuong-lo-tandoor\/#breadcrumb","itemListElement":[{"@type":"ListItem","position":1,"name":"Trang Ch\u1ee7","item":"https:\/\/tandoorvietnam.com\/vi\/"},{"@type":"ListItem","position":2,"name":"Shop","item":"https:\/\/tandoorvietnam.com\/shop\/"},{"@type":"ListItem","position":3,"name":"Prawn Tikka (T\u00d4M S\u00da \u01af\u1edaP TI\u00caU \u0110EN V\u00c0 GIA V\u1eca CAY, \u1edaT CHU\u00d4NG XANH N\u01af\u1edaNG L\u00d2 TANDOOR)"}]},{"@type":"WebSite","@id":"https:\/\/tandoorvietnam.com\/vi\/#website","url":"https:\/\/tandoorvietnam.com\/vi\/","name":"Tandoor Vietnam","description":"Nh\u00e0 h\u00e0ng ngon h\u1ed3 ch\u00ed minh","publisher":{"@id":"https:\/\/tandoorvietnam.com\/vi\/#organization"},"potentialAction":[{"@type":"SearchAction","target":{"@type":"EntryPoint","urlTemplate":"https:\/\/tandoorvietnam.com\/vi\/?s={search_term_string}"},"query-input":{"@type":"PropertyValueSpecification","valueRequired":true,"valueName":"search_term_string"}}],"inLanguage":"vi-VN"},{"@type":"Organization","@id":"https:\/\/tandoorvietnam.com\/vi\/#organization","name":"Tandoor Vietnam","url":"https:\/\/tandoorvietnam.com\/vi\/","logo":{"@type":"ImageObject","inLanguage":"vi-VN","@id":"https:\/\/tandoorvietnam.com\/vi\/#\/schema\/logo\/image\/","url":"https:\/\/tandoorvietnam.com\/wp-content\/uploads\/2020\/07\/logo.png","contentUrl":"https:\/\/tandoorvietnam.com\/wp-content\/uploads\/2020\/07\/logo.png","width":133,"height":75,"caption":"Tandoor Vietnam"},"image":{"@id":"https:\/\/tandoorvietnam.com\/vi\/#\/schema\/logo\/image\/"},"sameAs":["https:\/\/www.facebook.com\/tandoor.hcmc\/"]}]}},"_links":{"self":[{"href":"https:\/\/tandoorvietnam.com\/vi\/wp-json\/wp\/v2\/product\/3326","targetHints":{"allow":["GET"]}}],"collection":[{"href":"https:\/\/tandoorvietnam.com\/vi\/wp-json\/wp\/v2\/product"}],"about":[{"href":"https:\/\/tandoorvietnam.com\/vi\/wp-json\/wp\/v2\/types\/product"}],"wp:featuredmedia":[{"embeddable":true,"href":"https:\/\/tandoorvietnam.com\/vi\/wp-json\/wp\/v2\/media\/3327"}],"wp:attachment":[{"href":"https:\/\/tandoorvietnam.com\/vi\/wp-json\/wp\/v2\/media?parent=3326"}],"wp:term":[{"taxonomy":"product_brand","embeddable":true,"href":"https:\/\/tandoorvietnam.com\/vi\/wp-json\/wp\/v2\/product_brand?post=3326"},{"taxonomy":"product_cat","embeddable":true,"href":"https:\/\/tandoorvietnam.com\/vi\/wp-json\/wp\/v2\/product_cat?post=3326"},{"taxonomy":"product_tag","embeddable":true,"href":"https:\/\/tandoorvietnam.com\/vi\/wp-json\/wp\/v2\/product_tag?post=3326"}],"curies":[{"name":"wp","href":"https:\/\/api.w.org\/{rel}","templated":true}]}}