{"id":3328,"date":"2020-06-20T10:54:04","date_gmt":"2021-04-19T05:11:07","guid":{"rendered":"http:\/\/tandoorvietnam.com\/product\/uncategorized\/filet-ga-uop-pho-mai-vang-sua-trung-chanh-va-ot-xanh-nuong-lo-tandoor\/"},"modified":"2023-05-19T16:19:05","modified_gmt":"2023-05-19T16:19:05","slug":"filet-ga-uop-pho-mai-vang-sua-trung-chanh-va-ot-xanh-nuong-lo-tandoor","status":"publish","type":"product","link":"https:\/\/tandoorvietnam.com\/vi\/sanpham\/cac-mon-nuong-kebab\/filet-ga-uop-pho-mai-vang-sua-trung-chanh-va-ot-xanh-nuong-lo-tandoor\/","title":{"rendered":"Reshmi Murgh Malai (FILET G\u00c0 \u01af\u1edaP PH\u00d4 MAI, V\u00c1NG S\u1eeeA, TR\u1ee8NG, CHANH V\u00c0 \u1edaT XANH N\u01af\u1edaNG L\u00d2 TANDOOR)"},"content":{"rendered":"<p>Filet g\u00e0 \u01b0\u1edbp ph\u00f4 mai, v\u00e1ng s\u1eefa, tr\u1ee9ng, chanh v\u00e0 \u1edbt xanh n\u01b0\u1edbng l\u00f2 Tandoor l\u00e0 m\u1ed9t m\u00f3n \u0103n \u0111\u1ed9c \u0111\u00e1o v\u00e0 th\u01a1m ngon t\u1ea1i Tandoor Vietnam. Ch\u00fang t\u00f4i s\u1eed d\u1ee5ng nh\u1eefng mi\u1ebfng filet g\u00e0 t\u01b0\u01a1i ngon v\u00e0 \u01b0\u1edbp gia v\u1ecb \u0111\u1eb7c bi\u1ec7t, k\u1ebft h\u1ee3p v\u1edbi ph\u00f4 mai b\u00e9o ng\u1eady, v\u00e1ng s\u1eefa th\u01a1m b\u00e9o, tr\u1ee9ng th\u00eam \u0111\u1ed9 m\u1ec1m m\u1ecbn v\u00e0 chanh t\u01b0\u01a1i m\u00e1t.<\/p>\n<p>M\u00f3n \u0103n n\u00e0y \u0111\u01b0\u1ee3c n\u01b0\u1edbng ch\u00edn t\u1edbi khi filet g\u00e0 m\u1ec1m m\u1ecbn, ph\u00f4 mai tan ch\u1ea3y v\u00e0 \u1edbt xanh th\u01a1m b\u00ean trong. Qu\u00e1 tr\u00ecnh n\u01b0\u1edbng trong l\u00f2 Tandoor t\u1ea1o ra h\u01b0\u01a1ng v\u1ecb \u0111\u1eb7c tr\u01b0ng, gi\u1eef cho g\u00e0 th\u00eam m\u1ec1m v\u00e0 ngon.<\/p>\n<p>V\u1ecb ng\u1ecdt c\u1ee7a ph\u00f4 mai v\u00e0 v\u00e1ng s\u1eefa k\u1ebft h\u1ee3p tuy\u1ec7t v\u1eddi v\u1edbi v\u1ecb chua c\u1ee7a tr\u1ee9ng v\u00e0 chanh, c\u00f9ng v\u1ecb cay nh\u1eb9 t\u1eeb \u1edbt xanh. M\u00f3n \u0103n n\u00e0y mang \u0111\u1ebfn m\u1ed9t tr\u1ea3i nghi\u1ec7m h\u00f2a quy\u1ec7n gi\u1eefa c\u00e1c h\u01b0\u01a1ng v\u1ecb, mang \u0111\u1ebfn m\u1ed9t h\u01b0\u01a1ng v\u1ecb \u0111\u1ed9c \u0111\u00e1o v\u00e0 phong c\u00e1ch \u1ea9m th\u1ef1c ri\u00eang c\u1ee7a Tandoor Vietnam.<\/p>\n<p>B\u1ea1n c\u00f3 th\u1ec3 th\u01b0\u1edfng th\u1ee9c m\u00f3n Reshmi Murgh Malai v\u00e0o b\u1ea5t k\u1ef3 d\u1ecbp n\u00e0o. N\u00f3 l\u00e0 m\u1ed9t m\u00f3n \u0103n h\u1ea5p d\u1eabn \u0111\u1ec3 th\u01b0\u1edfng th\u1ee9c trong b\u1eefa tr\u01b0a ho\u1eb7c t\u1ed1i, k\u00e8m v\u1edbi c\u00e1c lo\u1ea1i n\u01b0\u1edbc s\u1ed1t t\u01b0\u01a1i ngon v\u00e0 rau s\u1ed1ng. M\u00f3n \u0103n n\u00e0y kh\u00f4ng ch\u1ec9 \u0111\u00e1p \u1ee9ng kh\u1ea9u v\u1ecb m\u00e0 c\u00f2n mang \u0111\u1ebfn m\u1ed9t tr\u1ea3i nghi\u1ec7m th\u00fa v\u1ecb v\u1ec1 h\u01b0\u01a1ng v\u1ecb v\u00e0 c\u00e1ch ch\u1ebf bi\u1ebfn \u0111\u1eb7c bi\u1ec7t t\u1eeb l\u00f2 Tandoor.<\/p>\n<p>H\u00e3y \u0111\u1ebfn <a href=\"https:\/\/tandoorvietnam.com\/\">Tandoor Vietnam<\/a> v\u00e0 kh\u00e1m ph\u00e1 h\u01b0\u01a1ng v\u1ecb \u0111\u1ed9c \u0111\u00e1o c\u1ee7a Filet g\u00e0 \u01b0\u1edbp ph\u00f4 mai, v\u00e1ng s\u1eefa, tr\u1ee9ng, chanh v\u00e0 \u1edbt xanh n\u01b0\u1edbng l\u00f2 Tandoor. Ch\u00fang t\u00f4i cam k\u1ebft mang \u0111\u1ebfn cho b\u1ea1n m\u1ed9t tr\u1ea3i nghi\u1ec7m \u1ea9m th\u1ef1c tuy\u1ec7t v\u1eddi v\u1edbi nh\u1eefng m\u00f3n \u0103n \u0111a d\u1ea1ng v\u00e0 \u0111\u1ed9c \u0111\u00e1o t\u1eeb \u1ea4n \u0110\u1ed9.<\/p>\n","protected":false},"excerpt":{"rendered":"<p>&nbsp;<\/p>\n<table width=\"723\">\n<tbody>\n<tr>\n<td width=\"412\">Chicken fillets marinated in cheese, cream, lime juice and spices, grilled in Tandoor oven<\/td>\n<\/tr>\n<tr>\n<td width=\"412\"><em>File g\u00e0 t\u1ea9m phomai + v\u00e1ng s\u1eefa + tr\u1ee9ng + chanh + v\u00e0 \u1edbt xanh n\u01b0\u1edbng ch\u00edn trong l\u00f2 Tandoor<\/em><\/td>\n<\/tr>\n<\/tbody>\n<\/table>\n","protected":false},"featured_media":3329,"template":"","meta":[],"product_brand":[],"product_cat":[228],"product_tag":[],"class_list":{"0":"post-3328","1":"product","2":"type-product","3":"status-publish","4":"has-post-thumbnail","6":"product_cat-cac-mon-nuong-kebab","8":"first","9":"instock","10":"taxable","11":"shipping-taxable","12":"purchasable","13":"product-type-simple"},"yoast_head":"<!-- This site is optimized with the Yoast SEO Premium plugin v22.3 (Yoast SEO v27.4) - https:\/\/yoast.com\/product\/yoast-seo-premium-wordpress\/ -->\n<title>FILET G\u00c0 \u01af\u1edaP PH\u00d4 MAI, V\u00c1NG S\u1eeeA N\u01af\u1edaNG L\u00d2 TANDOOR<\/title>\n<meta name=\"description\" content=\"Filet g\u00e0 \u01b0\u1edbp ph\u00f4 mai, v\u00e1ng s\u1eefa, tr\u1ee9ng, chanh v\u00e0 \u1edbt xanh n\u01b0\u1edbng l\u00f2 Tandoor. M\u00f3n \u0103n \u0111\u1ed9c \u0111\u00e1o v\u00e0 th\u01a1m ngon t\u1ea1i Tandoor Vietnam.\" \/>\n<meta name=\"robots\" content=\"index, follow, max-snippet:-1, max-image-preview:large, max-video-preview:-1\" \/>\n<link rel=\"canonical\" href=\"https:\/\/tandoorvietnam.com\/vi\/sanpham\/cac-mon-nuong-kebab\/filet-ga-uop-pho-mai-vang-sua-trung-chanh-va-ot-xanh-nuong-lo-tandoor\/\" \/>\n<meta property=\"og:locale\" content=\"vi_VN\" \/>\n<meta property=\"og:type\" content=\"article\" \/>\n<meta property=\"og:title\" content=\"Reshmi Murgh Malai (FILET G\u00c0 \u01af\u1edaP PH\u00d4 MAI, V\u00c1NG S\u1eeeA, TR\u1ee8NG, CHANH V\u00c0 \u1edaT XANH N\u01af\u1edaNG L\u00d2 TANDOOR)\" \/>\n<meta property=\"og:description\" content=\"Filet g\u00e0 \u01b0\u1edbp ph\u00f4 mai, v\u00e1ng s\u1eefa, tr\u1ee9ng, chanh v\u00e0 \u1edbt xanh n\u01b0\u1edbng l\u00f2 Tandoor. M\u00f3n \u0103n \u0111\u1ed9c \u0111\u00e1o v\u00e0 th\u01a1m ngon t\u1ea1i Tandoor Vietnam.\" \/>\n<meta property=\"og:url\" content=\"https:\/\/tandoorvietnam.com\/vi\/sanpham\/cac-mon-nuong-kebab\/filet-ga-uop-pho-mai-vang-sua-trung-chanh-va-ot-xanh-nuong-lo-tandoor\/\" \/>\n<meta property=\"og:site_name\" content=\"Tandoor Vi\u1ec7t Nam\" \/>\n<meta property=\"article:publisher\" content=\"https:\/\/www.facebook.com\/tandoor.hcmc\/\" \/>\n<meta property=\"article:modified_time\" content=\"2023-05-19T16:19:05+00:00\" \/>\n<meta property=\"og:image\" content=\"https:\/\/tandoorvietnam.com\/wp-content\/uploads\/2020\/06\/Reshimi-Murg-Malai.jpg\" \/>\n\t<meta property=\"og:image:width\" content=\"800\" \/>\n\t<meta property=\"og:image:height\" content=\"702\" \/>\n\t<meta property=\"og:image:type\" content=\"image\/jpeg\" \/>\n<meta name=\"twitter:card\" content=\"summary_large_image\" \/>\n<meta name=\"twitter:label1\" content=\"Est. reading time\" \/>\n\t<meta name=\"twitter:data1\" content=\"2 minutes\" \/>\n<script type=\"application\/ld+json\" class=\"yoast-schema-graph\">{\"@context\":\"https:\\\/\\\/schema.org\",\"@graph\":[{\"@type\":\"WebPage\",\"@id\":\"https:\\\/\\\/tandoorvietnam.com\\\/vi\\\/sanpham\\\/cac-mon-nuong-kebab\\\/filet-ga-uop-pho-mai-vang-sua-trung-chanh-va-ot-xanh-nuong-lo-tandoor\\\/\",\"url\":\"https:\\\/\\\/tandoorvietnam.com\\\/vi\\\/sanpham\\\/cac-mon-nuong-kebab\\\/filet-ga-uop-pho-mai-vang-sua-trung-chanh-va-ot-xanh-nuong-lo-tandoor\\\/\",\"name\":\"FILET G\u00c0 \u01af\u1edaP PH\u00d4 MAI, V\u00c1NG S\u1eeeA N\u01af\u1edaNG L\u00d2 TANDOOR\",\"isPartOf\":{\"@id\":\"https:\\\/\\\/tandoorvietnam.com\\\/vi\\\/#website\"},\"primaryImageOfPage\":{\"@id\":\"https:\\\/\\\/tandoorvietnam.com\\\/vi\\\/sanpham\\\/cac-mon-nuong-kebab\\\/filet-ga-uop-pho-mai-vang-sua-trung-chanh-va-ot-xanh-nuong-lo-tandoor\\\/#primaryimage\"},\"image\":{\"@id\":\"https:\\\/\\\/tandoorvietnam.com\\\/vi\\\/sanpham\\\/cac-mon-nuong-kebab\\\/filet-ga-uop-pho-mai-vang-sua-trung-chanh-va-ot-xanh-nuong-lo-tandoor\\\/#primaryimage\"},\"thumbnailUrl\":\"https:\\\/\\\/tandoorvietnam.com\\\/wp-content\\\/uploads\\\/2020\\\/06\\\/Reshimi-Murg-Malai.jpg\",\"datePublished\":\"2021-04-19T05:11:07+00:00\",\"dateModified\":\"2023-05-19T16:19:05+00:00\",\"description\":\"Filet g\u00e0 \u01b0\u1edbp ph\u00f4 mai, v\u00e1ng s\u1eefa, tr\u1ee9ng, chanh v\u00e0 \u1edbt xanh n\u01b0\u1edbng l\u00f2 Tandoor. M\u00f3n \u0103n \u0111\u1ed9c \u0111\u00e1o v\u00e0 th\u01a1m ngon t\u1ea1i Tandoor Vietnam.\",\"breadcrumb\":{\"@id\":\"https:\\\/\\\/tandoorvietnam.com\\\/vi\\\/sanpham\\\/cac-mon-nuong-kebab\\\/filet-ga-uop-pho-mai-vang-sua-trung-chanh-va-ot-xanh-nuong-lo-tandoor\\\/#breadcrumb\"},\"inLanguage\":\"vi-VN\",\"potentialAction\":[{\"@type\":\"ReadAction\",\"target\":[\"https:\\\/\\\/tandoorvietnam.com\\\/vi\\\/sanpham\\\/cac-mon-nuong-kebab\\\/filet-ga-uop-pho-mai-vang-sua-trung-chanh-va-ot-xanh-nuong-lo-tandoor\\\/\"]}]},{\"@type\":\"ImageObject\",\"inLanguage\":\"vi-VN\",\"@id\":\"https:\\\/\\\/tandoorvietnam.com\\\/vi\\\/sanpham\\\/cac-mon-nuong-kebab\\\/filet-ga-uop-pho-mai-vang-sua-trung-chanh-va-ot-xanh-nuong-lo-tandoor\\\/#primaryimage\",\"url\":\"https:\\\/\\\/tandoorvietnam.com\\\/wp-content\\\/uploads\\\/2020\\\/06\\\/Reshimi-Murg-Malai.jpg\",\"contentUrl\":\"https:\\\/\\\/tandoorvietnam.com\\\/wp-content\\\/uploads\\\/2020\\\/06\\\/Reshimi-Murg-Malai.jpg\",\"width\":800,\"height\":702,\"caption\":\"FILET G\u00c0 \u01af\u1edaP PH\u00d4 MAI, V\u00c1NG S\u1eeeA, TR\u1ee8NG, CHANH V\u00c0 \u1edaT XANH N\u01af\u1edaNG L\u00d2 TANDOOR\"},{\"@type\":\"BreadcrumbList\",\"@id\":\"https:\\\/\\\/tandoorvietnam.com\\\/vi\\\/sanpham\\\/cac-mon-nuong-kebab\\\/filet-ga-uop-pho-mai-vang-sua-trung-chanh-va-ot-xanh-nuong-lo-tandoor\\\/#breadcrumb\",\"itemListElement\":[{\"@type\":\"ListItem\",\"position\":1,\"name\":\"Trang Ch\u1ee7\",\"item\":\"https:\\\/\\\/tandoorvietnam.com\\\/vi\\\/\"},{\"@type\":\"ListItem\",\"position\":2,\"name\":\"Shop\",\"item\":\"https:\\\/\\\/tandoorvietnam.com\\\/shop\\\/\"},{\"@type\":\"ListItem\",\"position\":3,\"name\":\"Reshmi Murgh Malai (FILET G\u00c0 \u01af\u1edaP PH\u00d4 MAI, V\u00c1NG S\u1eeeA, TR\u1ee8NG, CHANH V\u00c0 \u1edaT XANH N\u01af\u1edaNG L\u00d2 TANDOOR)\"}]},{\"@type\":\"WebSite\",\"@id\":\"https:\\\/\\\/tandoorvietnam.com\\\/vi\\\/#website\",\"url\":\"https:\\\/\\\/tandoorvietnam.com\\\/vi\\\/\",\"name\":\"Tandoor Vietnam\",\"description\":\"Nh\u00e0 h\u00e0ng ngon h\u1ed3 ch\u00ed minh\",\"publisher\":{\"@id\":\"https:\\\/\\\/tandoorvietnam.com\\\/vi\\\/#organization\"},\"potentialAction\":[{\"@type\":\"SearchAction\",\"target\":{\"@type\":\"EntryPoint\",\"urlTemplate\":\"https:\\\/\\\/tandoorvietnam.com\\\/vi\\\/?s={search_term_string}\"},\"query-input\":{\"@type\":\"PropertyValueSpecification\",\"valueRequired\":true,\"valueName\":\"search_term_string\"}}],\"inLanguage\":\"vi-VN\"},{\"@type\":\"Organization\",\"@id\":\"https:\\\/\\\/tandoorvietnam.com\\\/vi\\\/#organization\",\"name\":\"Tandoor Vietnam\",\"url\":\"https:\\\/\\\/tandoorvietnam.com\\\/vi\\\/\",\"logo\":{\"@type\":\"ImageObject\",\"inLanguage\":\"vi-VN\",\"@id\":\"https:\\\/\\\/tandoorvietnam.com\\\/vi\\\/#\\\/schema\\\/logo\\\/image\\\/\",\"url\":\"https:\\\/\\\/tandoorvietnam.com\\\/wp-content\\\/uploads\\\/2020\\\/07\\\/logo.png\",\"contentUrl\":\"https:\\\/\\\/tandoorvietnam.com\\\/wp-content\\\/uploads\\\/2020\\\/07\\\/logo.png\",\"width\":133,\"height\":75,\"caption\":\"Tandoor Vietnam\"},\"image\":{\"@id\":\"https:\\\/\\\/tandoorvietnam.com\\\/vi\\\/#\\\/schema\\\/logo\\\/image\\\/\"},\"sameAs\":[\"https:\\\/\\\/www.facebook.com\\\/tandoor.hcmc\\\/\"]}]}<\/script>\n<!-- \/ Yoast SEO Premium plugin. -->","yoast_head_json":{"title":"FILET G\u00c0 \u01af\u1edaP PH\u00d4 MAI, V\u00c1NG S\u1eeeA N\u01af\u1edaNG L\u00d2 TANDOOR","description":"Filet g\u00e0 \u01b0\u1edbp ph\u00f4 mai, v\u00e1ng s\u1eefa, tr\u1ee9ng, chanh v\u00e0 \u1edbt xanh n\u01b0\u1edbng l\u00f2 Tandoor. M\u00f3n \u0103n \u0111\u1ed9c \u0111\u00e1o v\u00e0 th\u01a1m ngon t\u1ea1i Tandoor Vietnam.","robots":{"index":"index","follow":"follow","max-snippet":"max-snippet:-1","max-image-preview":"max-image-preview:large","max-video-preview":"max-video-preview:-1"},"canonical":"https:\/\/tandoorvietnam.com\/vi\/sanpham\/cac-mon-nuong-kebab\/filet-ga-uop-pho-mai-vang-sua-trung-chanh-va-ot-xanh-nuong-lo-tandoor\/","og_locale":"vi_VN","og_type":"article","og_title":"Reshmi Murgh Malai (FILET G\u00c0 \u01af\u1edaP PH\u00d4 MAI, V\u00c1NG S\u1eeeA, TR\u1ee8NG, CHANH V\u00c0 \u1edaT XANH N\u01af\u1edaNG L\u00d2 TANDOOR)","og_description":"Filet g\u00e0 \u01b0\u1edbp ph\u00f4 mai, v\u00e1ng s\u1eefa, tr\u1ee9ng, chanh v\u00e0 \u1edbt xanh n\u01b0\u1edbng l\u00f2 Tandoor. M\u00f3n \u0103n \u0111\u1ed9c \u0111\u00e1o v\u00e0 th\u01a1m ngon t\u1ea1i Tandoor Vietnam.","og_url":"https:\/\/tandoorvietnam.com\/vi\/sanpham\/cac-mon-nuong-kebab\/filet-ga-uop-pho-mai-vang-sua-trung-chanh-va-ot-xanh-nuong-lo-tandoor\/","og_site_name":"Tandoor Vi\u1ec7t Nam","article_publisher":"https:\/\/www.facebook.com\/tandoor.hcmc\/","article_modified_time":"2023-05-19T16:19:05+00:00","og_image":[{"width":800,"height":702,"url":"https:\/\/tandoorvietnam.com\/wp-content\/uploads\/2020\/06\/Reshimi-Murg-Malai.jpg","type":"image\/jpeg"}],"twitter_card":"summary_large_image","twitter_misc":{"Est. reading time":"2 minutes"},"schema":{"@context":"https:\/\/schema.org","@graph":[{"@type":"WebPage","@id":"https:\/\/tandoorvietnam.com\/vi\/sanpham\/cac-mon-nuong-kebab\/filet-ga-uop-pho-mai-vang-sua-trung-chanh-va-ot-xanh-nuong-lo-tandoor\/","url":"https:\/\/tandoorvietnam.com\/vi\/sanpham\/cac-mon-nuong-kebab\/filet-ga-uop-pho-mai-vang-sua-trung-chanh-va-ot-xanh-nuong-lo-tandoor\/","name":"FILET G\u00c0 \u01af\u1edaP PH\u00d4 MAI, V\u00c1NG S\u1eeeA N\u01af\u1edaNG L\u00d2 TANDOOR","isPartOf":{"@id":"https:\/\/tandoorvietnam.com\/vi\/#website"},"primaryImageOfPage":{"@id":"https:\/\/tandoorvietnam.com\/vi\/sanpham\/cac-mon-nuong-kebab\/filet-ga-uop-pho-mai-vang-sua-trung-chanh-va-ot-xanh-nuong-lo-tandoor\/#primaryimage"},"image":{"@id":"https:\/\/tandoorvietnam.com\/vi\/sanpham\/cac-mon-nuong-kebab\/filet-ga-uop-pho-mai-vang-sua-trung-chanh-va-ot-xanh-nuong-lo-tandoor\/#primaryimage"},"thumbnailUrl":"https:\/\/tandoorvietnam.com\/wp-content\/uploads\/2020\/06\/Reshimi-Murg-Malai.jpg","datePublished":"2021-04-19T05:11:07+00:00","dateModified":"2023-05-19T16:19:05+00:00","description":"Filet g\u00e0 \u01b0\u1edbp ph\u00f4 mai, v\u00e1ng s\u1eefa, tr\u1ee9ng, chanh v\u00e0 \u1edbt xanh n\u01b0\u1edbng l\u00f2 Tandoor. M\u00f3n \u0103n \u0111\u1ed9c \u0111\u00e1o v\u00e0 th\u01a1m ngon t\u1ea1i Tandoor Vietnam.","breadcrumb":{"@id":"https:\/\/tandoorvietnam.com\/vi\/sanpham\/cac-mon-nuong-kebab\/filet-ga-uop-pho-mai-vang-sua-trung-chanh-va-ot-xanh-nuong-lo-tandoor\/#breadcrumb"},"inLanguage":"vi-VN","potentialAction":[{"@type":"ReadAction","target":["https:\/\/tandoorvietnam.com\/vi\/sanpham\/cac-mon-nuong-kebab\/filet-ga-uop-pho-mai-vang-sua-trung-chanh-va-ot-xanh-nuong-lo-tandoor\/"]}]},{"@type":"ImageObject","inLanguage":"vi-VN","@id":"https:\/\/tandoorvietnam.com\/vi\/sanpham\/cac-mon-nuong-kebab\/filet-ga-uop-pho-mai-vang-sua-trung-chanh-va-ot-xanh-nuong-lo-tandoor\/#primaryimage","url":"https:\/\/tandoorvietnam.com\/wp-content\/uploads\/2020\/06\/Reshimi-Murg-Malai.jpg","contentUrl":"https:\/\/tandoorvietnam.com\/wp-content\/uploads\/2020\/06\/Reshimi-Murg-Malai.jpg","width":800,"height":702,"caption":"FILET G\u00c0 \u01af\u1edaP PH\u00d4 MAI, V\u00c1NG S\u1eeeA, TR\u1ee8NG, CHANH V\u00c0 \u1edaT XANH N\u01af\u1edaNG L\u00d2 TANDOOR"},{"@type":"BreadcrumbList","@id":"https:\/\/tandoorvietnam.com\/vi\/sanpham\/cac-mon-nuong-kebab\/filet-ga-uop-pho-mai-vang-sua-trung-chanh-va-ot-xanh-nuong-lo-tandoor\/#breadcrumb","itemListElement":[{"@type":"ListItem","position":1,"name":"Trang Ch\u1ee7","item":"https:\/\/tandoorvietnam.com\/vi\/"},{"@type":"ListItem","position":2,"name":"Shop","item":"https:\/\/tandoorvietnam.com\/shop\/"},{"@type":"ListItem","position":3,"name":"Reshmi Murgh Malai (FILET G\u00c0 \u01af\u1edaP PH\u00d4 MAI, V\u00c1NG S\u1eeeA, TR\u1ee8NG, CHANH V\u00c0 \u1edaT XANH N\u01af\u1edaNG L\u00d2 TANDOOR)"}]},{"@type":"WebSite","@id":"https:\/\/tandoorvietnam.com\/vi\/#website","url":"https:\/\/tandoorvietnam.com\/vi\/","name":"Tandoor Vietnam","description":"Nh\u00e0 h\u00e0ng ngon h\u1ed3 ch\u00ed minh","publisher":{"@id":"https:\/\/tandoorvietnam.com\/vi\/#organization"},"potentialAction":[{"@type":"SearchAction","target":{"@type":"EntryPoint","urlTemplate":"https:\/\/tandoorvietnam.com\/vi\/?s={search_term_string}"},"query-input":{"@type":"PropertyValueSpecification","valueRequired":true,"valueName":"search_term_string"}}],"inLanguage":"vi-VN"},{"@type":"Organization","@id":"https:\/\/tandoorvietnam.com\/vi\/#organization","name":"Tandoor Vietnam","url":"https:\/\/tandoorvietnam.com\/vi\/","logo":{"@type":"ImageObject","inLanguage":"vi-VN","@id":"https:\/\/tandoorvietnam.com\/vi\/#\/schema\/logo\/image\/","url":"https:\/\/tandoorvietnam.com\/wp-content\/uploads\/2020\/07\/logo.png","contentUrl":"https:\/\/tandoorvietnam.com\/wp-content\/uploads\/2020\/07\/logo.png","width":133,"height":75,"caption":"Tandoor Vietnam"},"image":{"@id":"https:\/\/tandoorvietnam.com\/vi\/#\/schema\/logo\/image\/"},"sameAs":["https:\/\/www.facebook.com\/tandoor.hcmc\/"]}]}},"_links":{"self":[{"href":"https:\/\/tandoorvietnam.com\/vi\/wp-json\/wp\/v2\/product\/3328","targetHints":{"allow":["GET"]}}],"collection":[{"href":"https:\/\/tandoorvietnam.com\/vi\/wp-json\/wp\/v2\/product"}],"about":[{"href":"https:\/\/tandoorvietnam.com\/vi\/wp-json\/wp\/v2\/types\/product"}],"wp:featuredmedia":[{"embeddable":true,"href":"https:\/\/tandoorvietnam.com\/vi\/wp-json\/wp\/v2\/media\/3329"}],"wp:attachment":[{"href":"https:\/\/tandoorvietnam.com\/vi\/wp-json\/wp\/v2\/media?parent=3328"}],"wp:term":[{"taxonomy":"product_brand","embeddable":true,"href":"https:\/\/tandoorvietnam.com\/vi\/wp-json\/wp\/v2\/product_brand?post=3328"},{"taxonomy":"product_cat","embeddable":true,"href":"https:\/\/tandoorvietnam.com\/vi\/wp-json\/wp\/v2\/product_cat?post=3328"},{"taxonomy":"product_tag","embeddable":true,"href":"https:\/\/tandoorvietnam.com\/vi\/wp-json\/wp\/v2\/product_tag?post=3328"}],"curies":[{"name":"wp","href":"https:\/\/api.w.org\/{rel}","templated":true}]}}