{"id":3330,"date":"2020-06-20T10:56:33","date_gmt":"2021-04-19T05:12:52","guid":{"rendered":"http:\/\/tandoorvietnam.com\/product\/uncategorized\/ga-nguyen-con-uop-sua-chua-va-gia-vi-cay-nuong-lo-tandoor\/"},"modified":"2023-05-08T02:55:49","modified_gmt":"2023-05-08T02:55:49","slug":"ga-nguyen-con-uop-sua-chua-va-gia-vi-cay-nuong-lo-tandoor","status":"publish","type":"product","link":"https:\/\/tandoorvietnam.com\/vi\/sanpham\/cac-mon-nuong-kebab\/ga-nguyen-con-uop-sua-chua-va-gia-vi-cay-nuong-lo-tandoor\/","title":{"rendered":"Tandoori Chicken (Rural chicken with bone) Full (G\u00c0 NGUY\u00caN CON \u01af\u1edaP S\u1eeeA CHUA V\u00c0 GIA V\u1eca CAY N\u01af\u1edaNG L\u00d2 TANDOOR)"},"content":{"rendered":"<p>V\u1edbi h\u01b0\u01a1ng v\u1ecb nguy\u00ean b\u1ea3n c\u1ee7a \u1ea4n \u0110\u1ed9,\u00a0g\u00e0 nguy\u00ean con u\u1edbp s\u1eefa chua v\u00e0 gia v\u1ecb cay \u0111\u01b0\u1ee3c n\u01b0\u1edbng v\u00e0ng trong l\u00f2 Tandoor l\u00e0 m\u00f3n \u0103n kh\u00f4ng th\u1ec3 b\u1ecf qua t\u1ea1i Tandoor Vietnam. Ch\u1ec9 c\u1ea7n m\u1ed9t mi\u1ebfng th\u1ecbt g\u00e0 \u0111\u00e3 \u0111\u01b0\u1ee3c \u01b0\u1edbp \u0111\u1ea7y \u0111\u1ee7 gia v\u1ecb, b\u1ea1n s\u1ebd c\u1ea3m nh\u1eadn \u0111\u01b0\u1ee3c h\u01b0\u01a1ng v\u1ecb \u0111\u1eadm \u0111\u00e0, cay cay v\u00e0 th\u01a1m ngon c\u1ee7a g\u00e0 n\u01b0\u1edbng, \u0111\u01b0\u1ee3c n\u01b0\u1edbng ch\u00edn \u0111\u1ec1u t\u1eebng ph\u1ea7n b\u00ean trong, gi\u00f2n b\u00ean ngo\u00e0i.<\/p>\n<p>G\u00e0 nguy\u00ean con \u0111\u01b0\u1ee3c ch\u1ecdn l\u1ef1a k\u1ef9 c\u00e0ng, sau \u0111\u00f3 \u0111\u01b0\u1ee3c \u01b0\u1edbp v\u1edbi yaour v\u00e0 gia v\u1ecb cay \u1ea4n \u0110\u1ed9, t\u1ea1o n\u00ean h\u01b0\u01a1ng v\u1ecb \u0111\u1ed9c \u0111\u00e1o, khi\u1ebfn b\u1ea1n kh\u00f4ng th\u1ec3 n\u00e0o c\u01b0\u1ee1ng l\u1ea1i \u0111\u01b0\u1ee3c. Sau khi \u01b0\u1edbp \u0111\u1ee7 th\u1eddi gian, mi\u1ebfng g\u00e0 \u0111\u01b0\u1ee3c n\u01b0\u1edbng v\u00e0ng \u1edf nhi\u1ec7t \u0111\u1ed9 cao trong l\u00f2 Tandoor, l\u00e0m cho th\u1ecbt g\u00e0 tr\u1edf n\u00ean th\u01a1m ngon h\u01a1n, b\u00ean ngo\u00e0i gi\u00f2n tan h\u01a1n, m\u1ed9t c\u00e1ch ho\u00e0n h\u1ea3o.<\/p>\n<p>V\u1edbi m\u00f3n g\u00e0 nguy\u00ean con n\u01b0\u1edbng c\u1ee7a <a href=\"https:\/\/tandoorvietnam.com\/\">Tandoor Vietnam<\/a>, b\u1ea1n c\u00f3 th\u1ec3 d\u00f9ng k\u00e8m v\u1edbi c\u00e1c lo\u1ea1i x\u00e0 l\u00e1ch, rau s\u1ed1ng, b\u00e1nh m\u00ec n\u01b0\u1edbng, ho\u1eb7c s\u1ed1t chua ng\u1ecdt \u0111\u1ec3 t\u0103ng th\u00eam v\u1ecb gi\u00f2n v\u00e0 th\u01a1m ngon. \u0110\u00e2y l\u00e0 m\u1ed9t m\u00f3n \u0103n r\u1ea5t ph\u00f9 h\u1ee3p cho c\u00e1c b\u1eefa ti\u1ec7c, d\u1ecbp g\u1eb7p m\u1eb7t b\u1ea1n b\u00e8 ho\u1eb7c gia \u0111\u00ecnh, khi mu\u1ed1n th\u01b0\u1edfng th\u1ee9c m\u1ed9t m\u00f3n \u0103n \u0111\u1eb7c bi\u1ec7t v\u00e0 mang l\u1ea1i c\u1ea3m gi\u00e1c th\u1ecfa m\u00e3n cho v\u1ecb gi\u00e1c c\u1ee7a m\u00ecnh.<\/p>\n<p>V\u1edbi ch\u1ea5t l\u01b0\u1ee3ng \u0111\u1ea3m b\u1ea3o v\u00e0 gi\u00e1 c\u1ea3 h\u1ee3p l\u00fd, Tandoor Vietnam cam k\u1ebft mang \u0111\u1ebfn cho kh\u00e1ch h\u00e0ng nh\u1eefng tr\u1ea3i nghi\u1ec7m \u1ea9m th\u1ef1c tuy\u1ec7t v\u1eddi nh\u1ea5t. H\u00e3y th\u01b0\u1edfng th\u1ee9c m\u00f3n g\u00e0 nguy\u00ean con n\u01b0\u1edbng \u1ea4n \u0110\u1ed9 c\u1ee7a ch\u00fang t\u00f4i \u0111\u1ec3 c\u1ea3m nh\u1eadn s\u1ef1 kh\u00e1c bi\u1ec7t.<\/p>\n","protected":false},"excerpt":{"rendered":"<p>&nbsp;<\/p>\n<table width=\"723\">\n<tbody>\n<tr>\n<td width=\"412\">Chicken marinated in yoghurt, freshly ground spices, grilled in Tandoor<\/td>\n<\/tr>\n<tr>\n<td width=\"412\"><\/td>\n<\/tr>\n<tr>\n<td width=\"412\">(Full)<\/td>\n<\/tr>\n<tr>\n<td width=\"412\"><em> G\u00e0 nguy\u00ean con \u01b0\u1edbp yaour v\u00e0 gia v\u1ecb cay \u1ea4n \u0110\u1ed9 n\u01b0\u1edbng v\u00e0ng trong l\u00f2 Tandoor<\/em><\/td>\n<\/tr>\n<\/tbody>\n<\/table>\n","protected":false},"featured_media":3331,"template":"","meta":[],"product_brand":[],"product_cat":[228],"product_tag":[],"class_list":{"0":"post-3330","1":"product","2":"type-product","3":"status-publish","4":"has-post-thumbnail","6":"product_cat-cac-mon-nuong-kebab","8":"first","9":"instock","10":"taxable","11":"shipping-taxable","12":"purchasable","13":"product-type-simple"},"yoast_head":"<!-- This site is optimized with the Yoast SEO Premium plugin v22.3 (Yoast SEO v27.4) - https:\/\/yoast.com\/product\/yoast-seo-premium-wordpress\/ -->\n<title>G\u00e0 nguy\u00ean con u\u1edbp s\u1eefa chua v\u00e0 gia v\u1ecb cay<\/title>\n<meta name=\"description\" content=\"T\u1eadn h\u01b0\u1edfng h\u01b0\u01a1ng v\u1ecb \u0111\u1eb7c tr\u01b0ng c\u1ee7a \u1ea4n \u0110\u1ed9 v\u1edbi g\u00e0 nguy\u00ean con u\u1edbp s\u1eefa chua v\u00e0 gia v\u1ecb cay, \u0111\u01b0\u1ee3c n\u01b0\u1edbng ch\u00edn trong l\u00f2 Tandoor t\u1ea1i Tandoor Vietnam.\" \/>\n<meta name=\"robots\" content=\"index, follow, max-snippet:-1, max-image-preview:large, max-video-preview:-1\" \/>\n<link rel=\"canonical\" href=\"https:\/\/tandoorvietnam.com\/vi\/sanpham\/cac-mon-nuong-kebab\/ga-nguyen-con-uop-sua-chua-va-gia-vi-cay-nuong-lo-tandoor\/\" \/>\n<meta property=\"og:locale\" content=\"vi_VN\" \/>\n<meta property=\"og:type\" content=\"article\" \/>\n<meta property=\"og:title\" content=\"Tandoori Chicken (Rural chicken with bone) Full (G\u00c0 NGUY\u00caN CON \u01af\u1edaP S\u1eeeA CHUA V\u00c0 GIA V\u1eca CAY N\u01af\u1edaNG L\u00d2 TANDOOR)\" \/>\n<meta property=\"og:description\" content=\"T\u1eadn h\u01b0\u1edfng h\u01b0\u01a1ng v\u1ecb \u0111\u1eb7c tr\u01b0ng c\u1ee7a \u1ea4n \u0110\u1ed9 v\u1edbi g\u00e0 nguy\u00ean con u\u1edbp s\u1eefa chua v\u00e0 gia v\u1ecb cay, \u0111\u01b0\u1ee3c n\u01b0\u1edbng ch\u00edn trong l\u00f2 Tandoor t\u1ea1i Tandoor Vietnam.\" \/>\n<meta property=\"og:url\" content=\"https:\/\/tandoorvietnam.com\/vi\/sanpham\/cac-mon-nuong-kebab\/ga-nguyen-con-uop-sua-chua-va-gia-vi-cay-nuong-lo-tandoor\/\" \/>\n<meta property=\"og:site_name\" content=\"Tandoor Vi\u1ec7t Nam\" \/>\n<meta property=\"article:publisher\" content=\"https:\/\/www.facebook.com\/tandoor.hcmc\/\" \/>\n<meta property=\"article:modified_time\" content=\"2023-05-08T02:55:49+00:00\" \/>\n<meta property=\"og:image\" content=\"https:\/\/tandoorvietnam.com\/wp-content\/uploads\/2020\/06\/tandoori-chicken.jpg\" \/>\n\t<meta property=\"og:image:width\" content=\"800\" \/>\n\t<meta property=\"og:image:height\" content=\"1009\" \/>\n\t<meta property=\"og:image:type\" content=\"image\/jpeg\" \/>\n<meta name=\"twitter:card\" content=\"summary_large_image\" \/>\n<meta name=\"twitter:label1\" content=\"Est. reading time\" \/>\n\t<meta name=\"twitter:data1\" content=\"2 minutes\" \/>\n<script type=\"application\/ld+json\" class=\"yoast-schema-graph\">{\"@context\":\"https:\\\/\\\/schema.org\",\"@graph\":[{\"@type\":\"WebPage\",\"@id\":\"https:\\\/\\\/tandoorvietnam.com\\\/vi\\\/sanpham\\\/cac-mon-nuong-kebab\\\/ga-nguyen-con-uop-sua-chua-va-gia-vi-cay-nuong-lo-tandoor\\\/\",\"url\":\"https:\\\/\\\/tandoorvietnam.com\\\/vi\\\/sanpham\\\/cac-mon-nuong-kebab\\\/ga-nguyen-con-uop-sua-chua-va-gia-vi-cay-nuong-lo-tandoor\\\/\",\"name\":\"G\u00e0 nguy\u00ean con u\u1edbp s\u1eefa chua v\u00e0 gia v\u1ecb cay\",\"isPartOf\":{\"@id\":\"https:\\\/\\\/tandoorvietnam.com\\\/vi\\\/#website\"},\"primaryImageOfPage\":{\"@id\":\"https:\\\/\\\/tandoorvietnam.com\\\/vi\\\/sanpham\\\/cac-mon-nuong-kebab\\\/ga-nguyen-con-uop-sua-chua-va-gia-vi-cay-nuong-lo-tandoor\\\/#primaryimage\"},\"image\":{\"@id\":\"https:\\\/\\\/tandoorvietnam.com\\\/vi\\\/sanpham\\\/cac-mon-nuong-kebab\\\/ga-nguyen-con-uop-sua-chua-va-gia-vi-cay-nuong-lo-tandoor\\\/#primaryimage\"},\"thumbnailUrl\":\"https:\\\/\\\/tandoorvietnam.com\\\/wp-content\\\/uploads\\\/2020\\\/06\\\/tandoori-chicken.jpg\",\"datePublished\":\"2021-04-19T05:12:52+00:00\",\"dateModified\":\"2023-05-08T02:55:49+00:00\",\"description\":\"T\u1eadn h\u01b0\u1edfng h\u01b0\u01a1ng v\u1ecb \u0111\u1eb7c tr\u01b0ng c\u1ee7a \u1ea4n \u0110\u1ed9 v\u1edbi g\u00e0 nguy\u00ean con u\u1edbp s\u1eefa chua v\u00e0 gia v\u1ecb cay, \u0111\u01b0\u1ee3c n\u01b0\u1edbng ch\u00edn trong l\u00f2 Tandoor t\u1ea1i Tandoor Vietnam.\",\"breadcrumb\":{\"@id\":\"https:\\\/\\\/tandoorvietnam.com\\\/vi\\\/sanpham\\\/cac-mon-nuong-kebab\\\/ga-nguyen-con-uop-sua-chua-va-gia-vi-cay-nuong-lo-tandoor\\\/#breadcrumb\"},\"inLanguage\":\"vi-VN\",\"potentialAction\":[{\"@type\":\"ReadAction\",\"target\":[\"https:\\\/\\\/tandoorvietnam.com\\\/vi\\\/sanpham\\\/cac-mon-nuong-kebab\\\/ga-nguyen-con-uop-sua-chua-va-gia-vi-cay-nuong-lo-tandoor\\\/\"]}]},{\"@type\":\"ImageObject\",\"inLanguage\":\"vi-VN\",\"@id\":\"https:\\\/\\\/tandoorvietnam.com\\\/vi\\\/sanpham\\\/cac-mon-nuong-kebab\\\/ga-nguyen-con-uop-sua-chua-va-gia-vi-cay-nuong-lo-tandoor\\\/#primaryimage\",\"url\":\"https:\\\/\\\/tandoorvietnam.com\\\/wp-content\\\/uploads\\\/2020\\\/06\\\/tandoori-chicken.jpg\",\"contentUrl\":\"https:\\\/\\\/tandoorvietnam.com\\\/wp-content\\\/uploads\\\/2020\\\/06\\\/tandoori-chicken.jpg\",\"width\":800,\"height\":1009,\"caption\":\"G\u00c0 NGUY\u00caN CON \u01af\u1edaP S\u1eeeA CHUA V\u00c0 GIA V\u1eca CAY N\u01af\u1edaNG L\u00d2 TANDOOR\"},{\"@type\":\"BreadcrumbList\",\"@id\":\"https:\\\/\\\/tandoorvietnam.com\\\/vi\\\/sanpham\\\/cac-mon-nuong-kebab\\\/ga-nguyen-con-uop-sua-chua-va-gia-vi-cay-nuong-lo-tandoor\\\/#breadcrumb\",\"itemListElement\":[{\"@type\":\"ListItem\",\"position\":1,\"name\":\"Trang Ch\u1ee7\",\"item\":\"https:\\\/\\\/tandoorvietnam.com\\\/vi\\\/\"},{\"@type\":\"ListItem\",\"position\":2,\"name\":\"Shop\",\"item\":\"https:\\\/\\\/tandoorvietnam.com\\\/shop\\\/\"},{\"@type\":\"ListItem\",\"position\":3,\"name\":\"Tandoori Chicken (Rural chicken with bone) Full (G\u00c0 NGUY\u00caN CON \u01af\u1edaP S\u1eeeA CHUA V\u00c0 GIA V\u1eca CAY N\u01af\u1edaNG L\u00d2 TANDOOR)\"}]},{\"@type\":\"WebSite\",\"@id\":\"https:\\\/\\\/tandoorvietnam.com\\\/vi\\\/#website\",\"url\":\"https:\\\/\\\/tandoorvietnam.com\\\/vi\\\/\",\"name\":\"Tandoor Vietnam\",\"description\":\"Nh\u00e0 h\u00e0ng ngon h\u1ed3 ch\u00ed minh\",\"publisher\":{\"@id\":\"https:\\\/\\\/tandoorvietnam.com\\\/vi\\\/#organization\"},\"potentialAction\":[{\"@type\":\"SearchAction\",\"target\":{\"@type\":\"EntryPoint\",\"urlTemplate\":\"https:\\\/\\\/tandoorvietnam.com\\\/vi\\\/?s={search_term_string}\"},\"query-input\":{\"@type\":\"PropertyValueSpecification\",\"valueRequired\":true,\"valueName\":\"search_term_string\"}}],\"inLanguage\":\"vi-VN\"},{\"@type\":\"Organization\",\"@id\":\"https:\\\/\\\/tandoorvietnam.com\\\/vi\\\/#organization\",\"name\":\"Tandoor Vietnam\",\"url\":\"https:\\\/\\\/tandoorvietnam.com\\\/vi\\\/\",\"logo\":{\"@type\":\"ImageObject\",\"inLanguage\":\"vi-VN\",\"@id\":\"https:\\\/\\\/tandoorvietnam.com\\\/vi\\\/#\\\/schema\\\/logo\\\/image\\\/\",\"url\":\"https:\\\/\\\/tandoorvietnam.com\\\/wp-content\\\/uploads\\\/2020\\\/07\\\/logo.png\",\"contentUrl\":\"https:\\\/\\\/tandoorvietnam.com\\\/wp-content\\\/uploads\\\/2020\\\/07\\\/logo.png\",\"width\":133,\"height\":75,\"caption\":\"Tandoor Vietnam\"},\"image\":{\"@id\":\"https:\\\/\\\/tandoorvietnam.com\\\/vi\\\/#\\\/schema\\\/logo\\\/image\\\/\"},\"sameAs\":[\"https:\\\/\\\/www.facebook.com\\\/tandoor.hcmc\\\/\"]}]}<\/script>\n<!-- \/ Yoast SEO Premium plugin. -->","yoast_head_json":{"title":"G\u00e0 nguy\u00ean con u\u1edbp s\u1eefa chua v\u00e0 gia v\u1ecb cay","description":"T\u1eadn h\u01b0\u1edfng h\u01b0\u01a1ng v\u1ecb \u0111\u1eb7c tr\u01b0ng c\u1ee7a \u1ea4n \u0110\u1ed9 v\u1edbi g\u00e0 nguy\u00ean con u\u1edbp s\u1eefa chua v\u00e0 gia v\u1ecb cay, \u0111\u01b0\u1ee3c n\u01b0\u1edbng ch\u00edn trong l\u00f2 Tandoor t\u1ea1i Tandoor Vietnam.","robots":{"index":"index","follow":"follow","max-snippet":"max-snippet:-1","max-image-preview":"max-image-preview:large","max-video-preview":"max-video-preview:-1"},"canonical":"https:\/\/tandoorvietnam.com\/vi\/sanpham\/cac-mon-nuong-kebab\/ga-nguyen-con-uop-sua-chua-va-gia-vi-cay-nuong-lo-tandoor\/","og_locale":"vi_VN","og_type":"article","og_title":"Tandoori Chicken (Rural chicken with bone) Full (G\u00c0 NGUY\u00caN CON \u01af\u1edaP S\u1eeeA CHUA V\u00c0 GIA V\u1eca CAY N\u01af\u1edaNG L\u00d2 TANDOOR)","og_description":"T\u1eadn h\u01b0\u1edfng h\u01b0\u01a1ng v\u1ecb \u0111\u1eb7c tr\u01b0ng c\u1ee7a \u1ea4n \u0110\u1ed9 v\u1edbi g\u00e0 nguy\u00ean con u\u1edbp s\u1eefa chua v\u00e0 gia v\u1ecb cay, \u0111\u01b0\u1ee3c n\u01b0\u1edbng ch\u00edn trong l\u00f2 Tandoor t\u1ea1i Tandoor Vietnam.","og_url":"https:\/\/tandoorvietnam.com\/vi\/sanpham\/cac-mon-nuong-kebab\/ga-nguyen-con-uop-sua-chua-va-gia-vi-cay-nuong-lo-tandoor\/","og_site_name":"Tandoor Vi\u1ec7t Nam","article_publisher":"https:\/\/www.facebook.com\/tandoor.hcmc\/","article_modified_time":"2023-05-08T02:55:49+00:00","og_image":[{"width":800,"height":1009,"url":"https:\/\/tandoorvietnam.com\/wp-content\/uploads\/2020\/06\/tandoori-chicken.jpg","type":"image\/jpeg"}],"twitter_card":"summary_large_image","twitter_misc":{"Est. reading time":"2 minutes"},"schema":{"@context":"https:\/\/schema.org","@graph":[{"@type":"WebPage","@id":"https:\/\/tandoorvietnam.com\/vi\/sanpham\/cac-mon-nuong-kebab\/ga-nguyen-con-uop-sua-chua-va-gia-vi-cay-nuong-lo-tandoor\/","url":"https:\/\/tandoorvietnam.com\/vi\/sanpham\/cac-mon-nuong-kebab\/ga-nguyen-con-uop-sua-chua-va-gia-vi-cay-nuong-lo-tandoor\/","name":"G\u00e0 nguy\u00ean con u\u1edbp s\u1eefa chua v\u00e0 gia v\u1ecb cay","isPartOf":{"@id":"https:\/\/tandoorvietnam.com\/vi\/#website"},"primaryImageOfPage":{"@id":"https:\/\/tandoorvietnam.com\/vi\/sanpham\/cac-mon-nuong-kebab\/ga-nguyen-con-uop-sua-chua-va-gia-vi-cay-nuong-lo-tandoor\/#primaryimage"},"image":{"@id":"https:\/\/tandoorvietnam.com\/vi\/sanpham\/cac-mon-nuong-kebab\/ga-nguyen-con-uop-sua-chua-va-gia-vi-cay-nuong-lo-tandoor\/#primaryimage"},"thumbnailUrl":"https:\/\/tandoorvietnam.com\/wp-content\/uploads\/2020\/06\/tandoori-chicken.jpg","datePublished":"2021-04-19T05:12:52+00:00","dateModified":"2023-05-08T02:55:49+00:00","description":"T\u1eadn h\u01b0\u1edfng h\u01b0\u01a1ng v\u1ecb \u0111\u1eb7c tr\u01b0ng c\u1ee7a \u1ea4n \u0110\u1ed9 v\u1edbi g\u00e0 nguy\u00ean con u\u1edbp s\u1eefa chua v\u00e0 gia v\u1ecb cay, \u0111\u01b0\u1ee3c n\u01b0\u1edbng ch\u00edn trong l\u00f2 Tandoor t\u1ea1i Tandoor Vietnam.","breadcrumb":{"@id":"https:\/\/tandoorvietnam.com\/vi\/sanpham\/cac-mon-nuong-kebab\/ga-nguyen-con-uop-sua-chua-va-gia-vi-cay-nuong-lo-tandoor\/#breadcrumb"},"inLanguage":"vi-VN","potentialAction":[{"@type":"ReadAction","target":["https:\/\/tandoorvietnam.com\/vi\/sanpham\/cac-mon-nuong-kebab\/ga-nguyen-con-uop-sua-chua-va-gia-vi-cay-nuong-lo-tandoor\/"]}]},{"@type":"ImageObject","inLanguage":"vi-VN","@id":"https:\/\/tandoorvietnam.com\/vi\/sanpham\/cac-mon-nuong-kebab\/ga-nguyen-con-uop-sua-chua-va-gia-vi-cay-nuong-lo-tandoor\/#primaryimage","url":"https:\/\/tandoorvietnam.com\/wp-content\/uploads\/2020\/06\/tandoori-chicken.jpg","contentUrl":"https:\/\/tandoorvietnam.com\/wp-content\/uploads\/2020\/06\/tandoori-chicken.jpg","width":800,"height":1009,"caption":"G\u00c0 NGUY\u00caN CON \u01af\u1edaP S\u1eeeA CHUA V\u00c0 GIA V\u1eca CAY N\u01af\u1edaNG L\u00d2 TANDOOR"},{"@type":"BreadcrumbList","@id":"https:\/\/tandoorvietnam.com\/vi\/sanpham\/cac-mon-nuong-kebab\/ga-nguyen-con-uop-sua-chua-va-gia-vi-cay-nuong-lo-tandoor\/#breadcrumb","itemListElement":[{"@type":"ListItem","position":1,"name":"Trang Ch\u1ee7","item":"https:\/\/tandoorvietnam.com\/vi\/"},{"@type":"ListItem","position":2,"name":"Shop","item":"https:\/\/tandoorvietnam.com\/shop\/"},{"@type":"ListItem","position":3,"name":"Tandoori Chicken (Rural chicken with bone) Full (G\u00c0 NGUY\u00caN CON \u01af\u1edaP S\u1eeeA CHUA V\u00c0 GIA V\u1eca CAY N\u01af\u1edaNG L\u00d2 TANDOOR)"}]},{"@type":"WebSite","@id":"https:\/\/tandoorvietnam.com\/vi\/#website","url":"https:\/\/tandoorvietnam.com\/vi\/","name":"Tandoor Vietnam","description":"Nh\u00e0 h\u00e0ng ngon h\u1ed3 ch\u00ed minh","publisher":{"@id":"https:\/\/tandoorvietnam.com\/vi\/#organization"},"potentialAction":[{"@type":"SearchAction","target":{"@type":"EntryPoint","urlTemplate":"https:\/\/tandoorvietnam.com\/vi\/?s={search_term_string}"},"query-input":{"@type":"PropertyValueSpecification","valueRequired":true,"valueName":"search_term_string"}}],"inLanguage":"vi-VN"},{"@type":"Organization","@id":"https:\/\/tandoorvietnam.com\/vi\/#organization","name":"Tandoor Vietnam","url":"https:\/\/tandoorvietnam.com\/vi\/","logo":{"@type":"ImageObject","inLanguage":"vi-VN","@id":"https:\/\/tandoorvietnam.com\/vi\/#\/schema\/logo\/image\/","url":"https:\/\/tandoorvietnam.com\/wp-content\/uploads\/2020\/07\/logo.png","contentUrl":"https:\/\/tandoorvietnam.com\/wp-content\/uploads\/2020\/07\/logo.png","width":133,"height":75,"caption":"Tandoor Vietnam"},"image":{"@id":"https:\/\/tandoorvietnam.com\/vi\/#\/schema\/logo\/image\/"},"sameAs":["https:\/\/www.facebook.com\/tandoor.hcmc\/"]}]}},"_links":{"self":[{"href":"https:\/\/tandoorvietnam.com\/vi\/wp-json\/wp\/v2\/product\/3330","targetHints":{"allow":["GET"]}}],"collection":[{"href":"https:\/\/tandoorvietnam.com\/vi\/wp-json\/wp\/v2\/product"}],"about":[{"href":"https:\/\/tandoorvietnam.com\/vi\/wp-json\/wp\/v2\/types\/product"}],"wp:featuredmedia":[{"embeddable":true,"href":"https:\/\/tandoorvietnam.com\/vi\/wp-json\/wp\/v2\/media\/3331"}],"wp:attachment":[{"href":"https:\/\/tandoorvietnam.com\/vi\/wp-json\/wp\/v2\/media?parent=3330"}],"wp:term":[{"taxonomy":"product_brand","embeddable":true,"href":"https:\/\/tandoorvietnam.com\/vi\/wp-json\/wp\/v2\/product_brand?post=3330"},{"taxonomy":"product_cat","embeddable":true,"href":"https:\/\/tandoorvietnam.com\/vi\/wp-json\/wp\/v2\/product_cat?post=3330"},{"taxonomy":"product_tag","embeddable":true,"href":"https:\/\/tandoorvietnam.com\/vi\/wp-json\/wp\/v2\/product_tag?post=3330"}],"curies":[{"name":"wp","href":"https:\/\/api.w.org\/{rel}","templated":true}]}}