{"id":3332,"date":"2020-06-20T10:55:38","date_gmt":"2020-06-20T10:55:38","guid":{"rendered":"http:\/\/tandoorvietnam.com\/product\/uncategorized\/ga-nua-con-uop-sua-chua-va-gia-vi-cay-nuong-lo-tandoor\/"},"modified":"2025-10-16T17:20:10","modified_gmt":"2025-10-16T10:20:10","slug":"ga-nua-con-uop-sua-chua-va-gia-vi-cay-nuong-lo-tandoor","status":"publish","type":"product","link":"https:\/\/tandoorvietnam.com\/vi\/sanpham\/cac-mon-nuong-kebab\/ga-nua-con-uop-sua-chua-va-gia-vi-cay-nuong-lo-tandoor\/","title":{"rendered":"Tandoori Chicken (Rural chicken with bone) - Half (G\u00c0 N\u1eecA CON \u01af\u1edaP S\u1eeeA CHUA V\u00c0 GIA V\u1eca CAY N\u01af\u1edaNG L\u00d2 TANDOOR)"},"content":{"rendered":"<p>G\u00e0 n\u1eeda con \u01b0\u1edbp s\u1eefa chua v\u00e0 gia v\u1ecb cay l\u00e0 m\u1ed9t trong nh\u1eefng m\u00f3n \u0103n n\u1ed5i ti\u1ebfng t\u1ea1i Tandoor Vietnam. Ch\u00fang t\u00f4i ch\u1ecdn nh\u1eefng con g\u00e0 t\u01b0\u01a1i ngon, v\u00e0 \u01b0\u1edbp gia v\u1ecb cay v\u00e0 s\u1eefa chua t\u1ef1 nhi\u00ean \u0111\u1ec3 t\u1ea1o ra m\u1ed9t h\u01b0\u01a1ng v\u1ecb \u0111\u1eb7c tr\u01b0ng v\u00e0 h\u1ea5p d\u1eabn.<\/p>\n<p>Qu\u00e1 tr\u00ecnh n\u01b0\u1edbng l\u00f2 Tandoor l\u00e0 b\u00ed quy\u1ebft gi\u00fap cho g\u00e0 tr\u1edf n\u00ean th\u01a1m ngon, m\u1ec1m m\u1ecbn v\u00e0 \u0111\u1eadm \u0111\u00e0 h\u01a1n. L\u00f2 Tandoor l\u00e0 m\u1ed9t lo\u1ea1i l\u00f2 n\u01b0\u1edbng \u0111\u1eb7c bi\u1ec7t, nhi\u1ec7t \u0111\u1ed9 cao v\u00e0 c\u00f3 th\u1ec3 t\u1ea1o ra nh\u1eefng v\u1ebft \u0111\u1ed1t \u0111en t\u1ea1o n\u00ean h\u01b0\u01a1ng v\u1ecb ri\u00eang cho m\u00f3n \u0103n.<\/p>\n<p>G\u00e0 n\u01b0\u1edbng n\u1eeda con \u01b0\u1edbp s\u1eefa chua v\u00e0 gia v\u1ecb cay c\u00f3 m\u1ed9t m\u00e0u s\u1eafc h\u1ea5p d\u1eabn, v\u1edbi l\u1edbp ngo\u00e0i cay cay v\u00e0 v\u1ecb chua nh\u1eb9 t\u1eeb s\u1eefa chua. Khi b\u1ea1n c\u1eaft mi\u1ebfng g\u00e0, b\u1ea1n s\u1ebd c\u1ea3m nh\u1eadn \u0111\u01b0\u1ee3c s\u1ef1 m\u1ec1m m\u1ecbn, \u0111\u1ed9 \u1ea9m v\u00e0 h\u01b0\u01a1ng v\u1ecb th\u01a1m ngon m\u00e0 th\u1ef1c s\u1ef1 \u0111\u1eadm \u0111\u00e0.<\/p>\n<p>M\u00f3n \u0103n n\u00e0y th\u01b0\u1eddng \u0111\u01b0\u1ee3c \u0103n k\u00e8m v\u1edbi c\u00e1c lo\u1ea1i s\u1ed1t t\u01b0\u01a1ng v\u00e0 rau s\u1ed1ng nh\u01b0 x\u00e0 l\u00e1ch, c\u00e0 chua v\u00e0 h\u00e0nh t\u00e2y. B\u1ea1n c\u00f3 th\u1ec3 t\u1ef1 ch\u1ecdn s\u1ed1t t\u01b0\u01a1ng ph\u00f9 h\u1ee3p v\u1edbi kh\u1ea9u v\u1ecb c\u00e1 nh\u00e2n c\u1ee7a m\u00ecnh.<\/p>\n<p>G\u00e0 n\u1eeda con \u01b0\u1edbp s\u1eefa chua v\u00e0 gia v\u1ecb cay n\u01b0\u1edbng l\u00f2 Tandoor l\u00e0 m\u1ed9t l\u1ef1a ch\u1ecdn tuy\u1ec7t v\u1eddi cho nh\u1eefng ng\u01b0\u1eddi y\u00eau th\u00edch \u1ea9m th\u1ef1c \u1ea4n \u0110\u1ed9. M\u00f3n \u0103n mang \u0111\u1ebfn h\u01b0\u01a1ng v\u1ecb \u0111\u1eadm \u0111\u00e0, h\u1ea5p d\u1eabn v\u00e0 \u0111\u1ed9c \u0111\u00e1o, mang l\u1ea1i tr\u1ea3i nghi\u1ec7m \u1ea9m th\u1ef1c tuy\u1ec7t v\u1eddi cho th\u1ef1c kh\u00e1ch. T\u1ea1i <a href=\"https:\/\/tandoorvietnam.com\/vi\/\">Tandoor Vietnam<\/a>, ch\u00fang t\u00f4i cam k\u1ebft mang \u0111\u1ebfn ch\u1ea5t l\u01b0\u1ee3ng v\u00e0 s\u1ef1 t\u01b0\u01a1i ngon trong m\u1ed7i m\u00f3n \u0103n \u0111\u1ec3 \u0111\u00e1p \u1ee9ng s\u1ef1 mong \u0111\u1ee3i c\u1ee7a kh\u00e1ch h\u00e0ng.<\/p>\n","protected":false},"excerpt":{"rendered":"<table style=\"height: 153px;\" width=\"717\">\n<tbody>\n<tr>\n<td width=\"412\">Chicken marinated in yoghurt, freshly ground spices, grilled in Tandoor<\/td>\n<\/tr>\n<tr>\n<td width=\"412\">N\u1eeda con<\/td>\n<\/tr>\n<tr>\n<td width=\"412\"><\/td>\n<\/tr>\n<tr>\n<td width=\"412\"><em>G\u00e0 nguy\u00ean con \u01b0\u1edbp yaour v\u00e0 gia v\u1ecb cay \u1ea4n \u0110\u1ed9 n\u01b0\u1edbng v\u00e0ng trong l\u00f2 Tandoor<\/em><\/td>\n<\/tr>\n<\/tbody>\n<\/table>\n","protected":false},"featured_media":3333,"template":"","meta":[],"product_brand":[],"product_cat":[228],"product_tag":[],"class_list":{"0":"post-3332","1":"product","2":"type-product","3":"status-publish","4":"has-post-thumbnail","6":"product_cat-cac-mon-nuong-kebab","8":"first","9":"instock","10":"taxable","11":"shipping-taxable","12":"purchasable","13":"product-type-simple"},"yoast_head":"<!-- This site is optimized with the Yoast SEO Premium plugin v22.3 (Yoast SEO v27.4) - https:\/\/yoast.com\/product\/yoast-seo-premium-wordpress\/ -->\n<title>G\u00c0 N\u1eecA CON \u01af\u1edaP S\u1eeeA CHUA V\u00c0 GIA V\u1eca CAY N\u01af\u1edaNG L\u00d2<\/title>\n<meta name=\"description\" content=\"G\u00e0 n\u1eeda con \u01b0\u1edbp s\u1eefa chua v\u00e0 gia v\u1ecb cay, n\u01b0\u1edbng l\u00f2 Tandoor t\u1ea1i Tandoor Vietnam. M\u00f3n \u0103n th\u01a1m ngon, \u0111\u1eadm \u0111\u00e0 v\u00e0 h\u1ea5p d\u1eabn v\u1edbi h\u01b0\u01a1ng v\u1ecb \u0111\u1eb7c tr\u01b0ng t\u1eeb \u1ea4n \u0110\u1ed9.\" \/>\n<meta name=\"robots\" content=\"index, follow, max-snippet:-1, max-image-preview:large, max-video-preview:-1\" \/>\n<link rel=\"canonical\" href=\"https:\/\/tandoorvietnam.com\/vi\/sanpham\/cac-mon-nuong-kebab\/ga-nua-con-uop-sua-chua-va-gia-vi-cay-nuong-lo-tandoor\/\" \/>\n<meta property=\"og:locale\" content=\"vi_VN\" \/>\n<meta property=\"og:type\" content=\"article\" \/>\n<meta property=\"og:title\" content=\"Tandoori Chicken (Rural chicken with bone) - Half (G\u00c0 N\u1eecA CON \u01af\u1edaP S\u1eeeA CHUA V\u00c0 GIA V\u1eca CAY N\u01af\u1edaNG L\u00d2 TANDOOR)\" \/>\n<meta property=\"og:description\" content=\"G\u00e0 n\u1eeda con \u01b0\u1edbp s\u1eefa chua v\u00e0 gia v\u1ecb cay, n\u01b0\u1edbng l\u00f2 Tandoor t\u1ea1i Tandoor Vietnam. M\u00f3n \u0103n th\u01a1m ngon, \u0111\u1eadm \u0111\u00e0 v\u00e0 h\u1ea5p d\u1eabn v\u1edbi h\u01b0\u01a1ng v\u1ecb \u0111\u1eb7c tr\u01b0ng t\u1eeb \u1ea4n \u0110\u1ed9.\" \/>\n<meta property=\"og:url\" content=\"https:\/\/tandoorvietnam.com\/vi\/sanpham\/cac-mon-nuong-kebab\/ga-nua-con-uop-sua-chua-va-gia-vi-cay-nuong-lo-tandoor\/\" \/>\n<meta property=\"og:site_name\" content=\"Tandoor Vi\u1ec7t Nam\" \/>\n<meta property=\"article:publisher\" content=\"https:\/\/www.facebook.com\/tandoor.hcmc\/\" \/>\n<meta property=\"article:modified_time\" content=\"2025-10-16T10:20:10+00:00\" \/>\n<meta property=\"og:image\" content=\"https:\/\/tandoorvietnam.com\/wp-content\/uploads\/2020\/06\/Tandoori-chicken-half-scaled.jpg\" \/>\n\t<meta property=\"og:image:width\" content=\"2048\" \/>\n\t<meta property=\"og:image:height\" content=\"2048\" \/>\n\t<meta property=\"og:image:type\" content=\"image\/jpeg\" \/>\n<meta name=\"twitter:card\" content=\"summary_large_image\" \/>\n<meta name=\"twitter:label1\" content=\"Est. reading time\" \/>\n\t<meta name=\"twitter:data1\" content=\"2 minutes\" \/>\n<script type=\"application\/ld+json\" class=\"yoast-schema-graph\">{\"@context\":\"https:\\\/\\\/schema.org\",\"@graph\":[{\"@type\":\"WebPage\",\"@id\":\"https:\\\/\\\/tandoorvietnam.com\\\/vi\\\/sanpham\\\/cac-mon-nuong-kebab\\\/ga-nua-con-uop-sua-chua-va-gia-vi-cay-nuong-lo-tandoor\\\/\",\"url\":\"https:\\\/\\\/tandoorvietnam.com\\\/vi\\\/sanpham\\\/cac-mon-nuong-kebab\\\/ga-nua-con-uop-sua-chua-va-gia-vi-cay-nuong-lo-tandoor\\\/\",\"name\":\"G\u00c0 N\u1eecA CON \u01af\u1edaP S\u1eeeA CHUA V\u00c0 GIA V\u1eca CAY N\u01af\u1edaNG L\u00d2\",\"isPartOf\":{\"@id\":\"https:\\\/\\\/tandoorvietnam.com\\\/vi\\\/#website\"},\"primaryImageOfPage\":{\"@id\":\"https:\\\/\\\/tandoorvietnam.com\\\/vi\\\/sanpham\\\/cac-mon-nuong-kebab\\\/ga-nua-con-uop-sua-chua-va-gia-vi-cay-nuong-lo-tandoor\\\/#primaryimage\"},\"image\":{\"@id\":\"https:\\\/\\\/tandoorvietnam.com\\\/vi\\\/sanpham\\\/cac-mon-nuong-kebab\\\/ga-nua-con-uop-sua-chua-va-gia-vi-cay-nuong-lo-tandoor\\\/#primaryimage\"},\"thumbnailUrl\":\"https:\\\/\\\/tandoorvietnam.com\\\/wp-content\\\/uploads\\\/2020\\\/06\\\/Tandoori-chicken-half-scaled.jpg\",\"datePublished\":\"2020-06-20T10:55:38+00:00\",\"dateModified\":\"2025-10-16T10:20:10+00:00\",\"description\":\"G\u00e0 n\u1eeda con \u01b0\u1edbp s\u1eefa chua v\u00e0 gia v\u1ecb cay, n\u01b0\u1edbng l\u00f2 Tandoor t\u1ea1i Tandoor Vietnam. M\u00f3n \u0103n th\u01a1m ngon, \u0111\u1eadm \u0111\u00e0 v\u00e0 h\u1ea5p d\u1eabn v\u1edbi h\u01b0\u01a1ng v\u1ecb \u0111\u1eb7c tr\u01b0ng t\u1eeb \u1ea4n \u0110\u1ed9.\",\"breadcrumb\":{\"@id\":\"https:\\\/\\\/tandoorvietnam.com\\\/vi\\\/sanpham\\\/cac-mon-nuong-kebab\\\/ga-nua-con-uop-sua-chua-va-gia-vi-cay-nuong-lo-tandoor\\\/#breadcrumb\"},\"inLanguage\":\"vi-VN\",\"potentialAction\":[{\"@type\":\"ReadAction\",\"target\":[\"https:\\\/\\\/tandoorvietnam.com\\\/vi\\\/sanpham\\\/cac-mon-nuong-kebab\\\/ga-nua-con-uop-sua-chua-va-gia-vi-cay-nuong-lo-tandoor\\\/\"]}]},{\"@type\":\"ImageObject\",\"inLanguage\":\"vi-VN\",\"@id\":\"https:\\\/\\\/tandoorvietnam.com\\\/vi\\\/sanpham\\\/cac-mon-nuong-kebab\\\/ga-nua-con-uop-sua-chua-va-gia-vi-cay-nuong-lo-tandoor\\\/#primaryimage\",\"url\":\"https:\\\/\\\/tandoorvietnam.com\\\/wp-content\\\/uploads\\\/2020\\\/06\\\/Tandoori-chicken-half-scaled.jpg\",\"contentUrl\":\"https:\\\/\\\/tandoorvietnam.com\\\/wp-content\\\/uploads\\\/2020\\\/06\\\/Tandoori-chicken-half-scaled.jpg\",\"width\":2048,\"height\":2048,\"caption\":\"G\u00c0 N\u1eecA CON \u01af\u1edaP S\u1eeeA CHUA V\u00c0 GIA V\u1eca CAY N\u01af\u1edaNG L\u00d2 TANDOOR\"},{\"@type\":\"BreadcrumbList\",\"@id\":\"https:\\\/\\\/tandoorvietnam.com\\\/vi\\\/sanpham\\\/cac-mon-nuong-kebab\\\/ga-nua-con-uop-sua-chua-va-gia-vi-cay-nuong-lo-tandoor\\\/#breadcrumb\",\"itemListElement\":[{\"@type\":\"ListItem\",\"position\":1,\"name\":\"Trang Ch\u1ee7\",\"item\":\"https:\\\/\\\/tandoorvietnam.com\\\/vi\\\/\"},{\"@type\":\"ListItem\",\"position\":2,\"name\":\"Shop\",\"item\":\"https:\\\/\\\/tandoorvietnam.com\\\/shop\\\/\"},{\"@type\":\"ListItem\",\"position\":3,\"name\":\"Tandoori Chicken (Rural chicken with bone) - Half (G\u00c0 N\u1eecA CON \u01af\u1edaP S\u1eeeA CHUA V\u00c0 GIA V\u1eca CAY N\u01af\u1edaNG L\u00d2 TANDOOR)\"}]},{\"@type\":\"WebSite\",\"@id\":\"https:\\\/\\\/tandoorvietnam.com\\\/vi\\\/#website\",\"url\":\"https:\\\/\\\/tandoorvietnam.com\\\/vi\\\/\",\"name\":\"Tandoor Vietnam\",\"description\":\"Nh\u00e0 h\u00e0ng ngon h\u1ed3 ch\u00ed minh\",\"publisher\":{\"@id\":\"https:\\\/\\\/tandoorvietnam.com\\\/vi\\\/#organization\"},\"potentialAction\":[{\"@type\":\"SearchAction\",\"target\":{\"@type\":\"EntryPoint\",\"urlTemplate\":\"https:\\\/\\\/tandoorvietnam.com\\\/vi\\\/?s={search_term_string}\"},\"query-input\":{\"@type\":\"PropertyValueSpecification\",\"valueRequired\":true,\"valueName\":\"search_term_string\"}}],\"inLanguage\":\"vi-VN\"},{\"@type\":\"Organization\",\"@id\":\"https:\\\/\\\/tandoorvietnam.com\\\/vi\\\/#organization\",\"name\":\"Tandoor Vietnam\",\"url\":\"https:\\\/\\\/tandoorvietnam.com\\\/vi\\\/\",\"logo\":{\"@type\":\"ImageObject\",\"inLanguage\":\"vi-VN\",\"@id\":\"https:\\\/\\\/tandoorvietnam.com\\\/vi\\\/#\\\/schema\\\/logo\\\/image\\\/\",\"url\":\"https:\\\/\\\/tandoorvietnam.com\\\/wp-content\\\/uploads\\\/2020\\\/07\\\/logo.png\",\"contentUrl\":\"https:\\\/\\\/tandoorvietnam.com\\\/wp-content\\\/uploads\\\/2020\\\/07\\\/logo.png\",\"width\":133,\"height\":75,\"caption\":\"Tandoor Vietnam\"},\"image\":{\"@id\":\"https:\\\/\\\/tandoorvietnam.com\\\/vi\\\/#\\\/schema\\\/logo\\\/image\\\/\"},\"sameAs\":[\"https:\\\/\\\/www.facebook.com\\\/tandoor.hcmc\\\/\"]}]}<\/script>\n<!-- \/ Yoast SEO Premium plugin. -->","yoast_head_json":{"title":"G\u00c0 N\u1eecA CON \u01af\u1edaP S\u1eeeA CHUA V\u00c0 GIA V\u1eca CAY N\u01af\u1edaNG L\u00d2","description":"G\u00e0 n\u1eeda con \u01b0\u1edbp s\u1eefa chua v\u00e0 gia v\u1ecb cay, n\u01b0\u1edbng l\u00f2 Tandoor t\u1ea1i Tandoor Vietnam. M\u00f3n \u0103n th\u01a1m ngon, \u0111\u1eadm \u0111\u00e0 v\u00e0 h\u1ea5p d\u1eabn v\u1edbi h\u01b0\u01a1ng v\u1ecb \u0111\u1eb7c tr\u01b0ng t\u1eeb \u1ea4n \u0110\u1ed9.","robots":{"index":"index","follow":"follow","max-snippet":"max-snippet:-1","max-image-preview":"max-image-preview:large","max-video-preview":"max-video-preview:-1"},"canonical":"https:\/\/tandoorvietnam.com\/vi\/sanpham\/cac-mon-nuong-kebab\/ga-nua-con-uop-sua-chua-va-gia-vi-cay-nuong-lo-tandoor\/","og_locale":"vi_VN","og_type":"article","og_title":"Tandoori Chicken (Rural chicken with bone) - Half (G\u00c0 N\u1eecA CON \u01af\u1edaP S\u1eeeA CHUA V\u00c0 GIA V\u1eca CAY N\u01af\u1edaNG L\u00d2 TANDOOR)","og_description":"G\u00e0 n\u1eeda con \u01b0\u1edbp s\u1eefa chua v\u00e0 gia v\u1ecb cay, n\u01b0\u1edbng l\u00f2 Tandoor t\u1ea1i Tandoor Vietnam. M\u00f3n \u0103n th\u01a1m ngon, \u0111\u1eadm \u0111\u00e0 v\u00e0 h\u1ea5p d\u1eabn v\u1edbi h\u01b0\u01a1ng v\u1ecb \u0111\u1eb7c tr\u01b0ng t\u1eeb \u1ea4n \u0110\u1ed9.","og_url":"https:\/\/tandoorvietnam.com\/vi\/sanpham\/cac-mon-nuong-kebab\/ga-nua-con-uop-sua-chua-va-gia-vi-cay-nuong-lo-tandoor\/","og_site_name":"Tandoor Vi\u1ec7t Nam","article_publisher":"https:\/\/www.facebook.com\/tandoor.hcmc\/","article_modified_time":"2025-10-16T10:20:10+00:00","og_image":[{"width":2048,"height":2048,"url":"https:\/\/tandoorvietnam.com\/wp-content\/uploads\/2020\/06\/Tandoori-chicken-half-scaled.jpg","type":"image\/jpeg"}],"twitter_card":"summary_large_image","twitter_misc":{"Est. reading time":"2 minutes"},"schema":{"@context":"https:\/\/schema.org","@graph":[{"@type":"WebPage","@id":"https:\/\/tandoorvietnam.com\/vi\/sanpham\/cac-mon-nuong-kebab\/ga-nua-con-uop-sua-chua-va-gia-vi-cay-nuong-lo-tandoor\/","url":"https:\/\/tandoorvietnam.com\/vi\/sanpham\/cac-mon-nuong-kebab\/ga-nua-con-uop-sua-chua-va-gia-vi-cay-nuong-lo-tandoor\/","name":"G\u00c0 N\u1eecA CON \u01af\u1edaP S\u1eeeA CHUA V\u00c0 GIA V\u1eca CAY N\u01af\u1edaNG L\u00d2","isPartOf":{"@id":"https:\/\/tandoorvietnam.com\/vi\/#website"},"primaryImageOfPage":{"@id":"https:\/\/tandoorvietnam.com\/vi\/sanpham\/cac-mon-nuong-kebab\/ga-nua-con-uop-sua-chua-va-gia-vi-cay-nuong-lo-tandoor\/#primaryimage"},"image":{"@id":"https:\/\/tandoorvietnam.com\/vi\/sanpham\/cac-mon-nuong-kebab\/ga-nua-con-uop-sua-chua-va-gia-vi-cay-nuong-lo-tandoor\/#primaryimage"},"thumbnailUrl":"https:\/\/tandoorvietnam.com\/wp-content\/uploads\/2020\/06\/Tandoori-chicken-half-scaled.jpg","datePublished":"2020-06-20T10:55:38+00:00","dateModified":"2025-10-16T10:20:10+00:00","description":"G\u00e0 n\u1eeda con \u01b0\u1edbp s\u1eefa chua v\u00e0 gia v\u1ecb cay, n\u01b0\u1edbng l\u00f2 Tandoor t\u1ea1i Tandoor Vietnam. M\u00f3n \u0103n th\u01a1m ngon, \u0111\u1eadm \u0111\u00e0 v\u00e0 h\u1ea5p d\u1eabn v\u1edbi h\u01b0\u01a1ng v\u1ecb \u0111\u1eb7c tr\u01b0ng t\u1eeb \u1ea4n \u0110\u1ed9.","breadcrumb":{"@id":"https:\/\/tandoorvietnam.com\/vi\/sanpham\/cac-mon-nuong-kebab\/ga-nua-con-uop-sua-chua-va-gia-vi-cay-nuong-lo-tandoor\/#breadcrumb"},"inLanguage":"vi-VN","potentialAction":[{"@type":"ReadAction","target":["https:\/\/tandoorvietnam.com\/vi\/sanpham\/cac-mon-nuong-kebab\/ga-nua-con-uop-sua-chua-va-gia-vi-cay-nuong-lo-tandoor\/"]}]},{"@type":"ImageObject","inLanguage":"vi-VN","@id":"https:\/\/tandoorvietnam.com\/vi\/sanpham\/cac-mon-nuong-kebab\/ga-nua-con-uop-sua-chua-va-gia-vi-cay-nuong-lo-tandoor\/#primaryimage","url":"https:\/\/tandoorvietnam.com\/wp-content\/uploads\/2020\/06\/Tandoori-chicken-half-scaled.jpg","contentUrl":"https:\/\/tandoorvietnam.com\/wp-content\/uploads\/2020\/06\/Tandoori-chicken-half-scaled.jpg","width":2048,"height":2048,"caption":"G\u00c0 N\u1eecA CON \u01af\u1edaP S\u1eeeA CHUA V\u00c0 GIA V\u1eca CAY N\u01af\u1edaNG L\u00d2 TANDOOR"},{"@type":"BreadcrumbList","@id":"https:\/\/tandoorvietnam.com\/vi\/sanpham\/cac-mon-nuong-kebab\/ga-nua-con-uop-sua-chua-va-gia-vi-cay-nuong-lo-tandoor\/#breadcrumb","itemListElement":[{"@type":"ListItem","position":1,"name":"Trang Ch\u1ee7","item":"https:\/\/tandoorvietnam.com\/vi\/"},{"@type":"ListItem","position":2,"name":"Shop","item":"https:\/\/tandoorvietnam.com\/shop\/"},{"@type":"ListItem","position":3,"name":"Tandoori Chicken (Rural chicken with bone) - Half (G\u00c0 N\u1eecA CON \u01af\u1edaP S\u1eeeA CHUA V\u00c0 GIA V\u1eca CAY N\u01af\u1edaNG L\u00d2 TANDOOR)"}]},{"@type":"WebSite","@id":"https:\/\/tandoorvietnam.com\/vi\/#website","url":"https:\/\/tandoorvietnam.com\/vi\/","name":"Tandoor Vietnam","description":"Nh\u00e0 h\u00e0ng ngon h\u1ed3 ch\u00ed minh","publisher":{"@id":"https:\/\/tandoorvietnam.com\/vi\/#organization"},"potentialAction":[{"@type":"SearchAction","target":{"@type":"EntryPoint","urlTemplate":"https:\/\/tandoorvietnam.com\/vi\/?s={search_term_string}"},"query-input":{"@type":"PropertyValueSpecification","valueRequired":true,"valueName":"search_term_string"}}],"inLanguage":"vi-VN"},{"@type":"Organization","@id":"https:\/\/tandoorvietnam.com\/vi\/#organization","name":"Tandoor Vietnam","url":"https:\/\/tandoorvietnam.com\/vi\/","logo":{"@type":"ImageObject","inLanguage":"vi-VN","@id":"https:\/\/tandoorvietnam.com\/vi\/#\/schema\/logo\/image\/","url":"https:\/\/tandoorvietnam.com\/wp-content\/uploads\/2020\/07\/logo.png","contentUrl":"https:\/\/tandoorvietnam.com\/wp-content\/uploads\/2020\/07\/logo.png","width":133,"height":75,"caption":"Tandoor Vietnam"},"image":{"@id":"https:\/\/tandoorvietnam.com\/vi\/#\/schema\/logo\/image\/"},"sameAs":["https:\/\/www.facebook.com\/tandoor.hcmc\/"]}]}},"_links":{"self":[{"href":"https:\/\/tandoorvietnam.com\/vi\/wp-json\/wp\/v2\/product\/3332","targetHints":{"allow":["GET"]}}],"collection":[{"href":"https:\/\/tandoorvietnam.com\/vi\/wp-json\/wp\/v2\/product"}],"about":[{"href":"https:\/\/tandoorvietnam.com\/vi\/wp-json\/wp\/v2\/types\/product"}],"wp:featuredmedia":[{"embeddable":true,"href":"https:\/\/tandoorvietnam.com\/vi\/wp-json\/wp\/v2\/media\/3333"}],"wp:attachment":[{"href":"https:\/\/tandoorvietnam.com\/vi\/wp-json\/wp\/v2\/media?parent=3332"}],"wp:term":[{"taxonomy":"product_brand","embeddable":true,"href":"https:\/\/tandoorvietnam.com\/vi\/wp-json\/wp\/v2\/product_brand?post=3332"},{"taxonomy":"product_cat","embeddable":true,"href":"https:\/\/tandoorvietnam.com\/vi\/wp-json\/wp\/v2\/product_cat?post=3332"},{"taxonomy":"product_tag","embeddable":true,"href":"https:\/\/tandoorvietnam.com\/vi\/wp-json\/wp\/v2\/product_tag?post=3332"}],"curies":[{"name":"wp","href":"https:\/\/api.w.org\/{rel}","templated":true}]}}