{"id":3334,"date":"2020-06-20T10:53:32","date_gmt":"2021-04-19T05:15:52","guid":{"rendered":"http:\/\/tandoorvietnam.com\/product\/uncategorized\/filet-ga-uop-sua-chua-vang-sua-gia-vi-nuong-lo-tandoor-voi-pho-mai\/"},"modified":"2023-05-20T13:47:53","modified_gmt":"2023-05-20T13:47:53","slug":"filet-ga-uop-sua-chua-vang-sua-gia-vi-nuong-lo-tandoor-voi-pho-mai","status":"publish","type":"product","link":"https:\/\/tandoorvietnam.com\/vi\/sanpham\/cac-mon-nuong-kebab\/filet-ga-uop-sua-chua-vang-sua-gia-vi-nuong-lo-tandoor-voi-pho-mai\/","title":{"rendered":"Ustani Kebab (FILET G\u00c0 \u01af\u1edaP S\u1eeeA CHUA, V\u00c1NG S\u1eeeA, GIA V\u1eca N\u01af\u1edaNG L\u00d2 TANDOOR V\u1edaI PH\u00d4 MAI PANEER)"},"content":{"rendered":"<p>Filet g\u00e0 \u01b0\u1edbp s\u1eefa chua, v\u00e1ng s\u1eefa v\u00e0 gia v\u1ecb n\u01b0\u1edbng l\u00f2 Tandoor v\u1edbi ph\u00f4 mai Paneer (Ustani Kebab) l\u00e0 m\u1ed9t m\u00f3n \u0103n \u0111\u1ed9c \u0111\u00e1o v\u00e0 h\u1ea5p d\u1eabn t\u1ea1i Tandoor Vietnam. Ch\u00fang t\u00f4i ch\u1ecdn l\u1ef1a filet g\u00e0 t\u01b0\u01a1i ngon v\u00e0 \u01b0\u1edbp s\u1eefa chua c\u00f9ng v\u1edbi v\u1ea3ng s\u1eefa \u0111\u1ec3 t\u1ea1o ra m\u1ed9t l\u1edbp v\u1ecb b\u00ean ngo\u00e0i th\u01a1m ngon v\u00e0 m\u1ec1m m\u1ecbn.<\/p>\n<p>Gia v\u1ecb n\u01b0\u1edbng l\u00f2 Tandoor \u0111\u01b0\u1ee3c s\u1eed d\u1ee5ng \u0111\u1ec3 th\u00eam h\u01b0\u01a1ng v\u1ecb \u0111\u1eb7c tr\u01b0ng v\u00e0 m\u1ed9t ch\u00fat cay n\u1ed3ng cho filet g\u00e0. Qu\u00e1 tr\u00ecnh n\u01b0\u1edbng l\u00f2 Tandoor gi\u00fap gi\u1eef \u0111\u01b0\u1ee3c \u0111\u1ed9 m\u1ec1m v\u00e0 gi\u1eef l\u1ea1i \u0111\u1ed9 gi\u00f2n c\u1ee7a filet g\u00e0, mang \u0111\u1ebfn tr\u1ea3i nghi\u1ec7m \u1ea9m th\u1ef1c tuy\u1ec7t v\u1eddi.<\/p>\n<p>Ph\u00f4 mai Paneer, m\u1ed9t lo\u1ea1i ph\u00f4 mai truy\u1ec1n th\u1ed1ng \u1ea4n \u0110\u1ed9 \u0111\u01b0\u1ee3c l\u00e0m t\u1eeb s\u1eefa, \u0111\u01b0\u1ee3c th\u00eam v\u00e0o m\u00f3n \u0103n \u0111\u1ec3 t\u1ea1o ra l\u1edbp kem b\u00ean tr\u00ean filet g\u00e0 n\u01b0\u1edbng. S\u1ef1 k\u1ebft h\u1ee3p gi\u1eefa v\u1ecb b\u00e9o m\u1ecbn c\u1ee7a ph\u00f4 mai Paneer v\u00e0 v\u1ecb th\u01a1m ngon c\u1ee7a filet g\u00e0 t\u1ea1o ra m\u1ed9t h\u01b0\u01a1ng v\u1ecb \u0111\u1ed9c \u0111\u00e1o v\u00e0 h\u1ea5p d\u1eabn.<\/p>\n<p>M\u00f3n Ustani Kebab\u00a0th\u01b0\u1eddng \u0111\u01b0\u1ee3c d\u00f9ng k\u00e8m v\u1edbi n\u01b0\u1edbc s\u1ed1t t\u01b0\u01a1ng \u1edbt v\u00e0 c\u00e1c lo\u1ea1i rau x\u00e0 l\u00e1ch t\u01b0\u01a1i m\u00e1t. B\u1ea1n c\u00f3 th\u1ec3 th\u01b0\u1edfng th\u1ee9c m\u00f3n \u0103n n\u00e0y nh\u01b0 m\u1ed9t m\u00f3n khai v\u1ecb tr\u01b0\u1edbc b\u1eefa ch\u00ednh ho\u1eb7c k\u1ebft h\u1ee3p v\u1edbi c\u01a1m ho\u1eb7c b\u00e1nh m\u00ec.<\/p>\n<p>T\u1ea1i <a href=\"https:\/\/tandoorvietnam.com\/\">Tandoor Vietnam<\/a>, ch\u00fang t\u00f4i cam k\u1ebft mang \u0111\u1ebfn cho kh\u00e1ch h\u00e0ng nh\u1eefng m\u00f3n \u0103n \u1ea4n \u0110\u1ed9 ch\u1ea5t l\u01b0\u1ee3ng nh\u1ea5t, \u0111\u01b0\u1ee3c ch\u1ebf bi\u1ebfn t\u1eeb c\u00e1c nguy\u00ean li\u1ec7u t\u01b0\u01a1i ngon v\u00e0 gia v\u1ecb t\u1ef1 nhi\u00ean. Filet g\u00e0 \u01b0\u1edbp s\u1eefa chua, v\u1ea3ng s\u1eefa v\u00e0 gia v\u1ecb n\u01b0\u1edbng l\u00f2 Tandoor v\u1edbi ph\u00f4 mai Paneer l\u00e0 m\u1ed9t l\u1ef1a ch\u1ecdn tuy\u1ec7t v\u1eddi cho nh\u1eefng ai mu\u1ed1n kh\u00e1m ph\u00e1 h\u01b0\u01a1ng v\u1ecb \u0111\u1ed9c \u0111\u00e1o v\u00e0 \u0111\u1eadm \u0111\u00e0 c\u1ee7a \u1ea9m th\u1ef1c \u1ea4n \u0110\u1ed9.<\/p>\n","protected":false},"excerpt":{"rendered":"<p>&nbsp;<\/p>\n<table width=\"723\">\n<tbody>\n<tr>\n<td width=\"412\">Succulent chicken pieces and cottage cheese cubes marinated in yoghurt, cream and spices grilled in Tandoor<\/td>\n<\/tr>\n<tr>\n<td width=\"412\"><em>File g\u00e0 \u01b0\u1edbp yaour + v\u00e1ng s\u1eefa + gia v\u1ecb cay n\u01b0\u1edbng v\u1edbi phomai tr\u1eafng trong l\u00f2 Tandoor<\/em><\/td>\n<\/tr>\n<\/tbody>\n<\/table>\n","protected":false},"featured_media":3335,"template":"","meta":[],"product_brand":[],"product_cat":[228],"product_tag":[],"class_list":{"0":"post-3334","1":"product","2":"type-product","3":"status-publish","4":"has-post-thumbnail","6":"product_cat-cac-mon-nuong-kebab","8":"first","9":"instock","10":"taxable","11":"shipping-taxable","12":"purchasable","13":"product-type-simple"},"yoast_head":"<!-- This site is optimized with the Yoast SEO Premium plugin v22.3 (Yoast SEO v27.4) - https:\/\/yoast.com\/product\/yoast-seo-premium-wordpress\/ -->\n<title>FILET G\u00c0 \u01af\u1edaP S\u1eeeA CHUA, V\u00c1NG S\u1eeeA, GIA V\u1eca N\u01af\u1edaNG L\u00d2<\/title>\n<meta name=\"description\" content=\"Filet g\u00e0 \u01b0\u1edbp s\u1eefa chua, v\u1ea3ng s\u1eefa v\u00e0 gia v\u1ecb n\u01b0\u1edbng l\u00f2 Tandoor, k\u1ebft h\u1ee3p v\u1edbi ph\u00f4 mai Paneer t\u1ea1o n\u00ean m\u00f3n \u0103n \u0111\u1ed9c \u0111\u00e1o t\u1ea1i Tandoor Vietnam.\" \/>\n<meta name=\"robots\" content=\"index, follow, max-snippet:-1, max-image-preview:large, max-video-preview:-1\" \/>\n<link rel=\"canonical\" href=\"https:\/\/tandoorvietnam.com\/vi\/sanpham\/cac-mon-nuong-kebab\/filet-ga-uop-sua-chua-vang-sua-gia-vi-nuong-lo-tandoor-voi-pho-mai\/\" \/>\n<meta property=\"og:locale\" content=\"vi_VN\" \/>\n<meta property=\"og:type\" content=\"article\" \/>\n<meta property=\"og:title\" content=\"Ustani Kebab (FILET G\u00c0 \u01af\u1edaP S\u1eeeA CHUA, V\u00c1NG S\u1eeeA, GIA V\u1eca N\u01af\u1edaNG L\u00d2 TANDOOR V\u1edaI PH\u00d4 MAI PANEER)\" \/>\n<meta property=\"og:description\" content=\"Filet g\u00e0 \u01b0\u1edbp s\u1eefa chua, v\u1ea3ng s\u1eefa v\u00e0 gia v\u1ecb n\u01b0\u1edbng l\u00f2 Tandoor, k\u1ebft h\u1ee3p v\u1edbi ph\u00f4 mai Paneer t\u1ea1o n\u00ean m\u00f3n \u0103n \u0111\u1ed9c \u0111\u00e1o t\u1ea1i Tandoor Vietnam.\" \/>\n<meta property=\"og:url\" content=\"https:\/\/tandoorvietnam.com\/vi\/sanpham\/cac-mon-nuong-kebab\/filet-ga-uop-sua-chua-vang-sua-gia-vi-nuong-lo-tandoor-voi-pho-mai\/\" \/>\n<meta property=\"og:site_name\" content=\"Tandoor Vi\u1ec7t Nam\" \/>\n<meta property=\"article:publisher\" content=\"https:\/\/www.facebook.com\/tandoor.hcmc\/\" \/>\n<meta property=\"article:modified_time\" content=\"2023-05-20T13:47:53+00:00\" \/>\n<meta property=\"og:image\" content=\"https:\/\/tandoorvietnam.com\/wp-content\/uploads\/2020\/06\/Ustani-kebab.jpg\" \/>\n\t<meta property=\"og:image:width\" content=\"800\" \/>\n\t<meta property=\"og:image:height\" content=\"800\" \/>\n\t<meta property=\"og:image:type\" content=\"image\/jpeg\" \/>\n<meta name=\"twitter:card\" content=\"summary_large_image\" \/>\n<meta name=\"twitter:label1\" content=\"Est. reading time\" \/>\n\t<meta name=\"twitter:data1\" content=\"2 minutes\" \/>\n<script type=\"application\/ld+json\" class=\"yoast-schema-graph\">{\"@context\":\"https:\\\/\\\/schema.org\",\"@graph\":[{\"@type\":\"WebPage\",\"@id\":\"https:\\\/\\\/tandoorvietnam.com\\\/vi\\\/sanpham\\\/cac-mon-nuong-kebab\\\/filet-ga-uop-sua-chua-vang-sua-gia-vi-nuong-lo-tandoor-voi-pho-mai\\\/\",\"url\":\"https:\\\/\\\/tandoorvietnam.com\\\/vi\\\/sanpham\\\/cac-mon-nuong-kebab\\\/filet-ga-uop-sua-chua-vang-sua-gia-vi-nuong-lo-tandoor-voi-pho-mai\\\/\",\"name\":\"FILET G\u00c0 \u01af\u1edaP S\u1eeeA CHUA, V\u00c1NG S\u1eeeA, GIA V\u1eca N\u01af\u1edaNG L\u00d2\",\"isPartOf\":{\"@id\":\"https:\\\/\\\/tandoorvietnam.com\\\/vi\\\/#website\"},\"primaryImageOfPage\":{\"@id\":\"https:\\\/\\\/tandoorvietnam.com\\\/vi\\\/sanpham\\\/cac-mon-nuong-kebab\\\/filet-ga-uop-sua-chua-vang-sua-gia-vi-nuong-lo-tandoor-voi-pho-mai\\\/#primaryimage\"},\"image\":{\"@id\":\"https:\\\/\\\/tandoorvietnam.com\\\/vi\\\/sanpham\\\/cac-mon-nuong-kebab\\\/filet-ga-uop-sua-chua-vang-sua-gia-vi-nuong-lo-tandoor-voi-pho-mai\\\/#primaryimage\"},\"thumbnailUrl\":\"https:\\\/\\\/tandoorvietnam.com\\\/wp-content\\\/uploads\\\/2020\\\/06\\\/Ustani-kebab.jpg\",\"datePublished\":\"2021-04-19T05:15:52+00:00\",\"dateModified\":\"2023-05-20T13:47:53+00:00\",\"description\":\"Filet g\u00e0 \u01b0\u1edbp s\u1eefa chua, v\u1ea3ng s\u1eefa v\u00e0 gia v\u1ecb n\u01b0\u1edbng l\u00f2 Tandoor, k\u1ebft h\u1ee3p v\u1edbi ph\u00f4 mai Paneer t\u1ea1o n\u00ean m\u00f3n \u0103n \u0111\u1ed9c \u0111\u00e1o t\u1ea1i Tandoor Vietnam.\",\"breadcrumb\":{\"@id\":\"https:\\\/\\\/tandoorvietnam.com\\\/vi\\\/sanpham\\\/cac-mon-nuong-kebab\\\/filet-ga-uop-sua-chua-vang-sua-gia-vi-nuong-lo-tandoor-voi-pho-mai\\\/#breadcrumb\"},\"inLanguage\":\"vi-VN\",\"potentialAction\":[{\"@type\":\"ReadAction\",\"target\":[\"https:\\\/\\\/tandoorvietnam.com\\\/vi\\\/sanpham\\\/cac-mon-nuong-kebab\\\/filet-ga-uop-sua-chua-vang-sua-gia-vi-nuong-lo-tandoor-voi-pho-mai\\\/\"]}]},{\"@type\":\"ImageObject\",\"inLanguage\":\"vi-VN\",\"@id\":\"https:\\\/\\\/tandoorvietnam.com\\\/vi\\\/sanpham\\\/cac-mon-nuong-kebab\\\/filet-ga-uop-sua-chua-vang-sua-gia-vi-nuong-lo-tandoor-voi-pho-mai\\\/#primaryimage\",\"url\":\"https:\\\/\\\/tandoorvietnam.com\\\/wp-content\\\/uploads\\\/2020\\\/06\\\/Ustani-kebab.jpg\",\"contentUrl\":\"https:\\\/\\\/tandoorvietnam.com\\\/wp-content\\\/uploads\\\/2020\\\/06\\\/Ustani-kebab.jpg\",\"width\":800,\"height\":800,\"caption\":\"FILET G\u00c0 \u01af\u1edaP S\u1eeeA CHUA, V\u00c1NG S\u1eeeA, GIA V\u1eca N\u01af\u1edaNG L\u00d2 TANDOOR V\u1edaI PH\u00d4 MAI PANEER\"},{\"@type\":\"BreadcrumbList\",\"@id\":\"https:\\\/\\\/tandoorvietnam.com\\\/vi\\\/sanpham\\\/cac-mon-nuong-kebab\\\/filet-ga-uop-sua-chua-vang-sua-gia-vi-nuong-lo-tandoor-voi-pho-mai\\\/#breadcrumb\",\"itemListElement\":[{\"@type\":\"ListItem\",\"position\":1,\"name\":\"Trang Ch\u1ee7\",\"item\":\"https:\\\/\\\/tandoorvietnam.com\\\/vi\\\/\"},{\"@type\":\"ListItem\",\"position\":2,\"name\":\"Shop\",\"item\":\"https:\\\/\\\/tandoorvietnam.com\\\/shop\\\/\"},{\"@type\":\"ListItem\",\"position\":3,\"name\":\"Ustani Kebab (FILET G\u00c0 \u01af\u1edaP S\u1eeeA CHUA, V\u00c1NG S\u1eeeA, GIA V\u1eca N\u01af\u1edaNG L\u00d2 TANDOOR V\u1edaI PH\u00d4 MAI PANEER)\"}]},{\"@type\":\"WebSite\",\"@id\":\"https:\\\/\\\/tandoorvietnam.com\\\/vi\\\/#website\",\"url\":\"https:\\\/\\\/tandoorvietnam.com\\\/vi\\\/\",\"name\":\"Tandoor Vietnam\",\"description\":\"Nh\u00e0 h\u00e0ng ngon h\u1ed3 ch\u00ed minh\",\"publisher\":{\"@id\":\"https:\\\/\\\/tandoorvietnam.com\\\/vi\\\/#organization\"},\"potentialAction\":[{\"@type\":\"SearchAction\",\"target\":{\"@type\":\"EntryPoint\",\"urlTemplate\":\"https:\\\/\\\/tandoorvietnam.com\\\/vi\\\/?s={search_term_string}\"},\"query-input\":{\"@type\":\"PropertyValueSpecification\",\"valueRequired\":true,\"valueName\":\"search_term_string\"}}],\"inLanguage\":\"vi-VN\"},{\"@type\":\"Organization\",\"@id\":\"https:\\\/\\\/tandoorvietnam.com\\\/vi\\\/#organization\",\"name\":\"Tandoor Vietnam\",\"url\":\"https:\\\/\\\/tandoorvietnam.com\\\/vi\\\/\",\"logo\":{\"@type\":\"ImageObject\",\"inLanguage\":\"vi-VN\",\"@id\":\"https:\\\/\\\/tandoorvietnam.com\\\/vi\\\/#\\\/schema\\\/logo\\\/image\\\/\",\"url\":\"https:\\\/\\\/tandoorvietnam.com\\\/wp-content\\\/uploads\\\/2020\\\/07\\\/logo.png\",\"contentUrl\":\"https:\\\/\\\/tandoorvietnam.com\\\/wp-content\\\/uploads\\\/2020\\\/07\\\/logo.png\",\"width\":133,\"height\":75,\"caption\":\"Tandoor Vietnam\"},\"image\":{\"@id\":\"https:\\\/\\\/tandoorvietnam.com\\\/vi\\\/#\\\/schema\\\/logo\\\/image\\\/\"},\"sameAs\":[\"https:\\\/\\\/www.facebook.com\\\/tandoor.hcmc\\\/\"]}]}<\/script>\n<!-- \/ Yoast SEO Premium plugin. -->","yoast_head_json":{"title":"FILET G\u00c0 \u01af\u1edaP S\u1eeeA CHUA, V\u00c1NG S\u1eeeA, GIA V\u1eca N\u01af\u1edaNG L\u00d2","description":"Filet g\u00e0 \u01b0\u1edbp s\u1eefa chua, v\u1ea3ng s\u1eefa v\u00e0 gia v\u1ecb n\u01b0\u1edbng l\u00f2 Tandoor, k\u1ebft h\u1ee3p v\u1edbi ph\u00f4 mai Paneer t\u1ea1o n\u00ean m\u00f3n \u0103n \u0111\u1ed9c \u0111\u00e1o t\u1ea1i Tandoor Vietnam.","robots":{"index":"index","follow":"follow","max-snippet":"max-snippet:-1","max-image-preview":"max-image-preview:large","max-video-preview":"max-video-preview:-1"},"canonical":"https:\/\/tandoorvietnam.com\/vi\/sanpham\/cac-mon-nuong-kebab\/filet-ga-uop-sua-chua-vang-sua-gia-vi-nuong-lo-tandoor-voi-pho-mai\/","og_locale":"vi_VN","og_type":"article","og_title":"Ustani Kebab (FILET G\u00c0 \u01af\u1edaP S\u1eeeA CHUA, V\u00c1NG S\u1eeeA, GIA V\u1eca N\u01af\u1edaNG L\u00d2 TANDOOR V\u1edaI PH\u00d4 MAI PANEER)","og_description":"Filet g\u00e0 \u01b0\u1edbp s\u1eefa chua, v\u1ea3ng s\u1eefa v\u00e0 gia v\u1ecb n\u01b0\u1edbng l\u00f2 Tandoor, k\u1ebft h\u1ee3p v\u1edbi ph\u00f4 mai Paneer t\u1ea1o n\u00ean m\u00f3n \u0103n \u0111\u1ed9c \u0111\u00e1o t\u1ea1i Tandoor Vietnam.","og_url":"https:\/\/tandoorvietnam.com\/vi\/sanpham\/cac-mon-nuong-kebab\/filet-ga-uop-sua-chua-vang-sua-gia-vi-nuong-lo-tandoor-voi-pho-mai\/","og_site_name":"Tandoor Vi\u1ec7t Nam","article_publisher":"https:\/\/www.facebook.com\/tandoor.hcmc\/","article_modified_time":"2023-05-20T13:47:53+00:00","og_image":[{"width":800,"height":800,"url":"https:\/\/tandoorvietnam.com\/wp-content\/uploads\/2020\/06\/Ustani-kebab.jpg","type":"image\/jpeg"}],"twitter_card":"summary_large_image","twitter_misc":{"Est. reading time":"2 minutes"},"schema":{"@context":"https:\/\/schema.org","@graph":[{"@type":"WebPage","@id":"https:\/\/tandoorvietnam.com\/vi\/sanpham\/cac-mon-nuong-kebab\/filet-ga-uop-sua-chua-vang-sua-gia-vi-nuong-lo-tandoor-voi-pho-mai\/","url":"https:\/\/tandoorvietnam.com\/vi\/sanpham\/cac-mon-nuong-kebab\/filet-ga-uop-sua-chua-vang-sua-gia-vi-nuong-lo-tandoor-voi-pho-mai\/","name":"FILET G\u00c0 \u01af\u1edaP S\u1eeeA CHUA, V\u00c1NG S\u1eeeA, GIA V\u1eca N\u01af\u1edaNG L\u00d2","isPartOf":{"@id":"https:\/\/tandoorvietnam.com\/vi\/#website"},"primaryImageOfPage":{"@id":"https:\/\/tandoorvietnam.com\/vi\/sanpham\/cac-mon-nuong-kebab\/filet-ga-uop-sua-chua-vang-sua-gia-vi-nuong-lo-tandoor-voi-pho-mai\/#primaryimage"},"image":{"@id":"https:\/\/tandoorvietnam.com\/vi\/sanpham\/cac-mon-nuong-kebab\/filet-ga-uop-sua-chua-vang-sua-gia-vi-nuong-lo-tandoor-voi-pho-mai\/#primaryimage"},"thumbnailUrl":"https:\/\/tandoorvietnam.com\/wp-content\/uploads\/2020\/06\/Ustani-kebab.jpg","datePublished":"2021-04-19T05:15:52+00:00","dateModified":"2023-05-20T13:47:53+00:00","description":"Filet g\u00e0 \u01b0\u1edbp s\u1eefa chua, v\u1ea3ng s\u1eefa v\u00e0 gia v\u1ecb n\u01b0\u1edbng l\u00f2 Tandoor, k\u1ebft h\u1ee3p v\u1edbi ph\u00f4 mai Paneer t\u1ea1o n\u00ean m\u00f3n \u0103n \u0111\u1ed9c \u0111\u00e1o t\u1ea1i Tandoor Vietnam.","breadcrumb":{"@id":"https:\/\/tandoorvietnam.com\/vi\/sanpham\/cac-mon-nuong-kebab\/filet-ga-uop-sua-chua-vang-sua-gia-vi-nuong-lo-tandoor-voi-pho-mai\/#breadcrumb"},"inLanguage":"vi-VN","potentialAction":[{"@type":"ReadAction","target":["https:\/\/tandoorvietnam.com\/vi\/sanpham\/cac-mon-nuong-kebab\/filet-ga-uop-sua-chua-vang-sua-gia-vi-nuong-lo-tandoor-voi-pho-mai\/"]}]},{"@type":"ImageObject","inLanguage":"vi-VN","@id":"https:\/\/tandoorvietnam.com\/vi\/sanpham\/cac-mon-nuong-kebab\/filet-ga-uop-sua-chua-vang-sua-gia-vi-nuong-lo-tandoor-voi-pho-mai\/#primaryimage","url":"https:\/\/tandoorvietnam.com\/wp-content\/uploads\/2020\/06\/Ustani-kebab.jpg","contentUrl":"https:\/\/tandoorvietnam.com\/wp-content\/uploads\/2020\/06\/Ustani-kebab.jpg","width":800,"height":800,"caption":"FILET G\u00c0 \u01af\u1edaP S\u1eeeA CHUA, V\u00c1NG S\u1eeeA, GIA V\u1eca N\u01af\u1edaNG L\u00d2 TANDOOR V\u1edaI PH\u00d4 MAI PANEER"},{"@type":"BreadcrumbList","@id":"https:\/\/tandoorvietnam.com\/vi\/sanpham\/cac-mon-nuong-kebab\/filet-ga-uop-sua-chua-vang-sua-gia-vi-nuong-lo-tandoor-voi-pho-mai\/#breadcrumb","itemListElement":[{"@type":"ListItem","position":1,"name":"Trang Ch\u1ee7","item":"https:\/\/tandoorvietnam.com\/vi\/"},{"@type":"ListItem","position":2,"name":"Shop","item":"https:\/\/tandoorvietnam.com\/shop\/"},{"@type":"ListItem","position":3,"name":"Ustani Kebab (FILET G\u00c0 \u01af\u1edaP S\u1eeeA CHUA, V\u00c1NG S\u1eeeA, GIA V\u1eca N\u01af\u1edaNG L\u00d2 TANDOOR V\u1edaI PH\u00d4 MAI PANEER)"}]},{"@type":"WebSite","@id":"https:\/\/tandoorvietnam.com\/vi\/#website","url":"https:\/\/tandoorvietnam.com\/vi\/","name":"Tandoor Vietnam","description":"Nh\u00e0 h\u00e0ng ngon h\u1ed3 ch\u00ed minh","publisher":{"@id":"https:\/\/tandoorvietnam.com\/vi\/#organization"},"potentialAction":[{"@type":"SearchAction","target":{"@type":"EntryPoint","urlTemplate":"https:\/\/tandoorvietnam.com\/vi\/?s={search_term_string}"},"query-input":{"@type":"PropertyValueSpecification","valueRequired":true,"valueName":"search_term_string"}}],"inLanguage":"vi-VN"},{"@type":"Organization","@id":"https:\/\/tandoorvietnam.com\/vi\/#organization","name":"Tandoor Vietnam","url":"https:\/\/tandoorvietnam.com\/vi\/","logo":{"@type":"ImageObject","inLanguage":"vi-VN","@id":"https:\/\/tandoorvietnam.com\/vi\/#\/schema\/logo\/image\/","url":"https:\/\/tandoorvietnam.com\/wp-content\/uploads\/2020\/07\/logo.png","contentUrl":"https:\/\/tandoorvietnam.com\/wp-content\/uploads\/2020\/07\/logo.png","width":133,"height":75,"caption":"Tandoor Vietnam"},"image":{"@id":"https:\/\/tandoorvietnam.com\/vi\/#\/schema\/logo\/image\/"},"sameAs":["https:\/\/www.facebook.com\/tandoor.hcmc\/"]}]}},"_links":{"self":[{"href":"https:\/\/tandoorvietnam.com\/vi\/wp-json\/wp\/v2\/product\/3334","targetHints":{"allow":["GET"]}}],"collection":[{"href":"https:\/\/tandoorvietnam.com\/vi\/wp-json\/wp\/v2\/product"}],"about":[{"href":"https:\/\/tandoorvietnam.com\/vi\/wp-json\/wp\/v2\/types\/product"}],"wp:featuredmedia":[{"embeddable":true,"href":"https:\/\/tandoorvietnam.com\/vi\/wp-json\/wp\/v2\/media\/3335"}],"wp:attachment":[{"href":"https:\/\/tandoorvietnam.com\/vi\/wp-json\/wp\/v2\/media?parent=3334"}],"wp:term":[{"taxonomy":"product_brand","embeddable":true,"href":"https:\/\/tandoorvietnam.com\/vi\/wp-json\/wp\/v2\/product_brand?post=3334"},{"taxonomy":"product_cat","embeddable":true,"href":"https:\/\/tandoorvietnam.com\/vi\/wp-json\/wp\/v2\/product_cat?post=3334"},{"taxonomy":"product_tag","embeddable":true,"href":"https:\/\/tandoorvietnam.com\/vi\/wp-json\/wp\/v2\/product_tag?post=3334"}],"curies":[{"name":"wp","href":"https:\/\/api.w.org\/{rel}","templated":true}]}}