{"id":3337,"date":"2020-06-20T13:54:34","date_gmt":"2021-04-19T06:43:04","guid":{"rendered":"http:\/\/tandoorvietnam.com\/product\/uncategorized\/cuu-nau-sot-nghe-den-gia-vi-cay-va-sot-ca-ri-dac\/"},"modified":"2023-05-17T06:05:44","modified_gmt":"2023-05-17T06:05:44","slug":"cuu-nau-sot-nghe-den-gia-vi-cay-va-sot-ca-ri-dac","status":"publish","type":"product","link":"https:\/\/tandoorvietnam.com\/vi\/sanpham\/cac-mon-cuu\/cuu-nau-sot-nghe-den-gia-vi-cay-va-sot-ca-ri-dac\/","title":{"rendered":"Bhoona Lamb (C\u1eeaU N\u1ea4U S\u1ed0T NGH\u1ec6 \u0110EN, GIA V\u1eca CAY V\u00c0 S\u1ed0T C\u00c0 RI \u0110\u1eb6C)"},"content":{"rendered":"<p>C\u1eebu n\u1ea5u s\u1ed1t ngh\u1ec7 \u0111en, gia v\u1ecb cay v\u00e0 s\u1ed1t c\u00e0 ri \u0111\u1eb7c l\u00e0 m\u1ed9t m\u00f3n \u0103n h\u1ea5p d\u1eabn t\u1ea1i Tandoor Vietnam. Ch\u00fang t\u00f4i s\u1eed d\u1ee5ng th\u1ecbt c\u1eebu t\u01b0\u01a1i ngon v\u00e0 k\u1ebft h\u1ee3p v\u1edbi c\u00e1c gia v\u1ecb \u0111\u1eb7c tr\u01b0ng c\u1ee7a \u1ea4n \u0110\u1ed9 nh\u01b0 ngh\u1ec7 \u0111en, c\u00e0 ri v\u00e0 c\u00e1c lo\u1ea1i gia v\u1ecb cay \u0111\u1ec3 t\u1ea1o n\u00ean m\u1ed9t m\u00f3n \u0103n \u0111\u1eadm \u0111\u00e0 v\u00e0 \u0111\u1ea7y h\u01b0\u01a1ng v\u1ecb.<\/p>\n<p>Th\u1ecbt c\u1eebu \u0111\u01b0\u1ee3c n\u1ea5u ch\u00edn m\u1ec1m trong s\u1ed1t ngh\u1ec7 \u0111en v\u00e0 gia v\u1ecb cay, t\u1ea1o ra m\u1ed9t h\u01b0\u01a1ng v\u1ecb \u0111\u1eb7c bi\u1ec7t v\u00e0 cu\u1ed1n h\u00fat. S\u1ed1t c\u00e0 ri \u0111\u1eb7c th\u00eam v\u00e0o m\u00f3n \u0103n mang \u0111\u1ebfn m\u1ed9t l\u1edbp h\u01b0\u01a1ng v\u1ecb th\u00eam ph\u1ea7n \u0111\u1eadm \u0111\u00e0 v\u00e0 ph\u1ee9c t\u1ea1p.<\/p>\n<p>M\u00f3n Bhoona Lamb l\u00e0 m\u1ed9t m\u00f3n \u0103n r\u1ea5t ph\u1ed5 bi\u1ebfn trong \u1ea9m th\u1ef1c \u1ea4n \u0110\u1ed9. T\u1ea1i Tandoor Vietnam, ch\u00fang t\u00f4i \u0111\u1ea3m b\u1ea3o s\u1eed d\u1ee5ng c\u00e1c nguy\u00ean li\u1ec7u t\u01b0\u01a1i ngon v\u00e0 ch\u1ea5t l\u01b0\u1ee3ng \u0111\u1ec3 mang \u0111\u1ebfn cho b\u1ea1n m\u1ed9t tr\u1ea3i nghi\u1ec7m \u1ea9m th\u1ef1c tuy\u1ec7t v\u1eddi.<\/p>\n<p>B\u1ea1n c\u00f3 th\u1ec3 th\u01b0\u1edfng th\u1ee9c m\u00f3n Bhoona Lamb b\u1ea5t c\u1ee9 khi n\u00e0o b\u1ea1n mu\u1ed1n th\u01b0\u1edfng th\u1ee9c m\u1ed9t m\u00f3n \u0103n \u0111\u1ed9c \u0111\u00e1o v\u00e0 \u0111\u1eadm \u0111\u00e0. M\u00f3n \u0103n n\u00e0y th\u01b0\u1eddng \u0111\u01b0\u1ee3c \u0103n k\u00e8m v\u1edbi c\u01a1m ho\u1eb7c b\u00e1nh m\u00ec \u0111\u1ec3 t\u1eadn h\u01b0\u1edfng h\u01b0\u01a1ng v\u1ecb tuy\u1ec7t v\u1eddi c\u1ee7a n\u00f3.<\/p>\n<p>H\u00e3y \u0111\u1ebfn <a href=\"https:\/\/tandoorvietnam.com\/\">nh\u00e0 h\u00e0ng Tandoor Vietnam<\/a> \u0111\u1ec3 kh\u00e1m ph\u00e1 h\u01b0\u01a1ng v\u1ecb \u0111\u1ed9c \u0111\u00e1o c\u1ee7a c\u1eebu n\u1ea5u s\u1ed1t ngh\u1ec7 \u0111en, gia v\u1ecb cay v\u00e0 s\u1ed1t c\u00e0 ri \u0111\u1eb7c. Ch\u00fang t\u00f4i cam k\u1ebft mang \u0111\u1ebfn cho b\u1ea1n nh\u1eefng m\u00f3n \u0103n \u0111a d\u1ea1ng v\u00e0 ch\u1ea5t l\u01b0\u1ee3ng nh\u1ea5t t\u1eeb \u1ea9m th\u1ef1c \u1ea4n \u0110\u1ed9.<\/p>\n","protected":false},"excerpt":{"rendered":"<p>&nbsp;<\/p>\n<table width=\"723\">\n<tbody>\n<tr>\n<td width=\"412\">Special prepared spicy lamb in dry onion gravy<\/td>\n<\/tr>\n<tr>\n<td width=\"412\"><em> C\u1eebu n\u1ea5u v\u1edbi s\u1ed1t ngh\u1ec7 \u0111en v\u1edbi gia v\u1ecb cay v\u00e0 s\u1ed1t cari \u0111\u1eb7c<\/em><\/td>\n<\/tr>\n<\/tbody>\n<\/table>\n","protected":false},"featured_media":3338,"template":"","meta":[],"product_brand":[],"product_cat":[229],"product_tag":[],"class_list":{"0":"post-3337","1":"product","2":"type-product","3":"status-publish","4":"has-post-thumbnail","6":"product_cat-cac-mon-cuu","8":"first","9":"instock","10":"taxable","11":"shipping-taxable","12":"purchasable","13":"product-type-simple"},"yoast_head":"<!-- This site is optimized with the Yoast SEO Premium plugin v22.3 (Yoast SEO v27.6) - https:\/\/yoast.com\/product\/yoast-seo-premium-wordpress\/ -->\n<title>C\u1eeaU N\u1ea4U S\u1ed0T NGH\u1ec6 \u0110EN, GIA V\u1eca CAY V\u00c0 S\u1ed0T C\u00c0 RI \u0110\u1eb6C<\/title>\n<meta name=\"description\" content=\"C\u1eebu n\u1ea5u s\u1ed1t ngh\u1ec7 \u0111en, gia v\u1ecb cay v\u00e0 s\u1ed1t c\u00e0 ri \u0111\u1eb7c h\u1ea5p d\u1eabn t\u1ea1i Tandoor Vietnam. M\u00f3n \u0103n \u0111\u1eadm \u0111\u00e0, v\u1edbi h\u01b0\u01a1ng v\u1ecb \u0111\u1eb7c tr\u01b0ng c\u1ee7a \u1ea4n \u0110\u1ed9.\" \/>\n<meta name=\"robots\" content=\"index, follow, max-snippet:-1, max-image-preview:large, max-video-preview:-1\" \/>\n<link rel=\"canonical\" href=\"https:\/\/tandoorvietnam.com\/vi\/sanpham\/cac-mon-cuu\/cuu-nau-sot-nghe-den-gia-vi-cay-va-sot-ca-ri-dac\/\" \/>\n<meta property=\"og:locale\" content=\"vi_VN\" \/>\n<meta property=\"og:type\" content=\"article\" \/>\n<meta property=\"og:title\" content=\"Bhoona Lamb (C\u1eeaU N\u1ea4U S\u1ed0T NGH\u1ec6 \u0110EN, GIA V\u1eca CAY V\u00c0 S\u1ed0T C\u00c0 RI \u0110\u1eb6C)\" \/>\n<meta property=\"og:description\" content=\"C\u1eebu n\u1ea5u s\u1ed1t ngh\u1ec7 \u0111en, gia v\u1ecb cay v\u00e0 s\u1ed1t c\u00e0 ri \u0111\u1eb7c h\u1ea5p d\u1eabn t\u1ea1i Tandoor Vietnam. M\u00f3n \u0103n \u0111\u1eadm \u0111\u00e0, v\u1edbi h\u01b0\u01a1ng v\u1ecb \u0111\u1eb7c tr\u01b0ng c\u1ee7a \u1ea4n \u0110\u1ed9.\" \/>\n<meta property=\"og:url\" content=\"https:\/\/tandoorvietnam.com\/vi\/sanpham\/cac-mon-cuu\/cuu-nau-sot-nghe-den-gia-vi-cay-va-sot-ca-ri-dac\/\" \/>\n<meta property=\"og:site_name\" content=\"Tandoor Vi\u1ec7t Nam\" \/>\n<meta property=\"article:publisher\" content=\"https:\/\/www.facebook.com\/tandoor.hcmc\/\" \/>\n<meta property=\"article:modified_time\" content=\"2023-05-17T06:05:44+00:00\" \/>\n<meta property=\"og:image\" content=\"https:\/\/tandoorvietnam.com\/wp-content\/uploads\/2020\/06\/Bhoona-lamb1.jpg\" \/>\n\t<meta property=\"og:image:width\" content=\"1400\" \/>\n\t<meta property=\"og:image:height\" content=\"1400\" \/>\n\t<meta property=\"og:image:type\" content=\"image\/jpeg\" \/>\n<meta name=\"twitter:card\" content=\"summary_large_image\" \/>\n<meta name=\"twitter:label1\" content=\"Est. reading time\" \/>\n\t<meta name=\"twitter:data1\" content=\"2 minutes\" \/>\n<script type=\"application\/ld+json\" class=\"yoast-schema-graph\">{\"@context\":\"https:\\\/\\\/schema.org\",\"@graph\":[{\"@type\":\"WebPage\",\"@id\":\"https:\\\/\\\/tandoorvietnam.com\\\/vi\\\/sanpham\\\/cac-mon-cuu\\\/cuu-nau-sot-nghe-den-gia-vi-cay-va-sot-ca-ri-dac\\\/\",\"url\":\"https:\\\/\\\/tandoorvietnam.com\\\/vi\\\/sanpham\\\/cac-mon-cuu\\\/cuu-nau-sot-nghe-den-gia-vi-cay-va-sot-ca-ri-dac\\\/\",\"name\":\"C\u1eeaU N\u1ea4U S\u1ed0T NGH\u1ec6 \u0110EN, GIA V\u1eca CAY V\u00c0 S\u1ed0T C\u00c0 RI \u0110\u1eb6C\",\"isPartOf\":{\"@id\":\"https:\\\/\\\/tandoorvietnam.com\\\/vi\\\/#website\"},\"primaryImageOfPage\":{\"@id\":\"https:\\\/\\\/tandoorvietnam.com\\\/vi\\\/sanpham\\\/cac-mon-cuu\\\/cuu-nau-sot-nghe-den-gia-vi-cay-va-sot-ca-ri-dac\\\/#primaryimage\"},\"image\":{\"@id\":\"https:\\\/\\\/tandoorvietnam.com\\\/vi\\\/sanpham\\\/cac-mon-cuu\\\/cuu-nau-sot-nghe-den-gia-vi-cay-va-sot-ca-ri-dac\\\/#primaryimage\"},\"thumbnailUrl\":\"https:\\\/\\\/tandoorvietnam.com\\\/wp-content\\\/uploads\\\/2020\\\/06\\\/Bhoona-lamb1.jpg\",\"datePublished\":\"2021-04-19T06:43:04+00:00\",\"dateModified\":\"2023-05-17T06:05:44+00:00\",\"description\":\"C\u1eebu n\u1ea5u s\u1ed1t ngh\u1ec7 \u0111en, gia v\u1ecb cay v\u00e0 s\u1ed1t c\u00e0 ri \u0111\u1eb7c h\u1ea5p d\u1eabn t\u1ea1i Tandoor Vietnam. M\u00f3n \u0103n \u0111\u1eadm \u0111\u00e0, v\u1edbi h\u01b0\u01a1ng v\u1ecb \u0111\u1eb7c tr\u01b0ng c\u1ee7a \u1ea4n \u0110\u1ed9.\",\"breadcrumb\":{\"@id\":\"https:\\\/\\\/tandoorvietnam.com\\\/vi\\\/sanpham\\\/cac-mon-cuu\\\/cuu-nau-sot-nghe-den-gia-vi-cay-va-sot-ca-ri-dac\\\/#breadcrumb\"},\"inLanguage\":\"vi-VN\",\"potentialAction\":[{\"@type\":\"ReadAction\",\"target\":[\"https:\\\/\\\/tandoorvietnam.com\\\/vi\\\/sanpham\\\/cac-mon-cuu\\\/cuu-nau-sot-nghe-den-gia-vi-cay-va-sot-ca-ri-dac\\\/\"]}]},{\"@type\":\"ImageObject\",\"inLanguage\":\"vi-VN\",\"@id\":\"https:\\\/\\\/tandoorvietnam.com\\\/vi\\\/sanpham\\\/cac-mon-cuu\\\/cuu-nau-sot-nghe-den-gia-vi-cay-va-sot-ca-ri-dac\\\/#primaryimage\",\"url\":\"https:\\\/\\\/tandoorvietnam.com\\\/wp-content\\\/uploads\\\/2020\\\/06\\\/Bhoona-lamb1.jpg\",\"contentUrl\":\"https:\\\/\\\/tandoorvietnam.com\\\/wp-content\\\/uploads\\\/2020\\\/06\\\/Bhoona-lamb1.jpg\",\"width\":1400,\"height\":1400,\"caption\":\"C\u1eeaU N\u1ea4U C\u00c0 CHUA, GIA V\u1eca, NGH\u1ec6, TI\u00caU \u0110EN V\u00c0 L\u00c1 C\u00c0 RI\"},{\"@type\":\"BreadcrumbList\",\"@id\":\"https:\\\/\\\/tandoorvietnam.com\\\/vi\\\/sanpham\\\/cac-mon-cuu\\\/cuu-nau-sot-nghe-den-gia-vi-cay-va-sot-ca-ri-dac\\\/#breadcrumb\",\"itemListElement\":[{\"@type\":\"ListItem\",\"position\":1,\"name\":\"Trang Ch\u1ee7\",\"item\":\"https:\\\/\\\/tandoorvietnam.com\\\/vi\\\/\"},{\"@type\":\"ListItem\",\"position\":2,\"name\":\"Shop\",\"item\":\"https:\\\/\\\/tandoorvietnam.com\\\/shop\\\/\"},{\"@type\":\"ListItem\",\"position\":3,\"name\":\"Bhoona Lamb (C\u1eeaU N\u1ea4U S\u1ed0T NGH\u1ec6 \u0110EN, GIA V\u1eca CAY V\u00c0 S\u1ed0T C\u00c0 RI \u0110\u1eb6C)\"}]},{\"@type\":\"WebSite\",\"@id\":\"https:\\\/\\\/tandoorvietnam.com\\\/vi\\\/#website\",\"url\":\"https:\\\/\\\/tandoorvietnam.com\\\/vi\\\/\",\"name\":\"Tandoor Vietnam\",\"description\":\"Nh\u00e0 h\u00e0ng ngon h\u1ed3 ch\u00ed minh\",\"publisher\":{\"@id\":\"https:\\\/\\\/tandoorvietnam.com\\\/vi\\\/#organization\"},\"potentialAction\":[{\"@type\":\"SearchAction\",\"target\":{\"@type\":\"EntryPoint\",\"urlTemplate\":\"https:\\\/\\\/tandoorvietnam.com\\\/vi\\\/?s={search_term_string}\"},\"query-input\":{\"@type\":\"PropertyValueSpecification\",\"valueRequired\":true,\"valueName\":\"search_term_string\"}}],\"inLanguage\":\"vi-VN\"},{\"@type\":\"Organization\",\"@id\":\"https:\\\/\\\/tandoorvietnam.com\\\/vi\\\/#organization\",\"name\":\"Tandoor Vietnam\",\"url\":\"https:\\\/\\\/tandoorvietnam.com\\\/vi\\\/\",\"logo\":{\"@type\":\"ImageObject\",\"inLanguage\":\"vi-VN\",\"@id\":\"https:\\\/\\\/tandoorvietnam.com\\\/vi\\\/#\\\/schema\\\/logo\\\/image\\\/\",\"url\":\"https:\\\/\\\/tandoorvietnam.com\\\/wp-content\\\/uploads\\\/2020\\\/07\\\/logo.png\",\"contentUrl\":\"https:\\\/\\\/tandoorvietnam.com\\\/wp-content\\\/uploads\\\/2020\\\/07\\\/logo.png\",\"width\":133,\"height\":75,\"caption\":\"Tandoor Vietnam\"},\"image\":{\"@id\":\"https:\\\/\\\/tandoorvietnam.com\\\/vi\\\/#\\\/schema\\\/logo\\\/image\\\/\"},\"sameAs\":[\"https:\\\/\\\/www.facebook.com\\\/tandoor.hcmc\\\/\"]}]}<\/script>\n<!-- \/ Yoast SEO Premium plugin. -->","yoast_head_json":{"title":"C\u1eeaU N\u1ea4U S\u1ed0T NGH\u1ec6 \u0110EN, GIA V\u1eca CAY V\u00c0 S\u1ed0T C\u00c0 RI \u0110\u1eb6C","description":"C\u1eebu n\u1ea5u s\u1ed1t ngh\u1ec7 \u0111en, gia v\u1ecb cay v\u00e0 s\u1ed1t c\u00e0 ri \u0111\u1eb7c h\u1ea5p d\u1eabn t\u1ea1i Tandoor Vietnam. M\u00f3n \u0103n \u0111\u1eadm \u0111\u00e0, v\u1edbi h\u01b0\u01a1ng v\u1ecb \u0111\u1eb7c tr\u01b0ng c\u1ee7a \u1ea4n \u0110\u1ed9.","robots":{"index":"index","follow":"follow","max-snippet":"max-snippet:-1","max-image-preview":"max-image-preview:large","max-video-preview":"max-video-preview:-1"},"canonical":"https:\/\/tandoorvietnam.com\/vi\/sanpham\/cac-mon-cuu\/cuu-nau-sot-nghe-den-gia-vi-cay-va-sot-ca-ri-dac\/","og_locale":"vi_VN","og_type":"article","og_title":"Bhoona Lamb (C\u1eeaU N\u1ea4U S\u1ed0T NGH\u1ec6 \u0110EN, GIA V\u1eca CAY V\u00c0 S\u1ed0T C\u00c0 RI \u0110\u1eb6C)","og_description":"C\u1eebu n\u1ea5u s\u1ed1t ngh\u1ec7 \u0111en, gia v\u1ecb cay v\u00e0 s\u1ed1t c\u00e0 ri \u0111\u1eb7c h\u1ea5p d\u1eabn t\u1ea1i Tandoor Vietnam. M\u00f3n \u0103n \u0111\u1eadm \u0111\u00e0, v\u1edbi h\u01b0\u01a1ng v\u1ecb \u0111\u1eb7c tr\u01b0ng c\u1ee7a \u1ea4n \u0110\u1ed9.","og_url":"https:\/\/tandoorvietnam.com\/vi\/sanpham\/cac-mon-cuu\/cuu-nau-sot-nghe-den-gia-vi-cay-va-sot-ca-ri-dac\/","og_site_name":"Tandoor Vi\u1ec7t Nam","article_publisher":"https:\/\/www.facebook.com\/tandoor.hcmc\/","article_modified_time":"2023-05-17T06:05:44+00:00","og_image":[{"width":1400,"height":1400,"url":"https:\/\/tandoorvietnam.com\/wp-content\/uploads\/2020\/06\/Bhoona-lamb1.jpg","type":"image\/jpeg"}],"twitter_card":"summary_large_image","twitter_misc":{"Est. reading time":"2 minutes"},"schema":{"@context":"https:\/\/schema.org","@graph":[{"@type":"WebPage","@id":"https:\/\/tandoorvietnam.com\/vi\/sanpham\/cac-mon-cuu\/cuu-nau-sot-nghe-den-gia-vi-cay-va-sot-ca-ri-dac\/","url":"https:\/\/tandoorvietnam.com\/vi\/sanpham\/cac-mon-cuu\/cuu-nau-sot-nghe-den-gia-vi-cay-va-sot-ca-ri-dac\/","name":"C\u1eeaU N\u1ea4U S\u1ed0T NGH\u1ec6 \u0110EN, GIA V\u1eca CAY V\u00c0 S\u1ed0T C\u00c0 RI \u0110\u1eb6C","isPartOf":{"@id":"https:\/\/tandoorvietnam.com\/vi\/#website"},"primaryImageOfPage":{"@id":"https:\/\/tandoorvietnam.com\/vi\/sanpham\/cac-mon-cuu\/cuu-nau-sot-nghe-den-gia-vi-cay-va-sot-ca-ri-dac\/#primaryimage"},"image":{"@id":"https:\/\/tandoorvietnam.com\/vi\/sanpham\/cac-mon-cuu\/cuu-nau-sot-nghe-den-gia-vi-cay-va-sot-ca-ri-dac\/#primaryimage"},"thumbnailUrl":"https:\/\/tandoorvietnam.com\/wp-content\/uploads\/2020\/06\/Bhoona-lamb1.jpg","datePublished":"2021-04-19T06:43:04+00:00","dateModified":"2023-05-17T06:05:44+00:00","description":"C\u1eebu n\u1ea5u s\u1ed1t ngh\u1ec7 \u0111en, gia v\u1ecb cay v\u00e0 s\u1ed1t c\u00e0 ri \u0111\u1eb7c h\u1ea5p d\u1eabn t\u1ea1i Tandoor Vietnam. M\u00f3n \u0103n \u0111\u1eadm \u0111\u00e0, v\u1edbi h\u01b0\u01a1ng v\u1ecb \u0111\u1eb7c tr\u01b0ng c\u1ee7a \u1ea4n \u0110\u1ed9.","breadcrumb":{"@id":"https:\/\/tandoorvietnam.com\/vi\/sanpham\/cac-mon-cuu\/cuu-nau-sot-nghe-den-gia-vi-cay-va-sot-ca-ri-dac\/#breadcrumb"},"inLanguage":"vi-VN","potentialAction":[{"@type":"ReadAction","target":["https:\/\/tandoorvietnam.com\/vi\/sanpham\/cac-mon-cuu\/cuu-nau-sot-nghe-den-gia-vi-cay-va-sot-ca-ri-dac\/"]}]},{"@type":"ImageObject","inLanguage":"vi-VN","@id":"https:\/\/tandoorvietnam.com\/vi\/sanpham\/cac-mon-cuu\/cuu-nau-sot-nghe-den-gia-vi-cay-va-sot-ca-ri-dac\/#primaryimage","url":"https:\/\/tandoorvietnam.com\/wp-content\/uploads\/2020\/06\/Bhoona-lamb1.jpg","contentUrl":"https:\/\/tandoorvietnam.com\/wp-content\/uploads\/2020\/06\/Bhoona-lamb1.jpg","width":1400,"height":1400,"caption":"C\u1eeaU N\u1ea4U C\u00c0 CHUA, GIA V\u1eca, NGH\u1ec6, TI\u00caU \u0110EN V\u00c0 L\u00c1 C\u00c0 RI"},{"@type":"BreadcrumbList","@id":"https:\/\/tandoorvietnam.com\/vi\/sanpham\/cac-mon-cuu\/cuu-nau-sot-nghe-den-gia-vi-cay-va-sot-ca-ri-dac\/#breadcrumb","itemListElement":[{"@type":"ListItem","position":1,"name":"Trang Ch\u1ee7","item":"https:\/\/tandoorvietnam.com\/vi\/"},{"@type":"ListItem","position":2,"name":"Shop","item":"https:\/\/tandoorvietnam.com\/shop\/"},{"@type":"ListItem","position":3,"name":"Bhoona Lamb (C\u1eeaU N\u1ea4U S\u1ed0T NGH\u1ec6 \u0110EN, GIA V\u1eca CAY V\u00c0 S\u1ed0T C\u00c0 RI \u0110\u1eb6C)"}]},{"@type":"WebSite","@id":"https:\/\/tandoorvietnam.com\/vi\/#website","url":"https:\/\/tandoorvietnam.com\/vi\/","name":"Tandoor Vietnam","description":"Nh\u00e0 h\u00e0ng ngon h\u1ed3 ch\u00ed minh","publisher":{"@id":"https:\/\/tandoorvietnam.com\/vi\/#organization"},"potentialAction":[{"@type":"SearchAction","target":{"@type":"EntryPoint","urlTemplate":"https:\/\/tandoorvietnam.com\/vi\/?s={search_term_string}"},"query-input":{"@type":"PropertyValueSpecification","valueRequired":true,"valueName":"search_term_string"}}],"inLanguage":"vi-VN"},{"@type":"Organization","@id":"https:\/\/tandoorvietnam.com\/vi\/#organization","name":"Tandoor Vietnam","url":"https:\/\/tandoorvietnam.com\/vi\/","logo":{"@type":"ImageObject","inLanguage":"vi-VN","@id":"https:\/\/tandoorvietnam.com\/vi\/#\/schema\/logo\/image\/","url":"https:\/\/tandoorvietnam.com\/wp-content\/uploads\/2020\/07\/logo.png","contentUrl":"https:\/\/tandoorvietnam.com\/wp-content\/uploads\/2020\/07\/logo.png","width":133,"height":75,"caption":"Tandoor Vietnam"},"image":{"@id":"https:\/\/tandoorvietnam.com\/vi\/#\/schema\/logo\/image\/"},"sameAs":["https:\/\/www.facebook.com\/tandoor.hcmc\/"]}]}},"_links":{"self":[{"href":"https:\/\/tandoorvietnam.com\/vi\/wp-json\/wp\/v2\/product\/3337","targetHints":{"allow":["GET"]}}],"collection":[{"href":"https:\/\/tandoorvietnam.com\/vi\/wp-json\/wp\/v2\/product"}],"about":[{"href":"https:\/\/tandoorvietnam.com\/vi\/wp-json\/wp\/v2\/types\/product"}],"wp:featuredmedia":[{"embeddable":true,"href":"https:\/\/tandoorvietnam.com\/vi\/wp-json\/wp\/v2\/media\/3338"}],"wp:attachment":[{"href":"https:\/\/tandoorvietnam.com\/vi\/wp-json\/wp\/v2\/media?parent=3337"}],"wp:term":[{"taxonomy":"product_brand","embeddable":true,"href":"https:\/\/tandoorvietnam.com\/vi\/wp-json\/wp\/v2\/product_brand?post=3337"},{"taxonomy":"product_cat","embeddable":true,"href":"https:\/\/tandoorvietnam.com\/vi\/wp-json\/wp\/v2\/product_cat?post=3337"},{"taxonomy":"product_tag","embeddable":true,"href":"https:\/\/tandoorvietnam.com\/vi\/wp-json\/wp\/v2\/product_tag?post=3337"}],"curies":[{"name":"wp","href":"https:\/\/api.w.org\/{rel}","templated":true}]}}