{"id":3344,"date":"2020-06-20T13:46:11","date_gmt":"2021-04-19T07:24:16","guid":{"rendered":"http:\/\/tandoorvietnam.com\/product\/uncategorized\/thit-nac-cuu-bam-nau-voi-dau-ha-lan-va-sot-gia-vi-hanh-cay\/"},"modified":"2023-05-19T16:55:25","modified_gmt":"2023-05-19T16:55:25","slug":"thit-nac-cuu-bam-nau-voi-dau-ha-lan-va-sot-gia-vi-hanh-cay","status":"publish","type":"product","link":"https:\/\/tandoorvietnam.com\/vi\/sanpham\/cac-mon-cuu\/thit-nac-cuu-bam-nau-voi-dau-ha-lan-va-sot-gia-vi-hanh-cay\/","title":{"rendered":"Keema Mattar (TH\u1ecaT N\u1ea0C C\u1eeaU B\u0102M N\u1ea4U V\u1edaI \u0110\u1eacU H\u00c0 LAN V\u00c0 S\u1ed0T GIA V\u1eca H\u00c0NH CAY)"},"content":{"rendered":"<p>Th\u1ecbt n\u1ea1c c\u1eebu b\u0103m n\u1ea5u v\u1edbi \u0111\u1eadu H\u00e0 Lan v\u00e0 s\u1ed1t gia v\u1ecb h\u00e0nh cay (Keema Mattar) l\u00e0 m\u1ed9t m\u00f3n \u0103n \u0111\u1ed9c \u0111\u00e1o v\u00e0 h\u1ea5p d\u1eabn t\u1ea1i Tandoor Vietnam. Ch\u00fang t\u00f4i s\u1eed d\u1ee5ng th\u1ecbt n\u1ea1c c\u1eebu t\u01b0\u01a1i ngon v\u00e0 b\u0103m nhuy\u1ec5n \u0111\u1ec3 t\u0103ng c\u01b0\u1eddng \u0111\u1ed9 m\u1ec1m m\u1ecbn v\u00e0 h\u00f2a quy\u1ec7n h\u01b0\u01a1ng v\u1ecb.<\/p>\n<p>Trong qu\u00e1 tr\u00ecnh n\u1ea5u, ch\u00fang t\u00f4i k\u1ebft h\u1ee3p th\u1ecbt n\u1ea1c c\u1eebu b\u0103m v\u1edbi \u0111\u1eadu H\u00e0 Lan, t\u1ea1o n\u00ean m\u1ed9t s\u1ef1 ph\u1ed1i h\u1ee3p ngon l\u00e0nh gi\u1eefa th\u1ecbt v\u00e0 rau. \u0110\u1eadu H\u00e0 Lan th\u00eam s\u1ef1 t\u01b0\u01a1i ngon v\u00e0 m\u00e0u s\u1eafc b\u1eaft m\u1eaft cho m\u00f3n \u0103n.<\/p>\n<p>S\u1ed1t gia v\u1ecb h\u00e0nh cay l\u00e0 y\u1ebfu t\u1ed1 quan tr\u1ecdng t\u1ea1o n\u00ean h\u01b0\u01a1ng v\u1ecb \u0111\u1eb7c tr\u01b0ng cho m\u00f3n th\u1ecbt n\u1ea1c c\u1eebu b\u0103m n\u00e0y. S\u1ed1t \u0111\u01b0\u1ee3c l\u00e0m t\u1eeb c\u00e1c lo\u1ea1i gia v\u1ecb tinh t\u00fay v\u00e0 h\u00e0nh cay, t\u1ea1o n\u00ean m\u1ed9t h\u01b0\u01a1ng v\u1ecb cay n\u1ed3ng v\u00e0 th\u01a1m ngon.<\/p>\n<p>M\u00f3n Keema Mattar\u00a0l\u00e0 m\u1ed9t m\u00f3n \u0103n phong ph\u00fa, mang \u0111\u1ebfn s\u1ef1 \u0111a d\u1ea1ng v\u00e0 h\u01b0\u01a1ng v\u1ecb tuy\u1ec7t v\u1eddi t\u1eeb \u1ea4n \u0110\u1ed9. T\u1ea1i Tandoor Vietnam, ch\u00fang t\u00f4i cam k\u1ebft s\u1eed d\u1ee5ng nguy\u00ean li\u1ec7u t\u01b0\u01a1i ngon v\u00e0 c\u00e1c ph\u01b0\u01a1ng ph\u00e1p n\u1ea5u \u0103n tinh t\u1ebf \u0111\u1ec3 \u0111\u1ea3m b\u1ea3o ch\u1ea5t l\u01b0\u1ee3ng v\u00e0 h\u01b0\u01a1ng v\u1ecb \u0111\u1eb7c bi\u1ec7t c\u1ee7a m\u00f3n \u0103n n\u00e0y.<\/p>\n<p>B\u1ea1n c\u00f3 th\u1ec3 th\u01b0\u1edfng th\u1ee9c m\u00f3n Keema Mattar\u00a0trong kh\u00f4ng gian \u1ea5m c\u00fang v\u00e0 th\u00e2n thi\u1ec7n c\u1ee7a <a href=\"https:\/\/tandoorvietnam.com\/\">nh\u00e0 h\u00e0ng Tandoor Vietnam<\/a>. \u0110\u00e2y l\u00e0 m\u1ed9t m\u00f3n \u0103n \u0111\u1ed9c \u0111\u00e1o v\u00e0 ngon mi\u1ec7ng, ph\u00f9 h\u1ee3p \u0111\u1ec3 kh\u00e1m ph\u00e1 \u1ea9m th\u1ef1c \u1ea4n \u0110\u1ed9 v\u00e0 t\u1eadn h\u01b0\u1edfng nh\u1eefng h\u01b0\u01a1ng v\u1ecb tuy\u1ec7t v\u1eddi.<\/p>\n","protected":false},"excerpt":{"rendered":"<p>&nbsp;<\/p>\n<table width=\"723\">\n<tbody>\n<tr>\n<td width=\"412\">Minced lamb and green peas in a thick and spicy onion gravy<\/td>\n<\/tr>\n<tr>\n<td width=\"412\"><em>N\u1ea1c c\u1eebu b\u0103m nhuy\u1ec5n n\u1ea5u v\u1edbi \u0111\u1eadu tibo v\u00e0 s\u1ed1t gia v\u1ecb h\u00e0nh cay<\/em><\/td>\n<\/tr>\n<\/tbody>\n<\/table>\n","protected":false},"featured_media":3345,"template":"","meta":[],"product_brand":[],"product_cat":[229],"product_tag":[],"class_list":{"0":"post-3344","1":"product","2":"type-product","3":"status-publish","4":"has-post-thumbnail","6":"product_cat-cac-mon-cuu","8":"first","9":"instock","10":"taxable","11":"shipping-taxable","12":"purchasable","13":"product-type-simple"},"yoast_head":"<!-- This site is optimized with the Yoast SEO Premium plugin v22.3 (Yoast SEO v27.5) - https:\/\/yoast.com\/product\/yoast-seo-premium-wordpress\/ -->\n<title>TH\u1ecaT N\u1ea0C C\u1eeaU B\u0102M \u0110\u1eacU H\u00c0 LAN, S\u1ed0T GIA V\u1eca H\u00c0NH CAY<\/title>\n<meta name=\"description\" content=\"Th\u1ecbt n\u1ea1c c\u1eebu b\u0103m \u0111\u01b0\u1ee3c n\u1ea5u v\u1edbi \u0111\u1eadu H\u00e0 Lan v\u00e0 s\u1ed1t gia v\u1ecb h\u00e0nh cay t\u1ea1i Tandoor Vietnam. M\u00f3n \u0103n \u0111\u1ed9c \u0111\u00e1o t\u1eeb \u1ea4n \u0110\u1ed9, mang \u0111\u1ebfn h\u01b0\u01a1ng v\u1ecb tuy\u1ec7t v\u1eddi.\" \/>\n<meta name=\"robots\" content=\"index, follow, max-snippet:-1, max-image-preview:large, max-video-preview:-1\" \/>\n<link rel=\"canonical\" href=\"https:\/\/tandoorvietnam.com\/vi\/sanpham\/cac-mon-cuu\/thit-nac-cuu-bam-nau-voi-dau-ha-lan-va-sot-gia-vi-hanh-cay\/\" \/>\n<meta property=\"og:locale\" content=\"vi_VN\" \/>\n<meta property=\"og:type\" content=\"article\" \/>\n<meta property=\"og:title\" content=\"Keema Mattar (TH\u1ecaT N\u1ea0C C\u1eeaU B\u0102M N\u1ea4U V\u1edaI \u0110\u1eacU H\u00c0 LAN V\u00c0 S\u1ed0T GIA V\u1eca H\u00c0NH CAY)\" \/>\n<meta property=\"og:description\" content=\"Th\u1ecbt n\u1ea1c c\u1eebu b\u0103m \u0111\u01b0\u1ee3c n\u1ea5u v\u1edbi \u0111\u1eadu H\u00e0 Lan v\u00e0 s\u1ed1t gia v\u1ecb h\u00e0nh cay t\u1ea1i Tandoor Vietnam. M\u00f3n \u0103n \u0111\u1ed9c \u0111\u00e1o t\u1eeb \u1ea4n \u0110\u1ed9, mang \u0111\u1ebfn h\u01b0\u01a1ng v\u1ecb tuy\u1ec7t v\u1eddi.\" \/>\n<meta property=\"og:url\" content=\"https:\/\/tandoorvietnam.com\/vi\/sanpham\/cac-mon-cuu\/thit-nac-cuu-bam-nau-voi-dau-ha-lan-va-sot-gia-vi-hanh-cay\/\" \/>\n<meta property=\"og:site_name\" content=\"Tandoor Vi\u1ec7t Nam\" \/>\n<meta property=\"article:publisher\" content=\"https:\/\/www.facebook.com\/tandoor.hcmc\/\" \/>\n<meta property=\"article:modified_time\" content=\"2023-05-19T16:55:25+00:00\" \/>\n<meta property=\"og:image\" content=\"https:\/\/tandoorvietnam.com\/wp-content\/uploads\/2020\/06\/Keema-mattar.jpg\" \/>\n\t<meta property=\"og:image:width\" content=\"1400\" \/>\n\t<meta property=\"og:image:height\" content=\"1400\" \/>\n\t<meta property=\"og:image:type\" content=\"image\/jpeg\" \/>\n<meta name=\"twitter:card\" content=\"summary_large_image\" \/>\n<meta name=\"twitter:label1\" content=\"Est. reading time\" \/>\n\t<meta name=\"twitter:data1\" content=\"2 minutes\" \/>\n<script type=\"application\/ld+json\" class=\"yoast-schema-graph\">{\"@context\":\"https:\\\/\\\/schema.org\",\"@graph\":[{\"@type\":\"WebPage\",\"@id\":\"https:\\\/\\\/tandoorvietnam.com\\\/vi\\\/sanpham\\\/cac-mon-cuu\\\/thit-nac-cuu-bam-nau-voi-dau-ha-lan-va-sot-gia-vi-hanh-cay\\\/\",\"url\":\"https:\\\/\\\/tandoorvietnam.com\\\/vi\\\/sanpham\\\/cac-mon-cuu\\\/thit-nac-cuu-bam-nau-voi-dau-ha-lan-va-sot-gia-vi-hanh-cay\\\/\",\"name\":\"TH\u1ecaT N\u1ea0C C\u1eeaU B\u0102M \u0110\u1eacU H\u00c0 LAN, S\u1ed0T GIA V\u1eca H\u00c0NH CAY\",\"isPartOf\":{\"@id\":\"https:\\\/\\\/tandoorvietnam.com\\\/vi\\\/#website\"},\"primaryImageOfPage\":{\"@id\":\"https:\\\/\\\/tandoorvietnam.com\\\/vi\\\/sanpham\\\/cac-mon-cuu\\\/thit-nac-cuu-bam-nau-voi-dau-ha-lan-va-sot-gia-vi-hanh-cay\\\/#primaryimage\"},\"image\":{\"@id\":\"https:\\\/\\\/tandoorvietnam.com\\\/vi\\\/sanpham\\\/cac-mon-cuu\\\/thit-nac-cuu-bam-nau-voi-dau-ha-lan-va-sot-gia-vi-hanh-cay\\\/#primaryimage\"},\"thumbnailUrl\":\"https:\\\/\\\/tandoorvietnam.com\\\/wp-content\\\/uploads\\\/2020\\\/06\\\/Keema-mattar.jpg\",\"datePublished\":\"2021-04-19T07:24:16+00:00\",\"dateModified\":\"2023-05-19T16:55:25+00:00\",\"description\":\"Th\u1ecbt n\u1ea1c c\u1eebu b\u0103m \u0111\u01b0\u1ee3c n\u1ea5u v\u1edbi \u0111\u1eadu H\u00e0 Lan v\u00e0 s\u1ed1t gia v\u1ecb h\u00e0nh cay t\u1ea1i Tandoor Vietnam. M\u00f3n \u0103n \u0111\u1ed9c \u0111\u00e1o t\u1eeb \u1ea4n \u0110\u1ed9, mang \u0111\u1ebfn h\u01b0\u01a1ng v\u1ecb tuy\u1ec7t v\u1eddi.\",\"breadcrumb\":{\"@id\":\"https:\\\/\\\/tandoorvietnam.com\\\/vi\\\/sanpham\\\/cac-mon-cuu\\\/thit-nac-cuu-bam-nau-voi-dau-ha-lan-va-sot-gia-vi-hanh-cay\\\/#breadcrumb\"},\"inLanguage\":\"vi-VN\",\"potentialAction\":[{\"@type\":\"ReadAction\",\"target\":[\"https:\\\/\\\/tandoorvietnam.com\\\/vi\\\/sanpham\\\/cac-mon-cuu\\\/thit-nac-cuu-bam-nau-voi-dau-ha-lan-va-sot-gia-vi-hanh-cay\\\/\"]}]},{\"@type\":\"ImageObject\",\"inLanguage\":\"vi-VN\",\"@id\":\"https:\\\/\\\/tandoorvietnam.com\\\/vi\\\/sanpham\\\/cac-mon-cuu\\\/thit-nac-cuu-bam-nau-voi-dau-ha-lan-va-sot-gia-vi-hanh-cay\\\/#primaryimage\",\"url\":\"https:\\\/\\\/tandoorvietnam.com\\\/wp-content\\\/uploads\\\/2020\\\/06\\\/Keema-mattar.jpg\",\"contentUrl\":\"https:\\\/\\\/tandoorvietnam.com\\\/wp-content\\\/uploads\\\/2020\\\/06\\\/Keema-mattar.jpg\",\"width\":1400,\"height\":1400,\"caption\":\"TH\u1ecaT N\u1ea0C C\u1eeaU B\u0102M N\u1ea4U V\u1edaI \u0110\u1eacU H\u00c0 LAN V\u00c0 S\u1ed0T GIA V\u1eca H\u00c0NH CAY\"},{\"@type\":\"BreadcrumbList\",\"@id\":\"https:\\\/\\\/tandoorvietnam.com\\\/vi\\\/sanpham\\\/cac-mon-cuu\\\/thit-nac-cuu-bam-nau-voi-dau-ha-lan-va-sot-gia-vi-hanh-cay\\\/#breadcrumb\",\"itemListElement\":[{\"@type\":\"ListItem\",\"position\":1,\"name\":\"Trang Ch\u1ee7\",\"item\":\"https:\\\/\\\/tandoorvietnam.com\\\/vi\\\/\"},{\"@type\":\"ListItem\",\"position\":2,\"name\":\"Shop\",\"item\":\"https:\\\/\\\/tandoorvietnam.com\\\/shop\\\/\"},{\"@type\":\"ListItem\",\"position\":3,\"name\":\"Keema Mattar (TH\u1ecaT N\u1ea0C C\u1eeaU B\u0102M N\u1ea4U V\u1edaI \u0110\u1eacU H\u00c0 LAN V\u00c0 S\u1ed0T GIA V\u1eca H\u00c0NH CAY)\"}]},{\"@type\":\"WebSite\",\"@id\":\"https:\\\/\\\/tandoorvietnam.com\\\/vi\\\/#website\",\"url\":\"https:\\\/\\\/tandoorvietnam.com\\\/vi\\\/\",\"name\":\"Tandoor Vietnam\",\"description\":\"Nh\u00e0 h\u00e0ng ngon h\u1ed3 ch\u00ed minh\",\"publisher\":{\"@id\":\"https:\\\/\\\/tandoorvietnam.com\\\/vi\\\/#organization\"},\"potentialAction\":[{\"@type\":\"SearchAction\",\"target\":{\"@type\":\"EntryPoint\",\"urlTemplate\":\"https:\\\/\\\/tandoorvietnam.com\\\/vi\\\/?s={search_term_string}\"},\"query-input\":{\"@type\":\"PropertyValueSpecification\",\"valueRequired\":true,\"valueName\":\"search_term_string\"}}],\"inLanguage\":\"vi-VN\"},{\"@type\":\"Organization\",\"@id\":\"https:\\\/\\\/tandoorvietnam.com\\\/vi\\\/#organization\",\"name\":\"Tandoor Vietnam\",\"url\":\"https:\\\/\\\/tandoorvietnam.com\\\/vi\\\/\",\"logo\":{\"@type\":\"ImageObject\",\"inLanguage\":\"vi-VN\",\"@id\":\"https:\\\/\\\/tandoorvietnam.com\\\/vi\\\/#\\\/schema\\\/logo\\\/image\\\/\",\"url\":\"https:\\\/\\\/tandoorvietnam.com\\\/wp-content\\\/uploads\\\/2020\\\/07\\\/logo.png\",\"contentUrl\":\"https:\\\/\\\/tandoorvietnam.com\\\/wp-content\\\/uploads\\\/2020\\\/07\\\/logo.png\",\"width\":133,\"height\":75,\"caption\":\"Tandoor Vietnam\"},\"image\":{\"@id\":\"https:\\\/\\\/tandoorvietnam.com\\\/vi\\\/#\\\/schema\\\/logo\\\/image\\\/\"},\"sameAs\":[\"https:\\\/\\\/www.facebook.com\\\/tandoor.hcmc\\\/\"]}]}<\/script>\n<!-- \/ Yoast SEO Premium plugin. -->","yoast_head_json":{"title":"TH\u1ecaT N\u1ea0C C\u1eeaU B\u0102M \u0110\u1eacU H\u00c0 LAN, S\u1ed0T GIA V\u1eca H\u00c0NH CAY","description":"Th\u1ecbt n\u1ea1c c\u1eebu b\u0103m \u0111\u01b0\u1ee3c n\u1ea5u v\u1edbi \u0111\u1eadu H\u00e0 Lan v\u00e0 s\u1ed1t gia v\u1ecb h\u00e0nh cay t\u1ea1i Tandoor Vietnam. M\u00f3n \u0103n \u0111\u1ed9c \u0111\u00e1o t\u1eeb \u1ea4n \u0110\u1ed9, mang \u0111\u1ebfn h\u01b0\u01a1ng v\u1ecb tuy\u1ec7t v\u1eddi.","robots":{"index":"index","follow":"follow","max-snippet":"max-snippet:-1","max-image-preview":"max-image-preview:large","max-video-preview":"max-video-preview:-1"},"canonical":"https:\/\/tandoorvietnam.com\/vi\/sanpham\/cac-mon-cuu\/thit-nac-cuu-bam-nau-voi-dau-ha-lan-va-sot-gia-vi-hanh-cay\/","og_locale":"vi_VN","og_type":"article","og_title":"Keema Mattar (TH\u1ecaT N\u1ea0C C\u1eeaU B\u0102M N\u1ea4U V\u1edaI \u0110\u1eacU H\u00c0 LAN V\u00c0 S\u1ed0T GIA V\u1eca H\u00c0NH CAY)","og_description":"Th\u1ecbt n\u1ea1c c\u1eebu b\u0103m \u0111\u01b0\u1ee3c n\u1ea5u v\u1edbi \u0111\u1eadu H\u00e0 Lan v\u00e0 s\u1ed1t gia v\u1ecb h\u00e0nh cay t\u1ea1i Tandoor Vietnam. M\u00f3n \u0103n \u0111\u1ed9c \u0111\u00e1o t\u1eeb \u1ea4n \u0110\u1ed9, mang \u0111\u1ebfn h\u01b0\u01a1ng v\u1ecb tuy\u1ec7t v\u1eddi.","og_url":"https:\/\/tandoorvietnam.com\/vi\/sanpham\/cac-mon-cuu\/thit-nac-cuu-bam-nau-voi-dau-ha-lan-va-sot-gia-vi-hanh-cay\/","og_site_name":"Tandoor Vi\u1ec7t Nam","article_publisher":"https:\/\/www.facebook.com\/tandoor.hcmc\/","article_modified_time":"2023-05-19T16:55:25+00:00","og_image":[{"width":1400,"height":1400,"url":"https:\/\/tandoorvietnam.com\/wp-content\/uploads\/2020\/06\/Keema-mattar.jpg","type":"image\/jpeg"}],"twitter_card":"summary_large_image","twitter_misc":{"Est. reading time":"2 minutes"},"schema":{"@context":"https:\/\/schema.org","@graph":[{"@type":"WebPage","@id":"https:\/\/tandoorvietnam.com\/vi\/sanpham\/cac-mon-cuu\/thit-nac-cuu-bam-nau-voi-dau-ha-lan-va-sot-gia-vi-hanh-cay\/","url":"https:\/\/tandoorvietnam.com\/vi\/sanpham\/cac-mon-cuu\/thit-nac-cuu-bam-nau-voi-dau-ha-lan-va-sot-gia-vi-hanh-cay\/","name":"TH\u1ecaT N\u1ea0C C\u1eeaU B\u0102M \u0110\u1eacU H\u00c0 LAN, S\u1ed0T GIA V\u1eca H\u00c0NH CAY","isPartOf":{"@id":"https:\/\/tandoorvietnam.com\/vi\/#website"},"primaryImageOfPage":{"@id":"https:\/\/tandoorvietnam.com\/vi\/sanpham\/cac-mon-cuu\/thit-nac-cuu-bam-nau-voi-dau-ha-lan-va-sot-gia-vi-hanh-cay\/#primaryimage"},"image":{"@id":"https:\/\/tandoorvietnam.com\/vi\/sanpham\/cac-mon-cuu\/thit-nac-cuu-bam-nau-voi-dau-ha-lan-va-sot-gia-vi-hanh-cay\/#primaryimage"},"thumbnailUrl":"https:\/\/tandoorvietnam.com\/wp-content\/uploads\/2020\/06\/Keema-mattar.jpg","datePublished":"2021-04-19T07:24:16+00:00","dateModified":"2023-05-19T16:55:25+00:00","description":"Th\u1ecbt n\u1ea1c c\u1eebu b\u0103m \u0111\u01b0\u1ee3c n\u1ea5u v\u1edbi \u0111\u1eadu H\u00e0 Lan v\u00e0 s\u1ed1t gia v\u1ecb h\u00e0nh cay t\u1ea1i Tandoor Vietnam. M\u00f3n \u0103n \u0111\u1ed9c \u0111\u00e1o t\u1eeb \u1ea4n \u0110\u1ed9, mang \u0111\u1ebfn h\u01b0\u01a1ng v\u1ecb tuy\u1ec7t v\u1eddi.","breadcrumb":{"@id":"https:\/\/tandoorvietnam.com\/vi\/sanpham\/cac-mon-cuu\/thit-nac-cuu-bam-nau-voi-dau-ha-lan-va-sot-gia-vi-hanh-cay\/#breadcrumb"},"inLanguage":"vi-VN","potentialAction":[{"@type":"ReadAction","target":["https:\/\/tandoorvietnam.com\/vi\/sanpham\/cac-mon-cuu\/thit-nac-cuu-bam-nau-voi-dau-ha-lan-va-sot-gia-vi-hanh-cay\/"]}]},{"@type":"ImageObject","inLanguage":"vi-VN","@id":"https:\/\/tandoorvietnam.com\/vi\/sanpham\/cac-mon-cuu\/thit-nac-cuu-bam-nau-voi-dau-ha-lan-va-sot-gia-vi-hanh-cay\/#primaryimage","url":"https:\/\/tandoorvietnam.com\/wp-content\/uploads\/2020\/06\/Keema-mattar.jpg","contentUrl":"https:\/\/tandoorvietnam.com\/wp-content\/uploads\/2020\/06\/Keema-mattar.jpg","width":1400,"height":1400,"caption":"TH\u1ecaT N\u1ea0C C\u1eeaU B\u0102M N\u1ea4U V\u1edaI \u0110\u1eacU H\u00c0 LAN V\u00c0 S\u1ed0T GIA V\u1eca H\u00c0NH CAY"},{"@type":"BreadcrumbList","@id":"https:\/\/tandoorvietnam.com\/vi\/sanpham\/cac-mon-cuu\/thit-nac-cuu-bam-nau-voi-dau-ha-lan-va-sot-gia-vi-hanh-cay\/#breadcrumb","itemListElement":[{"@type":"ListItem","position":1,"name":"Trang Ch\u1ee7","item":"https:\/\/tandoorvietnam.com\/vi\/"},{"@type":"ListItem","position":2,"name":"Shop","item":"https:\/\/tandoorvietnam.com\/shop\/"},{"@type":"ListItem","position":3,"name":"Keema Mattar (TH\u1ecaT N\u1ea0C C\u1eeaU B\u0102M N\u1ea4U V\u1edaI \u0110\u1eacU H\u00c0 LAN V\u00c0 S\u1ed0T GIA V\u1eca H\u00c0NH CAY)"}]},{"@type":"WebSite","@id":"https:\/\/tandoorvietnam.com\/vi\/#website","url":"https:\/\/tandoorvietnam.com\/vi\/","name":"Tandoor Vietnam","description":"Nh\u00e0 h\u00e0ng ngon h\u1ed3 ch\u00ed minh","publisher":{"@id":"https:\/\/tandoorvietnam.com\/vi\/#organization"},"potentialAction":[{"@type":"SearchAction","target":{"@type":"EntryPoint","urlTemplate":"https:\/\/tandoorvietnam.com\/vi\/?s={search_term_string}"},"query-input":{"@type":"PropertyValueSpecification","valueRequired":true,"valueName":"search_term_string"}}],"inLanguage":"vi-VN"},{"@type":"Organization","@id":"https:\/\/tandoorvietnam.com\/vi\/#organization","name":"Tandoor Vietnam","url":"https:\/\/tandoorvietnam.com\/vi\/","logo":{"@type":"ImageObject","inLanguage":"vi-VN","@id":"https:\/\/tandoorvietnam.com\/vi\/#\/schema\/logo\/image\/","url":"https:\/\/tandoorvietnam.com\/wp-content\/uploads\/2020\/07\/logo.png","contentUrl":"https:\/\/tandoorvietnam.com\/wp-content\/uploads\/2020\/07\/logo.png","width":133,"height":75,"caption":"Tandoor Vietnam"},"image":{"@id":"https:\/\/tandoorvietnam.com\/vi\/#\/schema\/logo\/image\/"},"sameAs":["https:\/\/www.facebook.com\/tandoor.hcmc\/"]}]}},"_links":{"self":[{"href":"https:\/\/tandoorvietnam.com\/vi\/wp-json\/wp\/v2\/product\/3344","targetHints":{"allow":["GET"]}}],"collection":[{"href":"https:\/\/tandoorvietnam.com\/vi\/wp-json\/wp\/v2\/product"}],"about":[{"href":"https:\/\/tandoorvietnam.com\/vi\/wp-json\/wp\/v2\/types\/product"}],"wp:featuredmedia":[{"embeddable":true,"href":"https:\/\/tandoorvietnam.com\/vi\/wp-json\/wp\/v2\/media\/3345"}],"wp:attachment":[{"href":"https:\/\/tandoorvietnam.com\/vi\/wp-json\/wp\/v2\/media?parent=3344"}],"wp:term":[{"taxonomy":"product_brand","embeddable":true,"href":"https:\/\/tandoorvietnam.com\/vi\/wp-json\/wp\/v2\/product_brand?post=3344"},{"taxonomy":"product_cat","embeddable":true,"href":"https:\/\/tandoorvietnam.com\/vi\/wp-json\/wp\/v2\/product_cat?post=3344"},{"taxonomy":"product_tag","embeddable":true,"href":"https:\/\/tandoorvietnam.com\/vi\/wp-json\/wp\/v2\/product_tag?post=3344"}],"curies":[{"name":"wp","href":"https:\/\/api.w.org\/{rel}","templated":true}]}}