{"id":3350,"date":"2020-06-20T13:54:51","date_gmt":"2021-04-19T07:29:53","guid":{"rendered":"http:\/\/tandoorvietnam.com\/product\/uncategorized\/cuu-nau-ca-chua-gia-vi-nghe-tieu-den-va-la-ca-ri\/"},"modified":"2023-05-08T10:24:20","modified_gmt":"2023-05-08T10:24:20","slug":"cuu-nau-ca-chua-gia-vi-nghe-tieu-den-va-la-ca-ri","status":"publish","type":"product","link":"https:\/\/tandoorvietnam.com\/vi\/sanpham\/cac-mon-cuu\/cuu-nau-ca-chua-gia-vi-nghe-tieu-den-va-la-ca-ri\/","title":{"rendered":"Pepper Lamb (C\u1eeaU N\u1ea4U C\u00c0 CHUA, GIA V\u1eca, NGH\u1ec6, TI\u00caU \u0110EN V\u00c0 L\u00c1 C\u00c0 RI)"},"content":{"rendered":"<p>M\u00f3n c\u1eebu n\u1ea5u c\u00e0 chua, gia v\u1ecb ngh\u1ec7, ti\u00eau \u0111en v\u00e0 l\u00e1 cari l\u00e0 m\u1ed9t trong nh\u1eefng m\u00f3n \u0103n \u0111\u1eb7c tr\u01b0ng c\u1ee7a \u1ea4n \u0110\u1ed9. T\u1ea1i Tandoor Vietnam, ch\u00fang t\u00f4i mang \u0111\u1ebfn cho b\u1ea1n m\u00f3n c\u1eebu\u00a0ch\u00edn m\u1ec1m, th\u1ea5m \u0111\u1ec1u v\u1ecb gia v\u1ecb v\u00e0 c\u00e0 chua ch\u00edn m\u1ecdng. C\u00e1c gia v\u1ecb nh\u01b0 ngh\u1ec7, ti\u00eau \u0111en v\u00e0 l\u00e1 cari t\u1ea1o ra h\u01b0\u01a1ng v\u1ecb \u0111\u1eb7c tr\u01b0ng c\u1ee7a m\u00f3n \u0103n, \u0111\u1ed3ng th\u1eddi gi\u00fap c\u00e2n b\u1eb1ng h\u01b0\u01a1ng v\u1ecb \u0111\u1eadm \u0111\u00e0 c\u1ee7a c\u1eebu.<\/p>\n<p>C\u00e0 chua \u0111\u01b0\u1ee3c s\u1eed d\u1ee5ng trong m\u00f3n \u0103n kh\u00f4ng ch\u1ec9 mang l\u1ea1i m\u00e0u s\u1eafc v\u00e0 h\u01b0\u01a1ng v\u1ecb tuy\u1ec7t v\u1eddi m\u00e0 c\u00f2n l\u00e0 ngu\u1ed3n cung c\u1ea5p vitamin C v\u00e0 A c\u1ea7n thi\u1ebft cho s\u1ee9c kh\u1ecfe. Ch\u00fang t\u00f4i s\u1eed d\u1ee5ng c\u1eebu t\u01b0\u01a1i, ch\u1ecdn l\u1ef1a k\u1ef9 c\u00e0ng \u0111\u1ec3 \u0111\u1ea3m b\u1ea3o ch\u1ea5t l\u01b0\u1ee3ng v\u00e0 h\u01b0\u01a1ng v\u1ecb t\u1ed1t nh\u1ea5t cho m\u00f3n \u0103n.<\/p>\n<p>M\u00f3n c\u1eebu n\u1ea5u c\u00e0 chua, gia v\u1ecb ngh\u1ec7, ti\u00eau \u0111en v\u00e0 l\u00e1 cari \u0111\u01b0\u1ee3c ph\u1ee5c v\u1ee5 c\u00f9ng v\u1edbi b\u00e1nh naan, b\u00e1nh roti ho\u1eb7c c\u01a1m. N\u1ebfu b\u1ea1n l\u00e0 ng\u01b0\u1eddi y\u00eau th\u00edch nh\u1eefng m\u00f3n \u0103n \u0111\u1eadm \u0111\u00e0 v\u00e0 cay n\u1ed3ng, m\u00f3n c\u1eebu n\u00e0y s\u1ebd l\u00e0 s\u1ef1 l\u1ef1a ch\u1ecdn tuy\u1ec7t v\u1eddi.<\/p>\n<p>\u0110\u1ebfn v\u1edbi <a href=\"https:\/\/tandoorvietnam.com\/\">nh\u00e0 h\u00e0ng Tandoor Vietnam<\/a>, b\u1ea1n s\u1ebd \u0111\u01b0\u1ee3c th\u01b0\u1edfng th\u1ee9c m\u00f3n c\u1eebu n\u1ea5u c\u00e0 chua t\u01b0\u01a1i ngon v\u00e0 th\u01a1m ngon \u0111\u1eb7c tr\u01b0ng c\u1ee7a \u1ea4n \u0110\u1ed9, c\u00f9ng v\u1edbi kh\u00f4ng gian sang tr\u1ecdng, \u1ea5m c\u00fang v\u00e0 \u0111\u1ed9i ng\u0169 nh\u00e2n vi\u00ean ph\u1ee5c v\u1ee5 chuy\u00ean nghi\u1ec7p.<\/p>\n","protected":false},"excerpt":{"rendered":"<p>&nbsp;<\/p>\n<table width=\"723\">\n<tbody>\n<tr>\n<td width=\"412\">Dry preparation of lamb with spices, pepper and curry leaves<\/td>\n<\/tr>\n<tr>\n<td width=\"412\"><em>C<\/em><em>\u1eebu n\u1ea5u c\u00e0 chua, gia v\u1ecb ngh\u1ec7, ti\u00eau \u0111en v\u00e0 l\u00e1 cari<\/em><\/td>\n<\/tr>\n<\/tbody>\n<\/table>\n","protected":false},"featured_media":3351,"template":"","meta":[],"product_brand":[],"product_cat":[229],"product_tag":[],"class_list":{"0":"post-3350","1":"product","2":"type-product","3":"status-publish","4":"has-post-thumbnail","6":"product_cat-cac-mon-cuu","8":"first","9":"instock","10":"taxable","11":"shipping-taxable","12":"purchasable","13":"product-type-simple"},"yoast_head":"<!-- This site is optimized with the Yoast SEO Premium plugin v22.3 (Yoast SEO v27.4) - https:\/\/yoast.com\/product\/yoast-seo-premium-wordpress\/ -->\n<title>C\u1eeaU N\u1ea4U C\u00c0 CHUA, GIA V\u1eca, NGH\u1ec6, TI\u00caU \u0110EN V\u00c0 L\u00c1 C\u00c0 RI<\/title>\n<meta name=\"description\" content=\"Th\u01b0\u1edfng th\u1ee9c m\u00f3n c\u1eebu n\u1ea5u c\u00e0 chua, gia v\u1ecb ngh\u1ec7, ti\u00eau \u0111en v\u00e0 l\u00e1 cari t\u1ea1i nh\u00e0 h\u00e0ng Tandoor Vietnam - m\u00f3n \u0103n h\u1ea5p d\u1eabn t\u1eeb \u1ea4n \u0110\u1ed9.\" \/>\n<meta name=\"robots\" content=\"index, follow, max-snippet:-1, max-image-preview:large, max-video-preview:-1\" \/>\n<link rel=\"canonical\" href=\"https:\/\/tandoorvietnam.com\/vi\/sanpham\/cac-mon-cuu\/cuu-nau-ca-chua-gia-vi-nghe-tieu-den-va-la-ca-ri\/\" \/>\n<meta property=\"og:locale\" content=\"vi_VN\" \/>\n<meta property=\"og:type\" content=\"article\" \/>\n<meta property=\"og:title\" content=\"Pepper Lamb (C\u1eeaU N\u1ea4U C\u00c0 CHUA, GIA V\u1eca, NGH\u1ec6, TI\u00caU \u0110EN V\u00c0 L\u00c1 C\u00c0 RI)\" \/>\n<meta property=\"og:description\" content=\"Th\u01b0\u1edfng th\u1ee9c m\u00f3n c\u1eebu n\u1ea5u c\u00e0 chua, gia v\u1ecb ngh\u1ec7, ti\u00eau \u0111en v\u00e0 l\u00e1 cari t\u1ea1i nh\u00e0 h\u00e0ng Tandoor Vietnam - m\u00f3n \u0103n h\u1ea5p d\u1eabn t\u1eeb \u1ea4n \u0110\u1ed9.\" \/>\n<meta property=\"og:url\" content=\"https:\/\/tandoorvietnam.com\/vi\/sanpham\/cac-mon-cuu\/cuu-nau-ca-chua-gia-vi-nghe-tieu-den-va-la-ca-ri\/\" \/>\n<meta property=\"og:site_name\" content=\"Tandoor Vi\u1ec7t Nam\" \/>\n<meta property=\"article:publisher\" content=\"https:\/\/www.facebook.com\/tandoor.hcmc\/\" \/>\n<meta property=\"article:modified_time\" content=\"2023-05-08T10:24:20+00:00\" \/>\n<meta property=\"og:image\" content=\"https:\/\/tandoorvietnam.com\/wp-content\/uploads\/2020\/06\/Pepper-lamb.jpg\" \/>\n\t<meta property=\"og:image:width\" content=\"1400\" \/>\n\t<meta property=\"og:image:height\" content=\"1400\" \/>\n\t<meta property=\"og:image:type\" content=\"image\/jpeg\" \/>\n<meta name=\"twitter:card\" content=\"summary_large_image\" \/>\n<meta name=\"twitter:label1\" content=\"Est. reading time\" \/>\n\t<meta name=\"twitter:data1\" content=\"1 minute\" \/>\n<script type=\"application\/ld+json\" class=\"yoast-schema-graph\">{\"@context\":\"https:\\\/\\\/schema.org\",\"@graph\":[{\"@type\":\"WebPage\",\"@id\":\"https:\\\/\\\/tandoorvietnam.com\\\/vi\\\/sanpham\\\/cac-mon-cuu\\\/cuu-nau-ca-chua-gia-vi-nghe-tieu-den-va-la-ca-ri\\\/\",\"url\":\"https:\\\/\\\/tandoorvietnam.com\\\/vi\\\/sanpham\\\/cac-mon-cuu\\\/cuu-nau-ca-chua-gia-vi-nghe-tieu-den-va-la-ca-ri\\\/\",\"name\":\"C\u1eeaU N\u1ea4U C\u00c0 CHUA, GIA V\u1eca, NGH\u1ec6, TI\u00caU \u0110EN V\u00c0 L\u00c1 C\u00c0 RI\",\"isPartOf\":{\"@id\":\"https:\\\/\\\/tandoorvietnam.com\\\/vi\\\/#website\"},\"primaryImageOfPage\":{\"@id\":\"https:\\\/\\\/tandoorvietnam.com\\\/vi\\\/sanpham\\\/cac-mon-cuu\\\/cuu-nau-ca-chua-gia-vi-nghe-tieu-den-va-la-ca-ri\\\/#primaryimage\"},\"image\":{\"@id\":\"https:\\\/\\\/tandoorvietnam.com\\\/vi\\\/sanpham\\\/cac-mon-cuu\\\/cuu-nau-ca-chua-gia-vi-nghe-tieu-den-va-la-ca-ri\\\/#primaryimage\"},\"thumbnailUrl\":\"https:\\\/\\\/tandoorvietnam.com\\\/wp-content\\\/uploads\\\/2020\\\/06\\\/Pepper-lamb.jpg\",\"datePublished\":\"2021-04-19T07:29:53+00:00\",\"dateModified\":\"2023-05-08T10:24:20+00:00\",\"description\":\"Th\u01b0\u1edfng th\u1ee9c m\u00f3n c\u1eebu n\u1ea5u c\u00e0 chua, gia v\u1ecb ngh\u1ec7, ti\u00eau \u0111en v\u00e0 l\u00e1 cari t\u1ea1i nh\u00e0 h\u00e0ng Tandoor Vietnam - m\u00f3n \u0103n h\u1ea5p d\u1eabn t\u1eeb \u1ea4n \u0110\u1ed9.\",\"breadcrumb\":{\"@id\":\"https:\\\/\\\/tandoorvietnam.com\\\/vi\\\/sanpham\\\/cac-mon-cuu\\\/cuu-nau-ca-chua-gia-vi-nghe-tieu-den-va-la-ca-ri\\\/#breadcrumb\"},\"inLanguage\":\"vi-VN\",\"potentialAction\":[{\"@type\":\"ReadAction\",\"target\":[\"https:\\\/\\\/tandoorvietnam.com\\\/vi\\\/sanpham\\\/cac-mon-cuu\\\/cuu-nau-ca-chua-gia-vi-nghe-tieu-den-va-la-ca-ri\\\/\"]}]},{\"@type\":\"ImageObject\",\"inLanguage\":\"vi-VN\",\"@id\":\"https:\\\/\\\/tandoorvietnam.com\\\/vi\\\/sanpham\\\/cac-mon-cuu\\\/cuu-nau-ca-chua-gia-vi-nghe-tieu-den-va-la-ca-ri\\\/#primaryimage\",\"url\":\"https:\\\/\\\/tandoorvietnam.com\\\/wp-content\\\/uploads\\\/2020\\\/06\\\/Pepper-lamb.jpg\",\"contentUrl\":\"https:\\\/\\\/tandoorvietnam.com\\\/wp-content\\\/uploads\\\/2020\\\/06\\\/Pepper-lamb.jpg\",\"width\":1400,\"height\":1400,\"caption\":\"C\u1eeaU N\u1ea4U C\u00c0 CHUA, GIA V\u1eca, NGH\u1ec6, TI\u00caU \u0110EN V\u00c0 L\u00c1 C\u00c0 RI\"},{\"@type\":\"BreadcrumbList\",\"@id\":\"https:\\\/\\\/tandoorvietnam.com\\\/vi\\\/sanpham\\\/cac-mon-cuu\\\/cuu-nau-ca-chua-gia-vi-nghe-tieu-den-va-la-ca-ri\\\/#breadcrumb\",\"itemListElement\":[{\"@type\":\"ListItem\",\"position\":1,\"name\":\"Trang Ch\u1ee7\",\"item\":\"https:\\\/\\\/tandoorvietnam.com\\\/vi\\\/\"},{\"@type\":\"ListItem\",\"position\":2,\"name\":\"Shop\",\"item\":\"https:\\\/\\\/tandoorvietnam.com\\\/shop\\\/\"},{\"@type\":\"ListItem\",\"position\":3,\"name\":\"Pepper Lamb (C\u1eeaU N\u1ea4U C\u00c0 CHUA, GIA V\u1eca, NGH\u1ec6, TI\u00caU \u0110EN V\u00c0 L\u00c1 C\u00c0 RI)\"}]},{\"@type\":\"WebSite\",\"@id\":\"https:\\\/\\\/tandoorvietnam.com\\\/vi\\\/#website\",\"url\":\"https:\\\/\\\/tandoorvietnam.com\\\/vi\\\/\",\"name\":\"Tandoor Vietnam\",\"description\":\"Nh\u00e0 h\u00e0ng ngon h\u1ed3 ch\u00ed minh\",\"publisher\":{\"@id\":\"https:\\\/\\\/tandoorvietnam.com\\\/vi\\\/#organization\"},\"potentialAction\":[{\"@type\":\"SearchAction\",\"target\":{\"@type\":\"EntryPoint\",\"urlTemplate\":\"https:\\\/\\\/tandoorvietnam.com\\\/vi\\\/?s={search_term_string}\"},\"query-input\":{\"@type\":\"PropertyValueSpecification\",\"valueRequired\":true,\"valueName\":\"search_term_string\"}}],\"inLanguage\":\"vi-VN\"},{\"@type\":\"Organization\",\"@id\":\"https:\\\/\\\/tandoorvietnam.com\\\/vi\\\/#organization\",\"name\":\"Tandoor Vietnam\",\"url\":\"https:\\\/\\\/tandoorvietnam.com\\\/vi\\\/\",\"logo\":{\"@type\":\"ImageObject\",\"inLanguage\":\"vi-VN\",\"@id\":\"https:\\\/\\\/tandoorvietnam.com\\\/vi\\\/#\\\/schema\\\/logo\\\/image\\\/\",\"url\":\"https:\\\/\\\/tandoorvietnam.com\\\/wp-content\\\/uploads\\\/2020\\\/07\\\/logo.png\",\"contentUrl\":\"https:\\\/\\\/tandoorvietnam.com\\\/wp-content\\\/uploads\\\/2020\\\/07\\\/logo.png\",\"width\":133,\"height\":75,\"caption\":\"Tandoor Vietnam\"},\"image\":{\"@id\":\"https:\\\/\\\/tandoorvietnam.com\\\/vi\\\/#\\\/schema\\\/logo\\\/image\\\/\"},\"sameAs\":[\"https:\\\/\\\/www.facebook.com\\\/tandoor.hcmc\\\/\"]}]}<\/script>\n<!-- \/ Yoast SEO Premium plugin. -->","yoast_head_json":{"title":"C\u1eeaU N\u1ea4U C\u00c0 CHUA, GIA V\u1eca, NGH\u1ec6, TI\u00caU \u0110EN V\u00c0 L\u00c1 C\u00c0 RI","description":"Th\u01b0\u1edfng th\u1ee9c m\u00f3n c\u1eebu n\u1ea5u c\u00e0 chua, gia v\u1ecb ngh\u1ec7, ti\u00eau \u0111en v\u00e0 l\u00e1 cari t\u1ea1i nh\u00e0 h\u00e0ng Tandoor Vietnam - m\u00f3n \u0103n h\u1ea5p d\u1eabn t\u1eeb \u1ea4n \u0110\u1ed9.","robots":{"index":"index","follow":"follow","max-snippet":"max-snippet:-1","max-image-preview":"max-image-preview:large","max-video-preview":"max-video-preview:-1"},"canonical":"https:\/\/tandoorvietnam.com\/vi\/sanpham\/cac-mon-cuu\/cuu-nau-ca-chua-gia-vi-nghe-tieu-den-va-la-ca-ri\/","og_locale":"vi_VN","og_type":"article","og_title":"Pepper Lamb (C\u1eeaU N\u1ea4U C\u00c0 CHUA, GIA V\u1eca, NGH\u1ec6, TI\u00caU \u0110EN V\u00c0 L\u00c1 C\u00c0 RI)","og_description":"Th\u01b0\u1edfng th\u1ee9c m\u00f3n c\u1eebu n\u1ea5u c\u00e0 chua, gia v\u1ecb ngh\u1ec7, ti\u00eau \u0111en v\u00e0 l\u00e1 cari t\u1ea1i nh\u00e0 h\u00e0ng Tandoor Vietnam - m\u00f3n \u0103n h\u1ea5p d\u1eabn t\u1eeb \u1ea4n \u0110\u1ed9.","og_url":"https:\/\/tandoorvietnam.com\/vi\/sanpham\/cac-mon-cuu\/cuu-nau-ca-chua-gia-vi-nghe-tieu-den-va-la-ca-ri\/","og_site_name":"Tandoor Vi\u1ec7t Nam","article_publisher":"https:\/\/www.facebook.com\/tandoor.hcmc\/","article_modified_time":"2023-05-08T10:24:20+00:00","og_image":[{"width":1400,"height":1400,"url":"https:\/\/tandoorvietnam.com\/wp-content\/uploads\/2020\/06\/Pepper-lamb.jpg","type":"image\/jpeg"}],"twitter_card":"summary_large_image","twitter_misc":{"Est. reading time":"1 minute"},"schema":{"@context":"https:\/\/schema.org","@graph":[{"@type":"WebPage","@id":"https:\/\/tandoorvietnam.com\/vi\/sanpham\/cac-mon-cuu\/cuu-nau-ca-chua-gia-vi-nghe-tieu-den-va-la-ca-ri\/","url":"https:\/\/tandoorvietnam.com\/vi\/sanpham\/cac-mon-cuu\/cuu-nau-ca-chua-gia-vi-nghe-tieu-den-va-la-ca-ri\/","name":"C\u1eeaU N\u1ea4U C\u00c0 CHUA, GIA V\u1eca, NGH\u1ec6, TI\u00caU \u0110EN V\u00c0 L\u00c1 C\u00c0 RI","isPartOf":{"@id":"https:\/\/tandoorvietnam.com\/vi\/#website"},"primaryImageOfPage":{"@id":"https:\/\/tandoorvietnam.com\/vi\/sanpham\/cac-mon-cuu\/cuu-nau-ca-chua-gia-vi-nghe-tieu-den-va-la-ca-ri\/#primaryimage"},"image":{"@id":"https:\/\/tandoorvietnam.com\/vi\/sanpham\/cac-mon-cuu\/cuu-nau-ca-chua-gia-vi-nghe-tieu-den-va-la-ca-ri\/#primaryimage"},"thumbnailUrl":"https:\/\/tandoorvietnam.com\/wp-content\/uploads\/2020\/06\/Pepper-lamb.jpg","datePublished":"2021-04-19T07:29:53+00:00","dateModified":"2023-05-08T10:24:20+00:00","description":"Th\u01b0\u1edfng th\u1ee9c m\u00f3n c\u1eebu n\u1ea5u c\u00e0 chua, gia v\u1ecb ngh\u1ec7, ti\u00eau \u0111en v\u00e0 l\u00e1 cari t\u1ea1i nh\u00e0 h\u00e0ng Tandoor Vietnam - m\u00f3n \u0103n h\u1ea5p d\u1eabn t\u1eeb \u1ea4n \u0110\u1ed9.","breadcrumb":{"@id":"https:\/\/tandoorvietnam.com\/vi\/sanpham\/cac-mon-cuu\/cuu-nau-ca-chua-gia-vi-nghe-tieu-den-va-la-ca-ri\/#breadcrumb"},"inLanguage":"vi-VN","potentialAction":[{"@type":"ReadAction","target":["https:\/\/tandoorvietnam.com\/vi\/sanpham\/cac-mon-cuu\/cuu-nau-ca-chua-gia-vi-nghe-tieu-den-va-la-ca-ri\/"]}]},{"@type":"ImageObject","inLanguage":"vi-VN","@id":"https:\/\/tandoorvietnam.com\/vi\/sanpham\/cac-mon-cuu\/cuu-nau-ca-chua-gia-vi-nghe-tieu-den-va-la-ca-ri\/#primaryimage","url":"https:\/\/tandoorvietnam.com\/wp-content\/uploads\/2020\/06\/Pepper-lamb.jpg","contentUrl":"https:\/\/tandoorvietnam.com\/wp-content\/uploads\/2020\/06\/Pepper-lamb.jpg","width":1400,"height":1400,"caption":"C\u1eeaU N\u1ea4U C\u00c0 CHUA, GIA V\u1eca, NGH\u1ec6, TI\u00caU \u0110EN V\u00c0 L\u00c1 C\u00c0 RI"},{"@type":"BreadcrumbList","@id":"https:\/\/tandoorvietnam.com\/vi\/sanpham\/cac-mon-cuu\/cuu-nau-ca-chua-gia-vi-nghe-tieu-den-va-la-ca-ri\/#breadcrumb","itemListElement":[{"@type":"ListItem","position":1,"name":"Trang Ch\u1ee7","item":"https:\/\/tandoorvietnam.com\/vi\/"},{"@type":"ListItem","position":2,"name":"Shop","item":"https:\/\/tandoorvietnam.com\/shop\/"},{"@type":"ListItem","position":3,"name":"Pepper Lamb (C\u1eeaU N\u1ea4U C\u00c0 CHUA, GIA V\u1eca, NGH\u1ec6, TI\u00caU \u0110EN V\u00c0 L\u00c1 C\u00c0 RI)"}]},{"@type":"WebSite","@id":"https:\/\/tandoorvietnam.com\/vi\/#website","url":"https:\/\/tandoorvietnam.com\/vi\/","name":"Tandoor Vietnam","description":"Nh\u00e0 h\u00e0ng ngon h\u1ed3 ch\u00ed minh","publisher":{"@id":"https:\/\/tandoorvietnam.com\/vi\/#organization"},"potentialAction":[{"@type":"SearchAction","target":{"@type":"EntryPoint","urlTemplate":"https:\/\/tandoorvietnam.com\/vi\/?s={search_term_string}"},"query-input":{"@type":"PropertyValueSpecification","valueRequired":true,"valueName":"search_term_string"}}],"inLanguage":"vi-VN"},{"@type":"Organization","@id":"https:\/\/tandoorvietnam.com\/vi\/#organization","name":"Tandoor Vietnam","url":"https:\/\/tandoorvietnam.com\/vi\/","logo":{"@type":"ImageObject","inLanguage":"vi-VN","@id":"https:\/\/tandoorvietnam.com\/vi\/#\/schema\/logo\/image\/","url":"https:\/\/tandoorvietnam.com\/wp-content\/uploads\/2020\/07\/logo.png","contentUrl":"https:\/\/tandoorvietnam.com\/wp-content\/uploads\/2020\/07\/logo.png","width":133,"height":75,"caption":"Tandoor Vietnam"},"image":{"@id":"https:\/\/tandoorvietnam.com\/vi\/#\/schema\/logo\/image\/"},"sameAs":["https:\/\/www.facebook.com\/tandoor.hcmc\/"]}]}},"_links":{"self":[{"href":"https:\/\/tandoorvietnam.com\/vi\/wp-json\/wp\/v2\/product\/3350","targetHints":{"allow":["GET"]}}],"collection":[{"href":"https:\/\/tandoorvietnam.com\/vi\/wp-json\/wp\/v2\/product"}],"about":[{"href":"https:\/\/tandoorvietnam.com\/vi\/wp-json\/wp\/v2\/types\/product"}],"wp:featuredmedia":[{"embeddable":true,"href":"https:\/\/tandoorvietnam.com\/vi\/wp-json\/wp\/v2\/media\/3351"}],"wp:attachment":[{"href":"https:\/\/tandoorvietnam.com\/vi\/wp-json\/wp\/v2\/media?parent=3350"}],"wp:term":[{"taxonomy":"product_brand","embeddable":true,"href":"https:\/\/tandoorvietnam.com\/vi\/wp-json\/wp\/v2\/product_brand?post=3350"},{"taxonomy":"product_cat","embeddable":true,"href":"https:\/\/tandoorvietnam.com\/vi\/wp-json\/wp\/v2\/product_cat?post=3350"},{"taxonomy":"product_tag","embeddable":true,"href":"https:\/\/tandoorvietnam.com\/vi\/wp-json\/wp\/v2\/product_tag?post=3350"}],"curies":[{"name":"wp","href":"https:\/\/api.w.org\/{rel}","templated":true}]}}