{"id":3352,"date":"2020-06-20T13:41:10","date_gmt":"2021-04-19T07:30:55","guid":{"rendered":"http:\/\/tandoorvietnam.com\/product\/uncategorized\/thit-nac-cuu-nau-rau-bo-xoi-va-gia-vi\/"},"modified":"2023-05-20T08:36:47","modified_gmt":"2023-05-20T08:36:47","slug":"thit-nac-cuu-nau-rau-bo-xoi-va-gia-vi","status":"publish","type":"product","link":"https:\/\/tandoorvietnam.com\/vi\/sanpham\/cac-mon-cuu\/thit-nac-cuu-nau-rau-bo-xoi-va-gia-vi\/","title":{"rendered":"Saag Gosht (TH\u1ecaT N\u1ea0C C\u1eeaU N\u1ea4U RAU B\u00d3 X\u00d4I V\u00c0 GIA V\u1eca)"},"content":{"rendered":"<p>Th\u1ecbt n\u1ea1c c\u1eebu n\u1ea5u rau b\u00f3 x\u00f4i v\u00e0 gia v\u1ecb l\u00e0 m\u1ed9t m\u00f3n \u0103n \u0111\u1ed9c \u0111\u00e1o c\u00f3 ngu\u1ed3n g\u1ed1c t\u1eeb \u1ea4n \u0110\u1ed9. T\u1ea1i Tandoor Vietnam, ch\u00fang t\u00f4i ch\u1ecdn nh\u1eefng mi\u1ebfng th\u1ecbt n\u1ea1c c\u1eebu t\u01b0\u01a1i ngon v\u00e0 n\u1ea5u ch\u00edn m\u1ec1m m\u1ecbn. Th\u1ecbt n\u1ea1c c\u1eebu \u0111\u01b0\u1ee3c k\u1ebft h\u1ee3p v\u1edbi rau b\u00f3 x\u00f4i, t\u1ea1o n\u00ean m\u1ed9t s\u1ef1 pha tr\u1ed9n h\u00e0i h\u00f2a gi\u1eefa c\u00e1c th\u00e0nh ph\u1ea7n.<\/p>\n<p>Gia v\u1ecb ch\u00ednh c\u1ee7a m\u00f3n \u0103n n\u00e0y l\u00e0 s\u1ef1 k\u1ebft h\u1ee3p \u0111\u1ed9c \u0111\u00e1o c\u1ee7a c\u00e1c lo\u1ea1i gia v\u1ecb \u1ea4n \u0110\u1ed9. Ch\u00fang t\u00f4i s\u1eed d\u1ee5ng c\u00e1c gia v\u1ecb t\u1ef1 nhi\u00ean nh\u01b0 h\u00e0nh t\u00e2y, t\u1ecfi, g\u1eebng v\u00e0 c\u00e1c lo\u1ea1i gia v\u1ecb n\u1ea5u \u1ea4n \u0110\u1ed9 kh\u00e1c \u0111\u1ec3 t\u1ea1o ra h\u01b0\u01a1ng v\u1ecb \u0111\u1eb7c tr\u01b0ng v\u00e0 th\u01a1m ngon.<\/p>\n<p>Rau b\u00f3 x\u00f4i l\u00e0 m\u1ed9t ph\u1ea7n quan tr\u1ecdng trong m\u00f3n \u0103n n\u00e0y, mang \u0111\u1ebfn s\u1ef1 t\u01b0\u01a1i ngon v\u00e0 m\u00e0u s\u1eafc t\u01b0\u01a1i s\u00e1ng. C\u00f9ng v\u1edbi th\u1ecbt n\u1ea1c c\u1eebu, rau b\u00f3 x\u00f4i t\u1ea1o n\u00ean s\u1ef1 c\u00e2n b\u1eb1ng gi\u1eefa th\u1ecbt v\u00e0 rau, mang l\u1ea1i tr\u1ea3i nghi\u1ec7m \u1ea9m th\u1ef1c \u0111a d\u1ea1ng v\u00e0 phong ph\u00fa.<\/p>\n<p>Th\u1ecbt n\u1ea1c c\u1eebu n\u1ea5u rau b\u00f3 x\u00f4i v\u00e0 gia v\u1ecb l\u00e0 m\u1ed9t m\u00f3n \u0103n th\u01b0\u1eddng \u0111\u01b0\u1ee3c \u0103n k\u00e8m v\u1edbi c\u01a1m ho\u1eb7c b\u00e1nh m\u00ec. \u0110\u00e2y l\u00e0 m\u1ed9t l\u1ef1a ch\u1ecdn tuy\u1ec7t v\u1eddi cho nh\u1eefng ai y\u00eau th\u00edch \u1ea9m th\u1ef1c \u1ea4n \u0110\u1ed9 v\u00e0 mu\u1ed1n kh\u00e1m ph\u00e1 nh\u1eefng h\u01b0\u01a1ng v\u1ecb \u0111\u1ed9c \u0111\u00e1o c\u1ee7a n\u1ec1n v\u0103n h\u00f3a n\u00e0y. T\u1ea1i <a href=\"https:\/\/tandoorvietnam.com\/\">Tandoor Vietnam<\/a>, ch\u00fang t\u00f4i cam k\u1ebft mang \u0111\u1ebfn cho b\u1ea1n nh\u1eefng m\u00f3n \u0103n t\u01b0\u01a1i ngon, ch\u1ea5t l\u01b0\u1ee3ng v\u00e0 \u0111\u1eadm \u0111\u00e0 h\u01b0\u01a1ng v\u1ecb \u1ea4n \u0110\u1ed9.<\/p>\n","protected":false},"excerpt":{"rendered":"<p>&nbsp;<\/p>\n<table width=\"723\">\n<tbody>\n<tr>\n<td width=\"412\">Lamb cooked with spinach gravy and spices<\/td>\n<\/tr>\n<tr>\n<td width=\"412\"><em>N\u1ea1c c\u1eebu x\u1eaft kh\u00fac n\u1ea5u v\u1edbi rau b\u00f3 x\u00f4i v\u00e0 gia v\u1ecb cay<\/em><\/td>\n<\/tr>\n<\/tbody>\n<\/table>\n","protected":false},"featured_media":3353,"template":"","meta":[],"product_brand":[],"product_cat":[229],"product_tag":[],"class_list":{"0":"post-3352","1":"product","2":"type-product","3":"status-publish","4":"has-post-thumbnail","6":"product_cat-cac-mon-cuu","8":"first","9":"instock","10":"taxable","11":"shipping-taxable","12":"purchasable","13":"product-type-simple"},"yoast_head":"<!-- This site is optimized with the Yoast SEO Premium plugin v22.3 (Yoast SEO v27.4) - https:\/\/yoast.com\/product\/yoast-seo-premium-wordpress\/ -->\n<title>Saag Gosht (TH\u1ecaT N\u1ea0C C\u1eeaU N\u1ea4U RAU B\u00d3 X\u00d4I V\u00c0 GIA V\u1eca)<\/title>\n<meta name=\"description\" content=\"Th\u1ecbt n\u1ea1c c\u1eebu \u0111\u01b0\u1ee3c n\u1ea5u k\u1ebft h\u1ee3p v\u1edbi rau b\u00f3 x\u00f4i v\u00e0 gia v\u1ecb t\u1ea1i Tandoor Vietnam. M\u1ed9t m\u00f3n \u0103n \u0111\u1ed9c \u0111\u00e1o t\u1eeb \u1ea4n \u0110\u1ed9, th\u01b0\u1edfng th\u1ee9c ngay h\u00f4m nay!\" \/>\n<meta name=\"robots\" content=\"index, follow, max-snippet:-1, max-image-preview:large, max-video-preview:-1\" \/>\n<link rel=\"canonical\" href=\"https:\/\/tandoorvietnam.com\/vi\/sanpham\/cac-mon-cuu\/thit-nac-cuu-nau-rau-bo-xoi-va-gia-vi\/\" \/>\n<meta property=\"og:locale\" content=\"vi_VN\" \/>\n<meta property=\"og:type\" content=\"article\" \/>\n<meta property=\"og:title\" content=\"Saag Gosht (TH\u1ecaT N\u1ea0C C\u1eeaU N\u1ea4U RAU B\u00d3 X\u00d4I V\u00c0 GIA V\u1eca)\" \/>\n<meta property=\"og:description\" content=\"Th\u1ecbt n\u1ea1c c\u1eebu \u0111\u01b0\u1ee3c n\u1ea5u k\u1ebft h\u1ee3p v\u1edbi rau b\u00f3 x\u00f4i v\u00e0 gia v\u1ecb t\u1ea1i Tandoor Vietnam. M\u1ed9t m\u00f3n \u0103n \u0111\u1ed9c \u0111\u00e1o t\u1eeb \u1ea4n \u0110\u1ed9, th\u01b0\u1edfng th\u1ee9c ngay h\u00f4m nay!\" \/>\n<meta property=\"og:url\" content=\"https:\/\/tandoorvietnam.com\/vi\/sanpham\/cac-mon-cuu\/thit-nac-cuu-nau-rau-bo-xoi-va-gia-vi\/\" \/>\n<meta property=\"og:site_name\" content=\"Tandoor Vi\u1ec7t Nam\" \/>\n<meta property=\"article:publisher\" content=\"https:\/\/www.facebook.com\/tandoor.hcmc\/\" \/>\n<meta property=\"article:modified_time\" content=\"2023-05-20T08:36:47+00:00\" \/>\n<meta property=\"og:image\" content=\"https:\/\/tandoorvietnam.com\/wp-content\/uploads\/2020\/06\/Saag-ghost1.jpg\" \/>\n\t<meta property=\"og:image:width\" content=\"1400\" \/>\n\t<meta property=\"og:image:height\" content=\"933\" \/>\n\t<meta property=\"og:image:type\" content=\"image\/jpeg\" \/>\n<meta name=\"twitter:card\" content=\"summary_large_image\" \/>\n<meta name=\"twitter:label1\" content=\"Est. reading time\" \/>\n\t<meta name=\"twitter:data1\" content=\"2 minutes\" \/>\n<script type=\"application\/ld+json\" class=\"yoast-schema-graph\">{\"@context\":\"https:\\\/\\\/schema.org\",\"@graph\":[{\"@type\":\"WebPage\",\"@id\":\"https:\\\/\\\/tandoorvietnam.com\\\/vi\\\/sanpham\\\/cac-mon-cuu\\\/thit-nac-cuu-nau-rau-bo-xoi-va-gia-vi\\\/\",\"url\":\"https:\\\/\\\/tandoorvietnam.com\\\/vi\\\/sanpham\\\/cac-mon-cuu\\\/thit-nac-cuu-nau-rau-bo-xoi-va-gia-vi\\\/\",\"name\":\"Saag Gosht (TH\u1ecaT N\u1ea0C C\u1eeaU N\u1ea4U RAU B\u00d3 X\u00d4I V\u00c0 GIA V\u1eca)\",\"isPartOf\":{\"@id\":\"https:\\\/\\\/tandoorvietnam.com\\\/vi\\\/#website\"},\"primaryImageOfPage\":{\"@id\":\"https:\\\/\\\/tandoorvietnam.com\\\/vi\\\/sanpham\\\/cac-mon-cuu\\\/thit-nac-cuu-nau-rau-bo-xoi-va-gia-vi\\\/#primaryimage\"},\"image\":{\"@id\":\"https:\\\/\\\/tandoorvietnam.com\\\/vi\\\/sanpham\\\/cac-mon-cuu\\\/thit-nac-cuu-nau-rau-bo-xoi-va-gia-vi\\\/#primaryimage\"},\"thumbnailUrl\":\"https:\\\/\\\/tandoorvietnam.com\\\/wp-content\\\/uploads\\\/2020\\\/06\\\/Saag-ghost1.jpg\",\"datePublished\":\"2021-04-19T07:30:55+00:00\",\"dateModified\":\"2023-05-20T08:36:47+00:00\",\"description\":\"Th\u1ecbt n\u1ea1c c\u1eebu \u0111\u01b0\u1ee3c n\u1ea5u k\u1ebft h\u1ee3p v\u1edbi rau b\u00f3 x\u00f4i v\u00e0 gia v\u1ecb t\u1ea1i Tandoor Vietnam. M\u1ed9t m\u00f3n \u0103n \u0111\u1ed9c \u0111\u00e1o t\u1eeb \u1ea4n \u0110\u1ed9, th\u01b0\u1edfng th\u1ee9c ngay h\u00f4m nay!\",\"breadcrumb\":{\"@id\":\"https:\\\/\\\/tandoorvietnam.com\\\/vi\\\/sanpham\\\/cac-mon-cuu\\\/thit-nac-cuu-nau-rau-bo-xoi-va-gia-vi\\\/#breadcrumb\"},\"inLanguage\":\"vi-VN\",\"potentialAction\":[{\"@type\":\"ReadAction\",\"target\":[\"https:\\\/\\\/tandoorvietnam.com\\\/vi\\\/sanpham\\\/cac-mon-cuu\\\/thit-nac-cuu-nau-rau-bo-xoi-va-gia-vi\\\/\"]}]},{\"@type\":\"ImageObject\",\"inLanguage\":\"vi-VN\",\"@id\":\"https:\\\/\\\/tandoorvietnam.com\\\/vi\\\/sanpham\\\/cac-mon-cuu\\\/thit-nac-cuu-nau-rau-bo-xoi-va-gia-vi\\\/#primaryimage\",\"url\":\"https:\\\/\\\/tandoorvietnam.com\\\/wp-content\\\/uploads\\\/2020\\\/06\\\/Saag-ghost1.jpg\",\"contentUrl\":\"https:\\\/\\\/tandoorvietnam.com\\\/wp-content\\\/uploads\\\/2020\\\/06\\\/Saag-ghost1.jpg\",\"width\":1400,\"height\":933,\"caption\":\"TH\u1ecaT N\u1ea0C C\u1eeaU N\u1ea4U RAU B\u00d3 X\u00d4I V\u00c0 GIA V\u1eca\"},{\"@type\":\"BreadcrumbList\",\"@id\":\"https:\\\/\\\/tandoorvietnam.com\\\/vi\\\/sanpham\\\/cac-mon-cuu\\\/thit-nac-cuu-nau-rau-bo-xoi-va-gia-vi\\\/#breadcrumb\",\"itemListElement\":[{\"@type\":\"ListItem\",\"position\":1,\"name\":\"Trang Ch\u1ee7\",\"item\":\"https:\\\/\\\/tandoorvietnam.com\\\/vi\\\/\"},{\"@type\":\"ListItem\",\"position\":2,\"name\":\"Shop\",\"item\":\"https:\\\/\\\/tandoorvietnam.com\\\/shop\\\/\"},{\"@type\":\"ListItem\",\"position\":3,\"name\":\"Saag Gosht (TH\u1ecaT N\u1ea0C C\u1eeaU N\u1ea4U RAU B\u00d3 X\u00d4I V\u00c0 GIA V\u1eca)\"}]},{\"@type\":\"WebSite\",\"@id\":\"https:\\\/\\\/tandoorvietnam.com\\\/vi\\\/#website\",\"url\":\"https:\\\/\\\/tandoorvietnam.com\\\/vi\\\/\",\"name\":\"Tandoor Vietnam\",\"description\":\"Nh\u00e0 h\u00e0ng ngon h\u1ed3 ch\u00ed minh\",\"publisher\":{\"@id\":\"https:\\\/\\\/tandoorvietnam.com\\\/vi\\\/#organization\"},\"potentialAction\":[{\"@type\":\"SearchAction\",\"target\":{\"@type\":\"EntryPoint\",\"urlTemplate\":\"https:\\\/\\\/tandoorvietnam.com\\\/vi\\\/?s={search_term_string}\"},\"query-input\":{\"@type\":\"PropertyValueSpecification\",\"valueRequired\":true,\"valueName\":\"search_term_string\"}}],\"inLanguage\":\"vi-VN\"},{\"@type\":\"Organization\",\"@id\":\"https:\\\/\\\/tandoorvietnam.com\\\/vi\\\/#organization\",\"name\":\"Tandoor Vietnam\",\"url\":\"https:\\\/\\\/tandoorvietnam.com\\\/vi\\\/\",\"logo\":{\"@type\":\"ImageObject\",\"inLanguage\":\"vi-VN\",\"@id\":\"https:\\\/\\\/tandoorvietnam.com\\\/vi\\\/#\\\/schema\\\/logo\\\/image\\\/\",\"url\":\"https:\\\/\\\/tandoorvietnam.com\\\/wp-content\\\/uploads\\\/2020\\\/07\\\/logo.png\",\"contentUrl\":\"https:\\\/\\\/tandoorvietnam.com\\\/wp-content\\\/uploads\\\/2020\\\/07\\\/logo.png\",\"width\":133,\"height\":75,\"caption\":\"Tandoor Vietnam\"},\"image\":{\"@id\":\"https:\\\/\\\/tandoorvietnam.com\\\/vi\\\/#\\\/schema\\\/logo\\\/image\\\/\"},\"sameAs\":[\"https:\\\/\\\/www.facebook.com\\\/tandoor.hcmc\\\/\"]}]}<\/script>\n<!-- \/ Yoast SEO Premium plugin. -->","yoast_head_json":{"title":"Saag Gosht (TH\u1ecaT N\u1ea0C C\u1eeaU N\u1ea4U RAU B\u00d3 X\u00d4I V\u00c0 GIA V\u1eca)","description":"Th\u1ecbt n\u1ea1c c\u1eebu \u0111\u01b0\u1ee3c n\u1ea5u k\u1ebft h\u1ee3p v\u1edbi rau b\u00f3 x\u00f4i v\u00e0 gia v\u1ecb t\u1ea1i Tandoor Vietnam. M\u1ed9t m\u00f3n \u0103n \u0111\u1ed9c \u0111\u00e1o t\u1eeb \u1ea4n \u0110\u1ed9, th\u01b0\u1edfng th\u1ee9c ngay h\u00f4m nay!","robots":{"index":"index","follow":"follow","max-snippet":"max-snippet:-1","max-image-preview":"max-image-preview:large","max-video-preview":"max-video-preview:-1"},"canonical":"https:\/\/tandoorvietnam.com\/vi\/sanpham\/cac-mon-cuu\/thit-nac-cuu-nau-rau-bo-xoi-va-gia-vi\/","og_locale":"vi_VN","og_type":"article","og_title":"Saag Gosht (TH\u1ecaT N\u1ea0C C\u1eeaU N\u1ea4U RAU B\u00d3 X\u00d4I V\u00c0 GIA V\u1eca)","og_description":"Th\u1ecbt n\u1ea1c c\u1eebu \u0111\u01b0\u1ee3c n\u1ea5u k\u1ebft h\u1ee3p v\u1edbi rau b\u00f3 x\u00f4i v\u00e0 gia v\u1ecb t\u1ea1i Tandoor Vietnam. M\u1ed9t m\u00f3n \u0103n \u0111\u1ed9c \u0111\u00e1o t\u1eeb \u1ea4n \u0110\u1ed9, th\u01b0\u1edfng th\u1ee9c ngay h\u00f4m nay!","og_url":"https:\/\/tandoorvietnam.com\/vi\/sanpham\/cac-mon-cuu\/thit-nac-cuu-nau-rau-bo-xoi-va-gia-vi\/","og_site_name":"Tandoor Vi\u1ec7t Nam","article_publisher":"https:\/\/www.facebook.com\/tandoor.hcmc\/","article_modified_time":"2023-05-20T08:36:47+00:00","og_image":[{"width":1400,"height":933,"url":"https:\/\/tandoorvietnam.com\/wp-content\/uploads\/2020\/06\/Saag-ghost1.jpg","type":"image\/jpeg"}],"twitter_card":"summary_large_image","twitter_misc":{"Est. reading time":"2 minutes"},"schema":{"@context":"https:\/\/schema.org","@graph":[{"@type":"WebPage","@id":"https:\/\/tandoorvietnam.com\/vi\/sanpham\/cac-mon-cuu\/thit-nac-cuu-nau-rau-bo-xoi-va-gia-vi\/","url":"https:\/\/tandoorvietnam.com\/vi\/sanpham\/cac-mon-cuu\/thit-nac-cuu-nau-rau-bo-xoi-va-gia-vi\/","name":"Saag Gosht (TH\u1ecaT N\u1ea0C C\u1eeaU N\u1ea4U RAU B\u00d3 X\u00d4I V\u00c0 GIA V\u1eca)","isPartOf":{"@id":"https:\/\/tandoorvietnam.com\/vi\/#website"},"primaryImageOfPage":{"@id":"https:\/\/tandoorvietnam.com\/vi\/sanpham\/cac-mon-cuu\/thit-nac-cuu-nau-rau-bo-xoi-va-gia-vi\/#primaryimage"},"image":{"@id":"https:\/\/tandoorvietnam.com\/vi\/sanpham\/cac-mon-cuu\/thit-nac-cuu-nau-rau-bo-xoi-va-gia-vi\/#primaryimage"},"thumbnailUrl":"https:\/\/tandoorvietnam.com\/wp-content\/uploads\/2020\/06\/Saag-ghost1.jpg","datePublished":"2021-04-19T07:30:55+00:00","dateModified":"2023-05-20T08:36:47+00:00","description":"Th\u1ecbt n\u1ea1c c\u1eebu \u0111\u01b0\u1ee3c n\u1ea5u k\u1ebft h\u1ee3p v\u1edbi rau b\u00f3 x\u00f4i v\u00e0 gia v\u1ecb t\u1ea1i Tandoor Vietnam. M\u1ed9t m\u00f3n \u0103n \u0111\u1ed9c \u0111\u00e1o t\u1eeb \u1ea4n \u0110\u1ed9, th\u01b0\u1edfng th\u1ee9c ngay h\u00f4m nay!","breadcrumb":{"@id":"https:\/\/tandoorvietnam.com\/vi\/sanpham\/cac-mon-cuu\/thit-nac-cuu-nau-rau-bo-xoi-va-gia-vi\/#breadcrumb"},"inLanguage":"vi-VN","potentialAction":[{"@type":"ReadAction","target":["https:\/\/tandoorvietnam.com\/vi\/sanpham\/cac-mon-cuu\/thit-nac-cuu-nau-rau-bo-xoi-va-gia-vi\/"]}]},{"@type":"ImageObject","inLanguage":"vi-VN","@id":"https:\/\/tandoorvietnam.com\/vi\/sanpham\/cac-mon-cuu\/thit-nac-cuu-nau-rau-bo-xoi-va-gia-vi\/#primaryimage","url":"https:\/\/tandoorvietnam.com\/wp-content\/uploads\/2020\/06\/Saag-ghost1.jpg","contentUrl":"https:\/\/tandoorvietnam.com\/wp-content\/uploads\/2020\/06\/Saag-ghost1.jpg","width":1400,"height":933,"caption":"TH\u1ecaT N\u1ea0C C\u1eeaU N\u1ea4U RAU B\u00d3 X\u00d4I V\u00c0 GIA V\u1eca"},{"@type":"BreadcrumbList","@id":"https:\/\/tandoorvietnam.com\/vi\/sanpham\/cac-mon-cuu\/thit-nac-cuu-nau-rau-bo-xoi-va-gia-vi\/#breadcrumb","itemListElement":[{"@type":"ListItem","position":1,"name":"Trang Ch\u1ee7","item":"https:\/\/tandoorvietnam.com\/vi\/"},{"@type":"ListItem","position":2,"name":"Shop","item":"https:\/\/tandoorvietnam.com\/shop\/"},{"@type":"ListItem","position":3,"name":"Saag Gosht (TH\u1ecaT N\u1ea0C C\u1eeaU N\u1ea4U RAU B\u00d3 X\u00d4I V\u00c0 GIA V\u1eca)"}]},{"@type":"WebSite","@id":"https:\/\/tandoorvietnam.com\/vi\/#website","url":"https:\/\/tandoorvietnam.com\/vi\/","name":"Tandoor Vietnam","description":"Nh\u00e0 h\u00e0ng ngon h\u1ed3 ch\u00ed minh","publisher":{"@id":"https:\/\/tandoorvietnam.com\/vi\/#organization"},"potentialAction":[{"@type":"SearchAction","target":{"@type":"EntryPoint","urlTemplate":"https:\/\/tandoorvietnam.com\/vi\/?s={search_term_string}"},"query-input":{"@type":"PropertyValueSpecification","valueRequired":true,"valueName":"search_term_string"}}],"inLanguage":"vi-VN"},{"@type":"Organization","@id":"https:\/\/tandoorvietnam.com\/vi\/#organization","name":"Tandoor Vietnam","url":"https:\/\/tandoorvietnam.com\/vi\/","logo":{"@type":"ImageObject","inLanguage":"vi-VN","@id":"https:\/\/tandoorvietnam.com\/vi\/#\/schema\/logo\/image\/","url":"https:\/\/tandoorvietnam.com\/wp-content\/uploads\/2020\/07\/logo.png","contentUrl":"https:\/\/tandoorvietnam.com\/wp-content\/uploads\/2020\/07\/logo.png","width":133,"height":75,"caption":"Tandoor Vietnam"},"image":{"@id":"https:\/\/tandoorvietnam.com\/vi\/#\/schema\/logo\/image\/"},"sameAs":["https:\/\/www.facebook.com\/tandoor.hcmc\/"]}]}},"_links":{"self":[{"href":"https:\/\/tandoorvietnam.com\/vi\/wp-json\/wp\/v2\/product\/3352","targetHints":{"allow":["GET"]}}],"collection":[{"href":"https:\/\/tandoorvietnam.com\/vi\/wp-json\/wp\/v2\/product"}],"about":[{"href":"https:\/\/tandoorvietnam.com\/vi\/wp-json\/wp\/v2\/types\/product"}],"wp:featuredmedia":[{"embeddable":true,"href":"https:\/\/tandoorvietnam.com\/vi\/wp-json\/wp\/v2\/media\/3353"}],"wp:attachment":[{"href":"https:\/\/tandoorvietnam.com\/vi\/wp-json\/wp\/v2\/media?parent=3352"}],"wp:term":[{"taxonomy":"product_brand","embeddable":true,"href":"https:\/\/tandoorvietnam.com\/vi\/wp-json\/wp\/v2\/product_brand?post=3352"},{"taxonomy":"product_cat","embeddable":true,"href":"https:\/\/tandoorvietnam.com\/vi\/wp-json\/wp\/v2\/product_cat?post=3352"},{"taxonomy":"product_tag","embeddable":true,"href":"https:\/\/tandoorvietnam.com\/vi\/wp-json\/wp\/v2\/product_tag?post=3352"}],"curies":[{"name":"wp","href":"https:\/\/api.w.org\/{rel}","templated":true}]}}