{"id":3354,"date":"2020-06-20T13:45:36","date_gmt":"2021-04-19T07:31:55","guid":{"rendered":"http:\/\/tandoorvietnam.com\/product\/uncategorized\/thit-nac-cuu-nau-sot-hat-dieu-vang-sua\/"},"modified":"2023-05-15T10:23:44","modified_gmt":"2023-05-15T10:23:44","slug":"thit-nac-cuu-nau-sot-hat-dieu-vang-sua","status":"publish","type":"product","link":"https:\/\/tandoorvietnam.com\/vi\/sanpham\/cac-mon-cuu\/thit-nac-cuu-nau-sot-hat-dieu-vang-sua\/","title":{"rendered":"Shahi Korma (TH\u1ecaT N\u1ea0C C\u1eeaU N\u1ea4U S\u1ed0T H\u1ea0T \u0110I\u1ec0U V\u00c1NG S\u1eeeA)"},"content":{"rendered":"<p>Th\u1ecbt n\u1ea1c c\u1eebu n\u1ea5u s\u1ed1t h\u1ea1t \u0111i\u1ec1u v\u00e1ng s\u1eefa l\u00e0 m\u1ed9t m\u00f3n \u0103n ngon h\u1ea3o h\u1ea1ng c\u00f3 h\u01b0\u01a1ng v\u1ecb \u0111\u1ed9c \u0111\u00e1o v\u00e0 quy\u1ebfn r\u0169. T\u1ea1i Tandoor Vietnam, ch\u00fang t\u00f4i s\u1eed d\u1ee5ng th\u1ecbt n\u1ea1c c\u1eebu t\u01b0\u01a1i ngon v\u00e0 ch\u1ebf bi\u1ebfn n\u00f3 th\u00e0nh m\u00f3n \u0103n \u0111\u1eb7c bi\u1ec7t n\u00e0y.<\/p>\n<p>Th\u1ecbt c\u1eebu \u0111\u01b0\u1ee3c n\u1ea5u ch\u00edn m\u1ec1m m\u1ea1i trong s\u1ed1t h\u1ea1t \u0111i\u1ec1u v\u00e1ng s\u1eefa. H\u1ea1t \u0111i\u1ec1u mang l\u1ea1i m\u1ed9t h\u01b0\u01a1ng v\u1ecb \u0111\u1eadm \u0111\u00e0 v\u00e0 h\u1ea5p d\u1eabn cho m\u00f3n \u0103n, t\u1ea1o n\u00ean s\u1ef1 k\u1ebft h\u1ee3p ho\u00e0n h\u1ea3o gi\u1eefa h\u01b0\u01a1ng v\u1ecb th\u1ecbt c\u1eebu v\u00e0 h\u1ea1t \u0111i\u1ec1u th\u01a1m ngon.<\/p>\n<p>M\u00f3n \u0103n n\u00e0y c\u00f3 \u0111\u1ed9 m\u1ec1m m\u1ea1i v\u00e0 th\u1ecbt c\u1eebu \u0111\u01b0\u1ee3c n\u1ea5u ch\u00edn \u0111\u00fang m\u1ee9c, gi\u1eef \u0111\u01b0\u1ee3c \u0111\u1ed9 t\u01b0\u01a1i ngon v\u00e0 \u0111\u1ea3m b\u1ea3o \u0111\u1ed9 ngon c\u1ee7a th\u1ecbt. S\u1ef1 k\u1ebft h\u1ee3p gi\u1eefa h\u1ea1t \u0111i\u1ec1u v\u00e0 s\u1eefa t\u1ea1o n\u00ean m\u1ed9t l\u1edbp s\u1ed1t b\u00e9o ng\u1eady, mang l\u1ea1i h\u01b0\u01a1ng v\u1ecb \u0111\u1eb7c tr\u01b0ng v\u00e0 t\u0103ng th\u00eam s\u1ef1 h\u1ea5p d\u1eabn cho m\u00f3n \u0103n.<\/p>\n<p>Th\u1ecbt n\u1ea1c c\u1eebu n\u1ea5u s\u1ed1t h\u1ea1t \u0111i\u1ec1u v\u00e1ng s\u1eefa l\u00e0 m\u1ed9t l\u1ef1a ch\u1ecdn tuy\u1ec7t v\u1eddi cho nh\u1eefng ng\u01b0\u1eddi y\u00eau th\u00edch \u1ea9m th\u1ef1c c\u1eebu v\u00e0 mu\u1ed1n kh\u00e1m ph\u00e1 h\u01b0\u01a1ng v\u1ecb \u0111\u1ed9c \u0111\u00e1o c\u1ee7a m\u00f3n \u0103n n\u00e0y. M\u00f3n \u0103n c\u00f3 th\u1ec3 \u0111\u01b0\u1ee3c th\u01b0\u1edfng th\u1ee9c trong c\u00e1c d\u1ecbp \u0111\u1eb7c bi\u1ec7t ho\u1eb7c khi b\u1ea1n mu\u1ed1n th\u01b0\u1edfng th\u1ee9c m\u1ed9t m\u00f3n ngon \u0111\u1eadm \u0111\u00e0 v\u00e0 \u0111\u1ed9c \u0111\u00e1o.<\/p>\n<p>V\u1edbi ch\u1ea5t l\u01b0\u1ee3ng v\u00e0 \u0111\u1ed9 t\u01b0\u01a1i ngon \u0111\u01b0\u1ee3c \u0111\u1ea3m b\u1ea3o, Shahi Korma t\u1ea1i <a href=\"https:\/\/tandoorvietnam.com\/\">nh\u00e0 h\u00e0ng \u1ea4n \u0110\u1ed9 Tandoor Vietnam<\/a> s\u1ebd mang \u0111\u1ebfn cho b\u1ea1n tr\u1ea3i nghi\u1ec7m \u1ea9m th\u1ef1c tuy\u1ec7t v\u1eddi v\u00e0 \u0111\u00e1p \u1ee9ng nh\u1eefng mong \u0111\u1ee3i cao nh\u1ea5t c\u1ee7a b\u1ea1n v\u1ec1 m\u1ed9t m\u00f3n \u0103n ch\u1ea5t l\u01b0\u1ee3ng v\u00e0 \u0111\u1ed9c \u0111\u00e1o.<\/p>\n","protected":false},"excerpt":{"rendered":"<p>&nbsp;<\/p>\n<table width=\"723\">\n<tbody>\n<tr>\n<td width=\"412\">\u201cRoyal\u201d lamb delicacy cooked in a creamy cashew-based gravy<\/td>\n<\/tr>\n<tr>\n<td width=\"412\"><em>N\u1ea1c c\u1eebu x\u1eaft kh\u00fac n\u1ea5u v\u1edbi s\u1ed1t h\u1ea1t \u0111i\u1ec1u v\u00e0 v\u00e1ng s\u1eefa<\/em><\/td>\n<\/tr>\n<\/tbody>\n<\/table>\n","protected":false},"featured_media":3355,"template":"","meta":[],"product_brand":[],"product_cat":[229],"product_tag":[],"class_list":{"0":"post-3354","1":"product","2":"type-product","3":"status-publish","4":"has-post-thumbnail","6":"product_cat-cac-mon-cuu","8":"first","9":"instock","10":"taxable","11":"shipping-taxable","12":"purchasable","13":"product-type-simple"},"yoast_head":"<!-- This site is optimized with the Yoast SEO Premium plugin v22.3 (Yoast SEO v27.4) - https:\/\/yoast.com\/product\/yoast-seo-premium-wordpress\/ -->\n<title>Shahi Korma (TH\u1ecaT N\u1ea0C C\u1eeaU N\u1ea4U S\u1ed0T H\u1ea0T \u0110I\u1ec0U V\u00c1NG S\u1eeeA)<\/title>\n<meta name=\"description\" content=\"Th\u1ecbt n\u1ea1c c\u1eebu n\u1ea5u s\u1ed1t h\u1ea1t \u0111i\u1ec1u v\u00e1ng s\u1eefa t\u1ea1i Tandoor Vietnam, m\u00f3n \u0103n ngon h\u1ea3o h\u1ea1ng v\u1edbi h\u01b0\u01a1ng v\u1ecb \u0111\u1ed9c \u0111\u00e1o c\u1ee7a h\u1ea1t \u0111i\u1ec1u v\u00e0 s\u1ef1 m\u1ec1m m\u1ea1i c\u1ee7a th\u1ecbt c\u1eebu.\" \/>\n<meta name=\"robots\" content=\"index, follow, max-snippet:-1, max-image-preview:large, max-video-preview:-1\" \/>\n<link rel=\"canonical\" href=\"https:\/\/tandoorvietnam.com\/vi\/sanpham\/cac-mon-cuu\/thit-nac-cuu-nau-sot-hat-dieu-vang-sua\/\" \/>\n<meta property=\"og:locale\" content=\"vi_VN\" \/>\n<meta property=\"og:type\" content=\"article\" \/>\n<meta property=\"og:title\" content=\"Shahi Korma (TH\u1ecaT N\u1ea0C C\u1eeaU N\u1ea4U S\u1ed0T H\u1ea0T \u0110I\u1ec0U V\u00c1NG S\u1eeeA)\" \/>\n<meta property=\"og:description\" content=\"Th\u1ecbt n\u1ea1c c\u1eebu n\u1ea5u s\u1ed1t h\u1ea1t \u0111i\u1ec1u v\u00e1ng s\u1eefa t\u1ea1i Tandoor Vietnam, m\u00f3n \u0103n ngon h\u1ea3o h\u1ea1ng v\u1edbi h\u01b0\u01a1ng v\u1ecb \u0111\u1ed9c \u0111\u00e1o c\u1ee7a h\u1ea1t \u0111i\u1ec1u v\u00e0 s\u1ef1 m\u1ec1m m\u1ea1i c\u1ee7a th\u1ecbt c\u1eebu.\" \/>\n<meta property=\"og:url\" content=\"https:\/\/tandoorvietnam.com\/vi\/sanpham\/cac-mon-cuu\/thit-nac-cuu-nau-sot-hat-dieu-vang-sua\/\" \/>\n<meta property=\"og:site_name\" content=\"Tandoor Vi\u1ec7t Nam\" \/>\n<meta property=\"article:publisher\" content=\"https:\/\/www.facebook.com\/tandoor.hcmc\/\" \/>\n<meta property=\"article:modified_time\" content=\"2023-05-15T10:23:44+00:00\" \/>\n<meta property=\"og:image\" content=\"https:\/\/tandoorvietnam.com\/wp-content\/uploads\/2020\/06\/Shahi-korma1.jpg\" \/>\n\t<meta property=\"og:image:width\" content=\"1400\" \/>\n\t<meta property=\"og:image:height\" content=\"1400\" \/>\n\t<meta property=\"og:image:type\" content=\"image\/jpeg\" \/>\n<meta name=\"twitter:card\" content=\"summary_large_image\" \/>\n<meta name=\"twitter:label1\" content=\"Est. reading time\" \/>\n\t<meta name=\"twitter:data1\" content=\"2 minutes\" \/>\n<script type=\"application\/ld+json\" class=\"yoast-schema-graph\">{\"@context\":\"https:\\\/\\\/schema.org\",\"@graph\":[{\"@type\":\"WebPage\",\"@id\":\"https:\\\/\\\/tandoorvietnam.com\\\/vi\\\/sanpham\\\/cac-mon-cuu\\\/thit-nac-cuu-nau-sot-hat-dieu-vang-sua\\\/\",\"url\":\"https:\\\/\\\/tandoorvietnam.com\\\/vi\\\/sanpham\\\/cac-mon-cuu\\\/thit-nac-cuu-nau-sot-hat-dieu-vang-sua\\\/\",\"name\":\"Shahi Korma (TH\u1ecaT N\u1ea0C C\u1eeaU N\u1ea4U S\u1ed0T H\u1ea0T \u0110I\u1ec0U V\u00c1NG S\u1eeeA)\",\"isPartOf\":{\"@id\":\"https:\\\/\\\/tandoorvietnam.com\\\/vi\\\/#website\"},\"primaryImageOfPage\":{\"@id\":\"https:\\\/\\\/tandoorvietnam.com\\\/vi\\\/sanpham\\\/cac-mon-cuu\\\/thit-nac-cuu-nau-sot-hat-dieu-vang-sua\\\/#primaryimage\"},\"image\":{\"@id\":\"https:\\\/\\\/tandoorvietnam.com\\\/vi\\\/sanpham\\\/cac-mon-cuu\\\/thit-nac-cuu-nau-sot-hat-dieu-vang-sua\\\/#primaryimage\"},\"thumbnailUrl\":\"https:\\\/\\\/tandoorvietnam.com\\\/wp-content\\\/uploads\\\/2020\\\/06\\\/Shahi-korma1.jpg\",\"datePublished\":\"2021-04-19T07:31:55+00:00\",\"dateModified\":\"2023-05-15T10:23:44+00:00\",\"description\":\"Th\u1ecbt n\u1ea1c c\u1eebu n\u1ea5u s\u1ed1t h\u1ea1t \u0111i\u1ec1u v\u00e1ng s\u1eefa t\u1ea1i Tandoor Vietnam, m\u00f3n \u0103n ngon h\u1ea3o h\u1ea1ng v\u1edbi h\u01b0\u01a1ng v\u1ecb \u0111\u1ed9c \u0111\u00e1o c\u1ee7a h\u1ea1t \u0111i\u1ec1u v\u00e0 s\u1ef1 m\u1ec1m m\u1ea1i c\u1ee7a th\u1ecbt c\u1eebu.\",\"breadcrumb\":{\"@id\":\"https:\\\/\\\/tandoorvietnam.com\\\/vi\\\/sanpham\\\/cac-mon-cuu\\\/thit-nac-cuu-nau-sot-hat-dieu-vang-sua\\\/#breadcrumb\"},\"inLanguage\":\"vi-VN\",\"potentialAction\":[{\"@type\":\"ReadAction\",\"target\":[\"https:\\\/\\\/tandoorvietnam.com\\\/vi\\\/sanpham\\\/cac-mon-cuu\\\/thit-nac-cuu-nau-sot-hat-dieu-vang-sua\\\/\"]}]},{\"@type\":\"ImageObject\",\"inLanguage\":\"vi-VN\",\"@id\":\"https:\\\/\\\/tandoorvietnam.com\\\/vi\\\/sanpham\\\/cac-mon-cuu\\\/thit-nac-cuu-nau-sot-hat-dieu-vang-sua\\\/#primaryimage\",\"url\":\"https:\\\/\\\/tandoorvietnam.com\\\/wp-content\\\/uploads\\\/2020\\\/06\\\/Shahi-korma1.jpg\",\"contentUrl\":\"https:\\\/\\\/tandoorvietnam.com\\\/wp-content\\\/uploads\\\/2020\\\/06\\\/Shahi-korma1.jpg\",\"width\":1400,\"height\":1400,\"caption\":\"TH\u1ecaT N\u1ea0C C\u1eeaU N\u1ea4U S\u1ed0T H\u1ea0T \u0110I\u1ec0U V\u00c1NG S\u1eeeA\"},{\"@type\":\"BreadcrumbList\",\"@id\":\"https:\\\/\\\/tandoorvietnam.com\\\/vi\\\/sanpham\\\/cac-mon-cuu\\\/thit-nac-cuu-nau-sot-hat-dieu-vang-sua\\\/#breadcrumb\",\"itemListElement\":[{\"@type\":\"ListItem\",\"position\":1,\"name\":\"Trang Ch\u1ee7\",\"item\":\"https:\\\/\\\/tandoorvietnam.com\\\/vi\\\/\"},{\"@type\":\"ListItem\",\"position\":2,\"name\":\"Shop\",\"item\":\"https:\\\/\\\/tandoorvietnam.com\\\/shop\\\/\"},{\"@type\":\"ListItem\",\"position\":3,\"name\":\"Shahi Korma (TH\u1ecaT N\u1ea0C C\u1eeaU N\u1ea4U S\u1ed0T H\u1ea0T \u0110I\u1ec0U V\u00c1NG S\u1eeeA)\"}]},{\"@type\":\"WebSite\",\"@id\":\"https:\\\/\\\/tandoorvietnam.com\\\/vi\\\/#website\",\"url\":\"https:\\\/\\\/tandoorvietnam.com\\\/vi\\\/\",\"name\":\"Tandoor Vietnam\",\"description\":\"Nh\u00e0 h\u00e0ng ngon h\u1ed3 ch\u00ed minh\",\"publisher\":{\"@id\":\"https:\\\/\\\/tandoorvietnam.com\\\/vi\\\/#organization\"},\"potentialAction\":[{\"@type\":\"SearchAction\",\"target\":{\"@type\":\"EntryPoint\",\"urlTemplate\":\"https:\\\/\\\/tandoorvietnam.com\\\/vi\\\/?s={search_term_string}\"},\"query-input\":{\"@type\":\"PropertyValueSpecification\",\"valueRequired\":true,\"valueName\":\"search_term_string\"}}],\"inLanguage\":\"vi-VN\"},{\"@type\":\"Organization\",\"@id\":\"https:\\\/\\\/tandoorvietnam.com\\\/vi\\\/#organization\",\"name\":\"Tandoor Vietnam\",\"url\":\"https:\\\/\\\/tandoorvietnam.com\\\/vi\\\/\",\"logo\":{\"@type\":\"ImageObject\",\"inLanguage\":\"vi-VN\",\"@id\":\"https:\\\/\\\/tandoorvietnam.com\\\/vi\\\/#\\\/schema\\\/logo\\\/image\\\/\",\"url\":\"https:\\\/\\\/tandoorvietnam.com\\\/wp-content\\\/uploads\\\/2020\\\/07\\\/logo.png\",\"contentUrl\":\"https:\\\/\\\/tandoorvietnam.com\\\/wp-content\\\/uploads\\\/2020\\\/07\\\/logo.png\",\"width\":133,\"height\":75,\"caption\":\"Tandoor Vietnam\"},\"image\":{\"@id\":\"https:\\\/\\\/tandoorvietnam.com\\\/vi\\\/#\\\/schema\\\/logo\\\/image\\\/\"},\"sameAs\":[\"https:\\\/\\\/www.facebook.com\\\/tandoor.hcmc\\\/\"]}]}<\/script>\n<!-- \/ Yoast SEO Premium plugin. -->","yoast_head_json":{"title":"Shahi Korma (TH\u1ecaT N\u1ea0C C\u1eeaU N\u1ea4U S\u1ed0T H\u1ea0T \u0110I\u1ec0U V\u00c1NG S\u1eeeA)","description":"Th\u1ecbt n\u1ea1c c\u1eebu n\u1ea5u s\u1ed1t h\u1ea1t \u0111i\u1ec1u v\u00e1ng s\u1eefa t\u1ea1i Tandoor Vietnam, m\u00f3n \u0103n ngon h\u1ea3o h\u1ea1ng v\u1edbi h\u01b0\u01a1ng v\u1ecb \u0111\u1ed9c \u0111\u00e1o c\u1ee7a h\u1ea1t \u0111i\u1ec1u v\u00e0 s\u1ef1 m\u1ec1m m\u1ea1i c\u1ee7a th\u1ecbt c\u1eebu.","robots":{"index":"index","follow":"follow","max-snippet":"max-snippet:-1","max-image-preview":"max-image-preview:large","max-video-preview":"max-video-preview:-1"},"canonical":"https:\/\/tandoorvietnam.com\/vi\/sanpham\/cac-mon-cuu\/thit-nac-cuu-nau-sot-hat-dieu-vang-sua\/","og_locale":"vi_VN","og_type":"article","og_title":"Shahi Korma (TH\u1ecaT N\u1ea0C C\u1eeaU N\u1ea4U S\u1ed0T H\u1ea0T \u0110I\u1ec0U V\u00c1NG S\u1eeeA)","og_description":"Th\u1ecbt n\u1ea1c c\u1eebu n\u1ea5u s\u1ed1t h\u1ea1t \u0111i\u1ec1u v\u00e1ng s\u1eefa t\u1ea1i Tandoor Vietnam, m\u00f3n \u0103n ngon h\u1ea3o h\u1ea1ng v\u1edbi h\u01b0\u01a1ng v\u1ecb \u0111\u1ed9c \u0111\u00e1o c\u1ee7a h\u1ea1t \u0111i\u1ec1u v\u00e0 s\u1ef1 m\u1ec1m m\u1ea1i c\u1ee7a th\u1ecbt c\u1eebu.","og_url":"https:\/\/tandoorvietnam.com\/vi\/sanpham\/cac-mon-cuu\/thit-nac-cuu-nau-sot-hat-dieu-vang-sua\/","og_site_name":"Tandoor Vi\u1ec7t Nam","article_publisher":"https:\/\/www.facebook.com\/tandoor.hcmc\/","article_modified_time":"2023-05-15T10:23:44+00:00","og_image":[{"width":1400,"height":1400,"url":"https:\/\/tandoorvietnam.com\/wp-content\/uploads\/2020\/06\/Shahi-korma1.jpg","type":"image\/jpeg"}],"twitter_card":"summary_large_image","twitter_misc":{"Est. reading time":"2 minutes"},"schema":{"@context":"https:\/\/schema.org","@graph":[{"@type":"WebPage","@id":"https:\/\/tandoorvietnam.com\/vi\/sanpham\/cac-mon-cuu\/thit-nac-cuu-nau-sot-hat-dieu-vang-sua\/","url":"https:\/\/tandoorvietnam.com\/vi\/sanpham\/cac-mon-cuu\/thit-nac-cuu-nau-sot-hat-dieu-vang-sua\/","name":"Shahi Korma (TH\u1ecaT N\u1ea0C C\u1eeaU N\u1ea4U S\u1ed0T H\u1ea0T \u0110I\u1ec0U V\u00c1NG S\u1eeeA)","isPartOf":{"@id":"https:\/\/tandoorvietnam.com\/vi\/#website"},"primaryImageOfPage":{"@id":"https:\/\/tandoorvietnam.com\/vi\/sanpham\/cac-mon-cuu\/thit-nac-cuu-nau-sot-hat-dieu-vang-sua\/#primaryimage"},"image":{"@id":"https:\/\/tandoorvietnam.com\/vi\/sanpham\/cac-mon-cuu\/thit-nac-cuu-nau-sot-hat-dieu-vang-sua\/#primaryimage"},"thumbnailUrl":"https:\/\/tandoorvietnam.com\/wp-content\/uploads\/2020\/06\/Shahi-korma1.jpg","datePublished":"2021-04-19T07:31:55+00:00","dateModified":"2023-05-15T10:23:44+00:00","description":"Th\u1ecbt n\u1ea1c c\u1eebu n\u1ea5u s\u1ed1t h\u1ea1t \u0111i\u1ec1u v\u00e1ng s\u1eefa t\u1ea1i Tandoor Vietnam, m\u00f3n \u0103n ngon h\u1ea3o h\u1ea1ng v\u1edbi h\u01b0\u01a1ng v\u1ecb \u0111\u1ed9c \u0111\u00e1o c\u1ee7a h\u1ea1t \u0111i\u1ec1u v\u00e0 s\u1ef1 m\u1ec1m m\u1ea1i c\u1ee7a th\u1ecbt c\u1eebu.","breadcrumb":{"@id":"https:\/\/tandoorvietnam.com\/vi\/sanpham\/cac-mon-cuu\/thit-nac-cuu-nau-sot-hat-dieu-vang-sua\/#breadcrumb"},"inLanguage":"vi-VN","potentialAction":[{"@type":"ReadAction","target":["https:\/\/tandoorvietnam.com\/vi\/sanpham\/cac-mon-cuu\/thit-nac-cuu-nau-sot-hat-dieu-vang-sua\/"]}]},{"@type":"ImageObject","inLanguage":"vi-VN","@id":"https:\/\/tandoorvietnam.com\/vi\/sanpham\/cac-mon-cuu\/thit-nac-cuu-nau-sot-hat-dieu-vang-sua\/#primaryimage","url":"https:\/\/tandoorvietnam.com\/wp-content\/uploads\/2020\/06\/Shahi-korma1.jpg","contentUrl":"https:\/\/tandoorvietnam.com\/wp-content\/uploads\/2020\/06\/Shahi-korma1.jpg","width":1400,"height":1400,"caption":"TH\u1ecaT N\u1ea0C C\u1eeaU N\u1ea4U S\u1ed0T H\u1ea0T \u0110I\u1ec0U V\u00c1NG S\u1eeeA"},{"@type":"BreadcrumbList","@id":"https:\/\/tandoorvietnam.com\/vi\/sanpham\/cac-mon-cuu\/thit-nac-cuu-nau-sot-hat-dieu-vang-sua\/#breadcrumb","itemListElement":[{"@type":"ListItem","position":1,"name":"Trang Ch\u1ee7","item":"https:\/\/tandoorvietnam.com\/vi\/"},{"@type":"ListItem","position":2,"name":"Shop","item":"https:\/\/tandoorvietnam.com\/shop\/"},{"@type":"ListItem","position":3,"name":"Shahi Korma (TH\u1ecaT N\u1ea0C C\u1eeaU N\u1ea4U S\u1ed0T H\u1ea0T \u0110I\u1ec0U V\u00c1NG S\u1eeeA)"}]},{"@type":"WebSite","@id":"https:\/\/tandoorvietnam.com\/vi\/#website","url":"https:\/\/tandoorvietnam.com\/vi\/","name":"Tandoor Vietnam","description":"Nh\u00e0 h\u00e0ng ngon h\u1ed3 ch\u00ed minh","publisher":{"@id":"https:\/\/tandoorvietnam.com\/vi\/#organization"},"potentialAction":[{"@type":"SearchAction","target":{"@type":"EntryPoint","urlTemplate":"https:\/\/tandoorvietnam.com\/vi\/?s={search_term_string}"},"query-input":{"@type":"PropertyValueSpecification","valueRequired":true,"valueName":"search_term_string"}}],"inLanguage":"vi-VN"},{"@type":"Organization","@id":"https:\/\/tandoorvietnam.com\/vi\/#organization","name":"Tandoor Vietnam","url":"https:\/\/tandoorvietnam.com\/vi\/","logo":{"@type":"ImageObject","inLanguage":"vi-VN","@id":"https:\/\/tandoorvietnam.com\/vi\/#\/schema\/logo\/image\/","url":"https:\/\/tandoorvietnam.com\/wp-content\/uploads\/2020\/07\/logo.png","contentUrl":"https:\/\/tandoorvietnam.com\/wp-content\/uploads\/2020\/07\/logo.png","width":133,"height":75,"caption":"Tandoor Vietnam"},"image":{"@id":"https:\/\/tandoorvietnam.com\/vi\/#\/schema\/logo\/image\/"},"sameAs":["https:\/\/www.facebook.com\/tandoor.hcmc\/"]}]}},"_links":{"self":[{"href":"https:\/\/tandoorvietnam.com\/vi\/wp-json\/wp\/v2\/product\/3354","targetHints":{"allow":["GET"]}}],"collection":[{"href":"https:\/\/tandoorvietnam.com\/vi\/wp-json\/wp\/v2\/product"}],"about":[{"href":"https:\/\/tandoorvietnam.com\/vi\/wp-json\/wp\/v2\/types\/product"}],"wp:featuredmedia":[{"embeddable":true,"href":"https:\/\/tandoorvietnam.com\/vi\/wp-json\/wp\/v2\/media\/3355"}],"wp:attachment":[{"href":"https:\/\/tandoorvietnam.com\/vi\/wp-json\/wp\/v2\/media?parent=3354"}],"wp:term":[{"taxonomy":"product_brand","embeddable":true,"href":"https:\/\/tandoorvietnam.com\/vi\/wp-json\/wp\/v2\/product_brand?post=3354"},{"taxonomy":"product_cat","embeddable":true,"href":"https:\/\/tandoorvietnam.com\/vi\/wp-json\/wp\/v2\/product_cat?post=3354"},{"taxonomy":"product_tag","embeddable":true,"href":"https:\/\/tandoorvietnam.com\/vi\/wp-json\/wp\/v2\/product_tag?post=3354"}],"curies":[{"name":"wp","href":"https:\/\/api.w.org\/{rel}","templated":true}]}}