{"id":3356,"date":"2020-06-15T16:12:26","date_gmt":"2020-06-15T16:12:26","guid":{"rendered":"http:\/\/tandoorvietnam.com\/product\/uncategorized\/dia-trai-cay-tuoi-theo-mua\/"},"modified":"2023-05-19T17:43:00","modified_gmt":"2023-05-19T17:43:00","slug":"dia-trai-cay-tuoi-theo-mua","status":"publish","type":"product","link":"https:\/\/tandoorvietnam.com\/vi\/sanpham\/cac-mon-trang-mieng\/dia-trai-cay-tuoi-theo-mua\/","title":{"rendered":"Fresh Fruits (\u0110\u0128A TR\u00c1I C\u00c2Y T\u01af\u01a0I THEO M\u00d9A)"},"content":{"rendered":"<p>\u0110\u0129a tr\u00e1i c\u00e2y t\u01b0\u01a1i theo m\u00f9a (Fresh Fruits) l\u00e0 m\u1ed9t s\u1ef1 l\u1ef1a ch\u1ecdn tuy\u1ec7t v\u1eddi \u0111\u1ec3 th\u01b0\u1edfng th\u1ee9c h\u01b0\u01a1ng v\u1ecb t\u01b0\u01a1i m\u1edbi v\u00e0 t\u1ef1 nhi\u00ean c\u1ee7a c\u00e1c lo\u1ea1i tr\u00e1i c\u00e2y. T\u1ea1i Tandoor Vietnam, ch\u00fang t\u00f4i mang \u0111\u1ebfn cho b\u1ea1n m\u1ed9t \u0111\u0129a tr\u00e1i c\u00e2y ngon l\u00e0nh v\u00e0 \u0111a d\u1ea1ng, s\u1eafp x\u1ebfp theo m\u00f9a \u0111\u1ec3 \u0111\u1ea3m b\u1ea3o s\u1ef1 t\u01b0\u01a1i ngon v\u00e0 ch\u1ea5t l\u01b0\u1ee3ng t\u1ed1t nh\u1ea5t.<\/p>\n<p>Ch\u00fang t\u00f4i l\u1ef1a ch\u1ecdn c\u00e1c lo\u1ea1i tr\u00e1i c\u00e2y t\u01b0\u01a1i ngon nh\u01b0 d\u1ee9a, xo\u00e0i, kiwi, nho, d\u01b0a h\u1ea5u v\u00e0 nhi\u1ec1u lo\u1ea1i tr\u00e1i c\u00e2y kh\u00e1c, t\u00f9y thu\u1ed9c v\u00e0o m\u00f9a. M\u1ed7i lo\u1ea1i tr\u00e1i c\u00e2y \u0111\u1ec1u \u0111\u01b0\u1ee3c ch\u1ecdn k\u1ef9 c\u00e0ng v\u00e0 t\u01b0\u01a1i ngon, mang \u0111\u1ebfn h\u01b0\u01a1ng v\u1ecb tuy\u1ec7t v\u1eddi v\u00e0 s\u1ef1 ng\u1ecdt ng\u00e0o t\u1ef1 nhi\u00ean.<\/p>\n<p>Fresh Fruits kh\u00f4ng ch\u1ec9 l\u00e0 m\u1ed9t l\u1ef1a ch\u1ecdn ngon mi\u1ec7ng m\u00e0 c\u00f2n c\u00f3 l\u1ee3i cho s\u1ee9c kh\u1ecfe. Tr\u00e1i c\u00e2y l\u00e0 ngu\u1ed3n cung c\u1ea5p ch\u1ea5t ch\u1ed1ng oxy h\u00f3a, vitamin v\u00e0 ch\u1ea5t x\u01a1, gi\u00fap t\u0103ng c\u01b0\u1eddng h\u1ec7 mi\u1ec5n d\u1ecbch v\u00e0 duy tr\u00ec s\u1ee9c kh\u1ecfe t\u1ed5ng th\u1ec3.<\/p>\n<p>Ch\u00fang t\u00f4i lu\u00f4n \u0111\u1ea3m b\u1ea3o s\u1ef1 t\u01b0\u01a1i ngon v\u00e0 ch\u1ea5t l\u01b0\u1ee3ng c\u1ee7a tr\u00e1i c\u00e2y th\u00f4ng qua qu\u00e1 tr\u00ecnh ch\u1ecdn l\u1ef1a v\u00e0 b\u1ea3o qu\u1ea3n c\u1ea9n th\u1eadn. \u0110\u0129a tr\u00e1i c\u00e2y t\u01b0\u01a1i theo m\u00f9a t\u1ea1i Tandoor Vietnam kh\u00f4ng ch\u1ec9 l\u00e0 m\u1ed9t m\u00f3n \u0103n ngon m\u00e0 c\u00f2n l\u00e0 m\u1ed9t tr\u1ea3i nghi\u1ec7m th\u00fa v\u1ecb v\u00e0 b\u1ed5 \u00edch cho b\u1ea1n v\u00e0 gia \u0111\u00ecnh.<\/p>\n<p>H\u00e3y th\u01b0\u1edfng th\u1ee9c Fresh Fruits t\u1ea1i <a href=\"https:\/\/tandoorvietnam.com\/\">Tandoor Vietnam<\/a> \u0111\u1ec3 c\u1ea3m nh\u1eadn h\u01b0\u01a1ng v\u1ecb t\u1ef1 nhi\u00ean v\u00e0 t\u01b0\u01a1i m\u1edbi c\u1ee7a c\u00e1c lo\u1ea1i tr\u00e1i c\u00e2y ch\u1ea5t l\u01b0\u1ee3ng nh\u1ea5t. B\u1ea1n c\u00f3 th\u1ec3 d\u00f9ng n\u00f3 l\u00e0m m\u00f3n tr\u00e1ng mi\u1ec7ng ho\u1eb7c m\u00f3n \u0103n nh\u1eb9 gi\u1eefa b\u1eefa, ho\u00e0n h\u1ea3o \u0111\u1ec3 t\u0103ng c\u01b0\u1eddng s\u1ee9c kh\u1ecfe v\u00e0 cung c\u1ea5p n\u0103ng l\u01b0\u1ee3ng cho c\u01a1 th\u1ec3.<\/p>\n","protected":false},"excerpt":{"rendered":"<p>\u0110\u0129a tr\u00e1i c\u00e2y t\u01b0\u01a1i theo m\u00f9a (Fresh Fruits) l\u00e0 m\u1ed9t s\u1ef1 l\u1ef1a ch\u1ecdn tuy\u1ec7t v\u1eddi \u0111\u1ec3 th\u01b0\u1edfng th\u1ee9c h\u01b0\u01a1ng v\u1ecb t\u01b0\u01a1i m\u1edbi v\u00e0 t\u1ef1 nhi\u00ean c\u1ee7a c\u00e1c lo\u1ea1i tr\u00e1i c\u00e2y. T\u1ea1i Tandoor Vietnam, ch\u00fang t\u00f4i mang \u0111\u1ebfn cho b\u1ea1n m\u1ed9t \u0111\u0129a tr\u00e1i c\u00e2y ngon l\u00e0nh v\u00e0 \u0111a d\u1ea1ng, s\u1eafp x\u1ebfp theo m\u00f9a \u0111\u1ec3 \u0111\u1ea3m b\u1ea3o [&hellip;]<\/p>\n","protected":false},"featured_media":3357,"template":"","meta":[],"product_brand":[],"product_cat":[230],"product_tag":[],"class_list":{"0":"post-3356","1":"product","2":"type-product","3":"status-publish","4":"has-post-thumbnail","6":"product_cat-cac-mon-trang-mieng","8":"first","9":"instock","10":"purchasable","11":"product-type-simple"},"yoast_head":"<!-- This site is optimized with the Yoast SEO Premium plugin v22.3 (Yoast SEO v27.4) - https:\/\/yoast.com\/product\/yoast-seo-premium-wordpress\/ -->\n<title>Fresh Fruits (\u0110\u0128A TR\u00c1I C\u00c2Y T\u01af\u01a0I THEO M\u00d9A) - Tandoor Vi\u1ec7t Nam<\/title>\n<meta name=\"description\" content=\"\u0110\u0129a tr\u00e1i c\u00e2y t\u01b0\u01a1i theo m\u00f9a t\u1ea1i Tandoor Vietnam, m\u1ed9t s\u1ef1 k\u1ebft h\u1ee3p ngon l\u00e0nh c\u1ee7a c\u00e1c lo\u1ea1i tr\u00e1i c\u00e2y t\u01b0\u01a1i ngon, mang \u0111\u1ebfn h\u01b0\u01a1ng v\u1ecb t\u1ef1 nhi\u00ean v\u00e0 t\u01b0\u01a1i m\u1edbi.\" \/>\n<meta name=\"robots\" content=\"index, follow, max-snippet:-1, max-image-preview:large, max-video-preview:-1\" \/>\n<link rel=\"canonical\" href=\"https:\/\/tandoorvietnam.com\/vi\/sanpham\/cac-mon-trang-mieng\/dia-trai-cay-tuoi-theo-mua\/\" \/>\n<meta property=\"og:locale\" content=\"vi_VN\" \/>\n<meta property=\"og:type\" content=\"article\" \/>\n<meta property=\"og:title\" content=\"Fresh Fruits (\u0110\u0128A TR\u00c1I C\u00c2Y T\u01af\u01a0I THEO M\u00d9A)\" \/>\n<meta property=\"og:description\" content=\"\u0110\u0129a tr\u00e1i c\u00e2y t\u01b0\u01a1i theo m\u00f9a t\u1ea1i Tandoor Vietnam, m\u1ed9t s\u1ef1 k\u1ebft h\u1ee3p ngon l\u00e0nh c\u1ee7a c\u00e1c lo\u1ea1i tr\u00e1i c\u00e2y t\u01b0\u01a1i ngon, mang \u0111\u1ebfn h\u01b0\u01a1ng v\u1ecb t\u1ef1 nhi\u00ean v\u00e0 t\u01b0\u01a1i m\u1edbi.\" \/>\n<meta property=\"og:url\" content=\"https:\/\/tandoorvietnam.com\/vi\/sanpham\/cac-mon-trang-mieng\/dia-trai-cay-tuoi-theo-mua\/\" \/>\n<meta property=\"og:site_name\" content=\"Tandoor Vi\u1ec7t Nam\" \/>\n<meta property=\"article:publisher\" content=\"https:\/\/www.facebook.com\/tandoor.hcmc\/\" \/>\n<meta property=\"article:modified_time\" content=\"2023-05-19T17:43:00+00:00\" \/>\n<meta property=\"og:image\" content=\"https:\/\/tandoorvietnam.com\/wp-content\/uploads\/2020\/06\/Big-fresh-fruits.jpg\" \/>\n\t<meta property=\"og:image:width\" content=\"1400\" \/>\n\t<meta property=\"og:image:height\" content=\"933\" \/>\n\t<meta property=\"og:image:type\" content=\"image\/jpeg\" \/>\n<meta name=\"twitter:card\" content=\"summary_large_image\" \/>\n<meta name=\"twitter:label1\" content=\"Est. reading time\" \/>\n\t<meta name=\"twitter:data1\" content=\"2 minutes\" \/>\n<script type=\"application\/ld+json\" class=\"yoast-schema-graph\">{\"@context\":\"https:\\\/\\\/schema.org\",\"@graph\":[{\"@type\":\"WebPage\",\"@id\":\"https:\\\/\\\/tandoorvietnam.com\\\/vi\\\/sanpham\\\/cac-mon-trang-mieng\\\/dia-trai-cay-tuoi-theo-mua\\\/\",\"url\":\"https:\\\/\\\/tandoorvietnam.com\\\/vi\\\/sanpham\\\/cac-mon-trang-mieng\\\/dia-trai-cay-tuoi-theo-mua\\\/\",\"name\":\"Fresh Fruits (\u0110\u0128A TR\u00c1I C\u00c2Y T\u01af\u01a0I THEO M\u00d9A) - Tandoor Vi\u1ec7t Nam\",\"isPartOf\":{\"@id\":\"https:\\\/\\\/tandoorvietnam.com\\\/vi\\\/#website\"},\"primaryImageOfPage\":{\"@id\":\"https:\\\/\\\/tandoorvietnam.com\\\/vi\\\/sanpham\\\/cac-mon-trang-mieng\\\/dia-trai-cay-tuoi-theo-mua\\\/#primaryimage\"},\"image\":{\"@id\":\"https:\\\/\\\/tandoorvietnam.com\\\/vi\\\/sanpham\\\/cac-mon-trang-mieng\\\/dia-trai-cay-tuoi-theo-mua\\\/#primaryimage\"},\"thumbnailUrl\":\"https:\\\/\\\/tandoorvietnam.com\\\/wp-content\\\/uploads\\\/2020\\\/06\\\/Big-fresh-fruits.jpg\",\"datePublished\":\"2020-06-15T16:12:26+00:00\",\"dateModified\":\"2023-05-19T17:43:00+00:00\",\"description\":\"\u0110\u0129a tr\u00e1i c\u00e2y t\u01b0\u01a1i theo m\u00f9a t\u1ea1i Tandoor Vietnam, m\u1ed9t s\u1ef1 k\u1ebft h\u1ee3p ngon l\u00e0nh c\u1ee7a c\u00e1c lo\u1ea1i tr\u00e1i c\u00e2y t\u01b0\u01a1i ngon, mang \u0111\u1ebfn h\u01b0\u01a1ng v\u1ecb t\u1ef1 nhi\u00ean v\u00e0 t\u01b0\u01a1i m\u1edbi.\",\"breadcrumb\":{\"@id\":\"https:\\\/\\\/tandoorvietnam.com\\\/vi\\\/sanpham\\\/cac-mon-trang-mieng\\\/dia-trai-cay-tuoi-theo-mua\\\/#breadcrumb\"},\"inLanguage\":\"vi-VN\",\"potentialAction\":[{\"@type\":\"ReadAction\",\"target\":[\"https:\\\/\\\/tandoorvietnam.com\\\/vi\\\/sanpham\\\/cac-mon-trang-mieng\\\/dia-trai-cay-tuoi-theo-mua\\\/\"]}]},{\"@type\":\"ImageObject\",\"inLanguage\":\"vi-VN\",\"@id\":\"https:\\\/\\\/tandoorvietnam.com\\\/vi\\\/sanpham\\\/cac-mon-trang-mieng\\\/dia-trai-cay-tuoi-theo-mua\\\/#primaryimage\",\"url\":\"https:\\\/\\\/tandoorvietnam.com\\\/wp-content\\\/uploads\\\/2020\\\/06\\\/Big-fresh-fruits.jpg\",\"contentUrl\":\"https:\\\/\\\/tandoorvietnam.com\\\/wp-content\\\/uploads\\\/2020\\\/06\\\/Big-fresh-fruits.jpg\",\"width\":1400,\"height\":933,\"caption\":\"\u0110\u0128A TR\u00c1I C\u00c2Y T\u01af\u01a0I THEO M\u00d9A - L\u1edaN\"},{\"@type\":\"BreadcrumbList\",\"@id\":\"https:\\\/\\\/tandoorvietnam.com\\\/vi\\\/sanpham\\\/cac-mon-trang-mieng\\\/dia-trai-cay-tuoi-theo-mua\\\/#breadcrumb\",\"itemListElement\":[{\"@type\":\"ListItem\",\"position\":1,\"name\":\"Trang Ch\u1ee7\",\"item\":\"https:\\\/\\\/tandoorvietnam.com\\\/vi\\\/\"},{\"@type\":\"ListItem\",\"position\":2,\"name\":\"Shop\",\"item\":\"https:\\\/\\\/tandoorvietnam.com\\\/shop\\\/\"},{\"@type\":\"ListItem\",\"position\":3,\"name\":\"Fresh Fruits (\u0110\u0128A TR\u00c1I C\u00c2Y T\u01af\u01a0I THEO M\u00d9A)\"}]},{\"@type\":\"WebSite\",\"@id\":\"https:\\\/\\\/tandoorvietnam.com\\\/vi\\\/#website\",\"url\":\"https:\\\/\\\/tandoorvietnam.com\\\/vi\\\/\",\"name\":\"Tandoor Vietnam\",\"description\":\"Nh\u00e0 h\u00e0ng ngon h\u1ed3 ch\u00ed minh\",\"publisher\":{\"@id\":\"https:\\\/\\\/tandoorvietnam.com\\\/vi\\\/#organization\"},\"potentialAction\":[{\"@type\":\"SearchAction\",\"target\":{\"@type\":\"EntryPoint\",\"urlTemplate\":\"https:\\\/\\\/tandoorvietnam.com\\\/vi\\\/?s={search_term_string}\"},\"query-input\":{\"@type\":\"PropertyValueSpecification\",\"valueRequired\":true,\"valueName\":\"search_term_string\"}}],\"inLanguage\":\"vi-VN\"},{\"@type\":\"Organization\",\"@id\":\"https:\\\/\\\/tandoorvietnam.com\\\/vi\\\/#organization\",\"name\":\"Tandoor Vietnam\",\"url\":\"https:\\\/\\\/tandoorvietnam.com\\\/vi\\\/\",\"logo\":{\"@type\":\"ImageObject\",\"inLanguage\":\"vi-VN\",\"@id\":\"https:\\\/\\\/tandoorvietnam.com\\\/vi\\\/#\\\/schema\\\/logo\\\/image\\\/\",\"url\":\"https:\\\/\\\/tandoorvietnam.com\\\/wp-content\\\/uploads\\\/2020\\\/07\\\/logo.png\",\"contentUrl\":\"https:\\\/\\\/tandoorvietnam.com\\\/wp-content\\\/uploads\\\/2020\\\/07\\\/logo.png\",\"width\":133,\"height\":75,\"caption\":\"Tandoor Vietnam\"},\"image\":{\"@id\":\"https:\\\/\\\/tandoorvietnam.com\\\/vi\\\/#\\\/schema\\\/logo\\\/image\\\/\"},\"sameAs\":[\"https:\\\/\\\/www.facebook.com\\\/tandoor.hcmc\\\/\"]}]}<\/script>\n<!-- \/ Yoast SEO Premium plugin. -->","yoast_head_json":{"title":"Fresh Fruits (\u0110\u0128A TR\u00c1I C\u00c2Y T\u01af\u01a0I THEO M\u00d9A) - Tandoor Vi\u1ec7t Nam","description":"\u0110\u0129a tr\u00e1i c\u00e2y t\u01b0\u01a1i theo m\u00f9a t\u1ea1i Tandoor Vietnam, m\u1ed9t s\u1ef1 k\u1ebft h\u1ee3p ngon l\u00e0nh c\u1ee7a c\u00e1c lo\u1ea1i tr\u00e1i c\u00e2y t\u01b0\u01a1i ngon, mang \u0111\u1ebfn h\u01b0\u01a1ng v\u1ecb t\u1ef1 nhi\u00ean v\u00e0 t\u01b0\u01a1i m\u1edbi.","robots":{"index":"index","follow":"follow","max-snippet":"max-snippet:-1","max-image-preview":"max-image-preview:large","max-video-preview":"max-video-preview:-1"},"canonical":"https:\/\/tandoorvietnam.com\/vi\/sanpham\/cac-mon-trang-mieng\/dia-trai-cay-tuoi-theo-mua\/","og_locale":"vi_VN","og_type":"article","og_title":"Fresh Fruits (\u0110\u0128A TR\u00c1I C\u00c2Y T\u01af\u01a0I THEO M\u00d9A)","og_description":"\u0110\u0129a tr\u00e1i c\u00e2y t\u01b0\u01a1i theo m\u00f9a t\u1ea1i Tandoor Vietnam, m\u1ed9t s\u1ef1 k\u1ebft h\u1ee3p ngon l\u00e0nh c\u1ee7a c\u00e1c lo\u1ea1i tr\u00e1i c\u00e2y t\u01b0\u01a1i ngon, mang \u0111\u1ebfn h\u01b0\u01a1ng v\u1ecb t\u1ef1 nhi\u00ean v\u00e0 t\u01b0\u01a1i m\u1edbi.","og_url":"https:\/\/tandoorvietnam.com\/vi\/sanpham\/cac-mon-trang-mieng\/dia-trai-cay-tuoi-theo-mua\/","og_site_name":"Tandoor Vi\u1ec7t Nam","article_publisher":"https:\/\/www.facebook.com\/tandoor.hcmc\/","article_modified_time":"2023-05-19T17:43:00+00:00","og_image":[{"width":1400,"height":933,"url":"https:\/\/tandoorvietnam.com\/wp-content\/uploads\/2020\/06\/Big-fresh-fruits.jpg","type":"image\/jpeg"}],"twitter_card":"summary_large_image","twitter_misc":{"Est. reading time":"2 minutes"},"schema":{"@context":"https:\/\/schema.org","@graph":[{"@type":"WebPage","@id":"https:\/\/tandoorvietnam.com\/vi\/sanpham\/cac-mon-trang-mieng\/dia-trai-cay-tuoi-theo-mua\/","url":"https:\/\/tandoorvietnam.com\/vi\/sanpham\/cac-mon-trang-mieng\/dia-trai-cay-tuoi-theo-mua\/","name":"Fresh Fruits (\u0110\u0128A TR\u00c1I C\u00c2Y T\u01af\u01a0I THEO M\u00d9A) - Tandoor Vi\u1ec7t Nam","isPartOf":{"@id":"https:\/\/tandoorvietnam.com\/vi\/#website"},"primaryImageOfPage":{"@id":"https:\/\/tandoorvietnam.com\/vi\/sanpham\/cac-mon-trang-mieng\/dia-trai-cay-tuoi-theo-mua\/#primaryimage"},"image":{"@id":"https:\/\/tandoorvietnam.com\/vi\/sanpham\/cac-mon-trang-mieng\/dia-trai-cay-tuoi-theo-mua\/#primaryimage"},"thumbnailUrl":"https:\/\/tandoorvietnam.com\/wp-content\/uploads\/2020\/06\/Big-fresh-fruits.jpg","datePublished":"2020-06-15T16:12:26+00:00","dateModified":"2023-05-19T17:43:00+00:00","description":"\u0110\u0129a tr\u00e1i c\u00e2y t\u01b0\u01a1i theo m\u00f9a t\u1ea1i Tandoor Vietnam, m\u1ed9t s\u1ef1 k\u1ebft h\u1ee3p ngon l\u00e0nh c\u1ee7a c\u00e1c lo\u1ea1i tr\u00e1i c\u00e2y t\u01b0\u01a1i ngon, mang \u0111\u1ebfn h\u01b0\u01a1ng v\u1ecb t\u1ef1 nhi\u00ean v\u00e0 t\u01b0\u01a1i m\u1edbi.","breadcrumb":{"@id":"https:\/\/tandoorvietnam.com\/vi\/sanpham\/cac-mon-trang-mieng\/dia-trai-cay-tuoi-theo-mua\/#breadcrumb"},"inLanguage":"vi-VN","potentialAction":[{"@type":"ReadAction","target":["https:\/\/tandoorvietnam.com\/vi\/sanpham\/cac-mon-trang-mieng\/dia-trai-cay-tuoi-theo-mua\/"]}]},{"@type":"ImageObject","inLanguage":"vi-VN","@id":"https:\/\/tandoorvietnam.com\/vi\/sanpham\/cac-mon-trang-mieng\/dia-trai-cay-tuoi-theo-mua\/#primaryimage","url":"https:\/\/tandoorvietnam.com\/wp-content\/uploads\/2020\/06\/Big-fresh-fruits.jpg","contentUrl":"https:\/\/tandoorvietnam.com\/wp-content\/uploads\/2020\/06\/Big-fresh-fruits.jpg","width":1400,"height":933,"caption":"\u0110\u0128A TR\u00c1I C\u00c2Y T\u01af\u01a0I THEO M\u00d9A - L\u1edaN"},{"@type":"BreadcrumbList","@id":"https:\/\/tandoorvietnam.com\/vi\/sanpham\/cac-mon-trang-mieng\/dia-trai-cay-tuoi-theo-mua\/#breadcrumb","itemListElement":[{"@type":"ListItem","position":1,"name":"Trang Ch\u1ee7","item":"https:\/\/tandoorvietnam.com\/vi\/"},{"@type":"ListItem","position":2,"name":"Shop","item":"https:\/\/tandoorvietnam.com\/shop\/"},{"@type":"ListItem","position":3,"name":"Fresh Fruits (\u0110\u0128A TR\u00c1I C\u00c2Y T\u01af\u01a0I THEO M\u00d9A)"}]},{"@type":"WebSite","@id":"https:\/\/tandoorvietnam.com\/vi\/#website","url":"https:\/\/tandoorvietnam.com\/vi\/","name":"Tandoor Vietnam","description":"Nh\u00e0 h\u00e0ng ngon h\u1ed3 ch\u00ed minh","publisher":{"@id":"https:\/\/tandoorvietnam.com\/vi\/#organization"},"potentialAction":[{"@type":"SearchAction","target":{"@type":"EntryPoint","urlTemplate":"https:\/\/tandoorvietnam.com\/vi\/?s={search_term_string}"},"query-input":{"@type":"PropertyValueSpecification","valueRequired":true,"valueName":"search_term_string"}}],"inLanguage":"vi-VN"},{"@type":"Organization","@id":"https:\/\/tandoorvietnam.com\/vi\/#organization","name":"Tandoor Vietnam","url":"https:\/\/tandoorvietnam.com\/vi\/","logo":{"@type":"ImageObject","inLanguage":"vi-VN","@id":"https:\/\/tandoorvietnam.com\/vi\/#\/schema\/logo\/image\/","url":"https:\/\/tandoorvietnam.com\/wp-content\/uploads\/2020\/07\/logo.png","contentUrl":"https:\/\/tandoorvietnam.com\/wp-content\/uploads\/2020\/07\/logo.png","width":133,"height":75,"caption":"Tandoor Vietnam"},"image":{"@id":"https:\/\/tandoorvietnam.com\/vi\/#\/schema\/logo\/image\/"},"sameAs":["https:\/\/www.facebook.com\/tandoor.hcmc\/"]}]}},"_links":{"self":[{"href":"https:\/\/tandoorvietnam.com\/vi\/wp-json\/wp\/v2\/product\/3356","targetHints":{"allow":["GET"]}}],"collection":[{"href":"https:\/\/tandoorvietnam.com\/vi\/wp-json\/wp\/v2\/product"}],"about":[{"href":"https:\/\/tandoorvietnam.com\/vi\/wp-json\/wp\/v2\/types\/product"}],"wp:featuredmedia":[{"embeddable":true,"href":"https:\/\/tandoorvietnam.com\/vi\/wp-json\/wp\/v2\/media\/3357"}],"wp:attachment":[{"href":"https:\/\/tandoorvietnam.com\/vi\/wp-json\/wp\/v2\/media?parent=3356"}],"wp:term":[{"taxonomy":"product_brand","embeddable":true,"href":"https:\/\/tandoorvietnam.com\/vi\/wp-json\/wp\/v2\/product_brand?post=3356"},{"taxonomy":"product_cat","embeddable":true,"href":"https:\/\/tandoorvietnam.com\/vi\/wp-json\/wp\/v2\/product_cat?post=3356"},{"taxonomy":"product_tag","embeddable":true,"href":"https:\/\/tandoorvietnam.com\/vi\/wp-json\/wp\/v2\/product_tag?post=3356"}],"curies":[{"name":"wp","href":"https:\/\/api.w.org\/{rel}","templated":true}]}}