{"id":3360,"date":"2020-06-15T16:20:50","date_gmt":"2020-06-15T16:20:50","guid":{"rendered":"http:\/\/tandoorvietnam.com\/product\/uncategorized\/ca-rot-bao-ham-sua-va-gia-vi-chien-bo-tinh\/"},"modified":"2025-12-26T18:16:49","modified_gmt":"2025-12-26T11:16:49","slug":"ca-rot-bao-ham-sua-va-gia-vi-chien-bo-tinh","status":"publish","type":"product","link":"https:\/\/tandoorvietnam.com\/vi\/sanpham\/cac-mon-trang-mieng\/ca-rot-bao-ham-sua-va-gia-vi-chien-bo-tinh\/","title":{"rendered":"C\u00c0 R\u1ed0T B\u00c0O H\u1ea6M S\u1eeeA V\u00c0 GIA V\u1eca CHI\u00caN B\u01a0 TINH"},"content":{"rendered":"<div class=\"flex-1 overflow-hidden\">\n<div class=\"react-scroll-to-bottom--css-nujlx-79elbk h-full dark:bg-gray-800\">\n<div class=\"react-scroll-to-bottom--css-nujlx-1n7m0yu\">\n<div class=\"flex flex-col items-center text-sm dark:bg-gray-800\">\n<div class=\"group w-full text-gray-800 dark:text-gray-100 border-b border-black\/10 dark:border-gray-900\/50 bg-gray-50 dark:bg-[#444654]\">\n<div class=\"flex p-4 gap-4 text-base md:gap-6 md:max-w-2xl lg:max-w-xl xl:max-w-3xl md:py-6 lg:px-0 m-auto\">\n<div class=\"relative flex flex-col w-[calc(100%-50px)] gap-1 md:gap-3 lg:w-[calc(100%-115px)]\">\n<div class=\"flex flex-grow flex-col gap-3\">\n<div class=\"min-h-[20px] flex flex-col items-start gap-4 whitespace-pre-wrap break-words\">\n<div class=\"markdown prose w-full break-words dark:prose-invert light\">\n<p>C\u00e0 r\u1ed1t b\u00e0o h\u1ea7m s\u1eefa v\u00e0 gia v\u1ecb chi\u00ean b\u01a1 tinh l\u00e0 m\u00f3n tr\u00e1ng mi\u1ec7ng \u0111\u1ea7y h\u1ea5p d\u1eabn v\u00e0 \u0111\u1ed9c \u0111\u00e1o c\u1ee7a Tandoor Vietnam. M\u00f3n \u0103n \u0111\u01b0\u1ee3c l\u00e0m t\u1eeb nh\u1eefng c\u00e0 r\u1ed1t t\u01b0\u01a1i ngon \u0111\u01b0\u1ee3c nghi\u1ec1n nhuy\u1ec5n, ph\u1ee7 l\u00ean m\u1ed9t l\u1edbp s\u1eefa t\u01b0\u01a1i b\u00e9o ng\u1eady, r\u1ed3i \u0111\u1eb7t l\u00ean m\u1ed9t mi\u1ebfng b\u00e1nh bao gi\u00f2n tan. Sau \u0111\u00f3, c\u00e0 r\u1ed1t b\u00e0o h\u1ea7m s\u1eefa v\u00e0 gia v\u1ecb \u0111\u01b0\u1ee3c chi\u00ean b\u01a1 tinh t\u1edbi khi m\u00e0 b\u1ec1 m\u1eb7t tr\u1edf n\u00ean gi\u00f2n tan v\u00e0 h\u1ea5p d\u1eabn.<\/p>\n<p>V\u1edbi h\u01b0\u01a1ng v\u1ecb ng\u1ecdt ng\u00e0o c\u1ee7a s\u1eefa, h\u01b0\u01a1ng v\u1ecb th\u01a1m ngon c\u1ee7a c\u00e0 r\u1ed1t, v\u00e0 gia v\u1ecb th\u01a1m n\u1ed3ng c\u1ee7a b\u01a1 tinh, m\u00f3n tr\u00e1ng mi\u1ec7ng n\u00e0y s\u1ebd \u0111em \u0111\u1ebfn cho b\u1ea1n m\u1ed9t tr\u1ea3i nghi\u1ec7m \u1ea9m th\u1ef1c tuy\u1ec7t v\u1eddi. Th\u1eadt tuy\u1ec7t v\u1eddi khi th\u01b0\u1edfng th\u1ee9c m\u00f3n \u0103n n\u00e0y trong kh\u00f4ng gian sang tr\u1ecdng v\u00e0 \u1ea5m c\u00fang c\u1ee7a <a href=\"https:\/\/tandoorvietnam.com\/vi\/\">nh\u00e0 h\u00e0ng Tandoor Vietnam<\/a>.<\/p>\n<p>Ch\u1ec9 c\u1ea7n nh\u1ea5m nh\u00e1p m\u1ed9t mi\u1ebfng, b\u1ea1n s\u1ebd c\u1ea3m nh\u1eadn \u0111\u01b0\u1ee3c s\u1ef1 k\u1ebft h\u1ee3p ho\u00e0n h\u1ea3o c\u1ee7a c\u00e1c th\u00e0nh ph\u1ea7n. S\u1ef1 \u0111an xen c\u1ee7a v\u1ecb ng\u1ecdt v\u00e0 v\u1ecb b\u00e9o ng\u1eady t\u1eeb s\u1eefa, h\u01b0\u01a1ng v\u1ecb thanh m\u00e1t c\u1ee7a c\u00e0 r\u1ed1t v\u00e0 v\u1ecb th\u01a1m ngon c\u1ee7a b\u01a1 tinh. M\u00f3n \u0103n n\u00e0y s\u1ebd l\u00e0 l\u1ef1a ch\u1ecdn tuy\u1ec7t v\u1eddi cho nh\u1eefng ai y\u00eau th\u00edch \u1ea9m th\u1ef1c v\u00e0 \u0111ang t\u00ecm ki\u1ebfm m\u1ed9t m\u00f3n tr\u00e1ng mi\u1ec7ng tuy\u1ec7t v\u1eddi \u0111\u1ec3 k\u1ebft th\u00fac b\u1eefa \u0103n.<\/p>\n<p>N\u1ebfu b\u1ea1n \u0111ang mu\u1ed1n th\u01b0\u1edfng th\u1ee9c m\u1ed9t m\u00f3n tr\u00e1ng mi\u1ec7ng \u0111\u1ed9c \u0111\u00e1o v\u00e0 h\u1ea5p d\u1eabn, h\u00e3y \u0111\u1ebfn Tandoor Vietnam v\u00e0 th\u01b0\u1edfng th\u1ee9c c\u00e0 r\u1ed1t b\u00e0o h\u1ea7m s\u1eefa v\u00e0 gia v\u1ecb chi\u00ean b\u01a1 tinh. Ch\u00fang t\u00f4i cam k\u1ebft mang \u0111\u1ebfn cho b\u1ea1n tr\u1ea3i nghi\u1ec7m \u1ea9m th\u1ef1c tuy\u1ec7t v\u1eddi nh\u1ea5t!<\/p>\n<\/div>\n<\/div>\n<\/div>\n<\/div>\n<\/div>\n<\/div>\n<\/div>\n<\/div>\n<\/div>\n<\/div>\n","protected":false},"excerpt":{"rendered":"<p><strong><u>M\u00f3n ng\u1ecdt \u1ea4n \u0110\u1ed9<\/u><\/strong><\/p>\n<p> <em>\u0110\u01b0\u1ee3c l\u00e0m t\u1eeb c\u00e0 r\u1ed1t nghi\u1ec1n, s\u1eefa, \u0111\u01b0\u1eddng v\u00e0 qu\u1ebf.<\/em><\/p>\n","protected":false},"featured_media":3361,"template":"","meta":[],"product_brand":[],"product_cat":[230],"product_tag":[],"class_list":{"0":"post-3360","1":"product","2":"type-product","3":"status-publish","4":"has-post-thumbnail","6":"product_cat-cac-mon-trang-mieng","8":"first","9":"instock","10":"taxable","11":"shipping-taxable","12":"purchasable","13":"product-type-simple"},"yoast_head":"<!-- This site is optimized with the Yoast SEO Premium plugin v22.3 (Yoast SEO v27.4) - https:\/\/yoast.com\/product\/yoast-seo-premium-wordpress\/ -->\n<title>Gajjar Halwa C\u00c0 R\u1ed0T B\u00c0O H\u1ea6M S\u1eeeA V\u00c0 GIA V\u1eca CHI\u00caN B\u01a0 TINH<\/title>\n<meta name=\"description\" content=\"Th\u01b0\u1edfng th\u1ee9c m\u00f3n tr\u00e1ng mi\u1ec7ng \u0111\u1ed9c \u0111\u00e1o t\u1eeb nh\u00e0 h\u00e0ng Tandoor Vietnam - c\u00e0 r\u1ed1t b\u00e0o h\u1ea7m s\u1eefa v\u00e0 b\u1ea1ch \u0111\u1eadu kh\u1ea5u, t\u1ea9m gia v\u1ecb v\u00e0 chi\u00ean gi\u00f2n.\" \/>\n<meta name=\"robots\" content=\"index, follow, max-snippet:-1, max-image-preview:large, max-video-preview:-1\" \/>\n<link rel=\"canonical\" href=\"https:\/\/tandoorvietnam.com\/vi\/sanpham\/cac-mon-trang-mieng\/ca-rot-bao-ham-sua-va-gia-vi-chien-bo-tinh\/\" \/>\n<meta property=\"og:locale\" content=\"vi_VN\" \/>\n<meta property=\"og:type\" content=\"article\" \/>\n<meta property=\"og:title\" content=\"C\u00c0 R\u1ed0T B\u00c0O H\u1ea6M S\u1eeeA V\u00c0 GIA V\u1eca CHI\u00caN B\u01a0 TINH\" \/>\n<meta property=\"og:description\" content=\"Th\u01b0\u1edfng th\u1ee9c m\u00f3n tr\u00e1ng mi\u1ec7ng \u0111\u1ed9c \u0111\u00e1o t\u1eeb nh\u00e0 h\u00e0ng Tandoor Vietnam - c\u00e0 r\u1ed1t b\u00e0o h\u1ea7m s\u1eefa v\u00e0 b\u1ea1ch \u0111\u1eadu kh\u1ea5u, t\u1ea9m gia v\u1ecb v\u00e0 chi\u00ean gi\u00f2n.\" \/>\n<meta property=\"og:url\" content=\"https:\/\/tandoorvietnam.com\/vi\/sanpham\/cac-mon-trang-mieng\/ca-rot-bao-ham-sua-va-gia-vi-chien-bo-tinh\/\" \/>\n<meta property=\"og:site_name\" content=\"Tandoor Vi\u1ec7t Nam\" \/>\n<meta property=\"article:publisher\" content=\"https:\/\/www.facebook.com\/tandoor.hcmc\/\" \/>\n<meta property=\"article:modified_time\" content=\"2025-12-26T11:16:49+00:00\" \/>\n<meta property=\"og:image\" content=\"https:\/\/tandoorvietnam.com\/wp-content\/uploads\/2020\/06\/Gajjar-Halwa.jpg\" \/>\n\t<meta property=\"og:image:width\" content=\"1400\" \/>\n\t<meta property=\"og:image:height\" content=\"1400\" \/>\n\t<meta property=\"og:image:type\" content=\"image\/jpeg\" \/>\n<meta name=\"twitter:card\" content=\"summary_large_image\" \/>\n<meta name=\"twitter:label1\" content=\"Est. reading time\" \/>\n\t<meta name=\"twitter:data1\" content=\"2 minutes\" \/>\n<script type=\"application\/ld+json\" class=\"yoast-schema-graph\">{\"@context\":\"https:\\\/\\\/schema.org\",\"@graph\":[{\"@type\":\"WebPage\",\"@id\":\"https:\\\/\\\/tandoorvietnam.com\\\/vi\\\/sanpham\\\/cac-mon-trang-mieng\\\/ca-rot-bao-ham-sua-va-gia-vi-chien-bo-tinh\\\/\",\"url\":\"https:\\\/\\\/tandoorvietnam.com\\\/vi\\\/sanpham\\\/cac-mon-trang-mieng\\\/ca-rot-bao-ham-sua-va-gia-vi-chien-bo-tinh\\\/\",\"name\":\"Gajjar Halwa C\u00c0 R\u1ed0T B\u00c0O H\u1ea6M S\u1eeeA V\u00c0 GIA V\u1eca CHI\u00caN B\u01a0 TINH\",\"isPartOf\":{\"@id\":\"https:\\\/\\\/tandoorvietnam.com\\\/vi\\\/#website\"},\"primaryImageOfPage\":{\"@id\":\"https:\\\/\\\/tandoorvietnam.com\\\/vi\\\/sanpham\\\/cac-mon-trang-mieng\\\/ca-rot-bao-ham-sua-va-gia-vi-chien-bo-tinh\\\/#primaryimage\"},\"image\":{\"@id\":\"https:\\\/\\\/tandoorvietnam.com\\\/vi\\\/sanpham\\\/cac-mon-trang-mieng\\\/ca-rot-bao-ham-sua-va-gia-vi-chien-bo-tinh\\\/#primaryimage\"},\"thumbnailUrl\":\"https:\\\/\\\/tandoorvietnam.com\\\/wp-content\\\/uploads\\\/2020\\\/06\\\/Gajjar-Halwa.jpg\",\"datePublished\":\"2020-06-15T16:20:50+00:00\",\"dateModified\":\"2025-12-26T11:16:49+00:00\",\"description\":\"Th\u01b0\u1edfng th\u1ee9c m\u00f3n tr\u00e1ng mi\u1ec7ng \u0111\u1ed9c \u0111\u00e1o t\u1eeb nh\u00e0 h\u00e0ng Tandoor Vietnam - c\u00e0 r\u1ed1t b\u00e0o h\u1ea7m s\u1eefa v\u00e0 b\u1ea1ch \u0111\u1eadu kh\u1ea5u, t\u1ea9m gia v\u1ecb v\u00e0 chi\u00ean gi\u00f2n.\",\"breadcrumb\":{\"@id\":\"https:\\\/\\\/tandoorvietnam.com\\\/vi\\\/sanpham\\\/cac-mon-trang-mieng\\\/ca-rot-bao-ham-sua-va-gia-vi-chien-bo-tinh\\\/#breadcrumb\"},\"inLanguage\":\"vi-VN\",\"potentialAction\":[{\"@type\":\"ReadAction\",\"target\":[\"https:\\\/\\\/tandoorvietnam.com\\\/vi\\\/sanpham\\\/cac-mon-trang-mieng\\\/ca-rot-bao-ham-sua-va-gia-vi-chien-bo-tinh\\\/\"]}]},{\"@type\":\"ImageObject\",\"inLanguage\":\"vi-VN\",\"@id\":\"https:\\\/\\\/tandoorvietnam.com\\\/vi\\\/sanpham\\\/cac-mon-trang-mieng\\\/ca-rot-bao-ham-sua-va-gia-vi-chien-bo-tinh\\\/#primaryimage\",\"url\":\"https:\\\/\\\/tandoorvietnam.com\\\/wp-content\\\/uploads\\\/2020\\\/06\\\/Gajjar-Halwa.jpg\",\"contentUrl\":\"https:\\\/\\\/tandoorvietnam.com\\\/wp-content\\\/uploads\\\/2020\\\/06\\\/Gajjar-Halwa.jpg\",\"width\":1400,\"height\":1400,\"caption\":\"C\u00c0 R\u1ed0T B\u00c0O H\u1ea6M S\u1eeeA V\u00c0 GIA V\u1eca CHI\u00caN B\u01a0 TINH\"},{\"@type\":\"BreadcrumbList\",\"@id\":\"https:\\\/\\\/tandoorvietnam.com\\\/vi\\\/sanpham\\\/cac-mon-trang-mieng\\\/ca-rot-bao-ham-sua-va-gia-vi-chien-bo-tinh\\\/#breadcrumb\",\"itemListElement\":[{\"@type\":\"ListItem\",\"position\":1,\"name\":\"Trang Ch\u1ee7\",\"item\":\"https:\\\/\\\/tandoorvietnam.com\\\/vi\\\/\"},{\"@type\":\"ListItem\",\"position\":2,\"name\":\"Shop\",\"item\":\"https:\\\/\\\/tandoorvietnam.com\\\/shop\\\/\"},{\"@type\":\"ListItem\",\"position\":3,\"name\":\"C\u00c0 R\u1ed0T B\u00c0O H\u1ea6M S\u1eeeA V\u00c0 GIA V\u1eca CHI\u00caN B\u01a0 TINH\"}]},{\"@type\":\"WebSite\",\"@id\":\"https:\\\/\\\/tandoorvietnam.com\\\/vi\\\/#website\",\"url\":\"https:\\\/\\\/tandoorvietnam.com\\\/vi\\\/\",\"name\":\"Tandoor Vietnam\",\"description\":\"Nh\u00e0 h\u00e0ng ngon h\u1ed3 ch\u00ed minh\",\"publisher\":{\"@id\":\"https:\\\/\\\/tandoorvietnam.com\\\/vi\\\/#organization\"},\"potentialAction\":[{\"@type\":\"SearchAction\",\"target\":{\"@type\":\"EntryPoint\",\"urlTemplate\":\"https:\\\/\\\/tandoorvietnam.com\\\/vi\\\/?s={search_term_string}\"},\"query-input\":{\"@type\":\"PropertyValueSpecification\",\"valueRequired\":true,\"valueName\":\"search_term_string\"}}],\"inLanguage\":\"vi-VN\"},{\"@type\":\"Organization\",\"@id\":\"https:\\\/\\\/tandoorvietnam.com\\\/vi\\\/#organization\",\"name\":\"Tandoor Vietnam\",\"url\":\"https:\\\/\\\/tandoorvietnam.com\\\/vi\\\/\",\"logo\":{\"@type\":\"ImageObject\",\"inLanguage\":\"vi-VN\",\"@id\":\"https:\\\/\\\/tandoorvietnam.com\\\/vi\\\/#\\\/schema\\\/logo\\\/image\\\/\",\"url\":\"https:\\\/\\\/tandoorvietnam.com\\\/wp-content\\\/uploads\\\/2020\\\/07\\\/logo.png\",\"contentUrl\":\"https:\\\/\\\/tandoorvietnam.com\\\/wp-content\\\/uploads\\\/2020\\\/07\\\/logo.png\",\"width\":133,\"height\":75,\"caption\":\"Tandoor Vietnam\"},\"image\":{\"@id\":\"https:\\\/\\\/tandoorvietnam.com\\\/vi\\\/#\\\/schema\\\/logo\\\/image\\\/\"},\"sameAs\":[\"https:\\\/\\\/www.facebook.com\\\/tandoor.hcmc\\\/\"]}]}<\/script>\n<!-- \/ Yoast SEO Premium plugin. -->","yoast_head_json":{"title":"Gajjar Halwa C\u00c0 R\u1ed0T B\u00c0O H\u1ea6M S\u1eeeA V\u00c0 GIA V\u1eca CHI\u00caN B\u01a0 TINH","description":"Th\u01b0\u1edfng th\u1ee9c m\u00f3n tr\u00e1ng mi\u1ec7ng \u0111\u1ed9c \u0111\u00e1o t\u1eeb nh\u00e0 h\u00e0ng Tandoor Vietnam - c\u00e0 r\u1ed1t b\u00e0o h\u1ea7m s\u1eefa v\u00e0 b\u1ea1ch \u0111\u1eadu kh\u1ea5u, t\u1ea9m gia v\u1ecb v\u00e0 chi\u00ean gi\u00f2n.","robots":{"index":"index","follow":"follow","max-snippet":"max-snippet:-1","max-image-preview":"max-image-preview:large","max-video-preview":"max-video-preview:-1"},"canonical":"https:\/\/tandoorvietnam.com\/vi\/sanpham\/cac-mon-trang-mieng\/ca-rot-bao-ham-sua-va-gia-vi-chien-bo-tinh\/","og_locale":"vi_VN","og_type":"article","og_title":"C\u00c0 R\u1ed0T B\u00c0O H\u1ea6M S\u1eeeA V\u00c0 GIA V\u1eca CHI\u00caN B\u01a0 TINH","og_description":"Th\u01b0\u1edfng th\u1ee9c m\u00f3n tr\u00e1ng mi\u1ec7ng \u0111\u1ed9c \u0111\u00e1o t\u1eeb nh\u00e0 h\u00e0ng Tandoor Vietnam - c\u00e0 r\u1ed1t b\u00e0o h\u1ea7m s\u1eefa v\u00e0 b\u1ea1ch \u0111\u1eadu kh\u1ea5u, t\u1ea9m gia v\u1ecb v\u00e0 chi\u00ean gi\u00f2n.","og_url":"https:\/\/tandoorvietnam.com\/vi\/sanpham\/cac-mon-trang-mieng\/ca-rot-bao-ham-sua-va-gia-vi-chien-bo-tinh\/","og_site_name":"Tandoor Vi\u1ec7t Nam","article_publisher":"https:\/\/www.facebook.com\/tandoor.hcmc\/","article_modified_time":"2025-12-26T11:16:49+00:00","og_image":[{"width":1400,"height":1400,"url":"https:\/\/tandoorvietnam.com\/wp-content\/uploads\/2020\/06\/Gajjar-Halwa.jpg","type":"image\/jpeg"}],"twitter_card":"summary_large_image","twitter_misc":{"Est. reading time":"2 minutes"},"schema":{"@context":"https:\/\/schema.org","@graph":[{"@type":"WebPage","@id":"https:\/\/tandoorvietnam.com\/vi\/sanpham\/cac-mon-trang-mieng\/ca-rot-bao-ham-sua-va-gia-vi-chien-bo-tinh\/","url":"https:\/\/tandoorvietnam.com\/vi\/sanpham\/cac-mon-trang-mieng\/ca-rot-bao-ham-sua-va-gia-vi-chien-bo-tinh\/","name":"Gajjar Halwa C\u00c0 R\u1ed0T B\u00c0O H\u1ea6M S\u1eeeA V\u00c0 GIA V\u1eca CHI\u00caN B\u01a0 TINH","isPartOf":{"@id":"https:\/\/tandoorvietnam.com\/vi\/#website"},"primaryImageOfPage":{"@id":"https:\/\/tandoorvietnam.com\/vi\/sanpham\/cac-mon-trang-mieng\/ca-rot-bao-ham-sua-va-gia-vi-chien-bo-tinh\/#primaryimage"},"image":{"@id":"https:\/\/tandoorvietnam.com\/vi\/sanpham\/cac-mon-trang-mieng\/ca-rot-bao-ham-sua-va-gia-vi-chien-bo-tinh\/#primaryimage"},"thumbnailUrl":"https:\/\/tandoorvietnam.com\/wp-content\/uploads\/2020\/06\/Gajjar-Halwa.jpg","datePublished":"2020-06-15T16:20:50+00:00","dateModified":"2025-12-26T11:16:49+00:00","description":"Th\u01b0\u1edfng th\u1ee9c m\u00f3n tr\u00e1ng mi\u1ec7ng \u0111\u1ed9c \u0111\u00e1o t\u1eeb nh\u00e0 h\u00e0ng Tandoor Vietnam - c\u00e0 r\u1ed1t b\u00e0o h\u1ea7m s\u1eefa v\u00e0 b\u1ea1ch \u0111\u1eadu kh\u1ea5u, t\u1ea9m gia v\u1ecb v\u00e0 chi\u00ean gi\u00f2n.","breadcrumb":{"@id":"https:\/\/tandoorvietnam.com\/vi\/sanpham\/cac-mon-trang-mieng\/ca-rot-bao-ham-sua-va-gia-vi-chien-bo-tinh\/#breadcrumb"},"inLanguage":"vi-VN","potentialAction":[{"@type":"ReadAction","target":["https:\/\/tandoorvietnam.com\/vi\/sanpham\/cac-mon-trang-mieng\/ca-rot-bao-ham-sua-va-gia-vi-chien-bo-tinh\/"]}]},{"@type":"ImageObject","inLanguage":"vi-VN","@id":"https:\/\/tandoorvietnam.com\/vi\/sanpham\/cac-mon-trang-mieng\/ca-rot-bao-ham-sua-va-gia-vi-chien-bo-tinh\/#primaryimage","url":"https:\/\/tandoorvietnam.com\/wp-content\/uploads\/2020\/06\/Gajjar-Halwa.jpg","contentUrl":"https:\/\/tandoorvietnam.com\/wp-content\/uploads\/2020\/06\/Gajjar-Halwa.jpg","width":1400,"height":1400,"caption":"C\u00c0 R\u1ed0T B\u00c0O H\u1ea6M S\u1eeeA V\u00c0 GIA V\u1eca CHI\u00caN B\u01a0 TINH"},{"@type":"BreadcrumbList","@id":"https:\/\/tandoorvietnam.com\/vi\/sanpham\/cac-mon-trang-mieng\/ca-rot-bao-ham-sua-va-gia-vi-chien-bo-tinh\/#breadcrumb","itemListElement":[{"@type":"ListItem","position":1,"name":"Trang Ch\u1ee7","item":"https:\/\/tandoorvietnam.com\/vi\/"},{"@type":"ListItem","position":2,"name":"Shop","item":"https:\/\/tandoorvietnam.com\/shop\/"},{"@type":"ListItem","position":3,"name":"C\u00c0 R\u1ed0T B\u00c0O H\u1ea6M S\u1eeeA V\u00c0 GIA V\u1eca CHI\u00caN B\u01a0 TINH"}]},{"@type":"WebSite","@id":"https:\/\/tandoorvietnam.com\/vi\/#website","url":"https:\/\/tandoorvietnam.com\/vi\/","name":"Tandoor Vietnam","description":"Nh\u00e0 h\u00e0ng ngon h\u1ed3 ch\u00ed minh","publisher":{"@id":"https:\/\/tandoorvietnam.com\/vi\/#organization"},"potentialAction":[{"@type":"SearchAction","target":{"@type":"EntryPoint","urlTemplate":"https:\/\/tandoorvietnam.com\/vi\/?s={search_term_string}"},"query-input":{"@type":"PropertyValueSpecification","valueRequired":true,"valueName":"search_term_string"}}],"inLanguage":"vi-VN"},{"@type":"Organization","@id":"https:\/\/tandoorvietnam.com\/vi\/#organization","name":"Tandoor Vietnam","url":"https:\/\/tandoorvietnam.com\/vi\/","logo":{"@type":"ImageObject","inLanguage":"vi-VN","@id":"https:\/\/tandoorvietnam.com\/vi\/#\/schema\/logo\/image\/","url":"https:\/\/tandoorvietnam.com\/wp-content\/uploads\/2020\/07\/logo.png","contentUrl":"https:\/\/tandoorvietnam.com\/wp-content\/uploads\/2020\/07\/logo.png","width":133,"height":75,"caption":"Tandoor Vietnam"},"image":{"@id":"https:\/\/tandoorvietnam.com\/vi\/#\/schema\/logo\/image\/"},"sameAs":["https:\/\/www.facebook.com\/tandoor.hcmc\/"]}]}},"_links":{"self":[{"href":"https:\/\/tandoorvietnam.com\/vi\/wp-json\/wp\/v2\/product\/3360","targetHints":{"allow":["GET"]}}],"collection":[{"href":"https:\/\/tandoorvietnam.com\/vi\/wp-json\/wp\/v2\/product"}],"about":[{"href":"https:\/\/tandoorvietnam.com\/vi\/wp-json\/wp\/v2\/types\/product"}],"wp:featuredmedia":[{"embeddable":true,"href":"https:\/\/tandoorvietnam.com\/vi\/wp-json\/wp\/v2\/media\/3361"}],"wp:attachment":[{"href":"https:\/\/tandoorvietnam.com\/vi\/wp-json\/wp\/v2\/media?parent=3360"}],"wp:term":[{"taxonomy":"product_brand","embeddable":true,"href":"https:\/\/tandoorvietnam.com\/vi\/wp-json\/wp\/v2\/product_brand?post=3360"},{"taxonomy":"product_cat","embeddable":true,"href":"https:\/\/tandoorvietnam.com\/vi\/wp-json\/wp\/v2\/product_cat?post=3360"},{"taxonomy":"product_tag","embeddable":true,"href":"https:\/\/tandoorvietnam.com\/vi\/wp-json\/wp\/v2\/product_tag?post=3360"}],"curies":[{"name":"wp","href":"https:\/\/api.w.org\/{rel}","templated":true}]}}