{"id":3362,"date":"2020-06-15T16:20:23","date_gmt":"2020-06-15T16:20:23","guid":{"rendered":"http:\/\/tandoorvietnam.com\/product\/uncategorized\/bo-tuoi-khoya-chien-phu-siro-tam-huong-nghe-tay-va-hoa-hong\/"},"modified":"2025-12-26T18:17:09","modified_gmt":"2025-12-26T11:17:09","slug":"bo-tuoi-khoya-chien-phu-siro-tam-huong-nghe-tay-va-hoa-hong","status":"publish","type":"product","link":"https:\/\/tandoorvietnam.com\/vi\/sanpham\/cac-mon-trang-mieng\/bo-tuoi-khoya-chien-phu-siro-tam-huong-nghe-tay-va-hoa-hong\/","title":{"rendered":"B\u01a0 T\u01af\u01a0I KHOYA CHI\u00caN PH\u1ee6 SIR\u00d4 T\u1ea8M H\u01af\u01a0NG NGH\u1ec6 T\u00c2Y V\u00c0 HOA H\u1ed2NG"},"content":{"rendered":"<p>B\u01a1 T\u01b0\u01a1i Khoya chi\u00ean ph\u1ee7 Sir\u00f4 t\u1ea9m h\u01b0\u01a1ng Ngh\u1ec7 T\u00e2y v\u00e0 Hoa H\u1ed3ng (Gulab Jamoon) l\u00e0 m\u1ed9t m\u00f3n tr\u00e1ng mi\u1ec7ng \u0111\u1eb7c bi\u1ec7t t\u1ea1i Tandoor Vietnam. Ch\u00fang t\u00f4i s\u1eed d\u1ee5ng b\u01a1 t\u01b0\u01a1i ngon nh\u1ea5t v\u00e0 k\u1ebft h\u1ee3p v\u1edbi s\u1ef1 gi\u00e0u h\u01b0\u01a1ng v\u1ecb c\u1ee7a khoya, m\u1ed9t lo\u1ea1i s\u1eefa chua c\u00f4 \u0111\u1eb7c t\u1eeb \u1ea4n \u0110\u1ed9.<\/p>\n<p>\u0110\u1ea7u ti\u00ean, ch\u00fang t\u00f4i ch\u1ebf bi\u1ebfn b\u01a1 t\u01b0\u01a1i v\u00e0 khoya th\u00e0nh nh\u1eefng vi\u00ean nh\u1ecf v\u00e0 sau \u0111\u00f3 chi\u00ean ch\u00fang cho \u0111\u1ebfn khi c\u00f3 m\u00e0u v\u00e0ng v\u00e0 gi\u00f2n tan. Sau \u0111\u00f3, ch\u00fang t\u00f4i ph\u1ee7 b\u1ec1 m\u1eb7t c\u1ee7a b\u01a1 t\u01b0\u01a1i khoya chi\u00ean b\u1eb1ng m\u1ed9t l\u1edbp Sir\u00f4 t\u1ea9m h\u01b0\u01a1ng Ngh\u1ec7 T\u00e2y v\u00e0 Hoa H\u1ed3ng, t\u1ea1o n\u00ean m\u1ed9t h\u01b0\u01a1ng v\u1ecb \u0111\u1ed9c \u0111\u00e1o v\u00e0 h\u1ea5p d\u1eabn.<\/p>\n<p>M\u00f3n tr\u00e1ng mi\u1ec7ng Gulab Jamoon t\u1ea1i Tandoor Vietnam mang \u0111\u1ebfn cho b\u1ea1n tr\u1ea3i nghi\u1ec7m th\u00fa v\u1ecb v\u1ec1 h\u01b0\u01a1ng v\u1ecb v\u00e0 h\u00ecnh th\u1ee9c. B\u1ea1n s\u1ebd c\u1ea3m nh\u1eadn \u0111\u01b0\u1ee3c s\u1ef1 k\u1ebft h\u1ee3p ho\u00e0n h\u1ea3o gi\u1eefa v\u1ecb b\u00e9o ng\u1ecdt c\u1ee7a b\u01a1 t\u01b0\u01a1i v\u00e0 khoya, v\u1ecb th\u01a1m \u0111\u1eb7c tr\u01b0ng c\u1ee7a Ngh\u1ec7 T\u00e2y v\u00e0 h\u01b0\u01a1ng th\u01a1m m\u1ec1m m\u1ea1i c\u1ee7a Hoa H\u1ed3ng.<\/p>\n<p>M\u00f3n tr\u00e1ng mi\u1ec7ng n\u00e0y l\u00e0 s\u1ef1 k\u1ebft h\u1ee3p tinh t\u1ebf c\u1ee7a c\u00e1c nguy\u00ean li\u1ec7u v\u00e0 gia v\u1ecb, mang \u0111\u1ebfn cho b\u1ea1n m\u1ed9t h\u01b0\u01a1ng v\u1ecb \u0111\u1ed9c \u0111\u00e1o v\u00e0 th\u00fa v\u1ecb. B\u1ea1n c\u00f3 th\u1ec3 th\u01b0\u1edfng th\u1ee9c m\u00f3n Gulab Jamoon sau b\u1eefa \u0103n ch\u00ednh ho\u1eb7c l\u00e0m m\u1ed9t m\u00f3n tr\u00e1ng mi\u1ec7ng th\u00fa v\u1ecb cho b\u1eefa ti\u1ec7c.<\/p>\n<p><a href=\"https:\/\/tandoorvietnam.com\/vi\/\">Tandoor Vietnam<\/a> cam k\u1ebft cung c\u1ea5p cho b\u1ea1n nh\u1eefng m\u00f3n tr\u00e1ng mi\u1ec7ng \u0111\u1ed9c \u0111\u00e1o v\u00e0 t\u01b0\u01a1i ngon. B\u01a1 T\u01b0\u01a1i Khoya chi\u00ean ph\u1ee7 Sir\u00f4 t\u1ea9m h\u01b0\u01a1ng Ngh\u1ec7 T\u00e2y v\u00e0 Hoa H\u1ed3ng l\u00e0 m\u1ed9t l\u1ef1a ch\u1ecdn ho\u00e0n h\u1ea3o \u0111\u1ec3 k\u1ebft th\u00fac b\u1eefa \u0103n m\u1ed9t c\u00e1ch ng\u1ecdt ng\u00e0o v\u00e0 \u0111\u1eb7c bi\u1ec7t.<\/p>\n","protected":false},"excerpt":{"rendered":"<p><strong><u>M\u00f3n ng\u1ecdt \u1ea4n \u0110\u1ed9<\/u><\/strong><\/p>\n<p> <em>\u0110\u01b0\u1ee3c l\u00e0m t\u1eeb s\u1eefa b\u1ed9t, l\u00f2ng \u0111\u1ecf tr\u1ee9ng v\u00e0 b\u1ed9t \u0111\u1eadu g\u00e0.<\/em> <\/p>\n","protected":false},"featured_media":3363,"template":"","meta":[],"product_brand":[],"product_cat":[230],"product_tag":[],"class_list":{"0":"post-3362","1":"product","2":"type-product","3":"status-publish","4":"has-post-thumbnail","6":"product_cat-cac-mon-trang-mieng","8":"first","9":"instock","10":"taxable","11":"shipping-taxable","12":"purchasable","13":"product-type-simple"},"yoast_head":"<!-- This site is optimized with the Yoast SEO Premium plugin v22.3 (Yoast SEO v27.4) - https:\/\/yoast.com\/product\/yoast-seo-premium-wordpress\/ -->\n<title>B\u01a0 T\u01af\u01a0I KHOYA CHI\u00caN PH\u1ee6 SIR\u00d4 T\u1ea8M H\u01af\u01a0NG NGH\u1ec6 T\u00c2Y<\/title>\n<meta name=\"description\" content=\"M\u00f3n tr\u00e1ng mi\u1ec7ng \u0111\u1eb7c bi\u1ec7t - B\u01a1 T\u01b0\u01a1i Khoya chi\u00ean ph\u1ee7 Sir\u00f4 t\u1ea9m h\u01b0\u01a1ng Ngh\u1ec7 T\u00e2y v\u00e0 Hoa H\u1ed3ng. T\u1eadn h\u01b0\u1edfng h\u01b0\u01a1ng v\u1ecb \u0111\u1ed9c \u0111\u00e1o t\u1ea1i Tandoor Vietnam.\" \/>\n<meta name=\"robots\" content=\"index, follow, max-snippet:-1, max-image-preview:large, max-video-preview:-1\" \/>\n<link rel=\"canonical\" href=\"https:\/\/tandoorvietnam.com\/vi\/sanpham\/cac-mon-trang-mieng\/bo-tuoi-khoya-chien-phu-siro-tam-huong-nghe-tay-va-hoa-hong\/\" \/>\n<meta property=\"og:locale\" content=\"vi_VN\" \/>\n<meta property=\"og:type\" content=\"article\" \/>\n<meta property=\"og:title\" content=\"B\u01a0 T\u01af\u01a0I KHOYA CHI\u00caN PH\u1ee6 SIR\u00d4 T\u1ea8M H\u01af\u01a0NG NGH\u1ec6 T\u00c2Y V\u00c0 HOA H\u1ed2NG\" \/>\n<meta property=\"og:description\" content=\"M\u00f3n tr\u00e1ng mi\u1ec7ng \u0111\u1eb7c bi\u1ec7t - B\u01a1 T\u01b0\u01a1i Khoya chi\u00ean ph\u1ee7 Sir\u00f4 t\u1ea9m h\u01b0\u01a1ng Ngh\u1ec7 T\u00e2y v\u00e0 Hoa H\u1ed3ng. T\u1eadn h\u01b0\u1edfng h\u01b0\u01a1ng v\u1ecb \u0111\u1ed9c \u0111\u00e1o t\u1ea1i Tandoor Vietnam.\" \/>\n<meta property=\"og:url\" content=\"https:\/\/tandoorvietnam.com\/vi\/sanpham\/cac-mon-trang-mieng\/bo-tuoi-khoya-chien-phu-siro-tam-huong-nghe-tay-va-hoa-hong\/\" \/>\n<meta property=\"og:site_name\" content=\"Tandoor Vi\u1ec7t Nam\" \/>\n<meta property=\"article:publisher\" content=\"https:\/\/www.facebook.com\/tandoor.hcmc\/\" \/>\n<meta property=\"article:modified_time\" content=\"2025-12-26T11:17:09+00:00\" \/>\n<meta property=\"og:image\" content=\"https:\/\/tandoorvietnam.com\/wp-content\/uploads\/2020\/06\/Gulab-Jamoon.jpg\" \/>\n\t<meta property=\"og:image:width\" content=\"1400\" \/>\n\t<meta property=\"og:image:height\" content=\"1400\" \/>\n\t<meta property=\"og:image:type\" content=\"image\/jpeg\" \/>\n<meta name=\"twitter:card\" content=\"summary_large_image\" \/>\n<meta name=\"twitter:label1\" content=\"Est. reading time\" \/>\n\t<meta name=\"twitter:data1\" content=\"2 minutes\" \/>\n<script type=\"application\/ld+json\" class=\"yoast-schema-graph\">{\"@context\":\"https:\\\/\\\/schema.org\",\"@graph\":[{\"@type\":\"WebPage\",\"@id\":\"https:\\\/\\\/tandoorvietnam.com\\\/vi\\\/sanpham\\\/cac-mon-trang-mieng\\\/bo-tuoi-khoya-chien-phu-siro-tam-huong-nghe-tay-va-hoa-hong\\\/\",\"url\":\"https:\\\/\\\/tandoorvietnam.com\\\/vi\\\/sanpham\\\/cac-mon-trang-mieng\\\/bo-tuoi-khoya-chien-phu-siro-tam-huong-nghe-tay-va-hoa-hong\\\/\",\"name\":\"B\u01a0 T\u01af\u01a0I KHOYA CHI\u00caN PH\u1ee6 SIR\u00d4 T\u1ea8M H\u01af\u01a0NG NGH\u1ec6 T\u00c2Y\",\"isPartOf\":{\"@id\":\"https:\\\/\\\/tandoorvietnam.com\\\/vi\\\/#website\"},\"primaryImageOfPage\":{\"@id\":\"https:\\\/\\\/tandoorvietnam.com\\\/vi\\\/sanpham\\\/cac-mon-trang-mieng\\\/bo-tuoi-khoya-chien-phu-siro-tam-huong-nghe-tay-va-hoa-hong\\\/#primaryimage\"},\"image\":{\"@id\":\"https:\\\/\\\/tandoorvietnam.com\\\/vi\\\/sanpham\\\/cac-mon-trang-mieng\\\/bo-tuoi-khoya-chien-phu-siro-tam-huong-nghe-tay-va-hoa-hong\\\/#primaryimage\"},\"thumbnailUrl\":\"https:\\\/\\\/tandoorvietnam.com\\\/wp-content\\\/uploads\\\/2020\\\/06\\\/Gulab-Jamoon.jpg\",\"datePublished\":\"2020-06-15T16:20:23+00:00\",\"dateModified\":\"2025-12-26T11:17:09+00:00\",\"description\":\"M\u00f3n tr\u00e1ng mi\u1ec7ng \u0111\u1eb7c bi\u1ec7t - B\u01a1 T\u01b0\u01a1i Khoya chi\u00ean ph\u1ee7 Sir\u00f4 t\u1ea9m h\u01b0\u01a1ng Ngh\u1ec7 T\u00e2y v\u00e0 Hoa H\u1ed3ng. T\u1eadn h\u01b0\u1edfng h\u01b0\u01a1ng v\u1ecb \u0111\u1ed9c \u0111\u00e1o t\u1ea1i Tandoor Vietnam.\",\"breadcrumb\":{\"@id\":\"https:\\\/\\\/tandoorvietnam.com\\\/vi\\\/sanpham\\\/cac-mon-trang-mieng\\\/bo-tuoi-khoya-chien-phu-siro-tam-huong-nghe-tay-va-hoa-hong\\\/#breadcrumb\"},\"inLanguage\":\"vi-VN\",\"potentialAction\":[{\"@type\":\"ReadAction\",\"target\":[\"https:\\\/\\\/tandoorvietnam.com\\\/vi\\\/sanpham\\\/cac-mon-trang-mieng\\\/bo-tuoi-khoya-chien-phu-siro-tam-huong-nghe-tay-va-hoa-hong\\\/\"]}]},{\"@type\":\"ImageObject\",\"inLanguage\":\"vi-VN\",\"@id\":\"https:\\\/\\\/tandoorvietnam.com\\\/vi\\\/sanpham\\\/cac-mon-trang-mieng\\\/bo-tuoi-khoya-chien-phu-siro-tam-huong-nghe-tay-va-hoa-hong\\\/#primaryimage\",\"url\":\"https:\\\/\\\/tandoorvietnam.com\\\/wp-content\\\/uploads\\\/2020\\\/06\\\/Gulab-Jamoon.jpg\",\"contentUrl\":\"https:\\\/\\\/tandoorvietnam.com\\\/wp-content\\\/uploads\\\/2020\\\/06\\\/Gulab-Jamoon.jpg\",\"width\":1400,\"height\":1400,\"caption\":\"B\u01a0 T\u01af\u01a0I KHOYA CHI\u00caN PH\u1ee6 SIR\u00d4 T\u1ea8M H\u01af\u01a0NG NGH\u1ec6 T\u00c2Y V\u00c0 HOA H\u1ed2NG\"},{\"@type\":\"BreadcrumbList\",\"@id\":\"https:\\\/\\\/tandoorvietnam.com\\\/vi\\\/sanpham\\\/cac-mon-trang-mieng\\\/bo-tuoi-khoya-chien-phu-siro-tam-huong-nghe-tay-va-hoa-hong\\\/#breadcrumb\",\"itemListElement\":[{\"@type\":\"ListItem\",\"position\":1,\"name\":\"Trang Ch\u1ee7\",\"item\":\"https:\\\/\\\/tandoorvietnam.com\\\/vi\\\/\"},{\"@type\":\"ListItem\",\"position\":2,\"name\":\"Shop\",\"item\":\"https:\\\/\\\/tandoorvietnam.com\\\/shop\\\/\"},{\"@type\":\"ListItem\",\"position\":3,\"name\":\"B\u01a0 T\u01af\u01a0I KHOYA CHI\u00caN PH\u1ee6 SIR\u00d4 T\u1ea8M H\u01af\u01a0NG NGH\u1ec6 T\u00c2Y V\u00c0 HOA H\u1ed2NG\"}]},{\"@type\":\"WebSite\",\"@id\":\"https:\\\/\\\/tandoorvietnam.com\\\/vi\\\/#website\",\"url\":\"https:\\\/\\\/tandoorvietnam.com\\\/vi\\\/\",\"name\":\"Tandoor Vietnam\",\"description\":\"Nh\u00e0 h\u00e0ng ngon h\u1ed3 ch\u00ed minh\",\"publisher\":{\"@id\":\"https:\\\/\\\/tandoorvietnam.com\\\/vi\\\/#organization\"},\"potentialAction\":[{\"@type\":\"SearchAction\",\"target\":{\"@type\":\"EntryPoint\",\"urlTemplate\":\"https:\\\/\\\/tandoorvietnam.com\\\/vi\\\/?s={search_term_string}\"},\"query-input\":{\"@type\":\"PropertyValueSpecification\",\"valueRequired\":true,\"valueName\":\"search_term_string\"}}],\"inLanguage\":\"vi-VN\"},{\"@type\":\"Organization\",\"@id\":\"https:\\\/\\\/tandoorvietnam.com\\\/vi\\\/#organization\",\"name\":\"Tandoor Vietnam\",\"url\":\"https:\\\/\\\/tandoorvietnam.com\\\/vi\\\/\",\"logo\":{\"@type\":\"ImageObject\",\"inLanguage\":\"vi-VN\",\"@id\":\"https:\\\/\\\/tandoorvietnam.com\\\/vi\\\/#\\\/schema\\\/logo\\\/image\\\/\",\"url\":\"https:\\\/\\\/tandoorvietnam.com\\\/wp-content\\\/uploads\\\/2020\\\/07\\\/logo.png\",\"contentUrl\":\"https:\\\/\\\/tandoorvietnam.com\\\/wp-content\\\/uploads\\\/2020\\\/07\\\/logo.png\",\"width\":133,\"height\":75,\"caption\":\"Tandoor Vietnam\"},\"image\":{\"@id\":\"https:\\\/\\\/tandoorvietnam.com\\\/vi\\\/#\\\/schema\\\/logo\\\/image\\\/\"},\"sameAs\":[\"https:\\\/\\\/www.facebook.com\\\/tandoor.hcmc\\\/\"]}]}<\/script>\n<!-- \/ Yoast SEO Premium plugin. -->","yoast_head_json":{"title":"B\u01a0 T\u01af\u01a0I KHOYA CHI\u00caN PH\u1ee6 SIR\u00d4 T\u1ea8M H\u01af\u01a0NG NGH\u1ec6 T\u00c2Y","description":"M\u00f3n tr\u00e1ng mi\u1ec7ng \u0111\u1eb7c bi\u1ec7t - B\u01a1 T\u01b0\u01a1i Khoya chi\u00ean ph\u1ee7 Sir\u00f4 t\u1ea9m h\u01b0\u01a1ng Ngh\u1ec7 T\u00e2y v\u00e0 Hoa H\u1ed3ng. T\u1eadn h\u01b0\u1edfng h\u01b0\u01a1ng v\u1ecb \u0111\u1ed9c \u0111\u00e1o t\u1ea1i Tandoor Vietnam.","robots":{"index":"index","follow":"follow","max-snippet":"max-snippet:-1","max-image-preview":"max-image-preview:large","max-video-preview":"max-video-preview:-1"},"canonical":"https:\/\/tandoorvietnam.com\/vi\/sanpham\/cac-mon-trang-mieng\/bo-tuoi-khoya-chien-phu-siro-tam-huong-nghe-tay-va-hoa-hong\/","og_locale":"vi_VN","og_type":"article","og_title":"B\u01a0 T\u01af\u01a0I KHOYA CHI\u00caN PH\u1ee6 SIR\u00d4 T\u1ea8M H\u01af\u01a0NG NGH\u1ec6 T\u00c2Y V\u00c0 HOA H\u1ed2NG","og_description":"M\u00f3n tr\u00e1ng mi\u1ec7ng \u0111\u1eb7c bi\u1ec7t - B\u01a1 T\u01b0\u01a1i Khoya chi\u00ean ph\u1ee7 Sir\u00f4 t\u1ea9m h\u01b0\u01a1ng Ngh\u1ec7 T\u00e2y v\u00e0 Hoa H\u1ed3ng. T\u1eadn h\u01b0\u1edfng h\u01b0\u01a1ng v\u1ecb \u0111\u1ed9c \u0111\u00e1o t\u1ea1i Tandoor Vietnam.","og_url":"https:\/\/tandoorvietnam.com\/vi\/sanpham\/cac-mon-trang-mieng\/bo-tuoi-khoya-chien-phu-siro-tam-huong-nghe-tay-va-hoa-hong\/","og_site_name":"Tandoor Vi\u1ec7t Nam","article_publisher":"https:\/\/www.facebook.com\/tandoor.hcmc\/","article_modified_time":"2025-12-26T11:17:09+00:00","og_image":[{"width":1400,"height":1400,"url":"https:\/\/tandoorvietnam.com\/wp-content\/uploads\/2020\/06\/Gulab-Jamoon.jpg","type":"image\/jpeg"}],"twitter_card":"summary_large_image","twitter_misc":{"Est. reading time":"2 minutes"},"schema":{"@context":"https:\/\/schema.org","@graph":[{"@type":"WebPage","@id":"https:\/\/tandoorvietnam.com\/vi\/sanpham\/cac-mon-trang-mieng\/bo-tuoi-khoya-chien-phu-siro-tam-huong-nghe-tay-va-hoa-hong\/","url":"https:\/\/tandoorvietnam.com\/vi\/sanpham\/cac-mon-trang-mieng\/bo-tuoi-khoya-chien-phu-siro-tam-huong-nghe-tay-va-hoa-hong\/","name":"B\u01a0 T\u01af\u01a0I KHOYA CHI\u00caN PH\u1ee6 SIR\u00d4 T\u1ea8M H\u01af\u01a0NG NGH\u1ec6 T\u00c2Y","isPartOf":{"@id":"https:\/\/tandoorvietnam.com\/vi\/#website"},"primaryImageOfPage":{"@id":"https:\/\/tandoorvietnam.com\/vi\/sanpham\/cac-mon-trang-mieng\/bo-tuoi-khoya-chien-phu-siro-tam-huong-nghe-tay-va-hoa-hong\/#primaryimage"},"image":{"@id":"https:\/\/tandoorvietnam.com\/vi\/sanpham\/cac-mon-trang-mieng\/bo-tuoi-khoya-chien-phu-siro-tam-huong-nghe-tay-va-hoa-hong\/#primaryimage"},"thumbnailUrl":"https:\/\/tandoorvietnam.com\/wp-content\/uploads\/2020\/06\/Gulab-Jamoon.jpg","datePublished":"2020-06-15T16:20:23+00:00","dateModified":"2025-12-26T11:17:09+00:00","description":"M\u00f3n tr\u00e1ng mi\u1ec7ng \u0111\u1eb7c bi\u1ec7t - B\u01a1 T\u01b0\u01a1i Khoya chi\u00ean ph\u1ee7 Sir\u00f4 t\u1ea9m h\u01b0\u01a1ng Ngh\u1ec7 T\u00e2y v\u00e0 Hoa H\u1ed3ng. T\u1eadn h\u01b0\u1edfng h\u01b0\u01a1ng v\u1ecb \u0111\u1ed9c \u0111\u00e1o t\u1ea1i Tandoor Vietnam.","breadcrumb":{"@id":"https:\/\/tandoorvietnam.com\/vi\/sanpham\/cac-mon-trang-mieng\/bo-tuoi-khoya-chien-phu-siro-tam-huong-nghe-tay-va-hoa-hong\/#breadcrumb"},"inLanguage":"vi-VN","potentialAction":[{"@type":"ReadAction","target":["https:\/\/tandoorvietnam.com\/vi\/sanpham\/cac-mon-trang-mieng\/bo-tuoi-khoya-chien-phu-siro-tam-huong-nghe-tay-va-hoa-hong\/"]}]},{"@type":"ImageObject","inLanguage":"vi-VN","@id":"https:\/\/tandoorvietnam.com\/vi\/sanpham\/cac-mon-trang-mieng\/bo-tuoi-khoya-chien-phu-siro-tam-huong-nghe-tay-va-hoa-hong\/#primaryimage","url":"https:\/\/tandoorvietnam.com\/wp-content\/uploads\/2020\/06\/Gulab-Jamoon.jpg","contentUrl":"https:\/\/tandoorvietnam.com\/wp-content\/uploads\/2020\/06\/Gulab-Jamoon.jpg","width":1400,"height":1400,"caption":"B\u01a0 T\u01af\u01a0I KHOYA CHI\u00caN PH\u1ee6 SIR\u00d4 T\u1ea8M H\u01af\u01a0NG NGH\u1ec6 T\u00c2Y V\u00c0 HOA H\u1ed2NG"},{"@type":"BreadcrumbList","@id":"https:\/\/tandoorvietnam.com\/vi\/sanpham\/cac-mon-trang-mieng\/bo-tuoi-khoya-chien-phu-siro-tam-huong-nghe-tay-va-hoa-hong\/#breadcrumb","itemListElement":[{"@type":"ListItem","position":1,"name":"Trang Ch\u1ee7","item":"https:\/\/tandoorvietnam.com\/vi\/"},{"@type":"ListItem","position":2,"name":"Shop","item":"https:\/\/tandoorvietnam.com\/shop\/"},{"@type":"ListItem","position":3,"name":"B\u01a0 T\u01af\u01a0I KHOYA CHI\u00caN PH\u1ee6 SIR\u00d4 T\u1ea8M H\u01af\u01a0NG NGH\u1ec6 T\u00c2Y V\u00c0 HOA H\u1ed2NG"}]},{"@type":"WebSite","@id":"https:\/\/tandoorvietnam.com\/vi\/#website","url":"https:\/\/tandoorvietnam.com\/vi\/","name":"Tandoor Vietnam","description":"Nh\u00e0 h\u00e0ng ngon h\u1ed3 ch\u00ed minh","publisher":{"@id":"https:\/\/tandoorvietnam.com\/vi\/#organization"},"potentialAction":[{"@type":"SearchAction","target":{"@type":"EntryPoint","urlTemplate":"https:\/\/tandoorvietnam.com\/vi\/?s={search_term_string}"},"query-input":{"@type":"PropertyValueSpecification","valueRequired":true,"valueName":"search_term_string"}}],"inLanguage":"vi-VN"},{"@type":"Organization","@id":"https:\/\/tandoorvietnam.com\/vi\/#organization","name":"Tandoor Vietnam","url":"https:\/\/tandoorvietnam.com\/vi\/","logo":{"@type":"ImageObject","inLanguage":"vi-VN","@id":"https:\/\/tandoorvietnam.com\/vi\/#\/schema\/logo\/image\/","url":"https:\/\/tandoorvietnam.com\/wp-content\/uploads\/2020\/07\/logo.png","contentUrl":"https:\/\/tandoorvietnam.com\/wp-content\/uploads\/2020\/07\/logo.png","width":133,"height":75,"caption":"Tandoor Vietnam"},"image":{"@id":"https:\/\/tandoorvietnam.com\/vi\/#\/schema\/logo\/image\/"},"sameAs":["https:\/\/www.facebook.com\/tandoor.hcmc\/"]}]}},"_links":{"self":[{"href":"https:\/\/tandoorvietnam.com\/vi\/wp-json\/wp\/v2\/product\/3362","targetHints":{"allow":["GET"]}}],"collection":[{"href":"https:\/\/tandoorvietnam.com\/vi\/wp-json\/wp\/v2\/product"}],"about":[{"href":"https:\/\/tandoorvietnam.com\/vi\/wp-json\/wp\/v2\/types\/product"}],"wp:featuredmedia":[{"embeddable":true,"href":"https:\/\/tandoorvietnam.com\/vi\/wp-json\/wp\/v2\/media\/3363"}],"wp:attachment":[{"href":"https:\/\/tandoorvietnam.com\/vi\/wp-json\/wp\/v2\/media?parent=3362"}],"wp:term":[{"taxonomy":"product_brand","embeddable":true,"href":"https:\/\/tandoorvietnam.com\/vi\/wp-json\/wp\/v2\/product_brand?post=3362"},{"taxonomy":"product_cat","embeddable":true,"href":"https:\/\/tandoorvietnam.com\/vi\/wp-json\/wp\/v2\/product_cat?post=3362"},{"taxonomy":"product_tag","embeddable":true,"href":"https:\/\/tandoorvietnam.com\/vi\/wp-json\/wp\/v2\/product_tag?post=3362"}],"curies":[{"name":"wp","href":"https:\/\/api.w.org\/{rel}","templated":true}]}}