{"id":3374,"date":"2020-06-15T16:24:31","date_gmt":"2020-06-15T16:24:31","guid":{"rendered":"http:\/\/tandoorvietnam.com\/product\/uncategorized\/kem-sua-nau-tam-huong-nghe-tay-va-hat-ho-tran\/"},"modified":"2023-05-12T00:41:04","modified_gmt":"2023-05-12T00:41:04","slug":"kem-sua-nau-tam-huong-nghe-tay-va-hat-ho-tran","status":"publish","type":"product","link":"https:\/\/tandoorvietnam.com\/vi\/sanpham\/cac-mon-trang-mieng\/kem-sua-nau-tam-huong-nghe-tay-va-hat-ho-tran\/","title":{"rendered":"Kulfi (KEM S\u1eeeA N\u1ea4U T\u1ea8M H\u01af\u01a0NG NGH\u1ec6 T\u00c2Y V\u00c0 H\u1ea0T H\u1ed2 TR\u0102N)"},"content":{"rendered":"<p>Kem s\u1eefa n\u1ea5u t\u1ea9m h\u01b0\u01a1ng ngh\u1ec7 t\u00e2y v\u00e0 h\u1ea1t h\u1ed3 tr\u0103n l\u00e0 m\u00f3n tr\u00e1ng mi\u1ec7ng \u0111\u01b0\u1ee3c y\u00eau th\u00edch t\u1ea1i Tandoor Vietnam. V\u1edbi h\u01b0\u01a1ng v\u1ecb \u0111\u1eadm \u0111\u00e0, b\u00e9o ng\u1eady v\u00e0 s\u1ef1 k\u1ebft h\u1ee3p tinh t\u1ebf gi\u1eefa h\u01b0\u01a1ng v\u1ecb ngh\u1ec7 t\u00e2y v\u00e0 h\u1ea1t h\u1ed3 tr\u0103n gi\u00fap t\u1ea1o n\u00ean m\u1ed9t h\u01b0\u01a1ng v\u1ecb tuy\u1ec7t v\u1eddi.<\/p>\n<p>Kem s\u1eefa n\u1ea5u t\u1ea9m h\u01b0\u01a1ng ngh\u1ec7 t\u00e2y v\u00e0 h\u1ea1t h\u1ed3 tr\u0103n \u0111\u01b0\u1ee3c ch\u1ebf bi\u1ebfn t\u1eeb nh\u1eefng nguy\u00ean li\u1ec7u tinh t\u00fay nh\u01b0 s\u1eefa t\u01b0\u01a1i, \u0111\u01b0\u1eddng c\u00e1t tr\u1eafng, h\u1ea1t h\u1ed3 tr\u0103n v\u00e0 ngh\u1ec7 t\u00e2y. S\u1eefa \u0111\u01b0\u1ee3c n\u1ea5u ch\u1eadm tr\u00ean l\u1eeda nh\u1ecf \u0111\u1ec3 gi\u1eef nguy\u00ean h\u01b0\u01a1ng v\u1ecb c\u1ee7a s\u1eefa, \u0111\u1ed3ng th\u1eddi l\u00e0m cho kem m\u1ec1m m\u1ecbn h\u01a1n. Ngh\u1ec7 t\u00e2y v\u00e0 h\u1ea1t h\u1ed3 tr\u0103n \u0111\u01b0\u1ee3c s\u1eed d\u1ee5ng \u0111\u1ec3 t\u0103ng c\u01b0\u1eddng h\u01b0\u01a1ng v\u1ecb \u0111\u1eb7c tr\u01b0ng c\u1ee7a kem v\u00e0 gi\u00fap cho kem tr\u1edf n\u00ean th\u01a1m ngon h\u01a1n.<\/p>\n<p>Kulfi c\u00f3 th\u1ec3 \u0111\u01b0\u1ee3c th\u01b0\u1edfng th\u1ee9c m\u1ed9t m\u00ecnh ho\u1eb7c k\u1ebft h\u1ee3p v\u1edbi c\u00e1c lo\u1ea1i tr\u00e1i c\u00e2y t\u01b0\u01a1i nh\u01b0 d\u00e2u, vi\u1ec7t qu\u1ea5t, xo\u00e0i ho\u1eb7c chu\u1ed1i. \u0110\u00e2y l\u00e0 m\u1ed9t m\u00f3n tr\u00e1ng mi\u1ec7ng l\u00fd t\u01b0\u1edfng \u0111\u1ec3 k\u1ebft th\u00fac b\u1eefa \u0103n, \u0111\u1eb7c bi\u1ec7t l\u00e0 v\u00e0o nh\u1eefng ng\u00e0y h\u00e8 n\u00f3ng b\u1ee9c.<\/p>\n<p>N\u1ebfu b\u1ea1n \u0111ang t\u00ecm ki\u1ebfm m\u1ed9t m\u00f3n tr\u00e1ng mi\u1ec7ng ngon v\u00e0 l\u1ea1 mi\u1ec7ng \u0111\u1ec3 th\u01b0\u1edfng th\u1ee9c t\u1ea1i <a href=\"https:\/\/tandoorvietnam.com\/\">Tandoor Vietnam<\/a>, th\u00ec kem s\u1eefa n\u1ea5u t\u1ea9m h\u01b0\u01a1ng ngh\u1ec7 t\u00e2y v\u00e0 h\u1ea1t h\u1ed3 tr\u0103n l\u00e0 m\u1ed9t s\u1ef1 l\u1ef1a ch\u1ecdn tuy\u1ec7t v\u1eddi. H\u00e3y gh\u00e9 th\u0103m nh\u00e0 h\u00e0ng c\u1ee7a ch\u00fang t\u00f4i \u0111\u1ec3 tr\u1ea3i nghi\u1ec7m h\u01b0\u01a1ng v\u1ecb \u0111\u1eb7c bi\u1ec7t n\u00e0y v\u00e0 c\u00f9ng t\u1eadn h\u01b0\u1edfng nh\u1eefng kho\u1ea3nh kh\u1eafc th\u00fa v\u1ecb b\u00ean gia \u0111\u00ecnh v\u00e0 b\u1ea1n b\u00e8.<\/p>\n","protected":false},"excerpt":{"rendered":"<p><em>Kem \u1ea4n \u0110\u1ed9 nh\u00e0 l\u00e0m v\u1edbi s\u1eefa t\u01b0\u01a1i, h\u1ea1nh nh\u00e2n, b\u1ea1ch \u0111\u1eadu kh\u1ea5u v\u00e0 ngh\u1ec7 t\u00e2y<\/em><\/p>\n","protected":false},"featured_media":3375,"template":"","meta":[],"product_brand":[],"product_cat":[230],"product_tag":[],"class_list":{"0":"post-3374","1":"product","2":"type-product","3":"status-publish","4":"has-post-thumbnail","6":"product_cat-cac-mon-trang-mieng","8":"first","9":"instock","10":"taxable","11":"shipping-taxable","12":"purchasable","13":"product-type-simple"},"yoast_head":"<!-- This site is optimized with the Yoast SEO Premium plugin v22.3 (Yoast SEO v27.4) - https:\/\/yoast.com\/product\/yoast-seo-premium-wordpress\/ -->\n<title>KEM S\u1eeeA N\u1ea4U T\u1ea8M H\u01af\u01a0NG NGH\u1ec6 T\u00c2Y V\u00c0 H\u1ea0T H\u1ed2 TR\u0102N<\/title>\n<meta name=\"description\" content=\"Th\u01b0\u1edfng th\u1ee9c kem s\u1eefa n\u1ea5u t\u1ea9m h\u01b0\u01a1ng ngh\u1ec7 t\u00e2y v\u00e0 h\u1ea1t h\u1ed3 tr\u0103n t\u1ea1i Tandoor Vietnam, m\u00f3n tr\u00e1ng mi\u1ec7ng \u0111\u1ed9c \u0111\u00e1o v\u00e0 th\u01a1m ngon t\u1eeb \u1ea4n \u0110\u1ed9.\" \/>\n<meta name=\"robots\" content=\"index, follow, max-snippet:-1, max-image-preview:large, max-video-preview:-1\" \/>\n<link rel=\"canonical\" href=\"https:\/\/tandoorvietnam.com\/vi\/sanpham\/cac-mon-trang-mieng\/kem-sua-nau-tam-huong-nghe-tay-va-hat-ho-tran\/\" \/>\n<meta property=\"og:locale\" content=\"vi_VN\" \/>\n<meta property=\"og:type\" content=\"article\" \/>\n<meta property=\"og:title\" content=\"Kulfi (KEM S\u1eeeA N\u1ea4U T\u1ea8M H\u01af\u01a0NG NGH\u1ec6 T\u00c2Y V\u00c0 H\u1ea0T H\u1ed2 TR\u0102N)\" \/>\n<meta property=\"og:description\" content=\"Th\u01b0\u1edfng th\u1ee9c kem s\u1eefa n\u1ea5u t\u1ea9m h\u01b0\u01a1ng ngh\u1ec7 t\u00e2y v\u00e0 h\u1ea1t h\u1ed3 tr\u0103n t\u1ea1i Tandoor Vietnam, m\u00f3n tr\u00e1ng mi\u1ec7ng \u0111\u1ed9c \u0111\u00e1o v\u00e0 th\u01a1m ngon t\u1eeb \u1ea4n \u0110\u1ed9.\" \/>\n<meta property=\"og:url\" content=\"https:\/\/tandoorvietnam.com\/vi\/sanpham\/cac-mon-trang-mieng\/kem-sua-nau-tam-huong-nghe-tay-va-hat-ho-tran\/\" \/>\n<meta property=\"og:site_name\" content=\"Tandoor Vi\u1ec7t Nam\" \/>\n<meta property=\"article:publisher\" content=\"https:\/\/www.facebook.com\/tandoor.hcmc\/\" \/>\n<meta property=\"article:modified_time\" content=\"2023-05-12T00:41:04+00:00\" \/>\n<meta property=\"og:image\" content=\"https:\/\/tandoorvietnam.com\/wp-content\/uploads\/2020\/06\/Kulfi.jpg\" \/>\n\t<meta property=\"og:image:width\" content=\"1400\" \/>\n\t<meta property=\"og:image:height\" content=\"1400\" \/>\n\t<meta property=\"og:image:type\" content=\"image\/jpeg\" \/>\n<meta name=\"twitter:card\" content=\"summary_large_image\" \/>\n<meta name=\"twitter:label1\" content=\"Est. reading time\" \/>\n\t<meta name=\"twitter:data1\" content=\"2 minutes\" \/>\n<script type=\"application\/ld+json\" class=\"yoast-schema-graph\">{\"@context\":\"https:\\\/\\\/schema.org\",\"@graph\":[{\"@type\":\"WebPage\",\"@id\":\"https:\\\/\\\/tandoorvietnam.com\\\/vi\\\/sanpham\\\/cac-mon-trang-mieng\\\/kem-sua-nau-tam-huong-nghe-tay-va-hat-ho-tran\\\/\",\"url\":\"https:\\\/\\\/tandoorvietnam.com\\\/vi\\\/sanpham\\\/cac-mon-trang-mieng\\\/kem-sua-nau-tam-huong-nghe-tay-va-hat-ho-tran\\\/\",\"name\":\"KEM S\u1eeeA N\u1ea4U T\u1ea8M H\u01af\u01a0NG NGH\u1ec6 T\u00c2Y V\u00c0 H\u1ea0T H\u1ed2 TR\u0102N\",\"isPartOf\":{\"@id\":\"https:\\\/\\\/tandoorvietnam.com\\\/vi\\\/#website\"},\"primaryImageOfPage\":{\"@id\":\"https:\\\/\\\/tandoorvietnam.com\\\/vi\\\/sanpham\\\/cac-mon-trang-mieng\\\/kem-sua-nau-tam-huong-nghe-tay-va-hat-ho-tran\\\/#primaryimage\"},\"image\":{\"@id\":\"https:\\\/\\\/tandoorvietnam.com\\\/vi\\\/sanpham\\\/cac-mon-trang-mieng\\\/kem-sua-nau-tam-huong-nghe-tay-va-hat-ho-tran\\\/#primaryimage\"},\"thumbnailUrl\":\"https:\\\/\\\/tandoorvietnam.com\\\/wp-content\\\/uploads\\\/2020\\\/06\\\/Kulfi.jpg\",\"datePublished\":\"2020-06-15T16:24:31+00:00\",\"dateModified\":\"2023-05-12T00:41:04+00:00\",\"description\":\"Th\u01b0\u1edfng th\u1ee9c kem s\u1eefa n\u1ea5u t\u1ea9m h\u01b0\u01a1ng ngh\u1ec7 t\u00e2y v\u00e0 h\u1ea1t h\u1ed3 tr\u0103n t\u1ea1i Tandoor Vietnam, m\u00f3n tr\u00e1ng mi\u1ec7ng \u0111\u1ed9c \u0111\u00e1o v\u00e0 th\u01a1m ngon t\u1eeb \u1ea4n \u0110\u1ed9.\",\"breadcrumb\":{\"@id\":\"https:\\\/\\\/tandoorvietnam.com\\\/vi\\\/sanpham\\\/cac-mon-trang-mieng\\\/kem-sua-nau-tam-huong-nghe-tay-va-hat-ho-tran\\\/#breadcrumb\"},\"inLanguage\":\"vi-VN\",\"potentialAction\":[{\"@type\":\"ReadAction\",\"target\":[\"https:\\\/\\\/tandoorvietnam.com\\\/vi\\\/sanpham\\\/cac-mon-trang-mieng\\\/kem-sua-nau-tam-huong-nghe-tay-va-hat-ho-tran\\\/\"]}]},{\"@type\":\"ImageObject\",\"inLanguage\":\"vi-VN\",\"@id\":\"https:\\\/\\\/tandoorvietnam.com\\\/vi\\\/sanpham\\\/cac-mon-trang-mieng\\\/kem-sua-nau-tam-huong-nghe-tay-va-hat-ho-tran\\\/#primaryimage\",\"url\":\"https:\\\/\\\/tandoorvietnam.com\\\/wp-content\\\/uploads\\\/2020\\\/06\\\/Kulfi.jpg\",\"contentUrl\":\"https:\\\/\\\/tandoorvietnam.com\\\/wp-content\\\/uploads\\\/2020\\\/06\\\/Kulfi.jpg\",\"width\":1400,\"height\":1400,\"caption\":\"KEM S\u1eeeA N\u1ea4U T\u1ea8M H\u01af\u01a0NG NGH\u1ec6 T\u00c2Y V\u00c0 H\u1ea0T H\u1ed2 TR\u0102N\"},{\"@type\":\"BreadcrumbList\",\"@id\":\"https:\\\/\\\/tandoorvietnam.com\\\/vi\\\/sanpham\\\/cac-mon-trang-mieng\\\/kem-sua-nau-tam-huong-nghe-tay-va-hat-ho-tran\\\/#breadcrumb\",\"itemListElement\":[{\"@type\":\"ListItem\",\"position\":1,\"name\":\"Trang Ch\u1ee7\",\"item\":\"https:\\\/\\\/tandoorvietnam.com\\\/vi\\\/\"},{\"@type\":\"ListItem\",\"position\":2,\"name\":\"Shop\",\"item\":\"https:\\\/\\\/tandoorvietnam.com\\\/shop\\\/\"},{\"@type\":\"ListItem\",\"position\":3,\"name\":\"Kulfi (KEM S\u1eeeA N\u1ea4U T\u1ea8M H\u01af\u01a0NG NGH\u1ec6 T\u00c2Y V\u00c0 H\u1ea0T H\u1ed2 TR\u0102N)\"}]},{\"@type\":\"WebSite\",\"@id\":\"https:\\\/\\\/tandoorvietnam.com\\\/vi\\\/#website\",\"url\":\"https:\\\/\\\/tandoorvietnam.com\\\/vi\\\/\",\"name\":\"Tandoor Vietnam\",\"description\":\"Nh\u00e0 h\u00e0ng ngon h\u1ed3 ch\u00ed minh\",\"publisher\":{\"@id\":\"https:\\\/\\\/tandoorvietnam.com\\\/vi\\\/#organization\"},\"potentialAction\":[{\"@type\":\"SearchAction\",\"target\":{\"@type\":\"EntryPoint\",\"urlTemplate\":\"https:\\\/\\\/tandoorvietnam.com\\\/vi\\\/?s={search_term_string}\"},\"query-input\":{\"@type\":\"PropertyValueSpecification\",\"valueRequired\":true,\"valueName\":\"search_term_string\"}}],\"inLanguage\":\"vi-VN\"},{\"@type\":\"Organization\",\"@id\":\"https:\\\/\\\/tandoorvietnam.com\\\/vi\\\/#organization\",\"name\":\"Tandoor Vietnam\",\"url\":\"https:\\\/\\\/tandoorvietnam.com\\\/vi\\\/\",\"logo\":{\"@type\":\"ImageObject\",\"inLanguage\":\"vi-VN\",\"@id\":\"https:\\\/\\\/tandoorvietnam.com\\\/vi\\\/#\\\/schema\\\/logo\\\/image\\\/\",\"url\":\"https:\\\/\\\/tandoorvietnam.com\\\/wp-content\\\/uploads\\\/2020\\\/07\\\/logo.png\",\"contentUrl\":\"https:\\\/\\\/tandoorvietnam.com\\\/wp-content\\\/uploads\\\/2020\\\/07\\\/logo.png\",\"width\":133,\"height\":75,\"caption\":\"Tandoor Vietnam\"},\"image\":{\"@id\":\"https:\\\/\\\/tandoorvietnam.com\\\/vi\\\/#\\\/schema\\\/logo\\\/image\\\/\"},\"sameAs\":[\"https:\\\/\\\/www.facebook.com\\\/tandoor.hcmc\\\/\"]}]}<\/script>\n<!-- \/ Yoast SEO Premium plugin. -->","yoast_head_json":{"title":"KEM S\u1eeeA N\u1ea4U T\u1ea8M H\u01af\u01a0NG NGH\u1ec6 T\u00c2Y V\u00c0 H\u1ea0T H\u1ed2 TR\u0102N","description":"Th\u01b0\u1edfng th\u1ee9c kem s\u1eefa n\u1ea5u t\u1ea9m h\u01b0\u01a1ng ngh\u1ec7 t\u00e2y v\u00e0 h\u1ea1t h\u1ed3 tr\u0103n t\u1ea1i Tandoor Vietnam, m\u00f3n tr\u00e1ng mi\u1ec7ng \u0111\u1ed9c \u0111\u00e1o v\u00e0 th\u01a1m ngon t\u1eeb \u1ea4n \u0110\u1ed9.","robots":{"index":"index","follow":"follow","max-snippet":"max-snippet:-1","max-image-preview":"max-image-preview:large","max-video-preview":"max-video-preview:-1"},"canonical":"https:\/\/tandoorvietnam.com\/vi\/sanpham\/cac-mon-trang-mieng\/kem-sua-nau-tam-huong-nghe-tay-va-hat-ho-tran\/","og_locale":"vi_VN","og_type":"article","og_title":"Kulfi (KEM S\u1eeeA N\u1ea4U T\u1ea8M H\u01af\u01a0NG NGH\u1ec6 T\u00c2Y V\u00c0 H\u1ea0T H\u1ed2 TR\u0102N)","og_description":"Th\u01b0\u1edfng th\u1ee9c kem s\u1eefa n\u1ea5u t\u1ea9m h\u01b0\u01a1ng ngh\u1ec7 t\u00e2y v\u00e0 h\u1ea1t h\u1ed3 tr\u0103n t\u1ea1i Tandoor Vietnam, m\u00f3n tr\u00e1ng mi\u1ec7ng \u0111\u1ed9c \u0111\u00e1o v\u00e0 th\u01a1m ngon t\u1eeb \u1ea4n \u0110\u1ed9.","og_url":"https:\/\/tandoorvietnam.com\/vi\/sanpham\/cac-mon-trang-mieng\/kem-sua-nau-tam-huong-nghe-tay-va-hat-ho-tran\/","og_site_name":"Tandoor Vi\u1ec7t Nam","article_publisher":"https:\/\/www.facebook.com\/tandoor.hcmc\/","article_modified_time":"2023-05-12T00:41:04+00:00","og_image":[{"width":1400,"height":1400,"url":"https:\/\/tandoorvietnam.com\/wp-content\/uploads\/2020\/06\/Kulfi.jpg","type":"image\/jpeg"}],"twitter_card":"summary_large_image","twitter_misc":{"Est. reading time":"2 minutes"},"schema":{"@context":"https:\/\/schema.org","@graph":[{"@type":"WebPage","@id":"https:\/\/tandoorvietnam.com\/vi\/sanpham\/cac-mon-trang-mieng\/kem-sua-nau-tam-huong-nghe-tay-va-hat-ho-tran\/","url":"https:\/\/tandoorvietnam.com\/vi\/sanpham\/cac-mon-trang-mieng\/kem-sua-nau-tam-huong-nghe-tay-va-hat-ho-tran\/","name":"KEM S\u1eeeA N\u1ea4U T\u1ea8M H\u01af\u01a0NG NGH\u1ec6 T\u00c2Y V\u00c0 H\u1ea0T H\u1ed2 TR\u0102N","isPartOf":{"@id":"https:\/\/tandoorvietnam.com\/vi\/#website"},"primaryImageOfPage":{"@id":"https:\/\/tandoorvietnam.com\/vi\/sanpham\/cac-mon-trang-mieng\/kem-sua-nau-tam-huong-nghe-tay-va-hat-ho-tran\/#primaryimage"},"image":{"@id":"https:\/\/tandoorvietnam.com\/vi\/sanpham\/cac-mon-trang-mieng\/kem-sua-nau-tam-huong-nghe-tay-va-hat-ho-tran\/#primaryimage"},"thumbnailUrl":"https:\/\/tandoorvietnam.com\/wp-content\/uploads\/2020\/06\/Kulfi.jpg","datePublished":"2020-06-15T16:24:31+00:00","dateModified":"2023-05-12T00:41:04+00:00","description":"Th\u01b0\u1edfng th\u1ee9c kem s\u1eefa n\u1ea5u t\u1ea9m h\u01b0\u01a1ng ngh\u1ec7 t\u00e2y v\u00e0 h\u1ea1t h\u1ed3 tr\u0103n t\u1ea1i Tandoor Vietnam, m\u00f3n tr\u00e1ng mi\u1ec7ng \u0111\u1ed9c \u0111\u00e1o v\u00e0 th\u01a1m ngon t\u1eeb \u1ea4n \u0110\u1ed9.","breadcrumb":{"@id":"https:\/\/tandoorvietnam.com\/vi\/sanpham\/cac-mon-trang-mieng\/kem-sua-nau-tam-huong-nghe-tay-va-hat-ho-tran\/#breadcrumb"},"inLanguage":"vi-VN","potentialAction":[{"@type":"ReadAction","target":["https:\/\/tandoorvietnam.com\/vi\/sanpham\/cac-mon-trang-mieng\/kem-sua-nau-tam-huong-nghe-tay-va-hat-ho-tran\/"]}]},{"@type":"ImageObject","inLanguage":"vi-VN","@id":"https:\/\/tandoorvietnam.com\/vi\/sanpham\/cac-mon-trang-mieng\/kem-sua-nau-tam-huong-nghe-tay-va-hat-ho-tran\/#primaryimage","url":"https:\/\/tandoorvietnam.com\/wp-content\/uploads\/2020\/06\/Kulfi.jpg","contentUrl":"https:\/\/tandoorvietnam.com\/wp-content\/uploads\/2020\/06\/Kulfi.jpg","width":1400,"height":1400,"caption":"KEM S\u1eeeA N\u1ea4U T\u1ea8M H\u01af\u01a0NG NGH\u1ec6 T\u00c2Y V\u00c0 H\u1ea0T H\u1ed2 TR\u0102N"},{"@type":"BreadcrumbList","@id":"https:\/\/tandoorvietnam.com\/vi\/sanpham\/cac-mon-trang-mieng\/kem-sua-nau-tam-huong-nghe-tay-va-hat-ho-tran\/#breadcrumb","itemListElement":[{"@type":"ListItem","position":1,"name":"Trang Ch\u1ee7","item":"https:\/\/tandoorvietnam.com\/vi\/"},{"@type":"ListItem","position":2,"name":"Shop","item":"https:\/\/tandoorvietnam.com\/shop\/"},{"@type":"ListItem","position":3,"name":"Kulfi (KEM S\u1eeeA N\u1ea4U T\u1ea8M H\u01af\u01a0NG NGH\u1ec6 T\u00c2Y V\u00c0 H\u1ea0T H\u1ed2 TR\u0102N)"}]},{"@type":"WebSite","@id":"https:\/\/tandoorvietnam.com\/vi\/#website","url":"https:\/\/tandoorvietnam.com\/vi\/","name":"Tandoor Vietnam","description":"Nh\u00e0 h\u00e0ng ngon h\u1ed3 ch\u00ed minh","publisher":{"@id":"https:\/\/tandoorvietnam.com\/vi\/#organization"},"potentialAction":[{"@type":"SearchAction","target":{"@type":"EntryPoint","urlTemplate":"https:\/\/tandoorvietnam.com\/vi\/?s={search_term_string}"},"query-input":{"@type":"PropertyValueSpecification","valueRequired":true,"valueName":"search_term_string"}}],"inLanguage":"vi-VN"},{"@type":"Organization","@id":"https:\/\/tandoorvietnam.com\/vi\/#organization","name":"Tandoor Vietnam","url":"https:\/\/tandoorvietnam.com\/vi\/","logo":{"@type":"ImageObject","inLanguage":"vi-VN","@id":"https:\/\/tandoorvietnam.com\/vi\/#\/schema\/logo\/image\/","url":"https:\/\/tandoorvietnam.com\/wp-content\/uploads\/2020\/07\/logo.png","contentUrl":"https:\/\/tandoorvietnam.com\/wp-content\/uploads\/2020\/07\/logo.png","width":133,"height":75,"caption":"Tandoor Vietnam"},"image":{"@id":"https:\/\/tandoorvietnam.com\/vi\/#\/schema\/logo\/image\/"},"sameAs":["https:\/\/www.facebook.com\/tandoor.hcmc\/"]}]}},"_links":{"self":[{"href":"https:\/\/tandoorvietnam.com\/vi\/wp-json\/wp\/v2\/product\/3374","targetHints":{"allow":["GET"]}}],"collection":[{"href":"https:\/\/tandoorvietnam.com\/vi\/wp-json\/wp\/v2\/product"}],"about":[{"href":"https:\/\/tandoorvietnam.com\/vi\/wp-json\/wp\/v2\/types\/product"}],"wp:featuredmedia":[{"embeddable":true,"href":"https:\/\/tandoorvietnam.com\/vi\/wp-json\/wp\/v2\/media\/3375"}],"wp:attachment":[{"href":"https:\/\/tandoorvietnam.com\/vi\/wp-json\/wp\/v2\/media?parent=3374"}],"wp:term":[{"taxonomy":"product_brand","embeddable":true,"href":"https:\/\/tandoorvietnam.com\/vi\/wp-json\/wp\/v2\/product_brand?post=3374"},{"taxonomy":"product_cat","embeddable":true,"href":"https:\/\/tandoorvietnam.com\/vi\/wp-json\/wp\/v2\/product_cat?post=3374"},{"taxonomy":"product_tag","embeddable":true,"href":"https:\/\/tandoorvietnam.com\/vi\/wp-json\/wp\/v2\/product_tag?post=3374"}],"curies":[{"name":"wp","href":"https:\/\/api.w.org\/{rel}","templated":true}]}}