{"id":3376,"date":"2020-06-15T16:49:53","date_gmt":"2021-04-19T08:04:54","guid":{"rendered":"http:\/\/tandoorvietnam.com\/product\/uncategorized\/tra-va-ca-phe\/"},"modified":"2023-05-07T15:45:45","modified_gmt":"2023-05-07T15:45:45","slug":"tra-va-ca-phe","status":"publish","type":"product","link":"https:\/\/tandoorvietnam.com\/vi\/sanpham\/cac-mon-trang-mieng\/tra-va-ca-phe\/","title":{"rendered":"Tea and Coffee (TR\u00c0 V\u00c0 C\u00c0 PH\u00ca)"},"content":{"rendered":"<p>V\u1edbi b\u1ec1 d\u00e0y l\u1ecbch s\u1eed v\u00e0 n\u1ec1n v\u0103n h\u00f3a \u1ea9m th\u1ef1c phong ph\u00fa, tr\u00e0 v\u00e0 c\u00e0 ph\u00ea \u0111\u00e3 tr\u1edf th\u00e0nh m\u1ed9t ph\u1ea7n kh\u00f4ng th\u1ec3 thi\u1ebfu c\u1ee7a cu\u1ed9c s\u1ed1ng h\u00e0ng ng\u00e0y c\u1ee7a nhi\u1ec1u ng\u01b0\u1eddi. T\u1ea1i Tandoor Vietnam, ch\u00fang t\u00f4i cung c\u1ea5p m\u1ed9t lo\u1ea1t c\u00e1c lo\u1ea1i tr\u00e0 v\u00e0 c\u00e0 ph\u00ea \u0111a d\u1ea1ng v\u00e0 phong ph\u00fa \u0111\u1ec3 kh\u00e1ch h\u00e0ng c\u00f3 th\u1ec3 th\u01b0\u1edfng th\u1ee9c h\u01b0\u01a1ng v\u1ecb \u0111\u1eb7c tr\u01b0ng c\u1ee7a t\u1eebng lo\u1ea1i.<\/p>\n<p>V\u1edbi c\u00e1c lo\u1ea1i tr\u00e0 t\u1eeb tr\u00e0 xanh \u0111\u1ebfn tr\u00e0 \u0111en v\u00e0 c\u1ea3 tr\u00e0 hoa qu\u1ea3, <a href=\"https:\/\/tandoorvietnam.com\/\">Tandoor Vietnam<\/a> mang \u0111\u1ebfn cho b\u1ea1n nh\u1eefng tr\u1ea3i nghi\u1ec7m \u0111\u1ea7y th\u00fa v\u1ecb v\u00e0 kh\u00e1c bi\u1ec7t. V\u1edbi h\u01b0\u01a1ng v\u1ecb t\u1ef1 nhi\u00ean, tinh t\u1ebf v\u00e0 \u0111\u1ed9c \u0111\u00e1o, c\u00e1c lo\u1ea1i tr\u00e0 t\u1ea1i \u0111\u00e2y kh\u00f4ng ch\u1ec9 mang l\u1ea1i c\u1ea3m gi\u00e1c s\u1ea3ng kho\u00e1i m\u00e0 c\u00f2n c\u00f3 t\u00e1c d\u1ee5ng t\u1ed1t cho s\u1ee9c kh\u1ecfe.<\/p>\n<p>Ngo\u00e0i ra, c\u00e0 ph\u00ea c\u0169ng l\u00e0 m\u1ed9t trong nh\u1eefng th\u1ee9c u\u1ed1ng \u0111\u01b0\u1ee3c y\u00eau th\u00edch t\u1ea1i Tandoor Vietnam. V\u1edbi ph\u01b0\u01a1ng ph\u00e1p pha phin truy\u1ec1n th\u1ed1ng c\u1ee7a Vi\u1ec7t Nam ho\u1eb7c pha espresso hi\u1ec7n \u0111\u1ea1i, b\u1ea1n s\u1ebd th\u01b0\u1edfng th\u1ee9c h\u01b0\u01a1ng v\u1ecb \u0111\u1eadm \u0111\u00e0 v\u00e0 \u0111\u1eafng nh\u1eb9 \u0111\u1eb7c tr\u01b0ng c\u1ee7a t\u1eebng lo\u1ea1i c\u00e0 ph\u00ea.<\/p>\n<p>H\u00e3y gh\u00e9 th\u0103m Tandoor Vietnam \u0111\u1ec3 tr\u1ea3i nghi\u1ec7m th\u1ebf gi\u1edbi tr\u00e0 v\u00e0 c\u00e0 ph\u00ea \u0111\u1ea7y m\u00e0u s\u1eafc c\u00f9ng nh\u1eefng m\u00f3n \u0103n \u0111\u1eb7c tr\u01b0ng c\u1ee7a \u1ea4n \u0110\u1ed9.<\/p>\n","protected":false},"excerpt":{"rendered":"<p>V\u1edbi b\u1ec1 d\u00e0y l\u1ecbch s\u1eed v\u00e0 n\u1ec1n v\u0103n h\u00f3a \u1ea9m th\u1ef1c phong ph\u00fa, tr\u00e0 v\u00e0 c\u00e0 ph\u00ea \u0111\u00e3 tr\u1edf th\u00e0nh m\u1ed9t ph\u1ea7n kh\u00f4ng th\u1ec3 thi\u1ebfu c\u1ee7a cu\u1ed9c s\u1ed1ng h\u00e0ng ng\u00e0y c\u1ee7a nhi\u1ec1u ng\u01b0\u1eddi. T\u1ea1i Tandoor Vietnam, ch\u00fang t\u00f4i cung c\u1ea5p m\u1ed9t lo\u1ea1t c\u00e1c lo\u1ea1i tr\u00e0 v\u00e0 c\u00e0 ph\u00ea \u0111a d\u1ea1ng v\u00e0 phong ph\u00fa \u0111\u1ec3 kh\u00e1ch [&hellip;]<\/p>\n","protected":false},"featured_media":3377,"template":"","meta":[],"product_brand":[],"product_cat":[230],"product_tag":[],"class_list":{"0":"post-3376","1":"product","2":"type-product","3":"status-publish","4":"has-post-thumbnail","6":"product_cat-cac-mon-trang-mieng","8":"first","9":"instock","10":"taxable","11":"shipping-taxable","12":"purchasable","13":"product-type-variable","14":"has-default-attributes"},"yoast_head":"<!-- This site is optimized with the Yoast SEO Premium plugin v22.3 (Yoast SEO v27.4) - https:\/\/yoast.com\/product\/yoast-seo-premium-wordpress\/ -->\n<title>Tea and Coffee (TR\u00c0 V\u00c0 C\u00c0 PH\u00ca) - Tandoor Vi\u1ec7t Nam<\/title>\n<meta name=\"description\" content=\"T\u00ecm hi\u1ec3u th\u00eam v\u1ec1 tr\u00e0 v\u00e0 c\u00e0 ph\u00ea t\u1ea1i Tandoor Vietnam - \u0111\u1ebfn v\u00e0 kh\u00e1m ph\u00e1 th\u1ef1c \u0111\u01a1n \u0111a d\u1ea1ng c\u1ee7a ch\u00fang t\u00f4i v\u1edbi c\u00e1c lo\u1ea1i tr\u00e0 v\u00e0 c\u00e0 ph\u00ea \u0111\u1eb7c bi\u1ec7t.\" \/>\n<meta name=\"robots\" content=\"index, follow, max-snippet:-1, max-image-preview:large, max-video-preview:-1\" \/>\n<link rel=\"canonical\" href=\"https:\/\/tandoorvietnam.com\/vi\/sanpham\/cac-mon-trang-mieng\/tra-va-ca-phe\/\" \/>\n<meta property=\"og:locale\" content=\"vi_VN\" \/>\n<meta property=\"og:type\" content=\"article\" \/>\n<meta property=\"og:title\" content=\"Tea and Coffee (TR\u00c0 V\u00c0 C\u00c0 PH\u00ca)\" \/>\n<meta property=\"og:description\" content=\"T\u00ecm hi\u1ec3u th\u00eam v\u1ec1 tr\u00e0 v\u00e0 c\u00e0 ph\u00ea t\u1ea1i Tandoor Vietnam - \u0111\u1ebfn v\u00e0 kh\u00e1m ph\u00e1 th\u1ef1c \u0111\u01a1n \u0111a d\u1ea1ng c\u1ee7a ch\u00fang t\u00f4i v\u1edbi c\u00e1c lo\u1ea1i tr\u00e0 v\u00e0 c\u00e0 ph\u00ea \u0111\u1eb7c bi\u1ec7t.\" \/>\n<meta property=\"og:url\" content=\"https:\/\/tandoorvietnam.com\/vi\/sanpham\/cac-mon-trang-mieng\/tra-va-ca-phe\/\" \/>\n<meta property=\"og:site_name\" content=\"Tandoor Vi\u1ec7t Nam\" \/>\n<meta property=\"article:publisher\" content=\"https:\/\/www.facebook.com\/tandoor.hcmc\/\" \/>\n<meta property=\"article:modified_time\" content=\"2023-05-07T15:45:45+00:00\" \/>\n<meta property=\"og:image\" content=\"https:\/\/tandoorvietnam.com\/wp-content\/uploads\/2020\/06\/Masala-tea.jpg\" \/>\n\t<meta property=\"og:image:width\" content=\"1400\" \/>\n\t<meta property=\"og:image:height\" content=\"1400\" \/>\n\t<meta property=\"og:image:type\" content=\"image\/jpeg\" \/>\n<meta name=\"twitter:card\" content=\"summary_large_image\" \/>\n<meta name=\"twitter:label1\" content=\"Est. reading time\" \/>\n\t<meta name=\"twitter:data1\" content=\"1 minute\" \/>\n<script type=\"application\/ld+json\" class=\"yoast-schema-graph\">{\"@context\":\"https:\\\/\\\/schema.org\",\"@graph\":[{\"@type\":\"WebPage\",\"@id\":\"https:\\\/\\\/tandoorvietnam.com\\\/vi\\\/sanpham\\\/cac-mon-trang-mieng\\\/tra-va-ca-phe\\\/\",\"url\":\"https:\\\/\\\/tandoorvietnam.com\\\/vi\\\/sanpham\\\/cac-mon-trang-mieng\\\/tra-va-ca-phe\\\/\",\"name\":\"Tea and Coffee (TR\u00c0 V\u00c0 C\u00c0 PH\u00ca) - Tandoor Vi\u1ec7t Nam\",\"isPartOf\":{\"@id\":\"https:\\\/\\\/tandoorvietnam.com\\\/vi\\\/#website\"},\"primaryImageOfPage\":{\"@id\":\"https:\\\/\\\/tandoorvietnam.com\\\/vi\\\/sanpham\\\/cac-mon-trang-mieng\\\/tra-va-ca-phe\\\/#primaryimage\"},\"image\":{\"@id\":\"https:\\\/\\\/tandoorvietnam.com\\\/vi\\\/sanpham\\\/cac-mon-trang-mieng\\\/tra-va-ca-phe\\\/#primaryimage\"},\"thumbnailUrl\":\"https:\\\/\\\/tandoorvietnam.com\\\/wp-content\\\/uploads\\\/2020\\\/06\\\/Masala-tea.jpg\",\"datePublished\":\"2021-04-19T08:04:54+00:00\",\"dateModified\":\"2023-05-07T15:45:45+00:00\",\"description\":\"T\u00ecm hi\u1ec3u th\u00eam v\u1ec1 tr\u00e0 v\u00e0 c\u00e0 ph\u00ea t\u1ea1i Tandoor Vietnam - \u0111\u1ebfn v\u00e0 kh\u00e1m ph\u00e1 th\u1ef1c \u0111\u01a1n \u0111a d\u1ea1ng c\u1ee7a ch\u00fang t\u00f4i v\u1edbi c\u00e1c lo\u1ea1i tr\u00e0 v\u00e0 c\u00e0 ph\u00ea \u0111\u1eb7c bi\u1ec7t.\",\"breadcrumb\":{\"@id\":\"https:\\\/\\\/tandoorvietnam.com\\\/vi\\\/sanpham\\\/cac-mon-trang-mieng\\\/tra-va-ca-phe\\\/#breadcrumb\"},\"inLanguage\":\"vi-VN\",\"potentialAction\":[{\"@type\":\"ReadAction\",\"target\":[\"https:\\\/\\\/tandoorvietnam.com\\\/vi\\\/sanpham\\\/cac-mon-trang-mieng\\\/tra-va-ca-phe\\\/\"]}]},{\"@type\":\"ImageObject\",\"inLanguage\":\"vi-VN\",\"@id\":\"https:\\\/\\\/tandoorvietnam.com\\\/vi\\\/sanpham\\\/cac-mon-trang-mieng\\\/tra-va-ca-phe\\\/#primaryimage\",\"url\":\"https:\\\/\\\/tandoorvietnam.com\\\/wp-content\\\/uploads\\\/2020\\\/06\\\/Masala-tea.jpg\",\"contentUrl\":\"https:\\\/\\\/tandoorvietnam.com\\\/wp-content\\\/uploads\\\/2020\\\/06\\\/Masala-tea.jpg\",\"width\":1400,\"height\":1400,\"caption\":\"Tr\u00e0 Masala\"},{\"@type\":\"BreadcrumbList\",\"@id\":\"https:\\\/\\\/tandoorvietnam.com\\\/vi\\\/sanpham\\\/cac-mon-trang-mieng\\\/tra-va-ca-phe\\\/#breadcrumb\",\"itemListElement\":[{\"@type\":\"ListItem\",\"position\":1,\"name\":\"Trang Ch\u1ee7\",\"item\":\"https:\\\/\\\/tandoorvietnam.com\\\/vi\\\/\"},{\"@type\":\"ListItem\",\"position\":2,\"name\":\"Shop\",\"item\":\"https:\\\/\\\/tandoorvietnam.com\\\/shop\\\/\"},{\"@type\":\"ListItem\",\"position\":3,\"name\":\"Tea and Coffee (TR\u00c0 V\u00c0 C\u00c0 PH\u00ca)\"}]},{\"@type\":\"WebSite\",\"@id\":\"https:\\\/\\\/tandoorvietnam.com\\\/vi\\\/#website\",\"url\":\"https:\\\/\\\/tandoorvietnam.com\\\/vi\\\/\",\"name\":\"Tandoor Vietnam\",\"description\":\"Nh\u00e0 h\u00e0ng ngon h\u1ed3 ch\u00ed minh\",\"publisher\":{\"@id\":\"https:\\\/\\\/tandoorvietnam.com\\\/vi\\\/#organization\"},\"potentialAction\":[{\"@type\":\"SearchAction\",\"target\":{\"@type\":\"EntryPoint\",\"urlTemplate\":\"https:\\\/\\\/tandoorvietnam.com\\\/vi\\\/?s={search_term_string}\"},\"query-input\":{\"@type\":\"PropertyValueSpecification\",\"valueRequired\":true,\"valueName\":\"search_term_string\"}}],\"inLanguage\":\"vi-VN\"},{\"@type\":\"Organization\",\"@id\":\"https:\\\/\\\/tandoorvietnam.com\\\/vi\\\/#organization\",\"name\":\"Tandoor Vietnam\",\"url\":\"https:\\\/\\\/tandoorvietnam.com\\\/vi\\\/\",\"logo\":{\"@type\":\"ImageObject\",\"inLanguage\":\"vi-VN\",\"@id\":\"https:\\\/\\\/tandoorvietnam.com\\\/vi\\\/#\\\/schema\\\/logo\\\/image\\\/\",\"url\":\"https:\\\/\\\/tandoorvietnam.com\\\/wp-content\\\/uploads\\\/2020\\\/07\\\/logo.png\",\"contentUrl\":\"https:\\\/\\\/tandoorvietnam.com\\\/wp-content\\\/uploads\\\/2020\\\/07\\\/logo.png\",\"width\":133,\"height\":75,\"caption\":\"Tandoor Vietnam\"},\"image\":{\"@id\":\"https:\\\/\\\/tandoorvietnam.com\\\/vi\\\/#\\\/schema\\\/logo\\\/image\\\/\"},\"sameAs\":[\"https:\\\/\\\/www.facebook.com\\\/tandoor.hcmc\\\/\"]}]}<\/script>\n<!-- \/ Yoast SEO Premium plugin. -->","yoast_head_json":{"title":"Tea and Coffee (TR\u00c0 V\u00c0 C\u00c0 PH\u00ca) - Tandoor Vi\u1ec7t Nam","description":"T\u00ecm hi\u1ec3u th\u00eam v\u1ec1 tr\u00e0 v\u00e0 c\u00e0 ph\u00ea t\u1ea1i Tandoor Vietnam - \u0111\u1ebfn v\u00e0 kh\u00e1m ph\u00e1 th\u1ef1c \u0111\u01a1n \u0111a d\u1ea1ng c\u1ee7a ch\u00fang t\u00f4i v\u1edbi c\u00e1c lo\u1ea1i tr\u00e0 v\u00e0 c\u00e0 ph\u00ea \u0111\u1eb7c bi\u1ec7t.","robots":{"index":"index","follow":"follow","max-snippet":"max-snippet:-1","max-image-preview":"max-image-preview:large","max-video-preview":"max-video-preview:-1"},"canonical":"https:\/\/tandoorvietnam.com\/vi\/sanpham\/cac-mon-trang-mieng\/tra-va-ca-phe\/","og_locale":"vi_VN","og_type":"article","og_title":"Tea and Coffee (TR\u00c0 V\u00c0 C\u00c0 PH\u00ca)","og_description":"T\u00ecm hi\u1ec3u th\u00eam v\u1ec1 tr\u00e0 v\u00e0 c\u00e0 ph\u00ea t\u1ea1i Tandoor Vietnam - \u0111\u1ebfn v\u00e0 kh\u00e1m ph\u00e1 th\u1ef1c \u0111\u01a1n \u0111a d\u1ea1ng c\u1ee7a ch\u00fang t\u00f4i v\u1edbi c\u00e1c lo\u1ea1i tr\u00e0 v\u00e0 c\u00e0 ph\u00ea \u0111\u1eb7c bi\u1ec7t.","og_url":"https:\/\/tandoorvietnam.com\/vi\/sanpham\/cac-mon-trang-mieng\/tra-va-ca-phe\/","og_site_name":"Tandoor Vi\u1ec7t Nam","article_publisher":"https:\/\/www.facebook.com\/tandoor.hcmc\/","article_modified_time":"2023-05-07T15:45:45+00:00","og_image":[{"width":1400,"height":1400,"url":"https:\/\/tandoorvietnam.com\/wp-content\/uploads\/2020\/06\/Masala-tea.jpg","type":"image\/jpeg"}],"twitter_card":"summary_large_image","twitter_misc":{"Est. reading time":"1 minute"},"schema":{"@context":"https:\/\/schema.org","@graph":[{"@type":"WebPage","@id":"https:\/\/tandoorvietnam.com\/vi\/sanpham\/cac-mon-trang-mieng\/tra-va-ca-phe\/","url":"https:\/\/tandoorvietnam.com\/vi\/sanpham\/cac-mon-trang-mieng\/tra-va-ca-phe\/","name":"Tea and Coffee (TR\u00c0 V\u00c0 C\u00c0 PH\u00ca) - Tandoor Vi\u1ec7t Nam","isPartOf":{"@id":"https:\/\/tandoorvietnam.com\/vi\/#website"},"primaryImageOfPage":{"@id":"https:\/\/tandoorvietnam.com\/vi\/sanpham\/cac-mon-trang-mieng\/tra-va-ca-phe\/#primaryimage"},"image":{"@id":"https:\/\/tandoorvietnam.com\/vi\/sanpham\/cac-mon-trang-mieng\/tra-va-ca-phe\/#primaryimage"},"thumbnailUrl":"https:\/\/tandoorvietnam.com\/wp-content\/uploads\/2020\/06\/Masala-tea.jpg","datePublished":"2021-04-19T08:04:54+00:00","dateModified":"2023-05-07T15:45:45+00:00","description":"T\u00ecm hi\u1ec3u th\u00eam v\u1ec1 tr\u00e0 v\u00e0 c\u00e0 ph\u00ea t\u1ea1i Tandoor Vietnam - \u0111\u1ebfn v\u00e0 kh\u00e1m ph\u00e1 th\u1ef1c \u0111\u01a1n \u0111a d\u1ea1ng c\u1ee7a ch\u00fang t\u00f4i v\u1edbi c\u00e1c lo\u1ea1i tr\u00e0 v\u00e0 c\u00e0 ph\u00ea \u0111\u1eb7c bi\u1ec7t.","breadcrumb":{"@id":"https:\/\/tandoorvietnam.com\/vi\/sanpham\/cac-mon-trang-mieng\/tra-va-ca-phe\/#breadcrumb"},"inLanguage":"vi-VN","potentialAction":[{"@type":"ReadAction","target":["https:\/\/tandoorvietnam.com\/vi\/sanpham\/cac-mon-trang-mieng\/tra-va-ca-phe\/"]}]},{"@type":"ImageObject","inLanguage":"vi-VN","@id":"https:\/\/tandoorvietnam.com\/vi\/sanpham\/cac-mon-trang-mieng\/tra-va-ca-phe\/#primaryimage","url":"https:\/\/tandoorvietnam.com\/wp-content\/uploads\/2020\/06\/Masala-tea.jpg","contentUrl":"https:\/\/tandoorvietnam.com\/wp-content\/uploads\/2020\/06\/Masala-tea.jpg","width":1400,"height":1400,"caption":"Tr\u00e0 Masala"},{"@type":"BreadcrumbList","@id":"https:\/\/tandoorvietnam.com\/vi\/sanpham\/cac-mon-trang-mieng\/tra-va-ca-phe\/#breadcrumb","itemListElement":[{"@type":"ListItem","position":1,"name":"Trang Ch\u1ee7","item":"https:\/\/tandoorvietnam.com\/vi\/"},{"@type":"ListItem","position":2,"name":"Shop","item":"https:\/\/tandoorvietnam.com\/shop\/"},{"@type":"ListItem","position":3,"name":"Tea and Coffee (TR\u00c0 V\u00c0 C\u00c0 PH\u00ca)"}]},{"@type":"WebSite","@id":"https:\/\/tandoorvietnam.com\/vi\/#website","url":"https:\/\/tandoorvietnam.com\/vi\/","name":"Tandoor Vietnam","description":"Nh\u00e0 h\u00e0ng ngon h\u1ed3 ch\u00ed minh","publisher":{"@id":"https:\/\/tandoorvietnam.com\/vi\/#organization"},"potentialAction":[{"@type":"SearchAction","target":{"@type":"EntryPoint","urlTemplate":"https:\/\/tandoorvietnam.com\/vi\/?s={search_term_string}"},"query-input":{"@type":"PropertyValueSpecification","valueRequired":true,"valueName":"search_term_string"}}],"inLanguage":"vi-VN"},{"@type":"Organization","@id":"https:\/\/tandoorvietnam.com\/vi\/#organization","name":"Tandoor Vietnam","url":"https:\/\/tandoorvietnam.com\/vi\/","logo":{"@type":"ImageObject","inLanguage":"vi-VN","@id":"https:\/\/tandoorvietnam.com\/vi\/#\/schema\/logo\/image\/","url":"https:\/\/tandoorvietnam.com\/wp-content\/uploads\/2020\/07\/logo.png","contentUrl":"https:\/\/tandoorvietnam.com\/wp-content\/uploads\/2020\/07\/logo.png","width":133,"height":75,"caption":"Tandoor Vietnam"},"image":{"@id":"https:\/\/tandoorvietnam.com\/vi\/#\/schema\/logo\/image\/"},"sameAs":["https:\/\/www.facebook.com\/tandoor.hcmc\/"]}]}},"_links":{"self":[{"href":"https:\/\/tandoorvietnam.com\/vi\/wp-json\/wp\/v2\/product\/3376","targetHints":{"allow":["GET"]}}],"collection":[{"href":"https:\/\/tandoorvietnam.com\/vi\/wp-json\/wp\/v2\/product"}],"about":[{"href":"https:\/\/tandoorvietnam.com\/vi\/wp-json\/wp\/v2\/types\/product"}],"wp:featuredmedia":[{"embeddable":true,"href":"https:\/\/tandoorvietnam.com\/vi\/wp-json\/wp\/v2\/media\/3377"}],"wp:attachment":[{"href":"https:\/\/tandoorvietnam.com\/vi\/wp-json\/wp\/v2\/media?parent=3376"}],"wp:term":[{"taxonomy":"product_brand","embeddable":true,"href":"https:\/\/tandoorvietnam.com\/vi\/wp-json\/wp\/v2\/product_brand?post=3376"},{"taxonomy":"product_cat","embeddable":true,"href":"https:\/\/tandoorvietnam.com\/vi\/wp-json\/wp\/v2\/product_cat?post=3376"},{"taxonomy":"product_tag","embeddable":true,"href":"https:\/\/tandoorvietnam.com\/vi\/wp-json\/wp\/v2\/product_tag?post=3376"}],"curies":[{"name":"wp","href":"https:\/\/api.w.org\/{rel}","templated":true}]}}