{"id":3387,"date":"2020-06-15T15:51:20","date_gmt":"2020-06-15T15:51:20","guid":{"rendered":"http:\/\/tandoorvietnam.com\/product\/uncategorized\/lassi-chuoi\/"},"modified":"2025-10-16T17:20:24","modified_gmt":"2025-10-16T10:20:24","slug":"lassi-chuoi","status":"publish","type":"product","link":"https:\/\/tandoorvietnam.com\/vi\/sanpham\/cac-mon-nuoc\/lassi-chuoi\/","title":{"rendered":"LASSI CHU\u1ed0I"},"content":{"rendered":"<p>Lassi chu\u1ed1i (Banana Lassi) l\u00e0 m\u1ed9t lo\u1ea1i \u0111\u1ed3 u\u1ed1ng truy\u1ec1n th\u1ed1ng c\u1ee7a \u1ea4n \u0110\u1ed9, \u0111\u01b0\u1ee3c l\u00e0m t\u1eeb s\u1eefa chua v\u00e0 chu\u1ed1i t\u01b0\u01a1i. T\u1ea1i Tandoor Vietnam, ch\u00fang t\u00f4i mang \u0111\u1ebfn cho b\u1ea1n m\u1ed9t phi\u00ean b\u1ea3n \u0111\u1eb7c bi\u1ec7t c\u1ee7a Lassi chu\u1ed1i v\u1edbi h\u01b0\u01a1ng v\u1ecb th\u01a1m ngon, m\u00e1t l\u1ea1nh v\u00e0 b\u1ed5 d\u01b0\u1ee1ng.<\/p>\n<p>\u0110\u1ec3 t\u1ea1o ra Lassi chu\u1ed1i ngon nh\u1ea5t, ch\u00fang t\u00f4i s\u1eed d\u1ee5ng s\u1eefa chua t\u1ef1 nhi\u00ean v\u00e0 chu\u1ed1i t\u01b0\u01a1i, \u0111\u1ea3m b\u1ea3o ch\u1ea5t l\u01b0\u1ee3ng v\u00e0 h\u01b0\u01a1ng v\u1ecb tuy\u1ec7t h\u1ea3o. \u0110\u01b0\u1ee3c l\u00e0m t\u1eeb c\u00e1c nguy\u00ean li\u1ec7u t\u1ef1 nhi\u00ean, th\u1ee9c u\u1ed1ng n\u00e0y kh\u00f4ng ch\u1ec9 ngon mi\u1ec7ng m\u00e0 c\u00f2n cung c\u1ea5p nhi\u1ec1u d\u01b0\u1ee1ng ch\u1ea5t cho c\u01a1 th\u1ec3.<\/p>\n<p>H\u01b0\u01a1ng v\u1ecb chu\u1ed1i th\u01a1m ngon v\u00e0 b\u00e9o ng\u1eady k\u1ebft h\u1ee3p v\u1edbi \u0111\u1ed9 m\u00e1t l\u1ea1nh c\u1ee7a s\u1eefa chua, t\u1ea1o n\u00ean m\u1ed9t tr\u1ea3i nghi\u1ec7m th\u01b0\u1edfng th\u1ee9c tuy\u1ec7t v\u1eddi. Banana Lassi\u00a0th\u00edch h\u1ee3p \u0111\u1ec3 gi\u1ea3i kh\u00e1t v\u00e0o nh\u1eefng ng\u00e0y n\u00f3ng, c\u0169ng nh\u01b0 l\u00e0 m\u1ed9t m\u00f3n tr\u00e1ng mi\u1ec7ng ho\u1eb7c m\u00f3n \u0103n nh\u1eb9 trong su\u1ed1t c\u1ea3 ng\u00e0y.<\/p>\n<p>Banana Lassi kh\u00f4ng ch\u1ec9 ngon l\u00e0nh m\u00e0 c\u00f2n c\u00f3 l\u1ee3i cho s\u1ee9c kh\u1ecfe. S\u1eefa chua ch\u1ee9a nhi\u1ec1u ch\u1ea5t x\u01a1 v\u00e0 vi khu\u1ea9n c\u00f3 l\u1ee3i gi\u00fap c\u00e2n b\u1eb1ng h\u1ec7 ti\u00eau h\u00f3a v\u00e0 t\u0103ng c\u01b0\u1eddng s\u1ee9c \u0111\u1ec1 kh\u00e1ng. Chu\u1ed1i gi\u00e0u ch\u1ea5t ch\u1ed1ng oxy h\u00f3a, vitamin v\u00e0 kho\u00e1ng ch\u1ea5t, c\u00f3 th\u1ec3 gi\u00fap cung c\u1ea5p n\u0103ng l\u01b0\u1ee3ng v\u00e0 c\u1ea3i thi\u1ec7n t\u00e2m tr\u1ea1ng.<\/p>\n<p>H\u00e3y th\u1eed Banana Lassi\u00a0t\u1ea1i Tandoor Vietnam v\u00e0 kh\u00e1m ph\u00e1 h\u01b0\u01a1ng v\u1ecb truy\u1ec1n th\u1ed1ng c\u1ee7a \u1ea4n \u0110\u1ed9 trong m\u1ed9t ly \u0111\u1ed3 u\u1ed1ng th\u01a1m ngon v\u00e0 b\u1ed5 d\u01b0\u1ee1ng. D\u00f9 l\u00e0 \u0111\u1ec3 gi\u1ea3i kh\u00e1t hay th\u01b0\u1edfng th\u1ee9c, Lassi chu\u1ed1i s\u1ebd mang \u0111\u1ebfn cho b\u1ea1n m\u1ed9t tr\u1ea3i nghi\u1ec7m \u0111\u00e1ng nh\u1edb.<\/p>\n","protected":false},"excerpt":{"rendered":"<p>Lassi chu\u1ed1i (Banana Lassi) l\u00e0 m\u1ed9t lo\u1ea1i \u0111\u1ed3 u\u1ed1ng truy\u1ec1n th\u1ed1ng c\u1ee7a \u1ea4n \u0110\u1ed9, \u0111\u01b0\u1ee3c l\u00e0m t\u1eeb s\u1eefa chua v\u00e0 chu\u1ed1i t\u01b0\u01a1i. T\u1ea1i Tandoor Vietnam, ch\u00fang t\u00f4i mang \u0111\u1ebfn cho b\u1ea1n m\u1ed9t phi\u00ean b\u1ea3n \u0111\u1eb7c bi\u1ec7t c\u1ee7a Lassi chu\u1ed1i v\u1edbi h\u01b0\u01a1ng v\u1ecb th\u01a1m ngon, m\u00e1t l\u1ea1nh v\u00e0 b\u1ed5 d\u01b0\u1ee1ng. \u0110\u1ec3 t\u1ea1o ra Lassi chu\u1ed1i ngon [&hellip;]<\/p>\n","protected":false},"featured_media":3388,"template":"","meta":[],"product_brand":[],"product_cat":[231],"product_tag":[],"class_list":{"0":"post-3387","1":"product","2":"type-product","3":"status-publish","4":"has-post-thumbnail","6":"product_cat-cac-mon-nuoc","8":"first","9":"instock","10":"taxable","11":"shipping-taxable","12":"purchasable","13":"product-type-simple"},"yoast_head":"<!-- This site is optimized with the Yoast SEO Premium plugin v22.3 (Yoast SEO v27.6) - https:\/\/yoast.com\/product\/yoast-seo-premium-wordpress\/ -->\n<title>LASSI CHU\u1ed0I - Tandoor Vi\u1ec7t Nam<\/title>\n<meta name=\"description\" content=\"Lassi chu\u1ed1i - \u0110\u1ed3 u\u1ed1ng truy\u1ec1n th\u1ed1ng c\u1ee7a \u1ea4n \u0110\u1ed9 v\u1edbi h\u01b0\u01a1ng v\u1ecb chu\u1ed1i th\u01a1m ngon, m\u00e1t l\u1ea1nh v\u00e0 b\u1ed5 d\u01b0\u1ee1ng. Kh\u00e1m ph\u00e1 ngay t\u1ea1i Tandoor Vietnam.\" \/>\n<meta name=\"robots\" content=\"index, follow, max-snippet:-1, max-image-preview:large, max-video-preview:-1\" \/>\n<link rel=\"canonical\" href=\"https:\/\/tandoorvietnam.com\/vi\/sanpham\/cac-mon-nuoc\/lassi-chuoi\/\" \/>\n<meta property=\"og:locale\" content=\"vi_VN\" \/>\n<meta property=\"og:type\" content=\"article\" \/>\n<meta property=\"og:title\" content=\"LASSI CHU\u1ed0I\" \/>\n<meta property=\"og:description\" content=\"Lassi chu\u1ed1i - \u0110\u1ed3 u\u1ed1ng truy\u1ec1n th\u1ed1ng c\u1ee7a \u1ea4n \u0110\u1ed9 v\u1edbi h\u01b0\u01a1ng v\u1ecb chu\u1ed1i th\u01a1m ngon, m\u00e1t l\u1ea1nh v\u00e0 b\u1ed5 d\u01b0\u1ee1ng. Kh\u00e1m ph\u00e1 ngay t\u1ea1i Tandoor Vietnam.\" \/>\n<meta property=\"og:url\" content=\"https:\/\/tandoorvietnam.com\/vi\/sanpham\/cac-mon-nuoc\/lassi-chuoi\/\" \/>\n<meta property=\"og:site_name\" content=\"Tandoor Vi\u1ec7t Nam\" \/>\n<meta property=\"article:publisher\" content=\"https:\/\/www.facebook.com\/tandoor.hcmc\/\" \/>\n<meta property=\"article:modified_time\" content=\"2025-10-16T10:20:24+00:00\" \/>\n<meta property=\"og:image\" content=\"https:\/\/tandoorvietnam.com\/wp-content\/uploads\/2020\/06\/banana-lassi.jpg\" \/>\n\t<meta property=\"og:image:width\" content=\"800\" \/>\n\t<meta property=\"og:image:height\" content=\"800\" \/>\n\t<meta property=\"og:image:type\" content=\"image\/jpeg\" \/>\n<meta name=\"twitter:card\" content=\"summary_large_image\" \/>\n<meta name=\"twitter:label1\" content=\"Est. reading time\" \/>\n\t<meta name=\"twitter:data1\" content=\"2 minutes\" \/>\n<script type=\"application\/ld+json\" class=\"yoast-schema-graph\">{\"@context\":\"https:\\\/\\\/schema.org\",\"@graph\":[{\"@type\":\"WebPage\",\"@id\":\"https:\\\/\\\/tandoorvietnam.com\\\/vi\\\/sanpham\\\/cac-mon-nuoc\\\/lassi-chuoi\\\/\",\"url\":\"https:\\\/\\\/tandoorvietnam.com\\\/vi\\\/sanpham\\\/cac-mon-nuoc\\\/lassi-chuoi\\\/\",\"name\":\"LASSI CHU\u1ed0I - Tandoor Vi\u1ec7t Nam\",\"isPartOf\":{\"@id\":\"https:\\\/\\\/tandoorvietnam.com\\\/vi\\\/#website\"},\"primaryImageOfPage\":{\"@id\":\"https:\\\/\\\/tandoorvietnam.com\\\/vi\\\/sanpham\\\/cac-mon-nuoc\\\/lassi-chuoi\\\/#primaryimage\"},\"image\":{\"@id\":\"https:\\\/\\\/tandoorvietnam.com\\\/vi\\\/sanpham\\\/cac-mon-nuoc\\\/lassi-chuoi\\\/#primaryimage\"},\"thumbnailUrl\":\"https:\\\/\\\/tandoorvietnam.com\\\/wp-content\\\/uploads\\\/2020\\\/06\\\/banana-lassi.jpg\",\"datePublished\":\"2020-06-15T15:51:20+00:00\",\"dateModified\":\"2025-10-16T10:20:24+00:00\",\"description\":\"Lassi chu\u1ed1i - \u0110\u1ed3 u\u1ed1ng truy\u1ec1n th\u1ed1ng c\u1ee7a \u1ea4n \u0110\u1ed9 v\u1edbi h\u01b0\u01a1ng v\u1ecb chu\u1ed1i th\u01a1m ngon, m\u00e1t l\u1ea1nh v\u00e0 b\u1ed5 d\u01b0\u1ee1ng. Kh\u00e1m ph\u00e1 ngay t\u1ea1i Tandoor Vietnam.\",\"breadcrumb\":{\"@id\":\"https:\\\/\\\/tandoorvietnam.com\\\/vi\\\/sanpham\\\/cac-mon-nuoc\\\/lassi-chuoi\\\/#breadcrumb\"},\"inLanguage\":\"vi-VN\",\"potentialAction\":[{\"@type\":\"ReadAction\",\"target\":[\"https:\\\/\\\/tandoorvietnam.com\\\/vi\\\/sanpham\\\/cac-mon-nuoc\\\/lassi-chuoi\\\/\"]}]},{\"@type\":\"ImageObject\",\"inLanguage\":\"vi-VN\",\"@id\":\"https:\\\/\\\/tandoorvietnam.com\\\/vi\\\/sanpham\\\/cac-mon-nuoc\\\/lassi-chuoi\\\/#primaryimage\",\"url\":\"https:\\\/\\\/tandoorvietnam.com\\\/wp-content\\\/uploads\\\/2020\\\/06\\\/banana-lassi.jpg\",\"contentUrl\":\"https:\\\/\\\/tandoorvietnam.com\\\/wp-content\\\/uploads\\\/2020\\\/06\\\/banana-lassi.jpg\",\"width\":800,\"height\":800,\"caption\":\"LASSI CHU\u1ed0I\"},{\"@type\":\"BreadcrumbList\",\"@id\":\"https:\\\/\\\/tandoorvietnam.com\\\/vi\\\/sanpham\\\/cac-mon-nuoc\\\/lassi-chuoi\\\/#breadcrumb\",\"itemListElement\":[{\"@type\":\"ListItem\",\"position\":1,\"name\":\"Trang Ch\u1ee7\",\"item\":\"https:\\\/\\\/tandoorvietnam.com\\\/vi\\\/\"},{\"@type\":\"ListItem\",\"position\":2,\"name\":\"Shop\",\"item\":\"https:\\\/\\\/tandoorvietnam.com\\\/shop\\\/\"},{\"@type\":\"ListItem\",\"position\":3,\"name\":\"LASSI CHU\u1ed0I\"}]},{\"@type\":\"WebSite\",\"@id\":\"https:\\\/\\\/tandoorvietnam.com\\\/vi\\\/#website\",\"url\":\"https:\\\/\\\/tandoorvietnam.com\\\/vi\\\/\",\"name\":\"Tandoor Vietnam\",\"description\":\"Nh\u00e0 h\u00e0ng ngon h\u1ed3 ch\u00ed minh\",\"publisher\":{\"@id\":\"https:\\\/\\\/tandoorvietnam.com\\\/vi\\\/#organization\"},\"potentialAction\":[{\"@type\":\"SearchAction\",\"target\":{\"@type\":\"EntryPoint\",\"urlTemplate\":\"https:\\\/\\\/tandoorvietnam.com\\\/vi\\\/?s={search_term_string}\"},\"query-input\":{\"@type\":\"PropertyValueSpecification\",\"valueRequired\":true,\"valueName\":\"search_term_string\"}}],\"inLanguage\":\"vi-VN\"},{\"@type\":\"Organization\",\"@id\":\"https:\\\/\\\/tandoorvietnam.com\\\/vi\\\/#organization\",\"name\":\"Tandoor Vietnam\",\"url\":\"https:\\\/\\\/tandoorvietnam.com\\\/vi\\\/\",\"logo\":{\"@type\":\"ImageObject\",\"inLanguage\":\"vi-VN\",\"@id\":\"https:\\\/\\\/tandoorvietnam.com\\\/vi\\\/#\\\/schema\\\/logo\\\/image\\\/\",\"url\":\"https:\\\/\\\/tandoorvietnam.com\\\/wp-content\\\/uploads\\\/2020\\\/07\\\/logo.png\",\"contentUrl\":\"https:\\\/\\\/tandoorvietnam.com\\\/wp-content\\\/uploads\\\/2020\\\/07\\\/logo.png\",\"width\":133,\"height\":75,\"caption\":\"Tandoor Vietnam\"},\"image\":{\"@id\":\"https:\\\/\\\/tandoorvietnam.com\\\/vi\\\/#\\\/schema\\\/logo\\\/image\\\/\"},\"sameAs\":[\"https:\\\/\\\/www.facebook.com\\\/tandoor.hcmc\\\/\"]}]}<\/script>\n<!-- \/ Yoast SEO Premium plugin. -->","yoast_head_json":{"title":"LASSI CHU\u1ed0I - Tandoor Vi\u1ec7t Nam","description":"Lassi chu\u1ed1i - \u0110\u1ed3 u\u1ed1ng truy\u1ec1n th\u1ed1ng c\u1ee7a \u1ea4n \u0110\u1ed9 v\u1edbi h\u01b0\u01a1ng v\u1ecb chu\u1ed1i th\u01a1m ngon, m\u00e1t l\u1ea1nh v\u00e0 b\u1ed5 d\u01b0\u1ee1ng. Kh\u00e1m ph\u00e1 ngay t\u1ea1i Tandoor Vietnam.","robots":{"index":"index","follow":"follow","max-snippet":"max-snippet:-1","max-image-preview":"max-image-preview:large","max-video-preview":"max-video-preview:-1"},"canonical":"https:\/\/tandoorvietnam.com\/vi\/sanpham\/cac-mon-nuoc\/lassi-chuoi\/","og_locale":"vi_VN","og_type":"article","og_title":"LASSI CHU\u1ed0I","og_description":"Lassi chu\u1ed1i - \u0110\u1ed3 u\u1ed1ng truy\u1ec1n th\u1ed1ng c\u1ee7a \u1ea4n \u0110\u1ed9 v\u1edbi h\u01b0\u01a1ng v\u1ecb chu\u1ed1i th\u01a1m ngon, m\u00e1t l\u1ea1nh v\u00e0 b\u1ed5 d\u01b0\u1ee1ng. Kh\u00e1m ph\u00e1 ngay t\u1ea1i Tandoor Vietnam.","og_url":"https:\/\/tandoorvietnam.com\/vi\/sanpham\/cac-mon-nuoc\/lassi-chuoi\/","og_site_name":"Tandoor Vi\u1ec7t Nam","article_publisher":"https:\/\/www.facebook.com\/tandoor.hcmc\/","article_modified_time":"2025-10-16T10:20:24+00:00","og_image":[{"width":800,"height":800,"url":"https:\/\/tandoorvietnam.com\/wp-content\/uploads\/2020\/06\/banana-lassi.jpg","type":"image\/jpeg"}],"twitter_card":"summary_large_image","twitter_misc":{"Est. reading time":"2 minutes"},"schema":{"@context":"https:\/\/schema.org","@graph":[{"@type":"WebPage","@id":"https:\/\/tandoorvietnam.com\/vi\/sanpham\/cac-mon-nuoc\/lassi-chuoi\/","url":"https:\/\/tandoorvietnam.com\/vi\/sanpham\/cac-mon-nuoc\/lassi-chuoi\/","name":"LASSI CHU\u1ed0I - Tandoor Vi\u1ec7t Nam","isPartOf":{"@id":"https:\/\/tandoorvietnam.com\/vi\/#website"},"primaryImageOfPage":{"@id":"https:\/\/tandoorvietnam.com\/vi\/sanpham\/cac-mon-nuoc\/lassi-chuoi\/#primaryimage"},"image":{"@id":"https:\/\/tandoorvietnam.com\/vi\/sanpham\/cac-mon-nuoc\/lassi-chuoi\/#primaryimage"},"thumbnailUrl":"https:\/\/tandoorvietnam.com\/wp-content\/uploads\/2020\/06\/banana-lassi.jpg","datePublished":"2020-06-15T15:51:20+00:00","dateModified":"2025-10-16T10:20:24+00:00","description":"Lassi chu\u1ed1i - \u0110\u1ed3 u\u1ed1ng truy\u1ec1n th\u1ed1ng c\u1ee7a \u1ea4n \u0110\u1ed9 v\u1edbi h\u01b0\u01a1ng v\u1ecb chu\u1ed1i th\u01a1m ngon, m\u00e1t l\u1ea1nh v\u00e0 b\u1ed5 d\u01b0\u1ee1ng. Kh\u00e1m ph\u00e1 ngay t\u1ea1i Tandoor Vietnam.","breadcrumb":{"@id":"https:\/\/tandoorvietnam.com\/vi\/sanpham\/cac-mon-nuoc\/lassi-chuoi\/#breadcrumb"},"inLanguage":"vi-VN","potentialAction":[{"@type":"ReadAction","target":["https:\/\/tandoorvietnam.com\/vi\/sanpham\/cac-mon-nuoc\/lassi-chuoi\/"]}]},{"@type":"ImageObject","inLanguage":"vi-VN","@id":"https:\/\/tandoorvietnam.com\/vi\/sanpham\/cac-mon-nuoc\/lassi-chuoi\/#primaryimage","url":"https:\/\/tandoorvietnam.com\/wp-content\/uploads\/2020\/06\/banana-lassi.jpg","contentUrl":"https:\/\/tandoorvietnam.com\/wp-content\/uploads\/2020\/06\/banana-lassi.jpg","width":800,"height":800,"caption":"LASSI CHU\u1ed0I"},{"@type":"BreadcrumbList","@id":"https:\/\/tandoorvietnam.com\/vi\/sanpham\/cac-mon-nuoc\/lassi-chuoi\/#breadcrumb","itemListElement":[{"@type":"ListItem","position":1,"name":"Trang Ch\u1ee7","item":"https:\/\/tandoorvietnam.com\/vi\/"},{"@type":"ListItem","position":2,"name":"Shop","item":"https:\/\/tandoorvietnam.com\/shop\/"},{"@type":"ListItem","position":3,"name":"LASSI CHU\u1ed0I"}]},{"@type":"WebSite","@id":"https:\/\/tandoorvietnam.com\/vi\/#website","url":"https:\/\/tandoorvietnam.com\/vi\/","name":"Tandoor Vietnam","description":"Nh\u00e0 h\u00e0ng ngon h\u1ed3 ch\u00ed minh","publisher":{"@id":"https:\/\/tandoorvietnam.com\/vi\/#organization"},"potentialAction":[{"@type":"SearchAction","target":{"@type":"EntryPoint","urlTemplate":"https:\/\/tandoorvietnam.com\/vi\/?s={search_term_string}"},"query-input":{"@type":"PropertyValueSpecification","valueRequired":true,"valueName":"search_term_string"}}],"inLanguage":"vi-VN"},{"@type":"Organization","@id":"https:\/\/tandoorvietnam.com\/vi\/#organization","name":"Tandoor Vietnam","url":"https:\/\/tandoorvietnam.com\/vi\/","logo":{"@type":"ImageObject","inLanguage":"vi-VN","@id":"https:\/\/tandoorvietnam.com\/vi\/#\/schema\/logo\/image\/","url":"https:\/\/tandoorvietnam.com\/wp-content\/uploads\/2020\/07\/logo.png","contentUrl":"https:\/\/tandoorvietnam.com\/wp-content\/uploads\/2020\/07\/logo.png","width":133,"height":75,"caption":"Tandoor Vietnam"},"image":{"@id":"https:\/\/tandoorvietnam.com\/vi\/#\/schema\/logo\/image\/"},"sameAs":["https:\/\/www.facebook.com\/tandoor.hcmc\/"]}]}},"_links":{"self":[{"href":"https:\/\/tandoorvietnam.com\/vi\/wp-json\/wp\/v2\/product\/3387","targetHints":{"allow":["GET"]}}],"collection":[{"href":"https:\/\/tandoorvietnam.com\/vi\/wp-json\/wp\/v2\/product"}],"about":[{"href":"https:\/\/tandoorvietnam.com\/vi\/wp-json\/wp\/v2\/types\/product"}],"wp:featuredmedia":[{"embeddable":true,"href":"https:\/\/tandoorvietnam.com\/vi\/wp-json\/wp\/v2\/media\/3388"}],"wp:attachment":[{"href":"https:\/\/tandoorvietnam.com\/vi\/wp-json\/wp\/v2\/media?parent=3387"}],"wp:term":[{"taxonomy":"product_brand","embeddable":true,"href":"https:\/\/tandoorvietnam.com\/vi\/wp-json\/wp\/v2\/product_brand?post=3387"},{"taxonomy":"product_cat","embeddable":true,"href":"https:\/\/tandoorvietnam.com\/vi\/wp-json\/wp\/v2\/product_cat?post=3387"},{"taxonomy":"product_tag","embeddable":true,"href":"https:\/\/tandoorvietnam.com\/vi\/wp-json\/wp\/v2\/product_tag?post=3387"}],"curies":[{"name":"wp","href":"https:\/\/api.w.org\/{rel}","templated":true}]}}