{"id":3390,"date":"2020-06-23T12:34:37","date_gmt":"2021-04-19T09:09:29","guid":{"rendered":"http:\/\/tandoorvietnam.com\/product\/uncategorized\/chivas-regal-nhan-den-12-years\/"},"modified":"2023-05-17T08:40:42","modified_gmt":"2023-05-17T08:40:42","slug":"chivas-regal-nhan-den-12-years","status":"publish","type":"product","link":"https:\/\/tandoorvietnam.com\/vi\/sanpham\/cac-mon-nuoc\/chivas-regal-nhan-den-12-years\/","title":{"rendered":"Black Label-Chivas Regal - 12 years (CHIVAS REGAL NH\u00c3N \u0110EN - 12 N\u0102M)"},"content":{"rendered":"<p>Chivas Regal Nh\u00e3n \u0110en 12 n\u0103m tu\u1ed5i l\u00e0 m\u1ed9t s\u1ef1 k\u1ebft h\u1ee3p tuy\u1ec7t v\u1eddi c\u1ee7a c\u00e1c lo\u1ea1i whisky \u0111en \u0111\u1eadm \u0111\u00e0, mang \u0111\u1ebfn m\u1ed9t tr\u1ea3i nghi\u1ec7m th\u01b0\u1ee3ng h\u1ea1ng v\u00e0 \u0111\u1eb3ng c\u1ea5p. T\u1ea1i Tandoor Vietnam, ch\u00fang t\u00f4i t\u1ef1 h\u00e0o l\u00e0 nh\u00e0 h\u00e0ng chuy\u00ean cung c\u1ea5p c\u00e1c lo\u1ea1i r\u01b0\u1ee3u cao c\u1ea5p, v\u00e0 Chivas Regal Nh\u00e3n \u0110en 12 n\u0103m tu\u1ed5i l\u00e0 m\u1ed9t trong nh\u1eefng l\u1ef1a ch\u1ecdn tuy\u1ec7t v\u1eddi cho nh\u1eefng t\u00edn \u0111\u1ed3 y\u00eau th\u00edch whisky.<\/p>\n<p>V\u1edbi tu\u1ed5i \u0111\u1eddi 12 n\u0103m, Chivas Regal Nh\u00e3n \u0110en \u0111\u00e3 tr\u1ea3i qua qu\u00e1 tr\u00ecnh \u1ee7 v\u00e0 ph\u00e1t tri\u1ec3n \u0111\u1ea7y tinh t\u1ebf. M\u1ed7i gi\u1ecdt r\u01b0\u1ee3u \u0111\u1ec1u mang trong n\u00f3 h\u01b0\u01a1ng v\u1ecb phong ph\u00fa v\u00e0 s\u00e2u l\u1eafng. V\u1ecb c\u1ee7a whisky \u0111\u01b0\u1ee3c c\u00e2n b\u1eb1ng ho\u00e0n h\u1ea3o, v\u1edbi s\u1ef1 h\u00f2a quy\u1ec7n gi\u1eefa h\u01b0\u01a1ng g\u1ed7 s\u1ed3i, vani, tr\u00e1i c\u00e2y ch\u00edn m\u1ecdng v\u00e0 m\u1ed9t ch\u00fat h\u01b0\u01a1ng kh\u00f3i nh\u1eb9 nh\u00e0ng. Black Label-Chivas Regal - 12 years mang \u0111\u1ebfn m\u1ed9t s\u1ef1 pha tr\u1ed9n tuy\u1ec7t m\u1ef9 v\u00e0 h\u00e0i h\u00f2a c\u1ee7a c\u00e1c h\u01b0\u01a1ng v\u1ecb.<\/p>\n<p>Khi th\u01b0\u1edfng th\u1ee9c Black Label-Chivas Regal - 12 years\u00a0t\u1ea1i <a href=\"https:\/\/tandoorvietnam.com\/\">Tandoor Vietnam<\/a>, b\u1ea1n s\u1ebd \u0111\u01b0\u1ee3c tr\u1ea3i nghi\u1ec7m m\u1ed9t kh\u00f4ng gian sang tr\u1ecdng v\u00e0 \u1ea5m c\u00fang. D\u00f2ng r\u01b0\u1ee3u n\u00e0y ho\u00e0n h\u1ea3o \u0111\u1ec3 th\u01b0\u1edfng th\u1ee9c trong nh\u1eefng d\u1ecbp \u0111\u1eb7c bi\u1ec7t, bu\u1ed5i h\u1ecdp m\u1eb7t ho\u1eb7c \u0111\u1ec3 t\u1eb7ng cho nh\u1eefng ng\u01b0\u1eddi th\u00e2n y\u00eau. V\u1edbi h\u01b0\u01a1ng v\u1ecb \u0111\u1ed9c \u0111\u00e1o v\u00e0 \u0111\u1eb3ng c\u1ea5p, Black Label-Chivas Regal - 12 years\u00a0s\u1ebd mang \u0111\u1ebfn cho b\u1ea1n m\u1ed9t tr\u1ea3i nghi\u1ec7m r\u01b0\u1ee3u whisky tuy\u1ec7t h\u1ea3o v\u00e0 \u0111\u00e1ng nh\u1edb.<\/p>\n","protected":false},"excerpt":{"rendered":"<p>Chivas Regal Nh\u00e3n \u0110en 12 n\u0103m tu\u1ed5i l\u00e0 m\u1ed9t s\u1ef1 k\u1ebft h\u1ee3p tuy\u1ec7t v\u1eddi c\u1ee7a c\u00e1c lo\u1ea1i whisky \u0111en \u0111\u1eadm \u0111\u00e0, mang \u0111\u1ebfn m\u1ed9t tr\u1ea3i nghi\u1ec7m th\u01b0\u1ee3ng h\u1ea1ng v\u00e0 \u0111\u1eb3ng c\u1ea5p. T\u1ea1i Tandoor Vietnam, ch\u00fang t\u00f4i t\u1ef1 h\u00e0o l\u00e0 nh\u00e0 h\u00e0ng chuy\u00ean cung c\u1ea5p c\u00e1c lo\u1ea1i r\u01b0\u1ee3u cao c\u1ea5p, v\u00e0 Chivas Regal Nh\u00e3n \u0110en 12 [&hellip;]<\/p>\n","protected":false},"featured_media":0,"template":"","meta":[],"product_brand":[],"product_cat":[231],"product_tag":[],"class_list":{"0":"post-3390","1":"product","2":"type-product","3":"status-publish","5":"product_cat-cac-mon-nuoc","7":"first","8":"instock","9":"taxable","10":"shipping-taxable","11":"purchasable","12":"product-type-simple"},"yoast_head":"<!-- This site is optimized with the Yoast SEO Premium plugin v22.3 (Yoast SEO v27.4) - https:\/\/yoast.com\/product\/yoast-seo-premium-wordpress\/ -->\n<title>CHIVAS REGAL NH\u00c3N \u0110EN - 12 N\u0102M<\/title>\n<meta name=\"description\" content=\"S\u1ef1 h\u00f2a quy\u1ec7n tuy\u1ec7t v\u1eddi c\u1ee7a Chivas Regal nh\u00e3n \u0111en 12 n\u0103m tu\u1ed5i, m\u1ed9t d\u00f2ng r\u01b0\u1ee3u \u0111en \u0111\u1eadm \u0111\u00e0 v\u00e0 tinh t\u1ebf, mang \u0111\u1ebfn tr\u1ea3i nghi\u1ec7m tuy\u1ec7t h\u1ea3o t\u1ea1i Tandoor Vietnam.\" \/>\n<meta name=\"robots\" content=\"index, follow, max-snippet:-1, max-image-preview:large, max-video-preview:-1\" \/>\n<link rel=\"canonical\" href=\"https:\/\/tandoorvietnam.com\/vi\/sanpham\/cac-mon-nuoc\/chivas-regal-nhan-den-12-years\/\" \/>\n<meta property=\"og:locale\" content=\"vi_VN\" \/>\n<meta property=\"og:type\" content=\"article\" \/>\n<meta property=\"og:title\" content=\"Black Label-Chivas Regal - 12 years (CHIVAS REGAL NH\u00c3N \u0110EN - 12 N\u0102M)\" \/>\n<meta property=\"og:description\" content=\"S\u1ef1 h\u00f2a quy\u1ec7n tuy\u1ec7t v\u1eddi c\u1ee7a Chivas Regal nh\u00e3n \u0111en 12 n\u0103m tu\u1ed5i, m\u1ed9t d\u00f2ng r\u01b0\u1ee3u \u0111en \u0111\u1eadm \u0111\u00e0 v\u00e0 tinh t\u1ebf, mang \u0111\u1ebfn tr\u1ea3i nghi\u1ec7m tuy\u1ec7t h\u1ea3o t\u1ea1i Tandoor Vietnam.\" \/>\n<meta property=\"og:url\" content=\"https:\/\/tandoorvietnam.com\/vi\/sanpham\/cac-mon-nuoc\/chivas-regal-nhan-den-12-years\/\" \/>\n<meta property=\"og:site_name\" content=\"Tandoor Vi\u1ec7t Nam\" \/>\n<meta property=\"article:publisher\" content=\"https:\/\/www.facebook.com\/tandoor.hcmc\/\" \/>\n<meta property=\"article:modified_time\" content=\"2023-05-17T08:40:42+00:00\" \/>\n<meta property=\"og:image\" content=\"https:\/\/tandoorvietnam.com\/wp-content\/uploads\/2020\/07\/opengraph.jpg\" \/>\n\t<meta property=\"og:image:width\" content=\"1200\" \/>\n\t<meta property=\"og:image:height\" content=\"630\" \/>\n\t<meta property=\"og:image:type\" content=\"image\/jpeg\" \/>\n<meta name=\"twitter:card\" content=\"summary_large_image\" \/>\n<meta name=\"twitter:label1\" content=\"Est. reading time\" \/>\n\t<meta name=\"twitter:data1\" content=\"2 minutes\" \/>\n<script type=\"application\/ld+json\" class=\"yoast-schema-graph\">{\"@context\":\"https:\\\/\\\/schema.org\",\"@graph\":[{\"@type\":\"WebPage\",\"@id\":\"https:\\\/\\\/tandoorvietnam.com\\\/vi\\\/sanpham\\\/cac-mon-nuoc\\\/chivas-regal-nhan-den-12-years\\\/\",\"url\":\"https:\\\/\\\/tandoorvietnam.com\\\/vi\\\/sanpham\\\/cac-mon-nuoc\\\/chivas-regal-nhan-den-12-years\\\/\",\"name\":\"CHIVAS REGAL NH\u00c3N \u0110EN - 12 N\u0102M\",\"isPartOf\":{\"@id\":\"https:\\\/\\\/tandoorvietnam.com\\\/vi\\\/#website\"},\"datePublished\":\"2021-04-19T09:09:29+00:00\",\"dateModified\":\"2023-05-17T08:40:42+00:00\",\"description\":\"S\u1ef1 h\u00f2a quy\u1ec7n tuy\u1ec7t v\u1eddi c\u1ee7a Chivas Regal nh\u00e3n \u0111en 12 n\u0103m tu\u1ed5i, m\u1ed9t d\u00f2ng r\u01b0\u1ee3u \u0111en \u0111\u1eadm \u0111\u00e0 v\u00e0 tinh t\u1ebf, mang \u0111\u1ebfn tr\u1ea3i nghi\u1ec7m tuy\u1ec7t h\u1ea3o t\u1ea1i Tandoor Vietnam.\",\"breadcrumb\":{\"@id\":\"https:\\\/\\\/tandoorvietnam.com\\\/vi\\\/sanpham\\\/cac-mon-nuoc\\\/chivas-regal-nhan-den-12-years\\\/#breadcrumb\"},\"inLanguage\":\"vi-VN\",\"potentialAction\":[{\"@type\":\"ReadAction\",\"target\":[\"https:\\\/\\\/tandoorvietnam.com\\\/vi\\\/sanpham\\\/cac-mon-nuoc\\\/chivas-regal-nhan-den-12-years\\\/\"]}]},{\"@type\":\"BreadcrumbList\",\"@id\":\"https:\\\/\\\/tandoorvietnam.com\\\/vi\\\/sanpham\\\/cac-mon-nuoc\\\/chivas-regal-nhan-den-12-years\\\/#breadcrumb\",\"itemListElement\":[{\"@type\":\"ListItem\",\"position\":1,\"name\":\"Trang Ch\u1ee7\",\"item\":\"https:\\\/\\\/tandoorvietnam.com\\\/vi\\\/\"},{\"@type\":\"ListItem\",\"position\":2,\"name\":\"Shop\",\"item\":\"https:\\\/\\\/tandoorvietnam.com\\\/shop\\\/\"},{\"@type\":\"ListItem\",\"position\":3,\"name\":\"Black Label-Chivas Regal &#8211; 12 years (CHIVAS REGAL NH\u00c3N \u0110EN &#8211; 12 N\u0102M)\"}]},{\"@type\":\"WebSite\",\"@id\":\"https:\\\/\\\/tandoorvietnam.com\\\/vi\\\/#website\",\"url\":\"https:\\\/\\\/tandoorvietnam.com\\\/vi\\\/\",\"name\":\"Tandoor Vietnam\",\"description\":\"Nh\u00e0 h\u00e0ng ngon h\u1ed3 ch\u00ed minh\",\"publisher\":{\"@id\":\"https:\\\/\\\/tandoorvietnam.com\\\/vi\\\/#organization\"},\"potentialAction\":[{\"@type\":\"SearchAction\",\"target\":{\"@type\":\"EntryPoint\",\"urlTemplate\":\"https:\\\/\\\/tandoorvietnam.com\\\/vi\\\/?s={search_term_string}\"},\"query-input\":{\"@type\":\"PropertyValueSpecification\",\"valueRequired\":true,\"valueName\":\"search_term_string\"}}],\"inLanguage\":\"vi-VN\"},{\"@type\":\"Organization\",\"@id\":\"https:\\\/\\\/tandoorvietnam.com\\\/vi\\\/#organization\",\"name\":\"Tandoor Vietnam\",\"url\":\"https:\\\/\\\/tandoorvietnam.com\\\/vi\\\/\",\"logo\":{\"@type\":\"ImageObject\",\"inLanguage\":\"vi-VN\",\"@id\":\"https:\\\/\\\/tandoorvietnam.com\\\/vi\\\/#\\\/schema\\\/logo\\\/image\\\/\",\"url\":\"https:\\\/\\\/tandoorvietnam.com\\\/wp-content\\\/uploads\\\/2020\\\/07\\\/logo.png\",\"contentUrl\":\"https:\\\/\\\/tandoorvietnam.com\\\/wp-content\\\/uploads\\\/2020\\\/07\\\/logo.png\",\"width\":133,\"height\":75,\"caption\":\"Tandoor Vietnam\"},\"image\":{\"@id\":\"https:\\\/\\\/tandoorvietnam.com\\\/vi\\\/#\\\/schema\\\/logo\\\/image\\\/\"},\"sameAs\":[\"https:\\\/\\\/www.facebook.com\\\/tandoor.hcmc\\\/\"]}]}<\/script>\n<!-- \/ Yoast SEO Premium plugin. -->","yoast_head_json":{"title":"CHIVAS REGAL NH\u00c3N \u0110EN - 12 N\u0102M","description":"S\u1ef1 h\u00f2a quy\u1ec7n tuy\u1ec7t v\u1eddi c\u1ee7a Chivas Regal nh\u00e3n \u0111en 12 n\u0103m tu\u1ed5i, m\u1ed9t d\u00f2ng r\u01b0\u1ee3u \u0111en \u0111\u1eadm \u0111\u00e0 v\u00e0 tinh t\u1ebf, mang \u0111\u1ebfn tr\u1ea3i nghi\u1ec7m tuy\u1ec7t h\u1ea3o t\u1ea1i Tandoor Vietnam.","robots":{"index":"index","follow":"follow","max-snippet":"max-snippet:-1","max-image-preview":"max-image-preview:large","max-video-preview":"max-video-preview:-1"},"canonical":"https:\/\/tandoorvietnam.com\/vi\/sanpham\/cac-mon-nuoc\/chivas-regal-nhan-den-12-years\/","og_locale":"vi_VN","og_type":"article","og_title":"Black Label-Chivas Regal - 12 years (CHIVAS REGAL NH\u00c3N \u0110EN - 12 N\u0102M)","og_description":"S\u1ef1 h\u00f2a quy\u1ec7n tuy\u1ec7t v\u1eddi c\u1ee7a Chivas Regal nh\u00e3n \u0111en 12 n\u0103m tu\u1ed5i, m\u1ed9t d\u00f2ng r\u01b0\u1ee3u \u0111en \u0111\u1eadm \u0111\u00e0 v\u00e0 tinh t\u1ebf, mang \u0111\u1ebfn tr\u1ea3i nghi\u1ec7m tuy\u1ec7t h\u1ea3o t\u1ea1i Tandoor Vietnam.","og_url":"https:\/\/tandoorvietnam.com\/vi\/sanpham\/cac-mon-nuoc\/chivas-regal-nhan-den-12-years\/","og_site_name":"Tandoor Vi\u1ec7t Nam","article_publisher":"https:\/\/www.facebook.com\/tandoor.hcmc\/","article_modified_time":"2023-05-17T08:40:42+00:00","og_image":[{"width":1200,"height":630,"url":"https:\/\/tandoorvietnam.com\/wp-content\/uploads\/2020\/07\/opengraph.jpg","type":"image\/jpeg"}],"twitter_card":"summary_large_image","twitter_misc":{"Est. reading time":"2 minutes"},"schema":{"@context":"https:\/\/schema.org","@graph":[{"@type":"WebPage","@id":"https:\/\/tandoorvietnam.com\/vi\/sanpham\/cac-mon-nuoc\/chivas-regal-nhan-den-12-years\/","url":"https:\/\/tandoorvietnam.com\/vi\/sanpham\/cac-mon-nuoc\/chivas-regal-nhan-den-12-years\/","name":"CHIVAS REGAL NH\u00c3N \u0110EN - 12 N\u0102M","isPartOf":{"@id":"https:\/\/tandoorvietnam.com\/vi\/#website"},"datePublished":"2021-04-19T09:09:29+00:00","dateModified":"2023-05-17T08:40:42+00:00","description":"S\u1ef1 h\u00f2a quy\u1ec7n tuy\u1ec7t v\u1eddi c\u1ee7a Chivas Regal nh\u00e3n \u0111en 12 n\u0103m tu\u1ed5i, m\u1ed9t d\u00f2ng r\u01b0\u1ee3u \u0111en \u0111\u1eadm \u0111\u00e0 v\u00e0 tinh t\u1ebf, mang \u0111\u1ebfn tr\u1ea3i nghi\u1ec7m tuy\u1ec7t h\u1ea3o t\u1ea1i Tandoor Vietnam.","breadcrumb":{"@id":"https:\/\/tandoorvietnam.com\/vi\/sanpham\/cac-mon-nuoc\/chivas-regal-nhan-den-12-years\/#breadcrumb"},"inLanguage":"vi-VN","potentialAction":[{"@type":"ReadAction","target":["https:\/\/tandoorvietnam.com\/vi\/sanpham\/cac-mon-nuoc\/chivas-regal-nhan-den-12-years\/"]}]},{"@type":"BreadcrumbList","@id":"https:\/\/tandoorvietnam.com\/vi\/sanpham\/cac-mon-nuoc\/chivas-regal-nhan-den-12-years\/#breadcrumb","itemListElement":[{"@type":"ListItem","position":1,"name":"Trang Ch\u1ee7","item":"https:\/\/tandoorvietnam.com\/vi\/"},{"@type":"ListItem","position":2,"name":"Shop","item":"https:\/\/tandoorvietnam.com\/shop\/"},{"@type":"ListItem","position":3,"name":"Black Label-Chivas Regal &#8211; 12 years (CHIVAS REGAL NH\u00c3N \u0110EN &#8211; 12 N\u0102M)"}]},{"@type":"WebSite","@id":"https:\/\/tandoorvietnam.com\/vi\/#website","url":"https:\/\/tandoorvietnam.com\/vi\/","name":"Tandoor Vietnam","description":"Nh\u00e0 h\u00e0ng ngon h\u1ed3 ch\u00ed minh","publisher":{"@id":"https:\/\/tandoorvietnam.com\/vi\/#organization"},"potentialAction":[{"@type":"SearchAction","target":{"@type":"EntryPoint","urlTemplate":"https:\/\/tandoorvietnam.com\/vi\/?s={search_term_string}"},"query-input":{"@type":"PropertyValueSpecification","valueRequired":true,"valueName":"search_term_string"}}],"inLanguage":"vi-VN"},{"@type":"Organization","@id":"https:\/\/tandoorvietnam.com\/vi\/#organization","name":"Tandoor Vietnam","url":"https:\/\/tandoorvietnam.com\/vi\/","logo":{"@type":"ImageObject","inLanguage":"vi-VN","@id":"https:\/\/tandoorvietnam.com\/vi\/#\/schema\/logo\/image\/","url":"https:\/\/tandoorvietnam.com\/wp-content\/uploads\/2020\/07\/logo.png","contentUrl":"https:\/\/tandoorvietnam.com\/wp-content\/uploads\/2020\/07\/logo.png","width":133,"height":75,"caption":"Tandoor Vietnam"},"image":{"@id":"https:\/\/tandoorvietnam.com\/vi\/#\/schema\/logo\/image\/"},"sameAs":["https:\/\/www.facebook.com\/tandoor.hcmc\/"]}]}},"_links":{"self":[{"href":"https:\/\/tandoorvietnam.com\/vi\/wp-json\/wp\/v2\/product\/3390","targetHints":{"allow":["GET"]}}],"collection":[{"href":"https:\/\/tandoorvietnam.com\/vi\/wp-json\/wp\/v2\/product"}],"about":[{"href":"https:\/\/tandoorvietnam.com\/vi\/wp-json\/wp\/v2\/types\/product"}],"wp:attachment":[{"href":"https:\/\/tandoorvietnam.com\/vi\/wp-json\/wp\/v2\/media?parent=3390"}],"wp:term":[{"taxonomy":"product_brand","embeddable":true,"href":"https:\/\/tandoorvietnam.com\/vi\/wp-json\/wp\/v2\/product_brand?post=3390"},{"taxonomy":"product_cat","embeddable":true,"href":"https:\/\/tandoorvietnam.com\/vi\/wp-json\/wp\/v2\/product_cat?post=3390"},{"taxonomy":"product_tag","embeddable":true,"href":"https:\/\/tandoorvietnam.com\/vi\/wp-json\/wp\/v2\/product_tag?post=3390"}],"curies":[{"name":"wp","href":"https:\/\/api.w.org\/{rel}","templated":true}]}}