{"id":3392,"date":"2020-06-23T11:56:28","date_gmt":"2021-04-19T09:12:52","guid":{"rendered":"http:\/\/tandoorvietnam.com\/product\/uncategorized\/nuoc-ep-ca-rot\/"},"modified":"2023-05-20T08:42:50","modified_gmt":"2023-05-20T08:42:50","slug":"nuoc-ep-ca-rot","status":"publish","type":"product","link":"https:\/\/tandoorvietnam.com\/vi\/sanpham\/cac-mon-nuoc\/nuoc-ep-ca-rot\/","title":{"rendered":"Carrot (N\u01af\u1edaC \u00c9P C\u00c0 R\u1ed0T)"},"content":{"rendered":"<p>N\u01b0\u1edbc \u00e9p c\u00e0 r\u1ed1t (Carrot juice) l\u00e0 m\u1ed9t trong nh\u1eefng \u0111\u1ed3 u\u1ed1ng tuy\u1ec7t v\u1eddi cho s\u1ee9c kh\u1ecfe, \u0111\u1eb7c bi\u1ec7t l\u00e0 trong m\u00f9a h\u00e8 n\u00f3ng b\u1ee9c. T\u1ea1i Tandoor Vietnam, ch\u00fang t\u00f4i s\u1eed d\u1ee5ng nh\u1eefng c\u00e0 r\u1ed1t t\u01b0\u01a1i ngon, ch\u00edn m\u1ecdng \u0111\u1ec3 t\u1ea1o ra m\u1ed9t ly n\u01b0\u1edbc \u00e9p th\u01a1m ngon v\u00e0 gi\u00e0u vitamin.<\/p>\n<p>C\u00e0 r\u1ed1t l\u00e0 m\u1ed9t ngu\u1ed3n d\u1ed3i d\u00e0o c\u1ee7a vitamin A, C v\u00e0 K, c\u0169ng nh\u01b0 c\u00e1c ch\u1ea5t ch\u1ed1ng oxy h\u00f3a v\u00e0 ch\u1ea5t x\u01a1. N\u01b0\u1edbc \u00e9p c\u00e0 r\u1ed1t kh\u00f4ng ch\u1ec9 gi\u00fap cung c\u1ea5p n\u0103ng l\u01b0\u1ee3ng v\u00e0 c\u00e2n b\u1eb1ng dinh d\u01b0\u1ee1ng, m\u00e0 c\u00f2n c\u00f3 t\u00e1c d\u1ee5ng t\u1ed1t cho s\u1ee9c kh\u1ecfe da, m\u1eaft v\u00e0 h\u1ec7 ti\u00eau h\u00f3a.<\/p>\n<p>M\u1ed9t ly Carrot juice\u00a0t\u01b0\u01a1i m\u00e1t s\u1ebd gi\u00fap b\u1ea1n c\u1ea3m th\u1ea5y t\u1ec9nh t\u00e1o v\u00e0 s\u1ea3ng kho\u00e1i. V\u1edbi h\u01b0\u01a1ng v\u1ecb ng\u1ecdt t\u1ef1 nhi\u00ean c\u1ee7a c\u00e0 r\u1ed1t, \u0111\u1ed3 u\u1ed1ng n\u00e0y l\u00e0 l\u1ef1a ch\u1ecdn tuy\u1ec7t v\u1eddi cho nh\u1eefng ai mu\u1ed1n th\u01b0\u1edfng th\u1ee9c m\u1ed9t m\u00f3n \u0111\u1ed3 u\u1ed1ng l\u00e0nh m\u1ea1nh v\u00e0 b\u1ed5 d\u01b0\u1ee1ng.<\/p>\n<p>Carrot juice c\u0169ng c\u00f3 th\u1ec3 \u0111\u01b0\u1ee3c k\u1ebft h\u1ee3p v\u1edbi c\u00e1c th\u00e0nh ph\u1ea7n kh\u00e1c nh\u01b0 cam, t\u00e1o, g\u1eebng ho\u1eb7c c\u1ecf l\u00faa m\u1ea1ch \u0111\u1ec3 t\u1ea1o ra nh\u1eefng s\u1ef1 k\u1ebft h\u1ee3p h\u01b0\u01a1ng v\u1ecb \u0111\u1ed9c \u0111\u00e1o. T\u1ea1i Tandoor Vietnam, ch\u00fang t\u00f4i lu\u00f4n cam k\u1ebft s\u1eed d\u1ee5ng nguy\u00ean li\u1ec7u t\u01b0\u01a1i ngon v\u00e0 kh\u00f4ng s\u1eed d\u1ee5ng ch\u1ea5t b\u1ea3o qu\u1ea3n, \u0111\u1ec3 mang \u0111\u1ebfn cho b\u1ea1n m\u1ed9t ly Carrot juice\u00a0tinh khi\u1ebft v\u00e0 b\u1ed5 d\u01b0\u1ee1ng.<\/p>\n<p>H\u00e3y th\u01b0\u1edfng th\u1ee9c m\u1ed9t ly Carrot juice\u00a0m\u00e1t l\u1ea1nh \u0111\u1ec3 gi\u1eef g\u00ecn s\u1ee9c kh\u1ecfe v\u00e0 t\u0103ng c\u01b0\u1eddng h\u1ec7 mi\u1ec5n d\u1ecbch c\u1ee7a b\u1ea1n. N\u01b0\u1edbc \u00e9p c\u00e0 r\u1ed1t t\u1ea1i Tandoor Vietnam l\u00e0 l\u1ef1a ch\u1ecdn ho\u00e0n h\u1ea3o cho nh\u1eefng ng\u01b0\u1eddi y\u00eau th\u00edch h\u01b0\u01a1ng v\u1ecb t\u1ef1 nhi\u00ean v\u00e0 mong mu\u1ed1n h\u01b0\u1edfng th\u1ee5 m\u1ed9t \u0111\u1ed3 u\u1ed1ng b\u1ed5 d\u01b0\u1ee1ng v\u00e0 t\u01b0\u01a1i m\u00e1t.<\/p>\n","protected":false},"excerpt":{"rendered":"<p>N\u01b0\u1edbc \u00e9p c\u00e0 r\u1ed1t (Carrot juice) l\u00e0 m\u1ed9t trong nh\u1eefng \u0111\u1ed3 u\u1ed1ng tuy\u1ec7t v\u1eddi cho s\u1ee9c kh\u1ecfe, \u0111\u1eb7c bi\u1ec7t l\u00e0 trong m\u00f9a h\u00e8 n\u00f3ng b\u1ee9c. T\u1ea1i Tandoor Vietnam, ch\u00fang t\u00f4i s\u1eed d\u1ee5ng nh\u1eefng c\u00e0 r\u1ed1t t\u01b0\u01a1i ngon, ch\u00edn m\u1ecdng \u0111\u1ec3 t\u1ea1o ra m\u1ed9t ly n\u01b0\u1edbc \u00e9p th\u01a1m ngon v\u00e0 gi\u00e0u vitamin. C\u00e0 r\u1ed1t l\u00e0 m\u1ed9t [&hellip;]<\/p>\n","protected":false},"featured_media":3393,"template":"","meta":[],"product_brand":[],"product_cat":[231],"product_tag":[],"class_list":{"0":"post-3392","1":"product","2":"type-product","3":"status-publish","4":"has-post-thumbnail","6":"product_cat-cac-mon-nuoc","8":"first","9":"instock","10":"taxable","11":"shipping-taxable","12":"purchasable","13":"product-type-simple"},"yoast_head":"<!-- This site is optimized with the Yoast SEO Premium plugin v22.3 (Yoast SEO v27.6) - https:\/\/yoast.com\/product\/yoast-seo-premium-wordpress\/ -->\n<title>Carrot (N\u01af\u1edaC \u00c9P C\u00c0 R\u1ed0T) - Tandoor Vi\u1ec7t Nam<\/title>\n<meta name=\"description\" content=\"N\u01b0\u1edbc \u00e9p c\u00e0 r\u1ed1t t\u01b0\u01a1i m\u00e1t, gi\u00e0u vitamin v\u00e0 ch\u1ea5t dinh d\u01b0\u1ee1ng, t\u1ea1i nh\u00e0 h\u00e0ng Tandoor Vietnam - m\u1ed9t m\u00f3n \u0111\u1ed3 u\u1ed1ng tuy\u1ec7t v\u1eddi cho s\u1ee9c kh\u1ecfe.\" \/>\n<meta name=\"robots\" content=\"index, follow, max-snippet:-1, max-image-preview:large, max-video-preview:-1\" \/>\n<link rel=\"canonical\" href=\"https:\/\/tandoorvietnam.com\/vi\/sanpham\/cac-mon-nuoc\/nuoc-ep-ca-rot\/\" \/>\n<meta property=\"og:locale\" content=\"vi_VN\" \/>\n<meta property=\"og:type\" content=\"article\" \/>\n<meta property=\"og:title\" content=\"Carrot (N\u01af\u1edaC \u00c9P C\u00c0 R\u1ed0T)\" \/>\n<meta property=\"og:description\" content=\"N\u01b0\u1edbc \u00e9p c\u00e0 r\u1ed1t t\u01b0\u01a1i m\u00e1t, gi\u00e0u vitamin v\u00e0 ch\u1ea5t dinh d\u01b0\u1ee1ng, t\u1ea1i nh\u00e0 h\u00e0ng Tandoor Vietnam - m\u1ed9t m\u00f3n \u0111\u1ed3 u\u1ed1ng tuy\u1ec7t v\u1eddi cho s\u1ee9c kh\u1ecfe.\" \/>\n<meta property=\"og:url\" content=\"https:\/\/tandoorvietnam.com\/vi\/sanpham\/cac-mon-nuoc\/nuoc-ep-ca-rot\/\" \/>\n<meta property=\"og:site_name\" content=\"Tandoor Vi\u1ec7t Nam\" \/>\n<meta property=\"article:publisher\" content=\"https:\/\/www.facebook.com\/tandoor.hcmc\/\" \/>\n<meta property=\"article:modified_time\" content=\"2023-05-20T08:42:50+00:00\" \/>\n<meta property=\"og:image\" content=\"https:\/\/tandoorvietnam.com\/wp-content\/uploads\/2020\/06\/Carrot-juice-scaled.jpg\" \/>\n\t<meta property=\"og:image:width\" content=\"1400\" \/>\n\t<meta property=\"og:image:height\" content=\"1400\" \/>\n\t<meta property=\"og:image:type\" content=\"image\/jpeg\" \/>\n<meta name=\"twitter:card\" content=\"summary_large_image\" \/>\n<meta name=\"twitter:label1\" content=\"Est. reading time\" \/>\n\t<meta name=\"twitter:data1\" content=\"2 minutes\" \/>\n<script type=\"application\/ld+json\" class=\"yoast-schema-graph\">{\"@context\":\"https:\\\/\\\/schema.org\",\"@graph\":[{\"@type\":\"WebPage\",\"@id\":\"https:\\\/\\\/tandoorvietnam.com\\\/vi\\\/sanpham\\\/cac-mon-nuoc\\\/nuoc-ep-ca-rot\\\/\",\"url\":\"https:\\\/\\\/tandoorvietnam.com\\\/vi\\\/sanpham\\\/cac-mon-nuoc\\\/nuoc-ep-ca-rot\\\/\",\"name\":\"Carrot (N\u01af\u1edaC \u00c9P C\u00c0 R\u1ed0T) - Tandoor Vi\u1ec7t Nam\",\"isPartOf\":{\"@id\":\"https:\\\/\\\/tandoorvietnam.com\\\/vi\\\/#website\"},\"primaryImageOfPage\":{\"@id\":\"https:\\\/\\\/tandoorvietnam.com\\\/vi\\\/sanpham\\\/cac-mon-nuoc\\\/nuoc-ep-ca-rot\\\/#primaryimage\"},\"image\":{\"@id\":\"https:\\\/\\\/tandoorvietnam.com\\\/vi\\\/sanpham\\\/cac-mon-nuoc\\\/nuoc-ep-ca-rot\\\/#primaryimage\"},\"thumbnailUrl\":\"https:\\\/\\\/tandoorvietnam.com\\\/wp-content\\\/uploads\\\/2020\\\/06\\\/Carrot-juice-scaled.jpg\",\"datePublished\":\"2021-04-19T09:12:52+00:00\",\"dateModified\":\"2023-05-20T08:42:50+00:00\",\"description\":\"N\u01b0\u1edbc \u00e9p c\u00e0 r\u1ed1t t\u01b0\u01a1i m\u00e1t, gi\u00e0u vitamin v\u00e0 ch\u1ea5t dinh d\u01b0\u1ee1ng, t\u1ea1i nh\u00e0 h\u00e0ng Tandoor Vietnam - m\u1ed9t m\u00f3n \u0111\u1ed3 u\u1ed1ng tuy\u1ec7t v\u1eddi cho s\u1ee9c kh\u1ecfe.\",\"breadcrumb\":{\"@id\":\"https:\\\/\\\/tandoorvietnam.com\\\/vi\\\/sanpham\\\/cac-mon-nuoc\\\/nuoc-ep-ca-rot\\\/#breadcrumb\"},\"inLanguage\":\"vi-VN\",\"potentialAction\":[{\"@type\":\"ReadAction\",\"target\":[\"https:\\\/\\\/tandoorvietnam.com\\\/vi\\\/sanpham\\\/cac-mon-nuoc\\\/nuoc-ep-ca-rot\\\/\"]}]},{\"@type\":\"ImageObject\",\"inLanguage\":\"vi-VN\",\"@id\":\"https:\\\/\\\/tandoorvietnam.com\\\/vi\\\/sanpham\\\/cac-mon-nuoc\\\/nuoc-ep-ca-rot\\\/#primaryimage\",\"url\":\"https:\\\/\\\/tandoorvietnam.com\\\/wp-content\\\/uploads\\\/2020\\\/06\\\/Carrot-juice-scaled.jpg\",\"contentUrl\":\"https:\\\/\\\/tandoorvietnam.com\\\/wp-content\\\/uploads\\\/2020\\\/06\\\/Carrot-juice-scaled.jpg\",\"width\":2048,\"height\":2048,\"caption\":\"N\u01af\u1edaC \u00c9P C\u00c0 R\u1ed0T\"},{\"@type\":\"BreadcrumbList\",\"@id\":\"https:\\\/\\\/tandoorvietnam.com\\\/vi\\\/sanpham\\\/cac-mon-nuoc\\\/nuoc-ep-ca-rot\\\/#breadcrumb\",\"itemListElement\":[{\"@type\":\"ListItem\",\"position\":1,\"name\":\"Trang Ch\u1ee7\",\"item\":\"https:\\\/\\\/tandoorvietnam.com\\\/vi\\\/\"},{\"@type\":\"ListItem\",\"position\":2,\"name\":\"Shop\",\"item\":\"https:\\\/\\\/tandoorvietnam.com\\\/shop\\\/\"},{\"@type\":\"ListItem\",\"position\":3,\"name\":\"Carrot (N\u01af\u1edaC \u00c9P C\u00c0 R\u1ed0T)\"}]},{\"@type\":\"WebSite\",\"@id\":\"https:\\\/\\\/tandoorvietnam.com\\\/vi\\\/#website\",\"url\":\"https:\\\/\\\/tandoorvietnam.com\\\/vi\\\/\",\"name\":\"Tandoor Vietnam\",\"description\":\"Nh\u00e0 h\u00e0ng ngon h\u1ed3 ch\u00ed minh\",\"publisher\":{\"@id\":\"https:\\\/\\\/tandoorvietnam.com\\\/vi\\\/#organization\"},\"potentialAction\":[{\"@type\":\"SearchAction\",\"target\":{\"@type\":\"EntryPoint\",\"urlTemplate\":\"https:\\\/\\\/tandoorvietnam.com\\\/vi\\\/?s={search_term_string}\"},\"query-input\":{\"@type\":\"PropertyValueSpecification\",\"valueRequired\":true,\"valueName\":\"search_term_string\"}}],\"inLanguage\":\"vi-VN\"},{\"@type\":\"Organization\",\"@id\":\"https:\\\/\\\/tandoorvietnam.com\\\/vi\\\/#organization\",\"name\":\"Tandoor Vietnam\",\"url\":\"https:\\\/\\\/tandoorvietnam.com\\\/vi\\\/\",\"logo\":{\"@type\":\"ImageObject\",\"inLanguage\":\"vi-VN\",\"@id\":\"https:\\\/\\\/tandoorvietnam.com\\\/vi\\\/#\\\/schema\\\/logo\\\/image\\\/\",\"url\":\"https:\\\/\\\/tandoorvietnam.com\\\/wp-content\\\/uploads\\\/2020\\\/07\\\/logo.png\",\"contentUrl\":\"https:\\\/\\\/tandoorvietnam.com\\\/wp-content\\\/uploads\\\/2020\\\/07\\\/logo.png\",\"width\":133,\"height\":75,\"caption\":\"Tandoor Vietnam\"},\"image\":{\"@id\":\"https:\\\/\\\/tandoorvietnam.com\\\/vi\\\/#\\\/schema\\\/logo\\\/image\\\/\"},\"sameAs\":[\"https:\\\/\\\/www.facebook.com\\\/tandoor.hcmc\\\/\"]}]}<\/script>\n<!-- \/ Yoast SEO Premium plugin. -->","yoast_head_json":{"title":"Carrot (N\u01af\u1edaC \u00c9P C\u00c0 R\u1ed0T) - Tandoor Vi\u1ec7t Nam","description":"N\u01b0\u1edbc \u00e9p c\u00e0 r\u1ed1t t\u01b0\u01a1i m\u00e1t, gi\u00e0u vitamin v\u00e0 ch\u1ea5t dinh d\u01b0\u1ee1ng, t\u1ea1i nh\u00e0 h\u00e0ng Tandoor Vietnam - m\u1ed9t m\u00f3n \u0111\u1ed3 u\u1ed1ng tuy\u1ec7t v\u1eddi cho s\u1ee9c kh\u1ecfe.","robots":{"index":"index","follow":"follow","max-snippet":"max-snippet:-1","max-image-preview":"max-image-preview:large","max-video-preview":"max-video-preview:-1"},"canonical":"https:\/\/tandoorvietnam.com\/vi\/sanpham\/cac-mon-nuoc\/nuoc-ep-ca-rot\/","og_locale":"vi_VN","og_type":"article","og_title":"Carrot (N\u01af\u1edaC \u00c9P C\u00c0 R\u1ed0T)","og_description":"N\u01b0\u1edbc \u00e9p c\u00e0 r\u1ed1t t\u01b0\u01a1i m\u00e1t, gi\u00e0u vitamin v\u00e0 ch\u1ea5t dinh d\u01b0\u1ee1ng, t\u1ea1i nh\u00e0 h\u00e0ng Tandoor Vietnam - m\u1ed9t m\u00f3n \u0111\u1ed3 u\u1ed1ng tuy\u1ec7t v\u1eddi cho s\u1ee9c kh\u1ecfe.","og_url":"https:\/\/tandoorvietnam.com\/vi\/sanpham\/cac-mon-nuoc\/nuoc-ep-ca-rot\/","og_site_name":"Tandoor Vi\u1ec7t Nam","article_publisher":"https:\/\/www.facebook.com\/tandoor.hcmc\/","article_modified_time":"2023-05-20T08:42:50+00:00","og_image":[{"width":1400,"height":1400,"url":"https:\/\/tandoorvietnam.com\/wp-content\/uploads\/2020\/06\/Carrot-juice-scaled.jpg","type":"image\/jpeg"}],"twitter_card":"summary_large_image","twitter_misc":{"Est. reading time":"2 minutes"},"schema":{"@context":"https:\/\/schema.org","@graph":[{"@type":"WebPage","@id":"https:\/\/tandoorvietnam.com\/vi\/sanpham\/cac-mon-nuoc\/nuoc-ep-ca-rot\/","url":"https:\/\/tandoorvietnam.com\/vi\/sanpham\/cac-mon-nuoc\/nuoc-ep-ca-rot\/","name":"Carrot (N\u01af\u1edaC \u00c9P C\u00c0 R\u1ed0T) - Tandoor Vi\u1ec7t Nam","isPartOf":{"@id":"https:\/\/tandoorvietnam.com\/vi\/#website"},"primaryImageOfPage":{"@id":"https:\/\/tandoorvietnam.com\/vi\/sanpham\/cac-mon-nuoc\/nuoc-ep-ca-rot\/#primaryimage"},"image":{"@id":"https:\/\/tandoorvietnam.com\/vi\/sanpham\/cac-mon-nuoc\/nuoc-ep-ca-rot\/#primaryimage"},"thumbnailUrl":"https:\/\/tandoorvietnam.com\/wp-content\/uploads\/2020\/06\/Carrot-juice-scaled.jpg","datePublished":"2021-04-19T09:12:52+00:00","dateModified":"2023-05-20T08:42:50+00:00","description":"N\u01b0\u1edbc \u00e9p c\u00e0 r\u1ed1t t\u01b0\u01a1i m\u00e1t, gi\u00e0u vitamin v\u00e0 ch\u1ea5t dinh d\u01b0\u1ee1ng, t\u1ea1i nh\u00e0 h\u00e0ng Tandoor Vietnam - m\u1ed9t m\u00f3n \u0111\u1ed3 u\u1ed1ng tuy\u1ec7t v\u1eddi cho s\u1ee9c kh\u1ecfe.","breadcrumb":{"@id":"https:\/\/tandoorvietnam.com\/vi\/sanpham\/cac-mon-nuoc\/nuoc-ep-ca-rot\/#breadcrumb"},"inLanguage":"vi-VN","potentialAction":[{"@type":"ReadAction","target":["https:\/\/tandoorvietnam.com\/vi\/sanpham\/cac-mon-nuoc\/nuoc-ep-ca-rot\/"]}]},{"@type":"ImageObject","inLanguage":"vi-VN","@id":"https:\/\/tandoorvietnam.com\/vi\/sanpham\/cac-mon-nuoc\/nuoc-ep-ca-rot\/#primaryimage","url":"https:\/\/tandoorvietnam.com\/wp-content\/uploads\/2020\/06\/Carrot-juice-scaled.jpg","contentUrl":"https:\/\/tandoorvietnam.com\/wp-content\/uploads\/2020\/06\/Carrot-juice-scaled.jpg","width":2048,"height":2048,"caption":"N\u01af\u1edaC \u00c9P C\u00c0 R\u1ed0T"},{"@type":"BreadcrumbList","@id":"https:\/\/tandoorvietnam.com\/vi\/sanpham\/cac-mon-nuoc\/nuoc-ep-ca-rot\/#breadcrumb","itemListElement":[{"@type":"ListItem","position":1,"name":"Trang Ch\u1ee7","item":"https:\/\/tandoorvietnam.com\/vi\/"},{"@type":"ListItem","position":2,"name":"Shop","item":"https:\/\/tandoorvietnam.com\/shop\/"},{"@type":"ListItem","position":3,"name":"Carrot (N\u01af\u1edaC \u00c9P C\u00c0 R\u1ed0T)"}]},{"@type":"WebSite","@id":"https:\/\/tandoorvietnam.com\/vi\/#website","url":"https:\/\/tandoorvietnam.com\/vi\/","name":"Tandoor Vietnam","description":"Nh\u00e0 h\u00e0ng ngon h\u1ed3 ch\u00ed minh","publisher":{"@id":"https:\/\/tandoorvietnam.com\/vi\/#organization"},"potentialAction":[{"@type":"SearchAction","target":{"@type":"EntryPoint","urlTemplate":"https:\/\/tandoorvietnam.com\/vi\/?s={search_term_string}"},"query-input":{"@type":"PropertyValueSpecification","valueRequired":true,"valueName":"search_term_string"}}],"inLanguage":"vi-VN"},{"@type":"Organization","@id":"https:\/\/tandoorvietnam.com\/vi\/#organization","name":"Tandoor Vietnam","url":"https:\/\/tandoorvietnam.com\/vi\/","logo":{"@type":"ImageObject","inLanguage":"vi-VN","@id":"https:\/\/tandoorvietnam.com\/vi\/#\/schema\/logo\/image\/","url":"https:\/\/tandoorvietnam.com\/wp-content\/uploads\/2020\/07\/logo.png","contentUrl":"https:\/\/tandoorvietnam.com\/wp-content\/uploads\/2020\/07\/logo.png","width":133,"height":75,"caption":"Tandoor Vietnam"},"image":{"@id":"https:\/\/tandoorvietnam.com\/vi\/#\/schema\/logo\/image\/"},"sameAs":["https:\/\/www.facebook.com\/tandoor.hcmc\/"]}]}},"_links":{"self":[{"href":"https:\/\/tandoorvietnam.com\/vi\/wp-json\/wp\/v2\/product\/3392","targetHints":{"allow":["GET"]}}],"collection":[{"href":"https:\/\/tandoorvietnam.com\/vi\/wp-json\/wp\/v2\/product"}],"about":[{"href":"https:\/\/tandoorvietnam.com\/vi\/wp-json\/wp\/v2\/types\/product"}],"wp:featuredmedia":[{"embeddable":true,"href":"https:\/\/tandoorvietnam.com\/vi\/wp-json\/wp\/v2\/media\/3393"}],"wp:attachment":[{"href":"https:\/\/tandoorvietnam.com\/vi\/wp-json\/wp\/v2\/media?parent=3392"}],"wp:term":[{"taxonomy":"product_brand","embeddable":true,"href":"https:\/\/tandoorvietnam.com\/vi\/wp-json\/wp\/v2\/product_brand?post=3392"},{"taxonomy":"product_cat","embeddable":true,"href":"https:\/\/tandoorvietnam.com\/vi\/wp-json\/wp\/v2\/product_cat?post=3392"},{"taxonomy":"product_tag","embeddable":true,"href":"https:\/\/tandoorvietnam.com\/vi\/wp-json\/wp\/v2\/product_tag?post=3392"}],"curies":[{"name":"wp","href":"https:\/\/api.w.org\/{rel}","templated":true}]}}