{"id":3394,"date":"2020-06-23T12:37:31","date_gmt":"2021-04-19T09:13:11","guid":{"rendered":"http:\/\/tandoorvietnam.com\/product\/uncategorized\/chivas-regal-18-nam\/"},"modified":"2023-05-17T09:11:15","modified_gmt":"2023-05-17T09:11:15","slug":"chivas-regal-18-nam","status":"publish","type":"product","link":"https:\/\/tandoorvietnam.com\/vi\/sanpham\/cac-mon-nuoc\/chivas-regal-18-nam\/","title":{"rendered":"Chivas Regal 18 years (CHIVAS REGAL - 18 N\u0102M)"},"content":{"rendered":"<p>Chivas Regal - 18 n\u0103m l\u00e0 m\u1ed9t trong nh\u1eefng lo\u1ea1i r\u01b0\u1ee3u cao c\u1ea5p v\u00e0 \u0111\u00e1ng ng\u01b0\u1ee1ng m\u1ed9 nh\u1ea5t tr\u00ean th\u1ebf gi\u1edbi. V\u1edbi m\u1ed7i gi\u1ecdt r\u01b0\u1ee3u, b\u1ea1n s\u1ebd \u0111\u01b0\u1ee3c tr\u1ea3i nghi\u1ec7m h\u01b0\u01a1ng v\u1ecb phong ph\u00fa v\u00e0 s\u1ef1 tr\u01b0\u1edfng th\u00e0nh c\u1ee7a m\u1ed9t s\u1ea3n ph\u1ea9m \u0111\u01b0\u1ee3c \u1ee7 trong th\u1eddi gian l\u00ean t\u1edbi 18 n\u0103m.<\/p>\n<p>\u0110\u01b0\u1ee3c t\u1ea1o ra t\u1eeb s\u1ef1 pha tr\u1ed9n tinh t\u1ebf c\u1ee7a c\u00e1c lo\u1ea1i whisky cao c\u1ea5p, Chivas Regal - 18 n\u0103m mang \u0111\u1ebfn m\u1ed9t h\u01b0\u01a1ng v\u1ecb \u0111\u1ed9c \u0111\u00e1o v\u00e0 \u0111a chi\u1ec1u. S\u1ef1 k\u1ebft h\u1ee3p ho\u00e0n h\u1ea3o gi\u1eefa c\u00e1c l\u1edbp v\u1ecb nh\u01b0 vani, socola \u0111en, cam, h\u1ea1t d\u1ebb v\u00e0 m\u1eadt ong t\u1ea1o n\u00ean m\u1ed9t c\u1ea5u tr\u00fac h\u01b0\u01a1ng v\u1ecb ph\u1ee9c t\u1ea1p, \u0111\u1eadm ch\u1ea5t v\u00e0 tinh t\u1ebf.<\/p>\n<p>R\u01b0\u1ee3u Chivas Regal 18 years \u0111\u01b0\u1ee3c \u1ee7 trong th\u00f9ng g\u1ed7 s\u1ed3i ch\u00e2u \u00c2u, cho ph\u00e9p r\u01b0\u1ee3u th\u1ea5m \u0111\u01b0\u1ee3m h\u01b0\u01a1ng g\u1ed7 v\u00e0 ph\u00e1t tri\u1ec3n h\u01b0\u01a1ng v\u1ecb s\u00e2u s\u1eafc. Qu\u00e1 tr\u00ecnh \u1ee7 n\u00e0y gi\u00fap r\u01b0\u1ee3u tr\u1edf n\u00ean m\u01b0\u1ee3t m\u00e0, \u00eam \u00e1i tr\u00ean \u0111\u1ea7u l\u01b0\u1ee1i v\u00e0 mang l\u1ea1i m\u1ed9t c\u1ea3m gi\u00e1c \u1ea5m \u00e1p v\u00e0 th\u0103ng hoa trong t\u1eebng gi\u1ecdt r\u01b0\u1ee3u.<\/p>\n<p>V\u1edbi Chivas Regal - 18 n\u0103m, b\u1ea1n s\u1ebd tr\u1ea3i nghi\u1ec7m \u0111\u01b0\u1ee3c s\u1ef1 c\u00e2n b\u1eb1ng ho\u00e0n h\u1ea3o gi\u1eefa v\u1ecb m\u1ea1nh m\u1ebd v\u00e0 h\u01b0\u01a1ng th\u01a1m tinh t\u1ebf. R\u01b0\u1ee3u c\u00f3 m\u00e0u v\u00e0ng h\u1ed5 ph\u00e1ch quy\u1ebfn r\u0169, h\u00f2a quy\u1ec7n v\u1edbi m\u00f9i th\u01a1m m\u1ea1nh m\u1ebd c\u1ee7a qu\u1ea3 m\u1eadn \u0111en, cam v\u00e0 h\u1ea1t d\u1ebb. V\u1ecb ng\u1ecdt d\u1ecbu, m\u01b0\u1ee3t m\u00e0 v\u00e0 h\u01b0\u01a1ng v\u1ecb vani socola \u0111en k\u00e9o d\u00e0i tr\u00ean v\u00f2m mi\u1ec7ng, t\u1ea1o n\u00ean m\u1ed9t tr\u1ea3i nghi\u1ec7m tuy\u1ec7t v\u1eddi.<\/p>\n<p>Chivas Regal 18 years l\u00e0 s\u1ef1 l\u1ef1a ch\u1ecdn ho\u00e0n h\u1ea3o cho nh\u1eefng d\u1ecbp \u0111\u1eb7c bi\u1ec7t, nh\u1eefng bu\u1ed5i g\u1eb7p m\u1eb7t, hay \u0111\u1ec3 t\u1eb7ng cho nh\u1eefng ng\u01b0\u1eddi th\u00e2n y\u00eau. V\u1edbi m\u1ed9t ly Chivas Regal 18 years, \u0111\u00e2y l\u00e0 m\u1ea3nh gh\u00e9p kh\u00f4ng th\u1ec3 thi\u1ebfu cho c\u00e1c m\u00f3n \u0103n \u0111\u1eadm ch\u1ea5t \u1ea4n t\u1eeb <a href=\"https:\/\/tandoorvietnam.com\/\">Tandoor Vietnam.<\/a><\/p>\n","protected":false},"excerpt":{"rendered":"<p>Chivas Regal - 18 n\u0103m l\u00e0 m\u1ed9t trong nh\u1eefng lo\u1ea1i r\u01b0\u1ee3u cao c\u1ea5p v\u00e0 \u0111\u00e1ng ng\u01b0\u1ee1ng m\u1ed9 nh\u1ea5t tr\u00ean th\u1ebf gi\u1edbi. V\u1edbi m\u1ed7i gi\u1ecdt r\u01b0\u1ee3u, b\u1ea1n s\u1ebd \u0111\u01b0\u1ee3c tr\u1ea3i nghi\u1ec7m h\u01b0\u01a1ng v\u1ecb phong ph\u00fa v\u00e0 s\u1ef1 tr\u01b0\u1edfng th\u00e0nh c\u1ee7a m\u1ed9t s\u1ea3n ph\u1ea9m \u0111\u01b0\u1ee3c \u1ee7 trong th\u1eddi gian l\u00ean t\u1edbi 18 n\u0103m. \u0110\u01b0\u1ee3c t\u1ea1o ra t\u1eeb [&hellip;]<\/p>\n","protected":false},"featured_media":0,"template":"","meta":[],"product_brand":[],"product_cat":[231],"product_tag":[],"class_list":{"0":"post-3394","1":"product","2":"type-product","3":"status-publish","5":"product_cat-cac-mon-nuoc","7":"first","8":"instock","9":"taxable","10":"shipping-taxable","11":"purchasable","12":"product-type-simple"},"yoast_head":"<!-- This site is optimized with the Yoast SEO Premium plugin v22.3 (Yoast SEO v27.5) - https:\/\/yoast.com\/product\/yoast-seo-premium-wordpress\/ -->\n<title>Chivas Regal 18 years (CHIVAS REGAL - 18 N\u0102M)<\/title>\n<meta name=\"description\" content=\"Chivas Regal - 18 n\u0103m, h\u00f2a quy\u1ec7n h\u01b0\u01a1ng v\u1ecb phong ph\u00fa v\u00e0 \u0111\u1ed9 l\u00e2u d\u00e0i. Kh\u00e1m ph\u00e1 s\u1ef1 tinh t\u1ebf c\u1ee7a r\u01b0\u1ee3u Chivas Regal t\u1ea1i Tandoor Vietnam.\" \/>\n<meta name=\"robots\" content=\"index, follow, max-snippet:-1, max-image-preview:large, max-video-preview:-1\" \/>\n<link rel=\"canonical\" href=\"https:\/\/tandoorvietnam.com\/vi\/sanpham\/cac-mon-nuoc\/chivas-regal-18-nam\/\" \/>\n<meta property=\"og:locale\" content=\"vi_VN\" \/>\n<meta property=\"og:type\" content=\"article\" \/>\n<meta property=\"og:title\" content=\"Chivas Regal 18 years (CHIVAS REGAL - 18 N\u0102M)\" \/>\n<meta property=\"og:description\" content=\"Chivas Regal - 18 n\u0103m, h\u00f2a quy\u1ec7n h\u01b0\u01a1ng v\u1ecb phong ph\u00fa v\u00e0 \u0111\u1ed9 l\u00e2u d\u00e0i. Kh\u00e1m ph\u00e1 s\u1ef1 tinh t\u1ebf c\u1ee7a r\u01b0\u1ee3u Chivas Regal t\u1ea1i Tandoor Vietnam.\" \/>\n<meta property=\"og:url\" content=\"https:\/\/tandoorvietnam.com\/vi\/sanpham\/cac-mon-nuoc\/chivas-regal-18-nam\/\" \/>\n<meta property=\"og:site_name\" content=\"Tandoor Vi\u1ec7t Nam\" \/>\n<meta property=\"article:publisher\" content=\"https:\/\/www.facebook.com\/tandoor.hcmc\/\" \/>\n<meta property=\"article:modified_time\" content=\"2023-05-17T09:11:15+00:00\" \/>\n<meta property=\"og:image\" content=\"https:\/\/tandoorvietnam.com\/wp-content\/uploads\/2020\/07\/opengraph.jpg\" \/>\n\t<meta property=\"og:image:width\" content=\"1200\" \/>\n\t<meta property=\"og:image:height\" content=\"630\" \/>\n\t<meta property=\"og:image:type\" content=\"image\/jpeg\" \/>\n<meta name=\"twitter:card\" content=\"summary_large_image\" \/>\n<meta name=\"twitter:label1\" content=\"Est. reading time\" \/>\n\t<meta name=\"twitter:data1\" content=\"2 minutes\" \/>\n<script type=\"application\/ld+json\" class=\"yoast-schema-graph\">{\"@context\":\"https:\\\/\\\/schema.org\",\"@graph\":[{\"@type\":\"WebPage\",\"@id\":\"https:\\\/\\\/tandoorvietnam.com\\\/vi\\\/sanpham\\\/cac-mon-nuoc\\\/chivas-regal-18-nam\\\/\",\"url\":\"https:\\\/\\\/tandoorvietnam.com\\\/vi\\\/sanpham\\\/cac-mon-nuoc\\\/chivas-regal-18-nam\\\/\",\"name\":\"Chivas Regal 18 years (CHIVAS REGAL - 18 N\u0102M)\",\"isPartOf\":{\"@id\":\"https:\\\/\\\/tandoorvietnam.com\\\/vi\\\/#website\"},\"datePublished\":\"2021-04-19T09:13:11+00:00\",\"dateModified\":\"2023-05-17T09:11:15+00:00\",\"description\":\"Chivas Regal - 18 n\u0103m, h\u00f2a quy\u1ec7n h\u01b0\u01a1ng v\u1ecb phong ph\u00fa v\u00e0 \u0111\u1ed9 l\u00e2u d\u00e0i. Kh\u00e1m ph\u00e1 s\u1ef1 tinh t\u1ebf c\u1ee7a r\u01b0\u1ee3u Chivas Regal t\u1ea1i Tandoor Vietnam.\",\"breadcrumb\":{\"@id\":\"https:\\\/\\\/tandoorvietnam.com\\\/vi\\\/sanpham\\\/cac-mon-nuoc\\\/chivas-regal-18-nam\\\/#breadcrumb\"},\"inLanguage\":\"vi-VN\",\"potentialAction\":[{\"@type\":\"ReadAction\",\"target\":[\"https:\\\/\\\/tandoorvietnam.com\\\/vi\\\/sanpham\\\/cac-mon-nuoc\\\/chivas-regal-18-nam\\\/\"]}]},{\"@type\":\"BreadcrumbList\",\"@id\":\"https:\\\/\\\/tandoorvietnam.com\\\/vi\\\/sanpham\\\/cac-mon-nuoc\\\/chivas-regal-18-nam\\\/#breadcrumb\",\"itemListElement\":[{\"@type\":\"ListItem\",\"position\":1,\"name\":\"Trang Ch\u1ee7\",\"item\":\"https:\\\/\\\/tandoorvietnam.com\\\/vi\\\/\"},{\"@type\":\"ListItem\",\"position\":2,\"name\":\"Shop\",\"item\":\"https:\\\/\\\/tandoorvietnam.com\\\/shop\\\/\"},{\"@type\":\"ListItem\",\"position\":3,\"name\":\"Chivas Regal 18 years (CHIVAS REGAL &#8211; 18 N\u0102M)\"}]},{\"@type\":\"WebSite\",\"@id\":\"https:\\\/\\\/tandoorvietnam.com\\\/vi\\\/#website\",\"url\":\"https:\\\/\\\/tandoorvietnam.com\\\/vi\\\/\",\"name\":\"Tandoor Vietnam\",\"description\":\"Nh\u00e0 h\u00e0ng ngon h\u1ed3 ch\u00ed minh\",\"publisher\":{\"@id\":\"https:\\\/\\\/tandoorvietnam.com\\\/vi\\\/#organization\"},\"potentialAction\":[{\"@type\":\"SearchAction\",\"target\":{\"@type\":\"EntryPoint\",\"urlTemplate\":\"https:\\\/\\\/tandoorvietnam.com\\\/vi\\\/?s={search_term_string}\"},\"query-input\":{\"@type\":\"PropertyValueSpecification\",\"valueRequired\":true,\"valueName\":\"search_term_string\"}}],\"inLanguage\":\"vi-VN\"},{\"@type\":\"Organization\",\"@id\":\"https:\\\/\\\/tandoorvietnam.com\\\/vi\\\/#organization\",\"name\":\"Tandoor Vietnam\",\"url\":\"https:\\\/\\\/tandoorvietnam.com\\\/vi\\\/\",\"logo\":{\"@type\":\"ImageObject\",\"inLanguage\":\"vi-VN\",\"@id\":\"https:\\\/\\\/tandoorvietnam.com\\\/vi\\\/#\\\/schema\\\/logo\\\/image\\\/\",\"url\":\"https:\\\/\\\/tandoorvietnam.com\\\/wp-content\\\/uploads\\\/2020\\\/07\\\/logo.png\",\"contentUrl\":\"https:\\\/\\\/tandoorvietnam.com\\\/wp-content\\\/uploads\\\/2020\\\/07\\\/logo.png\",\"width\":133,\"height\":75,\"caption\":\"Tandoor Vietnam\"},\"image\":{\"@id\":\"https:\\\/\\\/tandoorvietnam.com\\\/vi\\\/#\\\/schema\\\/logo\\\/image\\\/\"},\"sameAs\":[\"https:\\\/\\\/www.facebook.com\\\/tandoor.hcmc\\\/\"]}]}<\/script>\n<!-- \/ Yoast SEO Premium plugin. -->","yoast_head_json":{"title":"Chivas Regal 18 years (CHIVAS REGAL - 18 N\u0102M)","description":"Chivas Regal - 18 n\u0103m, h\u00f2a quy\u1ec7n h\u01b0\u01a1ng v\u1ecb phong ph\u00fa v\u00e0 \u0111\u1ed9 l\u00e2u d\u00e0i. Kh\u00e1m ph\u00e1 s\u1ef1 tinh t\u1ebf c\u1ee7a r\u01b0\u1ee3u Chivas Regal t\u1ea1i Tandoor Vietnam.","robots":{"index":"index","follow":"follow","max-snippet":"max-snippet:-1","max-image-preview":"max-image-preview:large","max-video-preview":"max-video-preview:-1"},"canonical":"https:\/\/tandoorvietnam.com\/vi\/sanpham\/cac-mon-nuoc\/chivas-regal-18-nam\/","og_locale":"vi_VN","og_type":"article","og_title":"Chivas Regal 18 years (CHIVAS REGAL - 18 N\u0102M)","og_description":"Chivas Regal - 18 n\u0103m, h\u00f2a quy\u1ec7n h\u01b0\u01a1ng v\u1ecb phong ph\u00fa v\u00e0 \u0111\u1ed9 l\u00e2u d\u00e0i. Kh\u00e1m ph\u00e1 s\u1ef1 tinh t\u1ebf c\u1ee7a r\u01b0\u1ee3u Chivas Regal t\u1ea1i Tandoor Vietnam.","og_url":"https:\/\/tandoorvietnam.com\/vi\/sanpham\/cac-mon-nuoc\/chivas-regal-18-nam\/","og_site_name":"Tandoor Vi\u1ec7t Nam","article_publisher":"https:\/\/www.facebook.com\/tandoor.hcmc\/","article_modified_time":"2023-05-17T09:11:15+00:00","og_image":[{"width":1200,"height":630,"url":"https:\/\/tandoorvietnam.com\/wp-content\/uploads\/2020\/07\/opengraph.jpg","type":"image\/jpeg"}],"twitter_card":"summary_large_image","twitter_misc":{"Est. reading time":"2 minutes"},"schema":{"@context":"https:\/\/schema.org","@graph":[{"@type":"WebPage","@id":"https:\/\/tandoorvietnam.com\/vi\/sanpham\/cac-mon-nuoc\/chivas-regal-18-nam\/","url":"https:\/\/tandoorvietnam.com\/vi\/sanpham\/cac-mon-nuoc\/chivas-regal-18-nam\/","name":"Chivas Regal 18 years (CHIVAS REGAL - 18 N\u0102M)","isPartOf":{"@id":"https:\/\/tandoorvietnam.com\/vi\/#website"},"datePublished":"2021-04-19T09:13:11+00:00","dateModified":"2023-05-17T09:11:15+00:00","description":"Chivas Regal - 18 n\u0103m, h\u00f2a quy\u1ec7n h\u01b0\u01a1ng v\u1ecb phong ph\u00fa v\u00e0 \u0111\u1ed9 l\u00e2u d\u00e0i. Kh\u00e1m ph\u00e1 s\u1ef1 tinh t\u1ebf c\u1ee7a r\u01b0\u1ee3u Chivas Regal t\u1ea1i Tandoor Vietnam.","breadcrumb":{"@id":"https:\/\/tandoorvietnam.com\/vi\/sanpham\/cac-mon-nuoc\/chivas-regal-18-nam\/#breadcrumb"},"inLanguage":"vi-VN","potentialAction":[{"@type":"ReadAction","target":["https:\/\/tandoorvietnam.com\/vi\/sanpham\/cac-mon-nuoc\/chivas-regal-18-nam\/"]}]},{"@type":"BreadcrumbList","@id":"https:\/\/tandoorvietnam.com\/vi\/sanpham\/cac-mon-nuoc\/chivas-regal-18-nam\/#breadcrumb","itemListElement":[{"@type":"ListItem","position":1,"name":"Trang Ch\u1ee7","item":"https:\/\/tandoorvietnam.com\/vi\/"},{"@type":"ListItem","position":2,"name":"Shop","item":"https:\/\/tandoorvietnam.com\/shop\/"},{"@type":"ListItem","position":3,"name":"Chivas Regal 18 years (CHIVAS REGAL &#8211; 18 N\u0102M)"}]},{"@type":"WebSite","@id":"https:\/\/tandoorvietnam.com\/vi\/#website","url":"https:\/\/tandoorvietnam.com\/vi\/","name":"Tandoor Vietnam","description":"Nh\u00e0 h\u00e0ng ngon h\u1ed3 ch\u00ed minh","publisher":{"@id":"https:\/\/tandoorvietnam.com\/vi\/#organization"},"potentialAction":[{"@type":"SearchAction","target":{"@type":"EntryPoint","urlTemplate":"https:\/\/tandoorvietnam.com\/vi\/?s={search_term_string}"},"query-input":{"@type":"PropertyValueSpecification","valueRequired":true,"valueName":"search_term_string"}}],"inLanguage":"vi-VN"},{"@type":"Organization","@id":"https:\/\/tandoorvietnam.com\/vi\/#organization","name":"Tandoor Vietnam","url":"https:\/\/tandoorvietnam.com\/vi\/","logo":{"@type":"ImageObject","inLanguage":"vi-VN","@id":"https:\/\/tandoorvietnam.com\/vi\/#\/schema\/logo\/image\/","url":"https:\/\/tandoorvietnam.com\/wp-content\/uploads\/2020\/07\/logo.png","contentUrl":"https:\/\/tandoorvietnam.com\/wp-content\/uploads\/2020\/07\/logo.png","width":133,"height":75,"caption":"Tandoor Vietnam"},"image":{"@id":"https:\/\/tandoorvietnam.com\/vi\/#\/schema\/logo\/image\/"},"sameAs":["https:\/\/www.facebook.com\/tandoor.hcmc\/"]}]}},"_links":{"self":[{"href":"https:\/\/tandoorvietnam.com\/vi\/wp-json\/wp\/v2\/product\/3394","targetHints":{"allow":["GET"]}}],"collection":[{"href":"https:\/\/tandoorvietnam.com\/vi\/wp-json\/wp\/v2\/product"}],"about":[{"href":"https:\/\/tandoorvietnam.com\/vi\/wp-json\/wp\/v2\/types\/product"}],"wp:attachment":[{"href":"https:\/\/tandoorvietnam.com\/vi\/wp-json\/wp\/v2\/media?parent=3394"}],"wp:term":[{"taxonomy":"product_brand","embeddable":true,"href":"https:\/\/tandoorvietnam.com\/vi\/wp-json\/wp\/v2\/product_brand?post=3394"},{"taxonomy":"product_cat","embeddable":true,"href":"https:\/\/tandoorvietnam.com\/vi\/wp-json\/wp\/v2\/product_cat?post=3394"},{"taxonomy":"product_tag","embeddable":true,"href":"https:\/\/tandoorvietnam.com\/vi\/wp-json\/wp\/v2\/product_tag?post=3394"}],"curies":[{"name":"wp","href":"https:\/\/api.w.org\/{rel}","templated":true}]}}