{"id":3395,"date":"2020-06-23T11:59:20","date_gmt":"2021-04-19T09:13:53","guid":{"rendered":"http:\/\/tandoorvietnam.com\/product\/uncategorized\/nuoc-dua-tuoi\/"},"modified":"2023-05-20T08:11:22","modified_gmt":"2023-05-20T08:11:22","slug":"nuoc-dua-tuoi","status":"publish","type":"product","link":"https:\/\/tandoorvietnam.com\/vi\/sanpham\/cac-mon-nuoc\/nuoc-dua-tuoi\/","title":{"rendered":"Coconut (N\u01af\u1edaC D\u1eeaA T\u01af\u01a0I)"},"content":{"rendered":"<p>N\u01b0\u1edbc d\u1eeba t\u01b0\u01a1i t\u1ef1 nhi\u00ean (Coconut) l\u00e0 m\u1ed9t lo\u1ea1i \u0111\u1ed3 u\u1ed1ng truy\u1ec1n th\u1ed1ng v\u00e0 ph\u1ed5 bi\u1ebfn trong v\u0103n h\u00f3a \u1ea9m th\u1ef1c \u0110\u00f4ng Nam \u00c1. T\u1ea1i Tandoor Vietnam, ch\u00fang t\u00f4i mang \u0111\u1ebfn cho b\u1ea1n tr\u1ea3i nghi\u1ec7m tuy\u1ec7t v\u1eddi c\u1ee7a n\u01b0\u1edbc d\u1eeba t\u01b0\u01a1i nguy\u00ean ch\u1ea5t, kh\u00f4ng ch\u1ee9a b\u1ea5t k\u1ef3 ch\u1ea5t b\u1ea3o qu\u1ea3n hay h\u01b0\u01a1ng li\u1ec7u nh\u00e2n t\u1ea1o.<\/p>\n<p>Coconut l\u00e0 m\u1ed9t ngu\u1ed3n cung c\u1ea5p vitamin v\u00e0 kho\u00e1ng ch\u1ea5t t\u1ef1 nhi\u00ean, gi\u00fap b\u1ea1n gi\u1ea3i kh\u00e1t v\u00e0 t\u0103ng c\u01b0\u1eddng s\u1ee9c kh\u1ecfe. V\u1edbi v\u1ecb ng\u1ecdt t\u1ef1 nhi\u00ean v\u00e0 h\u01b0\u01a1ng th\u01a1m \u0111\u1eb7c tr\u01b0ng, n\u01b0\u1edbc d\u1eeba t\u1ea1i Tandoor Vietnam mang \u0111\u1ebfn m\u1ed9t tr\u1ea3i nghi\u1ec7m th\u00fa v\u1ecb cho v\u1ecb gi\u00e1c c\u1ee7a b\u1ea1n.<\/p>\n<p>Ch\u00fang t\u00f4i l\u1ef1a ch\u1ecdn nh\u1eefng qu\u1ea3 d\u1eeba t\u01b0\u01a1i ngon nh\u1ea5t, sau \u0111\u00f3 th\u1ef1c hi\u1ec7n quy tr\u00ecnh l\u00e0m s\u1ea1ch v\u00e0 th\u00e1i l\u1ea5y n\u01b0\u1edbc d\u1eeba nguy\u00ean ch\u1ea5t. Coconut\u00a0\u0111\u01b0\u1ee3c ph\u1ee5c v\u1ee5 nguy\u00ean ch\u1ea5t v\u00e0 \u0111\u01b0a \u0111\u1ebfn tay b\u1ea1n trong t\u00ecnh tr\u1ea1ng t\u01b0\u01a1i ngon v\u00e0 m\u00e1t l\u1ea1nh.<\/p>\n<p>Coconut l\u00e0 m\u1ed9t l\u1ef1a ch\u1ecdn tuy\u1ec7t v\u1eddi cho c\u00e1c bu\u1ed5i ti\u1ec7c, h\u1ed9i ngh\u1ecb hay s\u1ef1 ki\u1ec7n ngo\u00e0i tr\u1eddi, c\u0169ng nh\u01b0 trong c\u00e1c b\u1eefa \u0103n h\u00e0ng ng\u00e0y. B\u1ea1n c\u00f3 th\u1ec3 th\u01b0\u1edfng th\u1ee9c Coconut\u00a0l\u1ea1nh, ho\u1eb7c d\u00f9ng l\u00e0m nguy\u00ean li\u1ec7u cho c\u00e1c m\u00f3n n\u01b0\u1edbc tr\u00e1i c\u00e2y, sinh t\u1ed1 ho\u1eb7c cocktail s\u1ea3ng kho\u00e1i.<\/p>\n<p>V\u1edbi n\u01b0\u1edbc d\u1eeba t\u1ea1i <a href=\"https:\/\/tandoorvietnam.com\/\">Tandoor Vietnam<\/a>, b\u1ea1n s\u1ebd c\u00f3 c\u01a1 h\u1ed9i tr\u1ea3i nghi\u1ec7m h\u01b0\u01a1ng v\u1ecb thi\u00ean nhi\u00ean t\u01b0\u01a1i ngon, \u0111\u1ea7y s\u1ee9c s\u1ed1ng v\u00e0 h\u1ea5p d\u1eabn c\u1ee7a \u0110\u00f4ng Nam \u00c1. H\u00e3y th\u01b0\u1edfng th\u1ee9c ngay v\u00e0 t\u1eadn h\u01b0\u1edfng m\u1ed9t c\u1ea3m gi\u00e1c s\u1ea3ng kho\u00e1i v\u00e0 t\u01b0\u01a1i m\u1edbi v\u1edbi Coconut\u00a0t\u1ef1 nhi\u00ean t\u1eeb ch\u00fang t\u00f4i.<\/p>\n","protected":false},"excerpt":{"rendered":"<p>N\u01b0\u1edbc d\u1eeba t\u01b0\u01a1i t\u1ef1 nhi\u00ean (Coconut) l\u00e0 m\u1ed9t lo\u1ea1i \u0111\u1ed3 u\u1ed1ng truy\u1ec1n th\u1ed1ng v\u00e0 ph\u1ed5 bi\u1ebfn trong v\u0103n h\u00f3a \u1ea9m th\u1ef1c \u0110\u00f4ng Nam \u00c1. T\u1ea1i Tandoor Vietnam, ch\u00fang t\u00f4i mang \u0111\u1ebfn cho b\u1ea1n tr\u1ea3i nghi\u1ec7m tuy\u1ec7t v\u1eddi c\u1ee7a n\u01b0\u1edbc d\u1eeba t\u01b0\u01a1i nguy\u00ean ch\u1ea5t, kh\u00f4ng ch\u1ee9a b\u1ea5t k\u1ef3 ch\u1ea5t b\u1ea3o qu\u1ea3n hay h\u01b0\u01a1ng li\u1ec7u nh\u00e2n t\u1ea1o. [&hellip;]<\/p>\n","protected":false},"featured_media":3396,"template":"","meta":[],"product_brand":[],"product_cat":[231],"product_tag":[],"class_list":{"0":"post-3395","1":"product","2":"type-product","3":"status-publish","4":"has-post-thumbnail","6":"product_cat-cac-mon-nuoc","8":"first","9":"instock","10":"taxable","11":"shipping-taxable","12":"purchasable","13":"product-type-simple"},"yoast_head":"<!-- This site is optimized with the Yoast SEO Premium plugin v22.3 (Yoast SEO v27.6) - https:\/\/yoast.com\/product\/yoast-seo-premium-wordpress\/ -->\n<title>Coconut (N\u01af\u1edaC D\u1eeaA T\u01af\u01a0I) - Tandoor Vi\u1ec7t Nam<\/title>\n<meta name=\"description\" content=\"M\u00e1t l\u00e0nh v\u00e0 ng\u1ecdt ng\u00e0o, n\u01b0\u1edbc d\u1eeba t\u01b0\u01a1i t\u1ef1 nhi\u00ean t\u1ea1i Tandoor Vietnam l\u00e0 s\u1ef1 l\u1ef1a ch\u1ecdn tuy\u1ec7t v\u1eddi \u0111\u1ec3 gi\u1ea3i kh\u00e1t v\u00e0 th\u01b0\u1edfng th\u1ee9c h\u01b0\u01a1ng v\u1ecb thi\u00ean nhi\u00ean c\u1ee7a \u0110\u00f4ng Nam \u00c1.\" \/>\n<meta name=\"robots\" content=\"index, follow, max-snippet:-1, max-image-preview:large, max-video-preview:-1\" \/>\n<link rel=\"canonical\" href=\"https:\/\/tandoorvietnam.com\/vi\/sanpham\/cac-mon-nuoc\/nuoc-dua-tuoi\/\" \/>\n<meta property=\"og:locale\" content=\"vi_VN\" \/>\n<meta property=\"og:type\" content=\"article\" \/>\n<meta property=\"og:title\" content=\"Coconut (N\u01af\u1edaC D\u1eeaA T\u01af\u01a0I)\" \/>\n<meta property=\"og:description\" content=\"M\u00e1t l\u00e0nh v\u00e0 ng\u1ecdt ng\u00e0o, n\u01b0\u1edbc d\u1eeba t\u01b0\u01a1i t\u1ef1 nhi\u00ean t\u1ea1i Tandoor Vietnam l\u00e0 s\u1ef1 l\u1ef1a ch\u1ecdn tuy\u1ec7t v\u1eddi \u0111\u1ec3 gi\u1ea3i kh\u00e1t v\u00e0 th\u01b0\u1edfng th\u1ee9c h\u01b0\u01a1ng v\u1ecb thi\u00ean nhi\u00ean c\u1ee7a \u0110\u00f4ng Nam \u00c1.\" \/>\n<meta property=\"og:url\" content=\"https:\/\/tandoorvietnam.com\/vi\/sanpham\/cac-mon-nuoc\/nuoc-dua-tuoi\/\" \/>\n<meta property=\"og:site_name\" content=\"Tandoor Vi\u1ec7t Nam\" \/>\n<meta property=\"article:publisher\" content=\"https:\/\/www.facebook.com\/tandoor.hcmc\/\" \/>\n<meta property=\"article:modified_time\" content=\"2023-05-20T08:11:22+00:00\" \/>\n<meta property=\"og:image\" content=\"https:\/\/tandoorvietnam.com\/wp-content\/uploads\/2020\/06\/coconut-juice-scaled.jpg\" \/>\n\t<meta property=\"og:image:width\" content=\"1400\" \/>\n\t<meta property=\"og:image:height\" content=\"1400\" \/>\n\t<meta property=\"og:image:type\" content=\"image\/jpeg\" \/>\n<meta name=\"twitter:card\" content=\"summary_large_image\" \/>\n<meta name=\"twitter:label1\" content=\"Est. reading time\" \/>\n\t<meta name=\"twitter:data1\" content=\"2 minutes\" \/>\n<script type=\"application\/ld+json\" class=\"yoast-schema-graph\">{\"@context\":\"https:\\\/\\\/schema.org\",\"@graph\":[{\"@type\":\"WebPage\",\"@id\":\"https:\\\/\\\/tandoorvietnam.com\\\/vi\\\/sanpham\\\/cac-mon-nuoc\\\/nuoc-dua-tuoi\\\/\",\"url\":\"https:\\\/\\\/tandoorvietnam.com\\\/vi\\\/sanpham\\\/cac-mon-nuoc\\\/nuoc-dua-tuoi\\\/\",\"name\":\"Coconut (N\u01af\u1edaC D\u1eeaA T\u01af\u01a0I) - Tandoor Vi\u1ec7t Nam\",\"isPartOf\":{\"@id\":\"https:\\\/\\\/tandoorvietnam.com\\\/vi\\\/#website\"},\"primaryImageOfPage\":{\"@id\":\"https:\\\/\\\/tandoorvietnam.com\\\/vi\\\/sanpham\\\/cac-mon-nuoc\\\/nuoc-dua-tuoi\\\/#primaryimage\"},\"image\":{\"@id\":\"https:\\\/\\\/tandoorvietnam.com\\\/vi\\\/sanpham\\\/cac-mon-nuoc\\\/nuoc-dua-tuoi\\\/#primaryimage\"},\"thumbnailUrl\":\"https:\\\/\\\/tandoorvietnam.com\\\/wp-content\\\/uploads\\\/2020\\\/06\\\/coconut-juice-scaled.jpg\",\"datePublished\":\"2021-04-19T09:13:53+00:00\",\"dateModified\":\"2023-05-20T08:11:22+00:00\",\"description\":\"M\u00e1t l\u00e0nh v\u00e0 ng\u1ecdt ng\u00e0o, n\u01b0\u1edbc d\u1eeba t\u01b0\u01a1i t\u1ef1 nhi\u00ean t\u1ea1i Tandoor Vietnam l\u00e0 s\u1ef1 l\u1ef1a ch\u1ecdn tuy\u1ec7t v\u1eddi \u0111\u1ec3 gi\u1ea3i kh\u00e1t v\u00e0 th\u01b0\u1edfng th\u1ee9c h\u01b0\u01a1ng v\u1ecb thi\u00ean nhi\u00ean c\u1ee7a \u0110\u00f4ng Nam \u00c1.\",\"breadcrumb\":{\"@id\":\"https:\\\/\\\/tandoorvietnam.com\\\/vi\\\/sanpham\\\/cac-mon-nuoc\\\/nuoc-dua-tuoi\\\/#breadcrumb\"},\"inLanguage\":\"vi-VN\",\"potentialAction\":[{\"@type\":\"ReadAction\",\"target\":[\"https:\\\/\\\/tandoorvietnam.com\\\/vi\\\/sanpham\\\/cac-mon-nuoc\\\/nuoc-dua-tuoi\\\/\"]}]},{\"@type\":\"ImageObject\",\"inLanguage\":\"vi-VN\",\"@id\":\"https:\\\/\\\/tandoorvietnam.com\\\/vi\\\/sanpham\\\/cac-mon-nuoc\\\/nuoc-dua-tuoi\\\/#primaryimage\",\"url\":\"https:\\\/\\\/tandoorvietnam.com\\\/wp-content\\\/uploads\\\/2020\\\/06\\\/coconut-juice-scaled.jpg\",\"contentUrl\":\"https:\\\/\\\/tandoorvietnam.com\\\/wp-content\\\/uploads\\\/2020\\\/06\\\/coconut-juice-scaled.jpg\",\"width\":2048,\"height\":2048,\"caption\":\"N\u01af\u1edaC D\u1eeaA T\u01af\u01a0I\"},{\"@type\":\"BreadcrumbList\",\"@id\":\"https:\\\/\\\/tandoorvietnam.com\\\/vi\\\/sanpham\\\/cac-mon-nuoc\\\/nuoc-dua-tuoi\\\/#breadcrumb\",\"itemListElement\":[{\"@type\":\"ListItem\",\"position\":1,\"name\":\"Trang Ch\u1ee7\",\"item\":\"https:\\\/\\\/tandoorvietnam.com\\\/vi\\\/\"},{\"@type\":\"ListItem\",\"position\":2,\"name\":\"Shop\",\"item\":\"https:\\\/\\\/tandoorvietnam.com\\\/shop\\\/\"},{\"@type\":\"ListItem\",\"position\":3,\"name\":\"Coconut (N\u01af\u1edaC D\u1eeaA T\u01af\u01a0I)\"}]},{\"@type\":\"WebSite\",\"@id\":\"https:\\\/\\\/tandoorvietnam.com\\\/vi\\\/#website\",\"url\":\"https:\\\/\\\/tandoorvietnam.com\\\/vi\\\/\",\"name\":\"Tandoor Vietnam\",\"description\":\"Nh\u00e0 h\u00e0ng ngon h\u1ed3 ch\u00ed minh\",\"publisher\":{\"@id\":\"https:\\\/\\\/tandoorvietnam.com\\\/vi\\\/#organization\"},\"potentialAction\":[{\"@type\":\"SearchAction\",\"target\":{\"@type\":\"EntryPoint\",\"urlTemplate\":\"https:\\\/\\\/tandoorvietnam.com\\\/vi\\\/?s={search_term_string}\"},\"query-input\":{\"@type\":\"PropertyValueSpecification\",\"valueRequired\":true,\"valueName\":\"search_term_string\"}}],\"inLanguage\":\"vi-VN\"},{\"@type\":\"Organization\",\"@id\":\"https:\\\/\\\/tandoorvietnam.com\\\/vi\\\/#organization\",\"name\":\"Tandoor Vietnam\",\"url\":\"https:\\\/\\\/tandoorvietnam.com\\\/vi\\\/\",\"logo\":{\"@type\":\"ImageObject\",\"inLanguage\":\"vi-VN\",\"@id\":\"https:\\\/\\\/tandoorvietnam.com\\\/vi\\\/#\\\/schema\\\/logo\\\/image\\\/\",\"url\":\"https:\\\/\\\/tandoorvietnam.com\\\/wp-content\\\/uploads\\\/2020\\\/07\\\/logo.png\",\"contentUrl\":\"https:\\\/\\\/tandoorvietnam.com\\\/wp-content\\\/uploads\\\/2020\\\/07\\\/logo.png\",\"width\":133,\"height\":75,\"caption\":\"Tandoor Vietnam\"},\"image\":{\"@id\":\"https:\\\/\\\/tandoorvietnam.com\\\/vi\\\/#\\\/schema\\\/logo\\\/image\\\/\"},\"sameAs\":[\"https:\\\/\\\/www.facebook.com\\\/tandoor.hcmc\\\/\"]}]}<\/script>\n<!-- \/ Yoast SEO Premium plugin. -->","yoast_head_json":{"title":"Coconut (N\u01af\u1edaC D\u1eeaA T\u01af\u01a0I) - Tandoor Vi\u1ec7t Nam","description":"M\u00e1t l\u00e0nh v\u00e0 ng\u1ecdt ng\u00e0o, n\u01b0\u1edbc d\u1eeba t\u01b0\u01a1i t\u1ef1 nhi\u00ean t\u1ea1i Tandoor Vietnam l\u00e0 s\u1ef1 l\u1ef1a ch\u1ecdn tuy\u1ec7t v\u1eddi \u0111\u1ec3 gi\u1ea3i kh\u00e1t v\u00e0 th\u01b0\u1edfng th\u1ee9c h\u01b0\u01a1ng v\u1ecb thi\u00ean nhi\u00ean c\u1ee7a \u0110\u00f4ng Nam \u00c1.","robots":{"index":"index","follow":"follow","max-snippet":"max-snippet:-1","max-image-preview":"max-image-preview:large","max-video-preview":"max-video-preview:-1"},"canonical":"https:\/\/tandoorvietnam.com\/vi\/sanpham\/cac-mon-nuoc\/nuoc-dua-tuoi\/","og_locale":"vi_VN","og_type":"article","og_title":"Coconut (N\u01af\u1edaC D\u1eeaA T\u01af\u01a0I)","og_description":"M\u00e1t l\u00e0nh v\u00e0 ng\u1ecdt ng\u00e0o, n\u01b0\u1edbc d\u1eeba t\u01b0\u01a1i t\u1ef1 nhi\u00ean t\u1ea1i Tandoor Vietnam l\u00e0 s\u1ef1 l\u1ef1a ch\u1ecdn tuy\u1ec7t v\u1eddi \u0111\u1ec3 gi\u1ea3i kh\u00e1t v\u00e0 th\u01b0\u1edfng th\u1ee9c h\u01b0\u01a1ng v\u1ecb thi\u00ean nhi\u00ean c\u1ee7a \u0110\u00f4ng Nam \u00c1.","og_url":"https:\/\/tandoorvietnam.com\/vi\/sanpham\/cac-mon-nuoc\/nuoc-dua-tuoi\/","og_site_name":"Tandoor Vi\u1ec7t Nam","article_publisher":"https:\/\/www.facebook.com\/tandoor.hcmc\/","article_modified_time":"2023-05-20T08:11:22+00:00","og_image":[{"width":1400,"height":1400,"url":"https:\/\/tandoorvietnam.com\/wp-content\/uploads\/2020\/06\/coconut-juice-scaled.jpg","type":"image\/jpeg"}],"twitter_card":"summary_large_image","twitter_misc":{"Est. reading time":"2 minutes"},"schema":{"@context":"https:\/\/schema.org","@graph":[{"@type":"WebPage","@id":"https:\/\/tandoorvietnam.com\/vi\/sanpham\/cac-mon-nuoc\/nuoc-dua-tuoi\/","url":"https:\/\/tandoorvietnam.com\/vi\/sanpham\/cac-mon-nuoc\/nuoc-dua-tuoi\/","name":"Coconut (N\u01af\u1edaC D\u1eeaA T\u01af\u01a0I) - Tandoor Vi\u1ec7t Nam","isPartOf":{"@id":"https:\/\/tandoorvietnam.com\/vi\/#website"},"primaryImageOfPage":{"@id":"https:\/\/tandoorvietnam.com\/vi\/sanpham\/cac-mon-nuoc\/nuoc-dua-tuoi\/#primaryimage"},"image":{"@id":"https:\/\/tandoorvietnam.com\/vi\/sanpham\/cac-mon-nuoc\/nuoc-dua-tuoi\/#primaryimage"},"thumbnailUrl":"https:\/\/tandoorvietnam.com\/wp-content\/uploads\/2020\/06\/coconut-juice-scaled.jpg","datePublished":"2021-04-19T09:13:53+00:00","dateModified":"2023-05-20T08:11:22+00:00","description":"M\u00e1t l\u00e0nh v\u00e0 ng\u1ecdt ng\u00e0o, n\u01b0\u1edbc d\u1eeba t\u01b0\u01a1i t\u1ef1 nhi\u00ean t\u1ea1i Tandoor Vietnam l\u00e0 s\u1ef1 l\u1ef1a ch\u1ecdn tuy\u1ec7t v\u1eddi \u0111\u1ec3 gi\u1ea3i kh\u00e1t v\u00e0 th\u01b0\u1edfng th\u1ee9c h\u01b0\u01a1ng v\u1ecb thi\u00ean nhi\u00ean c\u1ee7a \u0110\u00f4ng Nam \u00c1.","breadcrumb":{"@id":"https:\/\/tandoorvietnam.com\/vi\/sanpham\/cac-mon-nuoc\/nuoc-dua-tuoi\/#breadcrumb"},"inLanguage":"vi-VN","potentialAction":[{"@type":"ReadAction","target":["https:\/\/tandoorvietnam.com\/vi\/sanpham\/cac-mon-nuoc\/nuoc-dua-tuoi\/"]}]},{"@type":"ImageObject","inLanguage":"vi-VN","@id":"https:\/\/tandoorvietnam.com\/vi\/sanpham\/cac-mon-nuoc\/nuoc-dua-tuoi\/#primaryimage","url":"https:\/\/tandoorvietnam.com\/wp-content\/uploads\/2020\/06\/coconut-juice-scaled.jpg","contentUrl":"https:\/\/tandoorvietnam.com\/wp-content\/uploads\/2020\/06\/coconut-juice-scaled.jpg","width":2048,"height":2048,"caption":"N\u01af\u1edaC D\u1eeaA T\u01af\u01a0I"},{"@type":"BreadcrumbList","@id":"https:\/\/tandoorvietnam.com\/vi\/sanpham\/cac-mon-nuoc\/nuoc-dua-tuoi\/#breadcrumb","itemListElement":[{"@type":"ListItem","position":1,"name":"Trang Ch\u1ee7","item":"https:\/\/tandoorvietnam.com\/vi\/"},{"@type":"ListItem","position":2,"name":"Shop","item":"https:\/\/tandoorvietnam.com\/shop\/"},{"@type":"ListItem","position":3,"name":"Coconut (N\u01af\u1edaC D\u1eeaA T\u01af\u01a0I)"}]},{"@type":"WebSite","@id":"https:\/\/tandoorvietnam.com\/vi\/#website","url":"https:\/\/tandoorvietnam.com\/vi\/","name":"Tandoor Vietnam","description":"Nh\u00e0 h\u00e0ng ngon h\u1ed3 ch\u00ed minh","publisher":{"@id":"https:\/\/tandoorvietnam.com\/vi\/#organization"},"potentialAction":[{"@type":"SearchAction","target":{"@type":"EntryPoint","urlTemplate":"https:\/\/tandoorvietnam.com\/vi\/?s={search_term_string}"},"query-input":{"@type":"PropertyValueSpecification","valueRequired":true,"valueName":"search_term_string"}}],"inLanguage":"vi-VN"},{"@type":"Organization","@id":"https:\/\/tandoorvietnam.com\/vi\/#organization","name":"Tandoor Vietnam","url":"https:\/\/tandoorvietnam.com\/vi\/","logo":{"@type":"ImageObject","inLanguage":"vi-VN","@id":"https:\/\/tandoorvietnam.com\/vi\/#\/schema\/logo\/image\/","url":"https:\/\/tandoorvietnam.com\/wp-content\/uploads\/2020\/07\/logo.png","contentUrl":"https:\/\/tandoorvietnam.com\/wp-content\/uploads\/2020\/07\/logo.png","width":133,"height":75,"caption":"Tandoor Vietnam"},"image":{"@id":"https:\/\/tandoorvietnam.com\/vi\/#\/schema\/logo\/image\/"},"sameAs":["https:\/\/www.facebook.com\/tandoor.hcmc\/"]}]}},"_links":{"self":[{"href":"https:\/\/tandoorvietnam.com\/vi\/wp-json\/wp\/v2\/product\/3395","targetHints":{"allow":["GET"]}}],"collection":[{"href":"https:\/\/tandoorvietnam.com\/vi\/wp-json\/wp\/v2\/product"}],"about":[{"href":"https:\/\/tandoorvietnam.com\/vi\/wp-json\/wp\/v2\/types\/product"}],"wp:featuredmedia":[{"embeddable":true,"href":"https:\/\/tandoorvietnam.com\/vi\/wp-json\/wp\/v2\/media\/3396"}],"wp:attachment":[{"href":"https:\/\/tandoorvietnam.com\/vi\/wp-json\/wp\/v2\/media?parent=3395"}],"wp:term":[{"taxonomy":"product_brand","embeddable":true,"href":"https:\/\/tandoorvietnam.com\/vi\/wp-json\/wp\/v2\/product_brand?post=3395"},{"taxonomy":"product_cat","embeddable":true,"href":"https:\/\/tandoorvietnam.com\/vi\/wp-json\/wp\/v2\/product_cat?post=3395"},{"taxonomy":"product_tag","embeddable":true,"href":"https:\/\/tandoorvietnam.com\/vi\/wp-json\/wp\/v2\/product_tag?post=3395"}],"curies":[{"name":"wp","href":"https:\/\/api.w.org\/{rel}","templated":true}]}}