{"id":3397,"date":"2020-06-23T12:01:52","date_gmt":"2020-06-23T12:01:52","guid":{"rendered":"http:\/\/tandoorvietnam.com\/product\/uncategorized\/coca-cola\/"},"modified":"2025-10-16T17:20:31","modified_gmt":"2025-10-16T10:20:31","slug":"coca-cola","status":"publish","type":"product","link":"https:\/\/tandoorvietnam.com\/vi\/sanpham\/cac-mon-nuoc\/coca-cola\/","title":{"rendered":"Coke (COCA COLA)"},"content":{"rendered":"<p>Coca-Cola l\u00e0 th\u1ee9c u\u1ed1ng kh\u00f4ng th\u1ec3 thi\u1ebfu trong c\u00e1c b\u1eefa ti\u1ec7c, h\u1ed9i ngh\u1ecb hay trong nh\u1eefng ng\u00e0y h\u00e8 n\u00f3ng b\u1ee9c. V\u1edbi h\u01b0\u01a1ng v\u1ecb ng\u1ecdt ng\u00e0o, \u0111\u1ea7y s\u1ea3ng kho\u00e1i v\u00e0 phong ph\u00fa, Coca-Cola \u0111\u00e3 tr\u1edf th\u00e0nh m\u1ed9t trong nh\u1eefng th\u01b0\u01a1ng hi\u1ec7u n\u01b0\u1edbc ng\u1ecdt h\u00e0ng \u0111\u1ea7u tr\u00ean to\u00e0n th\u1ebf gi\u1edbi. V\u00e0 t\u1ea1i Tandoor Vietnam, b\u1ea1n c\u00f3 th\u1ec3 t\u1eadn h\u01b0\u1edfng h\u01b0\u01a1ng v\u1ecb \u0111\u1eb7c tr\u01b0ng c\u1ee7a Coca-Cola trong m\u1ecdi b\u1eefa \u0103n.<\/p>\n<p>\u0110\u01b0\u1ee3c s\u1ea3n xu\u1ea5t t\u1eeb c\u00e1c th\u00e0nh ph\u1ea7n t\u1ef1 nhi\u00ean, Coke\u00a0c\u00f3 m\u00f9i h\u01b0\u01a1ng thanh m\u00e1t v\u00e0 v\u1ecb ng\u1ecdt \u0111\u1eb7c tr\u01b0ng, khi\u1ebfn b\u1ea1n lu\u00f4n c\u1ea3m th\u1ea5y s\u1ea3ng kho\u00e1i v\u00e0 th\u1ecfa m\u00e3n sau m\u1ed7i l\u1ea7n th\u01b0\u1edfng th\u1ee9c. N\u00f3 c\u0169ng l\u00e0 th\u1ee9c u\u1ed1ng tuy\u1ec7t v\u1eddi \u0111\u1ec3 gi\u1ea3i kh\u00e1t v\u00e0 l\u00e0m d\u1ecbu c\u01a1n kh\u00e1t v\u00e0o nh\u1eefng ng\u00e0y n\u1eafng n\u00f3ng.<\/p>\n<p>Coke l\u00e0 s\u1ef1 k\u1ebft h\u1ee3p ho\u00e0n h\u1ea3o \u0111\u1ec3 c\u00f9ng v\u1edbi c\u00e1c m\u00f3n \u0103n t\u1ea1i <a href=\"https:\/\/tandoorvietnam.com\/vi\/\">Tandoor Vietnam<\/a>. Khi th\u01b0\u1edfng th\u1ee9c c\u00e1c m\u00f3n \u0103n \u0111\u1eadm ch\u1ea5t \u1ea4n \u0110\u1ed9, m\u1ed9t ly Coke\u00a0gi\u00fap t\u0103ng th\u00eam c\u1ea3m gi\u00e1c tho\u1ea3i m\u00e1i v\u00e0 s\u1ea3ng kho\u00e1i. V\u1edbi h\u01b0\u01a1ng v\u1ecb \u0111a d\u1ea1ng v\u00e0 phong ph\u00fa c\u1ee7a Coca-Cola, b\u1ea1n s\u1ebd t\u00ecm th\u1ea5y m\u1ed9t l\u1ef1a ch\u1ecdn ph\u00f9 h\u1ee3p cho m\u1ecdi kh\u1ea9u v\u1ecb v\u00e0 nhu c\u1ea7u.<\/p>\n","protected":false},"excerpt":{"rendered":"<p>Coca-Cola l\u00e0 th\u1ee9c u\u1ed1ng kh\u00f4ng th\u1ec3 thi\u1ebfu trong c\u00e1c b\u1eefa ti\u1ec7c, h\u1ed9i ngh\u1ecb hay trong nh\u1eefng ng\u00e0y h\u00e8 n\u00f3ng b\u1ee9c. V\u1edbi h\u01b0\u01a1ng v\u1ecb ng\u1ecdt ng\u00e0o, \u0111\u1ea7y s\u1ea3ng kho\u00e1i v\u00e0 phong ph\u00fa, Coca-Cola \u0111\u00e3 tr\u1edf th\u00e0nh m\u1ed9t trong nh\u1eefng th\u01b0\u01a1ng hi\u1ec7u n\u01b0\u1edbc ng\u1ecdt h\u00e0ng \u0111\u1ea7u tr\u00ean to\u00e0n th\u1ebf gi\u1edbi. V\u00e0 t\u1ea1i Tandoor Vietnam, b\u1ea1n c\u00f3 th\u1ec3 [&hellip;]<\/p>\n","protected":false},"featured_media":0,"template":"","meta":[],"product_brand":[],"product_cat":[231],"product_tag":[],"class_list":{"0":"post-3397","1":"product","2":"type-product","3":"status-publish","5":"product_cat-cac-mon-nuoc","7":"first","8":"instock","9":"taxable","10":"shipping-taxable","11":"purchasable","12":"product-type-simple"},"yoast_head":"<!-- This site is optimized with the Yoast SEO Premium plugin v22.3 (Yoast SEO v27.6) - https:\/\/yoast.com\/product\/yoast-seo-premium-wordpress\/ -->\n<title>Coke (COCA COLA) - Tandoor Vi\u1ec7t Nam<\/title>\n<meta name=\"description\" content=\"Kh\u00e1m ph\u00e1 h\u01b0\u01a1ng v\u1ecb ng\u1ecdt ng\u00e0o \u0111\u1eb7c tr\u01b0ng c\u1ee7a Coca Cola t\u1ea1i Tandoor Vietnam. N\u01b0\u1edbc ng\u1ecdt tuy\u1ec7t v\u1eddi \u0111\u1ec3 gi\u1ea3i kh\u00e1t v\u00e0 th\u01b0\u1edfng th\u1ee9c c\u00e1c m\u00f3n \u0103n \u0111a d\u1ea1ng.\" \/>\n<meta name=\"robots\" content=\"index, follow, max-snippet:-1, max-image-preview:large, max-video-preview:-1\" \/>\n<link rel=\"canonical\" href=\"https:\/\/tandoorvietnam.com\/vi\/sanpham\/cac-mon-nuoc\/coca-cola\/\" \/>\n<meta property=\"og:locale\" content=\"vi_VN\" \/>\n<meta property=\"og:type\" content=\"article\" \/>\n<meta property=\"og:title\" content=\"Coke (COCA COLA)\" \/>\n<meta property=\"og:description\" content=\"Kh\u00e1m ph\u00e1 h\u01b0\u01a1ng v\u1ecb ng\u1ecdt ng\u00e0o \u0111\u1eb7c tr\u01b0ng c\u1ee7a Coca Cola t\u1ea1i Tandoor Vietnam. N\u01b0\u1edbc ng\u1ecdt tuy\u1ec7t v\u1eddi \u0111\u1ec3 gi\u1ea3i kh\u00e1t v\u00e0 th\u01b0\u1edfng th\u1ee9c c\u00e1c m\u00f3n \u0103n \u0111a d\u1ea1ng.\" \/>\n<meta property=\"og:url\" content=\"https:\/\/tandoorvietnam.com\/vi\/sanpham\/cac-mon-nuoc\/coca-cola\/\" \/>\n<meta property=\"og:site_name\" content=\"Tandoor Vi\u1ec7t Nam\" \/>\n<meta property=\"article:publisher\" content=\"https:\/\/www.facebook.com\/tandoor.hcmc\/\" \/>\n<meta property=\"article:modified_time\" content=\"2025-10-16T10:20:31+00:00\" \/>\n<meta property=\"og:image\" content=\"https:\/\/tandoorvietnam.com\/wp-content\/uploads\/2020\/07\/opengraph.jpg\" \/>\n\t<meta property=\"og:image:width\" content=\"1200\" \/>\n\t<meta property=\"og:image:height\" content=\"630\" \/>\n\t<meta property=\"og:image:type\" content=\"image\/jpeg\" \/>\n<meta name=\"twitter:card\" content=\"summary_large_image\" \/>\n<meta name=\"twitter:label1\" content=\"Est. reading time\" \/>\n\t<meta name=\"twitter:data1\" content=\"1 minute\" \/>\n<script type=\"application\/ld+json\" class=\"yoast-schema-graph\">{\"@context\":\"https:\\\/\\\/schema.org\",\"@graph\":[{\"@type\":\"WebPage\",\"@id\":\"https:\\\/\\\/tandoorvietnam.com\\\/vi\\\/sanpham\\\/cac-mon-nuoc\\\/coca-cola\\\/\",\"url\":\"https:\\\/\\\/tandoorvietnam.com\\\/vi\\\/sanpham\\\/cac-mon-nuoc\\\/coca-cola\\\/\",\"name\":\"Coke (COCA COLA) - Tandoor Vi\u1ec7t Nam\",\"isPartOf\":{\"@id\":\"https:\\\/\\\/tandoorvietnam.com\\\/vi\\\/#website\"},\"datePublished\":\"2020-06-23T12:01:52+00:00\",\"dateModified\":\"2025-10-16T10:20:31+00:00\",\"description\":\"Kh\u00e1m ph\u00e1 h\u01b0\u01a1ng v\u1ecb ng\u1ecdt ng\u00e0o \u0111\u1eb7c tr\u01b0ng c\u1ee7a Coca Cola t\u1ea1i Tandoor Vietnam. N\u01b0\u1edbc ng\u1ecdt tuy\u1ec7t v\u1eddi \u0111\u1ec3 gi\u1ea3i kh\u00e1t v\u00e0 th\u01b0\u1edfng th\u1ee9c c\u00e1c m\u00f3n \u0103n \u0111a d\u1ea1ng.\",\"breadcrumb\":{\"@id\":\"https:\\\/\\\/tandoorvietnam.com\\\/vi\\\/sanpham\\\/cac-mon-nuoc\\\/coca-cola\\\/#breadcrumb\"},\"inLanguage\":\"vi-VN\",\"potentialAction\":[{\"@type\":\"ReadAction\",\"target\":[\"https:\\\/\\\/tandoorvietnam.com\\\/vi\\\/sanpham\\\/cac-mon-nuoc\\\/coca-cola\\\/\"]}]},{\"@type\":\"BreadcrumbList\",\"@id\":\"https:\\\/\\\/tandoorvietnam.com\\\/vi\\\/sanpham\\\/cac-mon-nuoc\\\/coca-cola\\\/#breadcrumb\",\"itemListElement\":[{\"@type\":\"ListItem\",\"position\":1,\"name\":\"Trang Ch\u1ee7\",\"item\":\"https:\\\/\\\/tandoorvietnam.com\\\/vi\\\/\"},{\"@type\":\"ListItem\",\"position\":2,\"name\":\"Shop\",\"item\":\"https:\\\/\\\/tandoorvietnam.com\\\/shop\\\/\"},{\"@type\":\"ListItem\",\"position\":3,\"name\":\"Coke (COCA COLA)\"}]},{\"@type\":\"WebSite\",\"@id\":\"https:\\\/\\\/tandoorvietnam.com\\\/vi\\\/#website\",\"url\":\"https:\\\/\\\/tandoorvietnam.com\\\/vi\\\/\",\"name\":\"Tandoor Vietnam\",\"description\":\"Nh\u00e0 h\u00e0ng ngon h\u1ed3 ch\u00ed minh\",\"publisher\":{\"@id\":\"https:\\\/\\\/tandoorvietnam.com\\\/vi\\\/#organization\"},\"potentialAction\":[{\"@type\":\"SearchAction\",\"target\":{\"@type\":\"EntryPoint\",\"urlTemplate\":\"https:\\\/\\\/tandoorvietnam.com\\\/vi\\\/?s={search_term_string}\"},\"query-input\":{\"@type\":\"PropertyValueSpecification\",\"valueRequired\":true,\"valueName\":\"search_term_string\"}}],\"inLanguage\":\"vi-VN\"},{\"@type\":\"Organization\",\"@id\":\"https:\\\/\\\/tandoorvietnam.com\\\/vi\\\/#organization\",\"name\":\"Tandoor Vietnam\",\"url\":\"https:\\\/\\\/tandoorvietnam.com\\\/vi\\\/\",\"logo\":{\"@type\":\"ImageObject\",\"inLanguage\":\"vi-VN\",\"@id\":\"https:\\\/\\\/tandoorvietnam.com\\\/vi\\\/#\\\/schema\\\/logo\\\/image\\\/\",\"url\":\"https:\\\/\\\/tandoorvietnam.com\\\/wp-content\\\/uploads\\\/2020\\\/07\\\/logo.png\",\"contentUrl\":\"https:\\\/\\\/tandoorvietnam.com\\\/wp-content\\\/uploads\\\/2020\\\/07\\\/logo.png\",\"width\":133,\"height\":75,\"caption\":\"Tandoor Vietnam\"},\"image\":{\"@id\":\"https:\\\/\\\/tandoorvietnam.com\\\/vi\\\/#\\\/schema\\\/logo\\\/image\\\/\"},\"sameAs\":[\"https:\\\/\\\/www.facebook.com\\\/tandoor.hcmc\\\/\"]}]}<\/script>\n<!-- \/ Yoast SEO Premium plugin. -->","yoast_head_json":{"title":"Coke (COCA COLA) - Tandoor Vi\u1ec7t Nam","description":"Kh\u00e1m ph\u00e1 h\u01b0\u01a1ng v\u1ecb ng\u1ecdt ng\u00e0o \u0111\u1eb7c tr\u01b0ng c\u1ee7a Coca Cola t\u1ea1i Tandoor Vietnam. N\u01b0\u1edbc ng\u1ecdt tuy\u1ec7t v\u1eddi \u0111\u1ec3 gi\u1ea3i kh\u00e1t v\u00e0 th\u01b0\u1edfng th\u1ee9c c\u00e1c m\u00f3n \u0103n \u0111a d\u1ea1ng.","robots":{"index":"index","follow":"follow","max-snippet":"max-snippet:-1","max-image-preview":"max-image-preview:large","max-video-preview":"max-video-preview:-1"},"canonical":"https:\/\/tandoorvietnam.com\/vi\/sanpham\/cac-mon-nuoc\/coca-cola\/","og_locale":"vi_VN","og_type":"article","og_title":"Coke (COCA COLA)","og_description":"Kh\u00e1m ph\u00e1 h\u01b0\u01a1ng v\u1ecb ng\u1ecdt ng\u00e0o \u0111\u1eb7c tr\u01b0ng c\u1ee7a Coca Cola t\u1ea1i Tandoor Vietnam. N\u01b0\u1edbc ng\u1ecdt tuy\u1ec7t v\u1eddi \u0111\u1ec3 gi\u1ea3i kh\u00e1t v\u00e0 th\u01b0\u1edfng th\u1ee9c c\u00e1c m\u00f3n \u0103n \u0111a d\u1ea1ng.","og_url":"https:\/\/tandoorvietnam.com\/vi\/sanpham\/cac-mon-nuoc\/coca-cola\/","og_site_name":"Tandoor Vi\u1ec7t Nam","article_publisher":"https:\/\/www.facebook.com\/tandoor.hcmc\/","article_modified_time":"2025-10-16T10:20:31+00:00","og_image":[{"width":1200,"height":630,"url":"https:\/\/tandoorvietnam.com\/wp-content\/uploads\/2020\/07\/opengraph.jpg","type":"image\/jpeg"}],"twitter_card":"summary_large_image","twitter_misc":{"Est. reading time":"1 minute"},"schema":{"@context":"https:\/\/schema.org","@graph":[{"@type":"WebPage","@id":"https:\/\/tandoorvietnam.com\/vi\/sanpham\/cac-mon-nuoc\/coca-cola\/","url":"https:\/\/tandoorvietnam.com\/vi\/sanpham\/cac-mon-nuoc\/coca-cola\/","name":"Coke (COCA COLA) - Tandoor Vi\u1ec7t Nam","isPartOf":{"@id":"https:\/\/tandoorvietnam.com\/vi\/#website"},"datePublished":"2020-06-23T12:01:52+00:00","dateModified":"2025-10-16T10:20:31+00:00","description":"Kh\u00e1m ph\u00e1 h\u01b0\u01a1ng v\u1ecb ng\u1ecdt ng\u00e0o \u0111\u1eb7c tr\u01b0ng c\u1ee7a Coca Cola t\u1ea1i Tandoor Vietnam. N\u01b0\u1edbc ng\u1ecdt tuy\u1ec7t v\u1eddi \u0111\u1ec3 gi\u1ea3i kh\u00e1t v\u00e0 th\u01b0\u1edfng th\u1ee9c c\u00e1c m\u00f3n \u0103n \u0111a d\u1ea1ng.","breadcrumb":{"@id":"https:\/\/tandoorvietnam.com\/vi\/sanpham\/cac-mon-nuoc\/coca-cola\/#breadcrumb"},"inLanguage":"vi-VN","potentialAction":[{"@type":"ReadAction","target":["https:\/\/tandoorvietnam.com\/vi\/sanpham\/cac-mon-nuoc\/coca-cola\/"]}]},{"@type":"BreadcrumbList","@id":"https:\/\/tandoorvietnam.com\/vi\/sanpham\/cac-mon-nuoc\/coca-cola\/#breadcrumb","itemListElement":[{"@type":"ListItem","position":1,"name":"Trang Ch\u1ee7","item":"https:\/\/tandoorvietnam.com\/vi\/"},{"@type":"ListItem","position":2,"name":"Shop","item":"https:\/\/tandoorvietnam.com\/shop\/"},{"@type":"ListItem","position":3,"name":"Coke (COCA COLA)"}]},{"@type":"WebSite","@id":"https:\/\/tandoorvietnam.com\/vi\/#website","url":"https:\/\/tandoorvietnam.com\/vi\/","name":"Tandoor Vietnam","description":"Nh\u00e0 h\u00e0ng ngon h\u1ed3 ch\u00ed minh","publisher":{"@id":"https:\/\/tandoorvietnam.com\/vi\/#organization"},"potentialAction":[{"@type":"SearchAction","target":{"@type":"EntryPoint","urlTemplate":"https:\/\/tandoorvietnam.com\/vi\/?s={search_term_string}"},"query-input":{"@type":"PropertyValueSpecification","valueRequired":true,"valueName":"search_term_string"}}],"inLanguage":"vi-VN"},{"@type":"Organization","@id":"https:\/\/tandoorvietnam.com\/vi\/#organization","name":"Tandoor Vietnam","url":"https:\/\/tandoorvietnam.com\/vi\/","logo":{"@type":"ImageObject","inLanguage":"vi-VN","@id":"https:\/\/tandoorvietnam.com\/vi\/#\/schema\/logo\/image\/","url":"https:\/\/tandoorvietnam.com\/wp-content\/uploads\/2020\/07\/logo.png","contentUrl":"https:\/\/tandoorvietnam.com\/wp-content\/uploads\/2020\/07\/logo.png","width":133,"height":75,"caption":"Tandoor Vietnam"},"image":{"@id":"https:\/\/tandoorvietnam.com\/vi\/#\/schema\/logo\/image\/"},"sameAs":["https:\/\/www.facebook.com\/tandoor.hcmc\/"]}]}},"_links":{"self":[{"href":"https:\/\/tandoorvietnam.com\/vi\/wp-json\/wp\/v2\/product\/3397","targetHints":{"allow":["GET"]}}],"collection":[{"href":"https:\/\/tandoorvietnam.com\/vi\/wp-json\/wp\/v2\/product"}],"about":[{"href":"https:\/\/tandoorvietnam.com\/vi\/wp-json\/wp\/v2\/types\/product"}],"wp:attachment":[{"href":"https:\/\/tandoorvietnam.com\/vi\/wp-json\/wp\/v2\/media?parent=3397"}],"wp:term":[{"taxonomy":"product_brand","embeddable":true,"href":"https:\/\/tandoorvietnam.com\/vi\/wp-json\/wp\/v2\/product_brand?post=3397"},{"taxonomy":"product_cat","embeddable":true,"href":"https:\/\/tandoorvietnam.com\/vi\/wp-json\/wp\/v2\/product_cat?post=3397"},{"taxonomy":"product_tag","embeddable":true,"href":"https:\/\/tandoorvietnam.com\/vi\/wp-json\/wp\/v2\/product_tag?post=3397"}],"curies":[{"name":"wp","href":"https:\/\/api.w.org\/{rel}","templated":true}]}}