{"id":3402,"date":"2020-06-23T12:09:36","date_gmt":"2020-06-23T12:09:36","guid":{"rendered":"http:\/\/tandoorvietnam.com\/product\/uncategorized\/soda-chanh\/"},"modified":"2025-10-16T17:21:05","modified_gmt":"2025-10-16T10:21:05","slug":"soda-chanh","status":"publish","type":"product","link":"https:\/\/tandoorvietnam.com\/vi\/sanpham\/cac-mon-nuoc\/soda-chanh\/","title":{"rendered":"Fresh Lemon Soda (SODA CHANH)"},"content":{"rendered":"<p>Soda Chanh (Fresh Lemon Soda) l\u00e0 m\u1ed9t m\u00f3n n\u01b0\u1edbc truy\u1ec1n th\u1ed1ng t\u1ea1i Tandoor Vietnam, mang \u0111\u1ebfn cho b\u1ea1n m\u1ed9t tr\u1ea3i nghi\u1ec7m tuy\u1ec7t v\u1eddi v\u1edbi s\u1ef1 k\u1ebft h\u1ee3p t\u01b0\u01a1i m\u00e1t gi\u1eefa n\u01b0\u1edbc soda v\u00e0 chanh t\u01b0\u01a1i.<\/p>\n<p>Ch\u00fang t\u00f4i s\u1eed d\u1ee5ng n\u01b0\u1edbc soda t\u01b0\u01a1i ngon v\u00e0 chanh t\u01b0\u01a1i v\u1edbi h\u01b0\u01a1ng v\u1ecb th\u01a1m m\u00e1t v\u00e0 chua nh\u1eb9 \u0111\u1ec3 t\u1ea1o n\u00ean m\u1ed9t ly Soda Chanh \u0111\u1eb7c bi\u1ec7t. V\u1ecb chua c\u1ee7a chanh \u0111\u01b0\u1ee3c c\u00e2n b\u1eb1ng ho\u00e0n h\u1ea3o v\u1edbi \u0111\u1ed9 t\u01b0\u01a1i m\u00e1t c\u1ee7a n\u01b0\u1edbc soda, t\u1ea1o n\u00ean m\u1ed9t m\u00f3n n\u01b0\u1edbc ngon l\u00e0nh, ng\u1ecdt ng\u00e0o v\u00e0 s\u1ea3ng kho\u00e1i.<\/p>\n<p>Fresh Lemon Soda l\u00e0 m\u1ed9t l\u1ef1a ch\u1ecdn tuy\u1ec7t v\u1eddi \u0111\u1ec3 gi\u1ea3i nhi\u1ec7t v\u00e0 th\u01b0 gi\u00e3n trong nh\u1eefng ng\u00e0y n\u1eafng n\u00f3ng. H\u01b0\u01a1ng v\u1ecb chua m\u00e1t v\u00e0 h\u1ea1t soda nh\u1ecf nh\u1eb9 t\u1ea1o n\u00ean m\u1ed9t c\u1ea3m gi\u00e1c s\u1ea3ng kho\u00e1i, gi\u00fap b\u1ea1n c\u1ea3m th\u1ea5y th\u01b0 th\u00e1i v\u00e0 s\u1ea3ng kho\u00e1i h\u01a1n.<\/p>\n<p>Fresh Lemon Soda t\u1ea1i Tandoor Vietnam \u0111\u01b0\u1ee3c chu\u1ea9n b\u1ecb t\u1ec9 m\u1ec9, \u0111\u1ea3m b\u1ea3o s\u1ef1 t\u01b0\u01a1i ngon v\u00e0 ch\u1ea5t l\u01b0\u1ee3ng. Ch\u00fang t\u00f4i lu\u00f4n s\u1eed d\u1ee5ng nguy\u00ean li\u1ec7u t\u01b0\u01a1i ngon v\u00e0 kh\u00f4ng s\u1eed d\u1ee5ng ch\u1ea5t b\u1ea3o qu\u1ea3n hay h\u01b0\u01a1ng li\u1ec7u nh\u00e2n t\u1ea1o.<\/p>\n<p>B\u1ea1n c\u00f3 th\u1ec3 th\u01b0\u1edfng th\u1ee9c Fresh Lemon Soda\u00a0v\u00e0o b\u1ea5t k\u1ef3 th\u1eddi \u0111i\u1ec3m n\u00e0o trong ng\u00e0y, t\u1eeb b\u1eefa tr\u01b0a, bu\u1ed5i chi\u1ec1u cho \u0111\u1ebfn b\u1eefa t\u1ed1i. M\u00f3n n\u01b0\u1edbc n\u00e0y l\u00e0 l\u1ef1a ch\u1ecdn tuy\u1ec7t v\u1eddi \u0111\u1ec3 k\u1ebft th\u00fac m\u1ed9t b\u1eefa \u0103n ngon ho\u1eb7c ch\u1ec9 \u0111\u01a1n gi\u1ea3n l\u00e0 th\u01b0\u1edfng th\u1ee9c trong nh\u1eefng bu\u1ed5i g\u1eb7p g\u1ee1 b\u1ea1n b\u00e8.<\/p>\n<p>H\u00e3y \u0111\u1ebfn Tandoor Vietnam v\u00e0 th\u01b0\u1edfng th\u1ee9c Fresh Lemon Soda\u00a0t\u01b0\u01a1i m\u00e1t, mang \u0111\u1ebfn cho b\u1ea1n c\u1ea3m gi\u00e1c s\u1ea3ng kho\u00e1i v\u00e0 ng\u1ecdt ng\u00e0o.<\/p>\n","protected":false},"excerpt":{"rendered":"<p>Soda Chanh (Fresh Lemon Soda) l\u00e0 m\u1ed9t m\u00f3n n\u01b0\u1edbc truy\u1ec1n th\u1ed1ng t\u1ea1i Tandoor Vietnam, mang \u0111\u1ebfn cho b\u1ea1n m\u1ed9t tr\u1ea3i nghi\u1ec7m tuy\u1ec7t v\u1eddi v\u1edbi s\u1ef1 k\u1ebft h\u1ee3p t\u01b0\u01a1i m\u00e1t gi\u1eefa n\u01b0\u1edbc soda v\u00e0 chanh t\u01b0\u01a1i. Ch\u00fang t\u00f4i s\u1eed d\u1ee5ng n\u01b0\u1edbc soda t\u01b0\u01a1i ngon v\u00e0 chanh t\u01b0\u01a1i v\u1edbi h\u01b0\u01a1ng v\u1ecb th\u01a1m m\u00e1t v\u00e0 chua nh\u1eb9 \u0111\u1ec3 [&hellip;]<\/p>\n","protected":false},"featured_media":3403,"template":"","meta":[],"product_brand":[],"product_cat":[231],"product_tag":[],"class_list":{"0":"post-3402","1":"product","2":"type-product","3":"status-publish","4":"has-post-thumbnail","6":"product_cat-cac-mon-nuoc","8":"first","9":"instock","10":"taxable","11":"shipping-taxable","12":"purchasable","13":"product-type-simple"},"yoast_head":"<!-- This site is optimized with the Yoast SEO Premium plugin v22.3 (Yoast SEO v27.5) - https:\/\/yoast.com\/product\/yoast-seo-premium-wordpress\/ -->\n<title>Fresh Lemon Soda (SODA CHANH) - Tandoor Vi\u1ec7t Nam<\/title>\n<meta name=\"description\" content=\"Soda Chanh - M\u1ed9t s\u1ef1 k\u1ebft h\u1ee3p t\u01b0\u01a1i m\u00e1t gi\u1eefa n\u01b0\u1edbc soda v\u00e0 chanh t\u01b0\u01a1i. M\u00f3n n\u01b0\u1edbc truy\u1ec1n th\u1ed1ng t\u1ea1i Tandoor Vietnam, mang \u0111\u1ebfn c\u1ea3m gi\u00e1c s\u1ea3ng kho\u00e1i v\u00e0 ng\u1ecdt ng\u00e0o.\" \/>\n<meta name=\"robots\" content=\"index, follow, max-snippet:-1, max-image-preview:large, max-video-preview:-1\" \/>\n<link rel=\"canonical\" href=\"https:\/\/tandoorvietnam.com\/vi\/sanpham\/cac-mon-nuoc\/soda-chanh\/\" \/>\n<meta property=\"og:locale\" content=\"vi_VN\" \/>\n<meta property=\"og:type\" content=\"article\" \/>\n<meta property=\"og:title\" content=\"Fresh Lemon Soda (SODA CHANH)\" \/>\n<meta property=\"og:description\" content=\"Soda Chanh - M\u1ed9t s\u1ef1 k\u1ebft h\u1ee3p t\u01b0\u01a1i m\u00e1t gi\u1eefa n\u01b0\u1edbc soda v\u00e0 chanh t\u01b0\u01a1i. M\u00f3n n\u01b0\u1edbc truy\u1ec1n th\u1ed1ng t\u1ea1i Tandoor Vietnam, mang \u0111\u1ebfn c\u1ea3m gi\u00e1c s\u1ea3ng kho\u00e1i v\u00e0 ng\u1ecdt ng\u00e0o.\" \/>\n<meta property=\"og:url\" content=\"https:\/\/tandoorvietnam.com\/vi\/sanpham\/cac-mon-nuoc\/soda-chanh\/\" \/>\n<meta property=\"og:site_name\" content=\"Tandoor Vi\u1ec7t Nam\" \/>\n<meta property=\"article:publisher\" content=\"https:\/\/www.facebook.com\/tandoor.hcmc\/\" \/>\n<meta property=\"article:modified_time\" content=\"2025-10-16T10:21:05+00:00\" \/>\n<meta property=\"og:image\" content=\"https:\/\/tandoorvietnam.com\/wp-content\/uploads\/2020\/06\/Lemon-Soda-scaled.jpg\" \/>\n\t<meta property=\"og:image:width\" content=\"2048\" \/>\n\t<meta property=\"og:image:height\" content=\"2048\" \/>\n\t<meta property=\"og:image:type\" content=\"image\/jpeg\" \/>\n<meta name=\"twitter:card\" content=\"summary_large_image\" \/>\n<meta name=\"twitter:label1\" content=\"Est. reading time\" \/>\n\t<meta name=\"twitter:data1\" content=\"2 minutes\" \/>\n<script type=\"application\/ld+json\" class=\"yoast-schema-graph\">{\"@context\":\"https:\\\/\\\/schema.org\",\"@graph\":[{\"@type\":\"WebPage\",\"@id\":\"https:\\\/\\\/tandoorvietnam.com\\\/vi\\\/sanpham\\\/cac-mon-nuoc\\\/soda-chanh\\\/\",\"url\":\"https:\\\/\\\/tandoorvietnam.com\\\/vi\\\/sanpham\\\/cac-mon-nuoc\\\/soda-chanh\\\/\",\"name\":\"Fresh Lemon Soda (SODA CHANH) - Tandoor Vi\u1ec7t Nam\",\"isPartOf\":{\"@id\":\"https:\\\/\\\/tandoorvietnam.com\\\/vi\\\/#website\"},\"primaryImageOfPage\":{\"@id\":\"https:\\\/\\\/tandoorvietnam.com\\\/vi\\\/sanpham\\\/cac-mon-nuoc\\\/soda-chanh\\\/#primaryimage\"},\"image\":{\"@id\":\"https:\\\/\\\/tandoorvietnam.com\\\/vi\\\/sanpham\\\/cac-mon-nuoc\\\/soda-chanh\\\/#primaryimage\"},\"thumbnailUrl\":\"https:\\\/\\\/tandoorvietnam.com\\\/wp-content\\\/uploads\\\/2020\\\/06\\\/Lemon-Soda-scaled.jpg\",\"datePublished\":\"2020-06-23T12:09:36+00:00\",\"dateModified\":\"2025-10-16T10:21:05+00:00\",\"description\":\"Soda Chanh - M\u1ed9t s\u1ef1 k\u1ebft h\u1ee3p t\u01b0\u01a1i m\u00e1t gi\u1eefa n\u01b0\u1edbc soda v\u00e0 chanh t\u01b0\u01a1i. M\u00f3n n\u01b0\u1edbc truy\u1ec1n th\u1ed1ng t\u1ea1i Tandoor Vietnam, mang \u0111\u1ebfn c\u1ea3m gi\u00e1c s\u1ea3ng kho\u00e1i v\u00e0 ng\u1ecdt ng\u00e0o.\",\"breadcrumb\":{\"@id\":\"https:\\\/\\\/tandoorvietnam.com\\\/vi\\\/sanpham\\\/cac-mon-nuoc\\\/soda-chanh\\\/#breadcrumb\"},\"inLanguage\":\"vi-VN\",\"potentialAction\":[{\"@type\":\"ReadAction\",\"target\":[\"https:\\\/\\\/tandoorvietnam.com\\\/vi\\\/sanpham\\\/cac-mon-nuoc\\\/soda-chanh\\\/\"]}]},{\"@type\":\"ImageObject\",\"inLanguage\":\"vi-VN\",\"@id\":\"https:\\\/\\\/tandoorvietnam.com\\\/vi\\\/sanpham\\\/cac-mon-nuoc\\\/soda-chanh\\\/#primaryimage\",\"url\":\"https:\\\/\\\/tandoorvietnam.com\\\/wp-content\\\/uploads\\\/2020\\\/06\\\/Lemon-Soda-scaled.jpg\",\"contentUrl\":\"https:\\\/\\\/tandoorvietnam.com\\\/wp-content\\\/uploads\\\/2020\\\/06\\\/Lemon-Soda-scaled.jpg\",\"width\":2048,\"height\":2048,\"caption\":\"SODA CHANH\"},{\"@type\":\"BreadcrumbList\",\"@id\":\"https:\\\/\\\/tandoorvietnam.com\\\/vi\\\/sanpham\\\/cac-mon-nuoc\\\/soda-chanh\\\/#breadcrumb\",\"itemListElement\":[{\"@type\":\"ListItem\",\"position\":1,\"name\":\"Trang Ch\u1ee7\",\"item\":\"https:\\\/\\\/tandoorvietnam.com\\\/vi\\\/\"},{\"@type\":\"ListItem\",\"position\":2,\"name\":\"Shop\",\"item\":\"https:\\\/\\\/tandoorvietnam.com\\\/shop\\\/\"},{\"@type\":\"ListItem\",\"position\":3,\"name\":\"Fresh Lemon Soda (SODA CHANH)\"}]},{\"@type\":\"WebSite\",\"@id\":\"https:\\\/\\\/tandoorvietnam.com\\\/vi\\\/#website\",\"url\":\"https:\\\/\\\/tandoorvietnam.com\\\/vi\\\/\",\"name\":\"Tandoor Vietnam\",\"description\":\"Nh\u00e0 h\u00e0ng ngon h\u1ed3 ch\u00ed minh\",\"publisher\":{\"@id\":\"https:\\\/\\\/tandoorvietnam.com\\\/vi\\\/#organization\"},\"potentialAction\":[{\"@type\":\"SearchAction\",\"target\":{\"@type\":\"EntryPoint\",\"urlTemplate\":\"https:\\\/\\\/tandoorvietnam.com\\\/vi\\\/?s={search_term_string}\"},\"query-input\":{\"@type\":\"PropertyValueSpecification\",\"valueRequired\":true,\"valueName\":\"search_term_string\"}}],\"inLanguage\":\"vi-VN\"},{\"@type\":\"Organization\",\"@id\":\"https:\\\/\\\/tandoorvietnam.com\\\/vi\\\/#organization\",\"name\":\"Tandoor Vietnam\",\"url\":\"https:\\\/\\\/tandoorvietnam.com\\\/vi\\\/\",\"logo\":{\"@type\":\"ImageObject\",\"inLanguage\":\"vi-VN\",\"@id\":\"https:\\\/\\\/tandoorvietnam.com\\\/vi\\\/#\\\/schema\\\/logo\\\/image\\\/\",\"url\":\"https:\\\/\\\/tandoorvietnam.com\\\/wp-content\\\/uploads\\\/2020\\\/07\\\/logo.png\",\"contentUrl\":\"https:\\\/\\\/tandoorvietnam.com\\\/wp-content\\\/uploads\\\/2020\\\/07\\\/logo.png\",\"width\":133,\"height\":75,\"caption\":\"Tandoor Vietnam\"},\"image\":{\"@id\":\"https:\\\/\\\/tandoorvietnam.com\\\/vi\\\/#\\\/schema\\\/logo\\\/image\\\/\"},\"sameAs\":[\"https:\\\/\\\/www.facebook.com\\\/tandoor.hcmc\\\/\"]}]}<\/script>\n<!-- \/ Yoast SEO Premium plugin. -->","yoast_head_json":{"title":"Fresh Lemon Soda (SODA CHANH) - Tandoor Vi\u1ec7t Nam","description":"Soda Chanh - M\u1ed9t s\u1ef1 k\u1ebft h\u1ee3p t\u01b0\u01a1i m\u00e1t gi\u1eefa n\u01b0\u1edbc soda v\u00e0 chanh t\u01b0\u01a1i. M\u00f3n n\u01b0\u1edbc truy\u1ec1n th\u1ed1ng t\u1ea1i Tandoor Vietnam, mang \u0111\u1ebfn c\u1ea3m gi\u00e1c s\u1ea3ng kho\u00e1i v\u00e0 ng\u1ecdt ng\u00e0o.","robots":{"index":"index","follow":"follow","max-snippet":"max-snippet:-1","max-image-preview":"max-image-preview:large","max-video-preview":"max-video-preview:-1"},"canonical":"https:\/\/tandoorvietnam.com\/vi\/sanpham\/cac-mon-nuoc\/soda-chanh\/","og_locale":"vi_VN","og_type":"article","og_title":"Fresh Lemon Soda (SODA CHANH)","og_description":"Soda Chanh - M\u1ed9t s\u1ef1 k\u1ebft h\u1ee3p t\u01b0\u01a1i m\u00e1t gi\u1eefa n\u01b0\u1edbc soda v\u00e0 chanh t\u01b0\u01a1i. M\u00f3n n\u01b0\u1edbc truy\u1ec1n th\u1ed1ng t\u1ea1i Tandoor Vietnam, mang \u0111\u1ebfn c\u1ea3m gi\u00e1c s\u1ea3ng kho\u00e1i v\u00e0 ng\u1ecdt ng\u00e0o.","og_url":"https:\/\/tandoorvietnam.com\/vi\/sanpham\/cac-mon-nuoc\/soda-chanh\/","og_site_name":"Tandoor Vi\u1ec7t Nam","article_publisher":"https:\/\/www.facebook.com\/tandoor.hcmc\/","article_modified_time":"2025-10-16T10:21:05+00:00","og_image":[{"width":2048,"height":2048,"url":"https:\/\/tandoorvietnam.com\/wp-content\/uploads\/2020\/06\/Lemon-Soda-scaled.jpg","type":"image\/jpeg"}],"twitter_card":"summary_large_image","twitter_misc":{"Est. reading time":"2 minutes"},"schema":{"@context":"https:\/\/schema.org","@graph":[{"@type":"WebPage","@id":"https:\/\/tandoorvietnam.com\/vi\/sanpham\/cac-mon-nuoc\/soda-chanh\/","url":"https:\/\/tandoorvietnam.com\/vi\/sanpham\/cac-mon-nuoc\/soda-chanh\/","name":"Fresh Lemon Soda (SODA CHANH) - Tandoor Vi\u1ec7t Nam","isPartOf":{"@id":"https:\/\/tandoorvietnam.com\/vi\/#website"},"primaryImageOfPage":{"@id":"https:\/\/tandoorvietnam.com\/vi\/sanpham\/cac-mon-nuoc\/soda-chanh\/#primaryimage"},"image":{"@id":"https:\/\/tandoorvietnam.com\/vi\/sanpham\/cac-mon-nuoc\/soda-chanh\/#primaryimage"},"thumbnailUrl":"https:\/\/tandoorvietnam.com\/wp-content\/uploads\/2020\/06\/Lemon-Soda-scaled.jpg","datePublished":"2020-06-23T12:09:36+00:00","dateModified":"2025-10-16T10:21:05+00:00","description":"Soda Chanh - M\u1ed9t s\u1ef1 k\u1ebft h\u1ee3p t\u01b0\u01a1i m\u00e1t gi\u1eefa n\u01b0\u1edbc soda v\u00e0 chanh t\u01b0\u01a1i. M\u00f3n n\u01b0\u1edbc truy\u1ec1n th\u1ed1ng t\u1ea1i Tandoor Vietnam, mang \u0111\u1ebfn c\u1ea3m gi\u00e1c s\u1ea3ng kho\u00e1i v\u00e0 ng\u1ecdt ng\u00e0o.","breadcrumb":{"@id":"https:\/\/tandoorvietnam.com\/vi\/sanpham\/cac-mon-nuoc\/soda-chanh\/#breadcrumb"},"inLanguage":"vi-VN","potentialAction":[{"@type":"ReadAction","target":["https:\/\/tandoorvietnam.com\/vi\/sanpham\/cac-mon-nuoc\/soda-chanh\/"]}]},{"@type":"ImageObject","inLanguage":"vi-VN","@id":"https:\/\/tandoorvietnam.com\/vi\/sanpham\/cac-mon-nuoc\/soda-chanh\/#primaryimage","url":"https:\/\/tandoorvietnam.com\/wp-content\/uploads\/2020\/06\/Lemon-Soda-scaled.jpg","contentUrl":"https:\/\/tandoorvietnam.com\/wp-content\/uploads\/2020\/06\/Lemon-Soda-scaled.jpg","width":2048,"height":2048,"caption":"SODA CHANH"},{"@type":"BreadcrumbList","@id":"https:\/\/tandoorvietnam.com\/vi\/sanpham\/cac-mon-nuoc\/soda-chanh\/#breadcrumb","itemListElement":[{"@type":"ListItem","position":1,"name":"Trang Ch\u1ee7","item":"https:\/\/tandoorvietnam.com\/vi\/"},{"@type":"ListItem","position":2,"name":"Shop","item":"https:\/\/tandoorvietnam.com\/shop\/"},{"@type":"ListItem","position":3,"name":"Fresh Lemon Soda (SODA CHANH)"}]},{"@type":"WebSite","@id":"https:\/\/tandoorvietnam.com\/vi\/#website","url":"https:\/\/tandoorvietnam.com\/vi\/","name":"Tandoor Vietnam","description":"Nh\u00e0 h\u00e0ng ngon h\u1ed3 ch\u00ed minh","publisher":{"@id":"https:\/\/tandoorvietnam.com\/vi\/#organization"},"potentialAction":[{"@type":"SearchAction","target":{"@type":"EntryPoint","urlTemplate":"https:\/\/tandoorvietnam.com\/vi\/?s={search_term_string}"},"query-input":{"@type":"PropertyValueSpecification","valueRequired":true,"valueName":"search_term_string"}}],"inLanguage":"vi-VN"},{"@type":"Organization","@id":"https:\/\/tandoorvietnam.com\/vi\/#organization","name":"Tandoor Vietnam","url":"https:\/\/tandoorvietnam.com\/vi\/","logo":{"@type":"ImageObject","inLanguage":"vi-VN","@id":"https:\/\/tandoorvietnam.com\/vi\/#\/schema\/logo\/image\/","url":"https:\/\/tandoorvietnam.com\/wp-content\/uploads\/2020\/07\/logo.png","contentUrl":"https:\/\/tandoorvietnam.com\/wp-content\/uploads\/2020\/07\/logo.png","width":133,"height":75,"caption":"Tandoor Vietnam"},"image":{"@id":"https:\/\/tandoorvietnam.com\/vi\/#\/schema\/logo\/image\/"},"sameAs":["https:\/\/www.facebook.com\/tandoor.hcmc\/"]}]}},"_links":{"self":[{"href":"https:\/\/tandoorvietnam.com\/vi\/wp-json\/wp\/v2\/product\/3402","targetHints":{"allow":["GET"]}}],"collection":[{"href":"https:\/\/tandoorvietnam.com\/vi\/wp-json\/wp\/v2\/product"}],"about":[{"href":"https:\/\/tandoorvietnam.com\/vi\/wp-json\/wp\/v2\/types\/product"}],"wp:featuredmedia":[{"embeddable":true,"href":"https:\/\/tandoorvietnam.com\/vi\/wp-json\/wp\/v2\/media\/3403"}],"wp:attachment":[{"href":"https:\/\/tandoorvietnam.com\/vi\/wp-json\/wp\/v2\/media?parent=3402"}],"wp:term":[{"taxonomy":"product_brand","embeddable":true,"href":"https:\/\/tandoorvietnam.com\/vi\/wp-json\/wp\/v2\/product_brand?post=3402"},{"taxonomy":"product_cat","embeddable":true,"href":"https:\/\/tandoorvietnam.com\/vi\/wp-json\/wp\/v2\/product_cat?post=3402"},{"taxonomy":"product_tag","embeddable":true,"href":"https:\/\/tandoorvietnam.com\/vi\/wp-json\/wp\/v2\/product_tag?post=3402"}],"curies":[{"name":"wp","href":"https:\/\/api.w.org\/{rel}","templated":true}]}}