{"id":3404,"date":"2020-06-23T12:35:54","date_gmt":"2021-04-19T09:18:45","guid":{"rendered":"http:\/\/tandoorvietnam.com\/product\/uncategorized\/gold-label\/"},"modified":"2023-05-17T06:24:18","modified_gmt":"2023-05-17T06:24:18","slug":"gold-label","status":"publish","type":"product","link":"https:\/\/tandoorvietnam.com\/vi\/sanpham\/cac-mon-nuoc\/gold-label\/","title":{"rendered":"GOLD LABEL (Nh\u00e3n v\u00e0ng)"},"content":{"rendered":"<p>R\u01b0\u1ee3u Gold Label l\u00e0 m\u1ed9t tuy\u1ec7t t\u00e1c c\u1ee7a ngh\u1ec7 thu\u1eadt ch\u01b0ng c\u1ea5t v\u00e0 pha tr\u1ed9n, \u0111em l\u1ea1i m\u1ed9t tr\u1ea3i nghi\u1ec7m r\u01b0\u1ee3u tinh t\u1ebf v\u00e0 \u0111\u1ed9c \u0111\u00e1o. V\u1edbi s\u1ef1 k\u1ebft h\u1ee3p h\u00e0i h\u00f2a gi\u1eefa s\u1ef1 m\u1ea1nh m\u1ebd v\u00e0 \u0111\u1ed9 m\u1ec1m m\u1ea1i, r\u01b0\u1ee3u Gold Label mang \u0111\u1ebfn m\u1ed9t h\u01b0\u01a1ng v\u1ecb \u0111\u1eb3ng c\u1ea5p v\u00e0 kh\u00f4ng th\u1ec3 nh\u1ea7m l\u1eabn.<\/p>\n<p>T\u1ea1i Tandoor Vietnam, ch\u00fang t\u00f4i t\u1ef1 h\u00e0o cung c\u1ea5p r\u01b0\u1ee3u Gold Label cho nh\u1eefng ng\u01b0\u1eddi y\u00eau th\u00edch r\u01b0\u1ee3u u\u1ed1ng. Ch\u1ea5t l\u01b0\u1ee3ng v\u00e0 tinh hoa c\u1ee7a s\u1ea3n ph\u1ea9m n\u00e0y \u0111\u00e3 \u0111\u01b0\u1ee3c c\u00f4ng nh\u1eadn to\u00e0n c\u1ea7u. M\u1ed7i ch\u00fat th\u01b0\u1edfng th\u1ee9c l\u00e0 m\u1ed9t h\u00e0nh tr\u00ecnh kh\u00e1m ph\u00e1 h\u01b0\u01a1ng v\u1ecb v\u00e0 c\u1ea3m nh\u1eadn \u0111a d\u1ea1ng c\u1ee7a r\u01b0\u1ee3u Gold Label.<\/p>\n<p>Lo\u1ea1i r\u01b0\u1ee3u h\u1ea3o h\u1ea3ng n\u00e0y c\u00f3 m\u1ed9t h\u01b0\u01a1ng th\u01a1m \u0111\u1ed9c \u0111\u00e1o, ph\u1ee9c t\u1ea1p v\u00e0 m\u00ea ho\u1eb7c. C\u1ea3m nh\u1eadn s\u1ef1 pha tr\u1ed9n tinh t\u1ebf c\u1ee7a c\u00e1c lo\u1ea1i nguy\u00ean li\u1ec7u ch\u1ecdn l\u1ecdc, t\u1ea1o n\u00ean l\u1edbp h\u01b0\u01a1ng th\u01a1m phong ph\u00fa v\u00e0 \u0111a s\u1eafc. \u0110\u00e2y l\u00e0 m\u1ed9t s\u1ea3n ph\u1ea9m r\u01b0\u1ee3u u\u1ed1ng cao c\u1ea5p d\u00e0nh cho nh\u1eefng ng\u01b0\u1eddi \u0111am m\u00ea r\u01b0\u1ee3u v\u00e0 mu\u1ed1n tr\u1ea3i nghi\u1ec7m s\u1ef1 \u0111\u1eb3ng c\u1ea5p.<\/p>\n<p>R\u01b0\u1ee3u\u00a0 l\u00e0 l\u1ef1a ch\u1ecdn tuy\u1ec7t v\u1eddi cho c\u00e1c d\u1ecbp \u0111\u1eb7c bi\u1ec7t, bu\u1ed5i ti\u1ec7c ho\u1eb7c \u0111\u1ec3 t\u1eadn h\u01b0\u1edfng m\u1ed9t kho\u1ea3nh kh\u1eafc ri\u00eang t\u01b0. \u0110\u01b0\u1ee3c th\u01b0\u1edfng th\u1ee9c \u1edf nhi\u1ec7t \u0111\u1ed9 ph\u00f9 h\u1ee3p, lo\u1ea1i r\u01b0\u1ee3u h\u1ea3o h\u1ea3ng n\u00e0yl s\u1ebd cung c\u1ea5p m\u1ed9t tr\u1ea3i nghi\u1ec7m tuy\u1ec7t v\u1eddi v\u00e0 g\u1ee3i l\u00ean nh\u1eefng c\u1ea3m x\u00fac tinh t\u1ebf.<\/p>\n<p>H\u00e3y kh\u00e1m ph\u00e1 th\u1ebf gi\u1edbi r\u01b0\u1ee3u tinh t\u1ebf v\u1edbi r\u01b0\u1ee3u Gold Label t\u1ea1i <a href=\"https:\/\/tandoorvietnam.com\/\">Tandoor Vietnam<\/a>. \u0110\u1ed9i ng\u0169 chuy\u00ean gia c\u1ee7a ch\u00fang t\u00f4i s\u1eb5n s\u00e0ng t\u01b0 v\u1ea5n v\u00e0 ph\u1ee5c v\u1ee5 b\u1ea1n v\u1edbi s\u1ef1 chuy\u00ean nghi\u1ec7p v\u00e0 t\u1eadn t\u00e2m, mang \u0111\u1ebfn tr\u1ea3i nghi\u1ec7m r\u01b0\u1ee3u v\u00e0 \u1ea9m th\u1ef1c \u0111\u00e1ng nh\u1edb v\u00e0 th\u00fa v\u1ecb cho b\u1ea1n v\u00e0 b\u1ea1n b\u00e8.<\/p>\n","protected":false},"excerpt":{"rendered":"<p>R\u01b0\u1ee3u Gold Label l\u00e0 m\u1ed9t tuy\u1ec7t t\u00e1c c\u1ee7a ngh\u1ec7 thu\u1eadt ch\u01b0ng c\u1ea5t v\u00e0 pha tr\u1ed9n, \u0111em l\u1ea1i m\u1ed9t tr\u1ea3i nghi\u1ec7m r\u01b0\u1ee3u tinh t\u1ebf v\u00e0 \u0111\u1ed9c \u0111\u00e1o. V\u1edbi s\u1ef1 k\u1ebft h\u1ee3p h\u00e0i h\u00f2a gi\u1eefa s\u1ef1 m\u1ea1nh m\u1ebd v\u00e0 \u0111\u1ed9 m\u1ec1m m\u1ea1i, r\u01b0\u1ee3u Gold Label mang \u0111\u1ebfn m\u1ed9t h\u01b0\u01a1ng v\u1ecb \u0111\u1eb3ng c\u1ea5p v\u00e0 kh\u00f4ng th\u1ec3 nh\u1ea7m l\u1eabn. [&hellip;]<\/p>\n","protected":false},"featured_media":0,"template":"","meta":[],"product_brand":[],"product_cat":[231],"product_tag":[],"class_list":{"0":"post-3404","1":"product","2":"type-product","3":"status-publish","5":"product_cat-cac-mon-nuoc","7":"first","8":"instock","9":"taxable","10":"shipping-taxable","11":"purchasable","12":"product-type-simple"},"yoast_head":"<!-- This site is optimized with the Yoast SEO Premium plugin v22.3 (Yoast SEO v27.6) - https:\/\/yoast.com\/product\/yoast-seo-premium-wordpress\/ -->\n<title>GOLD LABEL (Nh\u00e3n v\u00e0ng) - Tandoor Vi\u1ec7t Nam<\/title>\n<meta name=\"description\" content=\"R\u01b0\u1ee3u Gold Label - m\u1ed9t tinh hoa c\u1ee7a h\u01b0\u01a1ng v\u1ecb, k\u1ebft h\u1ee3p h\u00e0i h\u00f2a gi\u1eefa s\u1ef1 m\u1ea1nh m\u1ebd v\u00e0 \u0111\u1ed9 m\u1ec1m m\u1ea1i. Kh\u00e1m ph\u00e1 th\u1ebf gi\u1edbi r\u01b0\u1ee3u v\u00e0 \u1ea9m th\u1ef1c \u1ea4n \u0110\u1ed9 t\u1ea1i Tandoor Vietnam.\" \/>\n<meta name=\"robots\" content=\"index, follow, max-snippet:-1, max-image-preview:large, max-video-preview:-1\" \/>\n<link rel=\"canonical\" href=\"https:\/\/tandoorvietnam.com\/vi\/sanpham\/cac-mon-nuoc\/gold-label\/\" \/>\n<meta property=\"og:locale\" content=\"vi_VN\" \/>\n<meta property=\"og:type\" content=\"article\" \/>\n<meta property=\"og:title\" content=\"GOLD LABEL (Nh\u00e3n v\u00e0ng)\" \/>\n<meta property=\"og:description\" content=\"R\u01b0\u1ee3u Gold Label - m\u1ed9t tinh hoa c\u1ee7a h\u01b0\u01a1ng v\u1ecb, k\u1ebft h\u1ee3p h\u00e0i h\u00f2a gi\u1eefa s\u1ef1 m\u1ea1nh m\u1ebd v\u00e0 \u0111\u1ed9 m\u1ec1m m\u1ea1i. Kh\u00e1m ph\u00e1 th\u1ebf gi\u1edbi r\u01b0\u1ee3u v\u00e0 \u1ea9m th\u1ef1c \u1ea4n \u0110\u1ed9 t\u1ea1i Tandoor Vietnam.\" \/>\n<meta property=\"og:url\" content=\"https:\/\/tandoorvietnam.com\/vi\/sanpham\/cac-mon-nuoc\/gold-label\/\" \/>\n<meta property=\"og:site_name\" content=\"Tandoor Vi\u1ec7t Nam\" \/>\n<meta property=\"article:publisher\" content=\"https:\/\/www.facebook.com\/tandoor.hcmc\/\" \/>\n<meta property=\"article:modified_time\" content=\"2023-05-17T06:24:18+00:00\" \/>\n<meta property=\"og:image\" content=\"https:\/\/tandoorvietnam.com\/wp-content\/uploads\/2020\/07\/opengraph.jpg\" \/>\n\t<meta property=\"og:image:width\" content=\"1200\" \/>\n\t<meta property=\"og:image:height\" content=\"630\" \/>\n\t<meta property=\"og:image:type\" content=\"image\/jpeg\" \/>\n<meta name=\"twitter:card\" content=\"summary_large_image\" \/>\n<meta name=\"twitter:label1\" content=\"Est. reading time\" \/>\n\t<meta name=\"twitter:data1\" content=\"2 minutes\" \/>\n<script type=\"application\/ld+json\" class=\"yoast-schema-graph\">{\"@context\":\"https:\\\/\\\/schema.org\",\"@graph\":[{\"@type\":\"WebPage\",\"@id\":\"https:\\\/\\\/tandoorvietnam.com\\\/vi\\\/sanpham\\\/cac-mon-nuoc\\\/gold-label\\\/\",\"url\":\"https:\\\/\\\/tandoorvietnam.com\\\/vi\\\/sanpham\\\/cac-mon-nuoc\\\/gold-label\\\/\",\"name\":\"GOLD LABEL (Nh\u00e3n v\u00e0ng) - Tandoor Vi\u1ec7t Nam\",\"isPartOf\":{\"@id\":\"https:\\\/\\\/tandoorvietnam.com\\\/vi\\\/#website\"},\"datePublished\":\"2021-04-19T09:18:45+00:00\",\"dateModified\":\"2023-05-17T06:24:18+00:00\",\"description\":\"R\u01b0\u1ee3u Gold Label - m\u1ed9t tinh hoa c\u1ee7a h\u01b0\u01a1ng v\u1ecb, k\u1ebft h\u1ee3p h\u00e0i h\u00f2a gi\u1eefa s\u1ef1 m\u1ea1nh m\u1ebd v\u00e0 \u0111\u1ed9 m\u1ec1m m\u1ea1i. Kh\u00e1m ph\u00e1 th\u1ebf gi\u1edbi r\u01b0\u1ee3u v\u00e0 \u1ea9m th\u1ef1c \u1ea4n \u0110\u1ed9 t\u1ea1i Tandoor Vietnam.\",\"breadcrumb\":{\"@id\":\"https:\\\/\\\/tandoorvietnam.com\\\/vi\\\/sanpham\\\/cac-mon-nuoc\\\/gold-label\\\/#breadcrumb\"},\"inLanguage\":\"vi-VN\",\"potentialAction\":[{\"@type\":\"ReadAction\",\"target\":[\"https:\\\/\\\/tandoorvietnam.com\\\/vi\\\/sanpham\\\/cac-mon-nuoc\\\/gold-label\\\/\"]}]},{\"@type\":\"BreadcrumbList\",\"@id\":\"https:\\\/\\\/tandoorvietnam.com\\\/vi\\\/sanpham\\\/cac-mon-nuoc\\\/gold-label\\\/#breadcrumb\",\"itemListElement\":[{\"@type\":\"ListItem\",\"position\":1,\"name\":\"Trang Ch\u1ee7\",\"item\":\"https:\\\/\\\/tandoorvietnam.com\\\/vi\\\/\"},{\"@type\":\"ListItem\",\"position\":2,\"name\":\"Shop\",\"item\":\"https:\\\/\\\/tandoorvietnam.com\\\/shop\\\/\"},{\"@type\":\"ListItem\",\"position\":3,\"name\":\"GOLD LABEL (Nh\u00e3n v\u00e0ng)\"}]},{\"@type\":\"WebSite\",\"@id\":\"https:\\\/\\\/tandoorvietnam.com\\\/vi\\\/#website\",\"url\":\"https:\\\/\\\/tandoorvietnam.com\\\/vi\\\/\",\"name\":\"Tandoor Vietnam\",\"description\":\"Nh\u00e0 h\u00e0ng ngon h\u1ed3 ch\u00ed minh\",\"publisher\":{\"@id\":\"https:\\\/\\\/tandoorvietnam.com\\\/vi\\\/#organization\"},\"potentialAction\":[{\"@type\":\"SearchAction\",\"target\":{\"@type\":\"EntryPoint\",\"urlTemplate\":\"https:\\\/\\\/tandoorvietnam.com\\\/vi\\\/?s={search_term_string}\"},\"query-input\":{\"@type\":\"PropertyValueSpecification\",\"valueRequired\":true,\"valueName\":\"search_term_string\"}}],\"inLanguage\":\"vi-VN\"},{\"@type\":\"Organization\",\"@id\":\"https:\\\/\\\/tandoorvietnam.com\\\/vi\\\/#organization\",\"name\":\"Tandoor Vietnam\",\"url\":\"https:\\\/\\\/tandoorvietnam.com\\\/vi\\\/\",\"logo\":{\"@type\":\"ImageObject\",\"inLanguage\":\"vi-VN\",\"@id\":\"https:\\\/\\\/tandoorvietnam.com\\\/vi\\\/#\\\/schema\\\/logo\\\/image\\\/\",\"url\":\"https:\\\/\\\/tandoorvietnam.com\\\/wp-content\\\/uploads\\\/2020\\\/07\\\/logo.png\",\"contentUrl\":\"https:\\\/\\\/tandoorvietnam.com\\\/wp-content\\\/uploads\\\/2020\\\/07\\\/logo.png\",\"width\":133,\"height\":75,\"caption\":\"Tandoor Vietnam\"},\"image\":{\"@id\":\"https:\\\/\\\/tandoorvietnam.com\\\/vi\\\/#\\\/schema\\\/logo\\\/image\\\/\"},\"sameAs\":[\"https:\\\/\\\/www.facebook.com\\\/tandoor.hcmc\\\/\"]}]}<\/script>\n<!-- \/ Yoast SEO Premium plugin. -->","yoast_head_json":{"title":"GOLD LABEL (Nh\u00e3n v\u00e0ng) - Tandoor Vi\u1ec7t Nam","description":"R\u01b0\u1ee3u Gold Label - m\u1ed9t tinh hoa c\u1ee7a h\u01b0\u01a1ng v\u1ecb, k\u1ebft h\u1ee3p h\u00e0i h\u00f2a gi\u1eefa s\u1ef1 m\u1ea1nh m\u1ebd v\u00e0 \u0111\u1ed9 m\u1ec1m m\u1ea1i. Kh\u00e1m ph\u00e1 th\u1ebf gi\u1edbi r\u01b0\u1ee3u v\u00e0 \u1ea9m th\u1ef1c \u1ea4n \u0110\u1ed9 t\u1ea1i Tandoor Vietnam.","robots":{"index":"index","follow":"follow","max-snippet":"max-snippet:-1","max-image-preview":"max-image-preview:large","max-video-preview":"max-video-preview:-1"},"canonical":"https:\/\/tandoorvietnam.com\/vi\/sanpham\/cac-mon-nuoc\/gold-label\/","og_locale":"vi_VN","og_type":"article","og_title":"GOLD LABEL (Nh\u00e3n v\u00e0ng)","og_description":"R\u01b0\u1ee3u Gold Label - m\u1ed9t tinh hoa c\u1ee7a h\u01b0\u01a1ng v\u1ecb, k\u1ebft h\u1ee3p h\u00e0i h\u00f2a gi\u1eefa s\u1ef1 m\u1ea1nh m\u1ebd v\u00e0 \u0111\u1ed9 m\u1ec1m m\u1ea1i. Kh\u00e1m ph\u00e1 th\u1ebf gi\u1edbi r\u01b0\u1ee3u v\u00e0 \u1ea9m th\u1ef1c \u1ea4n \u0110\u1ed9 t\u1ea1i Tandoor Vietnam.","og_url":"https:\/\/tandoorvietnam.com\/vi\/sanpham\/cac-mon-nuoc\/gold-label\/","og_site_name":"Tandoor Vi\u1ec7t Nam","article_publisher":"https:\/\/www.facebook.com\/tandoor.hcmc\/","article_modified_time":"2023-05-17T06:24:18+00:00","og_image":[{"width":1200,"height":630,"url":"https:\/\/tandoorvietnam.com\/wp-content\/uploads\/2020\/07\/opengraph.jpg","type":"image\/jpeg"}],"twitter_card":"summary_large_image","twitter_misc":{"Est. reading time":"2 minutes"},"schema":{"@context":"https:\/\/schema.org","@graph":[{"@type":"WebPage","@id":"https:\/\/tandoorvietnam.com\/vi\/sanpham\/cac-mon-nuoc\/gold-label\/","url":"https:\/\/tandoorvietnam.com\/vi\/sanpham\/cac-mon-nuoc\/gold-label\/","name":"GOLD LABEL (Nh\u00e3n v\u00e0ng) - Tandoor Vi\u1ec7t Nam","isPartOf":{"@id":"https:\/\/tandoorvietnam.com\/vi\/#website"},"datePublished":"2021-04-19T09:18:45+00:00","dateModified":"2023-05-17T06:24:18+00:00","description":"R\u01b0\u1ee3u Gold Label - m\u1ed9t tinh hoa c\u1ee7a h\u01b0\u01a1ng v\u1ecb, k\u1ebft h\u1ee3p h\u00e0i h\u00f2a gi\u1eefa s\u1ef1 m\u1ea1nh m\u1ebd v\u00e0 \u0111\u1ed9 m\u1ec1m m\u1ea1i. Kh\u00e1m ph\u00e1 th\u1ebf gi\u1edbi r\u01b0\u1ee3u v\u00e0 \u1ea9m th\u1ef1c \u1ea4n \u0110\u1ed9 t\u1ea1i Tandoor Vietnam.","breadcrumb":{"@id":"https:\/\/tandoorvietnam.com\/vi\/sanpham\/cac-mon-nuoc\/gold-label\/#breadcrumb"},"inLanguage":"vi-VN","potentialAction":[{"@type":"ReadAction","target":["https:\/\/tandoorvietnam.com\/vi\/sanpham\/cac-mon-nuoc\/gold-label\/"]}]},{"@type":"BreadcrumbList","@id":"https:\/\/tandoorvietnam.com\/vi\/sanpham\/cac-mon-nuoc\/gold-label\/#breadcrumb","itemListElement":[{"@type":"ListItem","position":1,"name":"Trang Ch\u1ee7","item":"https:\/\/tandoorvietnam.com\/vi\/"},{"@type":"ListItem","position":2,"name":"Shop","item":"https:\/\/tandoorvietnam.com\/shop\/"},{"@type":"ListItem","position":3,"name":"GOLD LABEL (Nh\u00e3n v\u00e0ng)"}]},{"@type":"WebSite","@id":"https:\/\/tandoorvietnam.com\/vi\/#website","url":"https:\/\/tandoorvietnam.com\/vi\/","name":"Tandoor Vietnam","description":"Nh\u00e0 h\u00e0ng ngon h\u1ed3 ch\u00ed minh","publisher":{"@id":"https:\/\/tandoorvietnam.com\/vi\/#organization"},"potentialAction":[{"@type":"SearchAction","target":{"@type":"EntryPoint","urlTemplate":"https:\/\/tandoorvietnam.com\/vi\/?s={search_term_string}"},"query-input":{"@type":"PropertyValueSpecification","valueRequired":true,"valueName":"search_term_string"}}],"inLanguage":"vi-VN"},{"@type":"Organization","@id":"https:\/\/tandoorvietnam.com\/vi\/#organization","name":"Tandoor Vietnam","url":"https:\/\/tandoorvietnam.com\/vi\/","logo":{"@type":"ImageObject","inLanguage":"vi-VN","@id":"https:\/\/tandoorvietnam.com\/vi\/#\/schema\/logo\/image\/","url":"https:\/\/tandoorvietnam.com\/wp-content\/uploads\/2020\/07\/logo.png","contentUrl":"https:\/\/tandoorvietnam.com\/wp-content\/uploads\/2020\/07\/logo.png","width":133,"height":75,"caption":"Tandoor Vietnam"},"image":{"@id":"https:\/\/tandoorvietnam.com\/vi\/#\/schema\/logo\/image\/"},"sameAs":["https:\/\/www.facebook.com\/tandoor.hcmc\/"]}]}},"_links":{"self":[{"href":"https:\/\/tandoorvietnam.com\/vi\/wp-json\/wp\/v2\/product\/3404","targetHints":{"allow":["GET"]}}],"collection":[{"href":"https:\/\/tandoorvietnam.com\/vi\/wp-json\/wp\/v2\/product"}],"about":[{"href":"https:\/\/tandoorvietnam.com\/vi\/wp-json\/wp\/v2\/types\/product"}],"wp:attachment":[{"href":"https:\/\/tandoorvietnam.com\/vi\/wp-json\/wp\/v2\/media?parent=3404"}],"wp:term":[{"taxonomy":"product_brand","embeddable":true,"href":"https:\/\/tandoorvietnam.com\/vi\/wp-json\/wp\/v2\/product_brand?post=3404"},{"taxonomy":"product_cat","embeddable":true,"href":"https:\/\/tandoorvietnam.com\/vi\/wp-json\/wp\/v2\/product_cat?post=3404"},{"taxonomy":"product_tag","embeddable":true,"href":"https:\/\/tandoorvietnam.com\/vi\/wp-json\/wp\/v2\/product_tag?post=3404"}],"curies":[{"name":"wp","href":"https:\/\/api.w.org\/{rel}","templated":true}]}}