{"id":3405,"date":"2020-06-23T12:23:55","date_gmt":"2021-04-19T09:20:21","guid":{"rendered":"http:\/\/tandoorvietnam.com\/product\/uncategorized\/ca-phe-an-do-voi-sua-tuoi\/"},"modified":"2023-05-15T10:15:15","modified_gmt":"2023-05-15T10:15:15","slug":"ca-phe-an-do-voi-sua-tuoi","status":"publish","type":"product","link":"https:\/\/tandoorvietnam.com\/vi\/sanpham\/cac-mon-nuoc\/ca-phe-an-do-voi-sua-tuoi\/","title":{"rendered":"Indian Coffee with fresh milk (C\u00c0 PH\u00ca \u1ea4N \u0110\u1ed8 - V\u1edaI S\u1eeeA T\u01af\u01a0I)"},"content":{"rendered":"<p>C\u00e0 ph\u00ea v\u1ed1n l\u00e0 m\u1ed9t lo\u1ea1i \u0111\u1ed3 u\u1ed1ng \u0111\u01b0\u1ee3c \u01b0a chu\u1ed9ng tr\u00ean to\u00e0n th\u1ebf gi\u1edbi, v\u00e0 kh\u00f4ng th\u1ec3 thi\u1ebfu trong th\u1ef1c \u0111\u01a1n c\u1ee7a nh\u1eefng ai y\u00eau th\u00edch h\u01b0\u01a1ng v\u1ecb \u0111\u1eb7c tr\u01b0ng c\u1ee7a c\u00e1c lo\u1ea1i h\u1ea1t c\u00e0 ph\u00ea th\u01a1m ngon. V\u1edbi c\u00e0 ph\u00ea \u1ea4n \u0110\u1ed9 v\u1edbi s\u1eefa t\u01b0\u01a1i, <a href=\"https:\/\/tandoorvietnam.com\/\">Tandoor Vietnam<\/a> s\u1ebd \u0111em \u0111\u1ebfn cho b\u1ea1n m\u1ed9t tr\u1ea3i nghi\u1ec7m th\u01b0\u1edfng th\u1ee9c \u0111\u1ea7y tinh t\u1ebf c\u00f9ng \u1ea9m th\u1ef1c \u0111\u1eadm ch\u1ea5t \u1ea4n.<\/p>\n","protected":false},"excerpt":{"rendered":"<p>C\u00e0 ph\u00ea v\u1ed1n l\u00e0 m\u1ed9t lo\u1ea1i \u0111\u1ed3 u\u1ed1ng \u0111\u01b0\u1ee3c \u01b0a chu\u1ed9ng tr\u00ean to\u00e0n th\u1ebf gi\u1edbi, v\u00e0 kh\u00f4ng th\u1ec3 thi\u1ebfu trong th\u1ef1c \u0111\u01a1n c\u1ee7a nh\u1eefng ai y\u00eau th\u00edch h\u01b0\u01a1ng v\u1ecb \u0111\u1eb7c tr\u01b0ng c\u1ee7a c\u00e1c lo\u1ea1i h\u1ea1t c\u00e0 ph\u00ea th\u01a1m ngon. V\u1edbi c\u00e0 ph\u00ea \u1ea4n \u0110\u1ed9 v\u1edbi s\u1eefa t\u01b0\u01a1i, Tandoor Vietnam s\u1ebd \u0111em \u0111\u1ebfn cho b\u1ea1n m\u1ed9t [&hellip;]<\/p>\n","protected":false},"featured_media":0,"template":"","meta":[],"product_brand":[],"product_cat":[231],"product_tag":[],"class_list":{"0":"post-3405","1":"product","2":"type-product","3":"status-publish","5":"product_cat-cac-mon-nuoc","7":"first","8":"instock","9":"taxable","10":"shipping-taxable","11":"purchasable","12":"product-type-simple"},"yoast_head":"<!-- This site is optimized with the Yoast SEO Premium plugin v22.3 (Yoast SEO v27.5) - https:\/\/yoast.com\/product\/yoast-seo-premium-wordpress\/ -->\n<title>Indian Coffee with fresh milk (C\u00c0 PH\u00ca \u1ea4N \u0110\u1ed8 - V\u1edaI S\u1eeeA T\u01af\u01a0I)<\/title>\n<meta name=\"description\" content=\"C\u00e0 ph\u00ea \u1ea4n \u0110\u1ed9 th\u01b0\u1ee3ng h\u1ea1ng k\u1ebft h\u1ee3p c\u00f9ng v\u1edbi s\u1eefa t\u01b0\u01a1i t\u1ea1o n\u00ean m\u1ed9t t\u00e1ch c\u00e0 ph\u00ea \u0111\u1eadm \u0111\u00e0 v\u00e0 th\u01a1m ngon. Th\u01b0\u1edfng th\u1ee9c h\u01b0\u01a1ng v\u1ecb \u0111\u1eb7c tr\u01b0ng ch\u1ec9 c\u00f3 t\u1ea1i Tandoor Vietnam.\" \/>\n<meta name=\"robots\" content=\"index, follow, max-snippet:-1, max-image-preview:large, max-video-preview:-1\" \/>\n<link rel=\"canonical\" href=\"https:\/\/tandoorvietnam.com\/vi\/sanpham\/cac-mon-nuoc\/ca-phe-an-do-voi-sua-tuoi\/\" \/>\n<meta property=\"og:locale\" content=\"vi_VN\" \/>\n<meta property=\"og:type\" content=\"article\" \/>\n<meta property=\"og:title\" content=\"Indian Coffee with fresh milk (C\u00c0 PH\u00ca \u1ea4N \u0110\u1ed8 - V\u1edaI S\u1eeeA T\u01af\u01a0I)\" \/>\n<meta property=\"og:description\" content=\"C\u00e0 ph\u00ea \u1ea4n \u0110\u1ed9 th\u01b0\u1ee3ng h\u1ea1ng k\u1ebft h\u1ee3p c\u00f9ng v\u1edbi s\u1eefa t\u01b0\u01a1i t\u1ea1o n\u00ean m\u1ed9t t\u00e1ch c\u00e0 ph\u00ea \u0111\u1eadm \u0111\u00e0 v\u00e0 th\u01a1m ngon. Th\u01b0\u1edfng th\u1ee9c h\u01b0\u01a1ng v\u1ecb \u0111\u1eb7c tr\u01b0ng ch\u1ec9 c\u00f3 t\u1ea1i Tandoor Vietnam.\" \/>\n<meta property=\"og:url\" content=\"https:\/\/tandoorvietnam.com\/vi\/sanpham\/cac-mon-nuoc\/ca-phe-an-do-voi-sua-tuoi\/\" \/>\n<meta property=\"og:site_name\" content=\"Tandoor Vi\u1ec7t Nam\" \/>\n<meta property=\"article:publisher\" content=\"https:\/\/www.facebook.com\/tandoor.hcmc\/\" \/>\n<meta property=\"article:modified_time\" content=\"2023-05-15T10:15:15+00:00\" \/>\n<meta property=\"og:image\" content=\"https:\/\/tandoorvietnam.com\/wp-content\/uploads\/2020\/07\/opengraph.jpg\" \/>\n\t<meta property=\"og:image:width\" content=\"1200\" \/>\n\t<meta property=\"og:image:height\" content=\"630\" \/>\n\t<meta property=\"og:image:type\" content=\"image\/jpeg\" \/>\n<meta name=\"twitter:card\" content=\"summary_large_image\" \/>\n<meta name=\"twitter:label1\" content=\"Est. reading time\" \/>\n\t<meta name=\"twitter:data1\" content=\"1 minute\" \/>\n<script type=\"application\/ld+json\" class=\"yoast-schema-graph\">{\"@context\":\"https:\\\/\\\/schema.org\",\"@graph\":[{\"@type\":\"WebPage\",\"@id\":\"https:\\\/\\\/tandoorvietnam.com\\\/vi\\\/sanpham\\\/cac-mon-nuoc\\\/ca-phe-an-do-voi-sua-tuoi\\\/\",\"url\":\"https:\\\/\\\/tandoorvietnam.com\\\/vi\\\/sanpham\\\/cac-mon-nuoc\\\/ca-phe-an-do-voi-sua-tuoi\\\/\",\"name\":\"Indian Coffee with fresh milk (C\u00c0 PH\u00ca \u1ea4N \u0110\u1ed8 - V\u1edaI S\u1eeeA T\u01af\u01a0I)\",\"isPartOf\":{\"@id\":\"https:\\\/\\\/tandoorvietnam.com\\\/vi\\\/#website\"},\"datePublished\":\"2021-04-19T09:20:21+00:00\",\"dateModified\":\"2023-05-15T10:15:15+00:00\",\"description\":\"C\u00e0 ph\u00ea \u1ea4n \u0110\u1ed9 th\u01b0\u1ee3ng h\u1ea1ng k\u1ebft h\u1ee3p c\u00f9ng v\u1edbi s\u1eefa t\u01b0\u01a1i t\u1ea1o n\u00ean m\u1ed9t t\u00e1ch c\u00e0 ph\u00ea \u0111\u1eadm \u0111\u00e0 v\u00e0 th\u01a1m ngon. Th\u01b0\u1edfng th\u1ee9c h\u01b0\u01a1ng v\u1ecb \u0111\u1eb7c tr\u01b0ng ch\u1ec9 c\u00f3 t\u1ea1i Tandoor Vietnam.\",\"breadcrumb\":{\"@id\":\"https:\\\/\\\/tandoorvietnam.com\\\/vi\\\/sanpham\\\/cac-mon-nuoc\\\/ca-phe-an-do-voi-sua-tuoi\\\/#breadcrumb\"},\"inLanguage\":\"vi-VN\",\"potentialAction\":[{\"@type\":\"ReadAction\",\"target\":[\"https:\\\/\\\/tandoorvietnam.com\\\/vi\\\/sanpham\\\/cac-mon-nuoc\\\/ca-phe-an-do-voi-sua-tuoi\\\/\"]}]},{\"@type\":\"BreadcrumbList\",\"@id\":\"https:\\\/\\\/tandoorvietnam.com\\\/vi\\\/sanpham\\\/cac-mon-nuoc\\\/ca-phe-an-do-voi-sua-tuoi\\\/#breadcrumb\",\"itemListElement\":[{\"@type\":\"ListItem\",\"position\":1,\"name\":\"Trang Ch\u1ee7\",\"item\":\"https:\\\/\\\/tandoorvietnam.com\\\/vi\\\/\"},{\"@type\":\"ListItem\",\"position\":2,\"name\":\"Shop\",\"item\":\"https:\\\/\\\/tandoorvietnam.com\\\/shop\\\/\"},{\"@type\":\"ListItem\",\"position\":3,\"name\":\"Indian Coffee with fresh milk (C\u00c0 PH\u00ca \u1ea4N \u0110\u1ed8 &#8211; V\u1edaI S\u1eeeA T\u01af\u01a0I)\"}]},{\"@type\":\"WebSite\",\"@id\":\"https:\\\/\\\/tandoorvietnam.com\\\/vi\\\/#website\",\"url\":\"https:\\\/\\\/tandoorvietnam.com\\\/vi\\\/\",\"name\":\"Tandoor Vietnam\",\"description\":\"Nh\u00e0 h\u00e0ng ngon h\u1ed3 ch\u00ed minh\",\"publisher\":{\"@id\":\"https:\\\/\\\/tandoorvietnam.com\\\/vi\\\/#organization\"},\"potentialAction\":[{\"@type\":\"SearchAction\",\"target\":{\"@type\":\"EntryPoint\",\"urlTemplate\":\"https:\\\/\\\/tandoorvietnam.com\\\/vi\\\/?s={search_term_string}\"},\"query-input\":{\"@type\":\"PropertyValueSpecification\",\"valueRequired\":true,\"valueName\":\"search_term_string\"}}],\"inLanguage\":\"vi-VN\"},{\"@type\":\"Organization\",\"@id\":\"https:\\\/\\\/tandoorvietnam.com\\\/vi\\\/#organization\",\"name\":\"Tandoor Vietnam\",\"url\":\"https:\\\/\\\/tandoorvietnam.com\\\/vi\\\/\",\"logo\":{\"@type\":\"ImageObject\",\"inLanguage\":\"vi-VN\",\"@id\":\"https:\\\/\\\/tandoorvietnam.com\\\/vi\\\/#\\\/schema\\\/logo\\\/image\\\/\",\"url\":\"https:\\\/\\\/tandoorvietnam.com\\\/wp-content\\\/uploads\\\/2020\\\/07\\\/logo.png\",\"contentUrl\":\"https:\\\/\\\/tandoorvietnam.com\\\/wp-content\\\/uploads\\\/2020\\\/07\\\/logo.png\",\"width\":133,\"height\":75,\"caption\":\"Tandoor Vietnam\"},\"image\":{\"@id\":\"https:\\\/\\\/tandoorvietnam.com\\\/vi\\\/#\\\/schema\\\/logo\\\/image\\\/\"},\"sameAs\":[\"https:\\\/\\\/www.facebook.com\\\/tandoor.hcmc\\\/\"]}]}<\/script>\n<!-- \/ Yoast SEO Premium plugin. -->","yoast_head_json":{"title":"Indian Coffee with fresh milk (C\u00c0 PH\u00ca \u1ea4N \u0110\u1ed8 - V\u1edaI S\u1eeeA T\u01af\u01a0I)","description":"C\u00e0 ph\u00ea \u1ea4n \u0110\u1ed9 th\u01b0\u1ee3ng h\u1ea1ng k\u1ebft h\u1ee3p c\u00f9ng v\u1edbi s\u1eefa t\u01b0\u01a1i t\u1ea1o n\u00ean m\u1ed9t t\u00e1ch c\u00e0 ph\u00ea \u0111\u1eadm \u0111\u00e0 v\u00e0 th\u01a1m ngon. Th\u01b0\u1edfng th\u1ee9c h\u01b0\u01a1ng v\u1ecb \u0111\u1eb7c tr\u01b0ng ch\u1ec9 c\u00f3 t\u1ea1i Tandoor Vietnam.","robots":{"index":"index","follow":"follow","max-snippet":"max-snippet:-1","max-image-preview":"max-image-preview:large","max-video-preview":"max-video-preview:-1"},"canonical":"https:\/\/tandoorvietnam.com\/vi\/sanpham\/cac-mon-nuoc\/ca-phe-an-do-voi-sua-tuoi\/","og_locale":"vi_VN","og_type":"article","og_title":"Indian Coffee with fresh milk (C\u00c0 PH\u00ca \u1ea4N \u0110\u1ed8 - V\u1edaI S\u1eeeA T\u01af\u01a0I)","og_description":"C\u00e0 ph\u00ea \u1ea4n \u0110\u1ed9 th\u01b0\u1ee3ng h\u1ea1ng k\u1ebft h\u1ee3p c\u00f9ng v\u1edbi s\u1eefa t\u01b0\u01a1i t\u1ea1o n\u00ean m\u1ed9t t\u00e1ch c\u00e0 ph\u00ea \u0111\u1eadm \u0111\u00e0 v\u00e0 th\u01a1m ngon. Th\u01b0\u1edfng th\u1ee9c h\u01b0\u01a1ng v\u1ecb \u0111\u1eb7c tr\u01b0ng ch\u1ec9 c\u00f3 t\u1ea1i Tandoor Vietnam.","og_url":"https:\/\/tandoorvietnam.com\/vi\/sanpham\/cac-mon-nuoc\/ca-phe-an-do-voi-sua-tuoi\/","og_site_name":"Tandoor Vi\u1ec7t Nam","article_publisher":"https:\/\/www.facebook.com\/tandoor.hcmc\/","article_modified_time":"2023-05-15T10:15:15+00:00","og_image":[{"width":1200,"height":630,"url":"https:\/\/tandoorvietnam.com\/wp-content\/uploads\/2020\/07\/opengraph.jpg","type":"image\/jpeg"}],"twitter_card":"summary_large_image","twitter_misc":{"Est. reading time":"1 minute"},"schema":{"@context":"https:\/\/schema.org","@graph":[{"@type":"WebPage","@id":"https:\/\/tandoorvietnam.com\/vi\/sanpham\/cac-mon-nuoc\/ca-phe-an-do-voi-sua-tuoi\/","url":"https:\/\/tandoorvietnam.com\/vi\/sanpham\/cac-mon-nuoc\/ca-phe-an-do-voi-sua-tuoi\/","name":"Indian Coffee with fresh milk (C\u00c0 PH\u00ca \u1ea4N \u0110\u1ed8 - V\u1edaI S\u1eeeA T\u01af\u01a0I)","isPartOf":{"@id":"https:\/\/tandoorvietnam.com\/vi\/#website"},"datePublished":"2021-04-19T09:20:21+00:00","dateModified":"2023-05-15T10:15:15+00:00","description":"C\u00e0 ph\u00ea \u1ea4n \u0110\u1ed9 th\u01b0\u1ee3ng h\u1ea1ng k\u1ebft h\u1ee3p c\u00f9ng v\u1edbi s\u1eefa t\u01b0\u01a1i t\u1ea1o n\u00ean m\u1ed9t t\u00e1ch c\u00e0 ph\u00ea \u0111\u1eadm \u0111\u00e0 v\u00e0 th\u01a1m ngon. Th\u01b0\u1edfng th\u1ee9c h\u01b0\u01a1ng v\u1ecb \u0111\u1eb7c tr\u01b0ng ch\u1ec9 c\u00f3 t\u1ea1i Tandoor Vietnam.","breadcrumb":{"@id":"https:\/\/tandoorvietnam.com\/vi\/sanpham\/cac-mon-nuoc\/ca-phe-an-do-voi-sua-tuoi\/#breadcrumb"},"inLanguage":"vi-VN","potentialAction":[{"@type":"ReadAction","target":["https:\/\/tandoorvietnam.com\/vi\/sanpham\/cac-mon-nuoc\/ca-phe-an-do-voi-sua-tuoi\/"]}]},{"@type":"BreadcrumbList","@id":"https:\/\/tandoorvietnam.com\/vi\/sanpham\/cac-mon-nuoc\/ca-phe-an-do-voi-sua-tuoi\/#breadcrumb","itemListElement":[{"@type":"ListItem","position":1,"name":"Trang Ch\u1ee7","item":"https:\/\/tandoorvietnam.com\/vi\/"},{"@type":"ListItem","position":2,"name":"Shop","item":"https:\/\/tandoorvietnam.com\/shop\/"},{"@type":"ListItem","position":3,"name":"Indian Coffee with fresh milk (C\u00c0 PH\u00ca \u1ea4N \u0110\u1ed8 &#8211; V\u1edaI S\u1eeeA T\u01af\u01a0I)"}]},{"@type":"WebSite","@id":"https:\/\/tandoorvietnam.com\/vi\/#website","url":"https:\/\/tandoorvietnam.com\/vi\/","name":"Tandoor Vietnam","description":"Nh\u00e0 h\u00e0ng ngon h\u1ed3 ch\u00ed minh","publisher":{"@id":"https:\/\/tandoorvietnam.com\/vi\/#organization"},"potentialAction":[{"@type":"SearchAction","target":{"@type":"EntryPoint","urlTemplate":"https:\/\/tandoorvietnam.com\/vi\/?s={search_term_string}"},"query-input":{"@type":"PropertyValueSpecification","valueRequired":true,"valueName":"search_term_string"}}],"inLanguage":"vi-VN"},{"@type":"Organization","@id":"https:\/\/tandoorvietnam.com\/vi\/#organization","name":"Tandoor Vietnam","url":"https:\/\/tandoorvietnam.com\/vi\/","logo":{"@type":"ImageObject","inLanguage":"vi-VN","@id":"https:\/\/tandoorvietnam.com\/vi\/#\/schema\/logo\/image\/","url":"https:\/\/tandoorvietnam.com\/wp-content\/uploads\/2020\/07\/logo.png","contentUrl":"https:\/\/tandoorvietnam.com\/wp-content\/uploads\/2020\/07\/logo.png","width":133,"height":75,"caption":"Tandoor Vietnam"},"image":{"@id":"https:\/\/tandoorvietnam.com\/vi\/#\/schema\/logo\/image\/"},"sameAs":["https:\/\/www.facebook.com\/tandoor.hcmc\/"]}]}},"_links":{"self":[{"href":"https:\/\/tandoorvietnam.com\/vi\/wp-json\/wp\/v2\/product\/3405","targetHints":{"allow":["GET"]}}],"collection":[{"href":"https:\/\/tandoorvietnam.com\/vi\/wp-json\/wp\/v2\/product"}],"about":[{"href":"https:\/\/tandoorvietnam.com\/vi\/wp-json\/wp\/v2\/types\/product"}],"wp:attachment":[{"href":"https:\/\/tandoorvietnam.com\/vi\/wp-json\/wp\/v2\/media?parent=3405"}],"wp:term":[{"taxonomy":"product_brand","embeddable":true,"href":"https:\/\/tandoorvietnam.com\/vi\/wp-json\/wp\/v2\/product_brand?post=3405"},{"taxonomy":"product_cat","embeddable":true,"href":"https:\/\/tandoorvietnam.com\/vi\/wp-json\/wp\/v2\/product_cat?post=3405"},{"taxonomy":"product_tag","embeddable":true,"href":"https:\/\/tandoorvietnam.com\/vi\/wp-json\/wp\/v2\/product_tag?post=3405"}],"curies":[{"name":"wp","href":"https:\/\/api.w.org\/{rel}","templated":true}]}}