{"id":3406,"date":"2020-06-23T12:47:19","date_gmt":"2021-04-19T09:20:47","guid":{"rendered":"http:\/\/tandoorvietnam.com\/product\/uncategorized\/highland\/"},"modified":"2023-05-21T04:56:18","modified_gmt":"2023-05-21T04:56:18","slug":"highland","status":"publish","type":"product","link":"https:\/\/tandoorvietnam.com\/vi\/sanpham\/cac-mon-nuoc\/highland\/","title":{"rendered":"HIGHLAND"},"content":{"rendered":"<p>R\u01b0\u1ee3u Highland l\u00e0 m\u1ed9t trong nh\u1eefng s\u1ea3n ph\u1ea9m \u0111\u1eb7c bi\u1ec7t v\u00e0 qu\u00fd gi\u00e1 trong danh m\u1ee5c r\u01b0\u1ee3u t\u1ea1i Tandoor Vietnam. V\u1edbi m\u1ed9t s\u1ef1 k\u1ebft h\u1ee3p tinh t\u1ebf gi\u1eefa c\u00e1c nguy\u00ean li\u1ec7u t\u1ed1t nh\u1ea5t v\u00e0 quy tr\u00ecnh ch\u1ebf bi\u1ebfn c\u00f4ng phu, r\u01b0\u1ee3u Highland mang \u0111\u1ebfn nh\u1eefng tr\u1ea3i nghi\u1ec7m th\u01b0\u1edfng th\u1ee9c tuy\u1ec7t v\u1eddi cho ng\u01b0\u1eddi y\u00eau r\u01b0\u1ee3u.<\/p>\n<p>V\u1edbi h\u01b0\u01a1ng th\u01a1m \u0111\u1ed9c \u0111\u00e1o v\u00e0 phong ph\u00fa, r\u01b0\u1ee3u Highland mang l\u1ea1i s\u1ef1 ph\u1ea5n kh\u00edch v\u00e0 th\u1ecfa m\u00e3n cho c\u00e1c t\u00edn \u0111\u1ed3 r\u01b0\u1ee3u. H\u01b0\u01a1ng v\u1ecb c\u1ee7a n\u00f3 \u0111\u01b0\u1ee3c t\u1ea1o ra t\u1eeb vi\u1ec7c l\u00ean men tinh t\u1ebf v\u00e0 qu\u00e1 tr\u00ecnh \u1ee7 l\u00e2u n\u0103m, mang \u0111\u1ebfn v\u1ecb ng\u1ecdt t\u1ef1 nhi\u00ean v\u00e0 \u0111\u1ed9 m\u01b0\u1ee3t m\u00e0 \u0111\u1eb7c tr\u01b0ng.<\/p>\n<p>B\u1ed9 s\u01b0u t\u1eadp r\u01b0\u1ee3u Highland t\u1ea1i <a href=\"https:\/\/tandoorvietnam.com\/\">Tandoor Vietnam<\/a> r\u1ea5t \u0111a d\u1ea1ng, bao g\u1ed3m c\u00e1c lo\u1ea1i r\u01b0\u1ee3u single malt v\u00e0 blended. Qu\u00fd kh\u00e1ch c\u00f3 th\u1ec3 kh\u00e1m ph\u00e1 c\u00e1c d\u00f2ng r\u01b0\u1ee3u \u0111\u1ed9c \u0111\u00e1o v\u1edbi \u0111\u1ed9 tu\u1ed5i v\u00e0 h\u01b0\u01a1ng v\u1ecb \u0111a d\u1ea1ng, t\u1eeb nh\u1eb9 nh\u00e0ng v\u00e0 tr\u00e1i c\u00e2y cho \u0111\u1ebfn \u0111\u1eadm \u0111\u00e0 v\u00e0 h\u1ed5n h\u1ee3p c\u00e1c gia v\u1ecb. M\u1ed7i chai r\u01b0\u1ee3u Highland \u0111\u1ec1u \u0111\u1ea1i di\u1ec7n cho m\u1ed9t c\u00e1i nh\u00ecn s\u00e2u s\u1eafc v\u00e0o ngh\u1ec7 thu\u1eadt ch\u1ebf bi\u1ebfn r\u01b0\u1ee3u v\u00e0 s\u1ef1 tinh t\u1ebf trong t\u1eebng gi\u1ecdt n\u01b0\u1edbc.<\/p>\n<p>R\u01b0\u1ee3u Highland l\u00e0 m\u1ed9t l\u1ef1a ch\u1ecdn tuy\u1ec7t v\u1eddi cho nh\u1eefng d\u1ecbp \u0111\u1eb7c bi\u1ec7t v\u00e0 nh\u1eefng bu\u1ed5i g\u1eb7p g\u1ee1 th\u00e2n m\u1eadt. B\u1ea1n c\u00f3 th\u1ec3 t\u1eadn h\u01b0\u1edfng r\u01b0\u1ee3u Highland theo c\u00e1ch ri\u00eang c\u1ee7a m\u00ecnh, u\u1ed1ng th\u1eb3ng, th\u01b0\u1edfng th\u1ee9c nh\u1eb9 nh\u00e0ng ho\u1eb7c k\u1ebft h\u1ee3p v\u1edbi c\u00e1c m\u00f3n \u0103n t\u1ea1i nh\u00e0 h\u00e0ng Tandoor. \u0110\u1eafm ch\u00ecm trong v\u1ecb ng\u1ecdt t\u1ef1 nhi\u00ean v\u00e0 h\u01b0\u01a1ng th\u01a1m \u0111\u1eb7c tr\u01b0ng c\u1ee7a r\u01b0\u1ee3u Highland, b\u1ea1n s\u1ebd c\u00f3 nh\u1eefng tr\u1ea3i nghi\u1ec7m th\u01b0\u1edfng th\u1ee9c r\u01b0\u1ee3u tuy\u1ec7t v\u1eddi v\u00e0 kh\u00e1m ph\u00e1 s\u1ef1 tinh t\u1ebf trong ngh\u1ec7 thu\u1eadt r\u01b0\u1ee3u ngo\u1ea1i.<\/p>\n","protected":false},"excerpt":{"rendered":"<p>R\u01b0\u1ee3u Highland l\u00e0 m\u1ed9t trong nh\u1eefng s\u1ea3n ph\u1ea9m \u0111\u1eb7c bi\u1ec7t v\u00e0 qu\u00fd gi\u00e1 trong danh m\u1ee5c r\u01b0\u1ee3u t\u1ea1i Tandoor Vietnam. V\u1edbi m\u1ed9t s\u1ef1 k\u1ebft h\u1ee3p tinh t\u1ebf gi\u1eefa c\u00e1c nguy\u00ean li\u1ec7u t\u1ed1t nh\u1ea5t v\u00e0 quy tr\u00ecnh ch\u1ebf bi\u1ebfn c\u00f4ng phu, r\u01b0\u1ee3u Highland mang \u0111\u1ebfn nh\u1eefng tr\u1ea3i nghi\u1ec7m th\u01b0\u1edfng th\u1ee9c tuy\u1ec7t v\u1eddi cho ng\u01b0\u1eddi y\u00eau r\u01b0\u1ee3u. [&hellip;]<\/p>\n","protected":false},"featured_media":0,"template":"","meta":[],"product_brand":[],"product_cat":[231],"product_tag":[],"class_list":{"0":"post-3406","1":"product","2":"type-product","3":"status-publish","5":"product_cat-cac-mon-nuoc","7":"first","8":"instock","9":"taxable","10":"shipping-taxable","11":"product-type-simple"},"yoast_head":"<!-- This site is optimized with the Yoast SEO Premium plugin v22.3 (Yoast SEO v27.5) - https:\/\/yoast.com\/product\/yoast-seo-premium-wordpress\/ -->\n<title>HIGHLAND - Tandoor Vi\u1ec7t Nam<\/title>\n<meta name=\"description\" content=\"R\u01b0\u1ee3u Highland - S\u1ef1 h\u00f2a quy\u1ec7n tinh t\u1ebf gi\u1eefa h\u01b0\u01a1ng th\u01a1m \u0111\u1ed9c \u0111\u00e1o v\u00e0 v\u1ecb ng\u1ecdt t\u1ef1 nhi\u00ean. Kh\u00e1m ph\u00e1 b\u1ed9 s\u01b0u t\u1eadp r\u01b0\u1ee3u Highland t\u1ea1i Tandoor Vietnam.\" \/>\n<meta name=\"robots\" content=\"index, follow, max-snippet:-1, max-image-preview:large, max-video-preview:-1\" \/>\n<link rel=\"canonical\" href=\"https:\/\/tandoorvietnam.com\/vi\/sanpham\/cac-mon-nuoc\/highland\/\" \/>\n<meta property=\"og:locale\" content=\"vi_VN\" \/>\n<meta property=\"og:type\" content=\"article\" \/>\n<meta property=\"og:title\" content=\"HIGHLAND\" \/>\n<meta property=\"og:description\" content=\"R\u01b0\u1ee3u Highland - S\u1ef1 h\u00f2a quy\u1ec7n tinh t\u1ebf gi\u1eefa h\u01b0\u01a1ng th\u01a1m \u0111\u1ed9c \u0111\u00e1o v\u00e0 v\u1ecb ng\u1ecdt t\u1ef1 nhi\u00ean. Kh\u00e1m ph\u00e1 b\u1ed9 s\u01b0u t\u1eadp r\u01b0\u1ee3u Highland t\u1ea1i Tandoor Vietnam.\" \/>\n<meta property=\"og:url\" content=\"https:\/\/tandoorvietnam.com\/vi\/sanpham\/cac-mon-nuoc\/highland\/\" \/>\n<meta property=\"og:site_name\" content=\"Tandoor Vi\u1ec7t Nam\" \/>\n<meta property=\"article:publisher\" content=\"https:\/\/www.facebook.com\/tandoor.hcmc\/\" \/>\n<meta property=\"article:modified_time\" content=\"2023-05-21T04:56:18+00:00\" \/>\n<meta property=\"og:image\" content=\"https:\/\/tandoorvietnam.com\/wp-content\/uploads\/2020\/07\/opengraph.jpg\" \/>\n\t<meta property=\"og:image:width\" content=\"1200\" \/>\n\t<meta property=\"og:image:height\" content=\"630\" \/>\n\t<meta property=\"og:image:type\" content=\"image\/jpeg\" \/>\n<meta name=\"twitter:card\" content=\"summary_large_image\" \/>\n<meta name=\"twitter:label1\" content=\"Est. reading time\" \/>\n\t<meta name=\"twitter:data1\" content=\"2 minutes\" \/>\n<script type=\"application\/ld+json\" class=\"yoast-schema-graph\">{\"@context\":\"https:\\\/\\\/schema.org\",\"@graph\":[{\"@type\":\"WebPage\",\"@id\":\"https:\\\/\\\/tandoorvietnam.com\\\/vi\\\/sanpham\\\/cac-mon-nuoc\\\/highland\\\/\",\"url\":\"https:\\\/\\\/tandoorvietnam.com\\\/vi\\\/sanpham\\\/cac-mon-nuoc\\\/highland\\\/\",\"name\":\"HIGHLAND - Tandoor Vi\u1ec7t Nam\",\"isPartOf\":{\"@id\":\"https:\\\/\\\/tandoorvietnam.com\\\/vi\\\/#website\"},\"datePublished\":\"2021-04-19T09:20:47+00:00\",\"dateModified\":\"2023-05-21T04:56:18+00:00\",\"description\":\"R\u01b0\u1ee3u Highland - S\u1ef1 h\u00f2a quy\u1ec7n tinh t\u1ebf gi\u1eefa h\u01b0\u01a1ng th\u01a1m \u0111\u1ed9c \u0111\u00e1o v\u00e0 v\u1ecb ng\u1ecdt t\u1ef1 nhi\u00ean. Kh\u00e1m ph\u00e1 b\u1ed9 s\u01b0u t\u1eadp r\u01b0\u1ee3u Highland t\u1ea1i Tandoor Vietnam.\",\"breadcrumb\":{\"@id\":\"https:\\\/\\\/tandoorvietnam.com\\\/vi\\\/sanpham\\\/cac-mon-nuoc\\\/highland\\\/#breadcrumb\"},\"inLanguage\":\"vi-VN\",\"potentialAction\":[{\"@type\":\"ReadAction\",\"target\":[\"https:\\\/\\\/tandoorvietnam.com\\\/vi\\\/sanpham\\\/cac-mon-nuoc\\\/highland\\\/\"]}]},{\"@type\":\"BreadcrumbList\",\"@id\":\"https:\\\/\\\/tandoorvietnam.com\\\/vi\\\/sanpham\\\/cac-mon-nuoc\\\/highland\\\/#breadcrumb\",\"itemListElement\":[{\"@type\":\"ListItem\",\"position\":1,\"name\":\"Trang Ch\u1ee7\",\"item\":\"https:\\\/\\\/tandoorvietnam.com\\\/vi\\\/\"},{\"@type\":\"ListItem\",\"position\":2,\"name\":\"Shop\",\"item\":\"https:\\\/\\\/tandoorvietnam.com\\\/shop\\\/\"},{\"@type\":\"ListItem\",\"position\":3,\"name\":\"HIGHLAND\"}]},{\"@type\":\"WebSite\",\"@id\":\"https:\\\/\\\/tandoorvietnam.com\\\/vi\\\/#website\",\"url\":\"https:\\\/\\\/tandoorvietnam.com\\\/vi\\\/\",\"name\":\"Tandoor Vietnam\",\"description\":\"Nh\u00e0 h\u00e0ng ngon h\u1ed3 ch\u00ed minh\",\"publisher\":{\"@id\":\"https:\\\/\\\/tandoorvietnam.com\\\/vi\\\/#organization\"},\"potentialAction\":[{\"@type\":\"SearchAction\",\"target\":{\"@type\":\"EntryPoint\",\"urlTemplate\":\"https:\\\/\\\/tandoorvietnam.com\\\/vi\\\/?s={search_term_string}\"},\"query-input\":{\"@type\":\"PropertyValueSpecification\",\"valueRequired\":true,\"valueName\":\"search_term_string\"}}],\"inLanguage\":\"vi-VN\"},{\"@type\":\"Organization\",\"@id\":\"https:\\\/\\\/tandoorvietnam.com\\\/vi\\\/#organization\",\"name\":\"Tandoor Vietnam\",\"url\":\"https:\\\/\\\/tandoorvietnam.com\\\/vi\\\/\",\"logo\":{\"@type\":\"ImageObject\",\"inLanguage\":\"vi-VN\",\"@id\":\"https:\\\/\\\/tandoorvietnam.com\\\/vi\\\/#\\\/schema\\\/logo\\\/image\\\/\",\"url\":\"https:\\\/\\\/tandoorvietnam.com\\\/wp-content\\\/uploads\\\/2020\\\/07\\\/logo.png\",\"contentUrl\":\"https:\\\/\\\/tandoorvietnam.com\\\/wp-content\\\/uploads\\\/2020\\\/07\\\/logo.png\",\"width\":133,\"height\":75,\"caption\":\"Tandoor Vietnam\"},\"image\":{\"@id\":\"https:\\\/\\\/tandoorvietnam.com\\\/vi\\\/#\\\/schema\\\/logo\\\/image\\\/\"},\"sameAs\":[\"https:\\\/\\\/www.facebook.com\\\/tandoor.hcmc\\\/\"]}]}<\/script>\n<!-- \/ Yoast SEO Premium plugin. -->","yoast_head_json":{"title":"HIGHLAND - Tandoor Vi\u1ec7t Nam","description":"R\u01b0\u1ee3u Highland - S\u1ef1 h\u00f2a quy\u1ec7n tinh t\u1ebf gi\u1eefa h\u01b0\u01a1ng th\u01a1m \u0111\u1ed9c \u0111\u00e1o v\u00e0 v\u1ecb ng\u1ecdt t\u1ef1 nhi\u00ean. Kh\u00e1m ph\u00e1 b\u1ed9 s\u01b0u t\u1eadp r\u01b0\u1ee3u Highland t\u1ea1i Tandoor Vietnam.","robots":{"index":"index","follow":"follow","max-snippet":"max-snippet:-1","max-image-preview":"max-image-preview:large","max-video-preview":"max-video-preview:-1"},"canonical":"https:\/\/tandoorvietnam.com\/vi\/sanpham\/cac-mon-nuoc\/highland\/","og_locale":"vi_VN","og_type":"article","og_title":"HIGHLAND","og_description":"R\u01b0\u1ee3u Highland - S\u1ef1 h\u00f2a quy\u1ec7n tinh t\u1ebf gi\u1eefa h\u01b0\u01a1ng th\u01a1m \u0111\u1ed9c \u0111\u00e1o v\u00e0 v\u1ecb ng\u1ecdt t\u1ef1 nhi\u00ean. Kh\u00e1m ph\u00e1 b\u1ed9 s\u01b0u t\u1eadp r\u01b0\u1ee3u Highland t\u1ea1i Tandoor Vietnam.","og_url":"https:\/\/tandoorvietnam.com\/vi\/sanpham\/cac-mon-nuoc\/highland\/","og_site_name":"Tandoor Vi\u1ec7t Nam","article_publisher":"https:\/\/www.facebook.com\/tandoor.hcmc\/","article_modified_time":"2023-05-21T04:56:18+00:00","og_image":[{"width":1200,"height":630,"url":"https:\/\/tandoorvietnam.com\/wp-content\/uploads\/2020\/07\/opengraph.jpg","type":"image\/jpeg"}],"twitter_card":"summary_large_image","twitter_misc":{"Est. reading time":"2 minutes"},"schema":{"@context":"https:\/\/schema.org","@graph":[{"@type":"WebPage","@id":"https:\/\/tandoorvietnam.com\/vi\/sanpham\/cac-mon-nuoc\/highland\/","url":"https:\/\/tandoorvietnam.com\/vi\/sanpham\/cac-mon-nuoc\/highland\/","name":"HIGHLAND - Tandoor Vi\u1ec7t Nam","isPartOf":{"@id":"https:\/\/tandoorvietnam.com\/vi\/#website"},"datePublished":"2021-04-19T09:20:47+00:00","dateModified":"2023-05-21T04:56:18+00:00","description":"R\u01b0\u1ee3u Highland - S\u1ef1 h\u00f2a quy\u1ec7n tinh t\u1ebf gi\u1eefa h\u01b0\u01a1ng th\u01a1m \u0111\u1ed9c \u0111\u00e1o v\u00e0 v\u1ecb ng\u1ecdt t\u1ef1 nhi\u00ean. Kh\u00e1m ph\u00e1 b\u1ed9 s\u01b0u t\u1eadp r\u01b0\u1ee3u Highland t\u1ea1i Tandoor Vietnam.","breadcrumb":{"@id":"https:\/\/tandoorvietnam.com\/vi\/sanpham\/cac-mon-nuoc\/highland\/#breadcrumb"},"inLanguage":"vi-VN","potentialAction":[{"@type":"ReadAction","target":["https:\/\/tandoorvietnam.com\/vi\/sanpham\/cac-mon-nuoc\/highland\/"]}]},{"@type":"BreadcrumbList","@id":"https:\/\/tandoorvietnam.com\/vi\/sanpham\/cac-mon-nuoc\/highland\/#breadcrumb","itemListElement":[{"@type":"ListItem","position":1,"name":"Trang Ch\u1ee7","item":"https:\/\/tandoorvietnam.com\/vi\/"},{"@type":"ListItem","position":2,"name":"Shop","item":"https:\/\/tandoorvietnam.com\/shop\/"},{"@type":"ListItem","position":3,"name":"HIGHLAND"}]},{"@type":"WebSite","@id":"https:\/\/tandoorvietnam.com\/vi\/#website","url":"https:\/\/tandoorvietnam.com\/vi\/","name":"Tandoor Vietnam","description":"Nh\u00e0 h\u00e0ng ngon h\u1ed3 ch\u00ed minh","publisher":{"@id":"https:\/\/tandoorvietnam.com\/vi\/#organization"},"potentialAction":[{"@type":"SearchAction","target":{"@type":"EntryPoint","urlTemplate":"https:\/\/tandoorvietnam.com\/vi\/?s={search_term_string}"},"query-input":{"@type":"PropertyValueSpecification","valueRequired":true,"valueName":"search_term_string"}}],"inLanguage":"vi-VN"},{"@type":"Organization","@id":"https:\/\/tandoorvietnam.com\/vi\/#organization","name":"Tandoor Vietnam","url":"https:\/\/tandoorvietnam.com\/vi\/","logo":{"@type":"ImageObject","inLanguage":"vi-VN","@id":"https:\/\/tandoorvietnam.com\/vi\/#\/schema\/logo\/image\/","url":"https:\/\/tandoorvietnam.com\/wp-content\/uploads\/2020\/07\/logo.png","contentUrl":"https:\/\/tandoorvietnam.com\/wp-content\/uploads\/2020\/07\/logo.png","width":133,"height":75,"caption":"Tandoor Vietnam"},"image":{"@id":"https:\/\/tandoorvietnam.com\/vi\/#\/schema\/logo\/image\/"},"sameAs":["https:\/\/www.facebook.com\/tandoor.hcmc\/"]}]}},"_links":{"self":[{"href":"https:\/\/tandoorvietnam.com\/vi\/wp-json\/wp\/v2\/product\/3406","targetHints":{"allow":["GET"]}}],"collection":[{"href":"https:\/\/tandoorvietnam.com\/vi\/wp-json\/wp\/v2\/product"}],"about":[{"href":"https:\/\/tandoorvietnam.com\/vi\/wp-json\/wp\/v2\/types\/product"}],"wp:attachment":[{"href":"https:\/\/tandoorvietnam.com\/vi\/wp-json\/wp\/v2\/media?parent=3406"}],"wp:term":[{"taxonomy":"product_brand","embeddable":true,"href":"https:\/\/tandoorvietnam.com\/vi\/wp-json\/wp\/v2\/product_brand?post=3406"},{"taxonomy":"product_cat","embeddable":true,"href":"https:\/\/tandoorvietnam.com\/vi\/wp-json\/wp\/v2\/product_cat?post=3406"},{"taxonomy":"product_tag","embeddable":true,"href":"https:\/\/tandoorvietnam.com\/vi\/wp-json\/wp\/v2\/product_tag?post=3406"}],"curies":[{"name":"wp","href":"https:\/\/api.w.org\/{rel}","templated":true}]}}