{"id":3409,"date":"2020-06-23T12:42:29","date_gmt":"2021-04-19T09:22:08","guid":{"rendered":"http:\/\/tandoorvietnam.com\/product\/uncategorized\/islay\/"},"modified":"2023-05-21T04:34:40","modified_gmt":"2023-05-21T04:34:40","slug":"islay","status":"publish","type":"product","link":"https:\/\/tandoorvietnam.com\/vi\/sanpham\/cac-mon-nuoc\/islay\/","title":{"rendered":"ISLAY"},"content":{"rendered":"<div class=\"group w-full text-gray-800 dark:text-gray-100 border-b border-black\/10 dark:border-gray-900\/50 bg-gray-50 dark:bg-[#444654]\">\n<div class=\"flex p-4 gap-4 text-base md:gap-6 md:max-w-2xl lg:max-w-xl xl:max-w-3xl md:py-6 lg:px-0 m-auto\">\n<div class=\"relative flex w-[calc(100%-50px)] flex-col gap-1 md:gap-3 lg:w-[calc(100%-115px)]\">\n<div class=\"flex flex-grow flex-col gap-3\">\n<div class=\"min-h-[20px] flex flex-col items-start gap-4 whitespace-pre-wrap break-words\">\n<div class=\"markdown prose w-full break-words dark:prose-invert light\">\n<p>R\u01b0\u1ee3u Islay l\u00e0 m\u1ed9t lo\u1ea1i r\u01b0\u1ee3u \u0111\u1eb7c bi\u1ec7t \u0111\u1ebfn t\u1eeb \u0111\u1ea3o Islay, m\u1ed9t trong nh\u1eefng \u0111\u1ea3o c\u1ee7a Scotland n\u1ed5i ti\u1ebfng v\u1edbi s\u1ea3n xu\u1ea5t r\u01b0\u1ee3u single malt. T\u1ea1i Tandoor Vietnam, ch\u00fang t\u00f4i t\u1ef1 h\u00e0o gi\u1edbi thi\u1ec7u danh s\u00e1ch r\u01b0\u1ee3u Islay \u0111a d\u1ea1ng, mang \u0111\u1ebfn cho b\u1ea1n tr\u1ea3i nghi\u1ec7m h\u01b0\u01a1ng v\u1ecb \u0111\u1eadm \u0111\u00e0 v\u00e0 \u0111\u1ed9c \u0111\u00e1o.<\/p>\n<p>C\u00e1c lo\u1ea1i r\u01b0\u1ee3u Islay c\u00f3 m\u1ed9t \u0111\u1eb7c \u0111i\u1ec3m chung l\u00e0 c\u00f3 h\u01b0\u01a1ng v\u1ecb kh\u00f3i m\u1ea1nh m\u1ebd v\u00e0 m\u1ed9t m\u00f9i h\u01b0\u01a1ng \u0111\u1eb7c tr\u01b0ng \u0111\u1ebfn t\u1eeb qu\u00e1 tr\u00ecnh \u1ee7 trong c\u00e1c th\u00f9ng g\u1ed7 s\u1ed3i gi\u00e0. M\u1ed7i gi\u1ecdt r\u01b0\u1ee3u Islay mang \u0111\u1ebfn cho b\u1ea1n nh\u1eefng tr\u1ea3i nghi\u1ec7m h\u01b0\u01a1ng v\u1ecb s\u00e2u s\u1eafc v\u00e0 \u0111a chi\u1ec1u.<\/p>\n<p>Danh s\u00e1ch r\u01b0\u1ee3u t\u1ea1i Tandoor Vietnam bao g\u1ed3m c\u00e1c nh\u00e3n hi\u1ec7u n\u1ed5i ti\u1ebfng nh\u01b0 Lagavulin, Ardbeg, Laphroaig v\u00e0 nhi\u1ec1u lo\u1ea1i r\u01b0\u1ee3u kh\u00e1c. B\u1ea1n c\u00f3 th\u1ec3 ch\u1ecdn l\u1ef1a r\u01b0\u1ee3u ph\u00f9 h\u1ee3p v\u1edbi kh\u1ea9u v\u1ecb v\u00e0 s\u1edf th\u00edch c\u00e1 nh\u00e2n.<\/p>\n<p>Kh\u00e1m ph\u00e1 h\u01b0\u01a1ng v\u1ecb \u0111\u1eadm \u0111\u00e0 c\u1ee7a lo\u1ea1i r\u01b0\u1ee3u n\u00e0y, t\u1eeb l\u1edbp kh\u00f3i n\u1ed3ng n\u00e0n \u0111\u1ebfn c\u00e1c ghi ch\u00fa h\u01b0\u01a1ng th\u1ea3o m\u1ed9c, tr\u00e1i c\u00e2y ch\u00edn m\u1ecdng v\u00e0 m\u1ed9t ch\u00fat v\u1ecb m\u1eb7n. M\u1ed7i chai r\u01b0\u1ee3u Islay l\u00e0 m\u1ed9t t\u00e1c ph\u1ea9m ngh\u1ec7 thu\u1eadt, \u0111\u01b0\u1ee3c t\u1ea1o ra b\u1edfi nh\u1eefng chuy\u00ean gia \u1ee7 r\u01b0\u1ee3u c\u00f3 kinh nghi\u1ec7m.<\/p>\n<p>R\u01b0\u1ee3u Islay l\u00e0 l\u1ef1a ch\u1ecdn tuy\u1ec7t v\u1eddi \u0111\u1ec3 th\u01b0\u1edfng th\u1ee9c trong nh\u1eefng d\u1ecbp \u0111\u1eb7c bi\u1ec7t ho\u1eb7c \u0111\u1ec3 l\u00e0m qu\u00e0 t\u1eb7ng \u0111\u1ed9c \u0111\u00e1o cho nh\u1eefng ng\u01b0\u1eddi y\u00eau th\u00edch r\u01b0\u1ee3u. <a href=\"https:\/\/tandoorvietnam.com\/\">Tandoor Vietnam<\/a> mang \u0111\u1ebfn cho b\u1ea1n c\u01a1 h\u1ed9i tr\u1ea3i nghi\u1ec7m h\u01b0\u01a1ng v\u1ecb \u0111\u1eb7c tr\u01b0ng c\u1ee7a lo\u1ea1i r\u01b0\u1ee3u n\u00e0y, t\u1ea1o th\u00eam m\u1ed9t \u0111i\u1ec3m nh\u1ea5n \u0111\u1ed9c \u0111\u00e1o cho bu\u1ed5i g\u1eb7p g\u1ee1 b\u1ea1n b\u00e8 v\u00e0 gia \u0111\u00ecnh.<\/p>\n<\/div>\n<\/div>\n<\/div>\n<\/div>\n<\/div>\n<\/div>\n","protected":false},"excerpt":{"rendered":"<p>R\u01b0\u1ee3u Islay l\u00e0 m\u1ed9t lo\u1ea1i r\u01b0\u1ee3u \u0111\u1eb7c bi\u1ec7t \u0111\u1ebfn t\u1eeb \u0111\u1ea3o Islay, m\u1ed9t trong nh\u1eefng \u0111\u1ea3o c\u1ee7a Scotland n\u1ed5i ti\u1ebfng v\u1edbi s\u1ea3n xu\u1ea5t r\u01b0\u1ee3u single malt. T\u1ea1i Tandoor Vietnam, ch\u00fang t\u00f4i t\u1ef1 h\u00e0o gi\u1edbi thi\u1ec7u danh s\u00e1ch r\u01b0\u1ee3u Islay \u0111a d\u1ea1ng, mang \u0111\u1ebfn cho b\u1ea1n tr\u1ea3i nghi\u1ec7m h\u01b0\u01a1ng v\u1ecb \u0111\u1eadm \u0111\u00e0 v\u00e0 \u0111\u1ed9c \u0111\u00e1o. C\u00e1c [&hellip;]<\/p>\n","protected":false},"featured_media":0,"template":"","meta":[],"product_brand":[],"product_cat":[231],"product_tag":[],"class_list":{"0":"post-3409","1":"product","2":"type-product","3":"status-publish","5":"product_cat-cac-mon-nuoc","7":"first","8":"instock","9":"taxable","10":"shipping-taxable","11":"product-type-simple"},"yoast_head":"<!-- This site is optimized with the Yoast SEO Premium plugin v22.3 (Yoast SEO v27.5) - https:\/\/yoast.com\/product\/yoast-seo-premium-wordpress\/ -->\n<title>ISLAY - Tandoor Vi\u1ec7t Nam<\/title>\n<meta name=\"description\" content=\"R\u01b0\u1ee3u Islay - H\u01b0\u01a1ng v\u1ecb \u0111\u1eadm \u0111\u00e0 c\u1ee7a \u0111\u1ea3o Islay trong m\u1ed7i gi\u1ecdt r\u01b0\u1ee3u. Kh\u00e1m ph\u00e1 danh s\u00e1ch r\u01b0\u1ee3u \u0111\u1ed9c \u0111\u00e1o, \u0111a d\u1ea1ng t\u1ea1i Tandoor Vietnam.\" \/>\n<meta name=\"robots\" content=\"index, follow, max-snippet:-1, max-image-preview:large, max-video-preview:-1\" \/>\n<link rel=\"canonical\" href=\"https:\/\/tandoorvietnam.com\/vi\/sanpham\/cac-mon-nuoc\/islay\/\" \/>\n<meta property=\"og:locale\" content=\"vi_VN\" \/>\n<meta property=\"og:type\" content=\"article\" \/>\n<meta property=\"og:title\" content=\"ISLAY\" \/>\n<meta property=\"og:description\" content=\"R\u01b0\u1ee3u Islay - H\u01b0\u01a1ng v\u1ecb \u0111\u1eadm \u0111\u00e0 c\u1ee7a \u0111\u1ea3o Islay trong m\u1ed7i gi\u1ecdt r\u01b0\u1ee3u. Kh\u00e1m ph\u00e1 danh s\u00e1ch r\u01b0\u1ee3u \u0111\u1ed9c \u0111\u00e1o, \u0111a d\u1ea1ng t\u1ea1i Tandoor Vietnam.\" \/>\n<meta property=\"og:url\" content=\"https:\/\/tandoorvietnam.com\/vi\/sanpham\/cac-mon-nuoc\/islay\/\" \/>\n<meta property=\"og:site_name\" content=\"Tandoor Vi\u1ec7t Nam\" \/>\n<meta property=\"article:publisher\" content=\"https:\/\/www.facebook.com\/tandoor.hcmc\/\" \/>\n<meta property=\"article:modified_time\" content=\"2023-05-21T04:34:40+00:00\" \/>\n<meta property=\"og:image\" content=\"https:\/\/tandoorvietnam.com\/wp-content\/uploads\/2020\/07\/opengraph.jpg\" \/>\n\t<meta property=\"og:image:width\" content=\"1200\" \/>\n\t<meta property=\"og:image:height\" content=\"630\" \/>\n\t<meta property=\"og:image:type\" content=\"image\/jpeg\" \/>\n<meta name=\"twitter:card\" content=\"summary_large_image\" \/>\n<meta name=\"twitter:label1\" content=\"Est. reading time\" \/>\n\t<meta name=\"twitter:data1\" content=\"2 minutes\" \/>\n<script type=\"application\/ld+json\" class=\"yoast-schema-graph\">{\"@context\":\"https:\\\/\\\/schema.org\",\"@graph\":[{\"@type\":\"WebPage\",\"@id\":\"https:\\\/\\\/tandoorvietnam.com\\\/vi\\\/sanpham\\\/cac-mon-nuoc\\\/islay\\\/\",\"url\":\"https:\\\/\\\/tandoorvietnam.com\\\/vi\\\/sanpham\\\/cac-mon-nuoc\\\/islay\\\/\",\"name\":\"ISLAY - Tandoor Vi\u1ec7t Nam\",\"isPartOf\":{\"@id\":\"https:\\\/\\\/tandoorvietnam.com\\\/vi\\\/#website\"},\"datePublished\":\"2021-04-19T09:22:08+00:00\",\"dateModified\":\"2023-05-21T04:34:40+00:00\",\"description\":\"R\u01b0\u1ee3u Islay - H\u01b0\u01a1ng v\u1ecb \u0111\u1eadm \u0111\u00e0 c\u1ee7a \u0111\u1ea3o Islay trong m\u1ed7i gi\u1ecdt r\u01b0\u1ee3u. Kh\u00e1m ph\u00e1 danh s\u00e1ch r\u01b0\u1ee3u \u0111\u1ed9c \u0111\u00e1o, \u0111a d\u1ea1ng t\u1ea1i Tandoor Vietnam.\",\"breadcrumb\":{\"@id\":\"https:\\\/\\\/tandoorvietnam.com\\\/vi\\\/sanpham\\\/cac-mon-nuoc\\\/islay\\\/#breadcrumb\"},\"inLanguage\":\"vi-VN\",\"potentialAction\":[{\"@type\":\"ReadAction\",\"target\":[\"https:\\\/\\\/tandoorvietnam.com\\\/vi\\\/sanpham\\\/cac-mon-nuoc\\\/islay\\\/\"]}]},{\"@type\":\"BreadcrumbList\",\"@id\":\"https:\\\/\\\/tandoorvietnam.com\\\/vi\\\/sanpham\\\/cac-mon-nuoc\\\/islay\\\/#breadcrumb\",\"itemListElement\":[{\"@type\":\"ListItem\",\"position\":1,\"name\":\"Trang Ch\u1ee7\",\"item\":\"https:\\\/\\\/tandoorvietnam.com\\\/vi\\\/\"},{\"@type\":\"ListItem\",\"position\":2,\"name\":\"Shop\",\"item\":\"https:\\\/\\\/tandoorvietnam.com\\\/shop\\\/\"},{\"@type\":\"ListItem\",\"position\":3,\"name\":\"ISLAY\"}]},{\"@type\":\"WebSite\",\"@id\":\"https:\\\/\\\/tandoorvietnam.com\\\/vi\\\/#website\",\"url\":\"https:\\\/\\\/tandoorvietnam.com\\\/vi\\\/\",\"name\":\"Tandoor Vietnam\",\"description\":\"Nh\u00e0 h\u00e0ng ngon h\u1ed3 ch\u00ed minh\",\"publisher\":{\"@id\":\"https:\\\/\\\/tandoorvietnam.com\\\/vi\\\/#organization\"},\"potentialAction\":[{\"@type\":\"SearchAction\",\"target\":{\"@type\":\"EntryPoint\",\"urlTemplate\":\"https:\\\/\\\/tandoorvietnam.com\\\/vi\\\/?s={search_term_string}\"},\"query-input\":{\"@type\":\"PropertyValueSpecification\",\"valueRequired\":true,\"valueName\":\"search_term_string\"}}],\"inLanguage\":\"vi-VN\"},{\"@type\":\"Organization\",\"@id\":\"https:\\\/\\\/tandoorvietnam.com\\\/vi\\\/#organization\",\"name\":\"Tandoor Vietnam\",\"url\":\"https:\\\/\\\/tandoorvietnam.com\\\/vi\\\/\",\"logo\":{\"@type\":\"ImageObject\",\"inLanguage\":\"vi-VN\",\"@id\":\"https:\\\/\\\/tandoorvietnam.com\\\/vi\\\/#\\\/schema\\\/logo\\\/image\\\/\",\"url\":\"https:\\\/\\\/tandoorvietnam.com\\\/wp-content\\\/uploads\\\/2020\\\/07\\\/logo.png\",\"contentUrl\":\"https:\\\/\\\/tandoorvietnam.com\\\/wp-content\\\/uploads\\\/2020\\\/07\\\/logo.png\",\"width\":133,\"height\":75,\"caption\":\"Tandoor Vietnam\"},\"image\":{\"@id\":\"https:\\\/\\\/tandoorvietnam.com\\\/vi\\\/#\\\/schema\\\/logo\\\/image\\\/\"},\"sameAs\":[\"https:\\\/\\\/www.facebook.com\\\/tandoor.hcmc\\\/\"]}]}<\/script>\n<!-- \/ Yoast SEO Premium plugin. -->","yoast_head_json":{"title":"ISLAY - Tandoor Vi\u1ec7t Nam","description":"R\u01b0\u1ee3u Islay - H\u01b0\u01a1ng v\u1ecb \u0111\u1eadm \u0111\u00e0 c\u1ee7a \u0111\u1ea3o Islay trong m\u1ed7i gi\u1ecdt r\u01b0\u1ee3u. Kh\u00e1m ph\u00e1 danh s\u00e1ch r\u01b0\u1ee3u \u0111\u1ed9c \u0111\u00e1o, \u0111a d\u1ea1ng t\u1ea1i Tandoor Vietnam.","robots":{"index":"index","follow":"follow","max-snippet":"max-snippet:-1","max-image-preview":"max-image-preview:large","max-video-preview":"max-video-preview:-1"},"canonical":"https:\/\/tandoorvietnam.com\/vi\/sanpham\/cac-mon-nuoc\/islay\/","og_locale":"vi_VN","og_type":"article","og_title":"ISLAY","og_description":"R\u01b0\u1ee3u Islay - H\u01b0\u01a1ng v\u1ecb \u0111\u1eadm \u0111\u00e0 c\u1ee7a \u0111\u1ea3o Islay trong m\u1ed7i gi\u1ecdt r\u01b0\u1ee3u. Kh\u00e1m ph\u00e1 danh s\u00e1ch r\u01b0\u1ee3u \u0111\u1ed9c \u0111\u00e1o, \u0111a d\u1ea1ng t\u1ea1i Tandoor Vietnam.","og_url":"https:\/\/tandoorvietnam.com\/vi\/sanpham\/cac-mon-nuoc\/islay\/","og_site_name":"Tandoor Vi\u1ec7t Nam","article_publisher":"https:\/\/www.facebook.com\/tandoor.hcmc\/","article_modified_time":"2023-05-21T04:34:40+00:00","og_image":[{"width":1200,"height":630,"url":"https:\/\/tandoorvietnam.com\/wp-content\/uploads\/2020\/07\/opengraph.jpg","type":"image\/jpeg"}],"twitter_card":"summary_large_image","twitter_misc":{"Est. reading time":"2 minutes"},"schema":{"@context":"https:\/\/schema.org","@graph":[{"@type":"WebPage","@id":"https:\/\/tandoorvietnam.com\/vi\/sanpham\/cac-mon-nuoc\/islay\/","url":"https:\/\/tandoorvietnam.com\/vi\/sanpham\/cac-mon-nuoc\/islay\/","name":"ISLAY - Tandoor Vi\u1ec7t Nam","isPartOf":{"@id":"https:\/\/tandoorvietnam.com\/vi\/#website"},"datePublished":"2021-04-19T09:22:08+00:00","dateModified":"2023-05-21T04:34:40+00:00","description":"R\u01b0\u1ee3u Islay - H\u01b0\u01a1ng v\u1ecb \u0111\u1eadm \u0111\u00e0 c\u1ee7a \u0111\u1ea3o Islay trong m\u1ed7i gi\u1ecdt r\u01b0\u1ee3u. Kh\u00e1m ph\u00e1 danh s\u00e1ch r\u01b0\u1ee3u \u0111\u1ed9c \u0111\u00e1o, \u0111a d\u1ea1ng t\u1ea1i Tandoor Vietnam.","breadcrumb":{"@id":"https:\/\/tandoorvietnam.com\/vi\/sanpham\/cac-mon-nuoc\/islay\/#breadcrumb"},"inLanguage":"vi-VN","potentialAction":[{"@type":"ReadAction","target":["https:\/\/tandoorvietnam.com\/vi\/sanpham\/cac-mon-nuoc\/islay\/"]}]},{"@type":"BreadcrumbList","@id":"https:\/\/tandoorvietnam.com\/vi\/sanpham\/cac-mon-nuoc\/islay\/#breadcrumb","itemListElement":[{"@type":"ListItem","position":1,"name":"Trang Ch\u1ee7","item":"https:\/\/tandoorvietnam.com\/vi\/"},{"@type":"ListItem","position":2,"name":"Shop","item":"https:\/\/tandoorvietnam.com\/shop\/"},{"@type":"ListItem","position":3,"name":"ISLAY"}]},{"@type":"WebSite","@id":"https:\/\/tandoorvietnam.com\/vi\/#website","url":"https:\/\/tandoorvietnam.com\/vi\/","name":"Tandoor Vietnam","description":"Nh\u00e0 h\u00e0ng ngon h\u1ed3 ch\u00ed minh","publisher":{"@id":"https:\/\/tandoorvietnam.com\/vi\/#organization"},"potentialAction":[{"@type":"SearchAction","target":{"@type":"EntryPoint","urlTemplate":"https:\/\/tandoorvietnam.com\/vi\/?s={search_term_string}"},"query-input":{"@type":"PropertyValueSpecification","valueRequired":true,"valueName":"search_term_string"}}],"inLanguage":"vi-VN"},{"@type":"Organization","@id":"https:\/\/tandoorvietnam.com\/vi\/#organization","name":"Tandoor Vietnam","url":"https:\/\/tandoorvietnam.com\/vi\/","logo":{"@type":"ImageObject","inLanguage":"vi-VN","@id":"https:\/\/tandoorvietnam.com\/vi\/#\/schema\/logo\/image\/","url":"https:\/\/tandoorvietnam.com\/wp-content\/uploads\/2020\/07\/logo.png","contentUrl":"https:\/\/tandoorvietnam.com\/wp-content\/uploads\/2020\/07\/logo.png","width":133,"height":75,"caption":"Tandoor Vietnam"},"image":{"@id":"https:\/\/tandoorvietnam.com\/vi\/#\/schema\/logo\/image\/"},"sameAs":["https:\/\/www.facebook.com\/tandoor.hcmc\/"]}]}},"_links":{"self":[{"href":"https:\/\/tandoorvietnam.com\/vi\/wp-json\/wp\/v2\/product\/3409","targetHints":{"allow":["GET"]}}],"collection":[{"href":"https:\/\/tandoorvietnam.com\/vi\/wp-json\/wp\/v2\/product"}],"about":[{"href":"https:\/\/tandoorvietnam.com\/vi\/wp-json\/wp\/v2\/types\/product"}],"wp:attachment":[{"href":"https:\/\/tandoorvietnam.com\/vi\/wp-json\/wp\/v2\/media?parent=3409"}],"wp:term":[{"taxonomy":"product_brand","embeddable":true,"href":"https:\/\/tandoorvietnam.com\/vi\/wp-json\/wp\/v2\/product_brand?post=3409"},{"taxonomy":"product_cat","embeddable":true,"href":"https:\/\/tandoorvietnam.com\/vi\/wp-json\/wp\/v2\/product_cat?post=3409"},{"taxonomy":"product_tag","embeddable":true,"href":"https:\/\/tandoorvietnam.com\/vi\/wp-json\/wp\/v2\/product_tag?post=3409"}],"curies":[{"name":"wp","href":"https:\/\/api.w.org\/{rel}","templated":true}]}}